{"id":9787,"date":"2021-05-10T15:48:05","date_gmt":"2021-05-10T14:48:05","guid":{"rendered":"https:\/\/csp.ch\/vaud\/?page_id=9787"},"modified":"2026-01-14T12:07:24","modified_gmt":"2026-01-14T11:07:24","slug":"60ans","status":"publish","type":"page","link":"https:\/\/csp.ch\/vaud\/60ans\/","title":{"rendered":"60e <strong>anniversaire <\/strong>du CSP Vaud !"},"content":{"rendered":"<div class=\"wpb-content-wrapper\"><p>[vc_row][vc_column][vc_column_text]<\/p>\n<hr \/>\n<p>Pour voir le compte-rendu de la journ\u00e9e du 60e et les photos : suivre <a href=\"https:\/\/csp.ch\/vaud\/journee-anniversaire-tournee-vers-lavenir\/\">ce lien<\/a>\u00a0!<\/p>\n<hr \/>\n<blockquote><p>Du 30 septembre au 21 novembre 2021, le CSP Vaud a c\u00e9l\u00e9br\u00e9 son 60<sup>e<\/sup> anniversaire : il y en a eu pour tous les go\u00fbts !<\/p><\/blockquote>\n<h4><strong>Du 30 septembre au 2 octobre: <a href=\"https:\/\/csp.ch\/vaud\/donnez-vos-habits-une-piece-pour-une-grande-vente-speciale\/\">Vente sp\u00e9ciale des Galetas<\/a><\/strong><\/h4>\n<p>Nos Galetas vous ouvrent leurs portes avec des horaires prolong\u00e9s et une th\u00e9matique sp\u00e9ciale: le une-pi\u00e8ce \u00e0 la f\u00eate (combis, salopettes, overalls) et autres v\u00eatements vintage ! Pour celles et ceux qui ont la fibre \u00e9cologique, venez chiner de la seconde main. Vous pourrez aussi d\u00e9guster en primeur notre bi\u00e8re et notre jus de pomme sp\u00e9cial 60e. <em>Je et Ve jusqu\u2019\u00e0 20h. Sa jusqu\u2019\u00e0 15h.<\/em><\/p>\n<h4><strong>\u00a0<img loading=\"lazy\" decoding=\"async\" class=\"alignnone wp-image-10418\" src=\"https:\/\/csp.ch\/wp-content\/uploads\/sites\/4\/2021\/06\/CSP-etiquette-AMBREE_CSPVaud-222x300.jpg\" alt=\"Bi\u00e8re 60e anniversaire du CSP Vaud\" width=\"161\" height=\"218\" srcset=\"https:\/\/csp.ch\/wp-content\/uploads\/sites\/4\/2021\/06\/CSP-etiquette-AMBREE_CSPVaud-222x300.jpg 222w, https:\/\/csp.ch\/wp-content\/uploads\/sites\/4\/2021\/06\/CSP-etiquette-AMBREE_CSPVaud-164x221.jpg 164w, https:\/\/csp.ch\/wp-content\/uploads\/sites\/4\/2021\/06\/CSP-etiquette-AMBREE_CSPVaud-300x405.jpg 300w, https:\/\/csp.ch\/wp-content\/uploads\/sites\/4\/2021\/06\/CSP-etiquette-AMBREE_CSPVaud.jpg 590w\" sizes=\"auto, (max-width: 161px) 100vw, 161px\" \/>\u00a0 <img loading=\"lazy\" decoding=\"async\" class=\"alignnone wp-image-10419\" src=\"https:\/\/csp.ch\/wp-content\/uploads\/sites\/4\/2021\/06\/Etiquette-JDPOMME_CSPVaud-222x300.jpg\" alt=\"Jus de pommes 60e anniversaire du CSP Vaud\" width=\"162\" height=\"219\" srcset=\"https:\/\/csp.ch\/wp-content\/uploads\/sites\/4\/2021\/06\/Etiquette-JDPOMME_CSPVaud-222x300.jpg 222w, https:\/\/csp.ch\/wp-content\/uploads\/sites\/4\/2021\/06\/Etiquette-JDPOMME_CSPVaud-164x221.jpg 164w, https:\/\/csp.ch\/wp-content\/uploads\/sites\/4\/2021\/06\/Etiquette-JDPOMME_CSPVaud-300x405.jpg 300w, https:\/\/csp.ch\/wp-content\/uploads\/sites\/4\/2021\/06\/Etiquette-JDPOMME_CSPVaud.jpg 590w\" sizes=\"auto, (max-width: 162px) 100vw, 162px\" \/><\/strong><\/h4>\n<hr \/>\n<h4><strong>Vendredi 1<sup>er<\/sup> octobre: soir\u00e9e de soutien (18h00 \u00e0 22h)<\/strong><\/h4>\n<p>Si vous n\u2019\u00eates pas en qu\u00eate d\u2019objets, le rire c\u2019est bon pour la sant\u00e9 ! Lors de notre soir\u00e9e de soutien au Centre culturel des Terreaux, le one man show de Philippe Cohen d\u00e9tournera l\u2019in\u00e9narrable <em>Candide<\/em> de Voltaire pour nous offrir une critique sociale contemporaine. Avant-premi\u00e8re lausannoise, cette performance mariant \u00e0 la perfection philosophie et comique met en avant le rire comme une parade \u00e0 la cruaut\u00e9 du monde qui nous entoure. Un ap\u00e9ro dinatoire pr\u00e9c\u00e9dera le spectacle. <span style=\"color: #ff0000\">Le certificat Covid-19 sera demand\u00e9 \u00e0 l&rsquo;entr\u00e9e.<\/span><\/p>\n<p><a href=\"https:\/\/csp.ch\/vaud\/une-soiree-de-soutien-du-csp-vaud-rassembleuse\/\">Pour en lire le compte-rendu, et voir les photos, cliquer ici.<\/a><\/p>\n<h4><strong><img loading=\"lazy\" decoding=\"async\" class=\"alignnone wp-image-10423\" src=\"https:\/\/csp.ch\/wp-content\/uploads\/sites\/4\/2021\/06\/PhilippeCohen_spectacle_CSPVaud-300x226.png\" alt=\"\" width=\"260\" height=\"196\" srcset=\"https:\/\/csp.ch\/wp-content\/uploads\/sites\/4\/2021\/06\/PhilippeCohen_spectacle_CSPVaud-300x226.png 300w, https:\/\/csp.ch\/wp-content\/uploads\/sites\/4\/2021\/06\/PhilippeCohen_spectacle_CSPVaud-294x221.png 294w, https:\/\/csp.ch\/wp-content\/uploads\/sites\/4\/2021\/06\/PhilippeCohen_spectacle_CSPVaud.png 522w\" sizes=\"auto, (max-width: 260px) 100vw, 260px\" \/><\/strong><\/h4>\n<hr \/>\n<h4><strong>Jeudi 7 octobre: <a href=\"https:\/\/csp.ch\/vaud\/journee-anniversaire-tournee-vers-lavenir\/\">conf\u00e9rence et soir\u00e9e festive<\/a> (13h30 \u00e0 02h)<\/strong><\/h4>\n<p><a href=\"https:\/\/csp.ch\/vaud\/journee-anniversaire-tournee-vers-lavenir\/\">Pour en voir le compte-rendu et les photos, cliquer ici.<\/a><\/p>\n<p>Rejoignez-nous au Casino de Montbenon ! L\u2019apr\u00e8s-midi sera consacr\u00e9 \u00e0 une conf\u00e9rence et des ateliers sur le th\u00e8me \u00ab la participation des publics du travail social \u00bb. <a href=\"https:\/\/csp.ch\/vaud\/60ans-conference\/\" target=\"_blank\" rel=\"noopener\">Pour en savoir plus et s&rsquo;inscrire, cliquer ici.<\/a><\/p>\n<p>Suivra la<a href=\"https:\/\/csp.ch\/vaud\/60ans-partie-officielle-de-la-journee-du-7-octobre-2021\/\" target=\"_blank\" rel=\"noopener\"> partie officielle<\/a> et un ap\u00e9ro.<\/p>\n<p>La soir\u00e9e festive commencera par un repas, prolong\u00e9 d\u2019un spectacle de La Com\u00e9die Musicale Improvis\u00e9e. Elle se terminera en musique par un concert de FUNK THERAPY et un DJ. De quoi faire virevolter votre cerveau, vos papilles et vos jambes ! <span style=\"color: #ff0000\">Le certificat Covid-19 sera demand\u00e9 \u00e0 l&rsquo;entr\u00e9e.<\/span><\/p>\n<h4><img loading=\"lazy\" decoding=\"async\" class=\"size-medium wp-image-10422\" src=\"https:\/\/csp.ch\/wp-content\/uploads\/sites\/4\/2021\/06\/hd_la_cmi_au_cpo-lausanne-8_nov_2019-photo_c_sccca7bastien_monachon_63_ns5c9479-copie-300x169.jpg\" alt=\"Com\u00e9die improvis\u00e9e - 60e anniversaire du CSP Vaud\" width=\"300\" height=\"169\" srcset=\"https:\/\/csp.ch\/wp-content\/uploads\/sites\/4\/2021\/06\/hd_la_cmi_au_cpo-lausanne-8_nov_2019-photo_c_sccca7bastien_monachon_63_ns5c9479-copie-300x169.jpg 300w, https:\/\/csp.ch\/wp-content\/uploads\/sites\/4\/2021\/06\/hd_la_cmi_au_cpo-lausanne-8_nov_2019-photo_c_sccca7bastien_monachon_63_ns5c9479-copie-1024x576.jpg 1024w, https:\/\/csp.ch\/wp-content\/uploads\/sites\/4\/2021\/06\/hd_la_cmi_au_cpo-lausanne-8_nov_2019-photo_c_sccca7bastien_monachon_63_ns5c9479-copie-768x432.jpg 768w, https:\/\/csp.ch\/wp-content\/uploads\/sites\/4\/2021\/06\/hd_la_cmi_au_cpo-lausanne-8_nov_2019-photo_c_sccca7bastien_monachon_63_ns5c9479-copie-1536x864.jpg 1536w, https:\/\/csp.ch\/wp-content\/uploads\/sites\/4\/2021\/06\/hd_la_cmi_au_cpo-lausanne-8_nov_2019-photo_c_sccca7bastien_monachon_63_ns5c9479-copie-393x221.jpg 393w, https:\/\/csp.ch\/wp-content\/uploads\/sites\/4\/2021\/06\/hd_la_cmi_au_cpo-lausanne-8_nov_2019-photo_c_sccca7bastien_monachon_63_ns5c9479-copie-740x416.jpg 740w, https:\/\/csp.ch\/wp-content\/uploads\/sites\/4\/2021\/06\/hd_la_cmi_au_cpo-lausanne-8_nov_2019-photo_c_sccca7bastien_monachon_63_ns5c9479-copie.jpg 2000w\" sizes=\"auto, (max-width: 300px) 100vw, 300px\" \/>\u00a0 \u00a0 \u00a0 \u00a0 \u00a0 <img loading=\"lazy\" decoding=\"async\" class=\"alignnone wp-image-10421\" src=\"https:\/\/csp.ch\/wp-content\/uploads\/sites\/4\/2021\/06\/Funk-Therapy-logo-copie-300x300.jpg\" alt=\"Funk Therapy - 60e anniversaire du CSP Vaud\" width=\"217\" height=\"217\" srcset=\"https:\/\/csp.ch\/wp-content\/uploads\/sites\/4\/2021\/06\/Funk-Therapy-logo-copie-300x300.jpg 300w, https:\/\/csp.ch\/wp-content\/uploads\/sites\/4\/2021\/06\/Funk-Therapy-logo-copie-640x640.jpg 640w, https:\/\/csp.ch\/wp-content\/uploads\/sites\/4\/2021\/06\/Funk-Therapy-logo-copie-221x221.jpg 221w, https:\/\/csp.ch\/wp-content\/uploads\/sites\/4\/2021\/06\/Funk-Therapy-logo-copie-100x100.jpg 100w, https:\/\/csp.ch\/wp-content\/uploads\/sites\/4\/2021\/06\/Funk-Therapy-logo-copie.jpg 700w\" sizes=\"auto, (max-width: 217px) 100vw, 217px\" \/><\/h4>\n<hr \/>\n<p><a class=\"button\">Inscriptions closes sur le site internet! Appelez-nous!<\/a><\/p>\n<p><strong>Les inscriptions sont \u00e0 pr\u00e9sent ferm\u00e9es sur cette page internet. En cas de volont\u00e9 de s&rsquo;inscrire pour la conf\u00e9rence ou pour la partie officielle, n&rsquo;h\u00e9sitez pas \u00e0 nous \u00e9crire un <a href=\"&#x6d;a&#x69;&#108;t&#x6f;&#58;&#x36;&#48;&#64;&#x63;&#115;&#x70;&#45;v&#x64;&#46;&#x63;&#x68;\">email<\/a> ou nous t\u00e9l\u00e9phoner au 021 560 60 19, ou \u00e0 venir spontan\u00e9ment.<\/strong><\/p>\n<p>Consultez le flyer de tous les \u00e9v\u00e9nements <a href=\"https:\/\/csp.ch\/wp-content\/uploads\/sites\/4\/2021\/08\/CSP-VD-60ANS-DEPLIANT-6-volets.pdf\" target=\"_blank\" rel=\"noopener\">en cliquant ici<\/a>!<\/p>\n<p>Et participez \u00e0 notre <strong>tombola<\/strong>, la liste des lots se trouve en <a href=\"https:\/\/csp.ch\/vaud\/60ans-tombola-du-60e\/\" target=\"_blank\" rel=\"noopener\">cliquant ici<\/a>!<\/p>\n<hr \/>\n<h4><strong>Du 19 novembre au 21 novembre: <a href=\"https:\/\/csp.ch\/vaud\/dons\/choc\/\">vente de chocolat<\/a><\/strong><\/h4>\n<p>En novembre, notre vente annuelle de chocolat viendra ponctuer les festivit\u00e9s. Miam miam!<\/p>\n<p><img loading=\"lazy\" decoding=\"async\" class=\"alignnone size-medium wp-image-10420\" src=\"https:\/\/csp.ch\/wp-content\/uploads\/sites\/4\/2021\/06\/60e-visuel-choc-copie-300x146.png\" alt=\"Vente de chocolat - sp\u00e9cial 60e anniversaire du CSP Vaud\" width=\"300\" height=\"146\" srcset=\"https:\/\/csp.ch\/wp-content\/uploads\/sites\/4\/2021\/06\/60e-visuel-choc-copie-300x146.png 300w, https:\/\/csp.ch\/wp-content\/uploads\/sites\/4\/2021\/06\/60e-visuel-choc-copie-455x221.png 455w, https:\/\/csp.ch\/wp-content\/uploads\/sites\/4\/2021\/06\/60e-visuel-choc-copie-740x359.png 740w, https:\/\/csp.ch\/wp-content\/uploads\/sites\/4\/2021\/06\/60e-visuel-choc-copie.png 762w\" sizes=\"auto, (max-width: 300px) 100vw, 300px\" \/><\/p>\n<hr \/>\n<h4>Samedi 4 d\u00e9cembre : <a href=\"https:\/\/www.facebook.com\/media\/set\/?set=a.4627881880590704&amp;type=3\">lancement des tandems de langues (Pour voir les photos, cliquer ici.)<\/a><\/h4>\n<p>La Fraternit\u00e9 du CSP Vaud, ouverte \u00e0 toute personne \u00e9trang\u00e8re ou suisse recherchant des informations en lien avec la migration, lance pour l&rsquo;occasion des tandems de langue. Ces rencontres facilitent l&rsquo;apprentissage d&rsquo;une langue et la d\u00e9couverte d&rsquo;une culture diff\u00e9rente de la sienne gr\u00e2ce \u00e0 son bin\u00f4me.<\/p>\n<hr \/>\n<p><strong>Les affiches des 60 ans<\/strong><\/p>\n<p><img loading=\"lazy\" decoding=\"async\" class=\"alignnone size-medium wp-image-11815\" src=\"https:\/\/csp.ch\/wp-content\/uploads\/sites\/4\/2021\/09\/CSP-affiche-60ans-fete-fin-copie-212x300.jpg\" alt=\"\" width=\"212\" height=\"300\" srcset=\"https:\/\/csp.ch\/wp-content\/uploads\/sites\/4\/2021\/09\/CSP-affiche-60ans-fete-fin-copie-212x300.jpg 212w, https:\/\/csp.ch\/wp-content\/uploads\/sites\/4\/2021\/09\/CSP-affiche-60ans-fete-fin-copie-724x1024.jpg 724w, https:\/\/csp.ch\/wp-content\/uploads\/sites\/4\/2021\/09\/CSP-affiche-60ans-fete-fin-copie-768x1086.jpg 768w, https:\/\/csp.ch\/wp-content\/uploads\/sites\/4\/2021\/09\/CSP-affiche-60ans-fete-fin-copie-156x221.jpg 156w, https:\/\/csp.ch\/wp-content\/uploads\/sites\/4\/2021\/09\/CSP-affiche-60ans-fete-fin-copie-300x424.jpg 300w, https:\/\/csp.ch\/wp-content\/uploads\/sites\/4\/2021\/09\/CSP-affiche-60ans-fete-fin-copie-740x1047.jpg 740w, https:\/\/csp.ch\/wp-content\/uploads\/sites\/4\/2021\/09\/CSP-affiche-60ans-fete-fin-copie.jpg 842w\" sizes=\"auto, (max-width: 212px) 100vw, 212px\" \/>\u00a0 \u00a0 \u00a0 \u00a0 \u00a0 \u00a0<img loading=\"lazy\" decoding=\"async\" class=\"size-medium wp-image-11811 alignnone\" src=\"https:\/\/csp.ch\/wp-content\/uploads\/sites\/4\/2021\/09\/Affiche-A3-vente-galetas-sans-traits-de-coupe-copie-212x300.jpg\" alt=\"\" width=\"212\" height=\"300\" srcset=\"https:\/\/csp.ch\/wp-content\/uploads\/sites\/4\/2021\/09\/Affiche-A3-vente-galetas-sans-traits-de-coupe-copie-212x300.jpg 212w, https:\/\/csp.ch\/wp-content\/uploads\/sites\/4\/2021\/09\/Affiche-A3-vente-galetas-sans-traits-de-coupe-copie-724x1024.jpg 724w, https:\/\/csp.ch\/wp-content\/uploads\/sites\/4\/2021\/09\/Affiche-A3-vente-galetas-sans-traits-de-coupe-copie-768x1087.jpg 768w, https:\/\/csp.ch\/wp-content\/uploads\/sites\/4\/2021\/09\/Affiche-A3-vente-galetas-sans-traits-de-coupe-copie-1086x1536.jpg 1086w, https:\/\/csp.ch\/wp-content\/uploads\/sites\/4\/2021\/09\/Affiche-A3-vente-galetas-sans-traits-de-coupe-copie-1448x2048.jpg 1448w, https:\/\/csp.ch\/wp-content\/uploads\/sites\/4\/2021\/09\/Affiche-A3-vente-galetas-sans-traits-de-coupe-copie-156x221.jpg 156w, https:\/\/csp.ch\/wp-content\/uploads\/sites\/4\/2021\/09\/Affiche-A3-vente-galetas-sans-traits-de-coupe-copie-300x424.jpg 300w, https:\/\/csp.ch\/wp-content\/uploads\/sites\/4\/2021\/09\/Affiche-A3-vente-galetas-sans-traits-de-coupe-copie-740x1047.jpg 740w, https:\/\/csp.ch\/wp-content\/uploads\/sites\/4\/2021\/09\/Affiche-A3-vente-galetas-sans-traits-de-coupe-copie.jpg 1753w\" sizes=\"auto, (max-width: 212px) 100vw, 212px\" \/>\u00a0 \u00a0 \u00a0 \u00a0 \u00a0 \u00a0 \u00a0\u00a0<img loading=\"lazy\" decoding=\"async\" class=\"alignnone size-medium wp-image-11813\" src=\"https:\/\/csp.ch\/wp-content\/uploads\/sites\/4\/2021\/09\/AfficheA3-CONF-octobre-orange-212x300.jpg\" alt=\"\" width=\"212\" height=\"300\" srcset=\"https:\/\/csp.ch\/wp-content\/uploads\/sites\/4\/2021\/09\/AfficheA3-CONF-octobre-orange-212x300.jpg 212w, https:\/\/csp.ch\/wp-content\/uploads\/sites\/4\/2021\/09\/AfficheA3-CONF-octobre-orange-724x1024.jpg 724w, https:\/\/csp.ch\/wp-content\/uploads\/sites\/4\/2021\/09\/AfficheA3-CONF-octobre-orange-768x1086.jpg 768w, https:\/\/csp.ch\/wp-content\/uploads\/sites\/4\/2021\/09\/AfficheA3-CONF-octobre-orange-156x221.jpg 156w, https:\/\/csp.ch\/wp-content\/uploads\/sites\/4\/2021\/09\/AfficheA3-CONF-octobre-orange-300x424.jpg 300w, https:\/\/csp.ch\/wp-content\/uploads\/sites\/4\/2021\/09\/AfficheA3-CONF-octobre-orange-740x1047.jpg 740w, https:\/\/csp.ch\/wp-content\/uploads\/sites\/4\/2021\/09\/AfficheA3-CONF-octobre-orange.jpg 842w\" sizes=\"auto, (max-width: 212px) 100vw, 212px\" \/>\u00a0 \u00a0 <img loading=\"lazy\" decoding=\"async\" class=\"alignnone size-medium wp-image-11812\" src=\"https:\/\/csp.ch\/wp-content\/uploads\/sites\/4\/2021\/09\/Affcihe-A3-TANDEM-DE-LANGUES-copie-212x300.jpg\" alt=\"\" width=\"212\" height=\"300\" srcset=\"https:\/\/csp.ch\/wp-content\/uploads\/sites\/4\/2021\/09\/Affcihe-A3-TANDEM-DE-LANGUES-copie-212x300.jpg 212w, https:\/\/csp.ch\/wp-content\/uploads\/sites\/4\/2021\/09\/Affcihe-A3-TANDEM-DE-LANGUES-copie-724x1024.jpg 724w, https:\/\/csp.ch\/wp-content\/uploads\/sites\/4\/2021\/09\/Affcihe-A3-TANDEM-DE-LANGUES-copie-768x1086.jpg 768w, https:\/\/csp.ch\/wp-content\/uploads\/sites\/4\/2021\/09\/Affcihe-A3-TANDEM-DE-LANGUES-copie-156x221.jpg 156w, https:\/\/csp.ch\/wp-content\/uploads\/sites\/4\/2021\/09\/Affcihe-A3-TANDEM-DE-LANGUES-copie-300x424.jpg 300w, https:\/\/csp.ch\/wp-content\/uploads\/sites\/4\/2021\/09\/Affcihe-A3-TANDEM-DE-LANGUES-copie-740x1047.jpg 740w, https:\/\/csp.ch\/wp-content\/uploads\/sites\/4\/2021\/09\/Affcihe-A3-TANDEM-DE-LANGUES-copie.jpg 842w\" sizes=\"auto, (max-width: 212px) 100vw, 212px\" \/>[\/vc_column_text][\/vc_column][\/vc_row]<\/p>\n<\/div>","protected":false},"excerpt":{"rendered":"<p>[vc_row][vc_column][vc_column_text] Pour voir le compte-rendu de la journ\u00e9e du 60e et les photos : suivre ce lien\u00a0! Du 30 septembre au 21 novembre 2021, le CSP Vaud a c\u00e9l\u00e9br\u00e9 son 60e anniversaire : il y en a eu pour tous les go\u00fbts ! Du 30 septembre au 2 octobre: Vente sp\u00e9ciale des Galetas Nos Galetas [&hellip;]<\/p>\n","protected":false},"author":2,"featured_media":10407,"parent":0,"menu_order":0,"comment_status":"closed","ping_status":"closed","template":"","meta":{"_acf_changed":false,"footnotes":""},"class_list":["post-9787","page","type-page","status-publish","has-post-thumbnail","hentry"],"acf":[],"yoast_head":"<!-- This site is optimized with the Yoast SEO plugin v27.1.1 - https:\/\/yoast.com\/product\/yoast-seo-wordpress\/ -->\n<title>Le CSP Vaud f\u00eate ses soixante ans au service de la population vaudoise<\/title>\n<meta name=\"description\" content=\"Plusieurs \u00e9v\u00e9nements sont propos\u00e9s : r\u00e9flexion, soir\u00e9e de soutien, repas et concerts, danse ainsi que vente sp\u00e9ciale dans ses magasins...\" \/>\n<meta name=\"robots\" content=\"index, follow, max-snippet:-1, max-image-preview:large, max-video-preview:-1\" \/>\n<link rel=\"canonical\" href=\"https:\/\/csp.ch\/vaud\/60ans\/\" \/>\n<meta property=\"og:locale\" content=\"fr_FR\" \/>\n<meta property=\"og:type\" content=\"article\" \/>\n<meta property=\"og:title\" content=\"Le CSP Vaud f\u00eate ses soixante ans au service de la population vaudoise\" \/>\n<meta property=\"og:description\" content=\"Plusieurs \u00e9v\u00e9nements sont propos\u00e9s : r\u00e9flexion, soir\u00e9e de soutien, repas et concerts, danse ainsi que vente sp\u00e9ciale dans ses magasins...\" \/>\n<meta property=\"og:url\" content=\"https:\/\/csp.ch\/vaud\/60ans\/\" \/>\n<meta property=\"og:site_name\" content=\"CSP Vaud\" \/>\n<meta property=\"article:publisher\" content=\"https:\/\/www.facebook.com\/CSPSuisse\" \/>\n<meta property=\"article:modified_time\" content=\"2026-01-14T11:07:24+00:00\" \/>\n<meta property=\"og:image\" content=\"https:\/\/csp.ch\/wp-content\/uploads\/sites\/4\/2021\/06\/60ans-institutionnel_740x330px_CSPVaud.jpg\" \/>\n\t<meta property=\"og:image:width\" content=\"1480\" \/>\n\t<meta property=\"og:image:height\" content=\"661\" \/>\n\t<meta property=\"og:image:type\" content=\"image\/jpeg\" \/>\n<meta name=\"twitter:card\" content=\"summary_large_image\" \/>\n<meta name=\"twitter:label1\" content=\"Dur\u00e9e de lecture estim\u00e9e\" \/>\n\t<meta name=\"twitter:data1\" content=\"5 minutes\" \/>\n<script type=\"application\/ld+json\" class=\"yoast-schema-graph\">{\"@context\":\"https:\/\/schema.org\",\"@graph\":[{\"@type\":\"WebPage\",\"@id\":\"https:\/\/csp.ch\/vaud\/60ans\/\",\"url\":\"https:\/\/csp.ch\/vaud\/60ans\/\",\"name\":\"Le CSP Vaud f\u00eate ses soixante ans au service de la population vaudoise\",\"isPartOf\":{\"@id\":\"https:\/\/csp.ch\/vaud\/#website\"},\"primaryImageOfPage\":{\"@id\":\"https:\/\/csp.ch\/vaud\/60ans\/#primaryimage\"},\"image\":{\"@id\":\"https:\/\/csp.ch\/vaud\/60ans\/#primaryimage\"},\"thumbnailUrl\":\"https:\/\/csp.ch\/wp-content\/uploads\/sites\/4\/2021\/06\/60ans-institutionnel_740x330px_CSPVaud.jpg\",\"datePublished\":\"2021-05-10T14:48:05+00:00\",\"dateModified\":\"2026-01-14T11:07:24+00:00\",\"description\":\"Plusieurs \u00e9v\u00e9nements sont propos\u00e9s : r\u00e9flexion, soir\u00e9e de soutien, repas et concerts, danse ainsi que vente sp\u00e9ciale dans ses magasins...\",\"breadcrumb\":{\"@id\":\"https:\/\/csp.ch\/vaud\/60ans\/#breadcrumb\"},\"inLanguage\":\"fr-FR\",\"potentialAction\":[{\"@type\":\"ReadAction\",\"target\":[\"https:\/\/csp.ch\/vaud\/60ans\/\"]}]},{\"@type\":\"ImageObject\",\"inLanguage\":\"fr-FR\",\"@id\":\"https:\/\/csp.ch\/vaud\/60ans\/#primaryimage\",\"url\":\"https:\/\/csp.ch\/wp-content\/uploads\/sites\/4\/2021\/06\/60ans-institutionnel_740x330px_CSPVaud.jpg\",\"contentUrl\":\"https:\/\/csp.ch\/wp-content\/uploads\/sites\/4\/2021\/06\/60ans-institutionnel_740x330px_CSPVaud.jpg\",\"width\":1480,\"height\":661,\"caption\":\"Billetterie 60 ans du CSP Vaud\"},{\"@type\":\"BreadcrumbList\",\"@id\":\"https:\/\/csp.ch\/vaud\/60ans\/#breadcrumb\",\"itemListElement\":[{\"@type\":\"ListItem\",\"position\":1,\"name\":\"Accueil\",\"item\":\"https:\/\/csp.ch\/vaud\/\"},{\"@type\":\"ListItem\",\"position\":2,\"name\":\"60e anniversaire du CSP Vaud !\"}]},{\"@type\":\"WebSite\",\"@id\":\"https:\/\/csp.ch\/vaud\/#website\",\"url\":\"https:\/\/csp.ch\/vaud\/\",\"name\":\"https:\/\/csp.ch\/vaud\/\",\"description\":\"\",\"publisher\":{\"@id\":\"https:\/\/csp.ch\/vaud\/#organization\"},\"potentialAction\":[{\"@type\":\"SearchAction\",\"target\":{\"@type\":\"EntryPoint\",\"urlTemplate\":\"https:\/\/csp.ch\/vaud\/?s={search_term_string}\"},\"query-input\":{\"@type\":\"PropertyValueSpecification\",\"valueRequired\":true,\"valueName\":\"search_term_string\"}}],\"inLanguage\":\"fr-FR\"},{\"@type\":\"Organization\",\"@id\":\"https:\/\/csp.ch\/vaud\/#organization\",\"name\":\"https:\/\/csp.ch\/vaud\/\",\"url\":\"https:\/\/csp.ch\/vaud\/\",\"logo\":{\"@type\":\"ImageObject\",\"inLanguage\":\"fr-FR\",\"@id\":\"https:\/\/csp.ch\/vaud\/#\/schema\/logo\/image\/\",\"url\":\"https:\/\/csp.ch\/wp-content\/uploads\/sites\/4\/2022\/11\/Logo-CSP-VD-RVB.OK_.jpg\",\"contentUrl\":\"https:\/\/csp.ch\/wp-content\/uploads\/sites\/4\/2022\/11\/Logo-CSP-VD-RVB.OK_.jpg\",\"width\":600,\"height\":306,\"caption\":\"https:\/\/csp.ch\/vaud\/\"},\"image\":{\"@id\":\"https:\/\/csp.ch\/vaud\/#\/schema\/logo\/image\/\"},\"sameAs\":[\"https:\/\/www.facebook.com\/CSPSuisse\",\"https:\/\/www.linkedin.com\/company\/csp-vaud\/mycompany\"]}]}<\/script>\n<!-- \/ Yoast SEO plugin. -->","yoast_head_json":{"title":"Le CSP Vaud f\u00eate ses soixante ans au service de la population vaudoise","description":"Plusieurs \u00e9v\u00e9nements sont propos\u00e9s : r\u00e9flexion, soir\u00e9e de soutien, repas et concerts, danse ainsi que vente sp\u00e9ciale dans ses magasins...","robots":{"index":"index","follow":"follow","max-snippet":"max-snippet:-1","max-image-preview":"max-image-preview:large","max-video-preview":"max-video-preview:-1"},"canonical":"https:\/\/csp.ch\/vaud\/60ans\/","og_locale":"fr_FR","og_type":"article","og_title":"Le CSP Vaud f\u00eate ses soixante ans au service de la population vaudoise","og_description":"Plusieurs \u00e9v\u00e9nements sont propos\u00e9s : r\u00e9flexion, soir\u00e9e de soutien, repas et concerts, danse ainsi que vente sp\u00e9ciale dans ses magasins...","og_url":"https:\/\/csp.ch\/vaud\/60ans\/","og_site_name":"CSP Vaud","article_publisher":"https:\/\/www.facebook.com\/CSPSuisse","article_modified_time":"2026-01-14T11:07:24+00:00","og_image":[{"width":1480,"height":661,"url":"https:\/\/csp.ch\/wp-content\/uploads\/sites\/4\/2021\/06\/60ans-institutionnel_740x330px_CSPVaud.jpg","type":"image\/jpeg"}],"twitter_card":"summary_large_image","twitter_misc":{"Dur\u00e9e de lecture estim\u00e9e":"5 minutes"},"schema":{"@context":"https:\/\/schema.org","@graph":[{"@type":"WebPage","@id":"https:\/\/csp.ch\/vaud\/60ans\/","url":"https:\/\/csp.ch\/vaud\/60ans\/","name":"Le CSP Vaud f\u00eate ses soixante ans au service de la population vaudoise","isPartOf":{"@id":"https:\/\/csp.ch\/vaud\/#website"},"primaryImageOfPage":{"@id":"https:\/\/csp.ch\/vaud\/60ans\/#primaryimage"},"image":{"@id":"https:\/\/csp.ch\/vaud\/60ans\/#primaryimage"},"thumbnailUrl":"https:\/\/csp.ch\/wp-content\/uploads\/sites\/4\/2021\/06\/60ans-institutionnel_740x330px_CSPVaud.jpg","datePublished":"2021-05-10T14:48:05+00:00","dateModified":"2026-01-14T11:07:24+00:00","description":"Plusieurs \u00e9v\u00e9nements sont propos\u00e9s : r\u00e9flexion, soir\u00e9e de soutien, repas et concerts, danse ainsi que vente sp\u00e9ciale dans ses magasins...","breadcrumb":{"@id":"https:\/\/csp.ch\/vaud\/60ans\/#breadcrumb"},"inLanguage":"fr-FR","potentialAction":[{"@type":"ReadAction","target":["https:\/\/csp.ch\/vaud\/60ans\/"]}]},{"@type":"ImageObject","inLanguage":"fr-FR","@id":"https:\/\/csp.ch\/vaud\/60ans\/#primaryimage","url":"https:\/\/csp.ch\/wp-content\/uploads\/sites\/4\/2021\/06\/60ans-institutionnel_740x330px_CSPVaud.jpg","contentUrl":"https:\/\/csp.ch\/wp-content\/uploads\/sites\/4\/2021\/06\/60ans-institutionnel_740x330px_CSPVaud.jpg","width":1480,"height":661,"caption":"Billetterie 60 ans du CSP Vaud"},{"@type":"BreadcrumbList","@id":"https:\/\/csp.ch\/vaud\/60ans\/#breadcrumb","itemListElement":[{"@type":"ListItem","position":1,"name":"Accueil","item":"https:\/\/csp.ch\/vaud\/"},{"@type":"ListItem","position":2,"name":"60e anniversaire du CSP Vaud !"}]},{"@type":"WebSite","@id":"https:\/\/csp.ch\/vaud\/#website","url":"https:\/\/csp.ch\/vaud\/","name":"https:\/\/csp.ch\/vaud\/","description":"","publisher":{"@id":"https:\/\/csp.ch\/vaud\/#organization"},"potentialAction":[{"@type":"SearchAction","target":{"@type":"EntryPoint","urlTemplate":"https:\/\/csp.ch\/vaud\/?s={search_term_string}"},"query-input":{"@type":"PropertyValueSpecification","valueRequired":true,"valueName":"search_term_string"}}],"inLanguage":"fr-FR"},{"@type":"Organization","@id":"https:\/\/csp.ch\/vaud\/#organization","name":"https:\/\/csp.ch\/vaud\/","url":"https:\/\/csp.ch\/vaud\/","logo":{"@type":"ImageObject","inLanguage":"fr-FR","@id":"https:\/\/csp.ch\/vaud\/#\/schema\/logo\/image\/","url":"https:\/\/csp.ch\/wp-content\/uploads\/sites\/4\/2022\/11\/Logo-CSP-VD-RVB.OK_.jpg","contentUrl":"https:\/\/csp.ch\/wp-content\/uploads\/sites\/4\/2022\/11\/Logo-CSP-VD-RVB.OK_.jpg","width":600,"height":306,"caption":"https:\/\/csp.ch\/vaud\/"},"image":{"@id":"https:\/\/csp.ch\/vaud\/#\/schema\/logo\/image\/"},"sameAs":["https:\/\/www.facebook.com\/CSPSuisse","https:\/\/www.linkedin.com\/company\/csp-vaud\/mycompany"]}]}},"_links":{"self":[{"href":"https:\/\/csp.ch\/vaud\/wp-json\/wp\/v2\/pages\/9787","targetHints":{"allow":["GET"]}}],"collection":[{"href":"https:\/\/csp.ch\/vaud\/wp-json\/wp\/v2\/pages"}],"about":[{"href":"https:\/\/csp.ch\/vaud\/wp-json\/wp\/v2\/types\/page"}],"author":[{"embeddable":true,"href":"https:\/\/csp.ch\/vaud\/wp-json\/wp\/v2\/users\/2"}],"replies":[{"embeddable":true,"href":"https:\/\/csp.ch\/vaud\/wp-json\/wp\/v2\/comments?post=9787"}],"version-history":[{"count":3,"href":"https:\/\/csp.ch\/vaud\/wp-json\/wp\/v2\/pages\/9787\/revisions"}],"predecessor-version":[{"id":28113,"href":"https:\/\/csp.ch\/vaud\/wp-json\/wp\/v2\/pages\/9787\/revisions\/28113"}],"wp:featuredmedia":[{"embeddable":true,"href":"https:\/\/csp.ch\/vaud\/wp-json\/wp\/v2\/media\/10407"}],"wp:attachment":[{"href":"https:\/\/csp.ch\/vaud\/wp-json\/wp\/v2\/media?parent=9787"}],"curies":[{"name":"wp","href":"https:\/\/api.w.org\/{rel}","templated":true}]}}