{"id":7079,"date":"2020-07-03T16:23:33","date_gmt":"2020-07-03T15:23:33","guid":{"rendered":"https:\/\/csp.ch\/vaud\/?page_id=7079"},"modified":"2025-06-30T14:23:22","modified_gmt":"2025-06-30T12:23:22","slug":"devenir-membre","status":"publish","type":"page","link":"https:\/\/csp.ch\/vaud\/devenir-membre\/","title":{"rendered":"Devenir<strong> membre<\/strong>"},"content":{"rendered":"<div class=\"wpb-content-wrapper\"><p>[vc_row][vc_column][vc_column_text css=\u00a0\u00bb\u00a0\u00bb]Pour devenir membre du CSP Vaud, il vous suffit de remplir notre <a href=\"https:\/\/csp.ch\/wp-content\/uploads\/sites\/4\/2024\/03\/DEVENIR-MEMBRE_01.2024_CSPVaud.pdf\">formulaire de demande d&rsquo;adh\u00e9sion <\/a>et de le renvoyer au CSP Vaud, Beau-S\u00e9jour 28, 1003 Lausanne ou par <a href=\"mai&#108;&#116;&#111;&#58;&#x69;&#x6e;&#x66;&#x6f;&#x40;&#x63;&#x73;p-v&#100;&#46;&#99;&#104;\">courriel<\/a><\/p>\n<p>La cotisation pour membre individuel\u2e31le est actuellement de CHF 35.- par ann\u00e9e, et de CHF 150.- pour un membre collectif.<\/p>\n<hr \/>\n<p>Devenir membre du CSP Vaud vous permet de d\u00e9lib\u00e9rer en Assembl\u00e9e g\u00e9n\u00e9rale sur les propositions faite par le Comit\u00e9 de notre association; d&rsquo;y apporter votre contribution par votre r\u00e9flexion et vos propositions. Par votre adh\u00e9sion au CSP Vaud, vous contribuer \u00e0 son rayonnement, et nous vous en remercions.<\/p>\n<hr \/>\n<p>Le CSP Vaud est une association r\u00e9gie par les<a href=\"https:\/\/www.fedlex.admin.ch\/eli\/cc\/24\/233_245_233\/fr#book_1\/tit_2\/chap_2\/lvl_A\/lvl_I\"> articles 60 et suivants du Code civil suisse<\/a>. Elle compte actuellement 282 membres.<\/p>\n<p><a href=\"https:\/\/csp.ch\/wp-content\/uploads\/sites\/4\/2019\/07\/CSP-303-011904_Satuts2019-8pages-parPage_FINAL.pdf\">Consulter les statuts<\/a><\/p>\n<hr \/>\n<p>Pour en savoir plus, rendez-vous sur la page <a href=\"https:\/\/csp.ch\/vaud\/csp-vaud\/\">A notre sujet<\/a>.[\/vc_column_text][\/vc_column][\/vc_row]<\/p>\n<\/div>","protected":false},"excerpt":{"rendered":"<p>[vc_row][vc_column][vc_column_text css=\u00a0\u00bb\u00a0\u00bb]Pour devenir membre du CSP Vaud, il vous suffit de remplir notre formulaire de demande d&rsquo;adh\u00e9sion et de le renvoyer au CSP Vaud, Beau-S\u00e9jour 28, 1003 Lausanne ou par courriel La cotisation pour membre individuel\u2e31le est actuellement de CHF 35.- par ann\u00e9e, et de CHF 150.- pour un membre collectif. Devenir membre du CSP [&hellip;]<\/p>\n","protected":false},"author":2,"featured_media":3837,"parent":0,"menu_order":0,"comment_status":"closed","ping_status":"closed","template":"","meta":{"_acf_changed":false,"footnotes":""},"class_list":["post-7079","page","type-page","status-publish","has-post-thumbnail","hentry"],"acf":[],"yoast_head":"<!-- This site is optimized with the Yoast SEO plugin v27.1.1 - https:\/\/yoast.com\/product\/yoast-seo-wordpress\/ -->\n<title>Devenir membre du CSP Vaud<\/title>\n<meta name=\"description\" content=\"Pour devenir membre du CSP Vaud, il faut adh\u00e9rer aux objectifs de l&#039;Association d\u00e9finis \u00e0 l&#039;Article 3 des Statuts.\" \/>\n<meta name=\"robots\" content=\"index, follow, max-snippet:-1, max-image-preview:large, max-video-preview:-1\" \/>\n<link rel=\"canonical\" href=\"https:\/\/csp.ch\/vaud\/devenir-membre\/\" \/>\n<meta property=\"og:locale\" content=\"fr_FR\" \/>\n<meta property=\"og:type\" content=\"article\" \/>\n<meta property=\"og:title\" content=\"Devenir membre du CSP Vaud\" \/>\n<meta property=\"og:description\" content=\"Pour devenir membre du CSP Vaud, il faut adh\u00e9rer aux objectifs de l&#039;Association d\u00e9finis \u00e0 l&#039;Article 3 des Statuts.\" \/>\n<meta property=\"og:url\" content=\"https:\/\/csp.ch\/vaud\/devenir-membre\/\" \/>\n<meta property=\"og:site_name\" content=\"CSP Vaud\" \/>\n<meta property=\"article:publisher\" content=\"https:\/\/www.facebook.com\/CSPSuisse\" \/>\n<meta property=\"article:modified_time\" content=\"2025-06-30T12:23:22+00:00\" \/>\n<meta property=\"og:image\" content=\"https:\/\/csp.ch\/wp-content\/uploads\/sites\/4\/2019\/05\/AG_nov17_membres_horiz-1024x683.jpg\" \/>\n\t<meta property=\"og:image:width\" content=\"1024\" \/>\n\t<meta property=\"og:image:height\" content=\"683\" \/>\n\t<meta property=\"og:image:type\" content=\"image\/jpeg\" \/>\n<meta name=\"twitter:card\" content=\"summary_large_image\" \/>\n<meta name=\"twitter:label1\" content=\"Dur\u00e9e de lecture estim\u00e9e\" \/>\n\t<meta name=\"twitter:data1\" content=\"1 minute\" \/>\n<script type=\"application\/ld+json\" class=\"yoast-schema-graph\">{\"@context\":\"https:\/\/schema.org\",\"@graph\":[{\"@type\":\"WebPage\",\"@id\":\"https:\/\/csp.ch\/vaud\/devenir-membre\/\",\"url\":\"https:\/\/csp.ch\/vaud\/devenir-membre\/\",\"name\":\"Devenir membre du CSP Vaud\",\"isPartOf\":{\"@id\":\"https:\/\/csp.ch\/vaud\/#website\"},\"primaryImageOfPage\":{\"@id\":\"https:\/\/csp.ch\/vaud\/devenir-membre\/#primaryimage\"},\"image\":{\"@id\":\"https:\/\/csp.ch\/vaud\/devenir-membre\/#primaryimage\"},\"thumbnailUrl\":\"https:\/\/csp.ch\/wp-content\/uploads\/sites\/4\/2019\/05\/AG_nov17_membres_horiz.jpg\",\"datePublished\":\"2020-07-03T15:23:33+00:00\",\"dateModified\":\"2025-06-30T12:23:22+00:00\",\"description\":\"Pour devenir membre du CSP Vaud, il faut adh\u00e9rer aux objectifs de l'Association d\u00e9finis \u00e0 l'Article 3 des Statuts.\",\"breadcrumb\":{\"@id\":\"https:\/\/csp.ch\/vaud\/devenir-membre\/#breadcrumb\"},\"inLanguage\":\"fr-FR\",\"potentialAction\":[{\"@type\":\"ReadAction\",\"target\":[\"https:\/\/csp.ch\/vaud\/devenir-membre\/\"]}]},{\"@type\":\"ImageObject\",\"inLanguage\":\"fr-FR\",\"@id\":\"https:\/\/csp.ch\/vaud\/devenir-membre\/#primaryimage\",\"url\":\"https:\/\/csp.ch\/wp-content\/uploads\/sites\/4\/2019\/05\/AG_nov17_membres_horiz.jpg\",\"contentUrl\":\"https:\/\/csp.ch\/wp-content\/uploads\/sites\/4\/2019\/05\/AG_nov17_membres_horiz.jpg\",\"width\":2362,\"height\":1575,\"caption\":\"Inciter les visiteurs \u00e0 devenir membres de l'Assembl\u00e9e g\u00e9n\u00e9rale du CSP Vaud\"},{\"@type\":\"BreadcrumbList\",\"@id\":\"https:\/\/csp.ch\/vaud\/devenir-membre\/#breadcrumb\",\"itemListElement\":[{\"@type\":\"ListItem\",\"position\":1,\"name\":\"Accueil\",\"item\":\"https:\/\/csp.ch\/vaud\/\"},{\"@type\":\"ListItem\",\"position\":2,\"name\":\"Devenir membre\"}]},{\"@type\":\"WebSite\",\"@id\":\"https:\/\/csp.ch\/vaud\/#website\",\"url\":\"https:\/\/csp.ch\/vaud\/\",\"name\":\"https:\/\/csp.ch\/vaud\/\",\"description\":\"\",\"publisher\":{\"@id\":\"https:\/\/csp.ch\/vaud\/#organization\"},\"potentialAction\":[{\"@type\":\"SearchAction\",\"target\":{\"@type\":\"EntryPoint\",\"urlTemplate\":\"https:\/\/csp.ch\/vaud\/?s={search_term_string}\"},\"query-input\":{\"@type\":\"PropertyValueSpecification\",\"valueRequired\":true,\"valueName\":\"search_term_string\"}}],\"inLanguage\":\"fr-FR\"},{\"@type\":\"Organization\",\"@id\":\"https:\/\/csp.ch\/vaud\/#organization\",\"name\":\"https:\/\/csp.ch\/vaud\/\",\"url\":\"https:\/\/csp.ch\/vaud\/\",\"logo\":{\"@type\":\"ImageObject\",\"inLanguage\":\"fr-FR\",\"@id\":\"https:\/\/csp.ch\/vaud\/#\/schema\/logo\/image\/\",\"url\":\"https:\/\/csp.ch\/wp-content\/uploads\/sites\/4\/2022\/11\/Logo-CSP-VD-RVB.OK_.jpg\",\"contentUrl\":\"https:\/\/csp.ch\/wp-content\/uploads\/sites\/4\/2022\/11\/Logo-CSP-VD-RVB.OK_.jpg\",\"width\":600,\"height\":306,\"caption\":\"https:\/\/csp.ch\/vaud\/\"},\"image\":{\"@id\":\"https:\/\/csp.ch\/vaud\/#\/schema\/logo\/image\/\"},\"sameAs\":[\"https:\/\/www.facebook.com\/CSPSuisse\",\"https:\/\/www.linkedin.com\/company\/csp-vaud\/mycompany\"]}]}<\/script>\n<!-- \/ Yoast SEO plugin. -->","yoast_head_json":{"title":"Devenir membre du CSP Vaud","description":"Pour devenir membre du CSP Vaud, il faut adh\u00e9rer aux objectifs de l'Association d\u00e9finis \u00e0 l'Article 3 des Statuts.","robots":{"index":"index","follow":"follow","max-snippet":"max-snippet:-1","max-image-preview":"max-image-preview:large","max-video-preview":"max-video-preview:-1"},"canonical":"https:\/\/csp.ch\/vaud\/devenir-membre\/","og_locale":"fr_FR","og_type":"article","og_title":"Devenir membre du CSP Vaud","og_description":"Pour devenir membre du CSP Vaud, il faut adh\u00e9rer aux objectifs de l'Association d\u00e9finis \u00e0 l'Article 3 des Statuts.","og_url":"https:\/\/csp.ch\/vaud\/devenir-membre\/","og_site_name":"CSP Vaud","article_publisher":"https:\/\/www.facebook.com\/CSPSuisse","article_modified_time":"2025-06-30T12:23:22+00:00","og_image":[{"width":1024,"height":683,"url":"https:\/\/csp.ch\/wp-content\/uploads\/sites\/4\/2019\/05\/AG_nov17_membres_horiz-1024x683.jpg","type":"image\/jpeg"}],"twitter_card":"summary_large_image","twitter_misc":{"Dur\u00e9e de lecture estim\u00e9e":"1 minute"},"schema":{"@context":"https:\/\/schema.org","@graph":[{"@type":"WebPage","@id":"https:\/\/csp.ch\/vaud\/devenir-membre\/","url":"https:\/\/csp.ch\/vaud\/devenir-membre\/","name":"Devenir membre du CSP Vaud","isPartOf":{"@id":"https:\/\/csp.ch\/vaud\/#website"},"primaryImageOfPage":{"@id":"https:\/\/csp.ch\/vaud\/devenir-membre\/#primaryimage"},"image":{"@id":"https:\/\/csp.ch\/vaud\/devenir-membre\/#primaryimage"},"thumbnailUrl":"https:\/\/csp.ch\/wp-content\/uploads\/sites\/4\/2019\/05\/AG_nov17_membres_horiz.jpg","datePublished":"2020-07-03T15:23:33+00:00","dateModified":"2025-06-30T12:23:22+00:00","description":"Pour devenir membre du CSP Vaud, il faut adh\u00e9rer aux objectifs de l'Association d\u00e9finis \u00e0 l'Article 3 des Statuts.","breadcrumb":{"@id":"https:\/\/csp.ch\/vaud\/devenir-membre\/#breadcrumb"},"inLanguage":"fr-FR","potentialAction":[{"@type":"ReadAction","target":["https:\/\/csp.ch\/vaud\/devenir-membre\/"]}]},{"@type":"ImageObject","inLanguage":"fr-FR","@id":"https:\/\/csp.ch\/vaud\/devenir-membre\/#primaryimage","url":"https:\/\/csp.ch\/wp-content\/uploads\/sites\/4\/2019\/05\/AG_nov17_membres_horiz.jpg","contentUrl":"https:\/\/csp.ch\/wp-content\/uploads\/sites\/4\/2019\/05\/AG_nov17_membres_horiz.jpg","width":2362,"height":1575,"caption":"Inciter les visiteurs \u00e0 devenir membres de l'Assembl\u00e9e g\u00e9n\u00e9rale du CSP Vaud"},{"@type":"BreadcrumbList","@id":"https:\/\/csp.ch\/vaud\/devenir-membre\/#breadcrumb","itemListElement":[{"@type":"ListItem","position":1,"name":"Accueil","item":"https:\/\/csp.ch\/vaud\/"},{"@type":"ListItem","position":2,"name":"Devenir membre"}]},{"@type":"WebSite","@id":"https:\/\/csp.ch\/vaud\/#website","url":"https:\/\/csp.ch\/vaud\/","name":"https:\/\/csp.ch\/vaud\/","description":"","publisher":{"@id":"https:\/\/csp.ch\/vaud\/#organization"},"potentialAction":[{"@type":"SearchAction","target":{"@type":"EntryPoint","urlTemplate":"https:\/\/csp.ch\/vaud\/?s={search_term_string}"},"query-input":{"@type":"PropertyValueSpecification","valueRequired":true,"valueName":"search_term_string"}}],"inLanguage":"fr-FR"},{"@type":"Organization","@id":"https:\/\/csp.ch\/vaud\/#organization","name":"https:\/\/csp.ch\/vaud\/","url":"https:\/\/csp.ch\/vaud\/","logo":{"@type":"ImageObject","inLanguage":"fr-FR","@id":"https:\/\/csp.ch\/vaud\/#\/schema\/logo\/image\/","url":"https:\/\/csp.ch\/wp-content\/uploads\/sites\/4\/2022\/11\/Logo-CSP-VD-RVB.OK_.jpg","contentUrl":"https:\/\/csp.ch\/wp-content\/uploads\/sites\/4\/2022\/11\/Logo-CSP-VD-RVB.OK_.jpg","width":600,"height":306,"caption":"https:\/\/csp.ch\/vaud\/"},"image":{"@id":"https:\/\/csp.ch\/vaud\/#\/schema\/logo\/image\/"},"sameAs":["https:\/\/www.facebook.com\/CSPSuisse","https:\/\/www.linkedin.com\/company\/csp-vaud\/mycompany"]}]}},"_links":{"self":[{"href":"https:\/\/csp.ch\/vaud\/wp-json\/wp\/v2\/pages\/7079","targetHints":{"allow":["GET"]}}],"collection":[{"href":"https:\/\/csp.ch\/vaud\/wp-json\/wp\/v2\/pages"}],"about":[{"href":"https:\/\/csp.ch\/vaud\/wp-json\/wp\/v2\/types\/page"}],"author":[{"embeddable":true,"href":"https:\/\/csp.ch\/vaud\/wp-json\/wp\/v2\/users\/2"}],"replies":[{"embeddable":true,"href":"https:\/\/csp.ch\/vaud\/wp-json\/wp\/v2\/comments?post=7079"}],"version-history":[{"count":4,"href":"https:\/\/csp.ch\/vaud\/wp-json\/wp\/v2\/pages\/7079\/revisions"}],"predecessor-version":[{"id":25892,"href":"https:\/\/csp.ch\/vaud\/wp-json\/wp\/v2\/pages\/7079\/revisions\/25892"}],"wp:featuredmedia":[{"embeddable":true,"href":"https:\/\/csp.ch\/vaud\/wp-json\/wp\/v2\/media\/3837"}],"wp:attachment":[{"href":"https:\/\/csp.ch\/vaud\/wp-json\/wp\/v2\/media?parent=7079"}],"curies":[{"name":"wp","href":"https:\/\/api.w.org\/{rel}","templated":true}]}}