{"id":69,"date":"2015-08-11T13:05:39","date_gmt":"2015-08-11T12:05:39","guid":{"rendered":"https:\/\/csp.ch\/vd\/?page_id=69"},"modified":"2024-11-11T16:23:37","modified_gmt":"2024-11-11T15:23:37","slug":"dons","status":"publish","type":"page","link":"https:\/\/csp.ch\/vaud\/dons\/","title":{"rendered":"Faire un <strong>Don<\/strong>"},"content":{"rendered":"","protected":false},"excerpt":{"rendered":"","protected":false},"author":1,"featured_media":8701,"parent":0,"menu_order":0,"comment_status":"closed","ping_status":"closed","template":"template-don-raisenow.php","meta":{"_acf_changed":false,"footnotes":""},"class_list":["post-69","page","type-page","status-publish","has-post-thumbnail","hentry"],"acf":[],"yoast_head":"<!-- This site is optimized with the Yoast SEO plugin v27.1.1 - https:\/\/yoast.com\/product\/yoast-seo-wordpress\/ -->\n<title>Dons, comment soutenir le CSP afin de maintenir des prestations gratuites<\/title>\n<meta name=\"description\" content=\"Les prestations gratuites du CSP Vaud sont financ\u00e9es par vos dons. Ils nous permettent de r\u00e9pondre aux besoins des personnes en difficult\u00e9.\" \/>\n<meta name=\"robots\" content=\"index, follow, max-snippet:-1, max-image-preview:large, max-video-preview:-1\" \/>\n<link rel=\"canonical\" href=\"https:\/\/csp.ch\/vaud\/dons\/\" \/>\n<meta property=\"og:locale\" content=\"fr_FR\" \/>\n<meta property=\"og:type\" content=\"article\" \/>\n<meta property=\"og:title\" content=\"Dons, comment soutenir le CSP afin de maintenir des prestations gratuites\" \/>\n<meta property=\"og:description\" content=\"Les prestations gratuites du CSP Vaud sont financ\u00e9es par vos dons. Ils nous permettent de r\u00e9pondre aux besoins des personnes en difficult\u00e9.\" \/>\n<meta property=\"og:url\" content=\"https:\/\/csp.ch\/vaud\/dons\/\" \/>\n<meta property=\"og:site_name\" content=\"CSP Vaud\" \/>\n<meta property=\"article:publisher\" content=\"https:\/\/www.facebook.com\/CSPSuisse\" \/>\n<meta property=\"article:modified_time\" content=\"2024-11-11T15:23:37+00:00\" \/>\n<meta property=\"og:image\" content=\"https:\/\/csp.ch\/wp-content\/uploads\/sites\/4\/2020\/12\/NOUVELLES-DECEMBRE-2020_CSP_VD-web_p.1-copie-2.jpg\" \/>\n\t<meta property=\"og:image:width\" content=\"740\" \/>\n\t<meta property=\"og:image:height\" content=\"331\" \/>\n\t<meta property=\"og:image:type\" content=\"image\/jpeg\" \/>\n<meta name=\"twitter:card\" content=\"summary_large_image\" \/>\n<meta name=\"twitter:label1\" content=\"Dur\u00e9e de lecture estim\u00e9e\" \/>\n\t<meta name=\"twitter:data1\" content=\"1 minute\" \/>\n<script type=\"application\/ld+json\" class=\"yoast-schema-graph\">{\"@context\":\"https:\/\/schema.org\",\"@graph\":[{\"@type\":\"WebPage\",\"@id\":\"https:\/\/csp.ch\/vaud\/dons\/\",\"url\":\"https:\/\/csp.ch\/vaud\/dons\/\",\"name\":\"Dons, comment soutenir le CSP afin de maintenir des prestations gratuites\",\"isPartOf\":{\"@id\":\"https:\/\/csp.ch\/vaud\/#website\"},\"primaryImageOfPage\":{\"@id\":\"https:\/\/csp.ch\/vaud\/dons\/#primaryimage\"},\"image\":{\"@id\":\"https:\/\/csp.ch\/vaud\/dons\/#primaryimage\"},\"thumbnailUrl\":\"https:\/\/csp.ch\/wp-content\/uploads\/sites\/4\/2020\/12\/NOUVELLES-DECEMBRE-2020_CSP_VD-web_p.1-copie-2.jpg\",\"datePublished\":\"2015-08-11T12:05:39+00:00\",\"dateModified\":\"2024-11-11T15:23:37+00:00\",\"description\":\"Les prestations gratuites du CSP Vaud sont financ\u00e9es par vos dons. Ils nous permettent de r\u00e9pondre aux besoins des personnes en difficult\u00e9.\",\"breadcrumb\":{\"@id\":\"https:\/\/csp.ch\/vaud\/dons\/#breadcrumb\"},\"inLanguage\":\"fr-FR\",\"potentialAction\":[{\"@type\":\"ReadAction\",\"target\":[\"https:\/\/csp.ch\/vaud\/dons\/\"]}]},{\"@type\":\"ImageObject\",\"inLanguage\":\"fr-FR\",\"@id\":\"https:\/\/csp.ch\/vaud\/dons\/#primaryimage\",\"url\":\"https:\/\/csp.ch\/wp-content\/uploads\/sites\/4\/2020\/12\/NOUVELLES-DECEMBRE-2020_CSP_VD-web_p.1-copie-2.jpg\",\"contentUrl\":\"https:\/\/csp.ch\/wp-content\/uploads\/sites\/4\/2020\/12\/NOUVELLES-DECEMBRE-2020_CSP_VD-web_p.1-copie-2.jpg\",\"width\":740,\"height\":331,\"caption\":\"Num\u00e9ro sp\u00e9cial du journal les Nouvelles du CSP Vaud sur les dons, d\u00e9cembre 2020\"},{\"@type\":\"BreadcrumbList\",\"@id\":\"https:\/\/csp.ch\/vaud\/dons\/#breadcrumb\",\"itemListElement\":[{\"@type\":\"ListItem\",\"position\":1,\"name\":\"Accueil\",\"item\":\"https:\/\/csp.ch\/vaud\/\"},{\"@type\":\"ListItem\",\"position\":2,\"name\":\"Faire un Don\"}]},{\"@type\":\"WebSite\",\"@id\":\"https:\/\/csp.ch\/vaud\/#website\",\"url\":\"https:\/\/csp.ch\/vaud\/\",\"name\":\"https:\/\/csp.ch\/vaud\/\",\"description\":\"\",\"publisher\":{\"@id\":\"https:\/\/csp.ch\/vaud\/#organization\"},\"potentialAction\":[{\"@type\":\"SearchAction\",\"target\":{\"@type\":\"EntryPoint\",\"urlTemplate\":\"https:\/\/csp.ch\/vaud\/?s={search_term_string}\"},\"query-input\":{\"@type\":\"PropertyValueSpecification\",\"valueRequired\":true,\"valueName\":\"search_term_string\"}}],\"inLanguage\":\"fr-FR\"},{\"@type\":\"Organization\",\"@id\":\"https:\/\/csp.ch\/vaud\/#organization\",\"name\":\"https:\/\/csp.ch\/vaud\/\",\"url\":\"https:\/\/csp.ch\/vaud\/\",\"logo\":{\"@type\":\"ImageObject\",\"inLanguage\":\"fr-FR\",\"@id\":\"https:\/\/csp.ch\/vaud\/#\/schema\/logo\/image\/\",\"url\":\"https:\/\/csp.ch\/wp-content\/uploads\/sites\/4\/2022\/11\/Logo-CSP-VD-RVB.OK_.jpg\",\"contentUrl\":\"https:\/\/csp.ch\/wp-content\/uploads\/sites\/4\/2022\/11\/Logo-CSP-VD-RVB.OK_.jpg\",\"width\":600,\"height\":306,\"caption\":\"https:\/\/csp.ch\/vaud\/\"},\"image\":{\"@id\":\"https:\/\/csp.ch\/vaud\/#\/schema\/logo\/image\/\"},\"sameAs\":[\"https:\/\/www.facebook.com\/CSPSuisse\",\"https:\/\/www.linkedin.com\/company\/csp-vaud\/mycompany\"]}]}<\/script>\n<!-- \/ Yoast SEO plugin. -->","yoast_head_json":{"title":"Dons, comment soutenir le CSP afin de maintenir des prestations gratuites","description":"Les prestations gratuites du CSP Vaud sont financ\u00e9es par vos dons. Ils nous permettent de r\u00e9pondre aux besoins des personnes en difficult\u00e9.","robots":{"index":"index","follow":"follow","max-snippet":"max-snippet:-1","max-image-preview":"max-image-preview:large","max-video-preview":"max-video-preview:-1"},"canonical":"https:\/\/csp.ch\/vaud\/dons\/","og_locale":"fr_FR","og_type":"article","og_title":"Dons, comment soutenir le CSP afin de maintenir des prestations gratuites","og_description":"Les prestations gratuites du CSP Vaud sont financ\u00e9es par vos dons. Ils nous permettent de r\u00e9pondre aux besoins des personnes en difficult\u00e9.","og_url":"https:\/\/csp.ch\/vaud\/dons\/","og_site_name":"CSP Vaud","article_publisher":"https:\/\/www.facebook.com\/CSPSuisse","article_modified_time":"2024-11-11T15:23:37+00:00","og_image":[{"width":740,"height":331,"url":"https:\/\/csp.ch\/wp-content\/uploads\/sites\/4\/2020\/12\/NOUVELLES-DECEMBRE-2020_CSP_VD-web_p.1-copie-2.jpg","type":"image\/jpeg"}],"twitter_card":"summary_large_image","twitter_misc":{"Dur\u00e9e de lecture estim\u00e9e":"1 minute"},"schema":{"@context":"https:\/\/schema.org","@graph":[{"@type":"WebPage","@id":"https:\/\/csp.ch\/vaud\/dons\/","url":"https:\/\/csp.ch\/vaud\/dons\/","name":"Dons, comment soutenir le CSP afin de maintenir des prestations gratuites","isPartOf":{"@id":"https:\/\/csp.ch\/vaud\/#website"},"primaryImageOfPage":{"@id":"https:\/\/csp.ch\/vaud\/dons\/#primaryimage"},"image":{"@id":"https:\/\/csp.ch\/vaud\/dons\/#primaryimage"},"thumbnailUrl":"https:\/\/csp.ch\/wp-content\/uploads\/sites\/4\/2020\/12\/NOUVELLES-DECEMBRE-2020_CSP_VD-web_p.1-copie-2.jpg","datePublished":"2015-08-11T12:05:39+00:00","dateModified":"2024-11-11T15:23:37+00:00","description":"Les prestations gratuites du CSP Vaud sont financ\u00e9es par vos dons. Ils nous permettent de r\u00e9pondre aux besoins des personnes en difficult\u00e9.","breadcrumb":{"@id":"https:\/\/csp.ch\/vaud\/dons\/#breadcrumb"},"inLanguage":"fr-FR","potentialAction":[{"@type":"ReadAction","target":["https:\/\/csp.ch\/vaud\/dons\/"]}]},{"@type":"ImageObject","inLanguage":"fr-FR","@id":"https:\/\/csp.ch\/vaud\/dons\/#primaryimage","url":"https:\/\/csp.ch\/wp-content\/uploads\/sites\/4\/2020\/12\/NOUVELLES-DECEMBRE-2020_CSP_VD-web_p.1-copie-2.jpg","contentUrl":"https:\/\/csp.ch\/wp-content\/uploads\/sites\/4\/2020\/12\/NOUVELLES-DECEMBRE-2020_CSP_VD-web_p.1-copie-2.jpg","width":740,"height":331,"caption":"Num\u00e9ro sp\u00e9cial du journal les Nouvelles du CSP Vaud sur les dons, d\u00e9cembre 2020"},{"@type":"BreadcrumbList","@id":"https:\/\/csp.ch\/vaud\/dons\/#breadcrumb","itemListElement":[{"@type":"ListItem","position":1,"name":"Accueil","item":"https:\/\/csp.ch\/vaud\/"},{"@type":"ListItem","position":2,"name":"Faire un Don"}]},{"@type":"WebSite","@id":"https:\/\/csp.ch\/vaud\/#website","url":"https:\/\/csp.ch\/vaud\/","name":"https:\/\/csp.ch\/vaud\/","description":"","publisher":{"@id":"https:\/\/csp.ch\/vaud\/#organization"},"potentialAction":[{"@type":"SearchAction","target":{"@type":"EntryPoint","urlTemplate":"https:\/\/csp.ch\/vaud\/?s={search_term_string}"},"query-input":{"@type":"PropertyValueSpecification","valueRequired":true,"valueName":"search_term_string"}}],"inLanguage":"fr-FR"},{"@type":"Organization","@id":"https:\/\/csp.ch\/vaud\/#organization","name":"https:\/\/csp.ch\/vaud\/","url":"https:\/\/csp.ch\/vaud\/","logo":{"@type":"ImageObject","inLanguage":"fr-FR","@id":"https:\/\/csp.ch\/vaud\/#\/schema\/logo\/image\/","url":"https:\/\/csp.ch\/wp-content\/uploads\/sites\/4\/2022\/11\/Logo-CSP-VD-RVB.OK_.jpg","contentUrl":"https:\/\/csp.ch\/wp-content\/uploads\/sites\/4\/2022\/11\/Logo-CSP-VD-RVB.OK_.jpg","width":600,"height":306,"caption":"https:\/\/csp.ch\/vaud\/"},"image":{"@id":"https:\/\/csp.ch\/vaud\/#\/schema\/logo\/image\/"},"sameAs":["https:\/\/www.facebook.com\/CSPSuisse","https:\/\/www.linkedin.com\/company\/csp-vaud\/mycompany"]}]}},"_links":{"self":[{"href":"https:\/\/csp.ch\/vaud\/wp-json\/wp\/v2\/pages\/69","targetHints":{"allow":["GET"]}}],"collection":[{"href":"https:\/\/csp.ch\/vaud\/wp-json\/wp\/v2\/pages"}],"about":[{"href":"https:\/\/csp.ch\/vaud\/wp-json\/wp\/v2\/types\/page"}],"author":[{"embeddable":true,"href":"https:\/\/csp.ch\/vaud\/wp-json\/wp\/v2\/users\/1"}],"replies":[{"embeddable":true,"href":"https:\/\/csp.ch\/vaud\/wp-json\/wp\/v2\/comments?post=69"}],"version-history":[{"count":4,"href":"https:\/\/csp.ch\/vaud\/wp-json\/wp\/v2\/pages\/69\/revisions"}],"predecessor-version":[{"id":23533,"href":"https:\/\/csp.ch\/vaud\/wp-json\/wp\/v2\/pages\/69\/revisions\/23533"}],"wp:featuredmedia":[{"embeddable":true,"href":"https:\/\/csp.ch\/vaud\/wp-json\/wp\/v2\/media\/8701"}],"wp:attachment":[{"href":"https:\/\/csp.ch\/vaud\/wp-json\/wp\/v2\/media?parent=69"}],"curies":[{"name":"wp","href":"https:\/\/api.w.org\/{rel}","templated":true}]}}