{"id":65,"date":"2015-08-11T12:03:16","date_gmt":"2015-08-11T11:03:16","guid":{"rendered":"https:\/\/csp.ch\/vd\/?page_id=65"},"modified":"2025-10-16T16:07:19","modified_gmt":"2025-10-16T14:07:19","slug":"benevoles","status":"publish","type":"page","link":"https:\/\/csp.ch\/vaud\/benevoles\/","title":{"rendered":"<strong>B\u00e9n\u00e9volat<\/strong>"},"content":{"rendered":"<div class=\"wpb-content-wrapper\"><p>[vc_row][vc_column][vc_column_text]<\/p>\n<blockquote><p>Besoin de <strong>contacts<\/strong>, d\u2019<strong>exp\u00e9rience professionnelle<\/strong> ? Envie d\u2019\u00eatre utile ? D\u2019offrir vos comp\u00e9tences ? Etre b\u00e9n\u00e9vole, c\u2019est agir pour donner du sens \u00e0 la vie, c\u2019est appartenir, en participant \u00e0 un projet collectif, c\u2019est s\u2019ouvrir et se faire plaisir.<\/p><\/blockquote>\n<p>[\/vc_column_text][vc_column_text css=\u00a0\u00bb\u00a0\u00bb]Le CSP Vaud a besoin de b\u00e9n\u00e9voles pour ses lieux de vente d\u2019occasion !<\/p>\n<p>N\u2019h\u00e9sitez pas \u00e0 prendre contact avec le responsable du Galetas le plus proche de chez vous, ou avec la personne r\u00e9pondante du b\u00e9n\u00e9volat au Service des Ressources humaines.<\/p>\n<p>Vous choisirez un engagement r\u00e9gulier selon le rythme qui vous convient (2h chaque semaine ou tous les quinze jours par exemple).<\/p>\n<h4>Les travaux \u00e0 accomplir dans nos magasins de seconde main<\/h4>\n<ul>\n<li>Tri, taxation, rangement de la marchandise<\/li>\n<li>Accueil et vente<\/li>\n<li>Petites r\u00e9parations<\/li>\n<li>D\u00e9corations, am\u00e9nagements<\/li>\n<\/ul>\n<h4>Engagez-vous \u00e0 nos c\u00f4t\u00e9s<\/h4>\n<p data-start=\"110\" data-end=\"335\">Vous souhaitez donner de votre temps et mettre vos comp\u00e9tences au service d\u2019une cause solidaire ? Rejoignez notre \u00e9quipe de b\u00e9n\u00e9voles et participez \u00e0 nos actions en faveur de l\u2019insertion sociale et de l\u2019\u00e9conomie circulaire. En ce moment, nous cherchons des b\u00e9n\u00e9voles pour les postes suivants:<\/p>\n<ul>\n<li style=\"list-style-type: none\">\n<ul>\n<li><a href=\"https:\/\/csp.ch\/wp-content\/uploads\/sites\/4\/2025\/09\/2025.09_Annonce-benevoles-vente-chocolat.pdf\" target=\"_blank\" rel=\"noopener\">Be\u0301ne\u0301voles pour la vente annuelle de chocolat<\/a><\/li>\n<li data-start=\"110\" data-end=\"335\"><a href=\"https:\/\/csp.ch\/wp-content\/uploads\/sites\/4\/2025\/02\/2025.02-Annonce-benevoles-boutique-morges.pdf\">Be\u0301ne\u0301voles pour le Galetas de Morges<\/a><\/li>\n<li data-start=\"110\" data-end=\"335\"><a href=\"https:\/\/csp.ch\/wp-content\/uploads\/sites\/4\/2025\/05\/2025.05_Annonce-benevoles-Sport-Galetas-Blecherette.pdf\" target=\"_blank\" rel=\"noopener\">B\u00e9n\u00e9vole pour le secteur Sports du Galetas de la Bl\u00e9cherette<\/a><\/li>\n<\/ul>\n<\/li>\n<\/ul>\n<p><strong><span style=\"color: #f4960f\">\u2193\u2193<\/span><\/strong>Plus bas sur cette page, vous pouvez voir une pr\u00e9sentation en vid\u00e9o de nos magasins, et des photos des journ\u00e9es sp\u00e9ciales organis\u00e9es pour les b\u00e9n\u00e9voles par le CSP Vaud.[\/vc_column_text][vc_tta_accordion style=\u00a0\u00bbflat\u00a0\u00bb active_section=\u00a0\u00bb0&Prime; no_fill=\u00a0\u00bbtrue\u00a0\u00bb collapsible_all=\u00a0\u00bbtrue\u00a0\u00bb title=\u00a0\u00bbDevenez b\u00e9n\u00e9voles !\u00a0\u00bb][vc_tta_section title=\u00a0\u00bbPrenez directement contact avec le responsable du Galetas le plus proche de chez vous.\u00a0\u00bb tab_id=\u00a0\u00bb1591695995530-bd3539a0-7efd\u00a0\u00bb][vc_column_text]<\/p>\n<p class=\"p1\">Galetas de la Bl\u00e9cherette \/ Morges \/ Palud \/ Renens : 021 646 52 62 \/ &#103;&#x61;l&#x65;t&#97;&#x73;&#64;&#x63;s&#112;&#x2d;&#118;&#x64;&#46;&#x63;&#x68;<\/p>\n<p class=\"p1\">Galetas de Montreux : 021 963 33 55 \/ &#x67;&#x61;&#x6c;&#x65;&#x74;&#x61;&#x73;&#x72;&#105;&#118;&#105;&#101;&#114;&#97;&#64;csp-&#x76;&#x64;&#x2e;&#x63;&#x68;<\/p>\n<p class=\"p1\">Galetas de Payerne : 026 660 60 10 \/ &#103;&#x61;&#108;&#x65;&#116;&#x61;s&#x62;r&#111;&#x79;&#101;&#x40;&#99;&#x73;p&#x2d;v&#100;&#x2e;&#99;&#x68;<\/p>\n<p>[\/vc_column_text][\/vc_tta_section][vc_tta_section title=\u00a0\u00bbContactez notre si\u00e8ge social\u00a0\u00bb tab_id=\u00a0\u00bb1441270086830-b6362736-cf55&Prime;][vc_column_text css=\u00a0\u00bb\u00a0\u00bb]Beau-S\u00e9jour 28<br \/>\n1003 Lausanne<br \/>\n<a href=\"&#x6d;&#97;&#105;&#x6c;&#x74;&#111;&#58;&#x62;&#x65;&#110;&#101;&#x76;&#x6f;&#108;&#97;&#x74;&#x40;&#99;&#115;&#x70;&#x2d;&#118;&#100;&#x2e;&#x63;&#104;\">Contacez-nous par mail<\/a>[\/vc_column_text][\/vc_tta_section][\/vc_tta_accordion][vc_video link=\u00a0\u00bbhttps:\/\/youtu.be\/Ok32SQcnvRc\u00a0\u00bb][vc_column_text css=\u00a0\u00bb\u00a0\u00bb]<\/p>\n<h3>Journ\u00e9e des b\u00e9n\u00e9voles du CSP Vaud, 11 octobre 2025<\/h3>\n<p><img loading=\"lazy\" decoding=\"async\" class=\"alignnone size-medium wp-image-27109\" src=\"https:\/\/csp.ch\/wp-content\/uploads\/sites\/4\/2025\/10\/DSCF1581-1-300x200.jpg\" alt=\"\" width=\"300\" height=\"200\" srcset=\"https:\/\/csp.ch\/wp-content\/uploads\/sites\/4\/2025\/10\/DSCF1581-1-300x200.jpg 300w, https:\/\/csp.ch\/wp-content\/uploads\/sites\/4\/2025\/10\/DSCF1581-1-1024x683.jpg 1024w, https:\/\/csp.ch\/wp-content\/uploads\/sites\/4\/2025\/10\/DSCF1581-1-768x512.jpg 768w, https:\/\/csp.ch\/wp-content\/uploads\/sites\/4\/2025\/10\/DSCF1581-1-1536x1024.jpg 1536w, https:\/\/csp.ch\/wp-content\/uploads\/sites\/4\/2025\/10\/DSCF1581-1-2048x1365.jpg 2048w, https:\/\/csp.ch\/wp-content\/uploads\/sites\/4\/2025\/10\/DSCF1581-1-600x400.jpg 600w, https:\/\/csp.ch\/wp-content\/uploads\/sites\/4\/2025\/10\/DSCF1581-1-332x221.jpg 332w, https:\/\/csp.ch\/wp-content\/uploads\/sites\/4\/2025\/10\/DSCF1581-1-740x493.jpg 740w\" sizes=\"auto, (max-width: 300px) 100vw, 300px\" \/><\/p>\n<p>Le samedi 8 octobre a eu lieu la sortie annuelle des b\u00e9n\u00e9voles du CSP Vaud. \u00c0 l&rsquo;occasion, les volontaires des Galetas ont v\u00e9cu un moment magique \u00e0 la Cath\u00e9drale de Lausanne. Pour le 750e anniversaire du monument embl\u00e9matique, ils\/elles ont assist\u00e9 \u00e0 une interpr\u00e9tation exceptionnelle de la 9<sup>e<\/sup> symphonie de Beethoven par l\u2019Orchestre Sinfonietta de Lausanne, dans une Cath\u00e9drale illumin\u00e9e par pr\u00e8s de 2\u2019000 bougies.<\/p>\n<hr \/>\n<h3>Journ\u00e9e des b\u00e9n\u00e9voles du CSP Vaud, 7 octobre 2024<\/h3>\n<p><img loading=\"lazy\" decoding=\"async\" class=\"alignnone wp-image-23504 size-medium\" src=\"https:\/\/csp.ch\/wp-content\/uploads\/sites\/4\/2024\/11\/Journee-des-benevoles-2024-67_web-300x200.jpg\" alt=\"\" width=\"300\" height=\"200\" srcset=\"https:\/\/csp.ch\/wp-content\/uploads\/sites\/4\/2024\/11\/Journee-des-benevoles-2024-67_web-300x200.jpg 300w, https:\/\/csp.ch\/wp-content\/uploads\/sites\/4\/2024\/11\/Journee-des-benevoles-2024-67_web-1024x683.jpg 1024w, https:\/\/csp.ch\/wp-content\/uploads\/sites\/4\/2024\/11\/Journee-des-benevoles-2024-67_web-768x512.jpg 768w, https:\/\/csp.ch\/wp-content\/uploads\/sites\/4\/2024\/11\/Journee-des-benevoles-2024-67_web-1536x1024.jpg 1536w, https:\/\/csp.ch\/wp-content\/uploads\/sites\/4\/2024\/11\/Journee-des-benevoles-2024-67_web-600x400.jpg 600w, https:\/\/csp.ch\/wp-content\/uploads\/sites\/4\/2024\/11\/Journee-des-benevoles-2024-67_web-332x221.jpg 332w, https:\/\/csp.ch\/wp-content\/uploads\/sites\/4\/2024\/11\/Journee-des-benevoles-2024-67_web-740x493.jpg 740w, https:\/\/csp.ch\/wp-content\/uploads\/sites\/4\/2024\/11\/Journee-des-benevoles-2024-67_web.jpg 1920w\" sizes=\"auto, (max-width: 300px) 100vw, 300px\" \/>[\/vc_column_text][vc_column_text css=\u00a0\u00bb\u00a0\u00bb] Vous pouvez voir toutes les photos de cette magnifique journ\u00e9e en suivant <a href=\"https:\/\/csp.ch\/vaud\/journee-des-benevoles-2024\/\" target=\"_blank\" rel=\"noopener\">ce lien<\/a>.<\/p>\n<hr \/>\n<h3>Journ\u00e9e des b\u00e9n\u00e9voles du CSP Vaud, 31 octobre 2022<\/h3>\n<p><iframe loading=\"lazy\"  id=\"_ytid_82502\"  width=\"800\" height=\"450\"  data-origwidth=\"800\" data-origheight=\"450\" src=\"https:\/\/www.youtube.com\/embed\/4dPn-4t2iRQ?enablejsapi=1&#038;autoplay=0&#038;cc_load_policy=0&#038;cc_lang_pref=&#038;iv_load_policy=1&#038;loop=0&#038;rel=1&#038;fs=1&#038;playsinline=0&#038;autohide=2&#038;theme=dark&#038;color=red&#038;controls=1&#038;disablekb=0&#038;\" class=\"__youtube_prefs__  epyt-is-override  no-lazyload\" title=\"YouTube player\"  allow=\"fullscreen; accelerometer; autoplay; clipboard-write; encrypted-media; gyroscope; picture-in-picture; web-share\" referrerpolicy=\"strict-origin-when-cross-origin\" allowfullscreen data-no-lazy=\"1\" data-skipgform_ajax_framebjll=\"\"><\/iframe><\/p>\n<p>Le lundi 31 octobre 2022 a eu lieu la sortie annuelle des b\u00e9n\u00e9voles, dans le magnifique Arboretum d\u2019Aubonne. La matin\u00e9e fut consacr\u00e9e \u00e0 ancrer le travail des Galetas dans l\u2019ensemble des questions de durabilit\u00e9, gr\u00e2ce \u00e0 une conf\u00e9rence et des ateliers de la Fondation Zoien. Celle-ci a pour objectifs de r\u00e9pondre aux bouleversements de notre monde au XXIe si\u00e8cle, particuli\u00e8rement ceux engendr\u00e9s par le d\u00e9r\u00e8glement climatique et l\u2019effondrement de la biodiversit\u00e9. Cette matin\u00e9e studieuse fut suivie d\u2019un repas puis de visites de l\u2019Arboretum. Une magnifique journ\u00e9e !<\/p>\n<hr \/>\n<h3>Journ\u00e9e des b\u00e9n\u00e9voles du CSP Vaud, 4 novembre 2019<\/h3>\n<p><iframe loading=\"lazy\"  id=\"_ytid_36011\"  width=\"800\" height=\"450\"  data-origwidth=\"800\" data-origheight=\"450\" src=\"https:\/\/www.youtube.com\/embed\/TRrFzNxr8XM?enablejsapi=1&#038;autoplay=0&#038;cc_load_policy=0&#038;cc_lang_pref=&#038;iv_load_policy=1&#038;loop=0&#038;rel=1&#038;fs=1&#038;playsinline=0&#038;autohide=2&#038;theme=dark&#038;color=red&#038;controls=1&#038;disablekb=0&#038;\" class=\"__youtube_prefs__  epyt-is-override  no-lazyload\" title=\"YouTube player\"  allow=\"fullscreen; accelerometer; autoplay; clipboard-write; encrypted-media; gyroscope; picture-in-picture; web-share\" referrerpolicy=\"strict-origin-when-cross-origin\" allowfullscreen data-no-lazy=\"1\" data-skipgform_ajax_framebjll=\"\"><\/iframe><\/p>\n<p>Une journ\u00e9e sp\u00e9ciale o\u00f9 les b\u00e9n\u00e9voles, accompagn\u00e9\u00b7e\u00b7s des \u00e9quipes salari\u00e9es des Galetas et de la direction du CSP Vaud, sont all\u00e9\u00b7e\u00b7s au CSP de Gen\u00e8ve pour voir comment sont organis\u00e9s ses magasins d&rsquo;occasion. Un grand repas et des discussions ont suivies durant l&rsquo;apr\u00e8s midi. (4 novembre 2019)<\/p>\n<hr \/>\n<h3>Conf\u00e9rence sur le b\u00e9n\u00e9volat, 23 avril 2021<\/h3>\n<p>[\/vc_column_text][vc_column_text]Une conf\u00e9rence sur le b\u00e9n\u00e9volat, par la directrice du CSP Vaud Bastienne Joerchel, offerte par <a href=\"https:\/\/wp.unil.ch\/connaissance3\/\">Connaissance 3<\/a>, l&rsquo;universit\u00e9 des seniors du canton de Vaud.<\/p>\n<p><iframe loading=\"lazy\"  id=\"_ytid_22599\"  width=\"800\" height=\"450\"  data-origwidth=\"800\" data-origheight=\"450\" src=\"https:\/\/www.youtube.com\/embed\/vc_column_text][vc_column_text]?enablejsapi=1&#038;autoplay=0&#038;cc_load_policy=0&#038;cc_lang_pref=&#038;iv_load_policy=1&#038;loop=0&#038;rel=1&#038;fs=1&#038;playsinline=0&#038;autohide=2&#038;theme=dark&#038;color=red&#038;controls=1&#038;disablekb=0&#038;\" class=\"__youtube_prefs__  epyt-is-override  no-lazyload\" title=\"YouTube player\"  allow=\"fullscreen; accelerometer; autoplay; clipboard-write; encrypted-media; gyroscope; picture-in-picture; web-share\" referrerpolicy=\"strict-origin-when-cross-origin\" allowfullscreen data-no-lazy=\"1\" data-skipgform_ajax_framebjll=\"\"><\/iframe><\/p>\n<hr \/>\n<p>Le num\u00e9ro du journal les<a href=\"https:\/\/csp.ch\/vaud\/wp-content\/uploads\/sites\/4\/2019\/12\/NOUVELLES-DECEMBRE-2019-WEB.pdf\"> Nouvelles <\/a>du CSP Vaud, du mois de d\u00e9cembre 2019 est consacr\u00e9 aux b\u00e9n\u00e9voles.<\/p>\n<p><a href=\"https:\/\/csp.ch\/vaud\/wp-content\/uploads\/sites\/4\/2019\/12\/NOUVELLES-DECEMBRE-2019-WEB.pdf\"><img loading=\"lazy\" decoding=\"async\" class=\"alignnone size-medium wp-image-5882\" src=\"https:\/\/csp.ch\/vaud\/wp-content\/uploads\/sites\/4\/2020\/01\/NOUVELLES-DECEMBRE-2019-WEB_couv-212x300.jpg\" alt=\"Nouvelles_CSP Vaud_d\u00e9cembre2020\" width=\"212\" height=\"300\" srcset=\"https:\/\/csp.ch\/wp-content\/uploads\/sites\/4\/2020\/01\/NOUVELLES-DECEMBRE-2019-WEB_couv-212x300.jpg 212w, https:\/\/csp.ch\/wp-content\/uploads\/sites\/4\/2020\/01\/NOUVELLES-DECEMBRE-2019-WEB_couv-723x1024.jpg 723w, https:\/\/csp.ch\/wp-content\/uploads\/sites\/4\/2020\/01\/NOUVELLES-DECEMBRE-2019-WEB_couv-768x1087.jpg 768w, https:\/\/csp.ch\/wp-content\/uploads\/sites\/4\/2020\/01\/NOUVELLES-DECEMBRE-2019-WEB_couv-1085x1536.jpg 1085w, https:\/\/csp.ch\/wp-content\/uploads\/sites\/4\/2020\/01\/NOUVELLES-DECEMBRE-2019-WEB_couv-156x221.jpg 156w, https:\/\/csp.ch\/wp-content\/uploads\/sites\/4\/2020\/01\/NOUVELLES-DECEMBRE-2019-WEB_couv-300x425.jpg 300w, https:\/\/csp.ch\/wp-content\/uploads\/sites\/4\/2020\/01\/NOUVELLES-DECEMBRE-2019-WEB_couv-740x1048.jpg 740w, https:\/\/csp.ch\/wp-content\/uploads\/sites\/4\/2020\/01\/NOUVELLES-DECEMBRE-2019-WEB_couv.jpg 1239w\" sizes=\"auto, (max-width: 212px) 100vw, 212px\" \/><\/a>[\/vc_column_text][\/vc_column][\/vc_row]<\/p>\n<\/div>","protected":false},"excerpt":{"rendered":"<p>[vc_row][vc_column][vc_column_text] Besoin de contacts, d\u2019exp\u00e9rience professionnelle ? Envie d\u2019\u00eatre utile ? D\u2019offrir vos comp\u00e9tences ? Etre b\u00e9n\u00e9vole, c\u2019est agir pour donner du sens \u00e0 la vie, c\u2019est appartenir, en participant \u00e0 un projet collectif, c\u2019est s\u2019ouvrir et se faire plaisir. [\/vc_column_text][vc_column_text css=\u00a0\u00bb\u00a0\u00bb]Le CSP Vaud a besoin de b\u00e9n\u00e9voles pour ses lieux de vente d\u2019occasion ! [&hellip;]<\/p>\n","protected":false},"author":1,"featured_media":18640,"parent":0,"menu_order":0,"comment_status":"closed","ping_status":"closed","template":"","meta":{"_acf_changed":false,"footnotes":""},"class_list":["post-65","page","type-page","status-publish","has-post-thumbnail","hentry"],"acf":[],"yoast_head":"<!-- This site is optimized with the Yoast SEO plugin v27.1.1 - https:\/\/yoast.com\/product\/yoast-seo-wordpress\/ -->\n<title>Devenez b\u00e9n\u00e9voles au sein des Galetas et Boutiques - CSP Vaud<\/title>\n<meta name=\"description\" content=\"Vous avez du temps \u00e0 offrir ? Vos comp\u00e9tences seront utiles dans les lieux de vente d\u2019occasion du CSP Vaud. Essayez sans engagement !\" \/>\n<meta name=\"robots\" content=\"index, follow, max-snippet:-1, max-image-preview:large, max-video-preview:-1\" \/>\n<link rel=\"canonical\" href=\"https:\/\/csp.ch\/vaud\/benevoles\/\" \/>\n<meta property=\"og:locale\" content=\"fr_FR\" \/>\n<meta property=\"og:type\" content=\"article\" \/>\n<meta property=\"og:title\" content=\"Devenez b\u00e9n\u00e9voles au sein des Galetas et Boutiques - CSP Vaud\" \/>\n<meta property=\"og:description\" content=\"Vous avez du temps \u00e0 offrir ? Vos comp\u00e9tences seront utiles dans les lieux de vente d\u2019occasion du CSP Vaud. Essayez sans engagement !\" \/>\n<meta property=\"og:url\" content=\"https:\/\/csp.ch\/vaud\/benevoles\/\" \/>\n<meta property=\"og:site_name\" content=\"CSP Vaud\" \/>\n<meta property=\"article:publisher\" content=\"https:\/\/www.facebook.com\/CSPSuisse\" \/>\n<meta property=\"article:modified_time\" content=\"2025-10-16T14:07:19+00:00\" \/>\n<meta property=\"og:image\" content=\"https:\/\/csp.ch\/wp-content\/uploads\/sites\/4\/2023\/05\/20170617_CSP_MONTREUX\u00a9LaetitiaGessler_PRINT5539-poursite.jpg\" \/>\n\t<meta property=\"og:image:width\" content=\"740\" \/>\n\t<meta property=\"og:image:height\" content=\"360\" \/>\n\t<meta property=\"og:image:type\" content=\"image\/jpeg\" \/>\n<meta name=\"twitter:card\" content=\"summary_large_image\" \/>\n<meta name=\"twitter:label1\" content=\"Dur\u00e9e de lecture estim\u00e9e\" \/>\n\t<meta name=\"twitter:data1\" content=\"4 minutes\" \/>\n<script type=\"application\/ld+json\" class=\"yoast-schema-graph\">{\"@context\":\"https:\/\/schema.org\",\"@graph\":[{\"@type\":\"WebPage\",\"@id\":\"https:\/\/csp.ch\/vaud\/benevoles\/\",\"url\":\"https:\/\/csp.ch\/vaud\/benevoles\/\",\"name\":\"Devenez b\u00e9n\u00e9voles au sein des Galetas et Boutiques - CSP Vaud\",\"isPartOf\":{\"@id\":\"https:\/\/csp.ch\/vaud\/#website\"},\"primaryImageOfPage\":{\"@id\":\"https:\/\/csp.ch\/vaud\/benevoles\/#primaryimage\"},\"image\":{\"@id\":\"https:\/\/csp.ch\/vaud\/benevoles\/#primaryimage\"},\"thumbnailUrl\":\"https:\/\/csp.ch\/wp-content\/uploads\/sites\/4\/2023\/05\/20170617_CSP_MONTREUX\u00a9LaetitiaGessler_PRINT5539-poursite.jpg\",\"datePublished\":\"2015-08-11T11:03:16+00:00\",\"dateModified\":\"2025-10-16T14:07:19+00:00\",\"description\":\"Vous avez du temps \u00e0 offrir ? Vos comp\u00e9tences seront utiles dans les lieux de vente d\u2019occasion du CSP Vaud. Essayez sans engagement !\",\"breadcrumb\":{\"@id\":\"https:\/\/csp.ch\/vaud\/benevoles\/#breadcrumb\"},\"inLanguage\":\"fr-FR\",\"potentialAction\":[{\"@type\":\"ReadAction\",\"target\":[\"https:\/\/csp.ch\/vaud\/benevoles\/\"]}]},{\"@type\":\"ImageObject\",\"inLanguage\":\"fr-FR\",\"@id\":\"https:\/\/csp.ch\/vaud\/benevoles\/#primaryimage\",\"url\":\"https:\/\/csp.ch\/wp-content\/uploads\/sites\/4\/2023\/05\/20170617_CSP_MONTREUX\u00a9LaetitiaGessler_PRINT5539-poursite.jpg\",\"contentUrl\":\"https:\/\/csp.ch\/wp-content\/uploads\/sites\/4\/2023\/05\/20170617_CSP_MONTREUX\u00a9LaetitiaGessler_PRINT5539-poursite.jpg\",\"width\":740,\"height\":360,\"caption\":\"Recherche de b\u00e9n\u00e9voles pour les Galetas du CSP Vaud\"},{\"@type\":\"BreadcrumbList\",\"@id\":\"https:\/\/csp.ch\/vaud\/benevoles\/#breadcrumb\",\"itemListElement\":[{\"@type\":\"ListItem\",\"position\":1,\"name\":\"Accueil\",\"item\":\"https:\/\/csp.ch\/vaud\/\"},{\"@type\":\"ListItem\",\"position\":2,\"name\":\"B\u00e9n\u00e9volat\"}]},{\"@type\":\"WebSite\",\"@id\":\"https:\/\/csp.ch\/vaud\/#website\",\"url\":\"https:\/\/csp.ch\/vaud\/\",\"name\":\"https:\/\/csp.ch\/vaud\/\",\"description\":\"\",\"publisher\":{\"@id\":\"https:\/\/csp.ch\/vaud\/#organization\"},\"potentialAction\":[{\"@type\":\"SearchAction\",\"target\":{\"@type\":\"EntryPoint\",\"urlTemplate\":\"https:\/\/csp.ch\/vaud\/?s={search_term_string}\"},\"query-input\":{\"@type\":\"PropertyValueSpecification\",\"valueRequired\":true,\"valueName\":\"search_term_string\"}}],\"inLanguage\":\"fr-FR\"},{\"@type\":\"Organization\",\"@id\":\"https:\/\/csp.ch\/vaud\/#organization\",\"name\":\"https:\/\/csp.ch\/vaud\/\",\"url\":\"https:\/\/csp.ch\/vaud\/\",\"logo\":{\"@type\":\"ImageObject\",\"inLanguage\":\"fr-FR\",\"@id\":\"https:\/\/csp.ch\/vaud\/#\/schema\/logo\/image\/\",\"url\":\"https:\/\/csp.ch\/wp-content\/uploads\/sites\/4\/2022\/11\/Logo-CSP-VD-RVB.OK_.jpg\",\"contentUrl\":\"https:\/\/csp.ch\/wp-content\/uploads\/sites\/4\/2022\/11\/Logo-CSP-VD-RVB.OK_.jpg\",\"width\":600,\"height\":306,\"caption\":\"https:\/\/csp.ch\/vaud\/\"},\"image\":{\"@id\":\"https:\/\/csp.ch\/vaud\/#\/schema\/logo\/image\/\"},\"sameAs\":[\"https:\/\/www.facebook.com\/CSPSuisse\",\"https:\/\/www.linkedin.com\/company\/csp-vaud\/mycompany\"]}]}<\/script>\n<!-- \/ Yoast SEO plugin. -->","yoast_head_json":{"title":"Devenez b\u00e9n\u00e9voles au sein des Galetas et Boutiques - CSP Vaud","description":"Vous avez du temps \u00e0 offrir ? Vos comp\u00e9tences seront utiles dans les lieux de vente d\u2019occasion du CSP Vaud. Essayez sans engagement !","robots":{"index":"index","follow":"follow","max-snippet":"max-snippet:-1","max-image-preview":"max-image-preview:large","max-video-preview":"max-video-preview:-1"},"canonical":"https:\/\/csp.ch\/vaud\/benevoles\/","og_locale":"fr_FR","og_type":"article","og_title":"Devenez b\u00e9n\u00e9voles au sein des Galetas et Boutiques - CSP Vaud","og_description":"Vous avez du temps \u00e0 offrir ? Vos comp\u00e9tences seront utiles dans les lieux de vente d\u2019occasion du CSP Vaud. Essayez sans engagement !","og_url":"https:\/\/csp.ch\/vaud\/benevoles\/","og_site_name":"CSP Vaud","article_publisher":"https:\/\/www.facebook.com\/CSPSuisse","article_modified_time":"2025-10-16T14:07:19+00:00","og_image":[{"width":740,"height":360,"url":"https:\/\/csp.ch\/wp-content\/uploads\/sites\/4\/2023\/05\/20170617_CSP_MONTREUX\u00a9LaetitiaGessler_PRINT5539-poursite.jpg","type":"image\/jpeg"}],"twitter_card":"summary_large_image","twitter_misc":{"Dur\u00e9e de lecture estim\u00e9e":"4 minutes"},"schema":{"@context":"https:\/\/schema.org","@graph":[{"@type":"WebPage","@id":"https:\/\/csp.ch\/vaud\/benevoles\/","url":"https:\/\/csp.ch\/vaud\/benevoles\/","name":"Devenez b\u00e9n\u00e9voles au sein des Galetas et Boutiques - CSP Vaud","isPartOf":{"@id":"https:\/\/csp.ch\/vaud\/#website"},"primaryImageOfPage":{"@id":"https:\/\/csp.ch\/vaud\/benevoles\/#primaryimage"},"image":{"@id":"https:\/\/csp.ch\/vaud\/benevoles\/#primaryimage"},"thumbnailUrl":"https:\/\/csp.ch\/wp-content\/uploads\/sites\/4\/2023\/05\/20170617_CSP_MONTREUX\u00a9LaetitiaGessler_PRINT5539-poursite.jpg","datePublished":"2015-08-11T11:03:16+00:00","dateModified":"2025-10-16T14:07:19+00:00","description":"Vous avez du temps \u00e0 offrir ? Vos comp\u00e9tences seront utiles dans les lieux de vente d\u2019occasion du CSP Vaud. Essayez sans engagement !","breadcrumb":{"@id":"https:\/\/csp.ch\/vaud\/benevoles\/#breadcrumb"},"inLanguage":"fr-FR","potentialAction":[{"@type":"ReadAction","target":["https:\/\/csp.ch\/vaud\/benevoles\/"]}]},{"@type":"ImageObject","inLanguage":"fr-FR","@id":"https:\/\/csp.ch\/vaud\/benevoles\/#primaryimage","url":"https:\/\/csp.ch\/wp-content\/uploads\/sites\/4\/2023\/05\/20170617_CSP_MONTREUX\u00a9LaetitiaGessler_PRINT5539-poursite.jpg","contentUrl":"https:\/\/csp.ch\/wp-content\/uploads\/sites\/4\/2023\/05\/20170617_CSP_MONTREUX\u00a9LaetitiaGessler_PRINT5539-poursite.jpg","width":740,"height":360,"caption":"Recherche de b\u00e9n\u00e9voles pour les Galetas du CSP Vaud"},{"@type":"BreadcrumbList","@id":"https:\/\/csp.ch\/vaud\/benevoles\/#breadcrumb","itemListElement":[{"@type":"ListItem","position":1,"name":"Accueil","item":"https:\/\/csp.ch\/vaud\/"},{"@type":"ListItem","position":2,"name":"B\u00e9n\u00e9volat"}]},{"@type":"WebSite","@id":"https:\/\/csp.ch\/vaud\/#website","url":"https:\/\/csp.ch\/vaud\/","name":"https:\/\/csp.ch\/vaud\/","description":"","publisher":{"@id":"https:\/\/csp.ch\/vaud\/#organization"},"potentialAction":[{"@type":"SearchAction","target":{"@type":"EntryPoint","urlTemplate":"https:\/\/csp.ch\/vaud\/?s={search_term_string}"},"query-input":{"@type":"PropertyValueSpecification","valueRequired":true,"valueName":"search_term_string"}}],"inLanguage":"fr-FR"},{"@type":"Organization","@id":"https:\/\/csp.ch\/vaud\/#organization","name":"https:\/\/csp.ch\/vaud\/","url":"https:\/\/csp.ch\/vaud\/","logo":{"@type":"ImageObject","inLanguage":"fr-FR","@id":"https:\/\/csp.ch\/vaud\/#\/schema\/logo\/image\/","url":"https:\/\/csp.ch\/wp-content\/uploads\/sites\/4\/2022\/11\/Logo-CSP-VD-RVB.OK_.jpg","contentUrl":"https:\/\/csp.ch\/wp-content\/uploads\/sites\/4\/2022\/11\/Logo-CSP-VD-RVB.OK_.jpg","width":600,"height":306,"caption":"https:\/\/csp.ch\/vaud\/"},"image":{"@id":"https:\/\/csp.ch\/vaud\/#\/schema\/logo\/image\/"},"sameAs":["https:\/\/www.facebook.com\/CSPSuisse","https:\/\/www.linkedin.com\/company\/csp-vaud\/mycompany"]}]}},"_links":{"self":[{"href":"https:\/\/csp.ch\/vaud\/wp-json\/wp\/v2\/pages\/65","targetHints":{"allow":["GET"]}}],"collection":[{"href":"https:\/\/csp.ch\/vaud\/wp-json\/wp\/v2\/pages"}],"about":[{"href":"https:\/\/csp.ch\/vaud\/wp-json\/wp\/v2\/types\/page"}],"author":[{"embeddable":true,"href":"https:\/\/csp.ch\/vaud\/wp-json\/wp\/v2\/users\/1"}],"replies":[{"embeddable":true,"href":"https:\/\/csp.ch\/vaud\/wp-json\/wp\/v2\/comments?post=65"}],"version-history":[{"count":3,"href":"https:\/\/csp.ch\/vaud\/wp-json\/wp\/v2\/pages\/65\/revisions"}],"predecessor-version":[{"id":1226,"href":"https:\/\/csp.ch\/vaud\/wp-json\/wp\/v2\/pages\/65\/revisions\/1226"}],"wp:featuredmedia":[{"embeddable":true,"href":"https:\/\/csp.ch\/vaud\/wp-json\/wp\/v2\/media\/18640"}],"wp:attachment":[{"href":"https:\/\/csp.ch\/vaud\/wp-json\/wp\/v2\/media?parent=65"}],"curies":[{"name":"wp","href":"https:\/\/api.w.org\/{rel}","templated":true}]}}