{"id":6219,"date":"2020-03-05T13:48:35","date_gmt":"2020-03-05T12:48:35","guid":{"rendered":"https:\/\/csp.ch\/vaud\/?page_id=6219"},"modified":"2024-09-25T19:54:38","modified_gmt":"2024-09-25T17:54:38","slug":"campagne-de-mars","status":"publish","type":"page","link":"https:\/\/csp.ch\/vaud\/dons\/campagne-de-mars\/","title":{"rendered":"<strong>Campagne <\/strong>des 4 CSP : aidez-nous \u00e0<strong> aider !<\/strong>"},"content":{"rendered":"<p>Chaque ann\u00e9e, les quatre Centres sociaux protestants de Suisse romande m\u00e8nent leur campagne de communication. Il s&rsquo;agit d&rsquo;une campagne d&rsquo;information sur un sujet de politique sociale, pr\u00e9sentant les constats \u00e9manant du terrain et les propositions qui peuvent \u00eatre faites pour rem\u00e9dier \u00e0 des probl\u00e8mes identifi\u00e9s.<\/p>\n<p>Il s&rsquo;agit aussi d&rsquo;une campagne de recherche de fonds, puisque le soutien du public aux activit\u00e9s des CSP est vital pour chacun. Ce soutien, qui repr\u00e9sente des proportions diff\u00e9rentes du budget selon les CSP, est le garant de l&rsquo;ind\u00e9pendance des ces services priv\u00e9s offrant des prestations professionnelles aux personnes en difficult\u00e9.<\/p>\n<p>Au CSP Vaud, les dons repr\u00e9sentent pr\u00e8s de 1&rsquo;400&rsquo;000 francs chaque ann\u00e9e.<\/p>\n<blockquote><p>Vous souhaitez participer activement \u00e0 la campagne du CSP ?<\/p><\/blockquote>\n<ul>\n<li>Vous pouvez <strong>t\u00e9l\u00e9charger<\/strong> la ou les <strong>affiches<\/strong> qui vous plaisent et les mettre en \u00e9vidence dans les lieux que vous jugez ad\u00e9quats. (cliquez sur les visuels ci-dessous !)<\/li>\n<li>Vous pouvez <strong>habiller votre page facebook<\/strong> avec la\u00a0 couverture ci-dessous.<\/li>\n<li>Vous pouvez bien s\u00fbr <a href=\"https:\/\/csp.ch\/vaud\/dons\/\">faire un don\u00a0<\/a>.<\/li>\n<\/ul>\n<p>D&rsquo;avance un grand merci pour votre soutien !<\/p>\n<p><a href=\"https:\/\/csp.ch\/wp-content\/uploads\/sites\/4\/2021\/11\/CSP_2021_A4_420x594_2.pdf\"><img loading=\"lazy\" decoding=\"async\" class=\"size-medium wp-image-12649 alignnone\" src=\"https:\/\/csp.ch\/wp-content\/uploads\/sites\/4\/2021\/11\/CSP_2021_A4_420x594_1-212x300.jpg\" alt=\"\" width=\"212\" height=\"300\" srcset=\"https:\/\/csp.ch\/wp-content\/uploads\/sites\/4\/2021\/11\/CSP_2021_A4_420x594_1-212x300.jpg 212w, https:\/\/csp.ch\/wp-content\/uploads\/sites\/4\/2021\/11\/CSP_2021_A4_420x594_1-724x1024.jpg 724w, https:\/\/csp.ch\/wp-content\/uploads\/sites\/4\/2021\/11\/CSP_2021_A4_420x594_1-768x1086.jpg 768w, https:\/\/csp.ch\/wp-content\/uploads\/sites\/4\/2021\/11\/CSP_2021_A4_420x594_1-1087x1536.jpg 1087w, https:\/\/csp.ch\/wp-content\/uploads\/sites\/4\/2021\/11\/CSP_2021_A4_420x594_1-156x221.jpg 156w, https:\/\/csp.ch\/wp-content\/uploads\/sites\/4\/2021\/11\/CSP_2021_A4_420x594_1-300x424.jpg 300w, https:\/\/csp.ch\/wp-content\/uploads\/sites\/4\/2021\/11\/CSP_2021_A4_420x594_1-740x1046.jpg 740w, https:\/\/csp.ch\/wp-content\/uploads\/sites\/4\/2021\/11\/CSP_2021_A4_420x594_1.jpg 1240w\" sizes=\"auto, (max-width: 212px) 100vw, 212px\" \/><\/a>\u00a0 \u00a0 <a href=\"https:\/\/csp.ch\/wp-content\/uploads\/sites\/4\/2021\/11\/CSP_2021_A4_420x594_3.pdf\"><img loading=\"lazy\" decoding=\"async\" class=\"wp-image-12648 alignnone\" src=\"https:\/\/csp.ch\/wp-content\/uploads\/sites\/4\/2021\/11\/CSP_2021_A4_420x594_2-212x300.jpg\" alt=\"\" width=\"212\" height=\"300\" srcset=\"https:\/\/csp.ch\/wp-content\/uploads\/sites\/4\/2021\/11\/CSP_2021_A4_420x594_2-212x300.jpg 212w, https:\/\/csp.ch\/wp-content\/uploads\/sites\/4\/2021\/11\/CSP_2021_A4_420x594_2-724x1024.jpg 724w, https:\/\/csp.ch\/wp-content\/uploads\/sites\/4\/2021\/11\/CSP_2021_A4_420x594_2-768x1086.jpg 768w, https:\/\/csp.ch\/wp-content\/uploads\/sites\/4\/2021\/11\/CSP_2021_A4_420x594_2-1087x1536.jpg 1087w, https:\/\/csp.ch\/wp-content\/uploads\/sites\/4\/2021\/11\/CSP_2021_A4_420x594_2-156x221.jpg 156w, https:\/\/csp.ch\/wp-content\/uploads\/sites\/4\/2021\/11\/CSP_2021_A4_420x594_2-300x424.jpg 300w, https:\/\/csp.ch\/wp-content\/uploads\/sites\/4\/2021\/11\/CSP_2021_A4_420x594_2-740x1046.jpg 740w, https:\/\/csp.ch\/wp-content\/uploads\/sites\/4\/2021\/11\/CSP_2021_A4_420x594_2.jpg 1240w\" sizes=\"auto, (max-width: 212px) 100vw, 212px\" \/><\/a><a href=\"https:\/\/csp.ch\/wp-content\/uploads\/sites\/4\/2021\/11\/CSP_2021_A4_420x594_4.pdf\">\u00a0<\/a> \u00a0\u00a0<a href=\"https:\/\/csp.ch\/wp-content\/uploads\/sites\/4\/2021\/11\/CSP_2021_A4_420x594_1.pdf\"><img loading=\"lazy\" decoding=\"async\" class=\"size-medium wp-image-12646 alignnone\" src=\"https:\/\/csp.ch\/wp-content\/uploads\/sites\/4\/2021\/11\/CSP_2021_A4_420x594_3-212x300.jpg\" alt=\"\" width=\"212\" height=\"300\" srcset=\"https:\/\/csp.ch\/wp-content\/uploads\/sites\/4\/2021\/11\/CSP_2021_A4_420x594_3-212x300.jpg 212w, https:\/\/csp.ch\/wp-content\/uploads\/sites\/4\/2021\/11\/CSP_2021_A4_420x594_3-724x1024.jpg 724w, https:\/\/csp.ch\/wp-content\/uploads\/sites\/4\/2021\/11\/CSP_2021_A4_420x594_3-768x1086.jpg 768w, https:\/\/csp.ch\/wp-content\/uploads\/sites\/4\/2021\/11\/CSP_2021_A4_420x594_3-1087x1536.jpg 1087w, https:\/\/csp.ch\/wp-content\/uploads\/sites\/4\/2021\/11\/CSP_2021_A4_420x594_3-156x221.jpg 156w, https:\/\/csp.ch\/wp-content\/uploads\/sites\/4\/2021\/11\/CSP_2021_A4_420x594_3-300x424.jpg 300w, https:\/\/csp.ch\/wp-content\/uploads\/sites\/4\/2021\/11\/CSP_2021_A4_420x594_3-740x1046.jpg 740w, https:\/\/csp.ch\/wp-content\/uploads\/sites\/4\/2021\/11\/CSP_2021_A4_420x594_3.jpg 1240w\" sizes=\"auto, (max-width: 212px) 100vw, 212px\" \/>\u00a0\u00a0\u00a0\u00a0<\/a><img loading=\"lazy\" decoding=\"async\" class=\"size-medium wp-image-12647 alignnone\" src=\"https:\/\/csp.ch\/wp-content\/uploads\/sites\/4\/2021\/11\/CSP_2021_A4_420x594__4-212x300.jpg\" alt=\"\" width=\"212\" height=\"300\" srcset=\"https:\/\/csp.ch\/wp-content\/uploads\/sites\/4\/2021\/11\/CSP_2021_A4_420x594__4-212x300.jpg 212w, https:\/\/csp.ch\/wp-content\/uploads\/sites\/4\/2021\/11\/CSP_2021_A4_420x594__4-724x1024.jpg 724w, https:\/\/csp.ch\/wp-content\/uploads\/sites\/4\/2021\/11\/CSP_2021_A4_420x594__4-768x1086.jpg 768w, https:\/\/csp.ch\/wp-content\/uploads\/sites\/4\/2021\/11\/CSP_2021_A4_420x594__4-1087x1536.jpg 1087w, https:\/\/csp.ch\/wp-content\/uploads\/sites\/4\/2021\/11\/CSP_2021_A4_420x594__4-156x221.jpg 156w, https:\/\/csp.ch\/wp-content\/uploads\/sites\/4\/2021\/11\/CSP_2021_A4_420x594__4-300x424.jpg 300w, https:\/\/csp.ch\/wp-content\/uploads\/sites\/4\/2021\/11\/CSP_2021_A4_420x594__4-740x1046.jpg 740w, https:\/\/csp.ch\/wp-content\/uploads\/sites\/4\/2021\/11\/CSP_2021_A4_420x594__4.jpg 1240w\" sizes=\"auto, (max-width: 212px) 100vw, 212px\" \/><\/p>\n<p>Et si vous souhaitez recevoir des affiches ou des exemplaires du <a href=\"https:\/\/csp.ch\/wp-content\/uploads\/sites\/4\/2024\/06\/CSP2024_essentiel-en-bref-pageparpage.pdf\">d\u00e9pliant de pr\u00e9sentation du CSP Vaud<\/a>, <a href=\"&#109;a&#x69;l&#x74;o&#x3a;i&#x6e;f&#x6f;&#64;&#x63;&#115;&#x70;&#45;&#x76;&#100;&#x2e;&#99;&#x68;\">contactez-nous par mail<\/a>\u00a0et nous vous les ferons parvenir avec plaisir.<\/p>\n<p><strong>Pour habiller votre page facebook :\u00a0<\/strong><\/p>\n<p><a href=\"https:\/\/csp.ch\/wp-content\/uploads\/sites\/4\/2021\/11\/CSP-COVER-FB_851x315.jpg\"><img loading=\"lazy\" decoding=\"async\" class=\"alignnone size-medium wp-image-12667\" src=\"https:\/\/csp.ch\/wp-content\/uploads\/sites\/4\/2021\/11\/CSP-COVER-FB_851x315-300x111.jpg\" alt=\"la pr\u00e9carit\u00e9 a un visage, la solidarit\u00e9 aussi - CSP\" width=\"300\" height=\"111\" srcset=\"https:\/\/csp.ch\/wp-content\/uploads\/sites\/4\/2021\/11\/CSP-COVER-FB_851x315-300x111.jpg 300w, https:\/\/csp.ch\/wp-content\/uploads\/sites\/4\/2021\/11\/CSP-COVER-FB_851x315-768x284.jpg 768w, https:\/\/csp.ch\/wp-content\/uploads\/sites\/4\/2021\/11\/CSP-COVER-FB_851x315-495x183.jpg 495w, https:\/\/csp.ch\/wp-content\/uploads\/sites\/4\/2021\/11\/CSP-COVER-FB_851x315-740x274.jpg 740w, https:\/\/csp.ch\/wp-content\/uploads\/sites\/4\/2021\/11\/CSP-COVER-FB_851x315.jpg 851w\" sizes=\"auto, (max-width: 300px) 100vw, 300px\" \/><\/a><\/p>\n","protected":false},"excerpt":{"rendered":"<p>Chaque ann\u00e9e, les quatre Centres sociaux protestants de Suisse romande m\u00e8nent leur campagne de communication. Il s&rsquo;agit d&rsquo;une campagne d&rsquo;information sur un sujet de politique sociale, pr\u00e9sentant les constats \u00e9manant du terrain et les propositions qui peuvent \u00eatre faites pour rem\u00e9dier \u00e0 des probl\u00e8mes identifi\u00e9s. Il s&rsquo;agit aussi d&rsquo;une campagne de recherche de fonds, puisque [&hellip;]<\/p>\n","protected":false},"author":2,"featured_media":13896,"parent":69,"menu_order":0,"comment_status":"closed","ping_status":"closed","template":"","meta":{"_acf_changed":false,"footnotes":""},"class_list":["post-6219","page","type-page","status-publish","has-post-thumbnail","hentry"],"acf":[],"yoast_head":"<!-- This site is optimized with the Yoast SEO plugin v27.1.1 - https:\/\/yoast.com\/product\/yoast-seo-wordpress\/ -->\n<title>Campagne des 4 CSP : aidez-nous \u00e0 aider ! - CSP Vaud<\/title>\n<meta name=\"description\" content=\"Chaque ann\u00e9e, les quatre CSP font une campagne d&#039;information sur une sujet de politique sociale et de recherche de fonds.\" \/>\n<meta name=\"robots\" content=\"index, follow, max-snippet:-1, max-image-preview:large, max-video-preview:-1\" \/>\n<link rel=\"canonical\" href=\"https:\/\/csp.ch\/vaud\/dons\/campagne-de-mars\/\" \/>\n<meta property=\"og:locale\" content=\"fr_FR\" \/>\n<meta property=\"og:type\" content=\"article\" \/>\n<meta property=\"og:title\" content=\"Campagne des 4 CSP : aidez-nous \u00e0 aider ! - CSP Vaud\" \/>\n<meta property=\"og:description\" content=\"Chaque ann\u00e9e, les quatre CSP font une campagne d&#039;information sur une sujet de politique sociale et de recherche de fonds.\" \/>\n<meta property=\"og:url\" content=\"https:\/\/csp.ch\/vaud\/dons\/campagne-de-mars\/\" \/>\n<meta property=\"og:site_name\" content=\"CSP Vaud\" \/>\n<meta property=\"article:publisher\" content=\"https:\/\/www.facebook.com\/CSPSuisse\" \/>\n<meta property=\"article:modified_time\" content=\"2024-09-25T17:54:38+00:00\" \/>\n<meta property=\"og:image\" content=\"https:\/\/csp.ch\/wp-content\/uploads\/sites\/4\/2022\/03\/csp-vaud-don-2.jpg\" \/>\n\t<meta property=\"og:image:width\" content=\"719\" \/>\n\t<meta property=\"og:image:height\" content=\"310\" \/>\n\t<meta property=\"og:image:type\" content=\"image\/jpeg\" \/>\n<meta name=\"twitter:card\" content=\"summary_large_image\" \/>\n<meta name=\"twitter:label1\" content=\"Dur\u00e9e de lecture estim\u00e9e\" \/>\n\t<meta name=\"twitter:data1\" content=\"3 minutes\" \/>\n<script type=\"application\/ld+json\" class=\"yoast-schema-graph\">{\"@context\":\"https:\/\/schema.org\",\"@graph\":[{\"@type\":\"WebPage\",\"@id\":\"https:\/\/csp.ch\/vaud\/dons\/campagne-de-mars\/\",\"url\":\"https:\/\/csp.ch\/vaud\/dons\/campagne-de-mars\/\",\"name\":\"Campagne des 4 CSP : aidez-nous \u00e0 aider ! - CSP Vaud\",\"isPartOf\":{\"@id\":\"https:\/\/csp.ch\/vaud\/#website\"},\"primaryImageOfPage\":{\"@id\":\"https:\/\/csp.ch\/vaud\/dons\/campagne-de-mars\/#primaryimage\"},\"image\":{\"@id\":\"https:\/\/csp.ch\/vaud\/dons\/campagne-de-mars\/#primaryimage\"},\"thumbnailUrl\":\"https:\/\/csp.ch\/wp-content\/uploads\/sites\/4\/2022\/03\/csp-vaud-don-2.jpg\",\"datePublished\":\"2020-03-05T12:48:35+00:00\",\"dateModified\":\"2024-09-25T17:54:38+00:00\",\"description\":\"Chaque ann\u00e9e, les quatre CSP font une campagne d'information sur une sujet de politique sociale et de recherche de fonds.\",\"breadcrumb\":{\"@id\":\"https:\/\/csp.ch\/vaud\/dons\/campagne-de-mars\/#breadcrumb\"},\"inLanguage\":\"fr-FR\",\"potentialAction\":[{\"@type\":\"ReadAction\",\"target\":[\"https:\/\/csp.ch\/vaud\/dons\/campagne-de-mars\/\"]}]},{\"@type\":\"ImageObject\",\"inLanguage\":\"fr-FR\",\"@id\":\"https:\/\/csp.ch\/vaud\/dons\/campagne-de-mars\/#primaryimage\",\"url\":\"https:\/\/csp.ch\/wp-content\/uploads\/sites\/4\/2022\/03\/csp-vaud-don-2.jpg\",\"contentUrl\":\"https:\/\/csp.ch\/wp-content\/uploads\/sites\/4\/2022\/03\/csp-vaud-don-2.jpg\",\"width\":719,\"height\":310,\"caption\":\"la pr\u00e9carit\u00e9 a un visage, la solidarit\u00e9 aussi\"},{\"@type\":\"BreadcrumbList\",\"@id\":\"https:\/\/csp.ch\/vaud\/dons\/campagne-de-mars\/#breadcrumb\",\"itemListElement\":[{\"@type\":\"ListItem\",\"position\":1,\"name\":\"Accueil\",\"item\":\"https:\/\/csp.ch\/vaud\/\"},{\"@type\":\"ListItem\",\"position\":2,\"name\":\"Faire un Don\",\"item\":\"https:\/\/csp.ch\/vaud\/dons\/\"},{\"@type\":\"ListItem\",\"position\":3,\"name\":\"Campagne des 4 CSP : aidez-nous \u00e0 aider !\"}]},{\"@type\":\"WebSite\",\"@id\":\"https:\/\/csp.ch\/vaud\/#website\",\"url\":\"https:\/\/csp.ch\/vaud\/\",\"name\":\"https:\/\/csp.ch\/vaud\/\",\"description\":\"\",\"publisher\":{\"@id\":\"https:\/\/csp.ch\/vaud\/#organization\"},\"potentialAction\":[{\"@type\":\"SearchAction\",\"target\":{\"@type\":\"EntryPoint\",\"urlTemplate\":\"https:\/\/csp.ch\/vaud\/?s={search_term_string}\"},\"query-input\":{\"@type\":\"PropertyValueSpecification\",\"valueRequired\":true,\"valueName\":\"search_term_string\"}}],\"inLanguage\":\"fr-FR\"},{\"@type\":\"Organization\",\"@id\":\"https:\/\/csp.ch\/vaud\/#organization\",\"name\":\"https:\/\/csp.ch\/vaud\/\",\"url\":\"https:\/\/csp.ch\/vaud\/\",\"logo\":{\"@type\":\"ImageObject\",\"inLanguage\":\"fr-FR\",\"@id\":\"https:\/\/csp.ch\/vaud\/#\/schema\/logo\/image\/\",\"url\":\"https:\/\/csp.ch\/wp-content\/uploads\/sites\/4\/2022\/11\/Logo-CSP-VD-RVB.OK_.jpg\",\"contentUrl\":\"https:\/\/csp.ch\/wp-content\/uploads\/sites\/4\/2022\/11\/Logo-CSP-VD-RVB.OK_.jpg\",\"width\":600,\"height\":306,\"caption\":\"https:\/\/csp.ch\/vaud\/\"},\"image\":{\"@id\":\"https:\/\/csp.ch\/vaud\/#\/schema\/logo\/image\/\"},\"sameAs\":[\"https:\/\/www.facebook.com\/CSPSuisse\",\"https:\/\/www.linkedin.com\/company\/csp-vaud\/mycompany\"]}]}<\/script>\n<!-- \/ Yoast SEO plugin. -->","yoast_head_json":{"title":"Campagne des 4 CSP : aidez-nous \u00e0 aider ! - CSP Vaud","description":"Chaque ann\u00e9e, les quatre CSP font une campagne d'information sur une sujet de politique sociale et de recherche de fonds.","robots":{"index":"index","follow":"follow","max-snippet":"max-snippet:-1","max-image-preview":"max-image-preview:large","max-video-preview":"max-video-preview:-1"},"canonical":"https:\/\/csp.ch\/vaud\/dons\/campagne-de-mars\/","og_locale":"fr_FR","og_type":"article","og_title":"Campagne des 4 CSP : aidez-nous \u00e0 aider ! - CSP Vaud","og_description":"Chaque ann\u00e9e, les quatre CSP font une campagne d'information sur une sujet de politique sociale et de recherche de fonds.","og_url":"https:\/\/csp.ch\/vaud\/dons\/campagne-de-mars\/","og_site_name":"CSP Vaud","article_publisher":"https:\/\/www.facebook.com\/CSPSuisse","article_modified_time":"2024-09-25T17:54:38+00:00","og_image":[{"width":719,"height":310,"url":"https:\/\/csp.ch\/wp-content\/uploads\/sites\/4\/2022\/03\/csp-vaud-don-2.jpg","type":"image\/jpeg"}],"twitter_card":"summary_large_image","twitter_misc":{"Dur\u00e9e de lecture estim\u00e9e":"3 minutes"},"schema":{"@context":"https:\/\/schema.org","@graph":[{"@type":"WebPage","@id":"https:\/\/csp.ch\/vaud\/dons\/campagne-de-mars\/","url":"https:\/\/csp.ch\/vaud\/dons\/campagne-de-mars\/","name":"Campagne des 4 CSP : aidez-nous \u00e0 aider ! - CSP Vaud","isPartOf":{"@id":"https:\/\/csp.ch\/vaud\/#website"},"primaryImageOfPage":{"@id":"https:\/\/csp.ch\/vaud\/dons\/campagne-de-mars\/#primaryimage"},"image":{"@id":"https:\/\/csp.ch\/vaud\/dons\/campagne-de-mars\/#primaryimage"},"thumbnailUrl":"https:\/\/csp.ch\/wp-content\/uploads\/sites\/4\/2022\/03\/csp-vaud-don-2.jpg","datePublished":"2020-03-05T12:48:35+00:00","dateModified":"2024-09-25T17:54:38+00:00","description":"Chaque ann\u00e9e, les quatre CSP font une campagne d'information sur une sujet de politique sociale et de recherche de fonds.","breadcrumb":{"@id":"https:\/\/csp.ch\/vaud\/dons\/campagne-de-mars\/#breadcrumb"},"inLanguage":"fr-FR","potentialAction":[{"@type":"ReadAction","target":["https:\/\/csp.ch\/vaud\/dons\/campagne-de-mars\/"]}]},{"@type":"ImageObject","inLanguage":"fr-FR","@id":"https:\/\/csp.ch\/vaud\/dons\/campagne-de-mars\/#primaryimage","url":"https:\/\/csp.ch\/wp-content\/uploads\/sites\/4\/2022\/03\/csp-vaud-don-2.jpg","contentUrl":"https:\/\/csp.ch\/wp-content\/uploads\/sites\/4\/2022\/03\/csp-vaud-don-2.jpg","width":719,"height":310,"caption":"la pr\u00e9carit\u00e9 a un visage, la solidarit\u00e9 aussi"},{"@type":"BreadcrumbList","@id":"https:\/\/csp.ch\/vaud\/dons\/campagne-de-mars\/#breadcrumb","itemListElement":[{"@type":"ListItem","position":1,"name":"Accueil","item":"https:\/\/csp.ch\/vaud\/"},{"@type":"ListItem","position":2,"name":"Faire un Don","item":"https:\/\/csp.ch\/vaud\/dons\/"},{"@type":"ListItem","position":3,"name":"Campagne des 4 CSP : aidez-nous \u00e0 aider !"}]},{"@type":"WebSite","@id":"https:\/\/csp.ch\/vaud\/#website","url":"https:\/\/csp.ch\/vaud\/","name":"https:\/\/csp.ch\/vaud\/","description":"","publisher":{"@id":"https:\/\/csp.ch\/vaud\/#organization"},"potentialAction":[{"@type":"SearchAction","target":{"@type":"EntryPoint","urlTemplate":"https:\/\/csp.ch\/vaud\/?s={search_term_string}"},"query-input":{"@type":"PropertyValueSpecification","valueRequired":true,"valueName":"search_term_string"}}],"inLanguage":"fr-FR"},{"@type":"Organization","@id":"https:\/\/csp.ch\/vaud\/#organization","name":"https:\/\/csp.ch\/vaud\/","url":"https:\/\/csp.ch\/vaud\/","logo":{"@type":"ImageObject","inLanguage":"fr-FR","@id":"https:\/\/csp.ch\/vaud\/#\/schema\/logo\/image\/","url":"https:\/\/csp.ch\/wp-content\/uploads\/sites\/4\/2022\/11\/Logo-CSP-VD-RVB.OK_.jpg","contentUrl":"https:\/\/csp.ch\/wp-content\/uploads\/sites\/4\/2022\/11\/Logo-CSP-VD-RVB.OK_.jpg","width":600,"height":306,"caption":"https:\/\/csp.ch\/vaud\/"},"image":{"@id":"https:\/\/csp.ch\/vaud\/#\/schema\/logo\/image\/"},"sameAs":["https:\/\/www.facebook.com\/CSPSuisse","https:\/\/www.linkedin.com\/company\/csp-vaud\/mycompany"]}]}},"_links":{"self":[{"href":"https:\/\/csp.ch\/vaud\/wp-json\/wp\/v2\/pages\/6219","targetHints":{"allow":["GET"]}}],"collection":[{"href":"https:\/\/csp.ch\/vaud\/wp-json\/wp\/v2\/pages"}],"about":[{"href":"https:\/\/csp.ch\/vaud\/wp-json\/wp\/v2\/types\/page"}],"author":[{"embeddable":true,"href":"https:\/\/csp.ch\/vaud\/wp-json\/wp\/v2\/users\/2"}],"replies":[{"embeddable":true,"href":"https:\/\/csp.ch\/vaud\/wp-json\/wp\/v2\/comments?post=6219"}],"version-history":[{"count":3,"href":"https:\/\/csp.ch\/vaud\/wp-json\/wp\/v2\/pages\/6219\/revisions"}],"predecessor-version":[{"id":23090,"href":"https:\/\/csp.ch\/vaud\/wp-json\/wp\/v2\/pages\/6219\/revisions\/23090"}],"up":[{"embeddable":true,"href":"https:\/\/csp.ch\/vaud\/wp-json\/wp\/v2\/pages\/69"}],"wp:featuredmedia":[{"embeddable":true,"href":"https:\/\/csp.ch\/vaud\/wp-json\/wp\/v2\/media\/13896"}],"wp:attachment":[{"href":"https:\/\/csp.ch\/vaud\/wp-json\/wp\/v2\/media?parent=6219"}],"curies":[{"name":"wp","href":"https:\/\/api.w.org\/{rel}","templated":true}]}}