{"id":573,"date":"2015-10-14T14:20:38","date_gmt":"2015-10-14T13:20:38","guid":{"rendered":"https:\/\/csp.ch\/vd\/?page_id=573"},"modified":"2025-10-23T12:36:41","modified_gmt":"2025-10-23T10:36:41","slug":"location-de-salle","status":"publish","type":"page","link":"https:\/\/csp.ch\/vaud\/location-de-salle\/","title":{"rendered":"Location de <strong>salle<\/strong>"},"content":{"rendered":"<div class=\"wpb-content-wrapper\"><p>[vc_row][vc_column][vc_column_text css=\u00a0\u00bb\u00a0\u00bb]<\/p>\n<blockquote><p>La Salle de la Fraternit\u00e9 est un lieu \u00e0 disposition des communaut\u00e9s \u00e9trang\u00e8res pour y mener des activit\u00e9s ponctuelles.<\/p><\/blockquote>\n<p>&nbsp;<\/p>\n<p>Elle sert aussi pour la mise sur pied de projets et manifestations en lien avec la migration. C\u2019est dans cette salle qu\u2019ont lieu les permanences sociales, les soir\u00e9es d\u2019information et les journ\u00e9es de formation anim\u00e9es par les collaborateurs et les collaboratrices du CSP Vaud.<\/p>\n<p>&nbsp;<\/p>\n<h4>C\u2019est aussi une salle offerte \u00e0 la location.<\/h4>\n<ul>\n<li>Espace accueil et vestiaire<\/li>\n<li>dimension de la salle : 83 m<sup>2 <\/sup><\/li>\n<li>nombre de personnes : 60 personnes dans la salle et 20 personnes dans le hall<\/li>\n<li>2 parois amovibles pour s\u00e9parer la salle<\/li>\n<li>Cuisine \u00e9quip\u00e9e professionnellement avec service vaisselle complet, machine \u00e0 laver la vaisselle,\u00a0machine \u00e0 caf\u00e9, 2 frigos et 1 cong\u00e9lateur<\/li>\n<li>Wi-Fi, beamer et \u00e9cran<\/li>\n<li>Equipement sono &#8211; \u00a0\u00e0 louer au prix de Fr. 50.-<\/li>\n<li>une table de mixage, 2 colonne audio professionnel\u00a075dB (micro inclus)<\/li>\n<li>2 microphones, 1 micro-cravate<\/li>\n<\/ul>\n<h4>Les tarifs sont fix\u00e9s par plage horaire. Ils sont explicit\u00e9s dans le formulaire de location ci-dessous.<\/h4>\n<h4><\/h4>\n<h4>Modalit\u00e9s de paiement<\/h4>\n<p>Virement postal \u00e0 CCP 10-252-2<\/p>\n<p>IBAN CH09 0900 0000 1000 0252 2<\/p>\n<p>R\u00e9f. salle FRAT + date de location<\/p>\n<p>Facture sur demande \u00e0 <a href=\"&#109;&#x61;i&#108;&#x74;o&#58;&#x73;a&#x6c;&#x6c;&#101;&#x2e;f&#114;&#x61;t&#64;&#x63;s&#x70;&#x2d;&#118;&#x64;&#x2e;&#99;&#x68;\">e-mail<\/a><\/p>\n<h4><a href=\"https:\/\/csp.ch\/wp-content\/uploads\/sites\/4\/2025\/10\/CSP-Vaud-Demande-de-location-Salle-de-la-fraternite-1.pdf\" target=\"_blank\" rel=\"noopener\">Remplir le formulaire de demande de location<\/a><\/h4>\n<h4><a href=\"https:\/\/csp.ch\/wp-content\/uploads\/sites\/4\/2025\/10\/Charte_salle_Frat_avril-2024.pdf\">Charte de location de la salle de la Fraternit\u00e9<\/a><\/h4>\n<p>[\/vc_column_text][vc_images_carousel images=\u00a0\u00bb25677,25678,25691,25692,25681,25682,25683,25684,25685&Prime; img_size=\u00a0\u00bbmedium\u00a0\u00bb css=\u00a0\u00bb\u00a0\u00bb title=\u00a0\u00bbPhotos de la Salle de la fraternit\u00e9\u00a0\u00bb][vc_tta_accordion style=\u00a0\u00bbflat\u00a0\u00bb active_section=\u00a0\u00bb\u00a0\u00bb no_fill=\u00a0\u00bbtrue\u00a0\u00bb collapsible_all=\u00a0\u00bbtrue\u00a0\u00bb][vc_tta_section title=\u00a0\u00bbInformations et contact\u00a0\u00bb tab_id=\u00a0\u00bb1444829308183-f595542b-300a\u00a0\u00bb][vc_column_text]La Fraternit\u00e9 du CSP Vaud<\/p>\n<p>Place Arlaud 2<br \/>\n1003 Lausanne<\/p>\n<p>Madame Pauline Ponnaz<br \/>\nT\u00e9l. <a href=\"tel:0212130353\">078 206 94 09<\/a><br \/>\n<a href=\"&#109;&#x61;&#105;&#x6c;&#116;&#x6f;&#58;&#x73;a&#x6c;l&#x65;&#46;&#x66;r&#97;&#x74;&#64;&#x63;&#115;&#x70;&#45;&#x76;&#100;&#x2e;c&#x68;\">Contactez-nous par email<\/a>[\/vc_column_text][\/vc_tta_section][\/vc_tta_accordion][\/vc_column][\/vc_row][vc_row][vc_column][vc_gmaps link=\u00a0\u00bb#E-8_JTNDaWZyYW1lJTIwc3JjJTNEJTIyaHR0cHMlM0ElMkYlMkZ3d3cuZ29vZ2xlLmNvbSUyRm1hcHMlMkZlbWJlZCUzRnBiJTNEJTIxMW0xOCUyMTFtMTIlMjExbTMlMjExZDI3NDUuMjcxMzAzNjk2MjEwNSUyMTJkNi42MzAwMTA1MTU1OTMyMjElMjEzZDQ2LjUyMjUzMjk3OTEyNzY3JTIxMm0zJTIxMWYwJTIxMmYwJTIxM2YwJTIxM20yJTIxMWkxMDI0JTIxMmk3NjglMjE0ZjEzLjElMjEzbTMlMjExbTIlMjExczB4NDc4YzJlMzE4ZGZhOWE4NyUyNTNBMHhmYTJkNDJmMDI4Y2U5YTBmJTIxMnNQbGFjZSUyQk1hcmMtTG91aXMtQXJsYXVkJTJCMiUyNTJDJTJCMTAwMyUyQkxhdXNhbm5lJTIxNWUwJTIxM20yJTIxMXNlbiUyMTJzY2glMjE0djE0NDkxMzU5NDIyODElMjIlMjB3aWR0aCUzRCUyMjYwMCUyMiUyMGhlaWdodCUzRCUyMjQ1MCUyMiUyMGZyYW1lYm9yZGVyJTNEJTIyMCUyMiUyMHN0eWxlJTNEJTIyYm9yZGVyJTNBMCUyMiUyMGFsbG93ZnVsbHNjcmVlbiUzRSUzQyUyRmlmcmFtZSUzRQ==\u00a0\u00bb][\/vc_column][\/vc_row][vc_row][vc_column][\/vc_column][\/vc_row]<\/p>\n<\/div>","protected":false},"excerpt":{"rendered":"<p>[vc_row][vc_column][vc_column_text css=\u00a0\u00bb\u00a0\u00bb] La Salle de la Fraternit\u00e9 est un lieu \u00e0 disposition des communaut\u00e9s \u00e9trang\u00e8res pour y mener des activit\u00e9s ponctuelles. &nbsp; Elle sert aussi pour la mise sur pied de projets et manifestations en lien avec la migration. C\u2019est dans cette salle qu\u2019ont lieu les permanences sociales, les soir\u00e9es d\u2019information et les journ\u00e9es de [&hellip;]<\/p>\n","protected":false},"author":1,"featured_media":575,"parent":0,"menu_order":0,"comment_status":"closed","ping_status":"closed","template":"","meta":{"_acf_changed":false,"footnotes":""},"class_list":["post-573","page","type-page","status-publish","has-post-thumbnail","hentry"],"acf":[],"yoast_head":"<!-- This site is optimized with the Yoast SEO plugin v27.1.1 - https:\/\/yoast.com\/product\/yoast-seo-wordpress\/ -->\n<title>Location de salle \u00e0 Lausanne - Centre social protestant Vaud<\/title>\n<meta name=\"description\" content=\"Location de salle \u00e0 Lausanne : Vous cherchez \u00e0 louer une salle le CSP met \u00e0 votre disposition une salle, de 60 places, enti\u00e8rement \u00e9quip\u00e9e.\" \/>\n<meta name=\"robots\" content=\"index, follow, max-snippet:-1, max-image-preview:large, max-video-preview:-1\" \/>\n<link rel=\"canonical\" href=\"https:\/\/csp.ch\/vaud\/location-de-salle\/\" \/>\n<meta property=\"og:locale\" content=\"fr_FR\" \/>\n<meta property=\"og:type\" content=\"article\" \/>\n<meta property=\"og:title\" content=\"Location de salle \u00e0 Lausanne - Centre social protestant Vaud\" \/>\n<meta property=\"og:description\" content=\"Location de salle \u00e0 Lausanne : Vous cherchez \u00e0 louer une salle le CSP met \u00e0 votre disposition une salle, de 60 places, enti\u00e8rement \u00e9quip\u00e9e.\" \/>\n<meta property=\"og:url\" content=\"https:\/\/csp.ch\/vaud\/location-de-salle\/\" \/>\n<meta property=\"og:site_name\" content=\"CSP Vaud\" \/>\n<meta property=\"article:publisher\" content=\"https:\/\/www.facebook.com\/CSPSuisse\" \/>\n<meta property=\"article:modified_time\" content=\"2025-10-23T10:36:41+00:00\" \/>\n<meta property=\"og:image\" content=\"https:\/\/csp.ch\/wp-content\/uploads\/sites\/4\/2015\/10\/20151006\u00a9CSP-VD_RebeccaBowring5889.jpg\" \/>\n\t<meta property=\"og:image:width\" content=\"1382\" \/>\n\t<meta property=\"og:image:height\" content=\"922\" \/>\n\t<meta property=\"og:image:type\" content=\"image\/jpeg\" \/>\n<meta name=\"twitter:card\" content=\"summary_large_image\" \/>\n<meta name=\"twitter:label1\" content=\"Dur\u00e9e de lecture estim\u00e9e\" \/>\n\t<meta name=\"twitter:data1\" content=\"4 minutes\" \/>\n<script type=\"application\/ld+json\" class=\"yoast-schema-graph\">{\"@context\":\"https:\/\/schema.org\",\"@graph\":[{\"@type\":\"WebPage\",\"@id\":\"https:\/\/csp.ch\/vaud\/location-de-salle\/\",\"url\":\"https:\/\/csp.ch\/vaud\/location-de-salle\/\",\"name\":\"Location de salle \u00e0 Lausanne - Centre social protestant Vaud\",\"isPartOf\":{\"@id\":\"https:\/\/csp.ch\/vaud\/#website\"},\"primaryImageOfPage\":{\"@id\":\"https:\/\/csp.ch\/vaud\/location-de-salle\/#primaryimage\"},\"image\":{\"@id\":\"https:\/\/csp.ch\/vaud\/location-de-salle\/#primaryimage\"},\"thumbnailUrl\":\"https:\/\/csp.ch\/wp-content\/uploads\/sites\/4\/2015\/10\/20151006\u00a9CSP-VD_RebeccaBowring5889.jpg\",\"datePublished\":\"2015-10-14T13:20:38+00:00\",\"dateModified\":\"2025-10-23T10:36:41+00:00\",\"description\":\"Location de salle \u00e0 Lausanne : Vous cherchez \u00e0 louer une salle le CSP met \u00e0 votre disposition une salle, de 60 places, enti\u00e8rement \u00e9quip\u00e9e.\",\"breadcrumb\":{\"@id\":\"https:\/\/csp.ch\/vaud\/location-de-salle\/#breadcrumb\"},\"inLanguage\":\"fr-FR\",\"potentialAction\":[{\"@type\":\"ReadAction\",\"target\":[\"https:\/\/csp.ch\/vaud\/location-de-salle\/\"]}]},{\"@type\":\"ImageObject\",\"inLanguage\":\"fr-FR\",\"@id\":\"https:\/\/csp.ch\/vaud\/location-de-salle\/#primaryimage\",\"url\":\"https:\/\/csp.ch\/wp-content\/uploads\/sites\/4\/2015\/10\/20151006\u00a9CSP-VD_RebeccaBowring5889.jpg\",\"contentUrl\":\"https:\/\/csp.ch\/wp-content\/uploads\/sites\/4\/2015\/10\/20151006\u00a9CSP-VD_RebeccaBowring5889.jpg\",\"width\":1382,\"height\":922},{\"@type\":\"BreadcrumbList\",\"@id\":\"https:\/\/csp.ch\/vaud\/location-de-salle\/#breadcrumb\",\"itemListElement\":[{\"@type\":\"ListItem\",\"position\":1,\"name\":\"Accueil\",\"item\":\"https:\/\/csp.ch\/vaud\/\"},{\"@type\":\"ListItem\",\"position\":2,\"name\":\"Location de salle\"}]},{\"@type\":\"WebSite\",\"@id\":\"https:\/\/csp.ch\/vaud\/#website\",\"url\":\"https:\/\/csp.ch\/vaud\/\",\"name\":\"https:\/\/csp.ch\/vaud\/\",\"description\":\"\",\"publisher\":{\"@id\":\"https:\/\/csp.ch\/vaud\/#organization\"},\"potentialAction\":[{\"@type\":\"SearchAction\",\"target\":{\"@type\":\"EntryPoint\",\"urlTemplate\":\"https:\/\/csp.ch\/vaud\/?s={search_term_string}\"},\"query-input\":{\"@type\":\"PropertyValueSpecification\",\"valueRequired\":true,\"valueName\":\"search_term_string\"}}],\"inLanguage\":\"fr-FR\"},{\"@type\":\"Organization\",\"@id\":\"https:\/\/csp.ch\/vaud\/#organization\",\"name\":\"https:\/\/csp.ch\/vaud\/\",\"url\":\"https:\/\/csp.ch\/vaud\/\",\"logo\":{\"@type\":\"ImageObject\",\"inLanguage\":\"fr-FR\",\"@id\":\"https:\/\/csp.ch\/vaud\/#\/schema\/logo\/image\/\",\"url\":\"https:\/\/csp.ch\/wp-content\/uploads\/sites\/4\/2022\/11\/Logo-CSP-VD-RVB.OK_.jpg\",\"contentUrl\":\"https:\/\/csp.ch\/wp-content\/uploads\/sites\/4\/2022\/11\/Logo-CSP-VD-RVB.OK_.jpg\",\"width\":600,\"height\":306,\"caption\":\"https:\/\/csp.ch\/vaud\/\"},\"image\":{\"@id\":\"https:\/\/csp.ch\/vaud\/#\/schema\/logo\/image\/\"},\"sameAs\":[\"https:\/\/www.facebook.com\/CSPSuisse\",\"https:\/\/www.linkedin.com\/company\/csp-vaud\/mycompany\"]}]}<\/script>\n<!-- \/ Yoast SEO plugin. -->","yoast_head_json":{"title":"Location de salle \u00e0 Lausanne - Centre social protestant Vaud","description":"Location de salle \u00e0 Lausanne : Vous cherchez \u00e0 louer une salle le CSP met \u00e0 votre disposition une salle, de 60 places, enti\u00e8rement \u00e9quip\u00e9e.","robots":{"index":"index","follow":"follow","max-snippet":"max-snippet:-1","max-image-preview":"max-image-preview:large","max-video-preview":"max-video-preview:-1"},"canonical":"https:\/\/csp.ch\/vaud\/location-de-salle\/","og_locale":"fr_FR","og_type":"article","og_title":"Location de salle \u00e0 Lausanne - Centre social protestant Vaud","og_description":"Location de salle \u00e0 Lausanne : Vous cherchez \u00e0 louer une salle le CSP met \u00e0 votre disposition une salle, de 60 places, enti\u00e8rement \u00e9quip\u00e9e.","og_url":"https:\/\/csp.ch\/vaud\/location-de-salle\/","og_site_name":"CSP Vaud","article_publisher":"https:\/\/www.facebook.com\/CSPSuisse","article_modified_time":"2025-10-23T10:36:41+00:00","og_image":[{"width":1382,"height":922,"url":"https:\/\/csp.ch\/wp-content\/uploads\/sites\/4\/2015\/10\/20151006\u00a9CSP-VD_RebeccaBowring5889.jpg","type":"image\/jpeg"}],"twitter_card":"summary_large_image","twitter_misc":{"Dur\u00e9e de lecture estim\u00e9e":"4 minutes"},"schema":{"@context":"https:\/\/schema.org","@graph":[{"@type":"WebPage","@id":"https:\/\/csp.ch\/vaud\/location-de-salle\/","url":"https:\/\/csp.ch\/vaud\/location-de-salle\/","name":"Location de salle \u00e0 Lausanne - Centre social protestant Vaud","isPartOf":{"@id":"https:\/\/csp.ch\/vaud\/#website"},"primaryImageOfPage":{"@id":"https:\/\/csp.ch\/vaud\/location-de-salle\/#primaryimage"},"image":{"@id":"https:\/\/csp.ch\/vaud\/location-de-salle\/#primaryimage"},"thumbnailUrl":"https:\/\/csp.ch\/wp-content\/uploads\/sites\/4\/2015\/10\/20151006\u00a9CSP-VD_RebeccaBowring5889.jpg","datePublished":"2015-10-14T13:20:38+00:00","dateModified":"2025-10-23T10:36:41+00:00","description":"Location de salle \u00e0 Lausanne : Vous cherchez \u00e0 louer une salle le CSP met \u00e0 votre disposition une salle, de 60 places, enti\u00e8rement \u00e9quip\u00e9e.","breadcrumb":{"@id":"https:\/\/csp.ch\/vaud\/location-de-salle\/#breadcrumb"},"inLanguage":"fr-FR","potentialAction":[{"@type":"ReadAction","target":["https:\/\/csp.ch\/vaud\/location-de-salle\/"]}]},{"@type":"ImageObject","inLanguage":"fr-FR","@id":"https:\/\/csp.ch\/vaud\/location-de-salle\/#primaryimage","url":"https:\/\/csp.ch\/wp-content\/uploads\/sites\/4\/2015\/10\/20151006\u00a9CSP-VD_RebeccaBowring5889.jpg","contentUrl":"https:\/\/csp.ch\/wp-content\/uploads\/sites\/4\/2015\/10\/20151006\u00a9CSP-VD_RebeccaBowring5889.jpg","width":1382,"height":922},{"@type":"BreadcrumbList","@id":"https:\/\/csp.ch\/vaud\/location-de-salle\/#breadcrumb","itemListElement":[{"@type":"ListItem","position":1,"name":"Accueil","item":"https:\/\/csp.ch\/vaud\/"},{"@type":"ListItem","position":2,"name":"Location de salle"}]},{"@type":"WebSite","@id":"https:\/\/csp.ch\/vaud\/#website","url":"https:\/\/csp.ch\/vaud\/","name":"https:\/\/csp.ch\/vaud\/","description":"","publisher":{"@id":"https:\/\/csp.ch\/vaud\/#organization"},"potentialAction":[{"@type":"SearchAction","target":{"@type":"EntryPoint","urlTemplate":"https:\/\/csp.ch\/vaud\/?s={search_term_string}"},"query-input":{"@type":"PropertyValueSpecification","valueRequired":true,"valueName":"search_term_string"}}],"inLanguage":"fr-FR"},{"@type":"Organization","@id":"https:\/\/csp.ch\/vaud\/#organization","name":"https:\/\/csp.ch\/vaud\/","url":"https:\/\/csp.ch\/vaud\/","logo":{"@type":"ImageObject","inLanguage":"fr-FR","@id":"https:\/\/csp.ch\/vaud\/#\/schema\/logo\/image\/","url":"https:\/\/csp.ch\/wp-content\/uploads\/sites\/4\/2022\/11\/Logo-CSP-VD-RVB.OK_.jpg","contentUrl":"https:\/\/csp.ch\/wp-content\/uploads\/sites\/4\/2022\/11\/Logo-CSP-VD-RVB.OK_.jpg","width":600,"height":306,"caption":"https:\/\/csp.ch\/vaud\/"},"image":{"@id":"https:\/\/csp.ch\/vaud\/#\/schema\/logo\/image\/"},"sameAs":["https:\/\/www.facebook.com\/CSPSuisse","https:\/\/www.linkedin.com\/company\/csp-vaud\/mycompany"]}]}},"_links":{"self":[{"href":"https:\/\/csp.ch\/vaud\/wp-json\/wp\/v2\/pages\/573","targetHints":{"allow":["GET"]}}],"collection":[{"href":"https:\/\/csp.ch\/vaud\/wp-json\/wp\/v2\/pages"}],"about":[{"href":"https:\/\/csp.ch\/vaud\/wp-json\/wp\/v2\/types\/page"}],"author":[{"embeddable":true,"href":"https:\/\/csp.ch\/vaud\/wp-json\/wp\/v2\/users\/1"}],"replies":[{"embeddable":true,"href":"https:\/\/csp.ch\/vaud\/wp-json\/wp\/v2\/comments?post=573"}],"version-history":[{"count":3,"href":"https:\/\/csp.ch\/vaud\/wp-json\/wp\/v2\/pages\/573\/revisions"}],"predecessor-version":[{"id":27249,"href":"https:\/\/csp.ch\/vaud\/wp-json\/wp\/v2\/pages\/573\/revisions\/27249"}],"wp:featuredmedia":[{"embeddable":true,"href":"https:\/\/csp.ch\/vaud\/wp-json\/wp\/v2\/media\/575"}],"wp:attachment":[{"href":"https:\/\/csp.ch\/vaud\/wp-json\/wp\/v2\/media?parent=573"}],"curies":[{"name":"wp","href":"https:\/\/api.w.org\/{rel}","templated":true}]}}