{"id":54,"date":"2015-08-07T16:30:38","date_gmt":"2015-08-07T15:30:38","guid":{"rendered":"https:\/\/csp.ch\/vd\/?page_id=54"},"modified":"2022-03-09T16:33:31","modified_gmt":"2022-03-09T15:33:31","slug":"politique-et-action-sociales","status":"publish","type":"page","link":"https:\/\/csp.ch\/vaud\/politique-et-action-sociales\/","title":{"rendered":"Politique et <strong>action sociales<\/strong>"},"content":{"rendered":"<div class=\"wpb-content-wrapper\"><p>[vc_row][vc_column][vc_column_text]<\/p>\n<blockquote><p>Le CSP Vaud s&rsquo;est dot\u00e9 d&rsquo;un service d&rsquo;analyse des probl\u00e9matiques \u00e9manant des consultations sociales.<\/p><\/blockquote>\n<hr \/>\n<p>Sociologue, la charg\u00e9e de politique et action sociales suit, documente et analyse les sujets \u00e9manant des consultations sociales, les questions de politique sociale et particuli\u00e8rement les sujets de mobilisation du CSP Vaud : endettement, migrations, pr\u00e9carit\u00e9s et pauvret\u00e9, minima vitaux et aide sociale, jeunes et dispositifs sociaux,\u00a0\u00a0discriminations et in\u00e9galit\u00e9s.<\/p>\n<p>Elle r\u00e9dige les prises de position, les r\u00e9ponses \u00e0 consultation sur les projets de lois en lien avec les domaines d\u2019activit\u00e9 du CSP Vaud, avec la collaboration des secteurs concern\u00e9s. Elle traite les statistiques de l\u2019institution, de mani\u00e8re g\u00e9n\u00e9rale et pour des rapports sp\u00e9cifiques. Elle accompagne des projets et repr\u00e9sente l\u2019institution dans les diff\u00e9rents groupes de travail cantonaux.<\/p>\n<p>Elle produit des articles et contributions et r\u00e9pond aux sollicitations des m\u00e9dias.<\/p>\n<p>Pour les consulter\u00a0<a href=\"https:\/\/csp.ch\/vaud\/prises-de-positionpresse\/\">Prises de position \/ Presse<\/a>[\/vc_column_text][vc_tta_accordion style=\u00a0\u00bbflat\u00a0\u00bb active_section=\u00a0\u00bb0&Prime; no_fill=\u00a0\u00bbtrue\u00a0\u00bb collapsible_all=\u00a0\u00bbtrue\u00a0\u00bb][vc_tta_section title=\u00a0\u00bbContact\u00a0\u00bb tab_id=\u00a0\u00bb1441893269467-dae33028-dd68&Prime;][vc_column_text]CSP Vaud<br \/>\nRue Beau-S\u00e9jour 28<br \/>\n1005 Lausanne<br \/>\n<a href=\"&#x6d;&#x61;&#105;&#108;t&#x6f;&#x3a;&#x63;&#97;ro&#x6c;&#x69;&#110;&#101;&#46;&#x72;&#x65;&#x67;&#97;me&#x79;&#x40;&#99;&#115;p&#x2d;&#x76;&#x64;&#46;ch\">Contactez-nous par email<br \/>\n<\/a>[\/vc_column_text][\/vc_tta_section][\/vc_tta_accordion][\/vc_column][\/vc_row]<\/p>\n<\/div>","protected":false},"excerpt":{"rendered":"<p>[vc_row][vc_column][vc_column_text] Le CSP Vaud s&rsquo;est dot\u00e9 d&rsquo;un service d&rsquo;analyse des probl\u00e9matiques \u00e9manant des consultations sociales. Sociologue, la charg\u00e9e de politique et action sociales suit, documente et analyse les sujets \u00e9manant des consultations sociales, les questions de politique sociale et particuli\u00e8rement les sujets de mobilisation du CSP Vaud : endettement, migrations, pr\u00e9carit\u00e9s et pauvret\u00e9, minima vitaux [&hellip;]<\/p>\n","protected":false},"author":1,"featured_media":668,"parent":0,"menu_order":0,"comment_status":"closed","ping_status":"closed","template":"","meta":{"_acf_changed":false,"footnotes":""},"class_list":["post-54","page","type-page","status-publish","has-post-thumbnail","hentry"],"acf":[],"yoast_head":"<!-- This site is optimized with the Yoast SEO plugin v27.1.1 - https:\/\/yoast.com\/product\/yoast-seo-wordpress\/ -->\n<title>Recherche sociale par la sociologue du Centre social protestant<\/title>\n<meta name=\"description\" content=\"La charg\u00e9e de politique et recherche sociale suit et documente les sujets \u00e9manant des consultations et les questions de politique sociale.\" \/>\n<meta name=\"robots\" content=\"index, follow, max-snippet:-1, max-image-preview:large, max-video-preview:-1\" \/>\n<link rel=\"canonical\" href=\"https:\/\/csp.ch\/vaud\/politique-et-action-sociales\/\" \/>\n<meta property=\"og:locale\" content=\"fr_FR\" \/>\n<meta property=\"og:type\" content=\"article\" \/>\n<meta property=\"og:title\" content=\"Recherche sociale par la sociologue du Centre social protestant\" \/>\n<meta property=\"og:description\" content=\"La charg\u00e9e de politique et recherche sociale suit et documente les sujets \u00e9manant des consultations et les questions de politique sociale.\" \/>\n<meta property=\"og:url\" content=\"https:\/\/csp.ch\/vaud\/politique-et-action-sociales\/\" \/>\n<meta property=\"og:site_name\" content=\"CSP Vaud\" \/>\n<meta property=\"article:publisher\" content=\"https:\/\/www.facebook.com\/CSPSuisse\" \/>\n<meta property=\"article:modified_time\" content=\"2022-03-09T15:33:31+00:00\" \/>\n<meta property=\"og:image\" content=\"https:\/\/csp.ch\/wp-content\/uploads\/sites\/4\/2015\/08\/20151006\u00a9CSP-VD_RebeccaBowring5839.jpg\" \/>\n\t<meta property=\"og:image:width\" content=\"1626\" \/>\n\t<meta property=\"og:image:height\" content=\"1084\" \/>\n\t<meta property=\"og:image:type\" content=\"image\/jpeg\" \/>\n<meta name=\"twitter:card\" content=\"summary_large_image\" \/>\n<meta name=\"twitter:label1\" content=\"Dur\u00e9e de lecture estim\u00e9e\" \/>\n\t<meta name=\"twitter:data1\" content=\"1 minute\" \/>\n<script type=\"application\/ld+json\" class=\"yoast-schema-graph\">{\"@context\":\"https:\/\/schema.org\",\"@graph\":[{\"@type\":\"WebPage\",\"@id\":\"https:\/\/csp.ch\/vaud\/politique-et-action-sociales\/\",\"url\":\"https:\/\/csp.ch\/vaud\/politique-et-action-sociales\/\",\"name\":\"Recherche sociale par la sociologue du Centre social protestant\",\"isPartOf\":{\"@id\":\"https:\/\/csp.ch\/vaud\/#website\"},\"primaryImageOfPage\":{\"@id\":\"https:\/\/csp.ch\/vaud\/politique-et-action-sociales\/#primaryimage\"},\"image\":{\"@id\":\"https:\/\/csp.ch\/vaud\/politique-et-action-sociales\/#primaryimage\"},\"thumbnailUrl\":\"https:\/\/csp.ch\/wp-content\/uploads\/sites\/4\/2015\/08\/20151006\u00a9CSP-VD_RebeccaBowring5839.jpg\",\"datePublished\":\"2015-08-07T15:30:38+00:00\",\"dateModified\":\"2022-03-09T15:33:31+00:00\",\"description\":\"La charg\u00e9e de politique et recherche sociale suit et documente les sujets \u00e9manant des consultations et les questions de politique sociale.\",\"breadcrumb\":{\"@id\":\"https:\/\/csp.ch\/vaud\/politique-et-action-sociales\/#breadcrumb\"},\"inLanguage\":\"fr-FR\",\"potentialAction\":[{\"@type\":\"ReadAction\",\"target\":[\"https:\/\/csp.ch\/vaud\/politique-et-action-sociales\/\"]}]},{\"@type\":\"ImageObject\",\"inLanguage\":\"fr-FR\",\"@id\":\"https:\/\/csp.ch\/vaud\/politique-et-action-sociales\/#primaryimage\",\"url\":\"https:\/\/csp.ch\/wp-content\/uploads\/sites\/4\/2015\/08\/20151006\u00a9CSP-VD_RebeccaBowring5839.jpg\",\"contentUrl\":\"https:\/\/csp.ch\/wp-content\/uploads\/sites\/4\/2015\/08\/20151006\u00a9CSP-VD_RebeccaBowring5839.jpg\",\"width\":1626,\"height\":1084},{\"@type\":\"BreadcrumbList\",\"@id\":\"https:\/\/csp.ch\/vaud\/politique-et-action-sociales\/#breadcrumb\",\"itemListElement\":[{\"@type\":\"ListItem\",\"position\":1,\"name\":\"Accueil\",\"item\":\"https:\/\/csp.ch\/vaud\/\"},{\"@type\":\"ListItem\",\"position\":2,\"name\":\"Politique et action sociales\"}]},{\"@type\":\"WebSite\",\"@id\":\"https:\/\/csp.ch\/vaud\/#website\",\"url\":\"https:\/\/csp.ch\/vaud\/\",\"name\":\"https:\/\/csp.ch\/vaud\/\",\"description\":\"\",\"publisher\":{\"@id\":\"https:\/\/csp.ch\/vaud\/#organization\"},\"potentialAction\":[{\"@type\":\"SearchAction\",\"target\":{\"@type\":\"EntryPoint\",\"urlTemplate\":\"https:\/\/csp.ch\/vaud\/?s={search_term_string}\"},\"query-input\":{\"@type\":\"PropertyValueSpecification\",\"valueRequired\":true,\"valueName\":\"search_term_string\"}}],\"inLanguage\":\"fr-FR\"},{\"@type\":\"Organization\",\"@id\":\"https:\/\/csp.ch\/vaud\/#organization\",\"name\":\"https:\/\/csp.ch\/vaud\/\",\"url\":\"https:\/\/csp.ch\/vaud\/\",\"logo\":{\"@type\":\"ImageObject\",\"inLanguage\":\"fr-FR\",\"@id\":\"https:\/\/csp.ch\/vaud\/#\/schema\/logo\/image\/\",\"url\":\"https:\/\/csp.ch\/wp-content\/uploads\/sites\/4\/2022\/11\/Logo-CSP-VD-RVB.OK_.jpg\",\"contentUrl\":\"https:\/\/csp.ch\/wp-content\/uploads\/sites\/4\/2022\/11\/Logo-CSP-VD-RVB.OK_.jpg\",\"width\":600,\"height\":306,\"caption\":\"https:\/\/csp.ch\/vaud\/\"},\"image\":{\"@id\":\"https:\/\/csp.ch\/vaud\/#\/schema\/logo\/image\/\"},\"sameAs\":[\"https:\/\/www.facebook.com\/CSPSuisse\",\"https:\/\/www.linkedin.com\/company\/csp-vaud\/mycompany\"]}]}<\/script>\n<!-- \/ Yoast SEO plugin. -->","yoast_head_json":{"title":"Recherche sociale par la sociologue du Centre social protestant","description":"La charg\u00e9e de politique et recherche sociale suit et documente les sujets \u00e9manant des consultations et les questions de politique sociale.","robots":{"index":"index","follow":"follow","max-snippet":"max-snippet:-1","max-image-preview":"max-image-preview:large","max-video-preview":"max-video-preview:-1"},"canonical":"https:\/\/csp.ch\/vaud\/politique-et-action-sociales\/","og_locale":"fr_FR","og_type":"article","og_title":"Recherche sociale par la sociologue du Centre social protestant","og_description":"La charg\u00e9e de politique et recherche sociale suit et documente les sujets \u00e9manant des consultations et les questions de politique sociale.","og_url":"https:\/\/csp.ch\/vaud\/politique-et-action-sociales\/","og_site_name":"CSP Vaud","article_publisher":"https:\/\/www.facebook.com\/CSPSuisse","article_modified_time":"2022-03-09T15:33:31+00:00","og_image":[{"width":1626,"height":1084,"url":"https:\/\/csp.ch\/wp-content\/uploads\/sites\/4\/2015\/08\/20151006\u00a9CSP-VD_RebeccaBowring5839.jpg","type":"image\/jpeg"}],"twitter_card":"summary_large_image","twitter_misc":{"Dur\u00e9e de lecture estim\u00e9e":"1 minute"},"schema":{"@context":"https:\/\/schema.org","@graph":[{"@type":"WebPage","@id":"https:\/\/csp.ch\/vaud\/politique-et-action-sociales\/","url":"https:\/\/csp.ch\/vaud\/politique-et-action-sociales\/","name":"Recherche sociale par la sociologue du Centre social protestant","isPartOf":{"@id":"https:\/\/csp.ch\/vaud\/#website"},"primaryImageOfPage":{"@id":"https:\/\/csp.ch\/vaud\/politique-et-action-sociales\/#primaryimage"},"image":{"@id":"https:\/\/csp.ch\/vaud\/politique-et-action-sociales\/#primaryimage"},"thumbnailUrl":"https:\/\/csp.ch\/wp-content\/uploads\/sites\/4\/2015\/08\/20151006\u00a9CSP-VD_RebeccaBowring5839.jpg","datePublished":"2015-08-07T15:30:38+00:00","dateModified":"2022-03-09T15:33:31+00:00","description":"La charg\u00e9e de politique et recherche sociale suit et documente les sujets \u00e9manant des consultations et les questions de politique sociale.","breadcrumb":{"@id":"https:\/\/csp.ch\/vaud\/politique-et-action-sociales\/#breadcrumb"},"inLanguage":"fr-FR","potentialAction":[{"@type":"ReadAction","target":["https:\/\/csp.ch\/vaud\/politique-et-action-sociales\/"]}]},{"@type":"ImageObject","inLanguage":"fr-FR","@id":"https:\/\/csp.ch\/vaud\/politique-et-action-sociales\/#primaryimage","url":"https:\/\/csp.ch\/wp-content\/uploads\/sites\/4\/2015\/08\/20151006\u00a9CSP-VD_RebeccaBowring5839.jpg","contentUrl":"https:\/\/csp.ch\/wp-content\/uploads\/sites\/4\/2015\/08\/20151006\u00a9CSP-VD_RebeccaBowring5839.jpg","width":1626,"height":1084},{"@type":"BreadcrumbList","@id":"https:\/\/csp.ch\/vaud\/politique-et-action-sociales\/#breadcrumb","itemListElement":[{"@type":"ListItem","position":1,"name":"Accueil","item":"https:\/\/csp.ch\/vaud\/"},{"@type":"ListItem","position":2,"name":"Politique et action sociales"}]},{"@type":"WebSite","@id":"https:\/\/csp.ch\/vaud\/#website","url":"https:\/\/csp.ch\/vaud\/","name":"https:\/\/csp.ch\/vaud\/","description":"","publisher":{"@id":"https:\/\/csp.ch\/vaud\/#organization"},"potentialAction":[{"@type":"SearchAction","target":{"@type":"EntryPoint","urlTemplate":"https:\/\/csp.ch\/vaud\/?s={search_term_string}"},"query-input":{"@type":"PropertyValueSpecification","valueRequired":true,"valueName":"search_term_string"}}],"inLanguage":"fr-FR"},{"@type":"Organization","@id":"https:\/\/csp.ch\/vaud\/#organization","name":"https:\/\/csp.ch\/vaud\/","url":"https:\/\/csp.ch\/vaud\/","logo":{"@type":"ImageObject","inLanguage":"fr-FR","@id":"https:\/\/csp.ch\/vaud\/#\/schema\/logo\/image\/","url":"https:\/\/csp.ch\/wp-content\/uploads\/sites\/4\/2022\/11\/Logo-CSP-VD-RVB.OK_.jpg","contentUrl":"https:\/\/csp.ch\/wp-content\/uploads\/sites\/4\/2022\/11\/Logo-CSP-VD-RVB.OK_.jpg","width":600,"height":306,"caption":"https:\/\/csp.ch\/vaud\/"},"image":{"@id":"https:\/\/csp.ch\/vaud\/#\/schema\/logo\/image\/"},"sameAs":["https:\/\/www.facebook.com\/CSPSuisse","https:\/\/www.linkedin.com\/company\/csp-vaud\/mycompany"]}]}},"_links":{"self":[{"href":"https:\/\/csp.ch\/vaud\/wp-json\/wp\/v2\/pages\/54","targetHints":{"allow":["GET"]}}],"collection":[{"href":"https:\/\/csp.ch\/vaud\/wp-json\/wp\/v2\/pages"}],"about":[{"href":"https:\/\/csp.ch\/vaud\/wp-json\/wp\/v2\/types\/page"}],"author":[{"embeddable":true,"href":"https:\/\/csp.ch\/vaud\/wp-json\/wp\/v2\/users\/1"}],"replies":[{"embeddable":true,"href":"https:\/\/csp.ch\/vaud\/wp-json\/wp\/v2\/comments?post=54"}],"version-history":[{"count":34,"href":"https:\/\/csp.ch\/vaud\/wp-json\/wp\/v2\/pages\/54\/revisions"}],"predecessor-version":[{"id":13927,"href":"https:\/\/csp.ch\/vaud\/wp-json\/wp\/v2\/pages\/54\/revisions\/13927"}],"wp:featuredmedia":[{"embeddable":true,"href":"https:\/\/csp.ch\/vaud\/wp-json\/wp\/v2\/media\/668"}],"wp:attachment":[{"href":"https:\/\/csp.ch\/vaud\/wp-json\/wp\/v2\/media?parent=54"}],"curies":[{"name":"wp","href":"https:\/\/api.w.org\/{rel}","templated":true}]}}