{"id":3780,"date":"2019-05-13T10:58:06","date_gmt":"2019-05-13T09:58:06","guid":{"rendered":"https:\/\/csp.ch\/vaud\/?page_id=3780"},"modified":"2025-06-06T15:45:43","modified_gmt":"2025-06-06T13:45:43","slug":"assemblee-generale","status":"publish","type":"page","link":"https:\/\/csp.ch\/vaud\/assemblee-generale\/","title":{"rendered":"Assembl\u00e9e<strong> g\u00e9n\u00e9rale<\/strong> du CSP Vaud"},"content":{"rendered":"<div class=\"wpb-content-wrapper\"><p>[vc_row][vc_column][vc_column_text css=\u00a0\u00bb\u00a0\u00bb]L\u2019assembl\u00e9e g\u00e9n\u00e9rale du CSP Vaud a lieu\u00a0<strong>le lundi 16 juin 2025<\/strong>,<strong>\u00a0\u00e0 18h<\/strong>\u00a0\u00e0 la Salle de la Fraternit\u00e9, Pl. M.-L. Arlaud 2 \u00e0 Lausanne.<\/p>\n<p>Cette rencontre sera l\u2019occasion de partager les moments charni\u00e8res de l\u2019ann\u00e9e 2024 de l\u2019institution, avec la pr\u00e9sentation des comptes et du budget 2024. Ci-dessous, vous trouverez les annexes pour pr\u00e9parer l&rsquo;AG.<br \/>\n&#8211; Le <a href=\"https:\/\/csp.ch\/wp-content\/uploads\/sites\/4\/2025\/05\/2024_Rapport-activites.pdf\">Rapport d&rsquo;activit\u00e9s 2024<\/a><br \/>\n&#8211; La <a href=\"https:\/\/csp.ch\/wp-content\/uploads\/sites\/4\/2025\/06\/7.-Strategie-Institutionnelle-2026-2030_Adoptee-en-Comite-du-20.05.2025.pdf\">Strat\u00e9gie institutionnelle 2026-2030<\/a><br \/>\n&#8211; Le <a href=\"https:\/\/csp.ch\/wp-content\/uploads\/sites\/4\/2025\/05\/2.-PV_AG_10.06.2024.pdf\">Proc\u00e8s-verbal de la derni\u00e8re AG de juin 2024<\/a><\/p>\n<ul>\n<li>Pour les membres de l&rsquo;association, veuillez-vous rendre sur l&rsquo;<a href=\"https:\/\/csp.ch\/vaud\/assemblee-generale\/documents-pour-lassemblee-generale-du-csp-vaud-du-16-juin-2025\/\" target=\"_blank\" rel=\"noopener\"><strong>espace \u00ab\u00a0membres\u00a0\u00bb<\/strong><\/a>.<\/li>\n<\/ul>\n<p>[\/vc_column_text][\/vc_column][\/vc_row][vc_row][vc_column][vc_separator color=\u00a0\u00bborange\u00a0\u00bb][vc_column_text]<\/p>\n<h3>DEVENIR MEMBRE<\/h3>\n<p>Pour devenir membre du CSP Vaud, il vous suffit de remplir notre<a href=\"https:\/\/csp.ch\/wp-content\/uploads\/sites\/4\/2024\/03\/DEVENIR-MEMBRE_01.2024_CSPVaud.pdf\">\u00a0formulaire de demande d\u2019adh\u00e9sion<\/a> et de le renvoyer au CSP Vaud, Beau-S\u00e9jour 28, 1003 Lausanne ou par <a href=\"&#109;&#x61;&#x69;l&#116;&#x6f;&#x3a;i&#110;&#x66;o&#64;&#x63;&#x73;p&#45;&#x76;d&#46;&#x63;&#x68;\">courriel.<\/a><\/p>\n<p>La cotisation pour membre individuel\u2e31le est actuellement de CHF 35.- par ann\u00e9e, et de CHF 150.- pour un membre collectif.[\/vc_column_text][\/vc_column][\/vc_row]<\/p>\n<\/div>","protected":false},"excerpt":{"rendered":"<p>[vc_row][vc_column][vc_column_text css=\u00a0\u00bb\u00a0\u00bb]L\u2019assembl\u00e9e g\u00e9n\u00e9rale du CSP Vaud a lieu\u00a0le lundi 16 juin 2025,\u00a0\u00e0 18h\u00a0\u00e0 la Salle de la Fraternit\u00e9, Pl. M.-L. Arlaud 2 \u00e0 Lausanne. Cette rencontre sera l\u2019occasion de partager les moments charni\u00e8res de l\u2019ann\u00e9e 2024 de l\u2019institution, avec la pr\u00e9sentation des comptes et du budget 2024. Ci-dessous, vous trouverez les annexes pour pr\u00e9parer l&rsquo;AG. [&hellip;]<\/p>\n","protected":false},"author":2,"featured_media":15755,"parent":0,"menu_order":0,"comment_status":"closed","ping_status":"closed","template":"","meta":{"_acf_changed":false,"footnotes":""},"class_list":["post-3780","page","type-page","status-publish","has-post-thumbnail","hentry"],"acf":[],"yoast_head":"<!-- This site is optimized with the Yoast SEO plugin v27.1.1 - https:\/\/yoast.com\/product\/yoast-seo-wordpress\/ -->\n<title>Assembl\u00e9e g\u00e9n\u00e9rale du CSP Vaud<\/title>\n<meta name=\"description\" content=\"Le CSP Vaud est une association. Ses membres et toute personne int\u00e9ress\u00e9e trouvent ici les informations pour l&#039;Assembl\u00e9e g\u00e9n\u00e9rale.\" \/>\n<meta name=\"robots\" content=\"index, follow, max-snippet:-1, max-image-preview:large, max-video-preview:-1\" \/>\n<link rel=\"canonical\" href=\"https:\/\/csp.ch\/vaud\/assemblee-generale\/\" \/>\n<meta property=\"og:locale\" content=\"fr_FR\" \/>\n<meta property=\"og:type\" content=\"article\" \/>\n<meta property=\"og:title\" content=\"Assembl\u00e9e g\u00e9n\u00e9rale du CSP Vaud\" \/>\n<meta property=\"og:description\" content=\"Le CSP Vaud est une association. Ses membres et toute personne int\u00e9ress\u00e9e trouvent ici les informations pour l&#039;Assembl\u00e9e g\u00e9n\u00e9rale.\" \/>\n<meta property=\"og:url\" content=\"https:\/\/csp.ch\/vaud\/assemblee-generale\/\" \/>\n<meta property=\"og:site_name\" content=\"CSP Vaud\" \/>\n<meta property=\"article:publisher\" content=\"https:\/\/www.facebook.com\/CSPSuisse\" \/>\n<meta property=\"article:modified_time\" content=\"2025-06-06T13:45:43+00:00\" \/>\n<meta property=\"og:image\" content=\"https:\/\/csp.ch\/wp-content\/uploads\/sites\/4\/2022\/08\/AG-CSP-Vaud-juin-2022-scaled.jpg\" \/>\n\t<meta property=\"og:image:width\" content=\"2560\" \/>\n\t<meta property=\"og:image:height\" content=\"1440\" \/>\n\t<meta property=\"og:image:type\" content=\"image\/jpeg\" \/>\n<meta name=\"twitter:card\" content=\"summary_large_image\" \/>\n<meta name=\"twitter:label1\" content=\"Dur\u00e9e de lecture estim\u00e9e\" \/>\n\t<meta name=\"twitter:data1\" content=\"1 minute\" \/>\n<script type=\"application\/ld+json\" class=\"yoast-schema-graph\">{\"@context\":\"https:\/\/schema.org\",\"@graph\":[{\"@type\":\"WebPage\",\"@id\":\"https:\/\/csp.ch\/vaud\/assemblee-generale\/\",\"url\":\"https:\/\/csp.ch\/vaud\/assemblee-generale\/\",\"name\":\"Assembl\u00e9e g\u00e9n\u00e9rale du CSP Vaud\",\"isPartOf\":{\"@id\":\"https:\/\/csp.ch\/vaud\/#website\"},\"primaryImageOfPage\":{\"@id\":\"https:\/\/csp.ch\/vaud\/assemblee-generale\/#primaryimage\"},\"image\":{\"@id\":\"https:\/\/csp.ch\/vaud\/assemblee-generale\/#primaryimage\"},\"thumbnailUrl\":\"https:\/\/csp.ch\/wp-content\/uploads\/sites\/4\/2022\/08\/AG-CSP-Vaud-juin-2022-scaled.jpg\",\"datePublished\":\"2019-05-13T09:58:06+00:00\",\"dateModified\":\"2025-06-06T13:45:43+00:00\",\"description\":\"Le CSP Vaud est une association. Ses membres et toute personne int\u00e9ress\u00e9e trouvent ici les informations pour l'Assembl\u00e9e g\u00e9n\u00e9rale.\",\"breadcrumb\":{\"@id\":\"https:\/\/csp.ch\/vaud\/assemblee-generale\/#breadcrumb\"},\"inLanguage\":\"fr-FR\",\"potentialAction\":[{\"@type\":\"ReadAction\",\"target\":[\"https:\/\/csp.ch\/vaud\/assemblee-generale\/\"]}]},{\"@type\":\"ImageObject\",\"inLanguage\":\"fr-FR\",\"@id\":\"https:\/\/csp.ch\/vaud\/assemblee-generale\/#primaryimage\",\"url\":\"https:\/\/csp.ch\/wp-content\/uploads\/sites\/4\/2022\/08\/AG-CSP-Vaud-juin-2022-scaled.jpg\",\"contentUrl\":\"https:\/\/csp.ch\/wp-content\/uploads\/sites\/4\/2022\/08\/AG-CSP-Vaud-juin-2022-scaled.jpg\",\"width\":2560,\"height\":1440,\"caption\":\"Assembl\u00e9e g\u00e9n\u00e9rale du CSP Vaud, juin 2022\"},{\"@type\":\"BreadcrumbList\",\"@id\":\"https:\/\/csp.ch\/vaud\/assemblee-generale\/#breadcrumb\",\"itemListElement\":[{\"@type\":\"ListItem\",\"position\":1,\"name\":\"Accueil\",\"item\":\"https:\/\/csp.ch\/vaud\/\"},{\"@type\":\"ListItem\",\"position\":2,\"name\":\"Assembl\u00e9e g\u00e9n\u00e9rale du CSP Vaud\"}]},{\"@type\":\"WebSite\",\"@id\":\"https:\/\/csp.ch\/vaud\/#website\",\"url\":\"https:\/\/csp.ch\/vaud\/\",\"name\":\"https:\/\/csp.ch\/vaud\/\",\"description\":\"\",\"publisher\":{\"@id\":\"https:\/\/csp.ch\/vaud\/#organization\"},\"potentialAction\":[{\"@type\":\"SearchAction\",\"target\":{\"@type\":\"EntryPoint\",\"urlTemplate\":\"https:\/\/csp.ch\/vaud\/?s={search_term_string}\"},\"query-input\":{\"@type\":\"PropertyValueSpecification\",\"valueRequired\":true,\"valueName\":\"search_term_string\"}}],\"inLanguage\":\"fr-FR\"},{\"@type\":\"Organization\",\"@id\":\"https:\/\/csp.ch\/vaud\/#organization\",\"name\":\"https:\/\/csp.ch\/vaud\/\",\"url\":\"https:\/\/csp.ch\/vaud\/\",\"logo\":{\"@type\":\"ImageObject\",\"inLanguage\":\"fr-FR\",\"@id\":\"https:\/\/csp.ch\/vaud\/#\/schema\/logo\/image\/\",\"url\":\"https:\/\/csp.ch\/wp-content\/uploads\/sites\/4\/2022\/11\/Logo-CSP-VD-RVB.OK_.jpg\",\"contentUrl\":\"https:\/\/csp.ch\/wp-content\/uploads\/sites\/4\/2022\/11\/Logo-CSP-VD-RVB.OK_.jpg\",\"width\":600,\"height\":306,\"caption\":\"https:\/\/csp.ch\/vaud\/\"},\"image\":{\"@id\":\"https:\/\/csp.ch\/vaud\/#\/schema\/logo\/image\/\"},\"sameAs\":[\"https:\/\/www.facebook.com\/CSPSuisse\",\"https:\/\/www.linkedin.com\/company\/csp-vaud\/mycompany\"]}]}<\/script>\n<!-- \/ Yoast SEO plugin. -->","yoast_head_json":{"title":"Assembl\u00e9e g\u00e9n\u00e9rale du CSP Vaud","description":"Le CSP Vaud est une association. Ses membres et toute personne int\u00e9ress\u00e9e trouvent ici les informations pour l'Assembl\u00e9e g\u00e9n\u00e9rale.","robots":{"index":"index","follow":"follow","max-snippet":"max-snippet:-1","max-image-preview":"max-image-preview:large","max-video-preview":"max-video-preview:-1"},"canonical":"https:\/\/csp.ch\/vaud\/assemblee-generale\/","og_locale":"fr_FR","og_type":"article","og_title":"Assembl\u00e9e g\u00e9n\u00e9rale du CSP Vaud","og_description":"Le CSP Vaud est une association. Ses membres et toute personne int\u00e9ress\u00e9e trouvent ici les informations pour l'Assembl\u00e9e g\u00e9n\u00e9rale.","og_url":"https:\/\/csp.ch\/vaud\/assemblee-generale\/","og_site_name":"CSP Vaud","article_publisher":"https:\/\/www.facebook.com\/CSPSuisse","article_modified_time":"2025-06-06T13:45:43+00:00","og_image":[{"width":2560,"height":1440,"url":"https:\/\/csp.ch\/wp-content\/uploads\/sites\/4\/2022\/08\/AG-CSP-Vaud-juin-2022-scaled.jpg","type":"image\/jpeg"}],"twitter_card":"summary_large_image","twitter_misc":{"Dur\u00e9e de lecture estim\u00e9e":"1 minute"},"schema":{"@context":"https:\/\/schema.org","@graph":[{"@type":"WebPage","@id":"https:\/\/csp.ch\/vaud\/assemblee-generale\/","url":"https:\/\/csp.ch\/vaud\/assemblee-generale\/","name":"Assembl\u00e9e g\u00e9n\u00e9rale du CSP Vaud","isPartOf":{"@id":"https:\/\/csp.ch\/vaud\/#website"},"primaryImageOfPage":{"@id":"https:\/\/csp.ch\/vaud\/assemblee-generale\/#primaryimage"},"image":{"@id":"https:\/\/csp.ch\/vaud\/assemblee-generale\/#primaryimage"},"thumbnailUrl":"https:\/\/csp.ch\/wp-content\/uploads\/sites\/4\/2022\/08\/AG-CSP-Vaud-juin-2022-scaled.jpg","datePublished":"2019-05-13T09:58:06+00:00","dateModified":"2025-06-06T13:45:43+00:00","description":"Le CSP Vaud est une association. Ses membres et toute personne int\u00e9ress\u00e9e trouvent ici les informations pour l'Assembl\u00e9e g\u00e9n\u00e9rale.","breadcrumb":{"@id":"https:\/\/csp.ch\/vaud\/assemblee-generale\/#breadcrumb"},"inLanguage":"fr-FR","potentialAction":[{"@type":"ReadAction","target":["https:\/\/csp.ch\/vaud\/assemblee-generale\/"]}]},{"@type":"ImageObject","inLanguage":"fr-FR","@id":"https:\/\/csp.ch\/vaud\/assemblee-generale\/#primaryimage","url":"https:\/\/csp.ch\/wp-content\/uploads\/sites\/4\/2022\/08\/AG-CSP-Vaud-juin-2022-scaled.jpg","contentUrl":"https:\/\/csp.ch\/wp-content\/uploads\/sites\/4\/2022\/08\/AG-CSP-Vaud-juin-2022-scaled.jpg","width":2560,"height":1440,"caption":"Assembl\u00e9e g\u00e9n\u00e9rale du CSP Vaud, juin 2022"},{"@type":"BreadcrumbList","@id":"https:\/\/csp.ch\/vaud\/assemblee-generale\/#breadcrumb","itemListElement":[{"@type":"ListItem","position":1,"name":"Accueil","item":"https:\/\/csp.ch\/vaud\/"},{"@type":"ListItem","position":2,"name":"Assembl\u00e9e g\u00e9n\u00e9rale du CSP Vaud"}]},{"@type":"WebSite","@id":"https:\/\/csp.ch\/vaud\/#website","url":"https:\/\/csp.ch\/vaud\/","name":"https:\/\/csp.ch\/vaud\/","description":"","publisher":{"@id":"https:\/\/csp.ch\/vaud\/#organization"},"potentialAction":[{"@type":"SearchAction","target":{"@type":"EntryPoint","urlTemplate":"https:\/\/csp.ch\/vaud\/?s={search_term_string}"},"query-input":{"@type":"PropertyValueSpecification","valueRequired":true,"valueName":"search_term_string"}}],"inLanguage":"fr-FR"},{"@type":"Organization","@id":"https:\/\/csp.ch\/vaud\/#organization","name":"https:\/\/csp.ch\/vaud\/","url":"https:\/\/csp.ch\/vaud\/","logo":{"@type":"ImageObject","inLanguage":"fr-FR","@id":"https:\/\/csp.ch\/vaud\/#\/schema\/logo\/image\/","url":"https:\/\/csp.ch\/wp-content\/uploads\/sites\/4\/2022\/11\/Logo-CSP-VD-RVB.OK_.jpg","contentUrl":"https:\/\/csp.ch\/wp-content\/uploads\/sites\/4\/2022\/11\/Logo-CSP-VD-RVB.OK_.jpg","width":600,"height":306,"caption":"https:\/\/csp.ch\/vaud\/"},"image":{"@id":"https:\/\/csp.ch\/vaud\/#\/schema\/logo\/image\/"},"sameAs":["https:\/\/www.facebook.com\/CSPSuisse","https:\/\/www.linkedin.com\/company\/csp-vaud\/mycompany"]}]}},"_links":{"self":[{"href":"https:\/\/csp.ch\/vaud\/wp-json\/wp\/v2\/pages\/3780","targetHints":{"allow":["GET"]}}],"collection":[{"href":"https:\/\/csp.ch\/vaud\/wp-json\/wp\/v2\/pages"}],"about":[{"href":"https:\/\/csp.ch\/vaud\/wp-json\/wp\/v2\/types\/page"}],"author":[{"embeddable":true,"href":"https:\/\/csp.ch\/vaud\/wp-json\/wp\/v2\/users\/2"}],"replies":[{"embeddable":true,"href":"https:\/\/csp.ch\/vaud\/wp-json\/wp\/v2\/comments?post=3780"}],"version-history":[{"count":3,"href":"https:\/\/csp.ch\/vaud\/wp-json\/wp\/v2\/pages\/3780\/revisions"}],"predecessor-version":[{"id":25514,"href":"https:\/\/csp.ch\/vaud\/wp-json\/wp\/v2\/pages\/3780\/revisions\/25514"}],"wp:featuredmedia":[{"embeddable":true,"href":"https:\/\/csp.ch\/vaud\/wp-json\/wp\/v2\/media\/15755"}],"wp:attachment":[{"href":"https:\/\/csp.ch\/vaud\/wp-json\/wp\/v2\/media?parent=3780"}],"curies":[{"name":"wp","href":"https:\/\/api.w.org\/{rel}","templated":true}]}}