{"id":3645,"date":"2019-04-24T14:20:18","date_gmt":"2019-04-24T13:20:18","guid":{"rendered":"https:\/\/csp.ch\/vaud\/?page_id=3645"},"modified":"2024-09-30T14:18:22","modified_gmt":"2024-09-30T12:18:22","slug":"newsletter","status":"publish","type":"page","link":"https:\/\/csp.ch\/vaud\/galetas-et-boutiques\/newsletter\/","title":{"rendered":"<strong> Newsletter <\/strong> des <strong> Galetas <\/strong>"},"content":{"rendered":"<h3>le <strong>CSP Vaud<\/strong> propose une <strong>Newsletter <\/strong>commune \u00e0 tous ses<strong> magasins d&rsquo;occasion<\/strong> &#8211; les Galetas.<\/h3>\n<p><a href=\"https:\/\/galetas.us6.list-manage.com\/subscribe?u=343fb6131e051d6b47b3bd1fc&amp;id=32477cf078\">Abonnez-vous \u00e0 la Newsletter des Galetas<\/a><\/p>\n<p>Cette Newsletter vous tient au courant r\u00e9guli\u00e8rement des actions sp\u00e9ciales, des arriv\u00e9es d&rsquo;objets particuliers et de tout autre \u00e9v\u00e9nement dans nos magasins.<\/p>\n<p>N&rsquo;h\u00e9sitez pas \u00e0 nous \u00e9crire pour nous faire part de vos commentaires et int\u00e9r\u00eats !<\/p>\n<p><a href=\"&#109;&#x61;&#x69;l&#116;&#x6f;:&#105;&#x6e;f&#111;&#x40;c&#115;&#x70;&#x2d;&#118;&#x64;&#x2e;c&#104;\">Nous \u00e9crire<\/a><\/p>\n","protected":false},"excerpt":{"rendered":"<p>le CSP Vaud propose une Newsletter commune \u00e0 tous ses magasins d&rsquo;occasion &#8211; les Galetas. Abonnez-vous \u00e0 la Newsletter des Galetas Cette Newsletter vous tient au courant r\u00e9guli\u00e8rement des actions sp\u00e9ciales, des arriv\u00e9es d&rsquo;objets particuliers et de tout autre \u00e9v\u00e9nement dans nos magasins. N&rsquo;h\u00e9sitez pas \u00e0 nous \u00e9crire pour nous faire part de vos commentaires [&hellip;]<\/p>\n","protected":false},"author":2,"featured_media":16202,"parent":147,"menu_order":0,"comment_status":"closed","ping_status":"closed","template":"","meta":{"_acf_changed":false,"footnotes":""},"class_list":["post-3645","page","type-page","status-publish","has-post-thumbnail","hentry"],"acf":[],"yoast_head":"<!-- This site is optimized with the Yoast SEO plugin v27.1.1 - https:\/\/yoast.com\/product\/yoast-seo-wordpress\/ -->\n<title>La Newsletter des magasins d&#039;occasion (les Galetas) du CSP Vaud<\/title>\n<meta name=\"description\" content=\"le CSP Vaud propose une Newsletter commune \u00e0 tous ses magasins d&#039;occasion - les Galetas et les Boutiques. Actions sp\u00e9ciales, etc.\" \/>\n<meta name=\"robots\" content=\"index, follow, max-snippet:-1, max-image-preview:large, max-video-preview:-1\" \/>\n<link rel=\"canonical\" href=\"https:\/\/csp.ch\/vaud\/galetas-et-boutiques\/newsletter\/\" \/>\n<meta property=\"og:locale\" content=\"fr_FR\" \/>\n<meta property=\"og:type\" content=\"article\" \/>\n<meta property=\"og:title\" content=\"La Newsletter des magasins d&#039;occasion (les Galetas) du CSP Vaud\" \/>\n<meta property=\"og:description\" content=\"le CSP Vaud propose une Newsletter commune \u00e0 tous ses magasins d&#039;occasion - les Galetas et les Boutiques. Actions sp\u00e9ciales, etc.\" \/>\n<meta property=\"og:url\" content=\"https:\/\/csp.ch\/vaud\/galetas-et-boutiques\/newsletter\/\" \/>\n<meta property=\"og:site_name\" content=\"CSP Vaud\" \/>\n<meta property=\"article:publisher\" content=\"https:\/\/www.facebook.com\/CSPSuisse\" \/>\n<meta property=\"article:modified_time\" content=\"2024-09-30T12:18:22+00:00\" \/>\n<meta property=\"og:image\" content=\"https:\/\/csp.ch\/wp-content\/uploads\/sites\/4\/2022\/10\/Les-Galetas-du-CSP-Vaud-Equipe-de-Payerne-1.jpg\" \/>\n\t<meta property=\"og:image:width\" content=\"2008\" \/>\n\t<meta property=\"og:image:height\" content=\"1128\" \/>\n\t<meta property=\"og:image:type\" content=\"image\/jpeg\" \/>\n<meta name=\"twitter:card\" content=\"summary_large_image\" \/>\n<meta name=\"twitter:label1\" content=\"Dur\u00e9e de lecture estim\u00e9e\" \/>\n\t<meta name=\"twitter:data1\" content=\"1 minute\" \/>\n<script type=\"application\/ld+json\" class=\"yoast-schema-graph\">{\"@context\":\"https:\/\/schema.org\",\"@graph\":[{\"@type\":\"WebPage\",\"@id\":\"https:\/\/csp.ch\/vaud\/galetas-et-boutiques\/newsletter\/\",\"url\":\"https:\/\/csp.ch\/vaud\/galetas-et-boutiques\/newsletter\/\",\"name\":\"La Newsletter des magasins d'occasion (les Galetas) du CSP Vaud\",\"isPartOf\":{\"@id\":\"https:\/\/csp.ch\/vaud\/#website\"},\"primaryImageOfPage\":{\"@id\":\"https:\/\/csp.ch\/vaud\/galetas-et-boutiques\/newsletter\/#primaryimage\"},\"image\":{\"@id\":\"https:\/\/csp.ch\/vaud\/galetas-et-boutiques\/newsletter\/#primaryimage\"},\"thumbnailUrl\":\"https:\/\/csp.ch\/wp-content\/uploads\/sites\/4\/2022\/10\/Les-Galetas-du-CSP-Vaud-Equipe-de-Payerne-1.jpg\",\"datePublished\":\"2019-04-24T13:20:18+00:00\",\"dateModified\":\"2024-09-30T12:18:22+00:00\",\"description\":\"le CSP Vaud propose une Newsletter commune \u00e0 tous ses magasins d'occasion - les Galetas et les Boutiques. Actions sp\u00e9ciales, etc.\",\"breadcrumb\":{\"@id\":\"https:\/\/csp.ch\/vaud\/galetas-et-boutiques\/newsletter\/#breadcrumb\"},\"inLanguage\":\"fr-FR\",\"potentialAction\":[{\"@type\":\"ReadAction\",\"target\":[\"https:\/\/csp.ch\/vaud\/galetas-et-boutiques\/newsletter\/\"]}]},{\"@type\":\"ImageObject\",\"inLanguage\":\"fr-FR\",\"@id\":\"https:\/\/csp.ch\/vaud\/galetas-et-boutiques\/newsletter\/#primaryimage\",\"url\":\"https:\/\/csp.ch\/wp-content\/uploads\/sites\/4\/2022\/10\/Les-Galetas-du-CSP-Vaud-Equipe-de-Payerne-1.jpg\",\"contentUrl\":\"https:\/\/csp.ch\/wp-content\/uploads\/sites\/4\/2022\/10\/Les-Galetas-du-CSP-Vaud-Equipe-de-Payerne-1.jpg\",\"width\":2008,\"height\":1128,\"caption\":\"Les Galetas du CSP Vaud - Equipe de Payerne - Nouveau logo 2022\"},{\"@type\":\"BreadcrumbList\",\"@id\":\"https:\/\/csp.ch\/vaud\/galetas-et-boutiques\/newsletter\/#breadcrumb\",\"itemListElement\":[{\"@type\":\"ListItem\",\"position\":1,\"name\":\"Accueil\",\"item\":\"https:\/\/csp.ch\/vaud\/\"},{\"@type\":\"ListItem\",\"position\":2,\"name\":\"Les Galetas du CSP Vaud\",\"item\":\"https:\/\/csp.ch\/vaud\/galetas-et-boutiques\/\"},{\"@type\":\"ListItem\",\"position\":3,\"name\":\"Newsletter des Galetas\"}]},{\"@type\":\"WebSite\",\"@id\":\"https:\/\/csp.ch\/vaud\/#website\",\"url\":\"https:\/\/csp.ch\/vaud\/\",\"name\":\"https:\/\/csp.ch\/vaud\/\",\"description\":\"\",\"publisher\":{\"@id\":\"https:\/\/csp.ch\/vaud\/#organization\"},\"potentialAction\":[{\"@type\":\"SearchAction\",\"target\":{\"@type\":\"EntryPoint\",\"urlTemplate\":\"https:\/\/csp.ch\/vaud\/?s={search_term_string}\"},\"query-input\":{\"@type\":\"PropertyValueSpecification\",\"valueRequired\":true,\"valueName\":\"search_term_string\"}}],\"inLanguage\":\"fr-FR\"},{\"@type\":\"Organization\",\"@id\":\"https:\/\/csp.ch\/vaud\/#organization\",\"name\":\"https:\/\/csp.ch\/vaud\/\",\"url\":\"https:\/\/csp.ch\/vaud\/\",\"logo\":{\"@type\":\"ImageObject\",\"inLanguage\":\"fr-FR\",\"@id\":\"https:\/\/csp.ch\/vaud\/#\/schema\/logo\/image\/\",\"url\":\"https:\/\/csp.ch\/wp-content\/uploads\/sites\/4\/2022\/11\/Logo-CSP-VD-RVB.OK_.jpg\",\"contentUrl\":\"https:\/\/csp.ch\/wp-content\/uploads\/sites\/4\/2022\/11\/Logo-CSP-VD-RVB.OK_.jpg\",\"width\":600,\"height\":306,\"caption\":\"https:\/\/csp.ch\/vaud\/\"},\"image\":{\"@id\":\"https:\/\/csp.ch\/vaud\/#\/schema\/logo\/image\/\"},\"sameAs\":[\"https:\/\/www.facebook.com\/CSPSuisse\",\"https:\/\/www.linkedin.com\/company\/csp-vaud\/mycompany\"]}]}<\/script>\n<!-- \/ Yoast SEO plugin. -->","yoast_head_json":{"title":"La Newsletter des magasins d'occasion (les Galetas) du CSP Vaud","description":"le CSP Vaud propose une Newsletter commune \u00e0 tous ses magasins d'occasion - les Galetas et les Boutiques. Actions sp\u00e9ciales, etc.","robots":{"index":"index","follow":"follow","max-snippet":"max-snippet:-1","max-image-preview":"max-image-preview:large","max-video-preview":"max-video-preview:-1"},"canonical":"https:\/\/csp.ch\/vaud\/galetas-et-boutiques\/newsletter\/","og_locale":"fr_FR","og_type":"article","og_title":"La Newsletter des magasins d'occasion (les Galetas) du CSP Vaud","og_description":"le CSP Vaud propose une Newsletter commune \u00e0 tous ses magasins d'occasion - les Galetas et les Boutiques. Actions sp\u00e9ciales, etc.","og_url":"https:\/\/csp.ch\/vaud\/galetas-et-boutiques\/newsletter\/","og_site_name":"CSP Vaud","article_publisher":"https:\/\/www.facebook.com\/CSPSuisse","article_modified_time":"2024-09-30T12:18:22+00:00","og_image":[{"width":2008,"height":1128,"url":"https:\/\/csp.ch\/wp-content\/uploads\/sites\/4\/2022\/10\/Les-Galetas-du-CSP-Vaud-Equipe-de-Payerne-1.jpg","type":"image\/jpeg"}],"twitter_card":"summary_large_image","twitter_misc":{"Dur\u00e9e de lecture estim\u00e9e":"1 minute"},"schema":{"@context":"https:\/\/schema.org","@graph":[{"@type":"WebPage","@id":"https:\/\/csp.ch\/vaud\/galetas-et-boutiques\/newsletter\/","url":"https:\/\/csp.ch\/vaud\/galetas-et-boutiques\/newsletter\/","name":"La Newsletter des magasins d'occasion (les Galetas) du CSP Vaud","isPartOf":{"@id":"https:\/\/csp.ch\/vaud\/#website"},"primaryImageOfPage":{"@id":"https:\/\/csp.ch\/vaud\/galetas-et-boutiques\/newsletter\/#primaryimage"},"image":{"@id":"https:\/\/csp.ch\/vaud\/galetas-et-boutiques\/newsletter\/#primaryimage"},"thumbnailUrl":"https:\/\/csp.ch\/wp-content\/uploads\/sites\/4\/2022\/10\/Les-Galetas-du-CSP-Vaud-Equipe-de-Payerne-1.jpg","datePublished":"2019-04-24T13:20:18+00:00","dateModified":"2024-09-30T12:18:22+00:00","description":"le CSP Vaud propose une Newsletter commune \u00e0 tous ses magasins d'occasion - les Galetas et les Boutiques. Actions sp\u00e9ciales, etc.","breadcrumb":{"@id":"https:\/\/csp.ch\/vaud\/galetas-et-boutiques\/newsletter\/#breadcrumb"},"inLanguage":"fr-FR","potentialAction":[{"@type":"ReadAction","target":["https:\/\/csp.ch\/vaud\/galetas-et-boutiques\/newsletter\/"]}]},{"@type":"ImageObject","inLanguage":"fr-FR","@id":"https:\/\/csp.ch\/vaud\/galetas-et-boutiques\/newsletter\/#primaryimage","url":"https:\/\/csp.ch\/wp-content\/uploads\/sites\/4\/2022\/10\/Les-Galetas-du-CSP-Vaud-Equipe-de-Payerne-1.jpg","contentUrl":"https:\/\/csp.ch\/wp-content\/uploads\/sites\/4\/2022\/10\/Les-Galetas-du-CSP-Vaud-Equipe-de-Payerne-1.jpg","width":2008,"height":1128,"caption":"Les Galetas du CSP Vaud - Equipe de Payerne - Nouveau logo 2022"},{"@type":"BreadcrumbList","@id":"https:\/\/csp.ch\/vaud\/galetas-et-boutiques\/newsletter\/#breadcrumb","itemListElement":[{"@type":"ListItem","position":1,"name":"Accueil","item":"https:\/\/csp.ch\/vaud\/"},{"@type":"ListItem","position":2,"name":"Les Galetas du CSP Vaud","item":"https:\/\/csp.ch\/vaud\/galetas-et-boutiques\/"},{"@type":"ListItem","position":3,"name":"Newsletter des Galetas"}]},{"@type":"WebSite","@id":"https:\/\/csp.ch\/vaud\/#website","url":"https:\/\/csp.ch\/vaud\/","name":"https:\/\/csp.ch\/vaud\/","description":"","publisher":{"@id":"https:\/\/csp.ch\/vaud\/#organization"},"potentialAction":[{"@type":"SearchAction","target":{"@type":"EntryPoint","urlTemplate":"https:\/\/csp.ch\/vaud\/?s={search_term_string}"},"query-input":{"@type":"PropertyValueSpecification","valueRequired":true,"valueName":"search_term_string"}}],"inLanguage":"fr-FR"},{"@type":"Organization","@id":"https:\/\/csp.ch\/vaud\/#organization","name":"https:\/\/csp.ch\/vaud\/","url":"https:\/\/csp.ch\/vaud\/","logo":{"@type":"ImageObject","inLanguage":"fr-FR","@id":"https:\/\/csp.ch\/vaud\/#\/schema\/logo\/image\/","url":"https:\/\/csp.ch\/wp-content\/uploads\/sites\/4\/2022\/11\/Logo-CSP-VD-RVB.OK_.jpg","contentUrl":"https:\/\/csp.ch\/wp-content\/uploads\/sites\/4\/2022\/11\/Logo-CSP-VD-RVB.OK_.jpg","width":600,"height":306,"caption":"https:\/\/csp.ch\/vaud\/"},"image":{"@id":"https:\/\/csp.ch\/vaud\/#\/schema\/logo\/image\/"},"sameAs":["https:\/\/www.facebook.com\/CSPSuisse","https:\/\/www.linkedin.com\/company\/csp-vaud\/mycompany"]}]}},"_links":{"self":[{"href":"https:\/\/csp.ch\/vaud\/wp-json\/wp\/v2\/pages\/3645","targetHints":{"allow":["GET"]}}],"collection":[{"href":"https:\/\/csp.ch\/vaud\/wp-json\/wp\/v2\/pages"}],"about":[{"href":"https:\/\/csp.ch\/vaud\/wp-json\/wp\/v2\/types\/page"}],"author":[{"embeddable":true,"href":"https:\/\/csp.ch\/vaud\/wp-json\/wp\/v2\/users\/2"}],"replies":[{"embeddable":true,"href":"https:\/\/csp.ch\/vaud\/wp-json\/wp\/v2\/comments?post=3645"}],"version-history":[{"count":3,"href":"https:\/\/csp.ch\/vaud\/wp-json\/wp\/v2\/pages\/3645\/revisions"}],"predecessor-version":[{"id":23122,"href":"https:\/\/csp.ch\/vaud\/wp-json\/wp\/v2\/pages\/3645\/revisions\/23122"}],"up":[{"embeddable":true,"href":"https:\/\/csp.ch\/vaud\/wp-json\/wp\/v2\/pages\/147"}],"wp:featuredmedia":[{"embeddable":true,"href":"https:\/\/csp.ch\/vaud\/wp-json\/wp\/v2\/media\/16202"}],"wp:attachment":[{"href":"https:\/\/csp.ch\/vaud\/wp-json\/wp\/v2\/media?parent=3645"}],"curies":[{"name":"wp","href":"https:\/\/api.w.org\/{rel}","templated":true}]}}