{"id":22611,"date":"2024-08-07T11:35:31","date_gmt":"2024-08-07T09:35:31","guid":{"rendered":"https:\/\/csp.ch\/vaud\/?page_id=22611"},"modified":"2025-04-29T12:35:02","modified_gmt":"2025-04-29T10:35:02","slug":"mentions-legales","status":"publish","type":"page","link":"https:\/\/csp.ch\/vaud\/mentions-legales\/","title":{"rendered":"Mentions l\u00e9gales"},"content":{"rendered":"<h4>Raison sociale de la soci\u00e9t\u00e9<\/h4>\n<p>Centre social protestant Vaud<\/p>\n<h4>Adresse du si\u00e8ge social et du domicile<\/h4>\n<p>Rue Beau-S\u00e9jour 28, 1003 Lausanne<\/p>\n<h4>Adresse email<\/h4>\n<p>info&#64;&#99;&#115;&#112;&#45;&#118;&#100;&#x2e;&#x63;&#x68;<\/p>\n<h4>Num\u00e9ro de t\u00e9l\u00e9phone<\/h4>\n<p>+41 21 560 60 60<\/p>\n<h4><strong>Forme juridique de l\u2019entreprise<\/strong><\/h4>\n<p>Association r\u00e9gie par les articles 60 et suivants du Code civil suisse<\/p>\n<h4><strong>Num\u00e9ro d\u2019identification des entreprises (IDE)<\/strong><\/h4>\n<p>CHE-105.897.574<\/p>\n<p><strong>Num\u00e9ro d\u2019inscription au Registre du Commerce <\/strong><\/p>\n<p>CH-550.1.236.097-0<\/p>\n<p>Pour en savoir plus sur le CSP Vaud, <a href=\"https:\/\/csp.ch\/vaud\/csp-vaud\/\">suivez ce lien<\/a> !<\/p>\n<p>&nbsp;<\/p>\n","protected":false},"excerpt":{"rendered":"<p>Raison sociale de la soci\u00e9t\u00e9 Centre social protestant Vaud Adresse du si\u00e8ge social et du domicile Rue Beau-S\u00e9jour 28, 1003 Lausanne Adresse email &#x69;&#x6e;&#x66;&#x6f;&#x40;&#x63;&#x73;&#x70;&#x2d;&#x76;&#x64;&#x2e;&#x63;&#x68; Num\u00e9ro de t\u00e9l\u00e9phone +41 21 560 60 60 Forme juridique de l\u2019entreprise Association r\u00e9gie par les articles 60 et suivants du Code civil suisse Num\u00e9ro d\u2019identification des entreprises (IDE) CHE-105.897.574 Num\u00e9ro [&hellip;]<\/p>\n","protected":false},"author":2,"featured_media":22612,"parent":0,"menu_order":0,"comment_status":"closed","ping_status":"closed","template":"","meta":{"_acf_changed":false,"footnotes":""},"class_list":["post-22611","page","type-page","status-publish","has-post-thumbnail","hentry"],"acf":[],"yoast_head":"<!-- This site is optimized with the Yoast SEO plugin v27.1.1 - https:\/\/yoast.com\/product\/yoast-seo-wordpress\/ -->\n<title>Mentions l\u00e9gales - CSP Vaud<\/title>\n<meta name=\"description\" content=\"Cette page contient les mentions l\u00e9gales de l&#039;Association du Centre social protestant Vaud (CSP Vaud): coordonn\u00e9es, forme juridique, IDE et num\u00e9ro d&#039;enregistrement au registre du commerce.\" \/>\n<meta name=\"robots\" content=\"index, follow, max-snippet:-1, max-image-preview:large, max-video-preview:-1\" \/>\n<link rel=\"canonical\" href=\"https:\/\/csp.ch\/vaud\/mentions-legales\/\" \/>\n<meta property=\"og:locale\" content=\"fr_FR\" \/>\n<meta property=\"og:type\" content=\"article\" \/>\n<meta property=\"og:title\" content=\"Mentions l\u00e9gales - CSP Vaud\" \/>\n<meta property=\"og:description\" content=\"Cette page contient les mentions l\u00e9gales de l&#039;Association du Centre social protestant Vaud (CSP Vaud): coordonn\u00e9es, forme juridique, IDE et num\u00e9ro d&#039;enregistrement au registre du commerce.\" \/>\n<meta property=\"og:url\" content=\"https:\/\/csp.ch\/vaud\/mentions-legales\/\" \/>\n<meta property=\"og:site_name\" content=\"CSP Vaud\" \/>\n<meta property=\"article:publisher\" content=\"https:\/\/www.facebook.com\/CSPSuisse\" \/>\n<meta property=\"article:modified_time\" content=\"2025-04-29T10:35:02+00:00\" \/>\n<meta property=\"og:image\" content=\"https:\/\/csp.ch\/wp-content\/uploads\/sites\/4\/2024\/08\/Entree-Beau-Sejour-en-2023-copie.jpg\" \/>\n\t<meta property=\"og:image:width\" content=\"740\" \/>\n\t<meta property=\"og:image:height\" content=\"555\" \/>\n\t<meta property=\"og:image:type\" content=\"image\/jpeg\" \/>\n<meta name=\"twitter:card\" content=\"summary_large_image\" \/>\n<meta name=\"twitter:label1\" content=\"Dur\u00e9e de lecture estim\u00e9e\" \/>\n\t<meta name=\"twitter:data1\" content=\"1 minute\" \/>\n<script type=\"application\/ld+json\" class=\"yoast-schema-graph\">{\"@context\":\"https:\/\/schema.org\",\"@graph\":[{\"@type\":\"WebPage\",\"@id\":\"https:\/\/csp.ch\/vaud\/mentions-legales\/\",\"url\":\"https:\/\/csp.ch\/vaud\/mentions-legales\/\",\"name\":\"Mentions l\u00e9gales - CSP Vaud\",\"isPartOf\":{\"@id\":\"https:\/\/csp.ch\/vaud\/#website\"},\"primaryImageOfPage\":{\"@id\":\"https:\/\/csp.ch\/vaud\/mentions-legales\/#primaryimage\"},\"image\":{\"@id\":\"https:\/\/csp.ch\/vaud\/mentions-legales\/#primaryimage\"},\"thumbnailUrl\":\"https:\/\/csp.ch\/wp-content\/uploads\/sites\/4\/2024\/08\/Entree-Beau-Sejour-en-2023-copie.jpg\",\"datePublished\":\"2024-08-07T09:35:31+00:00\",\"dateModified\":\"2025-04-29T10:35:02+00:00\",\"description\":\"Cette page contient les mentions l\u00e9gales de l'Association du Centre social protestant Vaud (CSP Vaud): coordonn\u00e9es, forme juridique, IDE et num\u00e9ro d'enregistrement au registre du commerce.\",\"breadcrumb\":{\"@id\":\"https:\/\/csp.ch\/vaud\/mentions-legales\/#breadcrumb\"},\"inLanguage\":\"fr-FR\",\"potentialAction\":[{\"@type\":\"ReadAction\",\"target\":[\"https:\/\/csp.ch\/vaud\/mentions-legales\/\"]}]},{\"@type\":\"ImageObject\",\"inLanguage\":\"fr-FR\",\"@id\":\"https:\/\/csp.ch\/vaud\/mentions-legales\/#primaryimage\",\"url\":\"https:\/\/csp.ch\/wp-content\/uploads\/sites\/4\/2024\/08\/Entree-Beau-Sejour-en-2023-copie.jpg\",\"contentUrl\":\"https:\/\/csp.ch\/wp-content\/uploads\/sites\/4\/2024\/08\/Entree-Beau-Sejour-en-2023-copie.jpg\",\"width\":740,\"height\":555,\"caption\":\"Mentions l\u00e9gales - entr\u00e9e CSP Vaud\"},{\"@type\":\"BreadcrumbList\",\"@id\":\"https:\/\/csp.ch\/vaud\/mentions-legales\/#breadcrumb\",\"itemListElement\":[{\"@type\":\"ListItem\",\"position\":1,\"name\":\"Accueil\",\"item\":\"https:\/\/csp.ch\/vaud\/\"},{\"@type\":\"ListItem\",\"position\":2,\"name\":\"Mentions l\u00e9gales\"}]},{\"@type\":\"WebSite\",\"@id\":\"https:\/\/csp.ch\/vaud\/#website\",\"url\":\"https:\/\/csp.ch\/vaud\/\",\"name\":\"https:\/\/csp.ch\/vaud\/\",\"description\":\"\",\"publisher\":{\"@id\":\"https:\/\/csp.ch\/vaud\/#organization\"},\"potentialAction\":[{\"@type\":\"SearchAction\",\"target\":{\"@type\":\"EntryPoint\",\"urlTemplate\":\"https:\/\/csp.ch\/vaud\/?s={search_term_string}\"},\"query-input\":{\"@type\":\"PropertyValueSpecification\",\"valueRequired\":true,\"valueName\":\"search_term_string\"}}],\"inLanguage\":\"fr-FR\"},{\"@type\":\"Organization\",\"@id\":\"https:\/\/csp.ch\/vaud\/#organization\",\"name\":\"https:\/\/csp.ch\/vaud\/\",\"url\":\"https:\/\/csp.ch\/vaud\/\",\"logo\":{\"@type\":\"ImageObject\",\"inLanguage\":\"fr-FR\",\"@id\":\"https:\/\/csp.ch\/vaud\/#\/schema\/logo\/image\/\",\"url\":\"https:\/\/csp.ch\/wp-content\/uploads\/sites\/4\/2022\/11\/Logo-CSP-VD-RVB.OK_.jpg\",\"contentUrl\":\"https:\/\/csp.ch\/wp-content\/uploads\/sites\/4\/2022\/11\/Logo-CSP-VD-RVB.OK_.jpg\",\"width\":600,\"height\":306,\"caption\":\"https:\/\/csp.ch\/vaud\/\"},\"image\":{\"@id\":\"https:\/\/csp.ch\/vaud\/#\/schema\/logo\/image\/\"},\"sameAs\":[\"https:\/\/www.facebook.com\/CSPSuisse\",\"https:\/\/www.linkedin.com\/company\/csp-vaud\/mycompany\"]}]}<\/script>\n<!-- \/ Yoast SEO plugin. -->","yoast_head_json":{"title":"Mentions l\u00e9gales - CSP Vaud","description":"Cette page contient les mentions l\u00e9gales de l'Association du Centre social protestant Vaud (CSP Vaud): coordonn\u00e9es, forme juridique, IDE et num\u00e9ro d'enregistrement au registre du commerce.","robots":{"index":"index","follow":"follow","max-snippet":"max-snippet:-1","max-image-preview":"max-image-preview:large","max-video-preview":"max-video-preview:-1"},"canonical":"https:\/\/csp.ch\/vaud\/mentions-legales\/","og_locale":"fr_FR","og_type":"article","og_title":"Mentions l\u00e9gales - CSP Vaud","og_description":"Cette page contient les mentions l\u00e9gales de l'Association du Centre social protestant Vaud (CSP Vaud): coordonn\u00e9es, forme juridique, IDE et num\u00e9ro d'enregistrement au registre du commerce.","og_url":"https:\/\/csp.ch\/vaud\/mentions-legales\/","og_site_name":"CSP Vaud","article_publisher":"https:\/\/www.facebook.com\/CSPSuisse","article_modified_time":"2025-04-29T10:35:02+00:00","og_image":[{"width":740,"height":555,"url":"https:\/\/csp.ch\/wp-content\/uploads\/sites\/4\/2024\/08\/Entree-Beau-Sejour-en-2023-copie.jpg","type":"image\/jpeg"}],"twitter_card":"summary_large_image","twitter_misc":{"Dur\u00e9e de lecture estim\u00e9e":"1 minute"},"schema":{"@context":"https:\/\/schema.org","@graph":[{"@type":"WebPage","@id":"https:\/\/csp.ch\/vaud\/mentions-legales\/","url":"https:\/\/csp.ch\/vaud\/mentions-legales\/","name":"Mentions l\u00e9gales - CSP Vaud","isPartOf":{"@id":"https:\/\/csp.ch\/vaud\/#website"},"primaryImageOfPage":{"@id":"https:\/\/csp.ch\/vaud\/mentions-legales\/#primaryimage"},"image":{"@id":"https:\/\/csp.ch\/vaud\/mentions-legales\/#primaryimage"},"thumbnailUrl":"https:\/\/csp.ch\/wp-content\/uploads\/sites\/4\/2024\/08\/Entree-Beau-Sejour-en-2023-copie.jpg","datePublished":"2024-08-07T09:35:31+00:00","dateModified":"2025-04-29T10:35:02+00:00","description":"Cette page contient les mentions l\u00e9gales de l'Association du Centre social protestant Vaud (CSP Vaud): coordonn\u00e9es, forme juridique, IDE et num\u00e9ro d'enregistrement au registre du commerce.","breadcrumb":{"@id":"https:\/\/csp.ch\/vaud\/mentions-legales\/#breadcrumb"},"inLanguage":"fr-FR","potentialAction":[{"@type":"ReadAction","target":["https:\/\/csp.ch\/vaud\/mentions-legales\/"]}]},{"@type":"ImageObject","inLanguage":"fr-FR","@id":"https:\/\/csp.ch\/vaud\/mentions-legales\/#primaryimage","url":"https:\/\/csp.ch\/wp-content\/uploads\/sites\/4\/2024\/08\/Entree-Beau-Sejour-en-2023-copie.jpg","contentUrl":"https:\/\/csp.ch\/wp-content\/uploads\/sites\/4\/2024\/08\/Entree-Beau-Sejour-en-2023-copie.jpg","width":740,"height":555,"caption":"Mentions l\u00e9gales - entr\u00e9e CSP Vaud"},{"@type":"BreadcrumbList","@id":"https:\/\/csp.ch\/vaud\/mentions-legales\/#breadcrumb","itemListElement":[{"@type":"ListItem","position":1,"name":"Accueil","item":"https:\/\/csp.ch\/vaud\/"},{"@type":"ListItem","position":2,"name":"Mentions l\u00e9gales"}]},{"@type":"WebSite","@id":"https:\/\/csp.ch\/vaud\/#website","url":"https:\/\/csp.ch\/vaud\/","name":"https:\/\/csp.ch\/vaud\/","description":"","publisher":{"@id":"https:\/\/csp.ch\/vaud\/#organization"},"potentialAction":[{"@type":"SearchAction","target":{"@type":"EntryPoint","urlTemplate":"https:\/\/csp.ch\/vaud\/?s={search_term_string}"},"query-input":{"@type":"PropertyValueSpecification","valueRequired":true,"valueName":"search_term_string"}}],"inLanguage":"fr-FR"},{"@type":"Organization","@id":"https:\/\/csp.ch\/vaud\/#organization","name":"https:\/\/csp.ch\/vaud\/","url":"https:\/\/csp.ch\/vaud\/","logo":{"@type":"ImageObject","inLanguage":"fr-FR","@id":"https:\/\/csp.ch\/vaud\/#\/schema\/logo\/image\/","url":"https:\/\/csp.ch\/wp-content\/uploads\/sites\/4\/2022\/11\/Logo-CSP-VD-RVB.OK_.jpg","contentUrl":"https:\/\/csp.ch\/wp-content\/uploads\/sites\/4\/2022\/11\/Logo-CSP-VD-RVB.OK_.jpg","width":600,"height":306,"caption":"https:\/\/csp.ch\/vaud\/"},"image":{"@id":"https:\/\/csp.ch\/vaud\/#\/schema\/logo\/image\/"},"sameAs":["https:\/\/www.facebook.com\/CSPSuisse","https:\/\/www.linkedin.com\/company\/csp-vaud\/mycompany"]}]}},"_links":{"self":[{"href":"https:\/\/csp.ch\/vaud\/wp-json\/wp\/v2\/pages\/22611","targetHints":{"allow":["GET"]}}],"collection":[{"href":"https:\/\/csp.ch\/vaud\/wp-json\/wp\/v2\/pages"}],"about":[{"href":"https:\/\/csp.ch\/vaud\/wp-json\/wp\/v2\/types\/page"}],"author":[{"embeddable":true,"href":"https:\/\/csp.ch\/vaud\/wp-json\/wp\/v2\/users\/2"}],"replies":[{"embeddable":true,"href":"https:\/\/csp.ch\/vaud\/wp-json\/wp\/v2\/comments?post=22611"}],"version-history":[{"count":3,"href":"https:\/\/csp.ch\/vaud\/wp-json\/wp\/v2\/pages\/22611\/revisions"}],"predecessor-version":[{"id":25061,"href":"https:\/\/csp.ch\/vaud\/wp-json\/wp\/v2\/pages\/22611\/revisions\/25061"}],"wp:featuredmedia":[{"embeddable":true,"href":"https:\/\/csp.ch\/vaud\/wp-json\/wp\/v2\/media\/22612"}],"wp:attachment":[{"href":"https:\/\/csp.ch\/vaud\/wp-json\/wp\/v2\/media?parent=22611"}],"curies":[{"name":"wp","href":"https:\/\/api.w.org\/{rel}","templated":true}]}}