{"id":2122,"date":"2018-05-25T11:03:32","date_gmt":"2018-05-25T10:03:32","guid":{"rendered":"https:\/\/csp.ch\/vaud\/?page_id=2122"},"modified":"2025-03-10T13:24:25","modified_gmt":"2025-03-10T12:24:25","slug":"newsletter","status":"publish","type":"page","link":"https:\/\/csp.ch\/vaud\/newsletter\/","title":{"rendered":"<strong>Newsletter<\/strong> du CSP Vaud"},"content":{"rendered":"<div class=\"wpb-content-wrapper\"><p>[vc_row][vc_column][vc_column_text css=\u00a0\u00bb\u00a0\u00bb]Le CSP Vaud propose une <strong>Newsletter trimestrielle<\/strong>, qui para\u00eet entre six et neuf fois par ann\u00e9e, afin de vous tenir au courant des \u00e9v\u00e8nements importants de son calendrier, de ses actions et r\u00e9actions en lien avec l&rsquo;actualit\u00e9, ou encore pour d\u00e9gager des aspects pr\u00e9cis de sesdiff\u00e9rentes publications.<\/p>\n<p><a class=\"button\" href=\"https:\/\/csp.us12.list-manage.com\/subscribe?u=4486d7a3923670c608d3e13d0&amp;id=bfa5121376\">Abonnez-vous \u00e0 la newsletter du CSP Vaud<\/a><\/p>\n<p><a href=\"https:\/\/us12.campaign-archive.com\/home\/?u=4486d7a3923670c608d3e13d0&amp;id=bfa5121376\">Consultez les newsletters pr\u00e9c\u00e9dentes<\/a>[\/vc_column_text][\/vc_column][\/vc_row]<\/p>\n<\/div>","protected":false},"excerpt":{"rendered":"<p>[vc_row][vc_column][vc_column_text css=\u00a0\u00bb\u00a0\u00bb]Le CSP Vaud propose une Newsletter trimestrielle, qui para\u00eet entre six et neuf fois par ann\u00e9e, afin de vous tenir au courant des \u00e9v\u00e8nements importants de son calendrier, de ses actions et r\u00e9actions en lien avec l&rsquo;actualit\u00e9, ou encore pour d\u00e9gager des aspects pr\u00e9cis de sesdiff\u00e9rentes publications. Abonnez-vous \u00e0 la newsletter du CSP Vaud [&hellip;]<\/p>\n","protected":false},"author":2,"featured_media":2123,"parent":0,"menu_order":0,"comment_status":"closed","ping_status":"closed","template":"","meta":{"_acf_changed":false,"footnotes":""},"class_list":["post-2122","page","type-page","status-publish","has-post-thumbnail","hentry"],"acf":[],"yoast_head":"<!-- This site is optimized with the Yoast SEO plugin v27.1.1 - https:\/\/yoast.com\/product\/yoast-seo-wordpress\/ -->\n<title>CSP Vaud - Newsletter - CSP Vaud Newsletter du CSP Vaud<\/title>\n<meta name=\"description\" content=\"Le CSP Vaud envoie une Newletter quatre fois par ann\u00e9e au moins aux personnes qui souhaitent \u00eatre tenues au courant des nouvelles activit\u00e9s.\" \/>\n<meta name=\"robots\" content=\"index, follow, max-snippet:-1, max-image-preview:large, max-video-preview:-1\" \/>\n<link rel=\"canonical\" href=\"https:\/\/csp.ch\/vaud\/newsletter\/\" \/>\n<meta property=\"og:locale\" content=\"fr_FR\" \/>\n<meta property=\"og:type\" content=\"article\" \/>\n<meta property=\"og:title\" content=\"CSP Vaud - Newsletter - CSP Vaud Newsletter du CSP Vaud\" \/>\n<meta property=\"og:description\" content=\"Le CSP Vaud envoie une Newletter quatre fois par ann\u00e9e au moins aux personnes qui souhaitent \u00eatre tenues au courant des nouvelles activit\u00e9s.\" \/>\n<meta property=\"og:url\" content=\"https:\/\/csp.ch\/vaud\/newsletter\/\" \/>\n<meta property=\"og:site_name\" content=\"CSP Vaud\" \/>\n<meta property=\"article:publisher\" content=\"https:\/\/www.facebook.com\/CSPSuisse\" \/>\n<meta property=\"article:modified_time\" content=\"2025-03-10T12:24:25+00:00\" \/>\n<meta property=\"og:image\" content=\"https:\/\/csp.ch\/wp-content\/uploads\/sites\/4\/2018\/05\/Capture-d\u2019e\u0301cran-2018-05-24-a\u0300-12.40.41.png\" \/>\n\t<meta property=\"og:image:width\" content=\"718\" \/>\n\t<meta property=\"og:image:height\" content=\"350\" \/>\n\t<meta property=\"og:image:type\" content=\"image\/png\" \/>\n<meta name=\"twitter:card\" content=\"summary_large_image\" \/>\n<meta name=\"twitter:label1\" content=\"Dur\u00e9e de lecture estim\u00e9e\" \/>\n\t<meta name=\"twitter:data1\" content=\"1 minute\" \/>\n<script type=\"application\/ld+json\" class=\"yoast-schema-graph\">{\"@context\":\"https:\/\/schema.org\",\"@graph\":[{\"@type\":\"WebPage\",\"@id\":\"https:\/\/csp.ch\/vaud\/newsletter\/\",\"url\":\"https:\/\/csp.ch\/vaud\/newsletter\/\",\"name\":\"CSP Vaud - Newsletter - CSP Vaud Newsletter du CSP Vaud\",\"isPartOf\":{\"@id\":\"https:\/\/csp.ch\/vaud\/#website\"},\"primaryImageOfPage\":{\"@id\":\"https:\/\/csp.ch\/vaud\/newsletter\/#primaryimage\"},\"image\":{\"@id\":\"https:\/\/csp.ch\/vaud\/newsletter\/#primaryimage\"},\"thumbnailUrl\":\"https:\/\/csp.ch\/wp-content\/uploads\/sites\/4\/2018\/05\/Capture-d\u2019e\u0301cran-2018-05-24-a\u0300-12.40.41.png\",\"datePublished\":\"2018-05-25T10:03:32+00:00\",\"dateModified\":\"2025-03-10T12:24:25+00:00\",\"description\":\"Le CSP Vaud envoie une Newletter quatre fois par ann\u00e9e au moins aux personnes qui souhaitent \u00eatre tenues au courant des nouvelles activit\u00e9s.\",\"breadcrumb\":{\"@id\":\"https:\/\/csp.ch\/vaud\/newsletter\/#breadcrumb\"},\"inLanguage\":\"fr-FR\",\"potentialAction\":[{\"@type\":\"ReadAction\",\"target\":[\"https:\/\/csp.ch\/vaud\/newsletter\/\"]}]},{\"@type\":\"ImageObject\",\"inLanguage\":\"fr-FR\",\"@id\":\"https:\/\/csp.ch\/vaud\/newsletter\/#primaryimage\",\"url\":\"https:\/\/csp.ch\/wp-content\/uploads\/sites\/4\/2018\/05\/Capture-d\u2019e\u0301cran-2018-05-24-a\u0300-12.40.41.png\",\"contentUrl\":\"https:\/\/csp.ch\/wp-content\/uploads\/sites\/4\/2018\/05\/Capture-d\u2019e\u0301cran-2018-05-24-a\u0300-12.40.41.png\",\"width\":718,\"height\":350,\"caption\":\"Newsletter du CSP Vaud, bandeau titre\"},{\"@type\":\"BreadcrumbList\",\"@id\":\"https:\/\/csp.ch\/vaud\/newsletter\/#breadcrumb\",\"itemListElement\":[{\"@type\":\"ListItem\",\"position\":1,\"name\":\"Accueil\",\"item\":\"https:\/\/csp.ch\/vaud\/\"},{\"@type\":\"ListItem\",\"position\":2,\"name\":\"Newsletter du CSP Vaud\"}]},{\"@type\":\"WebSite\",\"@id\":\"https:\/\/csp.ch\/vaud\/#website\",\"url\":\"https:\/\/csp.ch\/vaud\/\",\"name\":\"https:\/\/csp.ch\/vaud\/\",\"description\":\"\",\"publisher\":{\"@id\":\"https:\/\/csp.ch\/vaud\/#organization\"},\"potentialAction\":[{\"@type\":\"SearchAction\",\"target\":{\"@type\":\"EntryPoint\",\"urlTemplate\":\"https:\/\/csp.ch\/vaud\/?s={search_term_string}\"},\"query-input\":{\"@type\":\"PropertyValueSpecification\",\"valueRequired\":true,\"valueName\":\"search_term_string\"}}],\"inLanguage\":\"fr-FR\"},{\"@type\":\"Organization\",\"@id\":\"https:\/\/csp.ch\/vaud\/#organization\",\"name\":\"https:\/\/csp.ch\/vaud\/\",\"url\":\"https:\/\/csp.ch\/vaud\/\",\"logo\":{\"@type\":\"ImageObject\",\"inLanguage\":\"fr-FR\",\"@id\":\"https:\/\/csp.ch\/vaud\/#\/schema\/logo\/image\/\",\"url\":\"https:\/\/csp.ch\/wp-content\/uploads\/sites\/4\/2022\/11\/Logo-CSP-VD-RVB.OK_.jpg\",\"contentUrl\":\"https:\/\/csp.ch\/wp-content\/uploads\/sites\/4\/2022\/11\/Logo-CSP-VD-RVB.OK_.jpg\",\"width\":600,\"height\":306,\"caption\":\"https:\/\/csp.ch\/vaud\/\"},\"image\":{\"@id\":\"https:\/\/csp.ch\/vaud\/#\/schema\/logo\/image\/\"},\"sameAs\":[\"https:\/\/www.facebook.com\/CSPSuisse\",\"https:\/\/www.linkedin.com\/company\/csp-vaud\/mycompany\"]}]}<\/script>\n<!-- \/ Yoast SEO plugin. -->","yoast_head_json":{"title":"CSP Vaud - Newsletter - CSP Vaud Newsletter du CSP Vaud","description":"Le CSP Vaud envoie une Newletter quatre fois par ann\u00e9e au moins aux personnes qui souhaitent \u00eatre tenues au courant des nouvelles activit\u00e9s.","robots":{"index":"index","follow":"follow","max-snippet":"max-snippet:-1","max-image-preview":"max-image-preview:large","max-video-preview":"max-video-preview:-1"},"canonical":"https:\/\/csp.ch\/vaud\/newsletter\/","og_locale":"fr_FR","og_type":"article","og_title":"CSP Vaud - Newsletter - CSP Vaud Newsletter du CSP Vaud","og_description":"Le CSP Vaud envoie une Newletter quatre fois par ann\u00e9e au moins aux personnes qui souhaitent \u00eatre tenues au courant des nouvelles activit\u00e9s.","og_url":"https:\/\/csp.ch\/vaud\/newsletter\/","og_site_name":"CSP Vaud","article_publisher":"https:\/\/www.facebook.com\/CSPSuisse","article_modified_time":"2025-03-10T12:24:25+00:00","og_image":[{"width":718,"height":350,"url":"https:\/\/csp.ch\/wp-content\/uploads\/sites\/4\/2018\/05\/Capture-d\u2019e\u0301cran-2018-05-24-a\u0300-12.40.41.png","type":"image\/png"}],"twitter_card":"summary_large_image","twitter_misc":{"Dur\u00e9e de lecture estim\u00e9e":"1 minute"},"schema":{"@context":"https:\/\/schema.org","@graph":[{"@type":"WebPage","@id":"https:\/\/csp.ch\/vaud\/newsletter\/","url":"https:\/\/csp.ch\/vaud\/newsletter\/","name":"CSP Vaud - Newsletter - CSP Vaud Newsletter du CSP Vaud","isPartOf":{"@id":"https:\/\/csp.ch\/vaud\/#website"},"primaryImageOfPage":{"@id":"https:\/\/csp.ch\/vaud\/newsletter\/#primaryimage"},"image":{"@id":"https:\/\/csp.ch\/vaud\/newsletter\/#primaryimage"},"thumbnailUrl":"https:\/\/csp.ch\/wp-content\/uploads\/sites\/4\/2018\/05\/Capture-d\u2019e\u0301cran-2018-05-24-a\u0300-12.40.41.png","datePublished":"2018-05-25T10:03:32+00:00","dateModified":"2025-03-10T12:24:25+00:00","description":"Le CSP Vaud envoie une Newletter quatre fois par ann\u00e9e au moins aux personnes qui souhaitent \u00eatre tenues au courant des nouvelles activit\u00e9s.","breadcrumb":{"@id":"https:\/\/csp.ch\/vaud\/newsletter\/#breadcrumb"},"inLanguage":"fr-FR","potentialAction":[{"@type":"ReadAction","target":["https:\/\/csp.ch\/vaud\/newsletter\/"]}]},{"@type":"ImageObject","inLanguage":"fr-FR","@id":"https:\/\/csp.ch\/vaud\/newsletter\/#primaryimage","url":"https:\/\/csp.ch\/wp-content\/uploads\/sites\/4\/2018\/05\/Capture-d\u2019e\u0301cran-2018-05-24-a\u0300-12.40.41.png","contentUrl":"https:\/\/csp.ch\/wp-content\/uploads\/sites\/4\/2018\/05\/Capture-d\u2019e\u0301cran-2018-05-24-a\u0300-12.40.41.png","width":718,"height":350,"caption":"Newsletter du CSP Vaud, bandeau titre"},{"@type":"BreadcrumbList","@id":"https:\/\/csp.ch\/vaud\/newsletter\/#breadcrumb","itemListElement":[{"@type":"ListItem","position":1,"name":"Accueil","item":"https:\/\/csp.ch\/vaud\/"},{"@type":"ListItem","position":2,"name":"Newsletter du CSP Vaud"}]},{"@type":"WebSite","@id":"https:\/\/csp.ch\/vaud\/#website","url":"https:\/\/csp.ch\/vaud\/","name":"https:\/\/csp.ch\/vaud\/","description":"","publisher":{"@id":"https:\/\/csp.ch\/vaud\/#organization"},"potentialAction":[{"@type":"SearchAction","target":{"@type":"EntryPoint","urlTemplate":"https:\/\/csp.ch\/vaud\/?s={search_term_string}"},"query-input":{"@type":"PropertyValueSpecification","valueRequired":true,"valueName":"search_term_string"}}],"inLanguage":"fr-FR"},{"@type":"Organization","@id":"https:\/\/csp.ch\/vaud\/#organization","name":"https:\/\/csp.ch\/vaud\/","url":"https:\/\/csp.ch\/vaud\/","logo":{"@type":"ImageObject","inLanguage":"fr-FR","@id":"https:\/\/csp.ch\/vaud\/#\/schema\/logo\/image\/","url":"https:\/\/csp.ch\/wp-content\/uploads\/sites\/4\/2022\/11\/Logo-CSP-VD-RVB.OK_.jpg","contentUrl":"https:\/\/csp.ch\/wp-content\/uploads\/sites\/4\/2022\/11\/Logo-CSP-VD-RVB.OK_.jpg","width":600,"height":306,"caption":"https:\/\/csp.ch\/vaud\/"},"image":{"@id":"https:\/\/csp.ch\/vaud\/#\/schema\/logo\/image\/"},"sameAs":["https:\/\/www.facebook.com\/CSPSuisse","https:\/\/www.linkedin.com\/company\/csp-vaud\/mycompany"]}]}},"_links":{"self":[{"href":"https:\/\/csp.ch\/vaud\/wp-json\/wp\/v2\/pages\/2122","targetHints":{"allow":["GET"]}}],"collection":[{"href":"https:\/\/csp.ch\/vaud\/wp-json\/wp\/v2\/pages"}],"about":[{"href":"https:\/\/csp.ch\/vaud\/wp-json\/wp\/v2\/types\/page"}],"author":[{"embeddable":true,"href":"https:\/\/csp.ch\/vaud\/wp-json\/wp\/v2\/users\/2"}],"replies":[{"embeddable":true,"href":"https:\/\/csp.ch\/vaud\/wp-json\/wp\/v2\/comments?post=2122"}],"version-history":[{"count":3,"href":"https:\/\/csp.ch\/vaud\/wp-json\/wp\/v2\/pages\/2122\/revisions"}],"predecessor-version":[{"id":24463,"href":"https:\/\/csp.ch\/vaud\/wp-json\/wp\/v2\/pages\/2122\/revisions\/24463"}],"wp:featuredmedia":[{"embeddable":true,"href":"https:\/\/csp.ch\/vaud\/wp-json\/wp\/v2\/media\/2123"}],"wp:attachment":[{"href":"https:\/\/csp.ch\/vaud\/wp-json\/wp\/v2\/media?parent=2122"}],"curies":[{"name":"wp","href":"https:\/\/api.w.org\/{rel}","templated":true}]}}