{"id":2049,"date":"2018-03-22T18:09:26","date_gmt":"2018-03-22T17:09:26","guid":{"rendered":"https:\/\/csp.ch\/vaud\/?page_id=2049"},"modified":"2021-06-03T12:13:58","modified_gmt":"2021-06-03T11:13:58","slug":"renovation-du-galetas-de-la-broye","status":"publish","type":"page","link":"https:\/\/csp.ch\/vaud\/renovation-du-galetas-de-la-broye\/","title":{"rendered":"<strong>R\u00e9novation<\/strong> du <strong>Galetas<\/strong> de la <strong>Broye<\/strong>"},"content":{"rendered":"<h3>Le chantier de r\u00e9novation du b\u00e2timent du CSP Vaud \u00e0 la Rue des Terreaux 10 \u00e0 Payerne a abouti \u00e0 la fin de l&rsquo;\u00e9t\u00e9 2019. Un immense merci \u00e0 toutes les personnes qui ont achet\u00e9 une ou plusieurs briques pour soutenir ce projet.<\/h3>\n<p>Voici un petit film sur l&rsquo;inauguration du 6 septembre 2019.<\/p>\n<p><iframe loading=\"lazy\"  id=\"_ytid_69092\"  width=\"800\" height=\"450\"  data-origwidth=\"800\" data-origheight=\"450\" src=\"https:\/\/www.youtube.com\/embed\/aER4DU87lZU?enablejsapi=1&#038;autoplay=0&#038;cc_load_policy=0&#038;cc_lang_pref=&#038;iv_load_policy=1&#038;loop=0&#038;rel=1&#038;fs=1&#038;playsinline=0&#038;autohide=2&#038;theme=dark&#038;color=red&#038;controls=1&#038;disablekb=0&#038;\" class=\"__youtube_prefs__  epyt-is-override  no-lazyload\" title=\"YouTube player\"  allow=\"fullscreen; accelerometer; autoplay; clipboard-write; encrypted-media; gyroscope; picture-in-picture; web-share\" referrerpolicy=\"strict-origin-when-cross-origin\" allowfullscreen data-no-lazy=\"1\" data-skipgform_ajax_framebjll=\"\"><\/iframe><\/p>\n<h3>Les points forts de la r\u00e9novation<\/h3>\n<ul>\n<li>Une magnifique surface de vente<\/li>\n<li>2 appartements en duplex \u00e0 loyer abordable<\/li>\n<li>Toutes les enseignes du CSP Vaud \u00e0 Payerne r\u00e9unies en un seul lieu<\/li>\n<\/ul>\n<p>&nbsp;<\/p>\n<h3 class=\"p1\">Une simple brique peut valoir de l\u2019or\u2009!<\/h3>\n<p>Le CSP Vaud a d\u00e9voil\u00e9 lors de cette inauguration un mur de briques portant un mot choisi par les donatrices et les donateurs en ayant fait l&rsquo;acquisition pour soutenir cette r\u00e9novation.<\/p>\n<p>Un grand merci \u00e0 toutes et \u00e0 tous.<\/p>\n<h4><strong>R\u00e9nover<\/strong><\/h4>\n<p>Il \u00e9tait temps. Cela fait plusieurs ann\u00e9es maintenant que, sous le magnifique et imposant toit du Galetas, perdurent des conditions difficiles : courants d&rsquo;air, fuites d&rsquo;eau, temp\u00e9ratures glaciales en hiver\u2026 Bref, des conditions qui ne sont plus dignes des nombreux et fid\u00e8les b\u00e9n\u00e9voles, salari\u00e9-e-s et client-e-s du magasin. Le projet de r\u00e9novation est ambitieux car il pr\u00e9voit \u2013 tout en pr\u00e9servant l&rsquo;aspect ext\u00e9rieur et le toit \u2013 des locaux modernes et lumineux pour l&rsquo;espace de vente du Galetas r\u00e9partis sur deux \u00e9tages (avec un escalier interne), des bureaux pour les consultations du CSP Vaud et deux appartements \u00e0 loyer mod\u00e9r\u00e9. Cette affectation renforce l&rsquo;implantation du CSP Vaud \u00e0 Payerne et dans la Broye et contribue \u00e0 valoriser le patrimoine du CSP Vaud, propri\u00e9taire du b\u00e2timent. Ce projet a \u00e9t\u00e9 confi\u00e9 \u00e0 l&rsquo;agence Maskin \u00e0 Fribourg et sera financ\u00e9 en partie par la Banque Alternative Suisse avec un important don de la Loterie Romande.<\/p>\n<h4><strong>Un peu d&rsquo;histoire<\/strong><\/h4>\n<p>Le Galetas de Payerne, une longue aventure. En 1987, le Galetas de Payerne s\u2019installe dans une ancienne grange au toit magnifique \u00e0 la rue des Terreaux 10 \u00e0 Payerne. Le b\u00e2timent, dont le volume et l\u2019aspect ext\u00e9rieur font partie du patrimoine prot\u00e9g\u00e9 de la r\u00e9gion, est rachet\u00e9 par le CSP Vaud en 1994 pour une somme modeste. L\u2019espace de vente occupe la totalit\u00e9 du rez-de-chauss\u00e9e. Le stockage se fait dans la partie \u00ab grange \u00bb au-dessus du magasin.<\/p>\n<p>Une belle aventure commence ainsi malgr\u00e9 la v\u00e9tust\u00e9 de l\u2019\u00e9difice, le froid et l\u2019humidit\u00e9 en hiver, la chaleur en \u00e9t\u00e9, qui rendent les conditions de travail difficiles. Mais la motivation et l\u2019enthousiasme des b\u00e9n\u00e9voles et du responsable sont in\u00e9branlables. Le Galetas d\u00e9veloppe pendant deux d\u00e9cennies ses activit\u00e9s de vente de seconde main : habits, livres, vaisselles, bibelots, meubles, appareils m\u00e9nagers sont ramass\u00e9s, tri\u00e9s avec soin et propos\u00e9s \u00e0 la population de la r\u00e9gion \u00e0 des prix d\u00e9fiants toute concurrence. Il remplit avec succ\u00e8s la double et difficile mission qui lui est confi\u00e9e : offrir un soutien aux personnes \u00e0 revenu modeste et contribuer au financement des activit\u00e9s socio-juridiques du CSP Vaud gr\u00e2ce aux b\u00e9n\u00e9fices de ses ventes.<\/p>\n<h4><strong>Aujourd&rsquo;hui<\/strong><\/h4>\n<p>Comme les deux autres magasins du CSP Vaud (Lausanne et Montreux), le Galetas de la Broye fonctionne gr\u00e2ce \u00e0 ses b\u00e9n\u00e9voles. Avec un responsable salari\u00e9, soutenu depuis 2 ans par un adjoint \u00e0 temps partiel, ce sont ces personnes g\u00e9n\u00e9reuses de leur temps et de leurs comp\u00e9tences qui prennent en charge toutes les \u00e9tapes du processus : accueil de la marchandise, tri, remise en \u00e9tat, mise en place dans le magasin et vente. Le Galetas accueille \u00e9galement r\u00e9guli\u00e8rement des civilistes et des personnes en r\u00e9insertion professionnelle. Il est un v\u00e9ritable lieu d\u2019int\u00e9gration sociale.<\/p>\n<h4><strong>Le b\u00e2timent<\/strong><\/h4>\n<p>Au fur et \u00e0 mesure que les ann\u00e9es passent, les interstices par o\u00f9 s\u2019engouffrent le vent et le froid sont calfeutr\u00e9es, quelques r\u00e9parations d\u2019urgence sont effectu\u00e9es plus ou moins bricol\u00e9es. Une annexe non chauff\u00e9e est m\u00eame ajout\u00e9e pour augmenter l\u2019espace de vente. Mais petit \u00e0 petit l\u2019\u00e9vidence s\u2019impose pour le CSP Vaud : une r\u00e9novation plus s\u00e9rieuse devient incontournable afin d\u2019assurer aux b\u00e9n\u00e9voles et aux clients du Galetas des bonnes conditions de travail et d\u2019achat.<\/p>\n<p>A partir de 2016, plusieurs alternatives sont \u00e9tudi\u00e9es avec soin. Au terme d\u2019une longue r\u00e9flexion, le comit\u00e9 du CSP Vaud opte en juin 2017 pour un projet ambitieux qui vise une exploitation optimale de l\u2019entier du volume du b\u00e2timent et de son magnifique toit avec une triple affectation : des locaux modernes et lumineux pour l\u2019espace de vente du Galetas, des bureaux, pour les consultations sociaux-juridiques du CSP Vaud et deux appartements familiaux \u00e0 loyer abordables. Comme l\u2019exige son statut de b\u00e2timent historique, l\u2019aspect ext\u00e9rieur du b\u00e2timent et le toit sont pr\u00e9serv\u00e9s.<\/p>\n<h4><strong>Rassembler toutes les activit\u00e9s du CSP Vaud dispens\u00e9es \u00e0 Payerne en un seul lieu<\/strong><\/h4>\n<p>Le projet ainsi d\u00e9fini vise \u00e0 renforcer la pr\u00e9sence du CSP Vaud dans la Broye en y regroupant toutes ses activit\u00e9s \u2013 \u00e0 savoir les consultations sociales, juridiques et conjugales ainsi que les permanences de l&rsquo;Info-Conseil Migration, aujourd&rsquo;hui dispers\u00e9es sur plusieurs lieux \u2013<span style=\"color: #808080\">\u00a0<\/span>en un lieu et \u00e0 revaloriser le b\u00e2timent pour assurer accessibilit\u00e9 et visibilit\u00e9. D\u2019un montant d\u2019environ 2 millions, il s\u00e9duit deux pr\u00e9cieux partenaires qui vont permettre de passer \u00e0 la phase de concr\u00e9tisation : la Loterie Romande qui honore le projet d\u2019un don important de CHF 560&rsquo;000.- et la Banque Alternative qui compl\u00e8te le financement par un pr\u00eat hypoth\u00e9caire. De plus le CSP Vaud investit une partie de ses fonds propres pour un montant de CHF 200&rsquo;000.- . Les travaux ont d\u00e9but\u00e9 en juin 2018 et s\u2019ach\u00e8veront en \u00e9t\u00e9 2019 apr\u00e8s une fermeture compl\u00e8te pendant cinq mois.<\/p>\n<h4><strong>Recherche de fonds compl\u00e9mentaire pour ne pas grever le budget de fonctionnement<\/strong><\/h4>\n<p>Restait au CSP Vaud un d\u00e9fi majeur \u00e0 relever : trouver une somme de CHF 120&rsquo;000.- pour couvrir les frais inh\u00e9rents \u00e0 l\u2019installation dans les nouveaux locaux comme l\u2019am\u00e9nagement int\u00e9rieur et ext\u00e9rieur, le stockage du mat\u00e9riel et le manque \u00e0 gagner pendant la dur\u00e9e des travaux. Cette somme devait \u00eatre imp\u00e9rativement trouv\u00e9e pour ne pas grever le budget courant de fonctionnement du CSP Vaud et en particulier les consultations sociales et juridiques qui viennent en aide aux familles et aux personnes dans le besoin. Un appel de fonds a \u00e9t\u00e9 lanc\u00e9 aupr\u00e8s des client\u00b7e\u00b7s du Galetas, du r\u00e9seau de soutien du CSP Vaud, du grand public ainsi que des fondations.<\/p>\n<p>&nbsp;<\/p>\n<p>&nbsp;<\/p>\n","protected":false},"excerpt":{"rendered":"<p>Le chantier de r\u00e9novation du b\u00e2timent du CSP Vaud \u00e0 la Rue des Terreaux 10 \u00e0 Payerne a abouti \u00e0 la fin de l&rsquo;\u00e9t\u00e9 2019. Un immense merci \u00e0 toutes les personnes qui ont achet\u00e9 une ou plusieurs briques pour soutenir ce projet. Voici un petit film sur l&rsquo;inauguration du 6 septembre 2019. Les points [&hellip;]<\/p>\n","protected":false},"author":2,"featured_media":4196,"parent":0,"menu_order":0,"comment_status":"closed","ping_status":"closed","template":"","meta":{"_acf_changed":false,"footnotes":""},"class_list":["post-2049","page","type-page","status-publish","has-post-thumbnail","hentry"],"acf":[],"yoast_head":"<!-- This site is optimized with the Yoast SEO plugin v27.1.1 - https:\/\/yoast.com\/product\/yoast-seo-wordpress\/ -->\n<title>R\u00e9novation du Galetas de la Broye - CSP Vaud - %<\/title>\n<meta name=\"description\" content=\"Le projet de r\u00e9novation du Galetas de la Broye pr\u00e9voit de rassembler son magasin d&#039;occasion et ses consultations sociales sous le m\u00eame toit.\" \/>\n<meta name=\"robots\" content=\"index, follow, max-snippet:-1, max-image-preview:large, max-video-preview:-1\" \/>\n<link rel=\"canonical\" href=\"https:\/\/csp.ch\/vaud\/renovation-du-galetas-de-la-broye\/\" \/>\n<meta property=\"og:locale\" content=\"fr_FR\" \/>\n<meta property=\"og:type\" content=\"article\" \/>\n<meta property=\"og:title\" content=\"R\u00e9novation du Galetas de la Broye - CSP Vaud - %\" \/>\n<meta property=\"og:description\" content=\"Le projet de r\u00e9novation du Galetas de la Broye pr\u00e9voit de rassembler son magasin d&#039;occasion et ses consultations sociales sous le m\u00eame toit.\" \/>\n<meta property=\"og:url\" content=\"https:\/\/csp.ch\/vaud\/renovation-du-galetas-de-la-broye\/\" \/>\n<meta property=\"og:site_name\" content=\"CSP Vaud\" \/>\n<meta property=\"article:publisher\" content=\"https:\/\/www.facebook.com\/CSPSuisse\" \/>\n<meta property=\"article:modified_time\" content=\"2021-06-03T11:13:58+00:00\" \/>\n<meta property=\"og:image\" content=\"https:\/\/csp.ch\/wp-content\/uploads\/sites\/4\/2019\/06\/Capture-d\u2019e\u0301cran-2019-06-27-a\u0300-10.14.45-1024x576.png\" \/>\n\t<meta property=\"og:image:width\" content=\"1024\" \/>\n\t<meta property=\"og:image:height\" content=\"576\" \/>\n\t<meta property=\"og:image:type\" content=\"image\/png\" \/>\n<meta name=\"twitter:card\" content=\"summary_large_image\" \/>\n<meta name=\"twitter:label1\" content=\"Dur\u00e9e de lecture estim\u00e9e\" \/>\n\t<meta name=\"twitter:data1\" content=\"5 minutes\" \/>\n<script type=\"application\/ld+json\" class=\"yoast-schema-graph\">{\"@context\":\"https:\/\/schema.org\",\"@graph\":[{\"@type\":\"WebPage\",\"@id\":\"https:\/\/csp.ch\/vaud\/renovation-du-galetas-de-la-broye\/\",\"url\":\"https:\/\/csp.ch\/vaud\/renovation-du-galetas-de-la-broye\/\",\"name\":\"R\u00e9novation du Galetas de la Broye - CSP Vaud - %\",\"isPartOf\":{\"@id\":\"https:\/\/csp.ch\/vaud\/#website\"},\"primaryImageOfPage\":{\"@id\":\"https:\/\/csp.ch\/vaud\/renovation-du-galetas-de-la-broye\/#primaryimage\"},\"image\":{\"@id\":\"https:\/\/csp.ch\/vaud\/renovation-du-galetas-de-la-broye\/#primaryimage\"},\"thumbnailUrl\":\"https:\/\/csp.ch\/wp-content\/uploads\/sites\/4\/2019\/06\/Capture-d\u2019e\u0301cran-2019-06-27-a\u0300-10.14.45.png\",\"datePublished\":\"2018-03-22T17:09:26+00:00\",\"dateModified\":\"2021-06-03T11:13:58+00:00\",\"description\":\"Le projet de r\u00e9novation du Galetas de la Broye pr\u00e9voit de rassembler son magasin d'occasion et ses consultations sociales sous le m\u00eame toit.\",\"breadcrumb\":{\"@id\":\"https:\/\/csp.ch\/vaud\/renovation-du-galetas-de-la-broye\/#breadcrumb\"},\"inLanguage\":\"fr-FR\",\"potentialAction\":[{\"@type\":\"ReadAction\",\"target\":[\"https:\/\/csp.ch\/vaud\/renovation-du-galetas-de-la-broye\/\"]}]},{\"@type\":\"ImageObject\",\"inLanguage\":\"fr-FR\",\"@id\":\"https:\/\/csp.ch\/vaud\/renovation-du-galetas-de-la-broye\/#primaryimage\",\"url\":\"https:\/\/csp.ch\/wp-content\/uploads\/sites\/4\/2019\/06\/Capture-d\u2019e\u0301cran-2019-06-27-a\u0300-10.14.45.png\",\"contentUrl\":\"https:\/\/csp.ch\/wp-content\/uploads\/sites\/4\/2019\/06\/Capture-d\u2019e\u0301cran-2019-06-27-a\u0300-10.14.45.png\",\"width\":1461,\"height\":822},{\"@type\":\"BreadcrumbList\",\"@id\":\"https:\/\/csp.ch\/vaud\/renovation-du-galetas-de-la-broye\/#breadcrumb\",\"itemListElement\":[{\"@type\":\"ListItem\",\"position\":1,\"name\":\"Accueil\",\"item\":\"https:\/\/csp.ch\/vaud\/\"},{\"@type\":\"ListItem\",\"position\":2,\"name\":\"R\u00e9novation du Galetas de la Broye\"}]},{\"@type\":\"WebSite\",\"@id\":\"https:\/\/csp.ch\/vaud\/#website\",\"url\":\"https:\/\/csp.ch\/vaud\/\",\"name\":\"https:\/\/csp.ch\/vaud\/\",\"description\":\"\",\"publisher\":{\"@id\":\"https:\/\/csp.ch\/vaud\/#organization\"},\"potentialAction\":[{\"@type\":\"SearchAction\",\"target\":{\"@type\":\"EntryPoint\",\"urlTemplate\":\"https:\/\/csp.ch\/vaud\/?s={search_term_string}\"},\"query-input\":{\"@type\":\"PropertyValueSpecification\",\"valueRequired\":true,\"valueName\":\"search_term_string\"}}],\"inLanguage\":\"fr-FR\"},{\"@type\":\"Organization\",\"@id\":\"https:\/\/csp.ch\/vaud\/#organization\",\"name\":\"https:\/\/csp.ch\/vaud\/\",\"url\":\"https:\/\/csp.ch\/vaud\/\",\"logo\":{\"@type\":\"ImageObject\",\"inLanguage\":\"fr-FR\",\"@id\":\"https:\/\/csp.ch\/vaud\/#\/schema\/logo\/image\/\",\"url\":\"https:\/\/csp.ch\/wp-content\/uploads\/sites\/4\/2022\/11\/Logo-CSP-VD-RVB.OK_.jpg\",\"contentUrl\":\"https:\/\/csp.ch\/wp-content\/uploads\/sites\/4\/2022\/11\/Logo-CSP-VD-RVB.OK_.jpg\",\"width\":600,\"height\":306,\"caption\":\"https:\/\/csp.ch\/vaud\/\"},\"image\":{\"@id\":\"https:\/\/csp.ch\/vaud\/#\/schema\/logo\/image\/\"},\"sameAs\":[\"https:\/\/www.facebook.com\/CSPSuisse\",\"https:\/\/www.linkedin.com\/company\/csp-vaud\/mycompany\"]}]}<\/script>\n<!-- \/ Yoast SEO plugin. -->","yoast_head_json":{"title":"R\u00e9novation du Galetas de la Broye - CSP Vaud - %","description":"Le projet de r\u00e9novation du Galetas de la Broye pr\u00e9voit de rassembler son magasin d'occasion et ses consultations sociales sous le m\u00eame toit.","robots":{"index":"index","follow":"follow","max-snippet":"max-snippet:-1","max-image-preview":"max-image-preview:large","max-video-preview":"max-video-preview:-1"},"canonical":"https:\/\/csp.ch\/vaud\/renovation-du-galetas-de-la-broye\/","og_locale":"fr_FR","og_type":"article","og_title":"R\u00e9novation du Galetas de la Broye - CSP Vaud - %","og_description":"Le projet de r\u00e9novation du Galetas de la Broye pr\u00e9voit de rassembler son magasin d'occasion et ses consultations sociales sous le m\u00eame toit.","og_url":"https:\/\/csp.ch\/vaud\/renovation-du-galetas-de-la-broye\/","og_site_name":"CSP Vaud","article_publisher":"https:\/\/www.facebook.com\/CSPSuisse","article_modified_time":"2021-06-03T11:13:58+00:00","og_image":[{"width":1024,"height":576,"url":"https:\/\/csp.ch\/wp-content\/uploads\/sites\/4\/2019\/06\/Capture-d\u2019e\u0301cran-2019-06-27-a\u0300-10.14.45-1024x576.png","type":"image\/png"}],"twitter_card":"summary_large_image","twitter_misc":{"Dur\u00e9e de lecture estim\u00e9e":"5 minutes"},"schema":{"@context":"https:\/\/schema.org","@graph":[{"@type":"WebPage","@id":"https:\/\/csp.ch\/vaud\/renovation-du-galetas-de-la-broye\/","url":"https:\/\/csp.ch\/vaud\/renovation-du-galetas-de-la-broye\/","name":"R\u00e9novation du Galetas de la Broye - CSP Vaud - %","isPartOf":{"@id":"https:\/\/csp.ch\/vaud\/#website"},"primaryImageOfPage":{"@id":"https:\/\/csp.ch\/vaud\/renovation-du-galetas-de-la-broye\/#primaryimage"},"image":{"@id":"https:\/\/csp.ch\/vaud\/renovation-du-galetas-de-la-broye\/#primaryimage"},"thumbnailUrl":"https:\/\/csp.ch\/wp-content\/uploads\/sites\/4\/2019\/06\/Capture-d\u2019e\u0301cran-2019-06-27-a\u0300-10.14.45.png","datePublished":"2018-03-22T17:09:26+00:00","dateModified":"2021-06-03T11:13:58+00:00","description":"Le projet de r\u00e9novation du Galetas de la Broye pr\u00e9voit de rassembler son magasin d'occasion et ses consultations sociales sous le m\u00eame toit.","breadcrumb":{"@id":"https:\/\/csp.ch\/vaud\/renovation-du-galetas-de-la-broye\/#breadcrumb"},"inLanguage":"fr-FR","potentialAction":[{"@type":"ReadAction","target":["https:\/\/csp.ch\/vaud\/renovation-du-galetas-de-la-broye\/"]}]},{"@type":"ImageObject","inLanguage":"fr-FR","@id":"https:\/\/csp.ch\/vaud\/renovation-du-galetas-de-la-broye\/#primaryimage","url":"https:\/\/csp.ch\/wp-content\/uploads\/sites\/4\/2019\/06\/Capture-d\u2019e\u0301cran-2019-06-27-a\u0300-10.14.45.png","contentUrl":"https:\/\/csp.ch\/wp-content\/uploads\/sites\/4\/2019\/06\/Capture-d\u2019e\u0301cran-2019-06-27-a\u0300-10.14.45.png","width":1461,"height":822},{"@type":"BreadcrumbList","@id":"https:\/\/csp.ch\/vaud\/renovation-du-galetas-de-la-broye\/#breadcrumb","itemListElement":[{"@type":"ListItem","position":1,"name":"Accueil","item":"https:\/\/csp.ch\/vaud\/"},{"@type":"ListItem","position":2,"name":"R\u00e9novation du Galetas de la Broye"}]},{"@type":"WebSite","@id":"https:\/\/csp.ch\/vaud\/#website","url":"https:\/\/csp.ch\/vaud\/","name":"https:\/\/csp.ch\/vaud\/","description":"","publisher":{"@id":"https:\/\/csp.ch\/vaud\/#organization"},"potentialAction":[{"@type":"SearchAction","target":{"@type":"EntryPoint","urlTemplate":"https:\/\/csp.ch\/vaud\/?s={search_term_string}"},"query-input":{"@type":"PropertyValueSpecification","valueRequired":true,"valueName":"search_term_string"}}],"inLanguage":"fr-FR"},{"@type":"Organization","@id":"https:\/\/csp.ch\/vaud\/#organization","name":"https:\/\/csp.ch\/vaud\/","url":"https:\/\/csp.ch\/vaud\/","logo":{"@type":"ImageObject","inLanguage":"fr-FR","@id":"https:\/\/csp.ch\/vaud\/#\/schema\/logo\/image\/","url":"https:\/\/csp.ch\/wp-content\/uploads\/sites\/4\/2022\/11\/Logo-CSP-VD-RVB.OK_.jpg","contentUrl":"https:\/\/csp.ch\/wp-content\/uploads\/sites\/4\/2022\/11\/Logo-CSP-VD-RVB.OK_.jpg","width":600,"height":306,"caption":"https:\/\/csp.ch\/vaud\/"},"image":{"@id":"https:\/\/csp.ch\/vaud\/#\/schema\/logo\/image\/"},"sameAs":["https:\/\/www.facebook.com\/CSPSuisse","https:\/\/www.linkedin.com\/company\/csp-vaud\/mycompany"]}]}},"_links":{"self":[{"href":"https:\/\/csp.ch\/vaud\/wp-json\/wp\/v2\/pages\/2049","targetHints":{"allow":["GET"]}}],"collection":[{"href":"https:\/\/csp.ch\/vaud\/wp-json\/wp\/v2\/pages"}],"about":[{"href":"https:\/\/csp.ch\/vaud\/wp-json\/wp\/v2\/types\/page"}],"author":[{"embeddable":true,"href":"https:\/\/csp.ch\/vaud\/wp-json\/wp\/v2\/users\/2"}],"replies":[{"embeddable":true,"href":"https:\/\/csp.ch\/vaud\/wp-json\/wp\/v2\/comments?post=2049"}],"version-history":[{"count":60,"href":"https:\/\/csp.ch\/vaud\/wp-json\/wp\/v2\/pages\/2049\/revisions"}],"predecessor-version":[{"id":10258,"href":"https:\/\/csp.ch\/vaud\/wp-json\/wp\/v2\/pages\/2049\/revisions\/10258"}],"wp:featuredmedia":[{"embeddable":true,"href":"https:\/\/csp.ch\/vaud\/wp-json\/wp\/v2\/media\/4196"}],"wp:attachment":[{"href":"https:\/\/csp.ch\/vaud\/wp-json\/wp\/v2\/media?parent=2049"}],"curies":[{"name":"wp","href":"https:\/\/api.w.org\/{rel}","templated":true}]}}