{"id":20,"date":"2015-07-20T09:48:54","date_gmt":"2015-07-20T08:48:54","guid":{"rendered":"https:\/\/csp.ch\/vd\/?page_id=20"},"modified":"2026-03-04T16:19:21","modified_gmt":"2026-03-04T15:19:21","slug":"csp-vaud","status":"publish","type":"page","link":"https:\/\/csp.ch\/vaud\/csp-vaud\/","title":{"rendered":"\u00c0 notre <strong>sujet<\/strong>"},"content":{"rendered":"<div class=\"wpb-content-wrapper\"><p>[vc_row][vc_column][vc_column_text css=\u00a0\u00bb\u00a0\u00bb]<\/p>\n<h2>Le CSP Vaud en quelques mots<\/h2>\n<p>[\/vc_column_text][vc_column_text css=\u00a0\u00bb\u00a0\u00bb]<\/p>\n<ul>\n<li>a d\u00e9livr\u00e9 en 2024 15&rsquo;392 consultations individuelles \u00e0 travers ses professionnel\u00b7le\u00b7s,<\/li>\n<li>assure le suivi de ces consultations\u00a0: d\u00e9marches, lettres, recours, autres appuis professionnels,<\/li>\n<li>offre des permanences sans rendez-vous et des informations collectives,<\/li>\n<li>propose des formations aux autres professionnel\u00b7le\u00b7s,<\/li>\n<li>con\u00e7oit et anime des projets de pr\u00e9vention.<\/li>\n<\/ul>\n<p>La majorit\u00e9 des consultations sont gratuites.[\/vc_column_text][vc_separator][vc_column_text css=\u00a0\u00bb\u00a0\u00bb]<\/p>\n<h3><\/h3>\n<h3 style=\"text-align: center\"><a href=\"https:\/\/csp.ch\/wp-content\/uploads\/sites\/4\/2025\/03\/CSP_dossier_presentation_avril-2022-1375C_WEB.pdf\">Notre <strong>dossier de pr\u00e9sentation<\/strong><\/a><\/h3>\n<h3 style=\"text-align: center\"><a href=\"https:\/\/csp.ch\/wp-content\/uploads\/sites\/4\/2025\/06\/Rapport_activites_2024_CSP-Vaud.pdf\" target=\"_blank\" rel=\"noopener\">Notre <strong>rapport d&rsquo;activit\u00e9s 2024<\/strong><\/a><\/h3>\n<p>[\/vc_column_text][vc_separator][vc_column_text]<\/p>\n<h3>L\u2019association, <strong>le comit\u00e9 et les statuts<\/strong><\/h3>\n<p>[\/vc_column_text][vc_column_text css=\u00a0\u00bb\u00a0\u00bb]Le CSP Vaud est une association r\u00e9gie par les articles 60 et suivants du Code civil suisse. Elle compte actuellement 282 membres.[\/vc_column_text][vc_tta_accordion style=\u00a0\u00bbflat\u00a0\u00bb active_section=\u00a0\u00bb\u00a0\u00bb no_fill=\u00a0\u00bbtrue\u00a0\u00bb collapsible_all=\u00a0\u00bbtrue\u00a0\u00bb][vc_tta_section title=\u00a0\u00bbMembres du Comit\u00e9\u00a0\u00bb tab_id=\u00a0\u00bb1443093406473-ca15ad0c-dac0&Prime;][vc_column_text css=\u00a0\u00bb\u00a0\u00bb]<strong>Le comit\u00e9 est compos\u00e9 de :<\/strong><\/p>\n<p>Alexandre Cavin &#8211; Secr\u00e9taire g\u00e9n\u00e9ral de la F\u00e9d\u00e9ration vaudoise de coop\u00e9ration (Fedevaco), Etienne Bridel &#8211; responsable RH retrait\u00e9, Karine Clerc &#8211; conseill\u00e8re municipale de la Ville de Renens et charg\u00e9e de recherche \u00e0 la HETSL, Monique Gisel &#8211; avocate retrait\u00e9e, Laurence Cretegny &#8211; d\u00e9l\u00e9gu\u00e9e au Conseil synodal EERV, Olivier Gretler &#8211; collaborateur CSP Vaud,\u00a0 Marie Leuba &#8211; Ma\u00eetre d&rsquo;enseignement \u00e0 la HETSL, Eline Schwitzgu\u00e9bel &#8211; collaboratrice CSP, Alev Ucar &#8211; collaboratrice CSP Vaud, Marjorie Winkler &#8211; directrice de l&rsquo;association romande ciao.ch.<\/p>\n<p>La directrice a une voix consultative au Bureau et au Comit\u00e9.[\/vc_column_text][\/vc_tta_section][\/vc_tta_accordion][vc_separator][vc_column_text css=\u00a0\u00bb\u00a0\u00bb]<\/p>\n<h3 style=\"text-align: center\"><a href=\"https:\/\/csp.ch\/vaud\/wp-content\/uploads\/sites\/4\/2019\/07\/CSP-303-011904_Satuts2019-8pages-parPage_FINAL.pdf\" target=\"_blank\" rel=\"noopener noreferrer\">Prenez connaissance <strong> des statuts<\/strong><\/a><\/h3>\n<p>[\/vc_column_text][vc_separator][vc_column_text]<\/p>\n<h3>Le\u00a0<strong>Financement<\/strong><\/h3>\n<p>[\/vc_column_text][vc_column_text]Le CSP Vaud est un service priv\u00e9, ind\u00e9pendant des pouvoirs publics.<\/p>\n<p><strong>Sources de financement*<\/strong><\/p>\n<ul>\n<li>\n<p class=\"p1\">Subventions publiques 50%<\/p>\n<\/li>\n<li>Revenus de la vente d&rsquo;occasion (Les Galetas) et vente annuelle 20%<\/li>\n<li>\n<p class=\"p1\">Dons priv\u00e9s, fondations et cotisations 19%<\/p>\n<\/li>\n<li>\n<p class=\"p1\">Eglise r\u00e9form\u00e9e, paroisses et collectes 6%<\/p>\n<\/li>\n<li>\n<p class=\"p1\">Diverses prestations factur\u00e9es 5% (pr\u00e9vention et formations)<\/p>\n<\/li>\n<\/ul>\n<p><em>*En proportion du budget annuel total\u00a0<\/em>[\/vc_column_text][vc_separator][vc_column_text]<\/p>\n<h3><strong>L&rsquo;organisation<\/strong><\/h3>\n<p>[\/vc_column_text][vc_column_text css=\u00a0\u00bb\u00a0\u00bb]Le CSP Vaud est organis\u00e9 de mani\u00e8re participative. Les d\u00e9cisions impliquant l\u2019institution sont prises par le comit\u00e9, apr\u00e8s que les services ont \u00e9t\u00e9 consult\u00e9s.<\/p>\n<p>Trois collaboratrices ou collaborateurs sont statutairement \u00e9lu\u00b7e\u00b7s par l\u2019ensemble de l\u2019\u00e9quipe pour la repr\u00e9senter au comit\u00e9.<\/p>\n<p>&nbsp;<\/p>\n<ul>\n<li>Directrice\u00a0:\u00a0<strong>Bastienne Joerchel <\/strong><\/li>\n<li><strong>92<\/strong>\u00a0personnes salari\u00e9es<\/li>\n<li><strong>141<\/strong>\u00a0b\u00e9n\u00e9voles<\/li>\n<li><strong>1<\/strong> service de l&rsquo;accueil<\/li>\n<li><strong>6<\/strong> services de consultation<\/li>\n<li><strong>1<\/strong> service de vente d\u2019occasion<\/li>\n<li><strong>1<\/strong> service de soutien (fonctions strat\u00e9giques : directrice, responsable politique sociale et recherche, responsable des questions institutionnelles, responsable de l&rsquo;action sociale; fonctions transversales :\u00a0 secr\u00e9tariat polyvalent, ressources humaines, communication, recherche de fonds, finances, responsable infrastructures informatiques, num\u00e9riques et protection des donn\u00e9es)<\/li>\n<\/ul>\n<p>[\/vc_column_text][vc_separator][vc_column_text css=\u00a0\u00bb\u00a0\u00bb]<\/p>\n<h3 style=\"text-align: center\"><a href=\"https:\/\/csp.ch\/wp-content\/uploads\/sites\/4\/2026\/03\/Gouvernance_Annexe-2_Organigramme-et-schemas_16.02.2026.pdf\" target=\"_blank\" rel=\"noopener\">Consultez notre <strong>organigramme<\/strong> et nos <strong>sch\u00e9mas de gouvernance<\/strong><\/a><\/h3>\n<p>[\/vc_column_text][vc_separator][\/vc_column][\/vc_row]<\/p>\n<\/div>","protected":false},"excerpt":{"rendered":"<p>[vc_row][vc_column][vc_column_text css=\u00a0\u00bb\u00a0\u00bb] Le CSP Vaud en quelques mots [\/vc_column_text][vc_column_text css=\u00a0\u00bb\u00a0\u00bb] a d\u00e9livr\u00e9 en 2024 15&rsquo;392 consultations individuelles \u00e0 travers ses professionnel\u00b7le\u00b7s, assure le suivi de ces consultations\u00a0: d\u00e9marches, lettres, recours, autres appuis professionnels, offre des permanences sans rendez-vous et des informations collectives, propose des formations aux autres professionnel\u00b7le\u00b7s, con\u00e7oit et anime des projets de pr\u00e9vention. [&hellip;]<\/p>\n","protected":false},"author":1,"featured_media":613,"parent":0,"menu_order":0,"comment_status":"closed","ping_status":"closed","template":"","meta":{"_acf_changed":false,"footnotes":""},"class_list":["post-20","page","type-page","status-publish","has-post-thumbnail","hentry"],"acf":[],"yoast_head":"<!-- This site is optimized with the Yoast SEO plugin v27.1.1 - https:\/\/yoast.com\/product\/yoast-seo-wordpress\/ -->\n<title>CSP Vaud : A notre sujet - CSP Vaud<\/title>\n<meta name=\"description\" content=\"Le CSP Vaud, c&#039;est: plus de 14\u2019000 consultations individuelles par ann\u00e9e, des permanences sans rendez-vous, des projets de pr\u00e9vention etc.\" \/>\n<meta name=\"robots\" content=\"index, follow, max-snippet:-1, max-image-preview:large, max-video-preview:-1\" \/>\n<link rel=\"canonical\" href=\"https:\/\/csp.ch\/vaud\/csp-vaud\/\" \/>\n<meta property=\"og:locale\" content=\"fr_FR\" \/>\n<meta property=\"og:type\" content=\"article\" \/>\n<meta property=\"og:title\" content=\"CSP Vaud : A notre sujet - CSP Vaud\" \/>\n<meta property=\"og:description\" content=\"Le CSP Vaud, c&#039;est: plus de 14\u2019000 consultations individuelles par ann\u00e9e, des permanences sans rendez-vous, des projets de pr\u00e9vention etc.\" \/>\n<meta property=\"og:url\" content=\"https:\/\/csp.ch\/vaud\/csp-vaud\/\" \/>\n<meta property=\"og:site_name\" content=\"CSP Vaud\" \/>\n<meta property=\"article:publisher\" content=\"https:\/\/www.facebook.com\/CSPSuisse\" \/>\n<meta property=\"article:modified_time\" content=\"2026-03-04T15:19:21+00:00\" \/>\n<meta property=\"og:image\" content=\"https:\/\/csp.ch\/wp-content\/uploads\/sites\/4\/2015\/07\/20150917\u00a9CSP-VD_RebeccaBowring3917consultation.jpg\" \/>\n\t<meta property=\"og:image:width\" content=\"1863\" \/>\n\t<meta property=\"og:image:height\" content=\"1242\" \/>\n\t<meta property=\"og:image:type\" content=\"image\/jpeg\" \/>\n<meta name=\"twitter:card\" content=\"summary_large_image\" \/>\n<meta name=\"twitter:label1\" content=\"Dur\u00e9e de lecture estim\u00e9e\" \/>\n\t<meta name=\"twitter:data1\" content=\"3 minutes\" \/>\n<script type=\"application\/ld+json\" class=\"yoast-schema-graph\">{\"@context\":\"https:\/\/schema.org\",\"@graph\":[{\"@type\":\"WebPage\",\"@id\":\"https:\/\/csp.ch\/vaud\/csp-vaud\/\",\"url\":\"https:\/\/csp.ch\/vaud\/csp-vaud\/\",\"name\":\"CSP Vaud : A notre sujet - CSP Vaud\",\"isPartOf\":{\"@id\":\"https:\/\/csp.ch\/vaud\/#website\"},\"primaryImageOfPage\":{\"@id\":\"https:\/\/csp.ch\/vaud\/csp-vaud\/#primaryimage\"},\"image\":{\"@id\":\"https:\/\/csp.ch\/vaud\/csp-vaud\/#primaryimage\"},\"thumbnailUrl\":\"https:\/\/csp.ch\/wp-content\/uploads\/sites\/4\/2015\/07\/20150917\u00a9CSP-VD_RebeccaBowring3917consultation.jpg\",\"datePublished\":\"2015-07-20T08:48:54+00:00\",\"dateModified\":\"2026-03-04T15:19:21+00:00\",\"description\":\"Le CSP Vaud, c'est: plus de 14\u2019000 consultations individuelles par ann\u00e9e, des permanences sans rendez-vous, des projets de pr\u00e9vention etc.\",\"breadcrumb\":{\"@id\":\"https:\/\/csp.ch\/vaud\/csp-vaud\/#breadcrumb\"},\"inLanguage\":\"fr-FR\",\"potentialAction\":[{\"@type\":\"ReadAction\",\"target\":[\"https:\/\/csp.ch\/vaud\/csp-vaud\/\"]}]},{\"@type\":\"ImageObject\",\"inLanguage\":\"fr-FR\",\"@id\":\"https:\/\/csp.ch\/vaud\/csp-vaud\/#primaryimage\",\"url\":\"https:\/\/csp.ch\/wp-content\/uploads\/sites\/4\/2015\/07\/20150917\u00a9CSP-VD_RebeccaBowring3917consultation.jpg\",\"contentUrl\":\"https:\/\/csp.ch\/wp-content\/uploads\/sites\/4\/2015\/07\/20150917\u00a9CSP-VD_RebeccaBowring3917consultation.jpg\",\"width\":1863,\"height\":1242},{\"@type\":\"BreadcrumbList\",\"@id\":\"https:\/\/csp.ch\/vaud\/csp-vaud\/#breadcrumb\",\"itemListElement\":[{\"@type\":\"ListItem\",\"position\":1,\"name\":\"Accueil\",\"item\":\"https:\/\/csp.ch\/vaud\/\"},{\"@type\":\"ListItem\",\"position\":2,\"name\":\"\u00c0 notre sujet\"}]},{\"@type\":\"WebSite\",\"@id\":\"https:\/\/csp.ch\/vaud\/#website\",\"url\":\"https:\/\/csp.ch\/vaud\/\",\"name\":\"https:\/\/csp.ch\/vaud\/\",\"description\":\"\",\"publisher\":{\"@id\":\"https:\/\/csp.ch\/vaud\/#organization\"},\"potentialAction\":[{\"@type\":\"SearchAction\",\"target\":{\"@type\":\"EntryPoint\",\"urlTemplate\":\"https:\/\/csp.ch\/vaud\/?s={search_term_string}\"},\"query-input\":{\"@type\":\"PropertyValueSpecification\",\"valueRequired\":true,\"valueName\":\"search_term_string\"}}],\"inLanguage\":\"fr-FR\"},{\"@type\":\"Organization\",\"@id\":\"https:\/\/csp.ch\/vaud\/#organization\",\"name\":\"https:\/\/csp.ch\/vaud\/\",\"url\":\"https:\/\/csp.ch\/vaud\/\",\"logo\":{\"@type\":\"ImageObject\",\"inLanguage\":\"fr-FR\",\"@id\":\"https:\/\/csp.ch\/vaud\/#\/schema\/logo\/image\/\",\"url\":\"https:\/\/csp.ch\/wp-content\/uploads\/sites\/4\/2022\/11\/Logo-CSP-VD-RVB.OK_.jpg\",\"contentUrl\":\"https:\/\/csp.ch\/wp-content\/uploads\/sites\/4\/2022\/11\/Logo-CSP-VD-RVB.OK_.jpg\",\"width\":600,\"height\":306,\"caption\":\"https:\/\/csp.ch\/vaud\/\"},\"image\":{\"@id\":\"https:\/\/csp.ch\/vaud\/#\/schema\/logo\/image\/\"},\"sameAs\":[\"https:\/\/www.facebook.com\/CSPSuisse\",\"https:\/\/www.linkedin.com\/company\/csp-vaud\/mycompany\"]}]}<\/script>\n<!-- \/ Yoast SEO plugin. -->","yoast_head_json":{"title":"CSP Vaud : A notre sujet - CSP Vaud","description":"Le CSP Vaud, c'est: plus de 14\u2019000 consultations individuelles par ann\u00e9e, des permanences sans rendez-vous, des projets de pr\u00e9vention etc.","robots":{"index":"index","follow":"follow","max-snippet":"max-snippet:-1","max-image-preview":"max-image-preview:large","max-video-preview":"max-video-preview:-1"},"canonical":"https:\/\/csp.ch\/vaud\/csp-vaud\/","og_locale":"fr_FR","og_type":"article","og_title":"CSP Vaud : A notre sujet - CSP Vaud","og_description":"Le CSP Vaud, c'est: plus de 14\u2019000 consultations individuelles par ann\u00e9e, des permanences sans rendez-vous, des projets de pr\u00e9vention etc.","og_url":"https:\/\/csp.ch\/vaud\/csp-vaud\/","og_site_name":"CSP Vaud","article_publisher":"https:\/\/www.facebook.com\/CSPSuisse","article_modified_time":"2026-03-04T15:19:21+00:00","og_image":[{"width":1863,"height":1242,"url":"https:\/\/csp.ch\/wp-content\/uploads\/sites\/4\/2015\/07\/20150917\u00a9CSP-VD_RebeccaBowring3917consultation.jpg","type":"image\/jpeg"}],"twitter_card":"summary_large_image","twitter_misc":{"Dur\u00e9e de lecture estim\u00e9e":"3 minutes"},"schema":{"@context":"https:\/\/schema.org","@graph":[{"@type":"WebPage","@id":"https:\/\/csp.ch\/vaud\/csp-vaud\/","url":"https:\/\/csp.ch\/vaud\/csp-vaud\/","name":"CSP Vaud : A notre sujet - CSP Vaud","isPartOf":{"@id":"https:\/\/csp.ch\/vaud\/#website"},"primaryImageOfPage":{"@id":"https:\/\/csp.ch\/vaud\/csp-vaud\/#primaryimage"},"image":{"@id":"https:\/\/csp.ch\/vaud\/csp-vaud\/#primaryimage"},"thumbnailUrl":"https:\/\/csp.ch\/wp-content\/uploads\/sites\/4\/2015\/07\/20150917\u00a9CSP-VD_RebeccaBowring3917consultation.jpg","datePublished":"2015-07-20T08:48:54+00:00","dateModified":"2026-03-04T15:19:21+00:00","description":"Le CSP Vaud, c'est: plus de 14\u2019000 consultations individuelles par ann\u00e9e, des permanences sans rendez-vous, des projets de pr\u00e9vention etc.","breadcrumb":{"@id":"https:\/\/csp.ch\/vaud\/csp-vaud\/#breadcrumb"},"inLanguage":"fr-FR","potentialAction":[{"@type":"ReadAction","target":["https:\/\/csp.ch\/vaud\/csp-vaud\/"]}]},{"@type":"ImageObject","inLanguage":"fr-FR","@id":"https:\/\/csp.ch\/vaud\/csp-vaud\/#primaryimage","url":"https:\/\/csp.ch\/wp-content\/uploads\/sites\/4\/2015\/07\/20150917\u00a9CSP-VD_RebeccaBowring3917consultation.jpg","contentUrl":"https:\/\/csp.ch\/wp-content\/uploads\/sites\/4\/2015\/07\/20150917\u00a9CSP-VD_RebeccaBowring3917consultation.jpg","width":1863,"height":1242},{"@type":"BreadcrumbList","@id":"https:\/\/csp.ch\/vaud\/csp-vaud\/#breadcrumb","itemListElement":[{"@type":"ListItem","position":1,"name":"Accueil","item":"https:\/\/csp.ch\/vaud\/"},{"@type":"ListItem","position":2,"name":"\u00c0 notre sujet"}]},{"@type":"WebSite","@id":"https:\/\/csp.ch\/vaud\/#website","url":"https:\/\/csp.ch\/vaud\/","name":"https:\/\/csp.ch\/vaud\/","description":"","publisher":{"@id":"https:\/\/csp.ch\/vaud\/#organization"},"potentialAction":[{"@type":"SearchAction","target":{"@type":"EntryPoint","urlTemplate":"https:\/\/csp.ch\/vaud\/?s={search_term_string}"},"query-input":{"@type":"PropertyValueSpecification","valueRequired":true,"valueName":"search_term_string"}}],"inLanguage":"fr-FR"},{"@type":"Organization","@id":"https:\/\/csp.ch\/vaud\/#organization","name":"https:\/\/csp.ch\/vaud\/","url":"https:\/\/csp.ch\/vaud\/","logo":{"@type":"ImageObject","inLanguage":"fr-FR","@id":"https:\/\/csp.ch\/vaud\/#\/schema\/logo\/image\/","url":"https:\/\/csp.ch\/wp-content\/uploads\/sites\/4\/2022\/11\/Logo-CSP-VD-RVB.OK_.jpg","contentUrl":"https:\/\/csp.ch\/wp-content\/uploads\/sites\/4\/2022\/11\/Logo-CSP-VD-RVB.OK_.jpg","width":600,"height":306,"caption":"https:\/\/csp.ch\/vaud\/"},"image":{"@id":"https:\/\/csp.ch\/vaud\/#\/schema\/logo\/image\/"},"sameAs":["https:\/\/www.facebook.com\/CSPSuisse","https:\/\/www.linkedin.com\/company\/csp-vaud\/mycompany"]}]}},"_links":{"self":[{"href":"https:\/\/csp.ch\/vaud\/wp-json\/wp\/v2\/pages\/20","targetHints":{"allow":["GET"]}}],"collection":[{"href":"https:\/\/csp.ch\/vaud\/wp-json\/wp\/v2\/pages"}],"about":[{"href":"https:\/\/csp.ch\/vaud\/wp-json\/wp\/v2\/types\/page"}],"author":[{"embeddable":true,"href":"https:\/\/csp.ch\/vaud\/wp-json\/wp\/v2\/users\/1"}],"replies":[{"embeddable":true,"href":"https:\/\/csp.ch\/vaud\/wp-json\/wp\/v2\/comments?post=20"}],"version-history":[{"count":3,"href":"https:\/\/csp.ch\/vaud\/wp-json\/wp\/v2\/pages\/20\/revisions"}],"predecessor-version":[{"id":28796,"href":"https:\/\/csp.ch\/vaud\/wp-json\/wp\/v2\/pages\/20\/revisions\/28796"}],"wp:featuredmedia":[{"embeddable":true,"href":"https:\/\/csp.ch\/vaud\/wp-json\/wp\/v2\/media\/613"}],"wp:attachment":[{"href":"https:\/\/csp.ch\/vaud\/wp-json\/wp\/v2\/media?parent=20"}],"curies":[{"name":"wp","href":"https:\/\/api.w.org\/{rel}","templated":true}]}}