{"id":1958,"date":"2018-01-18T14:45:32","date_gmt":"2018-01-18T13:45:32","guid":{"rendered":"https:\/\/csp.ch\/vaud\/?page_id=1958"},"modified":"2026-03-19T16:18:33","modified_gmt":"2026-03-19T15:18:33","slug":"prises-de-positionpresse","status":"publish","type":"page","link":"https:\/\/csp.ch\/vaud\/prises-de-positionpresse\/","title":{"rendered":"Prises de<strong> position<\/strong>, dossiers de <strong> presse<\/strong>"},"content":{"rendered":"<div class=\"wpb-content-wrapper\"><p>[vc_row][vc_column][vc_column_text css=\u00a0\u00bb\u00a0\u00bb]<strong><em>Le CSP Vaud prend position sur les projets de loi qui touchent \u00e0 sa pratique professionnelle, en vue d&rsquo;am\u00e9liorer les conditions de vie de ses usagers et usag\u00e8res. <\/em><\/strong><\/p>\n<p>Avec les autres CSP, il met chaque ann\u00e9e en lumi\u00e8re une probl\u00e9matique sociale rencontr\u00e9e dans les consultations dispens\u00e9es par nos quatre institutions.<\/p>\n<hr \/>\n<h3>Communiqu\u00e9s de presse<\/h3>\n<ul>\n<li><a href=\"https:\/\/csp.ch\/wp-content\/uploads\/sites\/4\/2026\/01\/Communique-de-presse-Table-ronde-30-ans-norme-penale-contre-le-racisme_26.01.2026.pdf\">30 ans de la norme p\u00e9nale antiraciste en Suisse : une table ronde \u00e0 Lausanne souligne les avanc\u00e9es, les limites et la n\u00e9cessit\u00e9 d&rsquo;un cadre plus complet contre les discriminations<\/a>, 28 janvier 2026<\/li>\n<li><a href=\"https:\/\/csp.ch\/wp-content\/uploads\/sites\/4\/2026\/03\/CSP_CommuniquePresse_2septembre2025.pdf\">Surrendettement : pour une politique de la seconde chance<\/a>, 4 CSP romands, 2 septembre 2025<\/li>\n<li>\n<p class=\"p2\"><a href=\"https:\/\/csp.ch\/wp-content\/uploads\/sites\/4\/2025\/03\/Communique-de-presse-PICR-CSP-Vaud-05.12.2024.pdf\" target=\"_blank\" rel=\"noopener\">Ouverture de la Permanence Info-Conseil Racisme pour les r\u00e9gions du Jura-Nord Vaudois et de la Broye-Vully<\/a>, 5 janvier 2025<\/p>\n<\/li>\n<li>\n<p class=\"p2\"><a href=\"https:\/\/csp.ch\/wp-content\/uploads\/sites\/4\/2025\/03\/CP-du-CSP-Vaud-jubiles-du-service-Jeunes-et-du-service-Migration.pdf\" target=\"_blank\" rel=\"noopener\">Le CSP Vaud c\u00e9l\u00e8bre 60 ans au service des personnes migrantes et 40 ans au service des jeunes !<\/a>, 23 ao\u00fbt 2024<\/p>\n<\/li>\n<li>\n<p class=\"p2\"><a href=\"https:\/\/csp.ch\/wp-content\/uploads\/sites\/4\/2024\/03\/Communique-de-presse-4CSPromands-13.03.24-Precaritedesjeunes.pdf\">La pre\u0301carite\u0301 des jeunes,<\/a> 4 CSP romands, 13 mars 2024<\/p>\n<\/li>\n<li class=\"p3\"><span class=\"s3\"><a href=\"https:\/\/csp.us12.list-manage.com\/track\/click?u=4486d7a3923670c608d3e13d0&amp;id=3e1c1cbacd&amp;e=161f3ead2a\">Le CSP Vaud, 60 ans d&rsquo;innovation sociale<\/a><\/span>, 22 septembre 2021<\/li>\n<li class=\"p3\">\n<p class=\"p1\"><span class=\"s1\"><a href=\"https:\/\/csp.us12.list-manage.com\/track\/click?u=4486d7a3923670c608d3e13d0&amp;id=fdba678d5e&amp;e=161f3ead2a\">Le CSP Vaud a f\u00eat\u00e9 ses 60 ans<\/a><\/span>, 8 octobre 2021<\/p>\n<\/li>\n<li>\n<p class=\"p1\"><a href=\"https:\/\/csp.ch\/vaud\/wp-content\/uploads\/sites\/4\/2021\/07\/210702_Communique\u0301-de-presse_Situation-pre\u0301caire-des-Sans-Papiers-en-Suisse_Cest-maintenant-au-Parlement-dagir.pdf\">Situation pr\u00e9caire des sans-papiers en Suisse : C\u2019est maintenant au Parlement d\u2019agir !<\/a> Communiqu\u00e9 de presse de la Plateforme nationale des sans-papiers (\u00e0 laquelle la Fraternit\u00e9 du CSP Vaud participe activement depuis de longues ann\u00e9es) sur la r\u00e9union de la Commission de politique \u00e9tatique du Conseil sur la situation des sans-papiers en Suisse, 2 juillet 2021<\/p>\n<\/li>\n<li>\n<p class=\"p1\"><a href=\"https:\/\/csp.ch\/vaud\/wp-content\/uploads\/sites\/4\/2021\/07\/210621_Position-de-la-plate-forme-des-Sans-Papiers-sur-le-rapport-du-Conseil-fe%CC%81de%CC%81ral.pdf\">Position de la plateforme des sans-papiers sur le rapport du Conseil f\u00e9d\u00e9ral \u00ab\u00a0Examen complet du probl\u00e8me des sans-papiers\u00a0\u00bb<\/a>, expos\u00e9 d\u00e9taill\u00e9 des critiques adress\u00e9es au Conseil f\u00e9d\u00e9ral et des revendications de la plateforme, 2 juillet 2021<\/p>\n<\/li>\n<li><a href=\"https:\/\/csp.ch\/vaud\/wp-content\/uploads\/sites\/4\/2021\/03\/CSP_Communique_de_presse_mars2021_16.03.2021_.pdf\">Les effets sociaux de la pand\u00e9mie de Covid-19<\/a>, communiqu\u00e9 de presse, 4 CSP (16.03.2021)<\/li>\n<li><a href=\"https:\/\/csp.ch\/vaud\/wp-content\/uploads\/sites\/4\/2020\/10\/201102_Communique-presse-Caritas-Vaud-CSP-Vaud.pdf\">Le CSP Vaud et Caritas Vaud appellent les autorit\u00e9s \u00e0 ne plus d\u00e9tourner le regard sur les oubli\u00e9\u00b7e\u00b7s des mesures de protection sociale<\/a> (02.11.2020)<\/li>\n<li><a href=\"https:\/\/csp.ch\/vaud\/wp-content\/uploads\/sites\/4\/2020\/09\/Communiqu\u00e9-de-presse_Fonds_Corona-13.07.2020.pdf\">Fonds Covid-19: Plus d&rsquo;un million d&rsquo;aides financi\u00e8res et alimentaires vers\u00e9es aux personnes pr\u00e9caris\u00e9es par le CSP Vaud et Caritas Vaud+Statistiques<\/a>\u00a0(13.07.2020)<\/li>\n<li><a href=\"https:\/\/csp.ch\/vaud\/wp-content\/uploads\/sites\/4\/2020\/09\/CSP.CH-et-Covid-19_ComPresse_18juin-2020.pdf\">Les CSP au front du coronavirus<\/a> (18.06.2020)<\/li>\n<li><a href=\"https:\/\/csp.ch\/vaud\/wp-content\/uploads\/sites\/4\/2020\/06\/20200608_CdP_La-pre%CC%81vention-chez-les-jeunes-romand%C2%B7e%C2%B7s-ne-doit-pas-e%CC%82tre-ne%CC%81glige%CC%81e-.pdf\">La pr\u00e9vention chez les jeunes romand-e-s ne doit pas \u00eatre n\u00e9glig\u00e9e<\/a>, Collectif d&rsquo;organisations de pr\u00e9vention (08.06.2020)<\/li>\n<\/ul>\n<ul><li><a href=\"https:\/\/csp.ch\/vaud\/familles-et-precarite-laide-aux-familles-en-temps-de-crise\/\">Familles et pr\u00e9carit\u00e9 : l\u2019aide aux familles en temps de crise<\/a><\/li><li><a href=\"https:\/\/csp.ch\/vaud\/protection-insuffisante-pour-les-femmes-migrantes-victimes-de-violences-conjugales\/\">Protection insuffisante pour les femmes migrantes victimes de violences conjugales<\/a><\/li><li><a href=\"https:\/\/csp.ch\/vaud\/grand-succes-pour-linauguration-du-pole-social-de-la-broye-du-cs\/\">Grand succ\u00e8s pour l'inauguration du P\u00f4le social de la Broye du CSP Vaud<\/a><\/li><li><a href=\"https:\/\/csp.ch\/vaud\/halte-au-surendettement-la-campagne-de-mars-des-4-csp\/\">Halte au surendettement, la campagne de mars des 4 CSP<\/a><\/li><li><a href=\"https:\/\/csp.ch\/vaud\/la-directrice-du-csp-vaud-a-annonce-son-depart-pour-la-fin-de-lannee-2016\/\">La directrice du CSP Vaud a annonc\u00e9 son d\u00e9part pour la fin de l'ann\u00e9e 2016<\/a><\/li><\/ul>\n<hr \/>\n<h3>Dossiers de presse<\/h3>\n<ul>\n<li><a href=\"https:\/\/csp.ch\/wp-content\/uploads\/sites\/4\/2026\/03\/CSP_DossierPresse_2septembre2025_def.pdf\">Surrendettement : pour une politique de la seconde chance<\/a> \u2013 conf\u00e9rence de presse des 4 CSP romands (2 septembre 2025)<\/li>\n<li><a href=\"https:\/\/csp.ch\/wp-content\/uploads\/sites\/4\/2024\/03\/CSP_DossierPresse_13mars2024_v.finale.pdf\">La pr\u00e9carit\u00e9 des jeunes<\/a> \u2013 conf\u00e9rence de presse des 4 CSP romands (13 mars 2024)<\/li>\n<li>\n<p class=\"p1\"><a href=\"https:\/\/csp.ch\/wp-content\/uploads\/sites\/4\/2023\/03\/CSP_DossierPresse_21mars2023.pdf\">La pr\u00e9carit\u00e9 en temps de crise<\/a> \u00a0\u2013 conf\u00e9rence de presse des 4 CSP (21 mars 2023)<\/p>\n<\/li>\n<li>\n<p class=\"p1\"><a href=\"https:\/\/csp.ch\/vaud\/wp-content\/uploads\/sites\/4\/2022\/09\/CSP_DossierPresse_15-septembre-2022.pdf\">Familles et pr\u00e9carit\u00e9: l&rsquo;aide aux familles en temps de crise<\/a> &#8211; conf\u00e9rence de presse des 4 CSP (15.09.2022)<\/p>\n<\/li>\n<li><a href=\"https:\/\/csp.ch\/vaud\/wp-content\/uploads\/sites\/4\/2021\/03\/CSP_DossierPresse_mars2021-16.03.2021.pdf\">Les effets sociaux de la pand\u00e9mie de Covid-19<\/a> &#8211; conf\u00e9rence de presse des 4 CSP (16.03.2021)<\/li>\n<li><a href=\"https:\/\/csp.ch\/vaud\/wp-content\/uploads\/sites\/4\/2018\/03\/DP-4CSP-Mars2018-WEB.pdf\">Renoncer \u00e0 se soigner faute de moyens<\/a>, campagne 2018 des 4 CSP (20.03.2018)<\/li>\n<\/ul>\n<hr \/>\n<h3>Contributions<\/h3>\n<ul>\n<li><a href=\"https:\/\/csp.ch\/vaud\/wp-content\/uploads\/sites\/4\/2022\/03\/Artias_Actes2021-Caroline.Regamey_Les-rouages-du-non-recours-des-personnes-de-nationalite\u0301-e\u0301trange\u0300re.pdf\">Les rouages du non-recours des personnes de nationalit\u00e9 \u00e9trang\u00e8re,<\/a> Artias, Actes journ\u00e9e d&rsquo;automne 2021- Caroline Regamey<\/li>\n<li><a href=\"https:\/\/csp.ch\/vaud\/wp-content\/uploads\/sites\/4\/2021\/07\/Artias_Dossier_Juin2021_Acces_aux_prestations_sociales-le_coronavirus_comme_amplificateur_obstacles.pdf\">Acc\u00e8s aux prestations sociales : le coronavirus comme amplificateur d\u2019obstacles<\/a>, Artias, Dossier du mois, juin 2021;\u00a0 r\u00e9dig\u00e9 par Caroline Regamey, charg\u00e9e de politique et action sociales au CSP Vaud<\/li>\n<\/ul>\n<hr \/>\n<h3>Prises de position<\/h3>\n<ul>\n<li><a href=\"https:\/\/csp.ch\/wp-content\/uploads\/sites\/4\/2025\/03\/Reponse-de-CSP.ch-Initiative-20.451.pdf\" target=\"_blank\" rel=\"noopener\">Prise de position des Centres sociaux protestants sur sur la mise en oeuvre de l\u2019initiative parlementaire 20.451 n de Marti Samira La pauvret\u00e9 n\u2019est pas un crime<\/a><\/li>\n<li><a href=\"https:\/\/csp.ch\/wp-content\/uploads\/sites\/4\/2023\/03\/Reponse-de-CSP.ch-a-la-consultation-art.50-LEI-08.03.2023.pdf\">Prise de position des Centres sociaux protestants sur l\u2019avant-projet de loi 21.504 n Initiative parlementaire : Garantir la pratique des cas de rigueur pour raisons personnelles majeures au sens de l\u2019article 50 LEI en cas de violence domestique.<\/a><\/li>\n<\/ul>\n<ul><li><a href=\"https:\/\/csp.ch\/vaud\/le-csp-vaud-se-solidarise-avec-les-manifestations-annoncees-les-25-et-26-novembre-2025\/\">Le CSP Vaud se solidarise avec les manifestations annonc\u00e9es les 25 et 26 novembre 2025<\/a><\/li><li><a href=\"https:\/\/csp.ch\/vaud\/publication-rapport-sur-les-incidents-racistes-2024\/\">Le rapport sur les incidents racistes recens\u00e9s en 2024 par les centres de conseil est publi\u00e9<\/a><\/li><li><a href=\"https:\/\/csp.ch\/vaud\/pour-des-droits-politiques-pour-celles-et-ceux-qui-vivent-ici\/\">\u00abPour des droits politiques pour celles et ceux qui vivent ici\u00bb<\/a><\/li><li><a href=\"https:\/\/csp.ch\/vaud\/soutien-du-csp-vaud-a-la-double-initiative-populaire-cantonal-pour-un-salaire-minimum-cantonal\/\">Soutien du CSP Vaud \u00e0 la double initiative populaire pour un salaire minimum cantonal<\/a><\/li><li><a href=\"https:\/\/csp.ch\/vaud\/prise-de-position-des-csp-sur-lavant-projet-de-modification-de-larticle-50-de-la-lei\/\">Prise de position des CSP sur l'avant projet de modification de l'article 50 de la LEI<\/a><\/li><\/ul>\n<hr \/>\n<h3>R\u00e9ponses \u00e0 consultation<\/h3>\n<div class=\"page\" title=\"Page 1\">\n<div class=\"layoutArea\">\n<div class=\"column\">\n<ul>\n<li><a href=\"https:\/\/csp.ch\/wp-content\/uploads\/sites\/4\/2025\/03\/Reponse-du-CSP-Vaud-a-la-consultation-revision-partielle-LAVI.pdf\" target=\"_blank\" rel=\"noopener\">Re\u0301ponse a\u0300 la consultation re\u0301vision partielle LAVI<\/a><\/li>\n<li><a href=\"https:\/\/csp.ch\/wp-content\/uploads\/sites\/4\/2025\/03\/CSP-Vaud-Reponse-a-la-consultation-LPPPL.pdf\" target=\"_blank\" rel=\"noopener\">Re\u0301ponse a\u0300 la consultation LPPPL<\/a><\/li>\n<li><a href=\"https:\/\/csp.ch\/wp-content\/uploads\/sites\/5\/2024\/08\/CSP_prise-de-position-LEI_-permisF_aout-2024.pdf?fbclid=IwY2xjawE9FodleHRuA2FlbQIxMAABHcel3WdAMPInGCDFb38nBov0vFlIEc-k578jnD5vnotTzhtsimVnrFyypw_aem_4fPX6aDbCdlsjAWPTRRE2Q\">Re\u0301ponse des Centres sociaux protestants a\u0300 la consultation relative a\u0300 l\u2019avant-projet de modification de la loi fe\u0301de\u0301rale sur les e\u0301trangers et l\u2019inte\u0301gration (LEI ; modification du de\u0301lai d\u2019attente pour le regroupement familial de personnes admises a\u0300 titre provisoire)<\/a><\/li>\n<\/ul>\n<\/div>\n<\/div>\n<\/div>\n<ul>\n<li><a href=\"https:\/\/csp.ch\/vaud\/wp-content\/uploads\/sites\/4\/2022\/11\/Consultation-LoisurlesPoursuites_Reponse-des-CSP.pdf\">R\u00e9ponse des Centres sociaux protestants \u00e0 la consultation concernant une modification de la Loi sur les Poursuites (Assainissement des dettes des personnes physiques)<\/a>.<\/li>\n<li><a href=\"https:\/\/csp.ch\/vaud\/wp-content\/uploads\/sites\/4\/2022\/05\/Re\u0301ponse-de-CSP.ch-a\u0300-la-consultation-LEI-limitation-des-prestations-daide-sociale-02.05.2022.pdf\">R\u00e9ponse des Centres sociaux protestants \u00e0 la consultation sur la modification de la Loi f\u00e9d\u00e9rale sur les \u00e9trangers et l\u2019int\u00e9gration (LEI) : Limitation des prestations d\u2019aide sociale octroy\u00e9es aux ressortissants d\u2019Etats tiers. 02 mai 2022<\/a><\/li>\n<li><a href=\"https:\/\/csp.ch\/vaud\/wp-content\/uploads\/sites\/4\/2019\/10\/CSP.ch_prise-de-position-avant-projet-re\u0301vision-LEI_durcissements-conditions-voyages-pour-AP_octobre-2019.pdf\">R\u00e9ponse \u00e0 la consultation sur l\u2019avant-projet Modification de la loi f\u00e9d\u00e9rale sur les \u00e9trangers et l\u2019int\u00e9gration (LEI): restriction des voyages \u00e0 l\u2019\u00e9tranger et modification du statut de l\u2019admission provisoire<\/a><\/li>\n<\/ul>\n<ul><li><a href=\"https:\/\/csp.ch\/vaud\/reponse-des-csp-a-la-consultation-sur-la-modification-de-la-lei-limitation-des-prestations-daide-sociale-octoyees-aux-ressortissants-detats-tiers\/\">R\u00e9ponse des CSP \u00e0 la consultation sur la modification de la LEI : limitation des prestations d'aide sociale octoy\u00e9es aux ressortissants d'Etats tiers<\/a><\/li><li><a href=\"https:\/\/csp.ch\/vaud\/la-consultation-sur-la-proposition-de-mise-en-oeuvre-de-la-motion-barthassat\/\">La consultation sur la proposition de mise en oeuvre de la motion Barthassat<\/a><\/li><\/ul>\n<hr \/>\n<h3>Revue de presse<\/h3>\n<p>Les articles et les \u00e9missions des m\u00e9dia consacr\u00e9s au CSP Vaud et aux th\u00e9matiques port\u00e9es par l&rsquo;institution se trouvent sur la page <a href=\"https:\/\/csp.ch\/vaud\/revue-de-presse\/\">\u00ab\u00a0Revue de presse\u00a0\u00bb<\/a>.<\/p>\n<hr \/>\n<p>[\/vc_column_text][\/vc_column][\/vc_row]<\/p>\n<\/div>","protected":false},"excerpt":{"rendered":"<p>[vc_row][vc_column][vc_column_text css=\u00a0\u00bb\u00a0\u00bb]Le CSP Vaud prend position sur les projets de loi qui touchent \u00e0 sa pratique professionnelle, en vue d&rsquo;am\u00e9liorer les conditions de vie de ses usagers et usag\u00e8res. Avec les autres CSP, il met chaque ann\u00e9e en lumi\u00e8re une probl\u00e9matique sociale rencontr\u00e9e dans les consultations dispens\u00e9es par nos quatre institutions. Communiqu\u00e9s de presse 30 [&hellip;]<\/p>\n","protected":false},"author":2,"featured_media":18192,"parent":0,"menu_order":0,"comment_status":"closed","ping_status":"closed","template":"","meta":{"_acf_changed":false,"footnotes":""},"class_list":["post-1958","page","type-page","status-publish","has-post-thumbnail","hentry"],"acf":[],"yoast_head":"<!-- This site is optimized with the Yoast SEO plugin v27.1.1 - https:\/\/yoast.com\/product\/yoast-seo-wordpress\/ -->\n<title>Prises de position, dossiers de  presse - CSP Vaud<\/title>\n<meta name=\"description\" content=\"Le CSP Vaud prend position sur les projets de loi qui touchent \u00e0 sa pratique professionnelle, pour soutenir ses usagers et usag\u00e8res.\" \/>\n<meta name=\"robots\" content=\"index, follow, max-snippet:-1, max-image-preview:large, max-video-preview:-1\" \/>\n<link rel=\"canonical\" href=\"https:\/\/csp.ch\/vaud\/prises-de-positionpresse\/\" \/>\n<meta property=\"og:locale\" content=\"fr_FR\" \/>\n<meta property=\"og:type\" content=\"article\" \/>\n<meta property=\"og:title\" content=\"Prises de position, dossiers de  presse - CSP Vaud\" \/>\n<meta property=\"og:description\" content=\"Le CSP Vaud prend position sur les projets de loi qui touchent \u00e0 sa pratique professionnelle, pour soutenir ses usagers et usag\u00e8res.\" \/>\n<meta property=\"og:url\" content=\"https:\/\/csp.ch\/vaud\/prises-de-positionpresse\/\" \/>\n<meta property=\"og:site_name\" content=\"CSP Vaud\" \/>\n<meta property=\"article:publisher\" content=\"https:\/\/www.facebook.com\/CSPSuisse\" \/>\n<meta property=\"article:modified_time\" content=\"2026-03-19T15:18:33+00:00\" \/>\n<meta property=\"og:image\" content=\"https:\/\/csp.ch\/wp-content\/uploads\/sites\/4\/2023\/03\/Conferencedepresse-4CSP-21.03.23-r.jpg\" \/>\n\t<meta property=\"og:image:width\" content=\"766\" \/>\n\t<meta property=\"og:image:height\" content=\"358\" \/>\n\t<meta property=\"og:image:type\" content=\"image\/jpeg\" \/>\n<meta name=\"twitter:card\" content=\"summary_large_image\" \/>\n<meta name=\"twitter:label1\" content=\"Dur\u00e9e de lecture estim\u00e9e\" \/>\n\t<meta name=\"twitter:data1\" content=\"4 minutes\" \/>\n<script type=\"application\/ld+json\" class=\"yoast-schema-graph\">{\"@context\":\"https:\/\/schema.org\",\"@graph\":[{\"@type\":\"WebPage\",\"@id\":\"https:\/\/csp.ch\/vaud\/prises-de-positionpresse\/\",\"url\":\"https:\/\/csp.ch\/vaud\/prises-de-positionpresse\/\",\"name\":\"Prises de position, dossiers de presse - CSP Vaud\",\"isPartOf\":{\"@id\":\"https:\/\/csp.ch\/vaud\/#website\"},\"primaryImageOfPage\":{\"@id\":\"https:\/\/csp.ch\/vaud\/prises-de-positionpresse\/#primaryimage\"},\"image\":{\"@id\":\"https:\/\/csp.ch\/vaud\/prises-de-positionpresse\/#primaryimage\"},\"thumbnailUrl\":\"https:\/\/csp.ch\/wp-content\/uploads\/sites\/4\/2023\/03\/Conferencedepresse-4CSP-21.03.23-r.jpg\",\"datePublished\":\"2018-01-18T13:45:32+00:00\",\"dateModified\":\"2026-03-19T15:18:33+00:00\",\"description\":\"Le CSP Vaud prend position sur les projets de loi qui touchent \u00e0 sa pratique professionnelle, pour soutenir ses usagers et usag\u00e8res.\",\"breadcrumb\":{\"@id\":\"https:\/\/csp.ch\/vaud\/prises-de-positionpresse\/#breadcrumb\"},\"inLanguage\":\"fr-FR\",\"potentialAction\":[{\"@type\":\"ReadAction\",\"target\":[\"https:\/\/csp.ch\/vaud\/prises-de-positionpresse\/\"]}]},{\"@type\":\"ImageObject\",\"inLanguage\":\"fr-FR\",\"@id\":\"https:\/\/csp.ch\/vaud\/prises-de-positionpresse\/#primaryimage\",\"url\":\"https:\/\/csp.ch\/wp-content\/uploads\/sites\/4\/2023\/03\/Conferencedepresse-4CSP-21.03.23-r.jpg\",\"contentUrl\":\"https:\/\/csp.ch\/wp-content\/uploads\/sites\/4\/2023\/03\/Conferencedepresse-4CSP-21.03.23-r.jpg\",\"width\":766,\"height\":358,\"caption\":\"Les directeurs et directrices des 4 CSP lors de la conf\u00e9rence de presse du 21 mars 2023\"},{\"@type\":\"BreadcrumbList\",\"@id\":\"https:\/\/csp.ch\/vaud\/prises-de-positionpresse\/#breadcrumb\",\"itemListElement\":[{\"@type\":\"ListItem\",\"position\":1,\"name\":\"Accueil\",\"item\":\"https:\/\/csp.ch\/vaud\/\"},{\"@type\":\"ListItem\",\"position\":2,\"name\":\"Prises de position, dossiers de presse\"}]},{\"@type\":\"WebSite\",\"@id\":\"https:\/\/csp.ch\/vaud\/#website\",\"url\":\"https:\/\/csp.ch\/vaud\/\",\"name\":\"https:\/\/csp.ch\/vaud\/\",\"description\":\"\",\"publisher\":{\"@id\":\"https:\/\/csp.ch\/vaud\/#organization\"},\"potentialAction\":[{\"@type\":\"SearchAction\",\"target\":{\"@type\":\"EntryPoint\",\"urlTemplate\":\"https:\/\/csp.ch\/vaud\/?s={search_term_string}\"},\"query-input\":{\"@type\":\"PropertyValueSpecification\",\"valueRequired\":true,\"valueName\":\"search_term_string\"}}],\"inLanguage\":\"fr-FR\"},{\"@type\":\"Organization\",\"@id\":\"https:\/\/csp.ch\/vaud\/#organization\",\"name\":\"https:\/\/csp.ch\/vaud\/\",\"url\":\"https:\/\/csp.ch\/vaud\/\",\"logo\":{\"@type\":\"ImageObject\",\"inLanguage\":\"fr-FR\",\"@id\":\"https:\/\/csp.ch\/vaud\/#\/schema\/logo\/image\/\",\"url\":\"https:\/\/csp.ch\/wp-content\/uploads\/sites\/4\/2022\/11\/Logo-CSP-VD-RVB.OK_.jpg\",\"contentUrl\":\"https:\/\/csp.ch\/wp-content\/uploads\/sites\/4\/2022\/11\/Logo-CSP-VD-RVB.OK_.jpg\",\"width\":600,\"height\":306,\"caption\":\"https:\/\/csp.ch\/vaud\/\"},\"image\":{\"@id\":\"https:\/\/csp.ch\/vaud\/#\/schema\/logo\/image\/\"},\"sameAs\":[\"https:\/\/www.facebook.com\/CSPSuisse\",\"https:\/\/www.linkedin.com\/company\/csp-vaud\/mycompany\"]}]}<\/script>\n<!-- \/ Yoast SEO plugin. -->","yoast_head_json":{"title":"Prises de position, dossiers de  presse - CSP Vaud","description":"Le CSP Vaud prend position sur les projets de loi qui touchent \u00e0 sa pratique professionnelle, pour soutenir ses usagers et usag\u00e8res.","robots":{"index":"index","follow":"follow","max-snippet":"max-snippet:-1","max-image-preview":"max-image-preview:large","max-video-preview":"max-video-preview:-1"},"canonical":"https:\/\/csp.ch\/vaud\/prises-de-positionpresse\/","og_locale":"fr_FR","og_type":"article","og_title":"Prises de position, dossiers de  presse - CSP Vaud","og_description":"Le CSP Vaud prend position sur les projets de loi qui touchent \u00e0 sa pratique professionnelle, pour soutenir ses usagers et usag\u00e8res.","og_url":"https:\/\/csp.ch\/vaud\/prises-de-positionpresse\/","og_site_name":"CSP Vaud","article_publisher":"https:\/\/www.facebook.com\/CSPSuisse","article_modified_time":"2026-03-19T15:18:33+00:00","og_image":[{"width":766,"height":358,"url":"https:\/\/csp.ch\/wp-content\/uploads\/sites\/4\/2023\/03\/Conferencedepresse-4CSP-21.03.23-r.jpg","type":"image\/jpeg"}],"twitter_card":"summary_large_image","twitter_misc":{"Dur\u00e9e de lecture estim\u00e9e":"4 minutes"},"schema":{"@context":"https:\/\/schema.org","@graph":[{"@type":"WebPage","@id":"https:\/\/csp.ch\/vaud\/prises-de-positionpresse\/","url":"https:\/\/csp.ch\/vaud\/prises-de-positionpresse\/","name":"Prises de position, dossiers de presse - CSP Vaud","isPartOf":{"@id":"https:\/\/csp.ch\/vaud\/#website"},"primaryImageOfPage":{"@id":"https:\/\/csp.ch\/vaud\/prises-de-positionpresse\/#primaryimage"},"image":{"@id":"https:\/\/csp.ch\/vaud\/prises-de-positionpresse\/#primaryimage"},"thumbnailUrl":"https:\/\/csp.ch\/wp-content\/uploads\/sites\/4\/2023\/03\/Conferencedepresse-4CSP-21.03.23-r.jpg","datePublished":"2018-01-18T13:45:32+00:00","dateModified":"2026-03-19T15:18:33+00:00","description":"Le CSP Vaud prend position sur les projets de loi qui touchent \u00e0 sa pratique professionnelle, pour soutenir ses usagers et usag\u00e8res.","breadcrumb":{"@id":"https:\/\/csp.ch\/vaud\/prises-de-positionpresse\/#breadcrumb"},"inLanguage":"fr-FR","potentialAction":[{"@type":"ReadAction","target":["https:\/\/csp.ch\/vaud\/prises-de-positionpresse\/"]}]},{"@type":"ImageObject","inLanguage":"fr-FR","@id":"https:\/\/csp.ch\/vaud\/prises-de-positionpresse\/#primaryimage","url":"https:\/\/csp.ch\/wp-content\/uploads\/sites\/4\/2023\/03\/Conferencedepresse-4CSP-21.03.23-r.jpg","contentUrl":"https:\/\/csp.ch\/wp-content\/uploads\/sites\/4\/2023\/03\/Conferencedepresse-4CSP-21.03.23-r.jpg","width":766,"height":358,"caption":"Les directeurs et directrices des 4 CSP lors de la conf\u00e9rence de presse du 21 mars 2023"},{"@type":"BreadcrumbList","@id":"https:\/\/csp.ch\/vaud\/prises-de-positionpresse\/#breadcrumb","itemListElement":[{"@type":"ListItem","position":1,"name":"Accueil","item":"https:\/\/csp.ch\/vaud\/"},{"@type":"ListItem","position":2,"name":"Prises de position, dossiers de presse"}]},{"@type":"WebSite","@id":"https:\/\/csp.ch\/vaud\/#website","url":"https:\/\/csp.ch\/vaud\/","name":"https:\/\/csp.ch\/vaud\/","description":"","publisher":{"@id":"https:\/\/csp.ch\/vaud\/#organization"},"potentialAction":[{"@type":"SearchAction","target":{"@type":"EntryPoint","urlTemplate":"https:\/\/csp.ch\/vaud\/?s={search_term_string}"},"query-input":{"@type":"PropertyValueSpecification","valueRequired":true,"valueName":"search_term_string"}}],"inLanguage":"fr-FR"},{"@type":"Organization","@id":"https:\/\/csp.ch\/vaud\/#organization","name":"https:\/\/csp.ch\/vaud\/","url":"https:\/\/csp.ch\/vaud\/","logo":{"@type":"ImageObject","inLanguage":"fr-FR","@id":"https:\/\/csp.ch\/vaud\/#\/schema\/logo\/image\/","url":"https:\/\/csp.ch\/wp-content\/uploads\/sites\/4\/2022\/11\/Logo-CSP-VD-RVB.OK_.jpg","contentUrl":"https:\/\/csp.ch\/wp-content\/uploads\/sites\/4\/2022\/11\/Logo-CSP-VD-RVB.OK_.jpg","width":600,"height":306,"caption":"https:\/\/csp.ch\/vaud\/"},"image":{"@id":"https:\/\/csp.ch\/vaud\/#\/schema\/logo\/image\/"},"sameAs":["https:\/\/www.facebook.com\/CSPSuisse","https:\/\/www.linkedin.com\/company\/csp-vaud\/mycompany"]}]}},"_links":{"self":[{"href":"https:\/\/csp.ch\/vaud\/wp-json\/wp\/v2\/pages\/1958","targetHints":{"allow":["GET"]}}],"collection":[{"href":"https:\/\/csp.ch\/vaud\/wp-json\/wp\/v2\/pages"}],"about":[{"href":"https:\/\/csp.ch\/vaud\/wp-json\/wp\/v2\/types\/page"}],"author":[{"embeddable":true,"href":"https:\/\/csp.ch\/vaud\/wp-json\/wp\/v2\/users\/2"}],"replies":[{"embeddable":true,"href":"https:\/\/csp.ch\/vaud\/wp-json\/wp\/v2\/comments?post=1958"}],"version-history":[{"count":3,"href":"https:\/\/csp.ch\/vaud\/wp-json\/wp\/v2\/pages\/1958\/revisions"}],"predecessor-version":[{"id":29084,"href":"https:\/\/csp.ch\/vaud\/wp-json\/wp\/v2\/pages\/1958\/revisions\/29084"}],"wp:featuredmedia":[{"embeddable":true,"href":"https:\/\/csp.ch\/vaud\/wp-json\/wp\/v2\/media\/18192"}],"wp:attachment":[{"href":"https:\/\/csp.ch\/vaud\/wp-json\/wp\/v2\/media?parent=1958"}],"curies":[{"name":"wp","href":"https:\/\/api.w.org\/{rel}","templated":true}]}}