{"id":18653,"date":"2023-05-04T14:23:17","date_gmt":"2023-05-04T12:23:17","guid":{"rendered":"https:\/\/csp.ch\/vaud\/?page_id=18653"},"modified":"2025-10-21T13:18:39","modified_gmt":"2025-10-21T11:18:39","slug":"nouvelles-feministes-du-csp-vaud","status":"publish","type":"page","link":"https:\/\/csp.ch\/vaud\/nouvelles-feministes-du-csp-vaud\/","title":{"rendered":"Nouvelles <strong> f\u00e9ministes<\/strong> du CSP Vaud"},"content":{"rendered":"<blockquote><p>Cette page donne des compl\u00e9ments en lien avec la sortie du num\u00e9ro sp\u00e9cial \u00ab\u00a0gr\u00e8ve f\u00e9ministe\u00a0\u00bb du journal <em>Nouvelles<\/em> du CSP Vaud.<\/p><\/blockquote>\n<h3>Texte suppl\u00e9mentaire<\/h3>\n<h4><strong>Personnes migrantes victimes de violences domestiques : les avanc\u00e9es depuis la gr\u00e8ve des femmes du 14 juin 2019<\/strong><\/h4>\n<h5>\u2022 Projet du gouvernement vaudois<\/h5>\n<p>Dans le cadre du plan d\u2019action pour une mise en \u0153uvre de la \u00ab Convention du Conseil de l\u2019Europe sur la pr\u00e9vention et la lutte contre la violence \u00e0 l\u2019\u00e9gard des femmes et la violence domestique \u00bb (dite Convention d\u2019Istanbul), le gouvernement vaudois a mis sur pied un projet visant \u00e0 garantir une meilleure prise en charge des personnes migrantes au statut de s\u00e9jour pr\u00e9caire, ou sans statut, victimes de violences domestiques. Ceci, notamment par l\u2019acc\u00e8s \u00e0 un h\u00e9bergement de 60 jours au centre d\u2019accueil MalleyPrairie ind\u00e9pendamment de leur statut, ainsi que par le renforcement du partenariat avec notre Service social pour les immigr\u00e9\u00b7e\u00b7s, La Fraternit\u00e9, qui informe et d\u00e9fend juridiquement ces personnes depuis de nombreuses ann\u00e9es. Pour plus d\u2019informations, voir <a href=\"https:\/\/csp.ch\/vaud\/lutte-contre-la-violence-faite-aux-femmes-rapport-du-grevio\/\">\u00ab actualit\u00e9s \u00bb sur notre site internet<\/a>.<\/p>\n<p>&nbsp;<\/p>\n<h5>\u2022 Initiative parlementaire<\/h5>\n<p>La Fraternit\u00e9 d\u00e9nonce les situations difficiles dans lesquelles se retrouvent les personnes migrantes victimes de violences conjugales depuis de nombreuses ann\u00e9es, notamment aupr\u00e8s de comit\u00e9s internationaux, ainsi qu\u2019aupr\u00e8s des conseill\u00e8res nationales, ce qui a permis le lancement r\u00e9cent de l\u2019initiative parlementaire \u00ab Garantir la pratique pour raisons personnelles majeures vis\u00e9e \u00e0 l\u2019article 50 LEI en cas de violence domestique \u00bb. Celle-ci propose de modifier la loi, notamment en ouvrant la protection \u00e0 toutes les victimes, ind\u00e9pendamment du statut de s\u00e9jour ou de la nationalit\u00e9 de leur conjoint\u2219e, qu\u2019elles et ils soient titulaires d\u2019un permis B, L ou F, ainsi qu\u2019aux couples de concubins tout en d\u00e9finissant des crit\u00e8res clairs selon lesquels les victimes de violences domestiques peuvent quitter leur conjoint\u00b7e sans mettre en p\u00e9ril leur s\u00e9jour. Il s\u2019agit, entre autres, de donner plus de poids et de mentionner explicitement les attestations d\u00e9livr\u00e9es par les expert\u2219e\u00b7s et les services de protection comme \u00e9l\u00e9ments certifiant la violence subie.<\/p>\n<p>&nbsp;<\/p>\n<h5>\u2022 Actions de sensibilisation<\/h5>\n<p>Une attention plus particuli\u00e8re est enfin donn\u00e9e aux personnes migrantes victimes de violence au sein du couple et aux probl\u00e9matiques sp\u00e9cifiques qu\u2019elles rencontrent. Aussi, nous avons pu collaborer au projet de sensibilisation sur la multiplicit\u00e9 des violences au sein du couple mis sur pied par les journalistes de D\u00e9cadr\u00e9e dont d\u00e9coulent <a href=\"https:\/\/decadree.com\/brisonslesilence\/brisonslesilence\/videos\/\">sept vid\u00e9os<\/a> d\u2019animation r\u00e9alis\u00e9es par des artistes suisses, ainsi qu\u2019au <a href=\"https:\/\/www.violencequefaire.ch\/podcast\/episode-7-violences-et-migration\/\">podcast \u00ab Poussi\u00e8re \u00bb<\/a> de Violence que faire.<\/p>\n<hr \/>\n<h3>Pour aller plus loin, des r\u00e9f\u00e9rences en lien avec les contributions<\/h3>\n<h4><strong>Notes du texte de La Fraternit\u00e9 : Genre, migration, travail et droit de s\u00e9jour : une discrimination en cascade<\/strong><\/h4>\n<ul>\n<li>Voir les <a href=\"https:\/\/www.lausanne.ch\/officiel\/administration\/sport-et-cohesion-sociale\/secretariat-general-scs\/bli\/publications\/cahiers-du-bli.html\">cahiers n<sup>o<\/sup> 10 du Bureau lausannois \u00e0 l\u2019int\u00e9gration<\/a> (BLI) sur les trajectoires professionnelles des femmes migrantes<\/li>\n<li>Pour aller plus loin voir le <a href=\"https:\/\/artias.ch\/artias_dossier\/incidences-de-laide-sociale-sur-les-permis-de-sejour-dans-la-lei\/\">dossier de l\u2019Artias<\/a> \u00ab Incidences de l\u2019aide sociale sur les permis de s\u00e9jour dans la LEI \u00bb de f\u00e9vrier 2020<\/li>\n<li>Lire <a href=\"https:\/\/csp.ch\/vaud\/lutte-contre-la-violence-faite-aux-femmes-rapport-du-grevio\/\">Lutte contre la violence faite aux femmes rapport du GREVIO<\/a>\u00a0 et l&rsquo;article du 23 f\u00e9vrier 2023 \u00ab <a href=\"https:\/\/www.reiso.org\/articles\/themes\/politiques\/10334-proteger-les-migrant-e-s-victimes-de-violences\">Prot\u00e9ger les migrant\u00b7e\u00b7s victimes de violences<\/a> \u00bb paru dans REISO<\/li>\n<li>Voir notamment\u00a0 la vid\u00e9o 6 sur le site <a href=\"https:\/\/decadree.com\/brisonslesilence\/brisonslesilence\/videos\/\">Brisons le silence.<\/a><\/li>\n<li>\u00c9coutez notamment l\u2019\u00e9pisode 7 \u00ab violence et migration \u00bb sur le site <a href=\"https:\/\/www.violencequefaire.ch\/podcast\/episode-7-violences-et-migration\/\">Violence que faire.ch<\/a><\/li>\n<\/ul>\n<hr \/>\n<h4><strong>Notes du texte du Service juridique : Plus d&rsquo;\u00e9quit\u00e9 dans l&rsquo;union libre !\u00a0 <\/strong><\/h4>\n<p>L&rsquo;institution du mariage, apr\u00e8s de nombreuses luttes et r\u00e9visions, a \u00e9t\u00e9 rendu plus \u00e9galitaire par la loi. Mais en parall\u00e8le, il est devenu de moins en moins convoit\u00e9, notamment par les jeunes couples. Et de plus en plus de naissances ont lieu hors mariage. Dans le canton de Vaud, un enfant sur trois na\u00eet de parents non mari\u00e9s alors que ce taux \u00e9tait \u00e0 moins de 10% il a 20 ans ! D\u00e8s lors, comment assurer l\u2019\u00e9quit\u00e9 dans les couples non mari\u00e9s ?<strong><br \/>\n<\/strong><\/p>\n<ul>\n<li>Numerus, courriers statistique Vaud, <a href=\"https:\/\/www.vd.ch\/fileadmin\/user_upload\/organisation\/dfin\/statvd\/Dom_01\/Publications\/Flash_Numerus-04-2020.pdf\">n\u00b0 4, 2020<\/a><\/li>\n<li>Selon le <a href=\"https:\/\/www.bfs.admin.ch\/asset\/fr\/17084547\">rapport Familles 2021 de l\u2019OFAS<\/a>, seuls 10% des couples choisissent temps partiel pour les deux parents. Le mod\u00e8le homme \u00e0 plein temps\/ femme \u00e0 temps partiel reste le plus pris\u00e9.<\/li>\n<\/ul>\n<hr \/>\n<h4><strong>Notes du texte\u00a0 de Jet Service : Quand la s\u00e9paration devient un obstacle \u00e0 la formation des m\u00e8res<\/strong><\/h4>\n<p><a href=\"https:\/\/www.swissstats.bfs.admin.ch\/collection\/ch.admin.bfs.swissstat.fr.issue210110112100\/article\/issue210110112100-16\">\u00a0SwissStats Webviewer<\/a> (2023).\u00a0<em>Les familles en Suisse : Parents s\u00e9par\u00e9s ou divorc\u00e9s.\u00a0<\/em><\/p>\n<p>Levy, R., Gauthier, J.-A. &amp; Widmer, E. (2006). Entre contraintes institutionnelle et domestique : les parcours de vie masculins et f\u00e9minins en Suisse. <em><a href=\"https:\/\/serval.unil.ch\/resource\/serval:BIB_B4B4AD17595C.P001\/REF\">Canadian Journal of sociology<\/a>. 31<\/em>(4), 461-489.<\/p>\n<p>Pisoni, D. (2018). Pourquoi les jeunes les plus de\u0301savantage\u0301s ont-ils moins acce\u0300s aux programmes d\u2019accompagnement ? Consulte\u0301 le juillet 24, 2020, sur <a href=\"https:\/\/edudoc.ch\/record\/211552\/files\/societe_suisse_pour_la_recherche_appliquee_en_matiere_de_formation_professionnelle_-_pourquoi_les_jeunes_les_plus_desavantages_ont-ils_moins_acces_aux_programmes_daccompagnement_.pdf\">Socie\u0301te\u0301 suisse pour la recherche applique\u0301e en matie\u0300re de formation professionnelle<\/a>.<\/p>\n<p>Bessi\u00e8re, C. &amp; Gollac, S. (2020).<em>\u00a0<\/em><em>Le genre du capital : comment la famille reproduit les in\u00e9galit\u00e9s<\/em>. La D\u00e9couverte.<\/p>\n<p>&nbsp;<\/p>\n<p><a href=\"#_ftnref1\" name=\"_ftn1\"><\/a><\/p>\n","protected":false},"excerpt":{"rendered":"<p>Cette page donne des compl\u00e9ments en lien avec la sortie du num\u00e9ro sp\u00e9cial \u00ab\u00a0gr\u00e8ve f\u00e9ministe\u00a0\u00bb du journal Nouvelles du CSP Vaud. Texte suppl\u00e9mentaire Personnes migrantes victimes de violences domestiques : les avanc\u00e9es depuis la gr\u00e8ve des femmes du 14 juin 2019 \u2022 Projet du gouvernement vaudois Dans le cadre du plan d\u2019action pour une mise [&hellip;]<\/p>\n","protected":false},"author":2,"featured_media":18802,"parent":0,"menu_order":0,"comment_status":"closed","ping_status":"closed","template":"","meta":{"_acf_changed":false,"footnotes":""},"class_list":["post-18653","page","type-page","status-publish","has-post-thumbnail","hentry"],"acf":[],"yoast_head":"<!-- This site is optimized with the Yoast SEO plugin v27.1.1 - https:\/\/yoast.com\/product\/yoast-seo-wordpress\/ -->\n<title>Nouvelles  f\u00e9ministes du CSP Vaud - CSP Vaud<\/title>\n<meta name=\"description\" content=\"Cette page, un suppl\u00e9ment aux Nouvelles f\u00e9ministes du CSP Vaud du 14 juin 2023, comprend un texte en plus et des notes.\" \/>\n<meta name=\"robots\" content=\"index, follow, max-snippet:-1, max-image-preview:large, max-video-preview:-1\" \/>\n<link rel=\"canonical\" href=\"https:\/\/csp.ch\/vaud\/nouvelles-feministes-du-csp-vaud\/\" \/>\n<meta property=\"og:locale\" content=\"fr_FR\" \/>\n<meta property=\"og:type\" content=\"article\" \/>\n<meta property=\"og:title\" content=\"Nouvelles  f\u00e9ministes du CSP Vaud - CSP Vaud\" \/>\n<meta property=\"og:description\" content=\"Cette page, un suppl\u00e9ment aux Nouvelles f\u00e9ministes du CSP Vaud du 14 juin 2023, comprend un texte en plus et des notes.\" \/>\n<meta property=\"og:url\" content=\"https:\/\/csp.ch\/vaud\/nouvelles-feministes-du-csp-vaud\/\" \/>\n<meta property=\"og:site_name\" content=\"CSP Vaud\" \/>\n<meta property=\"article:publisher\" content=\"https:\/\/www.facebook.com\/CSPSuisse\" \/>\n<meta property=\"article:modified_time\" content=\"2025-10-21T11:18:39+00:00\" \/>\n<meta property=\"og:image\" content=\"https:\/\/csp.ch\/wp-content\/uploads\/sites\/4\/2023\/05\/p.3-csp-mariage-union-libre-minimum-vital-copie.jpg\" \/>\n\t<meta property=\"og:image:width\" content=\"740\" \/>\n\t<meta property=\"og:image:height\" content=\"364\" \/>\n\t<meta property=\"og:image:type\" content=\"image\/jpeg\" \/>\n<meta name=\"twitter:card\" content=\"summary_large_image\" \/>\n<meta name=\"twitter:label1\" content=\"Dur\u00e9e de lecture estim\u00e9e\" \/>\n\t<meta name=\"twitter:data1\" content=\"4 minutes\" \/>\n<script type=\"application\/ld+json\" class=\"yoast-schema-graph\">{\"@context\":\"https:\/\/schema.org\",\"@graph\":[{\"@type\":\"WebPage\",\"@id\":\"https:\/\/csp.ch\/vaud\/nouvelles-feministes-du-csp-vaud\/\",\"url\":\"https:\/\/csp.ch\/vaud\/nouvelles-feministes-du-csp-vaud\/\",\"name\":\"Nouvelles f\u00e9ministes du CSP Vaud - CSP Vaud\",\"isPartOf\":{\"@id\":\"https:\/\/csp.ch\/vaud\/#website\"},\"primaryImageOfPage\":{\"@id\":\"https:\/\/csp.ch\/vaud\/nouvelles-feministes-du-csp-vaud\/#primaryimage\"},\"image\":{\"@id\":\"https:\/\/csp.ch\/vaud\/nouvelles-feministes-du-csp-vaud\/#primaryimage\"},\"thumbnailUrl\":\"https:\/\/csp.ch\/wp-content\/uploads\/sites\/4\/2023\/05\/p.3-csp-mariage-union-libre-minimum-vital-copie.jpg\",\"datePublished\":\"2023-05-04T12:23:17+00:00\",\"dateModified\":\"2025-10-21T11:18:39+00:00\",\"description\":\"Cette page, un suppl\u00e9ment aux Nouvelles f\u00e9ministes du CSP Vaud du 14 juin 2023, comprend un texte en plus et des notes.\",\"breadcrumb\":{\"@id\":\"https:\/\/csp.ch\/vaud\/nouvelles-feministes-du-csp-vaud\/#breadcrumb\"},\"inLanguage\":\"fr-FR\",\"potentialAction\":[{\"@type\":\"ReadAction\",\"target\":[\"https:\/\/csp.ch\/vaud\/nouvelles-feministes-du-csp-vaud\/\"]}]},{\"@type\":\"ImageObject\",\"inLanguage\":\"fr-FR\",\"@id\":\"https:\/\/csp.ch\/vaud\/nouvelles-feministes-du-csp-vaud\/#primaryimage\",\"url\":\"https:\/\/csp.ch\/wp-content\/uploads\/sites\/4\/2023\/05\/p.3-csp-mariage-union-libre-minimum-vital-copie.jpg\",\"contentUrl\":\"https:\/\/csp.ch\/wp-content\/uploads\/sites\/4\/2023\/05\/p.3-csp-mariage-union-libre-minimum-vital-copie.jpg\",\"width\":740,\"height\":364,\"caption\":\"Nouvelles f\u00e9ministes du CSP Vaud- 14 juin 2023\"},{\"@type\":\"BreadcrumbList\",\"@id\":\"https:\/\/csp.ch\/vaud\/nouvelles-feministes-du-csp-vaud\/#breadcrumb\",\"itemListElement\":[{\"@type\":\"ListItem\",\"position\":1,\"name\":\"Accueil\",\"item\":\"https:\/\/csp.ch\/vaud\/\"},{\"@type\":\"ListItem\",\"position\":2,\"name\":\"Nouvelles f\u00e9ministes du CSP Vaud\"}]},{\"@type\":\"WebSite\",\"@id\":\"https:\/\/csp.ch\/vaud\/#website\",\"url\":\"https:\/\/csp.ch\/vaud\/\",\"name\":\"https:\/\/csp.ch\/vaud\/\",\"description\":\"\",\"publisher\":{\"@id\":\"https:\/\/csp.ch\/vaud\/#organization\"},\"potentialAction\":[{\"@type\":\"SearchAction\",\"target\":{\"@type\":\"EntryPoint\",\"urlTemplate\":\"https:\/\/csp.ch\/vaud\/?s={search_term_string}\"},\"query-input\":{\"@type\":\"PropertyValueSpecification\",\"valueRequired\":true,\"valueName\":\"search_term_string\"}}],\"inLanguage\":\"fr-FR\"},{\"@type\":\"Organization\",\"@id\":\"https:\/\/csp.ch\/vaud\/#organization\",\"name\":\"https:\/\/csp.ch\/vaud\/\",\"url\":\"https:\/\/csp.ch\/vaud\/\",\"logo\":{\"@type\":\"ImageObject\",\"inLanguage\":\"fr-FR\",\"@id\":\"https:\/\/csp.ch\/vaud\/#\/schema\/logo\/image\/\",\"url\":\"https:\/\/csp.ch\/wp-content\/uploads\/sites\/4\/2022\/11\/Logo-CSP-VD-RVB.OK_.jpg\",\"contentUrl\":\"https:\/\/csp.ch\/wp-content\/uploads\/sites\/4\/2022\/11\/Logo-CSP-VD-RVB.OK_.jpg\",\"width\":600,\"height\":306,\"caption\":\"https:\/\/csp.ch\/vaud\/\"},\"image\":{\"@id\":\"https:\/\/csp.ch\/vaud\/#\/schema\/logo\/image\/\"},\"sameAs\":[\"https:\/\/www.facebook.com\/CSPSuisse\",\"https:\/\/www.linkedin.com\/company\/csp-vaud\/mycompany\"]}]}<\/script>\n<!-- \/ Yoast SEO plugin. -->","yoast_head_json":{"title":"Nouvelles  f\u00e9ministes du CSP Vaud - CSP Vaud","description":"Cette page, un suppl\u00e9ment aux Nouvelles f\u00e9ministes du CSP Vaud du 14 juin 2023, comprend un texte en plus et des notes.","robots":{"index":"index","follow":"follow","max-snippet":"max-snippet:-1","max-image-preview":"max-image-preview:large","max-video-preview":"max-video-preview:-1"},"canonical":"https:\/\/csp.ch\/vaud\/nouvelles-feministes-du-csp-vaud\/","og_locale":"fr_FR","og_type":"article","og_title":"Nouvelles  f\u00e9ministes du CSP Vaud - CSP Vaud","og_description":"Cette page, un suppl\u00e9ment aux Nouvelles f\u00e9ministes du CSP Vaud du 14 juin 2023, comprend un texte en plus et des notes.","og_url":"https:\/\/csp.ch\/vaud\/nouvelles-feministes-du-csp-vaud\/","og_site_name":"CSP Vaud","article_publisher":"https:\/\/www.facebook.com\/CSPSuisse","article_modified_time":"2025-10-21T11:18:39+00:00","og_image":[{"width":740,"height":364,"url":"https:\/\/csp.ch\/wp-content\/uploads\/sites\/4\/2023\/05\/p.3-csp-mariage-union-libre-minimum-vital-copie.jpg","type":"image\/jpeg"}],"twitter_card":"summary_large_image","twitter_misc":{"Dur\u00e9e de lecture estim\u00e9e":"4 minutes"},"schema":{"@context":"https:\/\/schema.org","@graph":[{"@type":"WebPage","@id":"https:\/\/csp.ch\/vaud\/nouvelles-feministes-du-csp-vaud\/","url":"https:\/\/csp.ch\/vaud\/nouvelles-feministes-du-csp-vaud\/","name":"Nouvelles f\u00e9ministes du CSP Vaud - CSP Vaud","isPartOf":{"@id":"https:\/\/csp.ch\/vaud\/#website"},"primaryImageOfPage":{"@id":"https:\/\/csp.ch\/vaud\/nouvelles-feministes-du-csp-vaud\/#primaryimage"},"image":{"@id":"https:\/\/csp.ch\/vaud\/nouvelles-feministes-du-csp-vaud\/#primaryimage"},"thumbnailUrl":"https:\/\/csp.ch\/wp-content\/uploads\/sites\/4\/2023\/05\/p.3-csp-mariage-union-libre-minimum-vital-copie.jpg","datePublished":"2023-05-04T12:23:17+00:00","dateModified":"2025-10-21T11:18:39+00:00","description":"Cette page, un suppl\u00e9ment aux Nouvelles f\u00e9ministes du CSP Vaud du 14 juin 2023, comprend un texte en plus et des notes.","breadcrumb":{"@id":"https:\/\/csp.ch\/vaud\/nouvelles-feministes-du-csp-vaud\/#breadcrumb"},"inLanguage":"fr-FR","potentialAction":[{"@type":"ReadAction","target":["https:\/\/csp.ch\/vaud\/nouvelles-feministes-du-csp-vaud\/"]}]},{"@type":"ImageObject","inLanguage":"fr-FR","@id":"https:\/\/csp.ch\/vaud\/nouvelles-feministes-du-csp-vaud\/#primaryimage","url":"https:\/\/csp.ch\/wp-content\/uploads\/sites\/4\/2023\/05\/p.3-csp-mariage-union-libre-minimum-vital-copie.jpg","contentUrl":"https:\/\/csp.ch\/wp-content\/uploads\/sites\/4\/2023\/05\/p.3-csp-mariage-union-libre-minimum-vital-copie.jpg","width":740,"height":364,"caption":"Nouvelles f\u00e9ministes du CSP Vaud- 14 juin 2023"},{"@type":"BreadcrumbList","@id":"https:\/\/csp.ch\/vaud\/nouvelles-feministes-du-csp-vaud\/#breadcrumb","itemListElement":[{"@type":"ListItem","position":1,"name":"Accueil","item":"https:\/\/csp.ch\/vaud\/"},{"@type":"ListItem","position":2,"name":"Nouvelles f\u00e9ministes du CSP Vaud"}]},{"@type":"WebSite","@id":"https:\/\/csp.ch\/vaud\/#website","url":"https:\/\/csp.ch\/vaud\/","name":"https:\/\/csp.ch\/vaud\/","description":"","publisher":{"@id":"https:\/\/csp.ch\/vaud\/#organization"},"potentialAction":[{"@type":"SearchAction","target":{"@type":"EntryPoint","urlTemplate":"https:\/\/csp.ch\/vaud\/?s={search_term_string}"},"query-input":{"@type":"PropertyValueSpecification","valueRequired":true,"valueName":"search_term_string"}}],"inLanguage":"fr-FR"},{"@type":"Organization","@id":"https:\/\/csp.ch\/vaud\/#organization","name":"https:\/\/csp.ch\/vaud\/","url":"https:\/\/csp.ch\/vaud\/","logo":{"@type":"ImageObject","inLanguage":"fr-FR","@id":"https:\/\/csp.ch\/vaud\/#\/schema\/logo\/image\/","url":"https:\/\/csp.ch\/wp-content\/uploads\/sites\/4\/2022\/11\/Logo-CSP-VD-RVB.OK_.jpg","contentUrl":"https:\/\/csp.ch\/wp-content\/uploads\/sites\/4\/2022\/11\/Logo-CSP-VD-RVB.OK_.jpg","width":600,"height":306,"caption":"https:\/\/csp.ch\/vaud\/"},"image":{"@id":"https:\/\/csp.ch\/vaud\/#\/schema\/logo\/image\/"},"sameAs":["https:\/\/www.facebook.com\/CSPSuisse","https:\/\/www.linkedin.com\/company\/csp-vaud\/mycompany"]}]}},"_links":{"self":[{"href":"https:\/\/csp.ch\/vaud\/wp-json\/wp\/v2\/pages\/18653","targetHints":{"allow":["GET"]}}],"collection":[{"href":"https:\/\/csp.ch\/vaud\/wp-json\/wp\/v2\/pages"}],"about":[{"href":"https:\/\/csp.ch\/vaud\/wp-json\/wp\/v2\/types\/page"}],"author":[{"embeddable":true,"href":"https:\/\/csp.ch\/vaud\/wp-json\/wp\/v2\/users\/2"}],"replies":[{"embeddable":true,"href":"https:\/\/csp.ch\/vaud\/wp-json\/wp\/v2\/comments?post=18653"}],"version-history":[{"count":3,"href":"https:\/\/csp.ch\/vaud\/wp-json\/wp\/v2\/pages\/18653\/revisions"}],"predecessor-version":[{"id":27202,"href":"https:\/\/csp.ch\/vaud\/wp-json\/wp\/v2\/pages\/18653\/revisions\/27202"}],"wp:featuredmedia":[{"embeddable":true,"href":"https:\/\/csp.ch\/vaud\/wp-json\/wp\/v2\/media\/18802"}],"wp:attachment":[{"href":"https:\/\/csp.ch\/vaud\/wp-json\/wp\/v2\/media?parent=18653"}],"curies":[{"name":"wp","href":"https:\/\/api.w.org\/{rel}","templated":true}]}}