{"id":18343,"date":"2023-03-29T17:45:44","date_gmt":"2023-03-29T15:45:44","guid":{"rendered":"https:\/\/csp.ch\/vaud\/?page_id=18343"},"modified":"2025-06-30T15:19:44","modified_gmt":"2025-06-30T13:19:44","slug":"revue-de-presse","status":"publish","type":"page","link":"https:\/\/csp.ch\/vaud\/revue-de-presse\/","title":{"rendered":"Revue de <strong>presse<\/strong>"},"content":{"rendered":"<div class=\"wpb-content-wrapper\"><p>[vc_row][vc_column][vc_column_text css=\u00a0\u00bb\u00a0\u00bb]<strong><em>Les m\u00e9dias font r\u00e9guli\u00e8rement appel aux comp\u00e9tences du CSP Vaud pour d\u00e9crire les probl\u00e8mes sociaux rencontr\u00e9s. Ils se font l&rsquo;\u00e9cho des pr\u00e9occupations transmises lors de nos conf\u00e9rences de presse ou prises de position de l&rsquo;institution. <\/em><\/strong><\/p>\n<p>Sa responsable politique sociale et recherche ainsi que les consultant\u00b7e\u00b7s r\u00e9pondent aux sollicitations des m\u00e9dias pour d\u00e9crire les r\u00e9alit\u00e9s des personnes usag\u00e8res de ses consultations.<\/p>\n<h4>Femmes migrantes victimes de violences domestiques<\/h4>\n<ul>\n<li>Violences domestiques : migrantes mieux prot\u00e9g\u00e9es (<a href=\"https:\/\/www.evenement.ch\/articles\/violences-domestiques-migrantes-mieux-protegees\" target=\"_blank\" rel=\"noopener\">L&rsquo;\u00c9v\u00e9nement syndical<\/a>, 06.03.2025)<\/li>\n<li>Une nouvelle loi en Suisse pour mieux prot\u00e9ger les femmes migrantes des violences conjugales (La Matinale\u00a0<a href=\"https:\/\/www.rts.ch\/info\/regions\/vaud\/2024\/article\/une-nouvelle-loi-en-suisse-pour-mieux-proteger-les-femmes-migrantes-des-violences-conjugales-28597369.html\" target=\"_blank\" rel=\"noopener\">RTS La Premi\u00e8re<\/a>, 13.08.2024)<\/li>\n<li>Les migrantes mieux prot\u00e9g\u00e9es (<a href=\"https:\/\/mcusercontent.com\/4486d7a3923670c608d3e13d0\/files\/d0394575-baed-9449-048e-8813a0a192c5\/Les_migrantes_mieux_prote_ge_es_Le_Courrier_21.06.2024.pdf\" target=\"_blank\" rel=\"noopener\">Le Courrier<\/a>, 21.06.2024)<\/li>\n<li>La Suisse renforce la protection des femmes harcel\u00e9es ou violent\u00e9es (<a href=\"https:\/\/mcusercontent.com\/4486d7a3923670c608d3e13d0\/files\/10d780ed-dbcd-a9d1-c4a3-c2fb70c70e9d\/Les_femmes_e_trange_res_seront_mieux_prote_ge_es_24heures_2024_06_15.pdf\" target=\"_blank\" rel=\"noopener\">24 Heures<\/a>, 15.06.2024)<\/li>\n<li>Meilleure protection des migrantes (<a href=\"https:\/\/mcusercontent.com\/4486d7a3923670c608d3e13d0\/images\/404773af-1231-31bc-5dc3-66b078deae0f.jpg\" target=\"_blank\" rel=\"noopener\">R\u00e9form\u00e9s<\/a>, juillet-ao\u00fbt 2024)<\/li>\n<\/ul>\n<h4><strong>Ouverture de la Permanence Info-Conseil Racisme<\/strong><\/h4>\n<ul>\n<li>\u00c0 l&rsquo;\u00e9coute des discriminations raciales (<a href=\"https:\/\/mcusercontent.com\/4486d7a3923670c608d3e13d0\/files\/7a7b9b18-3333-4667-ec17-4df876faf78f\/A_l_039_e_coute_des_discriminations_raciales_La_Re_gion_2025_01_13.pdf\" target=\"_blank\" rel=\"noopener\">La R\u00e9gion<\/a>, 13.01.2025)<\/li>\n<li>Lib\u00e9rer la parole face au racisme\u00a0(<a href=\"https:\/\/mcusercontent.com\/4486d7a3923670c608d3e13d0\/files\/4e0032c7-4d55-69a1-950c-157c3b9615eb\/Libe_rer_la_parole_face_au_racisme_Le_Courrier_10.01.2025.pdf\" target=\"_blank\" rel=\"noopener\">Le Courrier<\/a>,\u00a010.01.2025)<\/li>\n<li>Une permanence pour recueillir les t\u00e9moignages de discriminations raciales ouvrent \u00e0 Yverdon (La Matinale,\u00a0<a href=\"https:\/\/www.rts.ch\/audio-podcast\/2025\/audio\/une-permanence-pour-recueillir-les-temoignages-de-discriminations-raciales-ouvre-a-yverdon-vd-28751420.html\" target=\"_blank\" rel=\"noopener\">RTS\u00a0La 1\u00e8re<\/a>, 10.01.2025)<\/li>\n<li>Yverdon-les-Bains: Une permanence ouvre contre les discriminations raciales (<a href=\"https:\/\/mcusercontent.com\/4486d7a3923670c608d3e13d0\/files\/63db8faf-609e-382d-a35b-8a6f2c7c8b24\/Une_permanence_ouvre_contre_la_discrimination_raciale_24heures_LAUSANNE_2025_01_08.pdf\" target=\"_blank\" rel=\"noopener\">24 heures<\/a>, 07.01.2025)<\/li>\n<\/ul>\n<h4><strong>Les Jubil\u00e9s de La Fraternit\u00e9 et de Jet Service<\/strong><\/h4>\n<ul>\n<li>60 ans au service des migrants (<a href=\"https:\/\/www.evenement.ch\/articles\/60-ans-au-service-des-migrants\" target=\"_blank\" rel=\"noopener\">L&rsquo;\u00c9v\u00e9nement syndical<\/a>, 03.10.2024)<\/li>\n<li>Anniversaires et victoire pour le CSP (Courriers des lecteurs, Mme Monique Gisel,\u00a0<a href=\"https:\/\/www.24heures.ch\/courrier-des-lecteurs-12-septembre-musee-a-avenches-reforme-de-la-lpp-biodiversite-le-csp-vaud-452174892949\" target=\"_blank\" rel=\"noopener\">24 heures<\/a>, 12.09.2024)<\/li>\n<li>Jet Service: toujours plus de jeunes se forment au-del\u00e0 de 25 ans (<a href=\"https:\/\/mcusercontent.com\/4486d7a3923670c608d3e13d0\/files\/c8b37b50-ca11-46bc-c86c-c4f4a447ace6\/Toujours_plus_de_jeunes_n_039_ont_pas_fini_leur_formation_a_25_ans_24heures_LAUSANNE_2024_08_31.pdf\" target=\"_blank\" rel=\"noopener\">24 Heures<\/a>, 01.09.2024)<\/li>\n<li>Formation post-obligatoire et pr\u00e9carit\u00e9: quelles ressources disponibles pour les \u00e9tudiants (On en parle,\u00a0<a href=\"https:\/\/www.rts.ch\/info\/suisse\/2024\/article\/formation-post-obligatoire-et-precarite-quelles-ressources-disponibles-pour-les-etudiants-28612851.html\" target=\"_blank\" rel=\"noopener\">RTS La Premi\u00e8re<\/a>, 30.08.2024)<\/li>\n<li>Toujours plus de migrant\u00b7e\u00b7s sont en recherche de consultations juridiques. (La Matinale \u00e0 3&rsquo;43,\u00a0<a href=\"https:\/\/www.rts.ch\/audio-podcast\/2024\/audio\/le-journal-de-6h30-presente-par-leandre-berret-28613935.html\" target=\"_blank\" rel=\"noopener\">RTS La Premi\u00e8re<\/a>, 30.08.2024)<\/li>\n<li>Des d\u00e9cennies d&rsquo;entraide (<a href=\"https:\/\/mcusercontent.com\/4486d7a3923670c608d3e13d0\/files\/f3195d57-53c6-5be6-1b0f-2b114b5d4a13\/Des_de_cennies_d_039_entraide_Le_Courrier_20240830_page_4.pdf\" target=\"_blank\" rel=\"noopener\">Le Courrier<\/a>, 30.08.2024)<\/li>\n<li>Le CSP Vaud se d\u00e9m\u00e8ne\u00a0pour les jeunes depuis 40 ans (Le journal \u00e0 6&rsquo;58,\u00a0<a href=\"https:\/\/latele.ch\/emissions\/info-vaud\/info-vaud-s-2024-e-165\" target=\"_blank\" rel=\"noopener\">La T\u00e9l\u00e9 Vaud Fribourg<\/a>, 27.08.2024)<\/li>\n<\/ul>\n<h4>Campagne de mars des 4 CSP romands 2024<\/h4>\n<ul>\n<li>La pr\u00e9carit\u00e9 se r\u00e9pand parmi les jeunes Suisses (<a href=\"https:\/\/www.reformes.ch\/societe\/2024\/04\/la-precarite-se-repand-parmi-les-jeunes-suisses-journal-reformes-reformes-mai-2024\" target=\"_blank\" rel=\"noopener\">R\u00e9form\u00e9s<\/a>, 23.04.2024)<\/li>\n<li>L\u2019augmentation de la pr\u00e9carit\u00e9 en Suisse (<a href=\"https:\/\/www.rts.ch\/audio-podcast\/2024\/audio\/le-grand-debat-l-augmentation-de-la-precarite-en-suisse-28446954.html\">RTS \u2013 Forum,<\/a> 22.03.2024)<\/li>\n<li>Editorial \u2013 la pr\u00e9carit\u00e9 des jeunes \u00e0 Gen\u00e8ve (<a href=\"https:\/\/www.tdg.ch\/editorial-la-precarite-des-jeunes-a-geneve-311068769640\">Tribune de Gen\u00e8ve<\/a>, 14.03.2024)<\/li>\n<li>Augmentation alarmante de la pr\u00e9carit\u00e9 chez les jeunes. (<a href=\"https:\/\/www.24heures.ch\/alerte-sociale-quand-la-jeunesse-sendette-sans-echappatoire-414702813172\">24 Heures<\/a>, 14.03.2024)<\/li>\n<li>Pauvret\u00e9 et endettement des jeunes\u00a0en Suisse romande : les CSP tirent la sonnette d\u2019alarme. (<a href=\"https:\/\/www.rts.ch\/audio-podcast\/2024\/audio\/pauvrete-et-endettement-des-jeunes-en-suisse-romande-les-csp-tirent-la-sonnette-d-alarme-28436786.html\">RTS \u2013 on en parle<\/a>, 14.03.2024)<\/li>\n<li>La pr\u00e9carit\u00e9 des jeunes de 18-24 ans a augment\u00e9 de 10% ces derni\u00e8res ann\u00e9es. (<a href=\"https:\/\/www.rts.ch\/play\/tv\/12h45\/video\/12h45?urn=urn:rts:video:14769336\">RTS TV Info 12h45<\/a>, 14.03.2024)<\/li>\n<li>Surendettement des jeunes. Deux Genevois endett\u00e9s \u00e9voquent leur pr\u00e9carit\u00e9. (<a href=\"https:\/\/www.tdg.ch\/deux-genevois-surendettes-evoquent-leur-precarite-208265348271?fbclid=IwAR3dsvIghC-mCKpgfhMAbhKYFdM4au_xHJPS2X5rCvApAMK1AIr8porlnlY\">Tribune de Gen\u00e8ve<\/a>, et <a href=\"https:\/\/csp.ch\/wp-content\/uploads\/sites\/4\/2024\/04\/Tribune_de_Geneve_2024-03-14-lesCSP.pdf\">pdf<\/a>, 14.03.2024)<\/li>\n<li>L&rsquo;endettement des jeunes inqui\u00e8te les CSP. (<a href=\"https:\/\/www.lfm.ch\/actualite\/suisse\/romandie\/lendettement-des-jeunes-inquiete-les-csp\/\">LFM,<\/a> 13.03.2024)<\/li>\n<li>Les CSP demandent des mesures pour limiter le surendettement des jeunes. (ats, sur <a href=\"https:\/\/www.rts.ch\/info\/suisse\/2024\/article\/les-csp-demandent-des-mesures-pour-limiter-le-surendettement-des-jeunes-28436039.html\">RTS<\/a> et <a href=\"https:\/\/www.bluewin.ch\/fr\/infos\/suisse\/les-csp-s-inqui-tent-de-l-endettement-des-jeunes-2122711.html\">bluewin<\/a>,13.03.2024)<\/li>\n<li>Alerte jeunes pr\u00e9caires. (<a href=\"https:\/\/lecourrier.ch\/2024\/03\/13\/alerte-jeunes-precaires\/\">Le Courrier<\/a>, 13.03.2024)<\/li>\n<li>Des jeunes dans la spirale infernale. ( <a href=\"https:\/\/latele.ch\/emissions\/info-vaud\/info-vaud-s-2024-e-51?s=2\">La T\u00e9l\u00e9 Vaud-Fribourg<\/a>, 13.03.2024)<\/li>\n<\/ul>\n<h4><strong>Endettement<\/strong><\/h4>\n<ul>\n<li>Surendettement en Suisse: des vies bris\u00e9es dans l&rsquo;attente d&rsquo;une solution (Temps pr\u00e9sent,\u00a0<a href=\"https:\/\/www.rts.ch\/info\/suisse\/2024\/article\/surendettement-en-suisse-des-vies-brisees-dans-l-attente-d-une-solution-28717897.html\" target=\"_blank\" rel=\"noopener\">RTS<\/a>, 05.12.2024)<\/li>\n<li>En Suisse, il est honteux d&rsquo;avoir des dettes (<a href=\"https:\/\/www.reformes.ch\/societe\/2024\/11\/en-suisse-il-est-honteux-davoir-des-dettes-journal-reformes-reformes-decembre-2024\" target=\"_blank\" rel=\"noopener\">R\u00e9form\u00e9s<\/a>, 26.11.2024)<\/li>\n<\/ul>\n<h4><strong>PC Familles<\/strong><\/h4>\n<ul>\n<li>Vaud: \u00e0 12 ans, elle h\u00e9rite et doit entretenir toute sa famille (<a href=\"https:\/\/www.20min.ch\/fr\/story\/prestations-complementaires-vaud-a-12-ans-elle-herite-et-doit-entretenir-toute-sa-famille-103206428\" target=\"_blank\" rel=\"noopener\">20 minutes<\/a>, 05.11.2024)<\/li>\n<li>Votation: le mod\u00e8le vaudois des PC Familles est perfectible (<a href=\"https:\/\/mcusercontent.com\/4486d7a3923670c608d3e13d0\/files\/20fc081c-ec7d-7b7f-3e5c-81572a12fd4c\/20240917_LIBERTE_LIHP_011.pdf\" target=\"_blank\" rel=\"noopener\">La Libert\u00e9<\/a>, 18.09.2024)<\/li>\n<\/ul>\n<h4><strong>Couple et famille<\/strong><\/h4>\n<ul>\n<li>Guichet : la sexualit\u00e9 dans le couple. (<a href=\"https:\/\/www.rts.ch\/audio-podcast\/2024\/audio\/guichet-la-sexualite-dans-le-couple-28402505.html\">RTS \u2013 On en parle<\/a>, 14.02.2024)<\/li>\n<\/ul>\n<h4><strong>Riviera pour vous<\/strong><\/h4>\n<ul>\n<li>Riviera pour vous, un espace d&rsquo;information sociale. (<a href=\"https:\/\/www.lfm.ch\/actualite\/suisse\/romandie\/vaud\/riviera-pour-vous-un-espace-dinformation-sociale\/\">lfm<\/a>, 02.02.2024)<\/li>\n<\/ul>\n<p><strong>Jeunes<\/strong><\/p>\n<ul>\n<li>Bourses d&rsquo;\u00e9tudes: la lenteur du syst\u00e8me la prive d&rsquo;uni (<a href=\"https:\/\/mcusercontent.com\/4486d7a3923670c608d3e13d0\/files\/7bf08308-d034-9319-9f62-46ca727acc7f\/Bourses_d_039_e_tudes_la_lenteur_du_syste_me_la_prive_d_039_uni__24heures_LAUSANNE_2025_01_11.pdf\" target=\"_blank\" rel=\"noopener\">24 heures<\/a>, 11.01.2025)<\/li>\n<li>D\u00e9lais interminables, erreurs de calcul: les \u00e9tudiants vaudois souffrent pour obtenir une bourse (<a href=\"https:\/\/www.laliberte.ch\/articles\/regions\/vaud\/les-etudiants-vaudois-souffrent-pour-obtenir-une-bourse-882970\" target=\"_blank\" rel=\"noopener\">La Libert\u00e9<\/a>, 10.10.2024)<\/li>\n<li>Guichet: Bourses d&rsquo;\u00e9tudes. Interview de Charlotte Reymondin de Jet Service \u00e0 1min05 (On en parle,\u00a0<a href=\"https:\/\/www.rts.ch\/audio-podcast\/2024\/audio\/guichet-bourses-d-etudes-28655584.html\" target=\"_blank\" rel=\"noopener\">RTS La 1\u00e8re<\/a>, 08.10.2024)<\/li>\n<li>Guichet: G\u00e9rer son argent et \u00e9viter l&rsquo;endettement. Interview d&rsquo;Alev Ucar de Jet Service \u00e0 7min09\u00a0(On en parle,\u00a0<a href=\"https:\/\/www.rts.ch\/audio-podcast\/2024\/audio\/guichet-gerer-son-argent-et-eviter-l-endettement-28643093.html\" target=\"_blank\" rel=\"noopener\">RTS La 1\u00e8re<\/a>, 26.09.2024)<\/li>\n<li>Centre Social Protestant : un soutien juridique et des conseils pr\u00e9cieux pour les adolescents. (<a href=\"https:\/\/imprimerieazy.ch\/centre-social-protestant-un-soutien-juridique-et-des-conseils-precieux-pour-les-adolescents\/\">Imprimerie Azy<\/a>, 01.03.2024)<\/li>\n<li>Une permanence socio-juridique pour les jeunes \u00e0 Aigle. (<a href=\"https:\/\/latele.ch\/emissions\/info-vaud\/info-vaud-s-2024-e-41?s=2\">La T\u00e9l\u00e9 Vaud-Fribourg<\/a>, 28.02.2024)<\/li>\n<li>Une permanence sociojuridique \u00e0 Aigle pour les jeunes. (<a href=\"https:\/\/radiochablais.ch\/infos\/chablais\/97773-une-permanence-sociojuridique-a-aigle-pour-les-jeunes\">Radio Chablais<\/a>, 21.02.2024)<\/li>\n<li>Les jeunes ne doivent plus rembourser leurs primes maladie impay\u00e9es par leurs parents. (<a href=\"https:\/\/www.rts.ch\/info\/suisse\/14594726-les-jeunes-ne-doivent-plus-rembourser-leurs-primes-maladie-impayees-par-leurs-parents.html?rts_source=rss_t\">RTS Info<\/a>, 03.01.2024)<\/li>\n<\/ul>\n<h4><strong>Cr\u00e9dit<\/strong><\/h4>\n<ul>\n<li>Pourquoi payer par carte de cr\u00e9dit pourrait vous co\u00fbter plus cher. (<a href=\"https:\/\/www.24heures.ch\/pourquoi-payer-par-carte-de-credit-pourrait-couter-plus-cher-911853956870\">24 Heures<\/a>, et <a href=\"https:\/\/csp.ch\/wp-content\/uploads\/sites\/4\/2024\/04\/24heures_LAUSANNE_2024-01-29-credit-BJ.pdf\">pdf<\/a>, 24.01.2024)<\/li>\n<\/ul>\n<p><strong>Logement et pr\u00e9carit\u00e9<\/strong><\/p>\n<ul>\n<li>L&rsquo;Ouest-lausannois est-il encore accessible? (<a href=\"https:\/\/www.reiso.org\/articles\/themes\/politiques\/12542-l-ouest-lausannois-est-il-encore-accessible\" target=\"_blank\" rel=\"noopener\">Reiso.org<\/a>, 30.05.2024)<\/li>\n<\/ul>\n<h4>Les Galetas et le b\u00e9n\u00e9volat<\/h4>\n<ul>\n<li>Le Galetas de Renens\u00a0(Renens.ch.\u00a0<a href=\"https:\/\/mcusercontent.com\/4486d7a3923670c608d3e13d0\/images\/b1ff70e5-96ee-0352-3f7f-66665c614720.png\" target=\"_blank\" rel=\"noopener\">Info Renens n\u00b0215<\/a>, 12.2025)<\/li>\n<\/ul>\n<h4><\/h4>\n<p><strong>Archives\u00a0<\/strong><\/p>\n<p>Les articles sur le 60e anniversaire du CSP et les articles plus anciens se trouvent sur la page\u00a0 <a href=\"https:\/\/csp.ch\/vaud\/archives-presse\/\">Archives-Presse<\/a>.[\/vc_column_text][\/vc_column][\/vc_row]<\/p>\n<\/div>","protected":false},"excerpt":{"rendered":"<p>[vc_row][vc_column][vc_column_text css=\u00a0\u00bb\u00a0\u00bb]Les m\u00e9dias font r\u00e9guli\u00e8rement appel aux comp\u00e9tences du CSP Vaud pour d\u00e9crire les probl\u00e8mes sociaux rencontr\u00e9s. Ils se font l&rsquo;\u00e9cho des pr\u00e9occupations transmises lors de nos conf\u00e9rences de presse ou prises de position de l&rsquo;institution. Sa responsable politique sociale et recherche ainsi que les consultant\u00b7e\u00b7s r\u00e9pondent aux sollicitations des m\u00e9dias pour d\u00e9crire les r\u00e9alit\u00e9s [&hellip;]<\/p>\n","protected":false},"author":2,"featured_media":9665,"parent":0,"menu_order":0,"comment_status":"closed","ping_status":"closed","template":"","meta":{"_acf_changed":false,"footnotes":""},"class_list":["post-18343","page","type-page","status-publish","has-post-thumbnail","hentry"],"acf":[],"yoast_head":"<!-- This site is optimized with the Yoast SEO plugin v27.1.1 - https:\/\/yoast.com\/product\/yoast-seo-wordpress\/ -->\n<title>Revue de presse - CSP Vaud<\/title>\n<meta name=\"robots\" content=\"index, follow, max-snippet:-1, max-image-preview:large, max-video-preview:-1\" \/>\n<link rel=\"canonical\" href=\"https:\/\/csp.ch\/vaud\/revue-de-presse\/\" \/>\n<meta property=\"og:locale\" content=\"fr_FR\" \/>\n<meta property=\"og:type\" content=\"article\" \/>\n<meta property=\"og:title\" content=\"Revue de presse - CSP Vaud\" \/>\n<meta property=\"og:description\" content=\"[vc_row][vc_column][vc_column_text css=\u00a0\u00bb\u00a0\u00bb]Les m\u00e9dias font r\u00e9guli\u00e8rement appel aux comp\u00e9tences du CSP Vaud pour d\u00e9crire les probl\u00e8mes sociaux rencontr\u00e9s. Ils se font l&rsquo;\u00e9cho des pr\u00e9occupations transmises lors de nos conf\u00e9rences de presse ou prises de position de l&rsquo;institution. Sa responsable politique sociale et recherche ainsi que les consultant\u00b7e\u00b7s r\u00e9pondent aux sollicitations des m\u00e9dias pour d\u00e9crire les r\u00e9alit\u00e9s [&hellip;]\" \/>\n<meta property=\"og:url\" content=\"https:\/\/csp.ch\/vaud\/revue-de-presse\/\" \/>\n<meta property=\"og:site_name\" content=\"CSP Vaud\" \/>\n<meta property=\"article:publisher\" content=\"https:\/\/www.facebook.com\/CSPSuisse\" \/>\n<meta property=\"article:modified_time\" content=\"2025-06-30T13:19:44+00:00\" \/>\n<meta property=\"og:image\" content=\"https:\/\/csp.ch\/wp-content\/uploads\/sites\/4\/2021\/04\/revue-de-presse-csp-vaud-copie.jpg\" \/>\n\t<meta property=\"og:image:width\" content=\"740\" \/>\n\t<meta property=\"og:image:height\" content=\"330\" \/>\n\t<meta property=\"og:image:type\" content=\"image\/jpeg\" \/>\n<meta name=\"twitter:card\" content=\"summary_large_image\" \/>\n<meta name=\"twitter:label1\" content=\"Dur\u00e9e de lecture estim\u00e9e\" \/>\n\t<meta name=\"twitter:data1\" content=\"4 minutes\" \/>\n<script type=\"application\/ld+json\" class=\"yoast-schema-graph\">{\"@context\":\"https:\/\/schema.org\",\"@graph\":[{\"@type\":\"WebPage\",\"@id\":\"https:\/\/csp.ch\/vaud\/revue-de-presse\/\",\"url\":\"https:\/\/csp.ch\/vaud\/revue-de-presse\/\",\"name\":\"Revue de presse - CSP Vaud\",\"isPartOf\":{\"@id\":\"https:\/\/csp.ch\/vaud\/#website\"},\"primaryImageOfPage\":{\"@id\":\"https:\/\/csp.ch\/vaud\/revue-de-presse\/#primaryimage\"},\"image\":{\"@id\":\"https:\/\/csp.ch\/vaud\/revue-de-presse\/#primaryimage\"},\"thumbnailUrl\":\"https:\/\/csp.ch\/wp-content\/uploads\/sites\/4\/2021\/04\/revue-de-presse-csp-vaud-copie.jpg\",\"datePublished\":\"2023-03-29T15:45:44+00:00\",\"dateModified\":\"2025-06-30T13:19:44+00:00\",\"breadcrumb\":{\"@id\":\"https:\/\/csp.ch\/vaud\/revue-de-presse\/#breadcrumb\"},\"inLanguage\":\"fr-FR\",\"potentialAction\":[{\"@type\":\"ReadAction\",\"target\":[\"https:\/\/csp.ch\/vaud\/revue-de-presse\/\"]}]},{\"@type\":\"ImageObject\",\"inLanguage\":\"fr-FR\",\"@id\":\"https:\/\/csp.ch\/vaud\/revue-de-presse\/#primaryimage\",\"url\":\"https:\/\/csp.ch\/wp-content\/uploads\/sites\/4\/2021\/04\/revue-de-presse-csp-vaud-copie.jpg\",\"contentUrl\":\"https:\/\/csp.ch\/wp-content\/uploads\/sites\/4\/2021\/04\/revue-de-presse-csp-vaud-copie.jpg\",\"width\":740,\"height\":330},{\"@type\":\"BreadcrumbList\",\"@id\":\"https:\/\/csp.ch\/vaud\/revue-de-presse\/#breadcrumb\",\"itemListElement\":[{\"@type\":\"ListItem\",\"position\":1,\"name\":\"Accueil\",\"item\":\"https:\/\/csp.ch\/vaud\/\"},{\"@type\":\"ListItem\",\"position\":2,\"name\":\"Revue de presse\"}]},{\"@type\":\"WebSite\",\"@id\":\"https:\/\/csp.ch\/vaud\/#website\",\"url\":\"https:\/\/csp.ch\/vaud\/\",\"name\":\"https:\/\/csp.ch\/vaud\/\",\"description\":\"\",\"publisher\":{\"@id\":\"https:\/\/csp.ch\/vaud\/#organization\"},\"potentialAction\":[{\"@type\":\"SearchAction\",\"target\":{\"@type\":\"EntryPoint\",\"urlTemplate\":\"https:\/\/csp.ch\/vaud\/?s={search_term_string}\"},\"query-input\":{\"@type\":\"PropertyValueSpecification\",\"valueRequired\":true,\"valueName\":\"search_term_string\"}}],\"inLanguage\":\"fr-FR\"},{\"@type\":\"Organization\",\"@id\":\"https:\/\/csp.ch\/vaud\/#organization\",\"name\":\"https:\/\/csp.ch\/vaud\/\",\"url\":\"https:\/\/csp.ch\/vaud\/\",\"logo\":{\"@type\":\"ImageObject\",\"inLanguage\":\"fr-FR\",\"@id\":\"https:\/\/csp.ch\/vaud\/#\/schema\/logo\/image\/\",\"url\":\"https:\/\/csp.ch\/wp-content\/uploads\/sites\/4\/2022\/11\/Logo-CSP-VD-RVB.OK_.jpg\",\"contentUrl\":\"https:\/\/csp.ch\/wp-content\/uploads\/sites\/4\/2022\/11\/Logo-CSP-VD-RVB.OK_.jpg\",\"width\":600,\"height\":306,\"caption\":\"https:\/\/csp.ch\/vaud\/\"},\"image\":{\"@id\":\"https:\/\/csp.ch\/vaud\/#\/schema\/logo\/image\/\"},\"sameAs\":[\"https:\/\/www.facebook.com\/CSPSuisse\",\"https:\/\/www.linkedin.com\/company\/csp-vaud\/mycompany\"]}]}<\/script>\n<!-- \/ Yoast SEO plugin. -->","yoast_head_json":{"title":"Revue de presse - CSP Vaud","robots":{"index":"index","follow":"follow","max-snippet":"max-snippet:-1","max-image-preview":"max-image-preview:large","max-video-preview":"max-video-preview:-1"},"canonical":"https:\/\/csp.ch\/vaud\/revue-de-presse\/","og_locale":"fr_FR","og_type":"article","og_title":"Revue de presse - CSP Vaud","og_description":"[vc_row][vc_column][vc_column_text css=\u00a0\u00bb\u00a0\u00bb]Les m\u00e9dias font r\u00e9guli\u00e8rement appel aux comp\u00e9tences du CSP Vaud pour d\u00e9crire les probl\u00e8mes sociaux rencontr\u00e9s. Ils se font l&rsquo;\u00e9cho des pr\u00e9occupations transmises lors de nos conf\u00e9rences de presse ou prises de position de l&rsquo;institution. Sa responsable politique sociale et recherche ainsi que les consultant\u00b7e\u00b7s r\u00e9pondent aux sollicitations des m\u00e9dias pour d\u00e9crire les r\u00e9alit\u00e9s [&hellip;]","og_url":"https:\/\/csp.ch\/vaud\/revue-de-presse\/","og_site_name":"CSP Vaud","article_publisher":"https:\/\/www.facebook.com\/CSPSuisse","article_modified_time":"2025-06-30T13:19:44+00:00","og_image":[{"width":740,"height":330,"url":"https:\/\/csp.ch\/wp-content\/uploads\/sites\/4\/2021\/04\/revue-de-presse-csp-vaud-copie.jpg","type":"image\/jpeg"}],"twitter_card":"summary_large_image","twitter_misc":{"Dur\u00e9e de lecture estim\u00e9e":"4 minutes"},"schema":{"@context":"https:\/\/schema.org","@graph":[{"@type":"WebPage","@id":"https:\/\/csp.ch\/vaud\/revue-de-presse\/","url":"https:\/\/csp.ch\/vaud\/revue-de-presse\/","name":"Revue de presse - CSP Vaud","isPartOf":{"@id":"https:\/\/csp.ch\/vaud\/#website"},"primaryImageOfPage":{"@id":"https:\/\/csp.ch\/vaud\/revue-de-presse\/#primaryimage"},"image":{"@id":"https:\/\/csp.ch\/vaud\/revue-de-presse\/#primaryimage"},"thumbnailUrl":"https:\/\/csp.ch\/wp-content\/uploads\/sites\/4\/2021\/04\/revue-de-presse-csp-vaud-copie.jpg","datePublished":"2023-03-29T15:45:44+00:00","dateModified":"2025-06-30T13:19:44+00:00","breadcrumb":{"@id":"https:\/\/csp.ch\/vaud\/revue-de-presse\/#breadcrumb"},"inLanguage":"fr-FR","potentialAction":[{"@type":"ReadAction","target":["https:\/\/csp.ch\/vaud\/revue-de-presse\/"]}]},{"@type":"ImageObject","inLanguage":"fr-FR","@id":"https:\/\/csp.ch\/vaud\/revue-de-presse\/#primaryimage","url":"https:\/\/csp.ch\/wp-content\/uploads\/sites\/4\/2021\/04\/revue-de-presse-csp-vaud-copie.jpg","contentUrl":"https:\/\/csp.ch\/wp-content\/uploads\/sites\/4\/2021\/04\/revue-de-presse-csp-vaud-copie.jpg","width":740,"height":330},{"@type":"BreadcrumbList","@id":"https:\/\/csp.ch\/vaud\/revue-de-presse\/#breadcrumb","itemListElement":[{"@type":"ListItem","position":1,"name":"Accueil","item":"https:\/\/csp.ch\/vaud\/"},{"@type":"ListItem","position":2,"name":"Revue de presse"}]},{"@type":"WebSite","@id":"https:\/\/csp.ch\/vaud\/#website","url":"https:\/\/csp.ch\/vaud\/","name":"https:\/\/csp.ch\/vaud\/","description":"","publisher":{"@id":"https:\/\/csp.ch\/vaud\/#organization"},"potentialAction":[{"@type":"SearchAction","target":{"@type":"EntryPoint","urlTemplate":"https:\/\/csp.ch\/vaud\/?s={search_term_string}"},"query-input":{"@type":"PropertyValueSpecification","valueRequired":true,"valueName":"search_term_string"}}],"inLanguage":"fr-FR"},{"@type":"Organization","@id":"https:\/\/csp.ch\/vaud\/#organization","name":"https:\/\/csp.ch\/vaud\/","url":"https:\/\/csp.ch\/vaud\/","logo":{"@type":"ImageObject","inLanguage":"fr-FR","@id":"https:\/\/csp.ch\/vaud\/#\/schema\/logo\/image\/","url":"https:\/\/csp.ch\/wp-content\/uploads\/sites\/4\/2022\/11\/Logo-CSP-VD-RVB.OK_.jpg","contentUrl":"https:\/\/csp.ch\/wp-content\/uploads\/sites\/4\/2022\/11\/Logo-CSP-VD-RVB.OK_.jpg","width":600,"height":306,"caption":"https:\/\/csp.ch\/vaud\/"},"image":{"@id":"https:\/\/csp.ch\/vaud\/#\/schema\/logo\/image\/"},"sameAs":["https:\/\/www.facebook.com\/CSPSuisse","https:\/\/www.linkedin.com\/company\/csp-vaud\/mycompany"]}]}},"_links":{"self":[{"href":"https:\/\/csp.ch\/vaud\/wp-json\/wp\/v2\/pages\/18343","targetHints":{"allow":["GET"]}}],"collection":[{"href":"https:\/\/csp.ch\/vaud\/wp-json\/wp\/v2\/pages"}],"about":[{"href":"https:\/\/csp.ch\/vaud\/wp-json\/wp\/v2\/types\/page"}],"author":[{"embeddable":true,"href":"https:\/\/csp.ch\/vaud\/wp-json\/wp\/v2\/users\/2"}],"replies":[{"embeddable":true,"href":"https:\/\/csp.ch\/vaud\/wp-json\/wp\/v2\/comments?post=18343"}],"version-history":[{"count":3,"href":"https:\/\/csp.ch\/vaud\/wp-json\/wp\/v2\/pages\/18343\/revisions"}],"predecessor-version":[{"id":25895,"href":"https:\/\/csp.ch\/vaud\/wp-json\/wp\/v2\/pages\/18343\/revisions\/25895"}],"wp:featuredmedia":[{"embeddable":true,"href":"https:\/\/csp.ch\/vaud\/wp-json\/wp\/v2\/media\/9665"}],"wp:attachment":[{"href":"https:\/\/csp.ch\/vaud\/wp-json\/wp\/v2\/media?parent=18343"}],"curies":[{"name":"wp","href":"https:\/\/api.w.org\/{rel}","templated":true}]}}