{"id":1806,"date":"2017-10-30T14:01:57","date_gmt":"2017-10-30T13:01:57","guid":{"rendered":"https:\/\/csp.ch\/vaud\/?page_id=1806"},"modified":"2025-10-13T11:46:44","modified_gmt":"2025-10-13T09:46:44","slug":"documents-cours-sur-argent-dettes-desendettement","status":"publish","type":"page","link":"https:\/\/csp.ch\/vaud\/formations\/documents-cours-sur-argent-dettes-desendettement\/","title":{"rendered":"<strong>Documentation <\/strong>du <strong>  cours <\/strong> \u00ab\u00a0Argent, dettes, d\u00e9sendettement\u00a0\u00bb"},"content":{"rendered":"","protected":true},"excerpt":{"rendered":"","protected":true},"author":2,"featured_media":668,"parent":44,"menu_order":0,"comment_status":"closed","ping_status":"closed","template":"","meta":{"_acf_changed":false,"footnotes":""},"class_list":["post-1806","page","type-page","status-publish","post-password-required","hentry"],"acf":[],"yoast_head":"<!-- This site is optimized with the Yoast SEO plugin v27.1.1 - https:\/\/yoast.com\/product\/yoast-seo-wordpress\/ -->\n<title>Documentation du  cours  &quot;Argent, dettes, d\u00e9sendettement&quot; - CSP Vaud<\/title>\n<meta name=\"description\" content=\"Cette page prot\u00e9g\u00e9e par mot de passe contient la documentation li\u00e9e au cours &quot;argent, dettes, d\u00e9sendettement&quot; du CSP Vaud.\" \/>\n<meta name=\"robots\" content=\"index, follow, max-snippet:-1, max-image-preview:large, max-video-preview:-1\" \/>\n<link rel=\"canonical\" href=\"https:\/\/csp.ch\/vaud\/formations\/documents-cours-sur-argent-dettes-desendettement\/\" \/>\n<meta property=\"og:locale\" content=\"fr_FR\" \/>\n<meta property=\"og:type\" content=\"article\" \/>\n<meta property=\"og:title\" content=\"Documentation du  cours  &quot;Argent, dettes, d\u00e9sendettement&quot; - CSP Vaud\" \/>\n<meta property=\"og:description\" content=\"Cette page prot\u00e9g\u00e9e par mot de passe contient la documentation li\u00e9e au cours &quot;argent, dettes, d\u00e9sendettement&quot; du CSP Vaud.\" \/>\n<meta property=\"og:url\" content=\"https:\/\/csp.ch\/vaud\/formations\/documents-cours-sur-argent-dettes-desendettement\/\" \/>\n<meta property=\"og:site_name\" content=\"CSP Vaud\" \/>\n<meta property=\"article:publisher\" content=\"https:\/\/www.facebook.com\/CSPSuisse\" \/>\n<meta property=\"article:modified_time\" content=\"2025-10-13T09:46:44+00:00\" \/>\n<meta name=\"twitter:card\" content=\"summary_large_image\" \/>\n<meta name=\"twitter:label1\" content=\"Dur\u00e9e de lecture estim\u00e9e\" \/>\n\t<meta name=\"twitter:data1\" content=\"2 minutes\" \/>\n<script type=\"application\/ld+json\" class=\"yoast-schema-graph\">{\"@context\":\"https:\/\/schema.org\",\"@graph\":[{\"@type\":\"WebPage\",\"@id\":\"https:\/\/csp.ch\/vaud\/formations\/documents-cours-sur-argent-dettes-desendettement\/\",\"url\":\"https:\/\/csp.ch\/vaud\/formations\/documents-cours-sur-argent-dettes-desendettement\/\",\"name\":\"Documentation du cours \\\"Argent, dettes, d\u00e9sendettement\\\" - CSP Vaud\",\"isPartOf\":{\"@id\":\"https:\/\/csp.ch\/vaud\/#website\"},\"datePublished\":\"2017-10-30T13:01:57+00:00\",\"dateModified\":\"2025-10-13T09:46:44+00:00\",\"breadcrumb\":{\"@id\":\"https:\/\/csp.ch\/vaud\/formations\/documents-cours-sur-argent-dettes-desendettement\/#breadcrumb\"},\"inLanguage\":\"fr-FR\"},{\"@type\":\"WebSite\",\"@id\":\"https:\/\/csp.ch\/vaud\/#website\",\"url\":\"https:\/\/csp.ch\/vaud\/\",\"name\":\"https:\/\/csp.ch\/vaud\/\",\"description\":\"\",\"publisher\":{\"@id\":\"https:\/\/csp.ch\/vaud\/#organization\"},\"potentialAction\":[{\"@type\":\"SearchAction\",\"target\":{\"@type\":\"EntryPoint\",\"urlTemplate\":\"https:\/\/csp.ch\/vaud\/?s={search_term_string}\"},\"query-input\":{\"@type\":\"PropertyValueSpecification\",\"valueRequired\":true,\"valueName\":\"search_term_string\"}}],\"inLanguage\":\"fr-FR\"},{\"@type\":\"Organization\",\"@id\":\"https:\/\/csp.ch\/vaud\/#organization\",\"name\":\"https:\/\/csp.ch\/vaud\/\",\"url\":\"https:\/\/csp.ch\/vaud\/\",\"logo\":{\"@type\":\"ImageObject\",\"inLanguage\":\"fr-FR\",\"@id\":\"https:\/\/csp.ch\/vaud\/#\/schema\/logo\/image\/\",\"url\":\"https:\/\/csp.ch\/wp-content\/uploads\/sites\/4\/2022\/11\/Logo-CSP-VD-RVB.OK_.jpg\",\"contentUrl\":\"https:\/\/csp.ch\/wp-content\/uploads\/sites\/4\/2022\/11\/Logo-CSP-VD-RVB.OK_.jpg\",\"width\":600,\"height\":306,\"caption\":\"https:\/\/csp.ch\/vaud\/\"},\"image\":{\"@id\":\"https:\/\/csp.ch\/vaud\/#\/schema\/logo\/image\/\"},\"sameAs\":[\"https:\/\/www.facebook.com\/CSPSuisse\",\"https:\/\/www.linkedin.com\/company\/csp-vaud\/mycompany\"]}]}<\/script>\n<!-- \/ Yoast SEO plugin. -->","yoast_head_json":{"title":"Documentation du  cours  \"Argent, dettes, d\u00e9sendettement\" - CSP Vaud","description":"Cette page prot\u00e9g\u00e9e par mot de passe contient la documentation li\u00e9e au cours \"argent, dettes, d\u00e9sendettement\" du CSP Vaud.","robots":{"index":"index","follow":"follow","max-snippet":"max-snippet:-1","max-image-preview":"max-image-preview:large","max-video-preview":"max-video-preview:-1"},"canonical":"https:\/\/csp.ch\/vaud\/formations\/documents-cours-sur-argent-dettes-desendettement\/","og_locale":"fr_FR","og_type":"article","og_title":"Documentation du  cours  \"Argent, dettes, d\u00e9sendettement\" - CSP Vaud","og_description":"Cette page prot\u00e9g\u00e9e par mot de passe contient la documentation li\u00e9e au cours \"argent, dettes, d\u00e9sendettement\" du CSP Vaud.","og_url":"https:\/\/csp.ch\/vaud\/formations\/documents-cours-sur-argent-dettes-desendettement\/","og_site_name":"CSP Vaud","article_publisher":"https:\/\/www.facebook.com\/CSPSuisse","article_modified_time":"2025-10-13T09:46:44+00:00","twitter_card":"summary_large_image","twitter_misc":{"Dur\u00e9e de lecture estim\u00e9e":"2 minutes"},"schema":{"@context":"https:\/\/schema.org","@graph":[{"@type":"WebPage","@id":"https:\/\/csp.ch\/vaud\/formations\/documents-cours-sur-argent-dettes-desendettement\/","url":"https:\/\/csp.ch\/vaud\/formations\/documents-cours-sur-argent-dettes-desendettement\/","name":"Documentation du cours \"Argent, dettes, d\u00e9sendettement\" - CSP Vaud","isPartOf":{"@id":"https:\/\/csp.ch\/vaud\/#website"},"datePublished":"2017-10-30T13:01:57+00:00","dateModified":"2025-10-13T09:46:44+00:00","breadcrumb":{"@id":"https:\/\/csp.ch\/vaud\/formations\/documents-cours-sur-argent-dettes-desendettement\/#breadcrumb"},"inLanguage":"fr-FR"},{"@type":"WebSite","@id":"https:\/\/csp.ch\/vaud\/#website","url":"https:\/\/csp.ch\/vaud\/","name":"https:\/\/csp.ch\/vaud\/","description":"","publisher":{"@id":"https:\/\/csp.ch\/vaud\/#organization"},"potentialAction":[{"@type":"SearchAction","target":{"@type":"EntryPoint","urlTemplate":"https:\/\/csp.ch\/vaud\/?s={search_term_string}"},"query-input":{"@type":"PropertyValueSpecification","valueRequired":true,"valueName":"search_term_string"}}],"inLanguage":"fr-FR"},{"@type":"Organization","@id":"https:\/\/csp.ch\/vaud\/#organization","name":"https:\/\/csp.ch\/vaud\/","url":"https:\/\/csp.ch\/vaud\/","logo":{"@type":"ImageObject","inLanguage":"fr-FR","@id":"https:\/\/csp.ch\/vaud\/#\/schema\/logo\/image\/","url":"https:\/\/csp.ch\/wp-content\/uploads\/sites\/4\/2022\/11\/Logo-CSP-VD-RVB.OK_.jpg","contentUrl":"https:\/\/csp.ch\/wp-content\/uploads\/sites\/4\/2022\/11\/Logo-CSP-VD-RVB.OK_.jpg","width":600,"height":306,"caption":"https:\/\/csp.ch\/vaud\/"},"image":{"@id":"https:\/\/csp.ch\/vaud\/#\/schema\/logo\/image\/"},"sameAs":["https:\/\/www.facebook.com\/CSPSuisse","https:\/\/www.linkedin.com\/company\/csp-vaud\/mycompany"]}]}},"_links":{"self":[{"href":"https:\/\/csp.ch\/vaud\/wp-json\/wp\/v2\/pages\/1806","targetHints":{"allow":["GET"]}}],"collection":[{"href":"https:\/\/csp.ch\/vaud\/wp-json\/wp\/v2\/pages"}],"about":[{"href":"https:\/\/csp.ch\/vaud\/wp-json\/wp\/v2\/types\/page"}],"author":[{"embeddable":true,"href":"https:\/\/csp.ch\/vaud\/wp-json\/wp\/v2\/users\/2"}],"replies":[{"embeddable":true,"href":"https:\/\/csp.ch\/vaud\/wp-json\/wp\/v2\/comments?post=1806"}],"version-history":[{"count":3,"href":"https:\/\/csp.ch\/vaud\/wp-json\/wp\/v2\/pages\/1806\/revisions"}],"predecessor-version":[{"id":27056,"href":"https:\/\/csp.ch\/vaud\/wp-json\/wp\/v2\/pages\/1806\/revisions\/27056"}],"up":[{"embeddable":true,"href":"https:\/\/csp.ch\/vaud\/wp-json\/wp\/v2\/pages\/44"}],"wp:featuredmedia":[{"embeddable":true,"href":"https:\/\/csp.ch\/vaud\/wp-json\/wp\/v2\/media\/668"}],"wp:attachment":[{"href":"https:\/\/csp.ch\/vaud\/wp-json\/wp\/v2\/media?parent=1806"}],"curies":[{"name":"wp","href":"https:\/\/api.w.org\/{rel}","templated":true}]}}