{"id":172,"date":"2015-08-27T13:05:15","date_gmt":"2015-08-27T12:05:15","guid":{"rendered":"https:\/\/csp.ch\/vd\/?page_id=172"},"modified":"2024-07-01T12:59:28","modified_gmt":"2024-07-01T10:59:28","slug":"le-journal","status":"publish","type":"page","link":"https:\/\/csp.ch\/vaud\/le-journal\/","title":{"rendered":"Le journal du <strong>CSP Vaud<\/strong>"},"content":{"rendered":"<div class=\"wpb-content-wrapper\"><p>[vc_row][vc_column][vc_column_text]Les <em>Nouvelles<\/em> vous informe quatre fois par ann\u00e9e sur les actions men\u00e9es par les services, et sur l\u2019aide concr\u00e8te apport\u00e9e aux personnes. Il pr\u00e9sente des dossiers en lien avec l\u2019actualit\u00e9 sociale et les pr\u00e9occupations des professionnel\u00b7le\u00b7s, mettant en lumi\u00e8re les probl\u00e8mes rencontr\u00e9s par les usagers et les usag\u00e8res.<\/p>\n<blockquote><p>Les <em>Nouvelles<\/em> sont envoy\u00e9es \u00e0 tous les donateurs et toutes les donatrices ainsi qu\u2019au r\u00e9seau social et politique.<\/p><\/blockquote>\n<p>&nbsp;<\/p>\n<p><strong>Vous pouvez t\u00e9l\u00e9charger les num\u00e9ros ci dessous en cliquant sur les images de couverture.<\/strong>\u00a0 (Les num\u00e9ros plus anciens se trouvent sur une page d&rsquo;<a href=\"https:\/\/csp.ch\/vaud\/le-journal\/archives-journal-nouvelles\/\">archives<\/a>.)[\/vc_column_text][\/vc_column][\/vc_row]<\/p>\n<\/div>","protected":false},"excerpt":{"rendered":"<p>[vc_row][vc_column][vc_column_text]Les Nouvelles vous informe quatre fois par ann\u00e9e sur les actions men\u00e9es par les services, et sur l\u2019aide concr\u00e8te apport\u00e9e aux personnes. Il pr\u00e9sente des dossiers en lien avec l\u2019actualit\u00e9 sociale et les pr\u00e9occupations des professionnel\u00b7le\u00b7s, mettant en lumi\u00e8re les probl\u00e8mes rencontr\u00e9s par les usagers et les usag\u00e8res. Les Nouvelles sont envoy\u00e9es \u00e0 tous les [&hellip;]<\/p>\n","protected":false},"author":1,"featured_media":22300,"parent":0,"menu_order":0,"comment_status":"closed","ping_status":"closed","template":"archive-journaux.php","meta":{"_acf_changed":false,"footnotes":""},"class_list":["post-172","page","type-page","status-publish","has-post-thumbnail","hentry"],"acf":[],"yoast_head":"<!-- This site is optimized with the Yoast SEO plugin v27.1.1 - https:\/\/yoast.com\/product\/yoast-seo-wordpress\/ -->\n<title>Les Nouvelles, le journal trimestriel du Centre social protestant<\/title>\n<meta name=\"description\" content=\"Les Nouvelles du CSP Vaud vous informe quatre fois par ann\u00e9e sur les actions men\u00e9es par les services, l\u2019aide apport\u00e9e aux personnes.\" \/>\n<meta name=\"robots\" content=\"index, follow, max-snippet:-1, max-image-preview:large, max-video-preview:-1\" \/>\n<link rel=\"canonical\" href=\"https:\/\/csp.ch\/vaud\/le-journal\/\" \/>\n<meta property=\"og:locale\" content=\"fr_FR\" \/>\n<meta property=\"og:type\" content=\"article\" \/>\n<meta property=\"og:title\" content=\"Les Nouvelles, le journal trimestriel du Centre social protestant\" \/>\n<meta property=\"og:description\" content=\"Les Nouvelles du CSP Vaud vous informe quatre fois par ann\u00e9e sur les actions men\u00e9es par les services, l\u2019aide apport\u00e9e aux personnes.\" \/>\n<meta property=\"og:url\" content=\"https:\/\/csp.ch\/vaud\/le-journal\/\" \/>\n<meta property=\"og:site_name\" content=\"CSP Vaud\" \/>\n<meta property=\"article:publisher\" content=\"https:\/\/www.facebook.com\/CSPSuisse\" \/>\n<meta property=\"article:modified_time\" content=\"2024-07-01T10:59:28+00:00\" \/>\n<meta property=\"og:image\" content=\"https:\/\/csp.ch\/wp-content\/uploads\/sites\/4\/2024\/07\/Couv.-2024.04_CSP_Lausanne\u00a9LGessler7U2A0419-copie.jpg\" \/>\n\t<meta property=\"og:image:width\" content=\"1329\" \/>\n\t<meta property=\"og:image:height\" content=\"886\" \/>\n\t<meta property=\"og:image:type\" content=\"image\/jpeg\" \/>\n<meta name=\"twitter:card\" content=\"summary_large_image\" \/>\n<meta name=\"twitter:label1\" content=\"Dur\u00e9e de lecture estim\u00e9e\" \/>\n\t<meta name=\"twitter:data1\" content=\"1 minute\" \/>\n<script type=\"application\/ld+json\" class=\"yoast-schema-graph\">{\"@context\":\"https:\/\/schema.org\",\"@graph\":[{\"@type\":\"WebPage\",\"@id\":\"https:\/\/csp.ch\/vaud\/le-journal\/\",\"url\":\"https:\/\/csp.ch\/vaud\/le-journal\/\",\"name\":\"Les Nouvelles, le journal trimestriel du Centre social protestant\",\"isPartOf\":{\"@id\":\"https:\/\/csp.ch\/vaud\/#website\"},\"primaryImageOfPage\":{\"@id\":\"https:\/\/csp.ch\/vaud\/le-journal\/#primaryimage\"},\"image\":{\"@id\":\"https:\/\/csp.ch\/vaud\/le-journal\/#primaryimage\"},\"thumbnailUrl\":\"https:\/\/csp.ch\/wp-content\/uploads\/sites\/4\/2024\/07\/Couv.-2024.04_CSP_Lausanne\u00a9LGessler7U2A0419-copie.jpg\",\"datePublished\":\"2015-08-27T12:05:15+00:00\",\"dateModified\":\"2024-07-01T10:59:28+00:00\",\"description\":\"Les Nouvelles du CSP Vaud vous informe quatre fois par ann\u00e9e sur les actions men\u00e9es par les services, l\u2019aide apport\u00e9e aux personnes.\",\"breadcrumb\":{\"@id\":\"https:\/\/csp.ch\/vaud\/le-journal\/#breadcrumb\"},\"inLanguage\":\"fr-FR\",\"potentialAction\":[{\"@type\":\"ReadAction\",\"target\":[\"https:\/\/csp.ch\/vaud\/le-journal\/\"]}]},{\"@type\":\"ImageObject\",\"inLanguage\":\"fr-FR\",\"@id\":\"https:\/\/csp.ch\/vaud\/le-journal\/#primaryimage\",\"url\":\"https:\/\/csp.ch\/wp-content\/uploads\/sites\/4\/2024\/07\/Couv.-2024.04_CSP_Lausanne\u00a9LGessler7U2A0419-copie.jpg\",\"contentUrl\":\"https:\/\/csp.ch\/wp-content\/uploads\/sites\/4\/2024\/07\/Couv.-2024.04_CSP_Lausanne\u00a9LGessler7U2A0419-copie.jpg\",\"width\":1329,\"height\":886,\"caption\":\"60 ans de soutien aux personnes immigr\u00e9es- La Fraternit\u00e9 du CSP Vaud\"},{\"@type\":\"BreadcrumbList\",\"@id\":\"https:\/\/csp.ch\/vaud\/le-journal\/#breadcrumb\",\"itemListElement\":[{\"@type\":\"ListItem\",\"position\":1,\"name\":\"Accueil\",\"item\":\"https:\/\/csp.ch\/vaud\/\"},{\"@type\":\"ListItem\",\"position\":2,\"name\":\"Le journal du CSP Vaud\"}]},{\"@type\":\"WebSite\",\"@id\":\"https:\/\/csp.ch\/vaud\/#website\",\"url\":\"https:\/\/csp.ch\/vaud\/\",\"name\":\"https:\/\/csp.ch\/vaud\/\",\"description\":\"\",\"publisher\":{\"@id\":\"https:\/\/csp.ch\/vaud\/#organization\"},\"potentialAction\":[{\"@type\":\"SearchAction\",\"target\":{\"@type\":\"EntryPoint\",\"urlTemplate\":\"https:\/\/csp.ch\/vaud\/?s={search_term_string}\"},\"query-input\":{\"@type\":\"PropertyValueSpecification\",\"valueRequired\":true,\"valueName\":\"search_term_string\"}}],\"inLanguage\":\"fr-FR\"},{\"@type\":\"Organization\",\"@id\":\"https:\/\/csp.ch\/vaud\/#organization\",\"name\":\"https:\/\/csp.ch\/vaud\/\",\"url\":\"https:\/\/csp.ch\/vaud\/\",\"logo\":{\"@type\":\"ImageObject\",\"inLanguage\":\"fr-FR\",\"@id\":\"https:\/\/csp.ch\/vaud\/#\/schema\/logo\/image\/\",\"url\":\"https:\/\/csp.ch\/wp-content\/uploads\/sites\/4\/2022\/11\/Logo-CSP-VD-RVB.OK_.jpg\",\"contentUrl\":\"https:\/\/csp.ch\/wp-content\/uploads\/sites\/4\/2022\/11\/Logo-CSP-VD-RVB.OK_.jpg\",\"width\":600,\"height\":306,\"caption\":\"https:\/\/csp.ch\/vaud\/\"},\"image\":{\"@id\":\"https:\/\/csp.ch\/vaud\/#\/schema\/logo\/image\/\"},\"sameAs\":[\"https:\/\/www.facebook.com\/CSPSuisse\",\"https:\/\/www.linkedin.com\/company\/csp-vaud\/mycompany\"]}]}<\/script>\n<!-- \/ Yoast SEO plugin. -->","yoast_head_json":{"title":"Les Nouvelles, le journal trimestriel du Centre social protestant","description":"Les Nouvelles du CSP Vaud vous informe quatre fois par ann\u00e9e sur les actions men\u00e9es par les services, l\u2019aide apport\u00e9e aux personnes.","robots":{"index":"index","follow":"follow","max-snippet":"max-snippet:-1","max-image-preview":"max-image-preview:large","max-video-preview":"max-video-preview:-1"},"canonical":"https:\/\/csp.ch\/vaud\/le-journal\/","og_locale":"fr_FR","og_type":"article","og_title":"Les Nouvelles, le journal trimestriel du Centre social protestant","og_description":"Les Nouvelles du CSP Vaud vous informe quatre fois par ann\u00e9e sur les actions men\u00e9es par les services, l\u2019aide apport\u00e9e aux personnes.","og_url":"https:\/\/csp.ch\/vaud\/le-journal\/","og_site_name":"CSP Vaud","article_publisher":"https:\/\/www.facebook.com\/CSPSuisse","article_modified_time":"2024-07-01T10:59:28+00:00","og_image":[{"width":1329,"height":886,"url":"https:\/\/csp.ch\/wp-content\/uploads\/sites\/4\/2024\/07\/Couv.-2024.04_CSP_Lausanne\u00a9LGessler7U2A0419-copie.jpg","type":"image\/jpeg"}],"twitter_card":"summary_large_image","twitter_misc":{"Dur\u00e9e de lecture estim\u00e9e":"1 minute"},"schema":{"@context":"https:\/\/schema.org","@graph":[{"@type":"WebPage","@id":"https:\/\/csp.ch\/vaud\/le-journal\/","url":"https:\/\/csp.ch\/vaud\/le-journal\/","name":"Les Nouvelles, le journal trimestriel du Centre social protestant","isPartOf":{"@id":"https:\/\/csp.ch\/vaud\/#website"},"primaryImageOfPage":{"@id":"https:\/\/csp.ch\/vaud\/le-journal\/#primaryimage"},"image":{"@id":"https:\/\/csp.ch\/vaud\/le-journal\/#primaryimage"},"thumbnailUrl":"https:\/\/csp.ch\/wp-content\/uploads\/sites\/4\/2024\/07\/Couv.-2024.04_CSP_Lausanne\u00a9LGessler7U2A0419-copie.jpg","datePublished":"2015-08-27T12:05:15+00:00","dateModified":"2024-07-01T10:59:28+00:00","description":"Les Nouvelles du CSP Vaud vous informe quatre fois par ann\u00e9e sur les actions men\u00e9es par les services, l\u2019aide apport\u00e9e aux personnes.","breadcrumb":{"@id":"https:\/\/csp.ch\/vaud\/le-journal\/#breadcrumb"},"inLanguage":"fr-FR","potentialAction":[{"@type":"ReadAction","target":["https:\/\/csp.ch\/vaud\/le-journal\/"]}]},{"@type":"ImageObject","inLanguage":"fr-FR","@id":"https:\/\/csp.ch\/vaud\/le-journal\/#primaryimage","url":"https:\/\/csp.ch\/wp-content\/uploads\/sites\/4\/2024\/07\/Couv.-2024.04_CSP_Lausanne\u00a9LGessler7U2A0419-copie.jpg","contentUrl":"https:\/\/csp.ch\/wp-content\/uploads\/sites\/4\/2024\/07\/Couv.-2024.04_CSP_Lausanne\u00a9LGessler7U2A0419-copie.jpg","width":1329,"height":886,"caption":"60 ans de soutien aux personnes immigr\u00e9es- La Fraternit\u00e9 du CSP Vaud"},{"@type":"BreadcrumbList","@id":"https:\/\/csp.ch\/vaud\/le-journal\/#breadcrumb","itemListElement":[{"@type":"ListItem","position":1,"name":"Accueil","item":"https:\/\/csp.ch\/vaud\/"},{"@type":"ListItem","position":2,"name":"Le journal du CSP Vaud"}]},{"@type":"WebSite","@id":"https:\/\/csp.ch\/vaud\/#website","url":"https:\/\/csp.ch\/vaud\/","name":"https:\/\/csp.ch\/vaud\/","description":"","publisher":{"@id":"https:\/\/csp.ch\/vaud\/#organization"},"potentialAction":[{"@type":"SearchAction","target":{"@type":"EntryPoint","urlTemplate":"https:\/\/csp.ch\/vaud\/?s={search_term_string}"},"query-input":{"@type":"PropertyValueSpecification","valueRequired":true,"valueName":"search_term_string"}}],"inLanguage":"fr-FR"},{"@type":"Organization","@id":"https:\/\/csp.ch\/vaud\/#organization","name":"https:\/\/csp.ch\/vaud\/","url":"https:\/\/csp.ch\/vaud\/","logo":{"@type":"ImageObject","inLanguage":"fr-FR","@id":"https:\/\/csp.ch\/vaud\/#\/schema\/logo\/image\/","url":"https:\/\/csp.ch\/wp-content\/uploads\/sites\/4\/2022\/11\/Logo-CSP-VD-RVB.OK_.jpg","contentUrl":"https:\/\/csp.ch\/wp-content\/uploads\/sites\/4\/2022\/11\/Logo-CSP-VD-RVB.OK_.jpg","width":600,"height":306,"caption":"https:\/\/csp.ch\/vaud\/"},"image":{"@id":"https:\/\/csp.ch\/vaud\/#\/schema\/logo\/image\/"},"sameAs":["https:\/\/www.facebook.com\/CSPSuisse","https:\/\/www.linkedin.com\/company\/csp-vaud\/mycompany"]}]}},"_links":{"self":[{"href":"https:\/\/csp.ch\/vaud\/wp-json\/wp\/v2\/pages\/172","targetHints":{"allow":["GET"]}}],"collection":[{"href":"https:\/\/csp.ch\/vaud\/wp-json\/wp\/v2\/pages"}],"about":[{"href":"https:\/\/csp.ch\/vaud\/wp-json\/wp\/v2\/types\/page"}],"author":[{"embeddable":true,"href":"https:\/\/csp.ch\/vaud\/wp-json\/wp\/v2\/users\/1"}],"replies":[{"embeddable":true,"href":"https:\/\/csp.ch\/vaud\/wp-json\/wp\/v2\/comments?post=172"}],"version-history":[{"count":9,"href":"https:\/\/csp.ch\/vaud\/wp-json\/wp\/v2\/pages\/172\/revisions"}],"predecessor-version":[{"id":13496,"href":"https:\/\/csp.ch\/vaud\/wp-json\/wp\/v2\/pages\/172\/revisions\/13496"}],"wp:featuredmedia":[{"embeddable":true,"href":"https:\/\/csp.ch\/vaud\/wp-json\/wp\/v2\/media\/22300"}],"wp:attachment":[{"href":"https:\/\/csp.ch\/vaud\/wp-json\/wp\/v2\/media?parent=172"}],"curies":[{"name":"wp","href":"https:\/\/api.w.org\/{rel}","templated":true}]}}