{"id":167,"date":"2015-08-27T10:16:49","date_gmt":"2015-08-27T09:16:49","guid":{"rendered":"https:\/\/csp.ch\/vd\/?page_id=167"},"modified":"2025-06-16T15:25:32","modified_gmt":"2025-06-16T13:25:32","slug":"rapports-dactivites","status":"publish","type":"page","link":"https:\/\/csp.ch\/vaud\/rapports-dactivites\/","title":{"rendered":"<strong>rapports <\/strong>d&rsquo;activit\u00e9s<\/strong>"},"content":{"rendered":"<div class=\"wpb-content-wrapper\"><p>[vc_row][vc_column][vc_column_text]<strong>N&rsquo;h\u00e9sitez pas \u00e0 nous contacter si vous souhaitez des renseignements compl\u00e9mentaires sur le CSP Vaud. Vous pouvez aussi nous demander l&rsquo;envoi des rapports dans leur version papier.<\/strong>[\/vc_column_text][vc_tta_accordion style=\u00a0\u00bbflat\u00a0\u00bb active_section=\u00a0\u00bb0&Prime; no_fill=\u00a0\u00bbtrue\u00a0\u00bb collapsible_all=\u00a0\u00bbtrue\u00a0\u00bb][vc_tta_section title=\u00a0\u00bbContactez notre service de la communication\u00a0\u00bb tab_id=\u00a0\u00bb1441267074630-aa8f8b09-62ca\u00a0\u00bb][vc_column_text]CSP Vaud<br \/>\nBeau-S\u00e9jour 28<br \/>\n1003 Lausanne<br \/>\n<a href=\"&#x6d;&#x61;&#105;&#108;t&#x6f;&#x3a;&#x63;&#111;&#109;&#64;&#x63;&#x73;&#x70;&#45;&#118;d&#x2e;&#x63;&#x68;\">Contactez-nous par email<br \/>\n<\/a>[\/vc_column_text][\/vc_tta_section][\/vc_tta_accordion][vc_column_text css=\u00a0\u00bb\u00a0\u00bb]<\/p>\n<h4>Rapports d&rsquo;activit\u00e9s<\/h4>\n<p><a href=\"https:\/\/csp.ch\/wp-content\/uploads\/sites\/4\/2025\/06\/Rapport_activites_2024_CSP-Vaud.pdf\" target=\"_blank\" rel=\"noopener\">Rapport d&rsquo;activit\u00e9s 2024<\/a><\/p>\n<p><a href=\"https:\/\/csp.ch\/wp-content\/uploads\/sites\/4\/2024\/05\/CSPVaud-RA-2023-WEB-FIN.pdf\" target=\"_blank\" rel=\"noopener\">Rapport d&rsquo;activit\u00e9s 2023<\/a><\/p>\n<p><a href=\"https:\/\/csp.ch\/wp-content\/uploads\/sites\/4\/2023\/06\/CSP-RA-2022-FIN-DEF-21.06.23-WEB.pdf\">Rapport d&rsquo;activit\u00e9s 2022<\/a><\/p>\n<p><a href=\"https:\/\/csp.ch\/vaud\/wp-content\/uploads\/sites\/4\/2022\/05\/CSPVaud-RA-2021-def-WEB.pdf\">Rapport d&rsquo;activit\u00e9s 2021<\/a><\/p>\n<p><a href=\"https:\/\/csp.ch\/vaud\/wp-content\/uploads\/sites\/4\/2021\/05\/CSP-vaud-rapport-activites-2020-web.pdf\">Rapport d&rsquo;activit\u00e9s 2020<\/a><\/p>\n<p><a href=\"https:\/\/csp.ch\/vaud\/wp-content\/uploads\/sites\/4\/2021\/05\/Rapport-Covid-19-et-crise-sociale-lengagement-du-CSP-Vaud-en-2020-v.web-30-04-2021.pdf\" target=\"blank\" rel=\"noopener\"><span class=\"post-title\">Rapport Covid-19 et crise sociale, 2020<\/span><\/a><\/p>\n<p><a href=\"https:\/\/csp.ch\/vaud\/wp-content\/uploads\/sites\/4\/2020\/06\/CSP-Vaud-rapport-activites-2019-web.pdf\">Rapport d&rsquo;activit\u00e9s 2019<\/a>[\/vc_column_text][\/vc_column][\/vc_row][vc_row][vc_column][vc_tta_accordion active_section=\u00a0\u00bb1&Prime; no_fill=\u00a0\u00bbtrue\u00a0\u00bb][vc_tta_section title=\u00a0\u00bbRapports d&rsquo;activit\u00e9s plus anciens\u00a0\u00bb tab_id=\u00a0\u00bb1718097143363-1fb47837-73e3&Prime;][vc_column_text]<a href=\"https:\/\/csp.ch\/vaud\/wp-content\/uploads\/sites\/4\/2022\/03\/CSP-303-011904_RA-2018-WEB.pdf\">Rapport d&rsquo;activit\u00e9s 2018<\/a><\/p>\n<p><a href=\"https:\/\/csp.ch\/vaud\/wp-content\/uploads\/sites\/4\/2018\/06\/CSP-0917-01_RA-2017.pdf\">Rapport d&rsquo;activit\u00e9s 2017<\/a><\/p>\n<p><a href=\"https:\/\/csp.ch\/vaud\/wp-content\/uploads\/sites\/4\/2017\/07\/CSP_RA_2016_final.pdf\">Rapport d&rsquo;activit\u00e9s 2016<\/a><\/p>\n<p><a href=\"https:\/\/csp.ch\/vaud\/wp-content\/uploads\/sites\/4\/2016\/09\/CSP-0547_RAcourt2015-Orange_final.pdf\">Rapport d&rsquo;activit\u00e9s court 2015<\/a><\/p>\n<p><a href=\"https:\/\/csp.ch\/vaud\/wp-content\/uploads\/sites\/4\/2016\/05\/CSP-0518_RA-long_2015_Version_Finale.pdf\">Rapport d&rsquo;activit\u00e9s 2015<\/a>[\/vc_column_text][\/vc_tta_section][\/vc_tta_accordion][\/vc_column][\/vc_row]<\/p>\n<\/div>","protected":false},"excerpt":{"rendered":"<p>[vc_row][vc_column][vc_column_text]N&rsquo;h\u00e9sitez pas \u00e0 nous contacter si vous souhaitez des renseignements compl\u00e9mentaires sur le CSP Vaud. Vous pouvez aussi nous demander l&rsquo;envoi des rapports dans leur version papier.[\/vc_column_text][vc_tta_accordion style=\u00a0\u00bbflat\u00a0\u00bb active_section=\u00a0\u00bb0&Prime; no_fill=\u00a0\u00bbtrue\u00a0\u00bb collapsible_all=\u00a0\u00bbtrue\u00a0\u00bb][vc_tta_section title=\u00a0\u00bbContactez notre service de la communication\u00a0\u00bb tab_id=\u00a0\u00bb1441267074630-aa8f8b09-62ca\u00a0\u00bb][vc_column_text]CSP Vaud Beau-S\u00e9jour 28 1003 Lausanne Contactez-nous par email [\/vc_column_text][\/vc_tta_section][\/vc_tta_accordion][vc_column_text css=\u00a0\u00bb\u00a0\u00bb] Rapports d&rsquo;activit\u00e9s Rapport d&rsquo;activit\u00e9s 2024 Rapport d&rsquo;activit\u00e9s [&hellip;]<\/p>\n","protected":false},"author":1,"featured_media":596,"parent":0,"menu_order":0,"comment_status":"closed","ping_status":"closed","template":"","meta":{"_acf_changed":false,"footnotes":""},"class_list":["post-167","page","type-page","status-publish","has-post-thumbnail","hentry"],"acf":[],"yoast_head":"<!-- This site is optimized with the Yoast SEO plugin v27.1.1 - https:\/\/yoast.com\/product\/yoast-seo-wordpress\/ -->\n<title>Rapports d&#039;activit\u00e9s du Centre social protestant VAud<\/title>\n<meta name=\"description\" content=\"Les rapports de l&#039;activit\u00e9s pr\u00e9sentent les secteurs de consultation du CSP en d\u00e9tail, y compris les statistiques du nombre de personnes re\u00e7ues.\" \/>\n<meta name=\"robots\" content=\"index, follow, max-snippet:-1, max-image-preview:large, max-video-preview:-1\" \/>\n<link rel=\"canonical\" href=\"https:\/\/csp.ch\/vaud\/rapports-dactivites\/\" \/>\n<meta property=\"og:locale\" content=\"fr_FR\" \/>\n<meta property=\"og:type\" content=\"article\" \/>\n<meta property=\"og:title\" content=\"Rapports d&#039;activit\u00e9s du Centre social protestant VAud\" \/>\n<meta property=\"og:description\" content=\"Les rapports de l&#039;activit\u00e9s pr\u00e9sentent les secteurs de consultation du CSP en d\u00e9tail, y compris les statistiques du nombre de personnes re\u00e7ues.\" \/>\n<meta property=\"og:url\" content=\"https:\/\/csp.ch\/vaud\/rapports-dactivites\/\" \/>\n<meta property=\"og:site_name\" content=\"CSP Vaud\" \/>\n<meta property=\"article:publisher\" content=\"https:\/\/www.facebook.com\/CSPSuisse\" \/>\n<meta property=\"article:modified_time\" content=\"2025-06-16T13:25:32+00:00\" \/>\n<meta property=\"og:image\" content=\"https:\/\/csp.ch\/wp-content\/uploads\/sites\/4\/2015\/08\/20150914\u00a9CSP-VD_RebeccaBowring3363.jpg\" \/>\n\t<meta property=\"og:image:width\" content=\"2000\" \/>\n\t<meta property=\"og:image:height\" content=\"1333\" \/>\n\t<meta property=\"og:image:type\" content=\"image\/jpeg\" \/>\n<meta name=\"twitter:card\" content=\"summary_large_image\" \/>\n<meta name=\"twitter:label1\" content=\"Dur\u00e9e de lecture estim\u00e9e\" \/>\n\t<meta name=\"twitter:data1\" content=\"1 minute\" \/>\n<script type=\"application\/ld+json\" class=\"yoast-schema-graph\">{\"@context\":\"https:\/\/schema.org\",\"@graph\":[{\"@type\":\"WebPage\",\"@id\":\"https:\/\/csp.ch\/vaud\/rapports-dactivites\/\",\"url\":\"https:\/\/csp.ch\/vaud\/rapports-dactivites\/\",\"name\":\"Rapports d'activit\u00e9s du Centre social protestant VAud\",\"isPartOf\":{\"@id\":\"https:\/\/csp.ch\/vaud\/#website\"},\"primaryImageOfPage\":{\"@id\":\"https:\/\/csp.ch\/vaud\/rapports-dactivites\/#primaryimage\"},\"image\":{\"@id\":\"https:\/\/csp.ch\/vaud\/rapports-dactivites\/#primaryimage\"},\"thumbnailUrl\":\"https:\/\/csp.ch\/wp-content\/uploads\/sites\/4\/2015\/08\/20150914\u00a9CSP-VD_RebeccaBowring3363.jpg\",\"datePublished\":\"2015-08-27T09:16:49+00:00\",\"dateModified\":\"2025-06-16T13:25:32+00:00\",\"description\":\"Les rapports de l'activit\u00e9s pr\u00e9sentent les secteurs de consultation du CSP en d\u00e9tail, y compris les statistiques du nombre de personnes re\u00e7ues.\",\"breadcrumb\":{\"@id\":\"https:\/\/csp.ch\/vaud\/rapports-dactivites\/#breadcrumb\"},\"inLanguage\":\"fr-FR\",\"potentialAction\":[{\"@type\":\"ReadAction\",\"target\":[\"https:\/\/csp.ch\/vaud\/rapports-dactivites\/\"]}]},{\"@type\":\"ImageObject\",\"inLanguage\":\"fr-FR\",\"@id\":\"https:\/\/csp.ch\/vaud\/rapports-dactivites\/#primaryimage\",\"url\":\"https:\/\/csp.ch\/wp-content\/uploads\/sites\/4\/2015\/08\/20150914\u00a9CSP-VD_RebeccaBowring3363.jpg\",\"contentUrl\":\"https:\/\/csp.ch\/wp-content\/uploads\/sites\/4\/2015\/08\/20150914\u00a9CSP-VD_RebeccaBowring3363.jpg\",\"width\":2000,\"height\":1333,\"caption\":\"Accueil du CSP Vaud \u00e0 Beau-S\u00e9jour 28\"},{\"@type\":\"BreadcrumbList\",\"@id\":\"https:\/\/csp.ch\/vaud\/rapports-dactivites\/#breadcrumb\",\"itemListElement\":[{\"@type\":\"ListItem\",\"position\":1,\"name\":\"Accueil\",\"item\":\"https:\/\/csp.ch\/vaud\/\"},{\"@type\":\"ListItem\",\"position\":2,\"name\":\"rapports d&rsquo;activit\u00e9s\"}]},{\"@type\":\"WebSite\",\"@id\":\"https:\/\/csp.ch\/vaud\/#website\",\"url\":\"https:\/\/csp.ch\/vaud\/\",\"name\":\"https:\/\/csp.ch\/vaud\/\",\"description\":\"\",\"publisher\":{\"@id\":\"https:\/\/csp.ch\/vaud\/#organization\"},\"potentialAction\":[{\"@type\":\"SearchAction\",\"target\":{\"@type\":\"EntryPoint\",\"urlTemplate\":\"https:\/\/csp.ch\/vaud\/?s={search_term_string}\"},\"query-input\":{\"@type\":\"PropertyValueSpecification\",\"valueRequired\":true,\"valueName\":\"search_term_string\"}}],\"inLanguage\":\"fr-FR\"},{\"@type\":\"Organization\",\"@id\":\"https:\/\/csp.ch\/vaud\/#organization\",\"name\":\"https:\/\/csp.ch\/vaud\/\",\"url\":\"https:\/\/csp.ch\/vaud\/\",\"logo\":{\"@type\":\"ImageObject\",\"inLanguage\":\"fr-FR\",\"@id\":\"https:\/\/csp.ch\/vaud\/#\/schema\/logo\/image\/\",\"url\":\"https:\/\/csp.ch\/wp-content\/uploads\/sites\/4\/2022\/11\/Logo-CSP-VD-RVB.OK_.jpg\",\"contentUrl\":\"https:\/\/csp.ch\/wp-content\/uploads\/sites\/4\/2022\/11\/Logo-CSP-VD-RVB.OK_.jpg\",\"width\":600,\"height\":306,\"caption\":\"https:\/\/csp.ch\/vaud\/\"},\"image\":{\"@id\":\"https:\/\/csp.ch\/vaud\/#\/schema\/logo\/image\/\"},\"sameAs\":[\"https:\/\/www.facebook.com\/CSPSuisse\",\"https:\/\/www.linkedin.com\/company\/csp-vaud\/mycompany\"]}]}<\/script>\n<!-- \/ Yoast SEO plugin. -->","yoast_head_json":{"title":"Rapports d'activit\u00e9s du Centre social protestant VAud","description":"Les rapports de l'activit\u00e9s pr\u00e9sentent les secteurs de consultation du CSP en d\u00e9tail, y compris les statistiques du nombre de personnes re\u00e7ues.","robots":{"index":"index","follow":"follow","max-snippet":"max-snippet:-1","max-image-preview":"max-image-preview:large","max-video-preview":"max-video-preview:-1"},"canonical":"https:\/\/csp.ch\/vaud\/rapports-dactivites\/","og_locale":"fr_FR","og_type":"article","og_title":"Rapports d'activit\u00e9s du Centre social protestant VAud","og_description":"Les rapports de l'activit\u00e9s pr\u00e9sentent les secteurs de consultation du CSP en d\u00e9tail, y compris les statistiques du nombre de personnes re\u00e7ues.","og_url":"https:\/\/csp.ch\/vaud\/rapports-dactivites\/","og_site_name":"CSP Vaud","article_publisher":"https:\/\/www.facebook.com\/CSPSuisse","article_modified_time":"2025-06-16T13:25:32+00:00","og_image":[{"width":2000,"height":1333,"url":"https:\/\/csp.ch\/wp-content\/uploads\/sites\/4\/2015\/08\/20150914\u00a9CSP-VD_RebeccaBowring3363.jpg","type":"image\/jpeg"}],"twitter_card":"summary_large_image","twitter_misc":{"Dur\u00e9e de lecture estim\u00e9e":"1 minute"},"schema":{"@context":"https:\/\/schema.org","@graph":[{"@type":"WebPage","@id":"https:\/\/csp.ch\/vaud\/rapports-dactivites\/","url":"https:\/\/csp.ch\/vaud\/rapports-dactivites\/","name":"Rapports d'activit\u00e9s du Centre social protestant VAud","isPartOf":{"@id":"https:\/\/csp.ch\/vaud\/#website"},"primaryImageOfPage":{"@id":"https:\/\/csp.ch\/vaud\/rapports-dactivites\/#primaryimage"},"image":{"@id":"https:\/\/csp.ch\/vaud\/rapports-dactivites\/#primaryimage"},"thumbnailUrl":"https:\/\/csp.ch\/wp-content\/uploads\/sites\/4\/2015\/08\/20150914\u00a9CSP-VD_RebeccaBowring3363.jpg","datePublished":"2015-08-27T09:16:49+00:00","dateModified":"2025-06-16T13:25:32+00:00","description":"Les rapports de l'activit\u00e9s pr\u00e9sentent les secteurs de consultation du CSP en d\u00e9tail, y compris les statistiques du nombre de personnes re\u00e7ues.","breadcrumb":{"@id":"https:\/\/csp.ch\/vaud\/rapports-dactivites\/#breadcrumb"},"inLanguage":"fr-FR","potentialAction":[{"@type":"ReadAction","target":["https:\/\/csp.ch\/vaud\/rapports-dactivites\/"]}]},{"@type":"ImageObject","inLanguage":"fr-FR","@id":"https:\/\/csp.ch\/vaud\/rapports-dactivites\/#primaryimage","url":"https:\/\/csp.ch\/wp-content\/uploads\/sites\/4\/2015\/08\/20150914\u00a9CSP-VD_RebeccaBowring3363.jpg","contentUrl":"https:\/\/csp.ch\/wp-content\/uploads\/sites\/4\/2015\/08\/20150914\u00a9CSP-VD_RebeccaBowring3363.jpg","width":2000,"height":1333,"caption":"Accueil du CSP Vaud \u00e0 Beau-S\u00e9jour 28"},{"@type":"BreadcrumbList","@id":"https:\/\/csp.ch\/vaud\/rapports-dactivites\/#breadcrumb","itemListElement":[{"@type":"ListItem","position":1,"name":"Accueil","item":"https:\/\/csp.ch\/vaud\/"},{"@type":"ListItem","position":2,"name":"rapports d&rsquo;activit\u00e9s"}]},{"@type":"WebSite","@id":"https:\/\/csp.ch\/vaud\/#website","url":"https:\/\/csp.ch\/vaud\/","name":"https:\/\/csp.ch\/vaud\/","description":"","publisher":{"@id":"https:\/\/csp.ch\/vaud\/#organization"},"potentialAction":[{"@type":"SearchAction","target":{"@type":"EntryPoint","urlTemplate":"https:\/\/csp.ch\/vaud\/?s={search_term_string}"},"query-input":{"@type":"PropertyValueSpecification","valueRequired":true,"valueName":"search_term_string"}}],"inLanguage":"fr-FR"},{"@type":"Organization","@id":"https:\/\/csp.ch\/vaud\/#organization","name":"https:\/\/csp.ch\/vaud\/","url":"https:\/\/csp.ch\/vaud\/","logo":{"@type":"ImageObject","inLanguage":"fr-FR","@id":"https:\/\/csp.ch\/vaud\/#\/schema\/logo\/image\/","url":"https:\/\/csp.ch\/wp-content\/uploads\/sites\/4\/2022\/11\/Logo-CSP-VD-RVB.OK_.jpg","contentUrl":"https:\/\/csp.ch\/wp-content\/uploads\/sites\/4\/2022\/11\/Logo-CSP-VD-RVB.OK_.jpg","width":600,"height":306,"caption":"https:\/\/csp.ch\/vaud\/"},"image":{"@id":"https:\/\/csp.ch\/vaud\/#\/schema\/logo\/image\/"},"sameAs":["https:\/\/www.facebook.com\/CSPSuisse","https:\/\/www.linkedin.com\/company\/csp-vaud\/mycompany"]}]}},"_links":{"self":[{"href":"https:\/\/csp.ch\/vaud\/wp-json\/wp\/v2\/pages\/167","targetHints":{"allow":["GET"]}}],"collection":[{"href":"https:\/\/csp.ch\/vaud\/wp-json\/wp\/v2\/pages"}],"about":[{"href":"https:\/\/csp.ch\/vaud\/wp-json\/wp\/v2\/types\/page"}],"author":[{"embeddable":true,"href":"https:\/\/csp.ch\/vaud\/wp-json\/wp\/v2\/users\/1"}],"replies":[{"embeddable":true,"href":"https:\/\/csp.ch\/vaud\/wp-json\/wp\/v2\/comments?post=167"}],"version-history":[{"count":3,"href":"https:\/\/csp.ch\/vaud\/wp-json\/wp\/v2\/pages\/167\/revisions"}],"predecessor-version":[{"id":757,"href":"https:\/\/csp.ch\/vaud\/wp-json\/wp\/v2\/pages\/167\/revisions\/757"}],"wp:featuredmedia":[{"embeddable":true,"href":"https:\/\/csp.ch\/vaud\/wp-json\/wp\/v2\/media\/596"}],"wp:attachment":[{"href":"https:\/\/csp.ch\/vaud\/wp-json\/wp\/v2\/media?parent=167"}],"curies":[{"name":"wp","href":"https:\/\/api.w.org\/{rel}","templated":true}]}}