{"id":16415,"date":"2022-10-11T17:05:09","date_gmt":"2022-10-11T15:05:09","guid":{"rendered":"https:\/\/csp.ch\/vaud\/?page_id=16415"},"modified":"2022-11-16T10:47:29","modified_gmt":"2022-11-16T09:47:29","slug":"venez-vendre-le-choc-du-csp-vaud-avec-nous","status":"publish","type":"page","link":"https:\/\/csp.ch\/vaud\/venez-vendre-le-choc-du-csp-vaud-avec-nous\/","title":{"rendered":"Venez vendre le <strong>choc<\/strong> du CSP Vaud <strong>avec nous<\/strong> !"},"content":{"rendered":"<p><strong>Engagement b\u00e9n\u00e9vole ponctuel pour la vente de choc du CSP Vaud<\/strong><\/p>\n<p>Chaque ann\u00e9e, le CSP Vaud organise \u00e0 la fin novembre sa vente annuelle de chocolat.<\/p>\n<h3>Contexte<\/h3>\n<p>Le CSP Vaud d\u00e9pend pour pr\u00e8s de 50% des fonds propres qu\u2019il arrive \u00e0 g\u00e9n\u00e9rer gr\u00e2ce aux dons priv\u00e9s et aux r\u00e9sultats de ses Galetas de seconde main. La vente annuelle de chocolat y contribue \u00e9galement et repr\u00e9sente un apport financier important. Elle permet aussi de sensibiliser le public au travail de soutien social, juridique et conjugal offert \u00e0 la population. Elle est possible gr\u00e2ce \u00e0 votre engagement b\u00e9n\u00e9vole et \u00e0 l\u2019implication de nos partenaires des paroisses du canton de Vaud.<\/p>\n<p>Ces deux derni\u00e8res ann\u00e9es ont \u00e9t\u00e9 marqu\u00e9es par deux crises successives, sanitaire et financi\u00e8re. Elles ont p\u00e9jor\u00e9 la situation de nombreuses familles d\u00e9j\u00e0 pr\u00e9caris\u00e9es.<\/p>\n<hr \/>\n<h3>La vente aura lieu du 18 au 20 novembre 2022<\/h3>\n<p><strong>Nous recherchons activement quelques b\u00e9n\u00e9voles<\/strong> pour vendre du chocolat <strong>sur nos stands de Lausanne<\/strong> (place de la Gare, place de la Palud et rue Haldimand).<\/p>\n<p>Vous avez envie d\u2019offrir un peu de votre temps et de vos comp\u00e9tences au b\u00e9n\u00e9fice d\u2019une institution qui vient en aide \u00e0 des personnes en difficult\u00e9\u00a0?\u00a0Vous cherchez une activit\u00e9 et la possibilit\u00e9 de tisser des liens avec d\u2019autres personnes\u00a0? Alors <strong>cette activit\u00e9 ponctuelle<\/strong> est faite pour vous.<\/p>\n<p>Nous cherchons des personnes motiv\u00e9es, qui font preuve d\u2019ouverture et de respect et qui soient disponibles pour une ou plusieurs tranches de deux heures selon les horaires d\u00e9taill\u00e9s ci-dessous\u00a0:<\/p>\n<p><strong>Vendredi 18 novembre :\u00a0 \u00a0 \u00a0place de la Gare de 9h00 \u00e0 16h30<\/strong><\/p>\n<p><strong>Vendredi 18 novembre :\u00a0 \u00a0 \u00a0place Palud et rue Haldimand : de 9h00 \u00e0 18h30<\/strong><\/p>\n<p><strong>Samedi 20 novembre :\u00a0 \u00a0 \u00a0 \u00a0 place Palud et rue Haldimand : de 9h00 \u00e0 15h00<\/strong><\/p>\n<p>Si le c\u0153ur vous en dit, vous pouvez aussi prendre quelques responsabilit\u00e9s suppl\u00e9mentaires en proposant votre propre stand avec l\u2019aide de vos amis ou de votre famille. Notre responsable de la vente se r\u00e9jouit de pouvoir vous soutenir dans cette d\u00e9marche.<\/p>\n<blockquote><p>Le b\u00e9n\u00e9volat permet de valoriser votre savoir-faire et vos qualit\u00e9s humaines tout en vous ouvrant de nouveaux horizons !<\/p><\/blockquote>\n<p>Si l\u2019aventure vous tente, rejoignez une des \u00e9quipes conviviales du CSP Vaud \u00e0 cette occasion\u00a0!<\/p>\n<h3>S\u00e9ance d&rsquo;information<\/h3>\n<p>Vous serez invit\u00e9\u00b7e\u00b7s \u00e0 une s\u00e9ance d\u2019accueil et d\u2019information pour en savoir plus sur nos activit\u00e9s.<\/p>\n<h3>Contacts<\/h3>\n<p><a href=\"&#x6d;&#x61;&#x69;&#x6c;&#x74;&#x6f;&#58;&#103;&#117;&#121;&#46;bor&#x65;&#x6c;&#x40;&#x63;&#x73;&#x70;&#45;&#118;&#100;&#46;&#99;h\"><u>Par mail<\/u><\/a><\/p>\n<p><u>Par t\u00e9l\u00e9phone\u00a0:<\/u> 021 560 60 24 (mardi au vendredi 7h30 \u00e0 13h30)<\/p>\n<p>Un tout grand <strong>MERCI<\/strong> par avance\u00a0!<\/p>\n<hr \/>\n<h3>Vente en ligne<\/h3>\n<p>Si vous n&rsquo;avez pas de temps, peut-\u00eatre avez-vous envie d&rsquo;offrir du chocolat ?<a href=\"https:\/\/csp.ch\/vaud\/dons\/choc-du-csp-vaud\/\"> Pour l&rsquo;acheter en ligne, c&rsquo;est par ici.<\/a><\/p>\n","protected":false},"excerpt":{"rendered":"<p>Engagement b\u00e9n\u00e9vole ponctuel pour la vente de choc du CSP Vaud Chaque ann\u00e9e, le CSP Vaud organise \u00e0 la fin novembre sa vente annuelle de chocolat. Contexte Le CSP Vaud d\u00e9pend pour pr\u00e8s de 50% des fonds propres qu\u2019il arrive \u00e0 g\u00e9n\u00e9rer gr\u00e2ce aux dons priv\u00e9s et aux r\u00e9sultats de ses Galetas de seconde main. [&hellip;]<\/p>\n","protected":false},"author":2,"featured_media":16916,"parent":0,"menu_order":0,"comment_status":"closed","ping_status":"closed","template":"","meta":{"_acf_changed":false,"footnotes":""},"class_list":["post-16415","page","type-page","status-publish","has-post-thumbnail","hentry"],"acf":[],"yoast_head":"<!-- This site is optimized with the Yoast SEO plugin v27.1.1 - https:\/\/yoast.com\/product\/yoast-seo-wordpress\/ -->\n<title>Venez vendre le choc du CSP Vaud avec nous ! - CSP Vaud<\/title>\n<meta name=\"description\" content=\"Vente du 18 au 20 novembre 2022 : b\u00e9n\u00e9voles, rejoignez l&#039;\u00e9quipe pour vendre le choc du CSP Vaud sur nos stands de Lausanne.\" \/>\n<meta name=\"robots\" content=\"index, follow, max-snippet:-1, max-image-preview:large, max-video-preview:-1\" \/>\n<link rel=\"canonical\" href=\"https:\/\/csp.ch\/vaud\/venez-vendre-le-choc-du-csp-vaud-avec-nous\/\" \/>\n<meta property=\"og:locale\" content=\"fr_FR\" \/>\n<meta property=\"og:type\" content=\"article\" \/>\n<meta property=\"og:title\" content=\"Venez vendre le choc du CSP Vaud avec nous ! - CSP Vaud\" \/>\n<meta property=\"og:description\" content=\"Vente du 18 au 20 novembre 2022 : b\u00e9n\u00e9voles, rejoignez l&#039;\u00e9quipe pour vendre le choc du CSP Vaud sur nos stands de Lausanne.\" \/>\n<meta property=\"og:url\" content=\"https:\/\/csp.ch\/vaud\/venez-vendre-le-choc-du-csp-vaud-avec-nous\/\" \/>\n<meta property=\"og:site_name\" content=\"CSP Vaud\" \/>\n<meta property=\"article:publisher\" content=\"https:\/\/www.facebook.com\/CSPSuisse\" \/>\n<meta property=\"article:modified_time\" content=\"2022-11-16T09:47:29+00:00\" \/>\n<meta property=\"og:image\" content=\"https:\/\/csp.ch\/wp-content\/uploads\/sites\/4\/2022\/11\/vente-choc-lausanne-csp-vaud-11-copie.jpg\" \/>\n\t<meta property=\"og:image:width\" content=\"1040\" \/>\n\t<meta property=\"og:image:height\" content=\"780\" \/>\n\t<meta property=\"og:image:type\" content=\"image\/jpeg\" \/>\n<meta name=\"twitter:card\" content=\"summary_large_image\" \/>\n<meta name=\"twitter:label1\" content=\"Dur\u00e9e de lecture estim\u00e9e\" \/>\n\t<meta name=\"twitter:data1\" content=\"2 minutes\" \/>\n<script type=\"application\/ld+json\" class=\"yoast-schema-graph\">{\"@context\":\"https:\/\/schema.org\",\"@graph\":[{\"@type\":\"WebPage\",\"@id\":\"https:\/\/csp.ch\/vaud\/venez-vendre-le-choc-du-csp-vaud-avec-nous\/\",\"url\":\"https:\/\/csp.ch\/vaud\/venez-vendre-le-choc-du-csp-vaud-avec-nous\/\",\"name\":\"Venez vendre le choc du CSP Vaud avec nous ! - CSP Vaud\",\"isPartOf\":{\"@id\":\"https:\/\/csp.ch\/vaud\/#website\"},\"primaryImageOfPage\":{\"@id\":\"https:\/\/csp.ch\/vaud\/venez-vendre-le-choc-du-csp-vaud-avec-nous\/#primaryimage\"},\"image\":{\"@id\":\"https:\/\/csp.ch\/vaud\/venez-vendre-le-choc-du-csp-vaud-avec-nous\/#primaryimage\"},\"thumbnailUrl\":\"https:\/\/csp.ch\/wp-content\/uploads\/sites\/4\/2022\/11\/vente-choc-lausanne-csp-vaud-11-copie.jpg\",\"datePublished\":\"2022-10-11T15:05:09+00:00\",\"dateModified\":\"2022-11-16T09:47:29+00:00\",\"description\":\"Vente du 18 au 20 novembre 2022 : b\u00e9n\u00e9voles, rejoignez l'\u00e9quipe pour vendre le choc du CSP Vaud sur nos stands de Lausanne.\",\"breadcrumb\":{\"@id\":\"https:\/\/csp.ch\/vaud\/venez-vendre-le-choc-du-csp-vaud-avec-nous\/#breadcrumb\"},\"inLanguage\":\"fr-FR\",\"potentialAction\":[{\"@type\":\"ReadAction\",\"target\":[\"https:\/\/csp.ch\/vaud\/venez-vendre-le-choc-du-csp-vaud-avec-nous\/\"]}]},{\"@type\":\"ImageObject\",\"inLanguage\":\"fr-FR\",\"@id\":\"https:\/\/csp.ch\/vaud\/venez-vendre-le-choc-du-csp-vaud-avec-nous\/#primaryimage\",\"url\":\"https:\/\/csp.ch\/wp-content\/uploads\/sites\/4\/2022\/11\/vente-choc-lausanne-csp-vaud-11-copie.jpg\",\"contentUrl\":\"https:\/\/csp.ch\/wp-content\/uploads\/sites\/4\/2022\/11\/vente-choc-lausanne-csp-vaud-11-copie.jpg\",\"width\":1040,\"height\":780,\"caption\":\"Vente de choc CSP Vaud 18 et 19 novembre 2022\"},{\"@type\":\"BreadcrumbList\",\"@id\":\"https:\/\/csp.ch\/vaud\/venez-vendre-le-choc-du-csp-vaud-avec-nous\/#breadcrumb\",\"itemListElement\":[{\"@type\":\"ListItem\",\"position\":1,\"name\":\"Accueil\",\"item\":\"https:\/\/csp.ch\/vaud\/\"},{\"@type\":\"ListItem\",\"position\":2,\"name\":\"Venez vendre le choc du CSP Vaud avec nous !\"}]},{\"@type\":\"WebSite\",\"@id\":\"https:\/\/csp.ch\/vaud\/#website\",\"url\":\"https:\/\/csp.ch\/vaud\/\",\"name\":\"https:\/\/csp.ch\/vaud\/\",\"description\":\"\",\"publisher\":{\"@id\":\"https:\/\/csp.ch\/vaud\/#organization\"},\"potentialAction\":[{\"@type\":\"SearchAction\",\"target\":{\"@type\":\"EntryPoint\",\"urlTemplate\":\"https:\/\/csp.ch\/vaud\/?s={search_term_string}\"},\"query-input\":{\"@type\":\"PropertyValueSpecification\",\"valueRequired\":true,\"valueName\":\"search_term_string\"}}],\"inLanguage\":\"fr-FR\"},{\"@type\":\"Organization\",\"@id\":\"https:\/\/csp.ch\/vaud\/#organization\",\"name\":\"https:\/\/csp.ch\/vaud\/\",\"url\":\"https:\/\/csp.ch\/vaud\/\",\"logo\":{\"@type\":\"ImageObject\",\"inLanguage\":\"fr-FR\",\"@id\":\"https:\/\/csp.ch\/vaud\/#\/schema\/logo\/image\/\",\"url\":\"https:\/\/csp.ch\/wp-content\/uploads\/sites\/4\/2022\/11\/Logo-CSP-VD-RVB.OK_.jpg\",\"contentUrl\":\"https:\/\/csp.ch\/wp-content\/uploads\/sites\/4\/2022\/11\/Logo-CSP-VD-RVB.OK_.jpg\",\"width\":600,\"height\":306,\"caption\":\"https:\/\/csp.ch\/vaud\/\"},\"image\":{\"@id\":\"https:\/\/csp.ch\/vaud\/#\/schema\/logo\/image\/\"},\"sameAs\":[\"https:\/\/www.facebook.com\/CSPSuisse\",\"https:\/\/www.linkedin.com\/company\/csp-vaud\/mycompany\"]}]}<\/script>\n<!-- \/ Yoast SEO plugin. -->","yoast_head_json":{"title":"Venez vendre le choc du CSP Vaud avec nous ! - CSP Vaud","description":"Vente du 18 au 20 novembre 2022 : b\u00e9n\u00e9voles, rejoignez l'\u00e9quipe pour vendre le choc du CSP Vaud sur nos stands de Lausanne.","robots":{"index":"index","follow":"follow","max-snippet":"max-snippet:-1","max-image-preview":"max-image-preview:large","max-video-preview":"max-video-preview:-1"},"canonical":"https:\/\/csp.ch\/vaud\/venez-vendre-le-choc-du-csp-vaud-avec-nous\/","og_locale":"fr_FR","og_type":"article","og_title":"Venez vendre le choc du CSP Vaud avec nous ! - CSP Vaud","og_description":"Vente du 18 au 20 novembre 2022 : b\u00e9n\u00e9voles, rejoignez l'\u00e9quipe pour vendre le choc du CSP Vaud sur nos stands de Lausanne.","og_url":"https:\/\/csp.ch\/vaud\/venez-vendre-le-choc-du-csp-vaud-avec-nous\/","og_site_name":"CSP Vaud","article_publisher":"https:\/\/www.facebook.com\/CSPSuisse","article_modified_time":"2022-11-16T09:47:29+00:00","og_image":[{"width":1040,"height":780,"url":"https:\/\/csp.ch\/wp-content\/uploads\/sites\/4\/2022\/11\/vente-choc-lausanne-csp-vaud-11-copie.jpg","type":"image\/jpeg"}],"twitter_card":"summary_large_image","twitter_misc":{"Dur\u00e9e de lecture estim\u00e9e":"2 minutes"},"schema":{"@context":"https:\/\/schema.org","@graph":[{"@type":"WebPage","@id":"https:\/\/csp.ch\/vaud\/venez-vendre-le-choc-du-csp-vaud-avec-nous\/","url":"https:\/\/csp.ch\/vaud\/venez-vendre-le-choc-du-csp-vaud-avec-nous\/","name":"Venez vendre le choc du CSP Vaud avec nous ! - CSP Vaud","isPartOf":{"@id":"https:\/\/csp.ch\/vaud\/#website"},"primaryImageOfPage":{"@id":"https:\/\/csp.ch\/vaud\/venez-vendre-le-choc-du-csp-vaud-avec-nous\/#primaryimage"},"image":{"@id":"https:\/\/csp.ch\/vaud\/venez-vendre-le-choc-du-csp-vaud-avec-nous\/#primaryimage"},"thumbnailUrl":"https:\/\/csp.ch\/wp-content\/uploads\/sites\/4\/2022\/11\/vente-choc-lausanne-csp-vaud-11-copie.jpg","datePublished":"2022-10-11T15:05:09+00:00","dateModified":"2022-11-16T09:47:29+00:00","description":"Vente du 18 au 20 novembre 2022 : b\u00e9n\u00e9voles, rejoignez l'\u00e9quipe pour vendre le choc du CSP Vaud sur nos stands de Lausanne.","breadcrumb":{"@id":"https:\/\/csp.ch\/vaud\/venez-vendre-le-choc-du-csp-vaud-avec-nous\/#breadcrumb"},"inLanguage":"fr-FR","potentialAction":[{"@type":"ReadAction","target":["https:\/\/csp.ch\/vaud\/venez-vendre-le-choc-du-csp-vaud-avec-nous\/"]}]},{"@type":"ImageObject","inLanguage":"fr-FR","@id":"https:\/\/csp.ch\/vaud\/venez-vendre-le-choc-du-csp-vaud-avec-nous\/#primaryimage","url":"https:\/\/csp.ch\/wp-content\/uploads\/sites\/4\/2022\/11\/vente-choc-lausanne-csp-vaud-11-copie.jpg","contentUrl":"https:\/\/csp.ch\/wp-content\/uploads\/sites\/4\/2022\/11\/vente-choc-lausanne-csp-vaud-11-copie.jpg","width":1040,"height":780,"caption":"Vente de choc CSP Vaud 18 et 19 novembre 2022"},{"@type":"BreadcrumbList","@id":"https:\/\/csp.ch\/vaud\/venez-vendre-le-choc-du-csp-vaud-avec-nous\/#breadcrumb","itemListElement":[{"@type":"ListItem","position":1,"name":"Accueil","item":"https:\/\/csp.ch\/vaud\/"},{"@type":"ListItem","position":2,"name":"Venez vendre le choc du CSP Vaud avec nous !"}]},{"@type":"WebSite","@id":"https:\/\/csp.ch\/vaud\/#website","url":"https:\/\/csp.ch\/vaud\/","name":"https:\/\/csp.ch\/vaud\/","description":"","publisher":{"@id":"https:\/\/csp.ch\/vaud\/#organization"},"potentialAction":[{"@type":"SearchAction","target":{"@type":"EntryPoint","urlTemplate":"https:\/\/csp.ch\/vaud\/?s={search_term_string}"},"query-input":{"@type":"PropertyValueSpecification","valueRequired":true,"valueName":"search_term_string"}}],"inLanguage":"fr-FR"},{"@type":"Organization","@id":"https:\/\/csp.ch\/vaud\/#organization","name":"https:\/\/csp.ch\/vaud\/","url":"https:\/\/csp.ch\/vaud\/","logo":{"@type":"ImageObject","inLanguage":"fr-FR","@id":"https:\/\/csp.ch\/vaud\/#\/schema\/logo\/image\/","url":"https:\/\/csp.ch\/wp-content\/uploads\/sites\/4\/2022\/11\/Logo-CSP-VD-RVB.OK_.jpg","contentUrl":"https:\/\/csp.ch\/wp-content\/uploads\/sites\/4\/2022\/11\/Logo-CSP-VD-RVB.OK_.jpg","width":600,"height":306,"caption":"https:\/\/csp.ch\/vaud\/"},"image":{"@id":"https:\/\/csp.ch\/vaud\/#\/schema\/logo\/image\/"},"sameAs":["https:\/\/www.facebook.com\/CSPSuisse","https:\/\/www.linkedin.com\/company\/csp-vaud\/mycompany"]}]}},"_links":{"self":[{"href":"https:\/\/csp.ch\/vaud\/wp-json\/wp\/v2\/pages\/16415","targetHints":{"allow":["GET"]}}],"collection":[{"href":"https:\/\/csp.ch\/vaud\/wp-json\/wp\/v2\/pages"}],"about":[{"href":"https:\/\/csp.ch\/vaud\/wp-json\/wp\/v2\/types\/page"}],"author":[{"embeddable":true,"href":"https:\/\/csp.ch\/vaud\/wp-json\/wp\/v2\/users\/2"}],"replies":[{"embeddable":true,"href":"https:\/\/csp.ch\/vaud\/wp-json\/wp\/v2\/comments?post=16415"}],"version-history":[{"count":5,"href":"https:\/\/csp.ch\/vaud\/wp-json\/wp\/v2\/pages\/16415\/revisions"}],"predecessor-version":[{"id":16618,"href":"https:\/\/csp.ch\/vaud\/wp-json\/wp\/v2\/pages\/16415\/revisions\/16618"}],"wp:featuredmedia":[{"embeddable":true,"href":"https:\/\/csp.ch\/vaud\/wp-json\/wp\/v2\/media\/16916"}],"wp:attachment":[{"href":"https:\/\/csp.ch\/vaud\/wp-json\/wp\/v2\/media?parent=16415"}],"curies":[{"name":"wp","href":"https:\/\/api.w.org\/{rel}","templated":true}]}}