{"id":16245,"date":"2022-10-04T14:32:22","date_gmt":"2022-10-04T12:32:22","guid":{"rendered":"https:\/\/csp.ch\/vaud\/?page_id=16245"},"modified":"2022-12-13T23:37:11","modified_gmt":"2022-12-13T22:37:11","slug":"participez-a-l-aventure-de-notre-nouveau-galetas-a-renens","status":"publish","type":"page","link":"https:\/\/csp.ch\/vaud\/participez-a-l-aventure-de-notre-nouveau-galetas-a-renens\/","title":{"rendered":"Participez \u00e0 l&rsquo; <strong>aventure<\/strong> de notre nouveau<strong> Galetas<\/strong>  \u00e0 <strong>Renens <\/strong>"},"content":{"rendered":"<div class=\"layoutArea\">\n<div class=\"column\">\n<p><strong>Les Galetas du CSP Vaud permettent d\u2019effectuer des achats et des dons responsables dans une optique de durabilite\u0301. Ils offrent des produits en bon e\u0301tat a\u0300 des prix mode\u0301re\u0301s. De plus, ils contribuent au financement des consultations gratuites sociales, juridiques et conjugales du CSP Vaud.<\/strong><\/p>\n<p>Pour notre nouvelle boutique de ve\u0302tements de la Rue Neuve 10 a\u0300 Renens, <span style=\"color: #ff8400\"><strong>nous avons besoin d&rsquo;une e\u0301quipe de be\u0301ne\u0301voles motive\u0301e pour lancer ce magasin et s\u2019en occuper<\/strong><\/span>. Nous recherchons des personnes enthousiastes, a\u0300 l\u2019aise dans la vente, sensibles a\u0300 la mode et a\u0300 la seconde main. Cette e\u0301quipe travaillera de manie\u0300re autonome et sera encadre\u0301e par des professionnel\u00b7le\u00b7s de la vente travaillant dans nos Galetas.<\/p>\n<\/div>\n<\/div>\n<div class=\"layoutArea\">\n<div class=\"column\">\n<h4>Pre\u0301sence par demi-journe\u0301e a\u0300 l\u2019inte\u0301rieur des horaires suivants:<\/h4>\n<p>Mercredi &#8211; vendredi : 10h a\u0300 18h30<br \/>\nSamedi &#8211; 10h a\u0300 15h<\/p>\n<blockquote><p>Ouverture le 5 novembre 2022<\/p><\/blockquote>\n<h4>Votre activite\u0301:<\/h4>\n<p>\u2022 Contact avec la cliente\u0300le<\/p>\n<p>\u2022 Tenue du magasin<\/p>\n<\/div>\n<div class=\"column\">\n<h4>Notre soutien:<\/h4>\n<p>\u2022 Possibilite\u0301 d\u2019essai dans un de nos magasins de Lausanne (Palud, Ble\u0301cherette)<\/p>\n<p>\u2022 De\u0301fraiement pour les trajets<\/p>\n<p>\u2022 Accompagnement par des professionnel\u00b7le\u00b7s de la vente<\/p>\n<h4>Contact :<\/h4>\n<p>Fran\u00e7oise Roux, coordinatrice des magasins de la Palud, de Morges et de Renens<\/p>\n<p>Pour lui \u00e9crire un mail, cliquez ici : <a href=\"&#x6d;&#x61;&#x69;&#x6c;&#x74;&#x6f;&#x3a;&#x66;&#x72;&#x61;&#x6e;&#x63;&#x6f;&#x69;&#x73;&#x65;&#x2e;&#x72;&#x6f;&#x75;&#x78;&#x40;&#99;&#115;&#112;&#45;&#118;&#100;&#46;&#99;&#104;\">mail<\/a><br \/>\nTe\u0301le\u0301phone: 078 239 28 25<\/p>\n<\/div>\n<\/div>\n","protected":false},"excerpt":{"rendered":"<p>Les Galetas du CSP Vaud permettent d\u2019effectuer des achats et des dons responsables dans une optique de durabilite\u0301. Ils offrent des produits en bon e\u0301tat a\u0300 des prix mode\u0301re\u0301s. De plus, ils contribuent au financement des consultations gratuites sociales, juridiques et conjugales du CSP Vaud. Pour notre nouvelle boutique de ve\u0302tements de la Rue Neuve [&hellip;]<\/p>\n","protected":false},"author":2,"featured_media":16572,"parent":0,"menu_order":0,"comment_status":"closed","ping_status":"closed","template":"","meta":{"_acf_changed":false,"footnotes":""},"class_list":["post-16245","page","type-page","status-publish","has-post-thumbnail","hentry"],"acf":[],"yoast_head":"<!-- This site is optimized with the Yoast SEO plugin v27.1.1 - https:\/\/yoast.com\/product\/yoast-seo-wordpress\/ -->\n<title>Engagez-vous dans le nouveau magasin du CSP Vaud \u00e0 Renens !<\/title>\n<meta name=\"description\" content=\"Pour tenir sa nouvelle boutique de v\u00eatements de la Rue Neuve 10 \u00e0 Renens, le CSP Vaud recherche une \u00e9quipe des b\u00e9n\u00e9voles motiv\u00e9e.\" \/>\n<meta name=\"robots\" content=\"index, follow, max-snippet:-1, max-image-preview:large, max-video-preview:-1\" \/>\n<link rel=\"canonical\" href=\"https:\/\/csp.ch\/vaud\/participez-a-l-aventure-de-notre-nouveau-galetas-a-renens\/\" \/>\n<meta property=\"og:locale\" content=\"fr_FR\" \/>\n<meta property=\"og:type\" content=\"article\" \/>\n<meta property=\"og:title\" content=\"Engagez-vous dans le nouveau magasin du CSP Vaud \u00e0 Renens !\" \/>\n<meta property=\"og:description\" content=\"Pour tenir sa nouvelle boutique de v\u00eatements de la Rue Neuve 10 \u00e0 Renens, le CSP Vaud recherche une \u00e9quipe des b\u00e9n\u00e9voles motiv\u00e9e.\" \/>\n<meta property=\"og:url\" content=\"https:\/\/csp.ch\/vaud\/participez-a-l-aventure-de-notre-nouveau-galetas-a-renens\/\" \/>\n<meta property=\"og:site_name\" content=\"CSP Vaud\" \/>\n<meta property=\"article:publisher\" content=\"https:\/\/www.facebook.com\/CSPSuisse\" \/>\n<meta property=\"article:modified_time\" content=\"2022-12-13T22:37:11+00:00\" \/>\n<meta property=\"og:image\" content=\"https:\/\/csp.ch\/wp-content\/uploads\/sites\/4\/2022\/10\/Recherche-benevoles_Les-Galetas-du-CSP-Vaud_Renens.jpg\" \/>\n\t<meta property=\"og:image:width\" content=\"1000\" \/>\n\t<meta property=\"og:image:height\" content=\"542\" \/>\n\t<meta property=\"og:image:type\" content=\"image\/jpeg\" \/>\n<meta name=\"twitter:card\" content=\"summary_large_image\" \/>\n<meta name=\"twitter:label1\" content=\"Dur\u00e9e de lecture estim\u00e9e\" \/>\n\t<meta name=\"twitter:data1\" content=\"1 minute\" \/>\n<script type=\"application\/ld+json\" class=\"yoast-schema-graph\">{\"@context\":\"https:\/\/schema.org\",\"@graph\":[{\"@type\":\"WebPage\",\"@id\":\"https:\/\/csp.ch\/vaud\/participez-a-l-aventure-de-notre-nouveau-galetas-a-renens\/\",\"url\":\"https:\/\/csp.ch\/vaud\/participez-a-l-aventure-de-notre-nouveau-galetas-a-renens\/\",\"name\":\"Engagez-vous dans le nouveau magasin du CSP Vaud \u00e0 Renens !\",\"isPartOf\":{\"@id\":\"https:\/\/csp.ch\/vaud\/#website\"},\"primaryImageOfPage\":{\"@id\":\"https:\/\/csp.ch\/vaud\/participez-a-l-aventure-de-notre-nouveau-galetas-a-renens\/#primaryimage\"},\"image\":{\"@id\":\"https:\/\/csp.ch\/vaud\/participez-a-l-aventure-de-notre-nouveau-galetas-a-renens\/#primaryimage\"},\"thumbnailUrl\":\"https:\/\/csp.ch\/wp-content\/uploads\/sites\/4\/2022\/10\/Recherche-benevoles_Les-Galetas-du-CSP-Vaud_Renens.jpg\",\"datePublished\":\"2022-10-04T12:32:22+00:00\",\"dateModified\":\"2022-12-13T22:37:11+00:00\",\"description\":\"Pour tenir sa nouvelle boutique de v\u00eatements de la Rue Neuve 10 \u00e0 Renens, le CSP Vaud recherche une \u00e9quipe des b\u00e9n\u00e9voles motiv\u00e9e.\",\"breadcrumb\":{\"@id\":\"https:\/\/csp.ch\/vaud\/participez-a-l-aventure-de-notre-nouveau-galetas-a-renens\/#breadcrumb\"},\"inLanguage\":\"fr-FR\",\"potentialAction\":[{\"@type\":\"ReadAction\",\"target\":[\"https:\/\/csp.ch\/vaud\/participez-a-l-aventure-de-notre-nouveau-galetas-a-renens\/\"]}]},{\"@type\":\"ImageObject\",\"inLanguage\":\"fr-FR\",\"@id\":\"https:\/\/csp.ch\/vaud\/participez-a-l-aventure-de-notre-nouveau-galetas-a-renens\/#primaryimage\",\"url\":\"https:\/\/csp.ch\/wp-content\/uploads\/sites\/4\/2022\/10\/Recherche-benevoles_Les-Galetas-du-CSP-Vaud_Renens.jpg\",\"contentUrl\":\"https:\/\/csp.ch\/wp-content\/uploads\/sites\/4\/2022\/10\/Recherche-benevoles_Les-Galetas-du-CSP-Vaud_Renens.jpg\",\"width\":1000,\"height\":542,\"caption\":\"Recherche benevoles_Les Galetas du CSP Vaud_Renens\"},{\"@type\":\"BreadcrumbList\",\"@id\":\"https:\/\/csp.ch\/vaud\/participez-a-l-aventure-de-notre-nouveau-galetas-a-renens\/#breadcrumb\",\"itemListElement\":[{\"@type\":\"ListItem\",\"position\":1,\"name\":\"Accueil\",\"item\":\"https:\/\/csp.ch\/vaud\/\"},{\"@type\":\"ListItem\",\"position\":2,\"name\":\"Participez \u00e0 l&rsquo; aventure de notre nouveau Galetas \u00e0 Renens\"}]},{\"@type\":\"WebSite\",\"@id\":\"https:\/\/csp.ch\/vaud\/#website\",\"url\":\"https:\/\/csp.ch\/vaud\/\",\"name\":\"https:\/\/csp.ch\/vaud\/\",\"description\":\"\",\"publisher\":{\"@id\":\"https:\/\/csp.ch\/vaud\/#organization\"},\"potentialAction\":[{\"@type\":\"SearchAction\",\"target\":{\"@type\":\"EntryPoint\",\"urlTemplate\":\"https:\/\/csp.ch\/vaud\/?s={search_term_string}\"},\"query-input\":{\"@type\":\"PropertyValueSpecification\",\"valueRequired\":true,\"valueName\":\"search_term_string\"}}],\"inLanguage\":\"fr-FR\"},{\"@type\":\"Organization\",\"@id\":\"https:\/\/csp.ch\/vaud\/#organization\",\"name\":\"https:\/\/csp.ch\/vaud\/\",\"url\":\"https:\/\/csp.ch\/vaud\/\",\"logo\":{\"@type\":\"ImageObject\",\"inLanguage\":\"fr-FR\",\"@id\":\"https:\/\/csp.ch\/vaud\/#\/schema\/logo\/image\/\",\"url\":\"https:\/\/csp.ch\/wp-content\/uploads\/sites\/4\/2022\/11\/Logo-CSP-VD-RVB.OK_.jpg\",\"contentUrl\":\"https:\/\/csp.ch\/wp-content\/uploads\/sites\/4\/2022\/11\/Logo-CSP-VD-RVB.OK_.jpg\",\"width\":600,\"height\":306,\"caption\":\"https:\/\/csp.ch\/vaud\/\"},\"image\":{\"@id\":\"https:\/\/csp.ch\/vaud\/#\/schema\/logo\/image\/\"},\"sameAs\":[\"https:\/\/www.facebook.com\/CSPSuisse\",\"https:\/\/www.linkedin.com\/company\/csp-vaud\/mycompany\"]}]}<\/script>\n<!-- \/ Yoast SEO plugin. -->","yoast_head_json":{"title":"Engagez-vous dans le nouveau magasin du CSP Vaud \u00e0 Renens !","description":"Pour tenir sa nouvelle boutique de v\u00eatements de la Rue Neuve 10 \u00e0 Renens, le CSP Vaud recherche une \u00e9quipe des b\u00e9n\u00e9voles motiv\u00e9e.","robots":{"index":"index","follow":"follow","max-snippet":"max-snippet:-1","max-image-preview":"max-image-preview:large","max-video-preview":"max-video-preview:-1"},"canonical":"https:\/\/csp.ch\/vaud\/participez-a-l-aventure-de-notre-nouveau-galetas-a-renens\/","og_locale":"fr_FR","og_type":"article","og_title":"Engagez-vous dans le nouveau magasin du CSP Vaud \u00e0 Renens !","og_description":"Pour tenir sa nouvelle boutique de v\u00eatements de la Rue Neuve 10 \u00e0 Renens, le CSP Vaud recherche une \u00e9quipe des b\u00e9n\u00e9voles motiv\u00e9e.","og_url":"https:\/\/csp.ch\/vaud\/participez-a-l-aventure-de-notre-nouveau-galetas-a-renens\/","og_site_name":"CSP Vaud","article_publisher":"https:\/\/www.facebook.com\/CSPSuisse","article_modified_time":"2022-12-13T22:37:11+00:00","og_image":[{"width":1000,"height":542,"url":"https:\/\/csp.ch\/wp-content\/uploads\/sites\/4\/2022\/10\/Recherche-benevoles_Les-Galetas-du-CSP-Vaud_Renens.jpg","type":"image\/jpeg"}],"twitter_card":"summary_large_image","twitter_misc":{"Dur\u00e9e de lecture estim\u00e9e":"1 minute"},"schema":{"@context":"https:\/\/schema.org","@graph":[{"@type":"WebPage","@id":"https:\/\/csp.ch\/vaud\/participez-a-l-aventure-de-notre-nouveau-galetas-a-renens\/","url":"https:\/\/csp.ch\/vaud\/participez-a-l-aventure-de-notre-nouveau-galetas-a-renens\/","name":"Engagez-vous dans le nouveau magasin du CSP Vaud \u00e0 Renens !","isPartOf":{"@id":"https:\/\/csp.ch\/vaud\/#website"},"primaryImageOfPage":{"@id":"https:\/\/csp.ch\/vaud\/participez-a-l-aventure-de-notre-nouveau-galetas-a-renens\/#primaryimage"},"image":{"@id":"https:\/\/csp.ch\/vaud\/participez-a-l-aventure-de-notre-nouveau-galetas-a-renens\/#primaryimage"},"thumbnailUrl":"https:\/\/csp.ch\/wp-content\/uploads\/sites\/4\/2022\/10\/Recherche-benevoles_Les-Galetas-du-CSP-Vaud_Renens.jpg","datePublished":"2022-10-04T12:32:22+00:00","dateModified":"2022-12-13T22:37:11+00:00","description":"Pour tenir sa nouvelle boutique de v\u00eatements de la Rue Neuve 10 \u00e0 Renens, le CSP Vaud recherche une \u00e9quipe des b\u00e9n\u00e9voles motiv\u00e9e.","breadcrumb":{"@id":"https:\/\/csp.ch\/vaud\/participez-a-l-aventure-de-notre-nouveau-galetas-a-renens\/#breadcrumb"},"inLanguage":"fr-FR","potentialAction":[{"@type":"ReadAction","target":["https:\/\/csp.ch\/vaud\/participez-a-l-aventure-de-notre-nouveau-galetas-a-renens\/"]}]},{"@type":"ImageObject","inLanguage":"fr-FR","@id":"https:\/\/csp.ch\/vaud\/participez-a-l-aventure-de-notre-nouveau-galetas-a-renens\/#primaryimage","url":"https:\/\/csp.ch\/wp-content\/uploads\/sites\/4\/2022\/10\/Recherche-benevoles_Les-Galetas-du-CSP-Vaud_Renens.jpg","contentUrl":"https:\/\/csp.ch\/wp-content\/uploads\/sites\/4\/2022\/10\/Recherche-benevoles_Les-Galetas-du-CSP-Vaud_Renens.jpg","width":1000,"height":542,"caption":"Recherche benevoles_Les Galetas du CSP Vaud_Renens"},{"@type":"BreadcrumbList","@id":"https:\/\/csp.ch\/vaud\/participez-a-l-aventure-de-notre-nouveau-galetas-a-renens\/#breadcrumb","itemListElement":[{"@type":"ListItem","position":1,"name":"Accueil","item":"https:\/\/csp.ch\/vaud\/"},{"@type":"ListItem","position":2,"name":"Participez \u00e0 l&rsquo; aventure de notre nouveau Galetas \u00e0 Renens"}]},{"@type":"WebSite","@id":"https:\/\/csp.ch\/vaud\/#website","url":"https:\/\/csp.ch\/vaud\/","name":"https:\/\/csp.ch\/vaud\/","description":"","publisher":{"@id":"https:\/\/csp.ch\/vaud\/#organization"},"potentialAction":[{"@type":"SearchAction","target":{"@type":"EntryPoint","urlTemplate":"https:\/\/csp.ch\/vaud\/?s={search_term_string}"},"query-input":{"@type":"PropertyValueSpecification","valueRequired":true,"valueName":"search_term_string"}}],"inLanguage":"fr-FR"},{"@type":"Organization","@id":"https:\/\/csp.ch\/vaud\/#organization","name":"https:\/\/csp.ch\/vaud\/","url":"https:\/\/csp.ch\/vaud\/","logo":{"@type":"ImageObject","inLanguage":"fr-FR","@id":"https:\/\/csp.ch\/vaud\/#\/schema\/logo\/image\/","url":"https:\/\/csp.ch\/wp-content\/uploads\/sites\/4\/2022\/11\/Logo-CSP-VD-RVB.OK_.jpg","contentUrl":"https:\/\/csp.ch\/wp-content\/uploads\/sites\/4\/2022\/11\/Logo-CSP-VD-RVB.OK_.jpg","width":600,"height":306,"caption":"https:\/\/csp.ch\/vaud\/"},"image":{"@id":"https:\/\/csp.ch\/vaud\/#\/schema\/logo\/image\/"},"sameAs":["https:\/\/www.facebook.com\/CSPSuisse","https:\/\/www.linkedin.com\/company\/csp-vaud\/mycompany"]}]}},"_links":{"self":[{"href":"https:\/\/csp.ch\/vaud\/wp-json\/wp\/v2\/pages\/16245","targetHints":{"allow":["GET"]}}],"collection":[{"href":"https:\/\/csp.ch\/vaud\/wp-json\/wp\/v2\/pages"}],"about":[{"href":"https:\/\/csp.ch\/vaud\/wp-json\/wp\/v2\/types\/page"}],"author":[{"embeddable":true,"href":"https:\/\/csp.ch\/vaud\/wp-json\/wp\/v2\/users\/2"}],"replies":[{"embeddable":true,"href":"https:\/\/csp.ch\/vaud\/wp-json\/wp\/v2\/comments?post=16245"}],"version-history":[{"count":11,"href":"https:\/\/csp.ch\/vaud\/wp-json\/wp\/v2\/pages\/16245\/revisions"}],"predecessor-version":[{"id":17303,"href":"https:\/\/csp.ch\/vaud\/wp-json\/wp\/v2\/pages\/16245\/revisions\/17303"}],"wp:featuredmedia":[{"embeddable":true,"href":"https:\/\/csp.ch\/vaud\/wp-json\/wp\/v2\/media\/16572"}],"wp:attachment":[{"href":"https:\/\/csp.ch\/vaud\/wp-json\/wp\/v2\/media?parent=16245"}],"curies":[{"name":"wp","href":"https:\/\/api.w.org\/{rel}","templated":true}]}}