{"id":148,"date":"2015-08-27T08:37:44","date_gmt":"2015-08-27T07:37:44","guid":{"rendered":"https:\/\/csp.ch\/vd\/?page_id=148"},"modified":"2022-10-05T15:00:39","modified_gmt":"2022-10-05T13:00:39","slug":"ramassage-a-domicile","status":"publish","type":"page","link":"https:\/\/csp.ch\/vaud\/galetas-et-boutiques\/ramassage-a-domicile\/","title":{"rendered":"Service de <strong>Ramassage<\/strong>"},"content":{"rendered":"<div class=\"wpb-content-wrapper\"><p>[vc_row][vc_column][vc_column_text]<strong>Notre service de ramassage \u00e0 domicile r\u00e9cup\u00e8re gratuitement les objets que vous n\u2019utilisez plus, \u00e0 condition qu\u2019ils soient jug\u00e9s revendables par nos collaborateurs et collaboratrices.<\/strong><\/p>\n<blockquote><p>Gr\u00e2ce \u00e0 vos g\u00e9n\u00e9reux dons, vous accordez une seconde vie \u00e0 ces objets et contribuez \u00e0 la p\u00e9rennit\u00e9 des prestations sociales du CSP Vaud.<\/p><\/blockquote>\n<ul>\n<li class=\"p1\">Si tel n\u2019est pas le cas, nous pouvons vous proposer une offre de d\u00e9barras payant.<\/li>\n<li class=\"p1\">Bien entendu, vous avez toujours la possibilit\u00e9 de d\u00e9poser directement vos objets <a href=\"https:\/\/csp.ch\/vaud\/galetas-et-boutiques\/\">\u00e0 l\u2019une de nos adresses<\/a> pendant les heures d\u2019ouverture.<\/li>\n<\/ul>\n<p>[\/vc_column_text][vc_tta_accordion active_section=\u00a0\u00bb\u00a0\u00bb collapsible_all=\u00a0\u00bbtrue\u00a0\u00bb][vc_tta_section title=\u00a0\u00bbFormulaire de demande de ramassage\u00a0\u00bb tab_id=\u00a0\u00bb1549881505984-0f526492-7149&Prime;][vc_column_text]\n<div class=\"wpcf7 no-js\" id=\"wpcf7-f2928-o1\" lang=\"fr-FR\" dir=\"ltr\" data-wpcf7-id=\"2928\">\n<div class=\"screen-reader-response\"><p role=\"status\" aria-live=\"polite\" aria-atomic=\"true\"><\/p> <ul><\/ul><\/div>\n<form action=\"\/vaud\/wp-json\/wp\/v2\/pages\/148#wpcf7-f2928-o1\" method=\"post\" class=\"wpcf7-form init\" aria-label=\"Formulaire de contact\" enctype=\"multipart\/form-data\" novalidate=\"novalidate\" data-status=\"init\">\n<fieldset class=\"hidden-fields-container\"><input type=\"hidden\" name=\"_wpcf7\" value=\"2928\" \/><input type=\"hidden\" name=\"_wpcf7_version\" value=\"6.1.5\" \/><input type=\"hidden\" name=\"_wpcf7_locale\" value=\"fr_FR\" \/><input type=\"hidden\" name=\"_wpcf7_unit_tag\" value=\"wpcf7-f2928-o1\" \/><input type=\"hidden\" name=\"_wpcf7_container_post\" value=\"0\" \/><input type=\"hidden\" name=\"_wpcf7_posted_data_hash\" value=\"\" \/>\n<\/fieldset>\n<p><label> Votre nom et pr\u00e9nom*<br \/>\n<span class=\"wpcf7-form-control-wrap\" data-name=\"your-name\"><input size=\"40\" maxlength=\"400\" class=\"wpcf7-form-control wpcf7-text wpcf7-validates-as-required\" aria-required=\"true\" aria-invalid=\"false\" value=\"\" type=\"text\" name=\"your-name\" \/><\/span> <\/label>\n<\/p>\n<p><label> Rue et num\u00e9ro (lieu de prise en charge)*<br \/>\n<span class=\"wpcf7-form-control-wrap\" data-name=\"address\"><input size=\"40\" maxlength=\"400\" class=\"wpcf7-form-control wpcf7-text wpcf7-validates-as-required\" aria-required=\"true\" aria-invalid=\"false\" value=\"\" type=\"text\" name=\"address\" \/><\/span> <\/label>\n<\/p>\n<p><label> Code postal et localit\u00e9 (lieu de prise en charge)*<br \/>\n<span class=\"wpcf7-form-control-wrap\" data-name=\"zip\"><input size=\"40\" maxlength=\"400\" class=\"wpcf7-form-control wpcf7-text wpcf7-validates-as-required\" aria-required=\"true\" aria-invalid=\"false\" value=\"\" type=\"text\" name=\"zip\" \/><\/span> <\/label>\n<\/p>\n<p><label> Informations compl\u00e9mentaires (\u00e9tage, ascenseur, digicode\u2026)<br \/>\n<span class=\"wpcf7-form-control-wrap\" data-name=\"informations\"><input size=\"40\" maxlength=\"400\" class=\"wpcf7-form-control wpcf7-text\" aria-invalid=\"false\" value=\"\" type=\"text\" name=\"informations\" \/><\/span> <\/label>\n<\/p>\n<p><label> Votre adresse email*<br \/>\n<span class=\"wpcf7-form-control-wrap\" data-name=\"your-email\"><input size=\"40\" maxlength=\"400\" class=\"wpcf7-form-control wpcf7-email wpcf7-validates-as-required wpcf7-text wpcf7-validates-as-email\" aria-required=\"true\" aria-invalid=\"false\" value=\"\" type=\"email\" name=\"your-email\" \/><\/span> <\/label>\n<\/p>\n<p><label>Votre num\u00e9ro de t\u00e9l\u00e9phone*<br \/>\n<span class=\"wpcf7-form-control-wrap\" data-name=\"tel-407\"><input size=\"40\" maxlength=\"400\" class=\"wpcf7-form-control wpcf7-tel wpcf7-validates-as-required wpcf7-text wpcf7-validates-as-tel\" aria-required=\"true\" aria-invalid=\"false\" value=\"\" type=\"tel\" name=\"tel-407\" \/><\/span> <\/label>\n<\/p>\n<p><label> Quels objets souhaitez-vous donner ?<br \/>\n<span class=\"wpcf7-form-control-wrap\" data-name=\"your-subject\"><input size=\"40\" maxlength=\"400\" class=\"wpcf7-form-control wpcf7-text\" aria-invalid=\"false\" value=\"\" type=\"text\" name=\"your-subject\" \/><\/span> <\/label>\n<\/p>\n<p><label> Description des objets<br \/>\n<span class=\"wpcf7-form-control-wrap\" data-name=\"your-message\"><textarea cols=\"40\" rows=\"10\" maxlength=\"2000\" class=\"wpcf7-form-control wpcf7-textarea\" aria-invalid=\"false\" name=\"your-message\"><\/textarea><\/span> <\/label>\n<\/p>\n<p><label> Photo de l'objet*<br \/>\n<span class=\"wpcf7-form-control-wrap\" data-name=\"photo1\"><input size=\"40\" class=\"wpcf7-form-control wpcf7-file wpcf7-validates-as-required\" accept=\"audio\/*,video\/*,image\/*\" aria-required=\"true\" aria-invalid=\"false\" type=\"file\" name=\"photo1\" \/><\/span><br \/>\n<\/label>\n<\/p>\n<p><label> Photo de l'objet<br \/>\n<span class=\"wpcf7-form-control-wrap\" data-name=\"photo2\"><input size=\"40\" class=\"wpcf7-form-control wpcf7-file\" accept=\"audio\/*,video\/*,image\/*\" aria-invalid=\"false\" type=\"file\" name=\"photo2\" \/><\/span><br \/>\n<\/label>\n<\/p>\n<p><label> Photo de l'objet<br \/>\n<span class=\"wpcf7-form-control-wrap\" data-name=\"photo3\"><input size=\"40\" class=\"wpcf7-form-control wpcf7-file\" accept=\"audio\/*,video\/*,image\/*\" aria-invalid=\"false\" type=\"file\" name=\"photo3\" \/><\/span><br \/>\n<\/label>\n<\/p>\n<p><label> Avant quelle date souhaitez-vous la prise en charge de vos objets ?*<br \/>\n<span class=\"wpcf7-form-control-wrap\" data-name=\"text-738\"><input size=\"40\" maxlength=\"400\" class=\"wpcf7-form-control wpcf7-text wpcf7-validates-as-required\" aria-required=\"true\" aria-invalid=\"false\" value=\"\" type=\"text\" name=\"text-738\" \/><\/span> <\/label>\n<\/p>\n<p><label> S\u00e9lectionnez le Galetas le plus proche de chez vous*<br \/>\n<span class=\"wpcf7-form-control-wrap\" data-name=\"SlectionnezleGaletasleplusprochedechezvous\"><select class=\"wpcf7-form-control wpcf7-select wpcf7-validates-as-required\" aria-required=\"true\" aria-invalid=\"false\" name=\"SlectionnezleGaletasleplusprochedechezvous\"><option value=\"\">&#8212;Veuillez choisir une option&#8212;<\/option><option value=\"Bl\u00e9cherette\">Bl\u00e9cherette<\/option><option value=\"Riviera\">Riviera<\/option><option value=\"Broye\">Broye<\/option><\/select><\/span> <\/label>\n<\/p>\n<p><input class=\"wpcf7-form-control wpcf7-submit has-spinner\" type=\"submit\" value=\"Envoyer\" \/>\n<\/p><input type='hidden' class='wpcf7-pum' value='{\"closepopup\":false,\"closedelay\":0,\"openpopup\":false,\"openpopup_id\":0}' \/><div class=\"wpcf7-response-output\" aria-hidden=\"true\"><\/div>\n<\/form>\n<\/div>\n[\/vc_column_text][\/vc_tta_section][\/vc_tta_accordion][vc_column_text][\/vc_column_text][vc_column_text]<\/p>\n<blockquote><p>De plus, vous agissez de mani\u00e8re durable en favorisant le recyclage et l\u2019achat local.<\/p><\/blockquote>\n<h4>D\u00e9pliant de pr\u00e9sentation des Galetas du CSP Vaud<\/h4>\n<p>Cliquez sur l&rsquo;image pour en prendre connaissance !<\/p>\n<p><a href=\"https:\/\/csp.ch\/vaud\/wp-content\/uploads\/sites\/4\/2022\/10\/Depliant-de-presentation-Les-Galetas-du-CSP-Vaud-version-web-10.2022.pdf\"><img loading=\"lazy\" decoding=\"async\" class=\"alignnone size-medium wp-image-16290\" src=\"https:\/\/csp.ch\/vaud\/wp-content\/uploads\/sites\/4\/2022\/10\/Depliant-de-presentation-Les-Galetas-du-CSP-Vaud-version-web-10.2022couv-212x300.jpg\" alt=\"\" width=\"212\" height=\"300\" srcset=\"https:\/\/csp.ch\/wp-content\/uploads\/sites\/4\/2022\/10\/Depliant-de-presentation-Les-Galetas-du-CSP-Vaud-version-web-10.2022couv-212x300.jpg 212w, https:\/\/csp.ch\/wp-content\/uploads\/sites\/4\/2022\/10\/Depliant-de-presentation-Les-Galetas-du-CSP-Vaud-version-web-10.2022couv-724x1024.jpg 724w, https:\/\/csp.ch\/wp-content\/uploads\/sites\/4\/2022\/10\/Depliant-de-presentation-Les-Galetas-du-CSP-Vaud-version-web-10.2022couv-768x1086.jpg 768w, https:\/\/csp.ch\/wp-content\/uploads\/sites\/4\/2022\/10\/Depliant-de-presentation-Les-Galetas-du-CSP-Vaud-version-web-10.2022couv-1087x1536.jpg 1087w, https:\/\/csp.ch\/wp-content\/uploads\/sites\/4\/2022\/10\/Depliant-de-presentation-Les-Galetas-du-CSP-Vaud-version-web-10.2022couv-156x221.jpg 156w, https:\/\/csp.ch\/wp-content\/uploads\/sites\/4\/2022\/10\/Depliant-de-presentation-Les-Galetas-du-CSP-Vaud-version-web-10.2022couv-300x424.jpg 300w, https:\/\/csp.ch\/wp-content\/uploads\/sites\/4\/2022\/10\/Depliant-de-presentation-Les-Galetas-du-CSP-Vaud-version-web-10.2022couv-740x1046.jpg 740w, https:\/\/csp.ch\/wp-content\/uploads\/sites\/4\/2022\/10\/Depliant-de-presentation-Les-Galetas-du-CSP-Vaud-version-web-10.2022couv.jpg 1240w\" sizes=\"auto, (max-width: 212px) 100vw, 212px\" \/><\/a>[\/vc_column_text][\/vc_column][\/vc_row]<\/p>\n<\/div>","protected":false},"excerpt":{"rendered":"<p>[vc_row][vc_column][vc_column_text]Notre service de ramassage \u00e0 domicile r\u00e9cup\u00e8re gratuitement les objets que vous n\u2019utilisez plus, \u00e0 condition qu\u2019ils soient jug\u00e9s revendables par nos collaborateurs et collaboratrices. Gr\u00e2ce \u00e0 vos g\u00e9n\u00e9reux dons, vous accordez une seconde vie \u00e0 ces objets et contribuez \u00e0 la p\u00e9rennit\u00e9 des prestations sociales du CSP Vaud. Si tel n\u2019est pas le cas, [&hellip;]<\/p>\n","protected":false},"author":1,"featured_media":16197,"parent":147,"menu_order":0,"comment_status":"closed","ping_status":"closed","template":"","meta":{"_acf_changed":false,"footnotes":""},"class_list":["post-148","page","type-page","status-publish","has-post-thumbnail","hentry"],"acf":[],"yoast_head":"<!-- This site is optimized with the Yoast SEO plugin v27.1.1 - https:\/\/yoast.com\/product\/yoast-seo-wordpress\/ -->\n<title>Service de ramassage \u00e0 domicile des Galetas du CSP Vaud - CSP Vaud<\/title>\n<meta name=\"description\" content=\"Le service de ramassage \u00e0 domicile r\u00e9cup\u00e8re gratuitement les objets que vous n\u2019utilisez plus, \u00e0 condition qu\u2019ils soient jug\u00e9s revendables.\" \/>\n<meta name=\"robots\" content=\"index, follow, max-snippet:-1, max-image-preview:large, max-video-preview:-1\" \/>\n<link rel=\"canonical\" href=\"https:\/\/csp.ch\/vaud\/galetas-et-boutiques\/ramassage-a-domicile\/\" \/>\n<meta property=\"og:locale\" content=\"fr_FR\" \/>\n<meta property=\"og:type\" content=\"article\" \/>\n<meta property=\"og:title\" content=\"Service de ramassage \u00e0 domicile des Galetas du CSP Vaud - CSP Vaud\" \/>\n<meta property=\"og:description\" content=\"Le service de ramassage \u00e0 domicile r\u00e9cup\u00e8re gratuitement les objets que vous n\u2019utilisez plus, \u00e0 condition qu\u2019ils soient jug\u00e9s revendables.\" \/>\n<meta property=\"og:url\" content=\"https:\/\/csp.ch\/vaud\/galetas-et-boutiques\/ramassage-a-domicile\/\" \/>\n<meta property=\"og:site_name\" content=\"CSP Vaud\" \/>\n<meta property=\"article:publisher\" content=\"https:\/\/www.facebook.com\/CSPSuisse\" \/>\n<meta property=\"article:modified_time\" content=\"2022-10-05T13:00:39+00:00\" \/>\n<meta property=\"og:image\" content=\"https:\/\/csp.ch\/wp-content\/uploads\/sites\/4\/2022\/10\/Service-de-ramassage-Les-Galetas-du-CSP-Vaud.jpg\" \/>\n\t<meta property=\"og:image:width\" content=\"1922\" \/>\n\t<meta property=\"og:image:height\" content=\"1013\" \/>\n\t<meta property=\"og:image:type\" content=\"image\/jpeg\" \/>\n<meta name=\"twitter:card\" content=\"summary_large_image\" \/>\n<meta name=\"twitter:label1\" content=\"Dur\u00e9e de lecture estim\u00e9e\" \/>\n\t<meta name=\"twitter:data1\" content=\"1 minute\" \/>\n<script type=\"application\/ld+json\" class=\"yoast-schema-graph\">{\"@context\":\"https:\/\/schema.org\",\"@graph\":[{\"@type\":\"WebPage\",\"@id\":\"https:\/\/csp.ch\/vaud\/galetas-et-boutiques\/ramassage-a-domicile\/\",\"url\":\"https:\/\/csp.ch\/vaud\/galetas-et-boutiques\/ramassage-a-domicile\/\",\"name\":\"Service de ramassage \u00e0 domicile des Galetas du CSP Vaud - CSP Vaud\",\"isPartOf\":{\"@id\":\"https:\/\/csp.ch\/vaud\/#website\"},\"primaryImageOfPage\":{\"@id\":\"https:\/\/csp.ch\/vaud\/galetas-et-boutiques\/ramassage-a-domicile\/#primaryimage\"},\"image\":{\"@id\":\"https:\/\/csp.ch\/vaud\/galetas-et-boutiques\/ramassage-a-domicile\/#primaryimage\"},\"thumbnailUrl\":\"https:\/\/csp.ch\/wp-content\/uploads\/sites\/4\/2022\/10\/Service-de-ramassage-Les-Galetas-du-CSP-Vaud.jpg\",\"datePublished\":\"2015-08-27T07:37:44+00:00\",\"dateModified\":\"2022-10-05T13:00:39+00:00\",\"description\":\"Le service de ramassage \u00e0 domicile r\u00e9cup\u00e8re gratuitement les objets que vous n\u2019utilisez plus, \u00e0 condition qu\u2019ils soient jug\u00e9s revendables.\",\"breadcrumb\":{\"@id\":\"https:\/\/csp.ch\/vaud\/galetas-et-boutiques\/ramassage-a-domicile\/#breadcrumb\"},\"inLanguage\":\"fr-FR\",\"potentialAction\":[{\"@type\":\"ReadAction\",\"target\":[\"https:\/\/csp.ch\/vaud\/galetas-et-boutiques\/ramassage-a-domicile\/\"]}]},{\"@type\":\"ImageObject\",\"inLanguage\":\"fr-FR\",\"@id\":\"https:\/\/csp.ch\/vaud\/galetas-et-boutiques\/ramassage-a-domicile\/#primaryimage\",\"url\":\"https:\/\/csp.ch\/wp-content\/uploads\/sites\/4\/2022\/10\/Service-de-ramassage-Les-Galetas-du-CSP-Vaud.jpg\",\"contentUrl\":\"https:\/\/csp.ch\/wp-content\/uploads\/sites\/4\/2022\/10\/Service-de-ramassage-Les-Galetas-du-CSP-Vaud.jpg\",\"width\":1922,\"height\":1013,\"caption\":\"Les Galetas du CSP Vaud - Service de ramassage - La Bl\u00e9cherette\"},{\"@type\":\"BreadcrumbList\",\"@id\":\"https:\/\/csp.ch\/vaud\/galetas-et-boutiques\/ramassage-a-domicile\/#breadcrumb\",\"itemListElement\":[{\"@type\":\"ListItem\",\"position\":1,\"name\":\"Accueil\",\"item\":\"https:\/\/csp.ch\/vaud\/\"},{\"@type\":\"ListItem\",\"position\":2,\"name\":\"Les Galetas du CSP Vaud\",\"item\":\"https:\/\/csp.ch\/vaud\/galetas-et-boutiques\/\"},{\"@type\":\"ListItem\",\"position\":3,\"name\":\"Service de Ramassage\"}]},{\"@type\":\"WebSite\",\"@id\":\"https:\/\/csp.ch\/vaud\/#website\",\"url\":\"https:\/\/csp.ch\/vaud\/\",\"name\":\"https:\/\/csp.ch\/vaud\/\",\"description\":\"\",\"publisher\":{\"@id\":\"https:\/\/csp.ch\/vaud\/#organization\"},\"potentialAction\":[{\"@type\":\"SearchAction\",\"target\":{\"@type\":\"EntryPoint\",\"urlTemplate\":\"https:\/\/csp.ch\/vaud\/?s={search_term_string}\"},\"query-input\":{\"@type\":\"PropertyValueSpecification\",\"valueRequired\":true,\"valueName\":\"search_term_string\"}}],\"inLanguage\":\"fr-FR\"},{\"@type\":\"Organization\",\"@id\":\"https:\/\/csp.ch\/vaud\/#organization\",\"name\":\"https:\/\/csp.ch\/vaud\/\",\"url\":\"https:\/\/csp.ch\/vaud\/\",\"logo\":{\"@type\":\"ImageObject\",\"inLanguage\":\"fr-FR\",\"@id\":\"https:\/\/csp.ch\/vaud\/#\/schema\/logo\/image\/\",\"url\":\"https:\/\/csp.ch\/wp-content\/uploads\/sites\/4\/2022\/11\/Logo-CSP-VD-RVB.OK_.jpg\",\"contentUrl\":\"https:\/\/csp.ch\/wp-content\/uploads\/sites\/4\/2022\/11\/Logo-CSP-VD-RVB.OK_.jpg\",\"width\":600,\"height\":306,\"caption\":\"https:\/\/csp.ch\/vaud\/\"},\"image\":{\"@id\":\"https:\/\/csp.ch\/vaud\/#\/schema\/logo\/image\/\"},\"sameAs\":[\"https:\/\/www.facebook.com\/CSPSuisse\",\"https:\/\/www.linkedin.com\/company\/csp-vaud\/mycompany\"]}]}<\/script>\n<!-- \/ Yoast SEO plugin. -->","yoast_head_json":{"title":"Service de ramassage \u00e0 domicile des Galetas du CSP Vaud - CSP Vaud","description":"Le service de ramassage \u00e0 domicile r\u00e9cup\u00e8re gratuitement les objets que vous n\u2019utilisez plus, \u00e0 condition qu\u2019ils soient jug\u00e9s revendables.","robots":{"index":"index","follow":"follow","max-snippet":"max-snippet:-1","max-image-preview":"max-image-preview:large","max-video-preview":"max-video-preview:-1"},"canonical":"https:\/\/csp.ch\/vaud\/galetas-et-boutiques\/ramassage-a-domicile\/","og_locale":"fr_FR","og_type":"article","og_title":"Service de ramassage \u00e0 domicile des Galetas du CSP Vaud - CSP Vaud","og_description":"Le service de ramassage \u00e0 domicile r\u00e9cup\u00e8re gratuitement les objets que vous n\u2019utilisez plus, \u00e0 condition qu\u2019ils soient jug\u00e9s revendables.","og_url":"https:\/\/csp.ch\/vaud\/galetas-et-boutiques\/ramassage-a-domicile\/","og_site_name":"CSP Vaud","article_publisher":"https:\/\/www.facebook.com\/CSPSuisse","article_modified_time":"2022-10-05T13:00:39+00:00","og_image":[{"width":1922,"height":1013,"url":"https:\/\/csp.ch\/wp-content\/uploads\/sites\/4\/2022\/10\/Service-de-ramassage-Les-Galetas-du-CSP-Vaud.jpg","type":"image\/jpeg"}],"twitter_card":"summary_large_image","twitter_misc":{"Dur\u00e9e de lecture estim\u00e9e":"1 minute"},"schema":{"@context":"https:\/\/schema.org","@graph":[{"@type":"WebPage","@id":"https:\/\/csp.ch\/vaud\/galetas-et-boutiques\/ramassage-a-domicile\/","url":"https:\/\/csp.ch\/vaud\/galetas-et-boutiques\/ramassage-a-domicile\/","name":"Service de ramassage \u00e0 domicile des Galetas du CSP Vaud - CSP Vaud","isPartOf":{"@id":"https:\/\/csp.ch\/vaud\/#website"},"primaryImageOfPage":{"@id":"https:\/\/csp.ch\/vaud\/galetas-et-boutiques\/ramassage-a-domicile\/#primaryimage"},"image":{"@id":"https:\/\/csp.ch\/vaud\/galetas-et-boutiques\/ramassage-a-domicile\/#primaryimage"},"thumbnailUrl":"https:\/\/csp.ch\/wp-content\/uploads\/sites\/4\/2022\/10\/Service-de-ramassage-Les-Galetas-du-CSP-Vaud.jpg","datePublished":"2015-08-27T07:37:44+00:00","dateModified":"2022-10-05T13:00:39+00:00","description":"Le service de ramassage \u00e0 domicile r\u00e9cup\u00e8re gratuitement les objets que vous n\u2019utilisez plus, \u00e0 condition qu\u2019ils soient jug\u00e9s revendables.","breadcrumb":{"@id":"https:\/\/csp.ch\/vaud\/galetas-et-boutiques\/ramassage-a-domicile\/#breadcrumb"},"inLanguage":"fr-FR","potentialAction":[{"@type":"ReadAction","target":["https:\/\/csp.ch\/vaud\/galetas-et-boutiques\/ramassage-a-domicile\/"]}]},{"@type":"ImageObject","inLanguage":"fr-FR","@id":"https:\/\/csp.ch\/vaud\/galetas-et-boutiques\/ramassage-a-domicile\/#primaryimage","url":"https:\/\/csp.ch\/wp-content\/uploads\/sites\/4\/2022\/10\/Service-de-ramassage-Les-Galetas-du-CSP-Vaud.jpg","contentUrl":"https:\/\/csp.ch\/wp-content\/uploads\/sites\/4\/2022\/10\/Service-de-ramassage-Les-Galetas-du-CSP-Vaud.jpg","width":1922,"height":1013,"caption":"Les Galetas du CSP Vaud - Service de ramassage - La Bl\u00e9cherette"},{"@type":"BreadcrumbList","@id":"https:\/\/csp.ch\/vaud\/galetas-et-boutiques\/ramassage-a-domicile\/#breadcrumb","itemListElement":[{"@type":"ListItem","position":1,"name":"Accueil","item":"https:\/\/csp.ch\/vaud\/"},{"@type":"ListItem","position":2,"name":"Les Galetas du CSP Vaud","item":"https:\/\/csp.ch\/vaud\/galetas-et-boutiques\/"},{"@type":"ListItem","position":3,"name":"Service de Ramassage"}]},{"@type":"WebSite","@id":"https:\/\/csp.ch\/vaud\/#website","url":"https:\/\/csp.ch\/vaud\/","name":"https:\/\/csp.ch\/vaud\/","description":"","publisher":{"@id":"https:\/\/csp.ch\/vaud\/#organization"},"potentialAction":[{"@type":"SearchAction","target":{"@type":"EntryPoint","urlTemplate":"https:\/\/csp.ch\/vaud\/?s={search_term_string}"},"query-input":{"@type":"PropertyValueSpecification","valueRequired":true,"valueName":"search_term_string"}}],"inLanguage":"fr-FR"},{"@type":"Organization","@id":"https:\/\/csp.ch\/vaud\/#organization","name":"https:\/\/csp.ch\/vaud\/","url":"https:\/\/csp.ch\/vaud\/","logo":{"@type":"ImageObject","inLanguage":"fr-FR","@id":"https:\/\/csp.ch\/vaud\/#\/schema\/logo\/image\/","url":"https:\/\/csp.ch\/wp-content\/uploads\/sites\/4\/2022\/11\/Logo-CSP-VD-RVB.OK_.jpg","contentUrl":"https:\/\/csp.ch\/wp-content\/uploads\/sites\/4\/2022\/11\/Logo-CSP-VD-RVB.OK_.jpg","width":600,"height":306,"caption":"https:\/\/csp.ch\/vaud\/"},"image":{"@id":"https:\/\/csp.ch\/vaud\/#\/schema\/logo\/image\/"},"sameAs":["https:\/\/www.facebook.com\/CSPSuisse","https:\/\/www.linkedin.com\/company\/csp-vaud\/mycompany"]}]}},"_links":{"self":[{"href":"https:\/\/csp.ch\/vaud\/wp-json\/wp\/v2\/pages\/148","targetHints":{"allow":["GET"]}}],"collection":[{"href":"https:\/\/csp.ch\/vaud\/wp-json\/wp\/v2\/pages"}],"about":[{"href":"https:\/\/csp.ch\/vaud\/wp-json\/wp\/v2\/types\/page"}],"author":[{"embeddable":true,"href":"https:\/\/csp.ch\/vaud\/wp-json\/wp\/v2\/users\/1"}],"replies":[{"embeddable":true,"href":"https:\/\/csp.ch\/vaud\/wp-json\/wp\/v2\/comments?post=148"}],"version-history":[{"count":37,"href":"https:\/\/csp.ch\/vaud\/wp-json\/wp\/v2\/pages\/148\/revisions"}],"predecessor-version":[{"id":16297,"href":"https:\/\/csp.ch\/vaud\/wp-json\/wp\/v2\/pages\/148\/revisions\/16297"}],"up":[{"embeddable":true,"href":"https:\/\/csp.ch\/vaud\/wp-json\/wp\/v2\/pages\/147"}],"wp:featuredmedia":[{"embeddable":true,"href":"https:\/\/csp.ch\/vaud\/wp-json\/wp\/v2\/media\/16197"}],"wp:attachment":[{"href":"https:\/\/csp.ch\/vaud\/wp-json\/wp\/v2\/media?parent=148"}],"curies":[{"name":"wp","href":"https:\/\/api.w.org\/{rel}","templated":true}]}}