{"id":14028,"date":"2022-03-18T15:21:09","date_gmt":"2022-03-18T14:21:09","guid":{"rendered":"https:\/\/csp.ch\/vaud\/?page_id=14028"},"modified":"2022-03-29T12:56:54","modified_gmt":"2022-03-29T11:56:54","slug":"ukraine-vous-voulez-aider-dans-le-canton-de-vaud","status":"publish","type":"page","link":"https:\/\/csp.ch\/vaud\/ukraine-vous-voulez-aider-dans-le-canton-de-vaud\/","title":{"rendered":"Ukraine &#8211; Vous voulez aider dans le canton de Vaud"},"content":{"rendered":"<p>Voici des renseignements si vous souhaitez apporter votre aide pour les personnes qui arrivent d&rsquo;Ukraine dans le canton de Vaud.<\/p>\n<h3>H\u00e9berger des personnes<\/h3>\n<h4>Organisation suisse d\u2019aide aux r\u00e9fugi\u00e9s (OSAR)<\/h4>\n<p>L\u2019OSAR et ses partenaires mettent en place des structures d\u2019accueil pour les personnes ayant fui l\u2019Ukraine, dans le cadre de son projet de famille d\u2019accueil.<\/p>\n<p>Plus d\u2019informations et inscriptions sur\u00a0: <a href=\"https:\/\/www.osar.ch\/agir\/aide-pour-les-personnes-refugiees-ukrainiennes\/familles-daccueil\">https:\/\/www.osar.ch\/agir\/aide-pour-les-personnes-refugiees-ukrainiennes\/familles-daccueil<\/a><\/p>\n<p>T\u00e9l\u00e9phone\u00a0: +41 31 370 75 75<br \/>\nEmail\u00a0: <a href=\"&#x6d;&#x61;&#x69;&#x6c;&#x74;&#x6f;&#x3a;&#x69;&#x6e;&#x66;&#x6f;&#x40;&#x6f;&#x73;&#x61;&#x72;&#x2e;&#x63;&#x68;\">&#105;&#x6e;f&#111;&#x40;o&#115;&#x61;r&#46;&#x63;h<\/a><\/p>\n<hr \/>\n<p><strong>Dans le canton de Vaud<\/strong> : l\u2019EVAM assure l\u2019h\u00e9bergement des r\u00e9fugi\u00e9-e-s ukrainien\u00b7ne\u00b7s chez les particuliers.<\/p>\n<p>Plus d\u2019informations sur les modalit\u00e9s de l\u2019h\u00e9bergement sur\u00a0: <a href=\"https:\/\/www.evam.ch\/ukraine\/\">https:\/\/www.evam.ch\/ukraine\/<\/a><\/p>\n<p>Tel. +41 21 557 06 00<\/p>\n<p>Email\u00a0: <a href=\"&#x6d;&#x61;&#105;l&#x74;&#x6f;&#x3a;&#104;e&#x62;&#x65;&#x72;&#103;e&#x72;&#x2d;&#x75;&#110;-&#x6d;&#x69;&#x67;&#114;a&#x6e;&#x74;&#x40;&#101;v&#x61;&#x6d;&#x2e;&#99;h\">h&#101;&#x62;&#x65;r&#103;&#101;&#x72;&#x2d;u&#110;&#45;&#x6d;&#x69;g&#114;&#x61;&#x6e;&#x74;&#64;&#101;&#x76;&#x61;m&#46;&#99;&#x68;<\/a><\/p>\n<p>Hotline h\u00e9bergement\u00a0: +41 21 557 06 20<\/p>\n<hr \/>\n<p><span class=\"s1\"><strong>Ou vous disposez d\u2019un bien (appartement, chambres \u00e0 louer, etc.) et souhaitez le mettre \u00e0 disposition<\/strong> de l\u2019EVAM : merci de vous adresser au p\u00f4le Placement de l\u2019EVAM \u00e0 l\u2019adresse suivante : <a href=\"&#109;&#97;&#x69;&#x6c;&#116;&#111;&#x3a;&#x48;&#80;&#108;&#x61;&#x63;&#101;&#109;&#x65;&#x6e;&#116;&#64;&#x65;&#x76;&#97;&#109;&#x2e;&#x63;&#104;\"><span class=\"s7\"><b>&#x48;&#80;&#x6c;&#x61;&#99;&#x65;&#109;e&#x6e;&#116;&#64;&#x65;&#118;a&#x6d;&#46;c&#x68;<\/b><\/span><\/a><b>.<\/b><\/span><\/p>\n<hr \/>\n<p><strong>HOTLINE Ukraine<\/strong><br \/>\nLa hotline r\u00e9pond aux questions en lien avec l\u2019accueil des r\u00e9fugi\u00e9s ukrainiens.<br \/>\n<strong>Avant d\u2019appeler, merci de consulter au pr\u00e9alable les pages consacr\u00e9es \u00e0 l\u2019accueil.<\/strong><br \/>\nDu lundi au vendredi de 9h00 \u00e0 18h00:<br \/>\n058 715 11 07<\/p>\n","protected":false},"excerpt":{"rendered":"<p>Voici des renseignements si vous souhaitez apporter votre aide pour les personnes qui arrivent d&rsquo;Ukraine dans le canton de Vaud. H\u00e9berger des personnes Organisation suisse d\u2019aide aux r\u00e9fugi\u00e9s (OSAR) L\u2019OSAR et ses partenaires mettent en place des structures d\u2019accueil pour les personnes ayant fui l\u2019Ukraine, dans le cadre de son projet de famille d\u2019accueil. Plus [&hellip;]<\/p>\n","protected":false},"author":2,"featured_media":0,"parent":0,"menu_order":0,"comment_status":"closed","ping_status":"closed","template":"","meta":{"_acf_changed":false,"footnotes":""},"class_list":["post-14028","page","type-page","status-publish","hentry"],"acf":[],"yoast_head":"<!-- This site is optimized with the Yoast SEO plugin v27.1.1 - https:\/\/yoast.com\/product\/yoast-seo-wordpress\/ -->\n<title>Ukraine - Vous voulez aider dans le canton de Vaud - CSP Vaud<\/title>\n<meta name=\"description\" content=\"Adresses et contacts si vous voulez h\u00e9berger une personne ou une famille ou mettre un logement disponible \u00e0 disposition.\" \/>\n<meta name=\"robots\" content=\"index, follow, max-snippet:-1, max-image-preview:large, max-video-preview:-1\" \/>\n<link rel=\"canonical\" href=\"https:\/\/csp.ch\/vaud\/ukraine-vous-voulez-aider-dans-le-canton-de-vaud\/\" \/>\n<meta property=\"og:locale\" content=\"fr_FR\" \/>\n<meta property=\"og:type\" content=\"article\" \/>\n<meta property=\"og:title\" content=\"Ukraine - Vous voulez aider dans le canton de Vaud - CSP Vaud\" \/>\n<meta property=\"og:description\" content=\"Adresses et contacts si vous voulez h\u00e9berger une personne ou une famille ou mettre un logement disponible \u00e0 disposition.\" \/>\n<meta property=\"og:url\" content=\"https:\/\/csp.ch\/vaud\/ukraine-vous-voulez-aider-dans-le-canton-de-vaud\/\" \/>\n<meta property=\"og:site_name\" content=\"CSP Vaud\" \/>\n<meta property=\"article:publisher\" content=\"https:\/\/www.facebook.com\/CSPSuisse\" \/>\n<meta property=\"article:modified_time\" content=\"2022-03-29T11:56:54+00:00\" \/>\n<meta name=\"twitter:card\" content=\"summary_large_image\" \/>\n<meta name=\"twitter:label1\" content=\"Dur\u00e9e de lecture estim\u00e9e\" \/>\n\t<meta name=\"twitter:data1\" content=\"1 minute\" \/>\n<script type=\"application\/ld+json\" class=\"yoast-schema-graph\">{\"@context\":\"https:\/\/schema.org\",\"@graph\":[{\"@type\":\"WebPage\",\"@id\":\"https:\/\/csp.ch\/vaud\/ukraine-vous-voulez-aider-dans-le-canton-de-vaud\/\",\"url\":\"https:\/\/csp.ch\/vaud\/ukraine-vous-voulez-aider-dans-le-canton-de-vaud\/\",\"name\":\"Ukraine - Vous voulez aider dans le canton de Vaud - CSP Vaud\",\"isPartOf\":{\"@id\":\"https:\/\/csp.ch\/vaud\/#website\"},\"datePublished\":\"2022-03-18T14:21:09+00:00\",\"dateModified\":\"2022-03-29T11:56:54+00:00\",\"description\":\"Adresses et contacts si vous voulez h\u00e9berger une personne ou une famille ou mettre un logement disponible \u00e0 disposition.\",\"breadcrumb\":{\"@id\":\"https:\/\/csp.ch\/vaud\/ukraine-vous-voulez-aider-dans-le-canton-de-vaud\/#breadcrumb\"},\"inLanguage\":\"fr-FR\",\"potentialAction\":[{\"@type\":\"ReadAction\",\"target\":[\"https:\/\/csp.ch\/vaud\/ukraine-vous-voulez-aider-dans-le-canton-de-vaud\/\"]}]},{\"@type\":\"BreadcrumbList\",\"@id\":\"https:\/\/csp.ch\/vaud\/ukraine-vous-voulez-aider-dans-le-canton-de-vaud\/#breadcrumb\",\"itemListElement\":[{\"@type\":\"ListItem\",\"position\":1,\"name\":\"Accueil\",\"item\":\"https:\/\/csp.ch\/vaud\/\"},{\"@type\":\"ListItem\",\"position\":2,\"name\":\"Ukraine &#8211; Vous voulez aider dans le canton de Vaud\"}]},{\"@type\":\"WebSite\",\"@id\":\"https:\/\/csp.ch\/vaud\/#website\",\"url\":\"https:\/\/csp.ch\/vaud\/\",\"name\":\"https:\/\/csp.ch\/vaud\/\",\"description\":\"\",\"publisher\":{\"@id\":\"https:\/\/csp.ch\/vaud\/#organization\"},\"potentialAction\":[{\"@type\":\"SearchAction\",\"target\":{\"@type\":\"EntryPoint\",\"urlTemplate\":\"https:\/\/csp.ch\/vaud\/?s={search_term_string}\"},\"query-input\":{\"@type\":\"PropertyValueSpecification\",\"valueRequired\":true,\"valueName\":\"search_term_string\"}}],\"inLanguage\":\"fr-FR\"},{\"@type\":\"Organization\",\"@id\":\"https:\/\/csp.ch\/vaud\/#organization\",\"name\":\"https:\/\/csp.ch\/vaud\/\",\"url\":\"https:\/\/csp.ch\/vaud\/\",\"logo\":{\"@type\":\"ImageObject\",\"inLanguage\":\"fr-FR\",\"@id\":\"https:\/\/csp.ch\/vaud\/#\/schema\/logo\/image\/\",\"url\":\"https:\/\/csp.ch\/wp-content\/uploads\/sites\/4\/2022\/11\/Logo-CSP-VD-RVB.OK_.jpg\",\"contentUrl\":\"https:\/\/csp.ch\/wp-content\/uploads\/sites\/4\/2022\/11\/Logo-CSP-VD-RVB.OK_.jpg\",\"width\":600,\"height\":306,\"caption\":\"https:\/\/csp.ch\/vaud\/\"},\"image\":{\"@id\":\"https:\/\/csp.ch\/vaud\/#\/schema\/logo\/image\/\"},\"sameAs\":[\"https:\/\/www.facebook.com\/CSPSuisse\",\"https:\/\/www.linkedin.com\/company\/csp-vaud\/mycompany\"]}]}<\/script>\n<!-- \/ Yoast SEO plugin. -->","yoast_head_json":{"title":"Ukraine - Vous voulez aider dans le canton de Vaud - CSP Vaud","description":"Adresses et contacts si vous voulez h\u00e9berger une personne ou une famille ou mettre un logement disponible \u00e0 disposition.","robots":{"index":"index","follow":"follow","max-snippet":"max-snippet:-1","max-image-preview":"max-image-preview:large","max-video-preview":"max-video-preview:-1"},"canonical":"https:\/\/csp.ch\/vaud\/ukraine-vous-voulez-aider-dans-le-canton-de-vaud\/","og_locale":"fr_FR","og_type":"article","og_title":"Ukraine - Vous voulez aider dans le canton de Vaud - CSP Vaud","og_description":"Adresses et contacts si vous voulez h\u00e9berger une personne ou une famille ou mettre un logement disponible \u00e0 disposition.","og_url":"https:\/\/csp.ch\/vaud\/ukraine-vous-voulez-aider-dans-le-canton-de-vaud\/","og_site_name":"CSP Vaud","article_publisher":"https:\/\/www.facebook.com\/CSPSuisse","article_modified_time":"2022-03-29T11:56:54+00:00","twitter_card":"summary_large_image","twitter_misc":{"Dur\u00e9e de lecture estim\u00e9e":"1 minute"},"schema":{"@context":"https:\/\/schema.org","@graph":[{"@type":"WebPage","@id":"https:\/\/csp.ch\/vaud\/ukraine-vous-voulez-aider-dans-le-canton-de-vaud\/","url":"https:\/\/csp.ch\/vaud\/ukraine-vous-voulez-aider-dans-le-canton-de-vaud\/","name":"Ukraine - Vous voulez aider dans le canton de Vaud - CSP Vaud","isPartOf":{"@id":"https:\/\/csp.ch\/vaud\/#website"},"datePublished":"2022-03-18T14:21:09+00:00","dateModified":"2022-03-29T11:56:54+00:00","description":"Adresses et contacts si vous voulez h\u00e9berger une personne ou une famille ou mettre un logement disponible \u00e0 disposition.","breadcrumb":{"@id":"https:\/\/csp.ch\/vaud\/ukraine-vous-voulez-aider-dans-le-canton-de-vaud\/#breadcrumb"},"inLanguage":"fr-FR","potentialAction":[{"@type":"ReadAction","target":["https:\/\/csp.ch\/vaud\/ukraine-vous-voulez-aider-dans-le-canton-de-vaud\/"]}]},{"@type":"BreadcrumbList","@id":"https:\/\/csp.ch\/vaud\/ukraine-vous-voulez-aider-dans-le-canton-de-vaud\/#breadcrumb","itemListElement":[{"@type":"ListItem","position":1,"name":"Accueil","item":"https:\/\/csp.ch\/vaud\/"},{"@type":"ListItem","position":2,"name":"Ukraine &#8211; Vous voulez aider dans le canton de Vaud"}]},{"@type":"WebSite","@id":"https:\/\/csp.ch\/vaud\/#website","url":"https:\/\/csp.ch\/vaud\/","name":"https:\/\/csp.ch\/vaud\/","description":"","publisher":{"@id":"https:\/\/csp.ch\/vaud\/#organization"},"potentialAction":[{"@type":"SearchAction","target":{"@type":"EntryPoint","urlTemplate":"https:\/\/csp.ch\/vaud\/?s={search_term_string}"},"query-input":{"@type":"PropertyValueSpecification","valueRequired":true,"valueName":"search_term_string"}}],"inLanguage":"fr-FR"},{"@type":"Organization","@id":"https:\/\/csp.ch\/vaud\/#organization","name":"https:\/\/csp.ch\/vaud\/","url":"https:\/\/csp.ch\/vaud\/","logo":{"@type":"ImageObject","inLanguage":"fr-FR","@id":"https:\/\/csp.ch\/vaud\/#\/schema\/logo\/image\/","url":"https:\/\/csp.ch\/wp-content\/uploads\/sites\/4\/2022\/11\/Logo-CSP-VD-RVB.OK_.jpg","contentUrl":"https:\/\/csp.ch\/wp-content\/uploads\/sites\/4\/2022\/11\/Logo-CSP-VD-RVB.OK_.jpg","width":600,"height":306,"caption":"https:\/\/csp.ch\/vaud\/"},"image":{"@id":"https:\/\/csp.ch\/vaud\/#\/schema\/logo\/image\/"},"sameAs":["https:\/\/www.facebook.com\/CSPSuisse","https:\/\/www.linkedin.com\/company\/csp-vaud\/mycompany"]}]}},"_links":{"self":[{"href":"https:\/\/csp.ch\/vaud\/wp-json\/wp\/v2\/pages\/14028","targetHints":{"allow":["GET"]}}],"collection":[{"href":"https:\/\/csp.ch\/vaud\/wp-json\/wp\/v2\/pages"}],"about":[{"href":"https:\/\/csp.ch\/vaud\/wp-json\/wp\/v2\/types\/page"}],"author":[{"embeddable":true,"href":"https:\/\/csp.ch\/vaud\/wp-json\/wp\/v2\/users\/2"}],"replies":[{"embeddable":true,"href":"https:\/\/csp.ch\/vaud\/wp-json\/wp\/v2\/comments?post=14028"}],"version-history":[{"count":7,"href":"https:\/\/csp.ch\/vaud\/wp-json\/wp\/v2\/pages\/14028\/revisions"}],"predecessor-version":[{"id":14139,"href":"https:\/\/csp.ch\/vaud\/wp-json\/wp\/v2\/pages\/14028\/revisions\/14139"}],"wp:attachment":[{"href":"https:\/\/csp.ch\/vaud\/wp-json\/wp\/v2\/media?parent=14028"}],"curies":[{"name":"wp","href":"https:\/\/api.w.org\/{rel}","templated":true}]}}