{"id":14021,"date":"2022-03-18T15:18:22","date_gmt":"2022-03-18T14:18:22","guid":{"rendered":"https:\/\/csp.ch\/vaud\/?page_id=14021"},"modified":"2022-03-18T15:18:22","modified_gmt":"2022-03-18T14:18:22","slug":"ukraine-vous-avez-besoin-daide","status":"publish","type":"page","link":"https:\/\/csp.ch\/vaud\/ukraine-vous-avez-besoin-daide\/","title":{"rendered":"Ukraine &#8211; Vous avez besoin d&rsquo;aide"},"content":{"rendered":"<p>Voici les informations pour les personnes qui arrivent d&rsquo;Ukraine.<\/p>\n<h3>Permis S<\/h3>\n<h3>Centre F\u00e9d\u00e9ral pour requ\u00e9rants d\u2019Asile (CFA)<\/h3>\n<p>Les personnes en provenance de l\u2019Ukraine doivent avant tout se rendre dans un Centre F\u00e9d\u00e9ral pour requ\u00e9rants d\u2019asile pour l\u2019obtention d\u2019un permis S.<\/p>\n<p>Elles peuvent s\u2019adresser par email \u00e0 <a href=\"&#109;&#x61;i&#108;&#x74;o&#58;&#x75;r&#x6b;&#x61;&#105;&#x6e;e&#64;&#x73;e&#109;&#x2e;a&#x64;&#x6d;&#105;&#x6e;&#x2e;&#99;&#x68;\">urk&#97;&#105;&#110;&#101;&#x40;&#x73;&#x65;&#x6d;&#x2e;&#x61;&#x64;min&#46;&#99;&#104;<\/a> pour les questions relatives \u00e0 l\u2019obtention du permis S.<\/p>\n<p>Une permanence t\u00e9l\u00e9phonique est \u00e9galement disponible\u00a0: 058 465 99 11<\/p>\n<p>Questions et r\u00e9ponses du SEM concernant la guerre en Ukraine\u00a0: <a href=\"https:\/\/www.sem.admin.ch\/sem\/fr\/home\/sem\/aktuell\/ukraine-krieg.html\">https:\/\/www.sem.admin.ch\/sem\/fr\/home\/sem\/aktuell\/ukraine-krieg.html<\/a><\/p>\n<h4>Adresse du CFA le plus proche\u00a0:<\/h4>\n<p><strong>CFA Boudry<br \/>\n<\/strong>Rue de l\u2019H\u00f4pital 60<br \/>\n2017 Boudry<br \/>\nTel.\u00a0 +41 58 465 03 03<br \/>\nHotline\u00a0 +41 58 465 03 03<\/p>\n<hr \/>\n<h3>H\u00e9bergement<\/h3>\n<h4>Organisation suisse d\u2019aide aux r\u00e9fugi\u00e9s (OSAR)<\/h4>\n<p>Apr\u00e8s l\u2019obtention du permis S, l\u2019OSAR se charge en collaboration avec les cantons d\u2019h\u00e9berger les personnes r\u00e9fugi\u00e9es chez des particuliers ou dans des structures cantonales. L\u2019organisation accueille rapidement les r\u00e9fugi\u00e9-e-s pour leur octroyer une protection imm\u00e9diate.<\/p>\n<p>T\u00e9l\u00e9phone\u00a0: +41 31 370 75 75<br \/>\nEmail\u00a0: <a href=\"&#109;&#x61;&#105;&#x6c;&#116;&#x6f;&#58;&#x69;&#110;&#x66;&#111;&#x40;&#111;&#x73;&#97;&#x72;&#46;&#x63;&#104;\">&#x69;&#110;&#102;o&#x40;&#x6f;&#115;a&#x72;&#x2e;&#99;h<\/a><br \/>\nSite internet\u00a0: <a href=\"https:\/\/www.osar.ch\">https:\/\/www.osar.ch<\/a><\/p>\n<h4>Service de la Population (SPOP), Canton de Vaud<\/h4>\n<p>Les personnes en provenance d\u2019Ukraine ayant une attache sur le canton de Vaud (famille, amis, proches, etc.) avec possibilit\u00e9 d\u2019h\u00e9bergement peuvent s\u2019annoncer au Service de la population pour b\u00e9n\u00e9ficier de prestation de la part de l\u2019\u00c9tablissement vaudois d\u2019accueil des migrants (EVAM).<\/p>\n<p>Service de la population<br \/>\nAvenue de Beaulieu 19<br \/>\n1014 Lausanne<\/p>\n<p>Tel. +41 21 316 49 49<\/p>\n<h4>\u00c9tablissement Vaudois d\u2019Accueil des Migrants (EVAM)<\/h4>\n<p>L\u2019EVAM est mandat\u00e9 par le Conseil d\u2019\u00c9tat vaudois pour assurer l\u2019accueil des personnes qui ont fui la crise ukrainienne et qui n\u00e9cessitent une aide : h\u00e9bergement, assistance financi\u00e8re, accompagnement social et diverses aides (inscription \u00e0 l\u2019\u00e9cole, etc.).<\/p>\n<p>Plus d\u2019informations sur\u00a0: <a href=\"https:\/\/www.evam.ch\/ukraine\/\">https:\/\/www.evam.ch\/ukraine\/<\/a><\/p>\n<p>EVAM \u2013 \u00c9tablissement Vaudois d\u2019accueil des migrants<br \/>\nRoute de Chavannes 33<br \/>\n1007 Lausanne<\/p>\n<p>Tel. +41 21 557 06 00<br \/>\nHotline h\u00e9bergement\u00a0: +41 21 557 06 20<\/p>\n<hr \/>\n<h3>Mobilier, \u00e9quipement et v\u00eatements<\/h3>\n<p>Les Galetas et Boutiques du CSP Vaud proposent des meubles, des v\u00eatements, des jouets et des articles \u00e9lectro-m\u00e9nagers \u00e0 prix mod\u00e9r\u00e9.<\/p>\n<p>Plus d\u2019informations sur\u00a0: <a href=\"https:\/\/csp.ch\/vaud\/galetas-et-boutiques\/\">https:\/\/csp.ch\/vaud\/galetas-et-boutiques\/<\/a><\/p>\n","protected":false},"excerpt":{"rendered":"<p>Voici les informations pour les personnes qui arrivent d&rsquo;Ukraine. Permis S Centre F\u00e9d\u00e9ral pour requ\u00e9rants d\u2019Asile (CFA) Les personnes en provenance de l\u2019Ukraine doivent avant tout se rendre dans un Centre F\u00e9d\u00e9ral pour requ\u00e9rants d\u2019asile pour l\u2019obtention d\u2019un permis S. Elles peuvent s\u2019adresser par email \u00e0 &#x75;&#x72;&#x6b;&#x61;&#x69;&#x6e;&#x65;&#x40;&#x73;&#x65;&#x6d;&#x2e;&#x61;&#x64;&#x6d;&#x69;&#x6e;&#x2e;&#x63;&#x68; pour les questions relatives \u00e0 l\u2019obtention du permis [&hellip;]<\/p>\n","protected":false},"author":2,"featured_media":0,"parent":0,"menu_order":0,"comment_status":"closed","ping_status":"closed","template":"","meta":{"_acf_changed":false,"footnotes":""},"class_list":["post-14021","page","type-page","status-publish","hentry"],"acf":[],"yoast_head":"<!-- This site is optimized with the Yoast SEO plugin v27.1.1 - https:\/\/yoast.com\/product\/yoast-seo-wordpress\/ -->\n<title>Vous arrivez d&#039;Ukraine dans le canton de Vaud - CSP Vaud<\/title>\n<meta name=\"description\" content=\"Voici les renseignements de base pour les personnes qui arrivent d&#039;Ukraine dans le canton de Vaud. Adresses, t\u00e9l\u00e9phones, d\u00e9marches.\" \/>\n<meta name=\"robots\" content=\"index, follow, max-snippet:-1, max-image-preview:large, max-video-preview:-1\" \/>\n<link rel=\"canonical\" href=\"https:\/\/csp.ch\/vaud\/ukraine-vous-avez-besoin-daide\/\" \/>\n<meta property=\"og:locale\" content=\"fr_FR\" \/>\n<meta property=\"og:type\" content=\"article\" \/>\n<meta property=\"og:title\" content=\"Vous arrivez d&#039;Ukraine dans le canton de Vaud - CSP Vaud\" \/>\n<meta property=\"og:description\" content=\"Voici les renseignements de base pour les personnes qui arrivent d&#039;Ukraine dans le canton de Vaud. Adresses, t\u00e9l\u00e9phones, d\u00e9marches.\" \/>\n<meta property=\"og:url\" content=\"https:\/\/csp.ch\/vaud\/ukraine-vous-avez-besoin-daide\/\" \/>\n<meta property=\"og:site_name\" content=\"CSP Vaud\" \/>\n<meta property=\"article:publisher\" content=\"https:\/\/www.facebook.com\/CSPSuisse\" \/>\n<meta name=\"twitter:card\" content=\"summary_large_image\" \/>\n<meta name=\"twitter:label1\" content=\"Dur\u00e9e de lecture estim\u00e9e\" \/>\n\t<meta name=\"twitter:data1\" content=\"2 minutes\" \/>\n<script type=\"application\/ld+json\" class=\"yoast-schema-graph\">{\"@context\":\"https:\/\/schema.org\",\"@graph\":[{\"@type\":\"WebPage\",\"@id\":\"https:\/\/csp.ch\/vaud\/ukraine-vous-avez-besoin-daide\/\",\"url\":\"https:\/\/csp.ch\/vaud\/ukraine-vous-avez-besoin-daide\/\",\"name\":\"Vous arrivez d'Ukraine dans le canton de Vaud - CSP Vaud\",\"isPartOf\":{\"@id\":\"https:\/\/csp.ch\/vaud\/#website\"},\"datePublished\":\"2022-03-18T14:18:22+00:00\",\"description\":\"Voici les renseignements de base pour les personnes qui arrivent d'Ukraine dans le canton de Vaud. Adresses, t\u00e9l\u00e9phones, d\u00e9marches.\",\"breadcrumb\":{\"@id\":\"https:\/\/csp.ch\/vaud\/ukraine-vous-avez-besoin-daide\/#breadcrumb\"},\"inLanguage\":\"fr-FR\",\"potentialAction\":[{\"@type\":\"ReadAction\",\"target\":[\"https:\/\/csp.ch\/vaud\/ukraine-vous-avez-besoin-daide\/\"]}]},{\"@type\":\"BreadcrumbList\",\"@id\":\"https:\/\/csp.ch\/vaud\/ukraine-vous-avez-besoin-daide\/#breadcrumb\",\"itemListElement\":[{\"@type\":\"ListItem\",\"position\":1,\"name\":\"Accueil\",\"item\":\"https:\/\/csp.ch\/vaud\/\"},{\"@type\":\"ListItem\",\"position\":2,\"name\":\"Ukraine &#8211; Vous avez besoin d&rsquo;aide\"}]},{\"@type\":\"WebSite\",\"@id\":\"https:\/\/csp.ch\/vaud\/#website\",\"url\":\"https:\/\/csp.ch\/vaud\/\",\"name\":\"https:\/\/csp.ch\/vaud\/\",\"description\":\"\",\"publisher\":{\"@id\":\"https:\/\/csp.ch\/vaud\/#organization\"},\"potentialAction\":[{\"@type\":\"SearchAction\",\"target\":{\"@type\":\"EntryPoint\",\"urlTemplate\":\"https:\/\/csp.ch\/vaud\/?s={search_term_string}\"},\"query-input\":{\"@type\":\"PropertyValueSpecification\",\"valueRequired\":true,\"valueName\":\"search_term_string\"}}],\"inLanguage\":\"fr-FR\"},{\"@type\":\"Organization\",\"@id\":\"https:\/\/csp.ch\/vaud\/#organization\",\"name\":\"https:\/\/csp.ch\/vaud\/\",\"url\":\"https:\/\/csp.ch\/vaud\/\",\"logo\":{\"@type\":\"ImageObject\",\"inLanguage\":\"fr-FR\",\"@id\":\"https:\/\/csp.ch\/vaud\/#\/schema\/logo\/image\/\",\"url\":\"https:\/\/csp.ch\/wp-content\/uploads\/sites\/4\/2022\/11\/Logo-CSP-VD-RVB.OK_.jpg\",\"contentUrl\":\"https:\/\/csp.ch\/wp-content\/uploads\/sites\/4\/2022\/11\/Logo-CSP-VD-RVB.OK_.jpg\",\"width\":600,\"height\":306,\"caption\":\"https:\/\/csp.ch\/vaud\/\"},\"image\":{\"@id\":\"https:\/\/csp.ch\/vaud\/#\/schema\/logo\/image\/\"},\"sameAs\":[\"https:\/\/www.facebook.com\/CSPSuisse\",\"https:\/\/www.linkedin.com\/company\/csp-vaud\/mycompany\"]}]}<\/script>\n<!-- \/ Yoast SEO plugin. -->","yoast_head_json":{"title":"Vous arrivez d'Ukraine dans le canton de Vaud - CSP Vaud","description":"Voici les renseignements de base pour les personnes qui arrivent d'Ukraine dans le canton de Vaud. Adresses, t\u00e9l\u00e9phones, d\u00e9marches.","robots":{"index":"index","follow":"follow","max-snippet":"max-snippet:-1","max-image-preview":"max-image-preview:large","max-video-preview":"max-video-preview:-1"},"canonical":"https:\/\/csp.ch\/vaud\/ukraine-vous-avez-besoin-daide\/","og_locale":"fr_FR","og_type":"article","og_title":"Vous arrivez d'Ukraine dans le canton de Vaud - CSP Vaud","og_description":"Voici les renseignements de base pour les personnes qui arrivent d'Ukraine dans le canton de Vaud. Adresses, t\u00e9l\u00e9phones, d\u00e9marches.","og_url":"https:\/\/csp.ch\/vaud\/ukraine-vous-avez-besoin-daide\/","og_site_name":"CSP Vaud","article_publisher":"https:\/\/www.facebook.com\/CSPSuisse","twitter_card":"summary_large_image","twitter_misc":{"Dur\u00e9e de lecture estim\u00e9e":"2 minutes"},"schema":{"@context":"https:\/\/schema.org","@graph":[{"@type":"WebPage","@id":"https:\/\/csp.ch\/vaud\/ukraine-vous-avez-besoin-daide\/","url":"https:\/\/csp.ch\/vaud\/ukraine-vous-avez-besoin-daide\/","name":"Vous arrivez d'Ukraine dans le canton de Vaud - CSP Vaud","isPartOf":{"@id":"https:\/\/csp.ch\/vaud\/#website"},"datePublished":"2022-03-18T14:18:22+00:00","description":"Voici les renseignements de base pour les personnes qui arrivent d'Ukraine dans le canton de Vaud. Adresses, t\u00e9l\u00e9phones, d\u00e9marches.","breadcrumb":{"@id":"https:\/\/csp.ch\/vaud\/ukraine-vous-avez-besoin-daide\/#breadcrumb"},"inLanguage":"fr-FR","potentialAction":[{"@type":"ReadAction","target":["https:\/\/csp.ch\/vaud\/ukraine-vous-avez-besoin-daide\/"]}]},{"@type":"BreadcrumbList","@id":"https:\/\/csp.ch\/vaud\/ukraine-vous-avez-besoin-daide\/#breadcrumb","itemListElement":[{"@type":"ListItem","position":1,"name":"Accueil","item":"https:\/\/csp.ch\/vaud\/"},{"@type":"ListItem","position":2,"name":"Ukraine &#8211; Vous avez besoin d&rsquo;aide"}]},{"@type":"WebSite","@id":"https:\/\/csp.ch\/vaud\/#website","url":"https:\/\/csp.ch\/vaud\/","name":"https:\/\/csp.ch\/vaud\/","description":"","publisher":{"@id":"https:\/\/csp.ch\/vaud\/#organization"},"potentialAction":[{"@type":"SearchAction","target":{"@type":"EntryPoint","urlTemplate":"https:\/\/csp.ch\/vaud\/?s={search_term_string}"},"query-input":{"@type":"PropertyValueSpecification","valueRequired":true,"valueName":"search_term_string"}}],"inLanguage":"fr-FR"},{"@type":"Organization","@id":"https:\/\/csp.ch\/vaud\/#organization","name":"https:\/\/csp.ch\/vaud\/","url":"https:\/\/csp.ch\/vaud\/","logo":{"@type":"ImageObject","inLanguage":"fr-FR","@id":"https:\/\/csp.ch\/vaud\/#\/schema\/logo\/image\/","url":"https:\/\/csp.ch\/wp-content\/uploads\/sites\/4\/2022\/11\/Logo-CSP-VD-RVB.OK_.jpg","contentUrl":"https:\/\/csp.ch\/wp-content\/uploads\/sites\/4\/2022\/11\/Logo-CSP-VD-RVB.OK_.jpg","width":600,"height":306,"caption":"https:\/\/csp.ch\/vaud\/"},"image":{"@id":"https:\/\/csp.ch\/vaud\/#\/schema\/logo\/image\/"},"sameAs":["https:\/\/www.facebook.com\/CSPSuisse","https:\/\/www.linkedin.com\/company\/csp-vaud\/mycompany"]}]}},"_links":{"self":[{"href":"https:\/\/csp.ch\/vaud\/wp-json\/wp\/v2\/pages\/14021","targetHints":{"allow":["GET"]}}],"collection":[{"href":"https:\/\/csp.ch\/vaud\/wp-json\/wp\/v2\/pages"}],"about":[{"href":"https:\/\/csp.ch\/vaud\/wp-json\/wp\/v2\/types\/page"}],"author":[{"embeddable":true,"href":"https:\/\/csp.ch\/vaud\/wp-json\/wp\/v2\/users\/2"}],"replies":[{"embeddable":true,"href":"https:\/\/csp.ch\/vaud\/wp-json\/wp\/v2\/comments?post=14021"}],"version-history":[{"count":7,"href":"https:\/\/csp.ch\/vaud\/wp-json\/wp\/v2\/pages\/14021\/revisions"}],"predecessor-version":[{"id":14033,"href":"https:\/\/csp.ch\/vaud\/wp-json\/wp\/v2\/pages\/14021\/revisions\/14033"}],"wp:attachment":[{"href":"https:\/\/csp.ch\/vaud\/wp-json\/wp\/v2\/media?parent=14021"}],"curies":[{"name":"wp","href":"https:\/\/api.w.org\/{rel}","templated":true}]}}