{"id":13459,"date":"2022-01-24T15:00:04","date_gmt":"2022-01-24T14:00:04","guid":{"rendered":"https:\/\/csp.ch\/vaud\/?page_id=13459"},"modified":"2025-03-25T10:22:40","modified_gmt":"2025-03-25T09:22:40","slug":"archives-journal-nouvelles","status":"publish","type":"page","link":"https:\/\/csp.ch\/vaud\/le-journal\/archives-journal-nouvelles\/","title":{"rendered":"<strong>Archives<\/strong> Journal \u00ab\u00a0Nouvelles\u00a0\u00bb"},"content":{"rendered":"<p><em><strong>Cette page comprend les num\u00e9ros plus anciens du journal du CSP Vaud. Afin que ces num\u00e9ros restent consultables.<\/strong>\u00a0<\/em><\/p>\n<p><strong>2014<\/strong><\/p>\n<p><a href=\"https:\/\/csp.ch\/vaud\/wp-content\/uploads\/sites\/4\/2015\/11\/Nouvelles-decembre_2014_.pdf\">D\u00e9cembre, sp\u00e9cial anniversaires de Jet Service (pour les jeunes) et de la Fraternit\u00e9 (pour les personnes immigr\u00e9es)<\/a><\/p>\n<p><strong>2015<\/strong><\/p>\n<p><a href=\"https:\/\/csp.ch\/vaud\/wp-content\/uploads\/sites\/4\/2015\/09\/JOURNAL_CSP_03-2015_VWEB.pdf\">Mars, num\u00e9ro commun aux 4 CSP romands<\/a><\/p>\n<p><a href=\"https:\/\/csp.ch\/vaud\/wp-content\/uploads\/sites\/4\/2015\/11\/421630_Baumer_Journal_FB-001.pdf\">Juin, Former et informer, des missions du CSP<\/a><\/p>\n<p><a href=\"https:\/\/csp.ch\/vaud\/wp-content\/uploads\/sites\/4\/2015\/11\/Journal_CSP_09-2015_def.pdf\">Septembre, notre service de ramassage et vente d&rsquo;objets d&rsquo;occasion<\/a><\/p>\n<p><a href=\"https:\/\/csp.ch\/vaud\/wp-content\/uploads\/sites\/4\/2016\/03\/Nouvelles_dec2015.pdf\">D\u00e9cembre, d\u00e9veloppement des activit\u00e9s sociales<\/a><\/p>\n<p><strong>2016<\/strong><\/p>\n<p><a href=\"https:\/\/csp.ch\/vaud\/wp-content\/uploads\/sites\/4\/2016\/03\/Nouvelles_dec2015.pdf\">Mars, Pr\u00e9carit\u00e9 cach\u00e9e, num\u00e9ro commun\u00a0<\/a><\/p>\n<p><a href=\"https:\/\/csp.ch\/vaud\/wp-content\/uploads\/sites\/4\/2016\/06\/JOURNAL_CSP-VD_06-2016_finale.pdf\">Juin Nouvelles des diff\u00e9rentes activit\u00e9s<\/a><\/p>\n<p><a href=\"https:\/\/csp.ch\/vaud\/wp-content\/uploads\/sites\/4\/2016\/11\/Septembre2016_Nouvelles_CSP-VD.pdf\">Septembre Droit des jeunes<\/a><\/p>\n<p><a href=\"https:\/\/csp.ch\/vaud\/wp-content\/uploads\/sites\/4\/2017\/01\/CSP_VD_NOUVELLES_DEC2016.pdf\">D\u00e9cembre, changement \u00e0 la t\u00eate du CSP\u00a0<\/a><\/p>\n<p><strong>2017<\/strong><\/p>\n<p><a href=\"https:\/\/csp.ch\/vaud\/wp-content\/uploads\/sites\/4\/2017\/05\/NouvellesMars2017_CSPromands.pdf\">Mars, num\u00e9ro commun aux 4 CSP romands<\/a><\/p>\n<p><a href=\"https:\/\/csp.ch\/wp-content\/uploads\/sites\/4\/2017\/07\/CSP_NOUVELLES_JUIN_2017_Web.pdf\">Juin, violences conjugales et permis de s\u00e9jour<\/a><\/p>\n<p><a href=\"https:\/\/csp.ch\/vaud\/wp-content\/uploads\/sites\/4\/2017\/10\/NOUVELLES_SEPTEMBRE_2017_FINAL.pdf\">Septembre, zoom sur les consultations<\/a><\/p>\n<p><a href=\"https:\/\/csp.ch\/vaud\/wp-content\/uploads\/sites\/4\/2017\/12\/NOUVELLES_DEC_2017_FIN.pdf\">D\u00e9cembre, pr\u00e9venir le surendettement des jeunes, dix ans d\u00e9j\u00e0<\/a><\/p>\n<p>&nbsp;<\/p>\n","protected":false},"excerpt":{"rendered":"<p>Cette page comprend les num\u00e9ros plus anciens du journal du CSP Vaud. Afin que ces num\u00e9ros restent consultables.\u00a0 2014 D\u00e9cembre, sp\u00e9cial anniversaires de Jet Service (pour les jeunes) et de la Fraternit\u00e9 (pour les personnes immigr\u00e9es) 2015 Mars, num\u00e9ro commun aux 4 CSP romands Juin, Former et informer, des missions du CSP Septembre, notre service [&hellip;]<\/p>\n","protected":false},"author":2,"featured_media":0,"parent":172,"menu_order":0,"comment_status":"closed","ping_status":"closed","template":"","meta":{"_acf_changed":false,"footnotes":""},"class_list":["post-13459","page","type-page","status-publish","hentry"],"acf":[],"yoast_head":"<!-- This site is optimized with the Yoast SEO plugin v27.1.1 - https:\/\/yoast.com\/product\/yoast-seo-wordpress\/ -->\n<title>Archives des num\u00e9ros du journal &quot;Nouvelles&quot; du CSP Vaud<\/title>\n<meta name=\"description\" content=\"Cette page comprend les num\u00e9ros plus anciens du journal du CSP Vaud. Afin de que ces num\u00e9ros restent consultables (d\u00e9c. 2014 \u00e0 d\u00e9cembre 2017)\" \/>\n<meta name=\"robots\" content=\"index, follow, max-snippet:-1, max-image-preview:large, max-video-preview:-1\" \/>\n<link rel=\"canonical\" href=\"https:\/\/csp.ch\/vaud\/le-journal\/archives-journal-nouvelles\/\" \/>\n<meta property=\"og:locale\" content=\"fr_FR\" \/>\n<meta property=\"og:type\" content=\"article\" \/>\n<meta property=\"og:title\" content=\"Archives des num\u00e9ros du journal &quot;Nouvelles&quot; du CSP Vaud\" \/>\n<meta property=\"og:description\" content=\"Cette page comprend les num\u00e9ros plus anciens du journal du CSP Vaud. Afin de que ces num\u00e9ros restent consultables (d\u00e9c. 2014 \u00e0 d\u00e9cembre 2017)\" \/>\n<meta property=\"og:url\" content=\"https:\/\/csp.ch\/vaud\/le-journal\/archives-journal-nouvelles\/\" \/>\n<meta property=\"og:site_name\" content=\"CSP Vaud\" \/>\n<meta property=\"article:publisher\" content=\"https:\/\/www.facebook.com\/CSPSuisse\" \/>\n<meta property=\"article:modified_time\" content=\"2025-03-25T09:22:40+00:00\" \/>\n<meta name=\"twitter:card\" content=\"summary_large_image\" \/>\n<meta name=\"twitter:label1\" content=\"Dur\u00e9e de lecture estim\u00e9e\" \/>\n\t<meta name=\"twitter:data1\" content=\"1 minute\" \/>\n<script type=\"application\/ld+json\" class=\"yoast-schema-graph\">{\"@context\":\"https:\/\/schema.org\",\"@graph\":[{\"@type\":\"WebPage\",\"@id\":\"https:\/\/csp.ch\/vaud\/le-journal\/archives-journal-nouvelles\/\",\"url\":\"https:\/\/csp.ch\/vaud\/le-journal\/archives-journal-nouvelles\/\",\"name\":\"Archives des num\u00e9ros du journal \\\"Nouvelles\\\" du CSP Vaud\",\"isPartOf\":{\"@id\":\"https:\/\/csp.ch\/vaud\/#website\"},\"datePublished\":\"2022-01-24T14:00:04+00:00\",\"dateModified\":\"2025-03-25T09:22:40+00:00\",\"description\":\"Cette page comprend les num\u00e9ros plus anciens du journal du CSP Vaud. Afin de que ces num\u00e9ros restent consultables (d\u00e9c. 2014 \u00e0 d\u00e9cembre 2017)\",\"breadcrumb\":{\"@id\":\"https:\/\/csp.ch\/vaud\/le-journal\/archives-journal-nouvelles\/#breadcrumb\"},\"inLanguage\":\"fr-FR\",\"potentialAction\":[{\"@type\":\"ReadAction\",\"target\":[\"https:\/\/csp.ch\/vaud\/le-journal\/archives-journal-nouvelles\/\"]}]},{\"@type\":\"BreadcrumbList\",\"@id\":\"https:\/\/csp.ch\/vaud\/le-journal\/archives-journal-nouvelles\/#breadcrumb\",\"itemListElement\":[{\"@type\":\"ListItem\",\"position\":1,\"name\":\"Accueil\",\"item\":\"https:\/\/csp.ch\/vaud\/\"},{\"@type\":\"ListItem\",\"position\":2,\"name\":\"Le journal du CSP Vaud\",\"item\":\"https:\/\/csp.ch\/vaud\/le-journal\/\"},{\"@type\":\"ListItem\",\"position\":3,\"name\":\"Archives Journal \u00ab\u00a0Nouvelles\u00a0\u00bb\"}]},{\"@type\":\"WebSite\",\"@id\":\"https:\/\/csp.ch\/vaud\/#website\",\"url\":\"https:\/\/csp.ch\/vaud\/\",\"name\":\"https:\/\/csp.ch\/vaud\/\",\"description\":\"\",\"publisher\":{\"@id\":\"https:\/\/csp.ch\/vaud\/#organization\"},\"potentialAction\":[{\"@type\":\"SearchAction\",\"target\":{\"@type\":\"EntryPoint\",\"urlTemplate\":\"https:\/\/csp.ch\/vaud\/?s={search_term_string}\"},\"query-input\":{\"@type\":\"PropertyValueSpecification\",\"valueRequired\":true,\"valueName\":\"search_term_string\"}}],\"inLanguage\":\"fr-FR\"},{\"@type\":\"Organization\",\"@id\":\"https:\/\/csp.ch\/vaud\/#organization\",\"name\":\"https:\/\/csp.ch\/vaud\/\",\"url\":\"https:\/\/csp.ch\/vaud\/\",\"logo\":{\"@type\":\"ImageObject\",\"inLanguage\":\"fr-FR\",\"@id\":\"https:\/\/csp.ch\/vaud\/#\/schema\/logo\/image\/\",\"url\":\"https:\/\/csp.ch\/wp-content\/uploads\/sites\/4\/2022\/11\/Logo-CSP-VD-RVB.OK_.jpg\",\"contentUrl\":\"https:\/\/csp.ch\/wp-content\/uploads\/sites\/4\/2022\/11\/Logo-CSP-VD-RVB.OK_.jpg\",\"width\":600,\"height\":306,\"caption\":\"https:\/\/csp.ch\/vaud\/\"},\"image\":{\"@id\":\"https:\/\/csp.ch\/vaud\/#\/schema\/logo\/image\/\"},\"sameAs\":[\"https:\/\/www.facebook.com\/CSPSuisse\",\"https:\/\/www.linkedin.com\/company\/csp-vaud\/mycompany\"]}]}<\/script>\n<!-- \/ Yoast SEO plugin. -->","yoast_head_json":{"title":"Archives des num\u00e9ros du journal \"Nouvelles\" du CSP Vaud","description":"Cette page comprend les num\u00e9ros plus anciens du journal du CSP Vaud. Afin de que ces num\u00e9ros restent consultables (d\u00e9c. 2014 \u00e0 d\u00e9cembre 2017)","robots":{"index":"index","follow":"follow","max-snippet":"max-snippet:-1","max-image-preview":"max-image-preview:large","max-video-preview":"max-video-preview:-1"},"canonical":"https:\/\/csp.ch\/vaud\/le-journal\/archives-journal-nouvelles\/","og_locale":"fr_FR","og_type":"article","og_title":"Archives des num\u00e9ros du journal \"Nouvelles\" du CSP Vaud","og_description":"Cette page comprend les num\u00e9ros plus anciens du journal du CSP Vaud. Afin de que ces num\u00e9ros restent consultables (d\u00e9c. 2014 \u00e0 d\u00e9cembre 2017)","og_url":"https:\/\/csp.ch\/vaud\/le-journal\/archives-journal-nouvelles\/","og_site_name":"CSP Vaud","article_publisher":"https:\/\/www.facebook.com\/CSPSuisse","article_modified_time":"2025-03-25T09:22:40+00:00","twitter_card":"summary_large_image","twitter_misc":{"Dur\u00e9e de lecture estim\u00e9e":"1 minute"},"schema":{"@context":"https:\/\/schema.org","@graph":[{"@type":"WebPage","@id":"https:\/\/csp.ch\/vaud\/le-journal\/archives-journal-nouvelles\/","url":"https:\/\/csp.ch\/vaud\/le-journal\/archives-journal-nouvelles\/","name":"Archives des num\u00e9ros du journal \"Nouvelles\" du CSP Vaud","isPartOf":{"@id":"https:\/\/csp.ch\/vaud\/#website"},"datePublished":"2022-01-24T14:00:04+00:00","dateModified":"2025-03-25T09:22:40+00:00","description":"Cette page comprend les num\u00e9ros plus anciens du journal du CSP Vaud. Afin de que ces num\u00e9ros restent consultables (d\u00e9c. 2014 \u00e0 d\u00e9cembre 2017)","breadcrumb":{"@id":"https:\/\/csp.ch\/vaud\/le-journal\/archives-journal-nouvelles\/#breadcrumb"},"inLanguage":"fr-FR","potentialAction":[{"@type":"ReadAction","target":["https:\/\/csp.ch\/vaud\/le-journal\/archives-journal-nouvelles\/"]}]},{"@type":"BreadcrumbList","@id":"https:\/\/csp.ch\/vaud\/le-journal\/archives-journal-nouvelles\/#breadcrumb","itemListElement":[{"@type":"ListItem","position":1,"name":"Accueil","item":"https:\/\/csp.ch\/vaud\/"},{"@type":"ListItem","position":2,"name":"Le journal du CSP Vaud","item":"https:\/\/csp.ch\/vaud\/le-journal\/"},{"@type":"ListItem","position":3,"name":"Archives Journal \u00ab\u00a0Nouvelles\u00a0\u00bb"}]},{"@type":"WebSite","@id":"https:\/\/csp.ch\/vaud\/#website","url":"https:\/\/csp.ch\/vaud\/","name":"https:\/\/csp.ch\/vaud\/","description":"","publisher":{"@id":"https:\/\/csp.ch\/vaud\/#organization"},"potentialAction":[{"@type":"SearchAction","target":{"@type":"EntryPoint","urlTemplate":"https:\/\/csp.ch\/vaud\/?s={search_term_string}"},"query-input":{"@type":"PropertyValueSpecification","valueRequired":true,"valueName":"search_term_string"}}],"inLanguage":"fr-FR"},{"@type":"Organization","@id":"https:\/\/csp.ch\/vaud\/#organization","name":"https:\/\/csp.ch\/vaud\/","url":"https:\/\/csp.ch\/vaud\/","logo":{"@type":"ImageObject","inLanguage":"fr-FR","@id":"https:\/\/csp.ch\/vaud\/#\/schema\/logo\/image\/","url":"https:\/\/csp.ch\/wp-content\/uploads\/sites\/4\/2022\/11\/Logo-CSP-VD-RVB.OK_.jpg","contentUrl":"https:\/\/csp.ch\/wp-content\/uploads\/sites\/4\/2022\/11\/Logo-CSP-VD-RVB.OK_.jpg","width":600,"height":306,"caption":"https:\/\/csp.ch\/vaud\/"},"image":{"@id":"https:\/\/csp.ch\/vaud\/#\/schema\/logo\/image\/"},"sameAs":["https:\/\/www.facebook.com\/CSPSuisse","https:\/\/www.linkedin.com\/company\/csp-vaud\/mycompany"]}]}},"_links":{"self":[{"href":"https:\/\/csp.ch\/vaud\/wp-json\/wp\/v2\/pages\/13459","targetHints":{"allow":["GET"]}}],"collection":[{"href":"https:\/\/csp.ch\/vaud\/wp-json\/wp\/v2\/pages"}],"about":[{"href":"https:\/\/csp.ch\/vaud\/wp-json\/wp\/v2\/types\/page"}],"author":[{"embeddable":true,"href":"https:\/\/csp.ch\/vaud\/wp-json\/wp\/v2\/users\/2"}],"replies":[{"embeddable":true,"href":"https:\/\/csp.ch\/vaud\/wp-json\/wp\/v2\/comments?post=13459"}],"version-history":[{"count":4,"href":"https:\/\/csp.ch\/vaud\/wp-json\/wp\/v2\/pages\/13459\/revisions"}],"predecessor-version":[{"id":24646,"href":"https:\/\/csp.ch\/vaud\/wp-json\/wp\/v2\/pages\/13459\/revisions\/24646"}],"up":[{"embeddable":true,"href":"https:\/\/csp.ch\/vaud\/wp-json\/wp\/v2\/pages\/172"}],"wp:attachment":[{"href":"https:\/\/csp.ch\/vaud\/wp-json\/wp\/v2\/media?parent=13459"}],"curies":[{"name":"wp","href":"https:\/\/api.w.org\/{rel}","templated":true}]}}