{"id":124,"date":"2015-08-11T15:30:43","date_gmt":"2015-08-11T14:30:43","guid":{"rendered":"https:\/\/csp.ch\/vd\/?page_id=124"},"modified":"2022-07-20T11:43:08","modified_gmt":"2022-07-20T09:43:08","slug":"entreprises-et-fondations","status":"publish","type":"page","link":"https:\/\/csp.ch\/vaud\/dons\/entreprises-et-fondations\/","title":{"rendered":"<strong>Entreprises<\/strong> et fondations"},"content":{"rendered":"<div class=\"wpb-content-wrapper\"><p>[vc_row][vc_column][vc_column_text]<\/p>\n<blockquote><p>Les entreprises et les fondations peuvent soutenir le CSP Vaud.<\/p><\/blockquote>\n<p>La directrice, Mme Bastienne Joerchel, s\u2019occupe personnellement des contacts avec les entreprises et les fondations qui souhaitent soutenir le CSP Vaud.<\/p>\n<p>Les entreprises qui d\u00e9sirent exercer leur responsabilit\u00e9 sociale ont la possibilit\u00e9 de le manifester par un engagement de proximit\u00e9, en soutenant le CSP Vaud, ouvert \u00e0 toute personne sans distinction. Compl\u00e9mentaire au syst\u00e8me d\u2019aide publique, le CSP Vaud vient en aide aux personnes en difficult\u00e9 vivant chez nous pour qu\u2019elles retrouvent<strong> autonomie<\/strong> et <strong>dignit\u00e9<\/strong>.<\/p>\n<p>&nbsp;<\/p>\n<blockquote><p>Mme Joerchel vous re\u00e7oit volontiers pour vous informer sur les actions sociales que vous pouvez soutenir.<\/p><\/blockquote>\n<p>&nbsp;<\/p>\n<p>Nous vous remercions vivement de l\u2019int\u00e9r\u00eat que vous portez \u00e0 notre activit\u00e9.[\/vc_column_text][vc_tta_accordion style=\u00a0\u00bbflat\u00a0\u00bb active_section=\u00a0\u00bb0&Prime; no_fill=\u00a0\u00bbtrue\u00a0\u00bb collapsible_all=\u00a0\u00bbtrue\u00a0\u00bb][vc_tta_section title=\u00a0\u00bbContactez notre direction\u00a0\u00bb tab_id=\u00a0\u00bb1441892798219-92a4e1df-3029&Prime;][vc_column_text]Mme Bastienne Joerchel<br \/>\nCSP Vaud<br \/>\nBeau-S\u00e9jour 28<br \/>\n1003 Lausanne<br \/>\n<a href=\"m&#97;&#105;&#x6c;&#x74;o:&#98;&#97;&#x73;&#x74;ie&#110;&#110;&#x65;&#x2e;jo&#101;&#x72;&#x63;&#x68;e&#108;&#64;&#x63;&#x73;&#x70;-&#118;&#100;&#x2e;&#x63;&#x68;\">Contacez-nous par mail<br \/>\n<\/a>t\u00e9l. direct : 021 560 60 59[\/vc_column_text][\/vc_tta_section][\/vc_tta_accordion][\/vc_column][\/vc_row]<\/p>\n<\/div>","protected":false},"excerpt":{"rendered":"<p>[vc_row][vc_column][vc_column_text] Les entreprises et les fondations peuvent soutenir le CSP Vaud. La directrice, Mme Bastienne Joerchel, s\u2019occupe personnellement des contacts avec les entreprises et les fondations qui souhaitent soutenir le CSP Vaud. Les entreprises qui d\u00e9sirent exercer leur responsabilit\u00e9 sociale ont la possibilit\u00e9 de le manifester par un engagement de proximit\u00e9, en soutenant le CSP [&hellip;]<\/p>\n","protected":false},"author":1,"featured_media":371,"parent":69,"menu_order":0,"comment_status":"closed","ping_status":"closed","template":"","meta":{"_acf_changed":false,"footnotes":""},"class_list":["post-124","page","type-page","status-publish","has-post-thumbnail","hentry"],"acf":[],"yoast_head":"<!-- This site is optimized with the Yoast SEO plugin v27.1.1 - https:\/\/yoast.com\/product\/yoast-seo-wordpress\/ -->\n<title>Entreprises et fondations qui souhaitent soutenir le CSP dans ses actions<\/title>\n<meta name=\"description\" content=\"Les entreprises et fondations peuvent soutenir des actions sociales. Vous avez une entreprise ou une fondation et d\u00e9sirez soutenir le CSP?\" \/>\n<meta name=\"robots\" content=\"index, follow, max-snippet:-1, max-image-preview:large, max-video-preview:-1\" \/>\n<link rel=\"canonical\" href=\"https:\/\/csp.ch\/vaud\/dons\/entreprises-et-fondations\/\" \/>\n<meta property=\"og:locale\" content=\"fr_FR\" \/>\n<meta property=\"og:type\" content=\"article\" \/>\n<meta property=\"og:title\" content=\"Entreprises et fondations qui souhaitent soutenir le CSP dans ses actions\" \/>\n<meta property=\"og:description\" content=\"Les entreprises et fondations peuvent soutenir des actions sociales. Vous avez une entreprise ou une fondation et d\u00e9sirez soutenir le CSP?\" \/>\n<meta property=\"og:url\" content=\"https:\/\/csp.ch\/vaud\/dons\/entreprises-et-fondations\/\" \/>\n<meta property=\"og:site_name\" content=\"CSP Vaud\" \/>\n<meta property=\"article:publisher\" content=\"https:\/\/www.facebook.com\/CSPSuisse\" \/>\n<meta property=\"article:modified_time\" content=\"2022-07-20T09:43:08+00:00\" \/>\n<meta property=\"og:image\" content=\"https:\/\/csp.ch\/wp-content\/uploads\/sites\/4\/2015\/08\/20150917\u00a9RebeccaBowring3939web.jpg\" \/>\n\t<meta property=\"og:image:width\" content=\"1280\" \/>\n\t<meta property=\"og:image:height\" content=\"853\" \/>\n\t<meta property=\"og:image:type\" content=\"image\/jpeg\" \/>\n<meta name=\"twitter:card\" content=\"summary_large_image\" \/>\n<meta name=\"twitter:label1\" content=\"Dur\u00e9e de lecture estim\u00e9e\" \/>\n\t<meta name=\"twitter:data1\" content=\"1 minute\" \/>\n<script type=\"application\/ld+json\" class=\"yoast-schema-graph\">{\"@context\":\"https:\/\/schema.org\",\"@graph\":[{\"@type\":\"WebPage\",\"@id\":\"https:\/\/csp.ch\/vaud\/dons\/entreprises-et-fondations\/\",\"url\":\"https:\/\/csp.ch\/vaud\/dons\/entreprises-et-fondations\/\",\"name\":\"Entreprises et fondations qui souhaitent soutenir le CSP dans ses actions\",\"isPartOf\":{\"@id\":\"https:\/\/csp.ch\/vaud\/#website\"},\"primaryImageOfPage\":{\"@id\":\"https:\/\/csp.ch\/vaud\/dons\/entreprises-et-fondations\/#primaryimage\"},\"image\":{\"@id\":\"https:\/\/csp.ch\/vaud\/dons\/entreprises-et-fondations\/#primaryimage\"},\"thumbnailUrl\":\"https:\/\/csp.ch\/wp-content\/uploads\/sites\/4\/2015\/08\/20150917\u00a9RebeccaBowring3939web.jpg\",\"datePublished\":\"2015-08-11T14:30:43+00:00\",\"dateModified\":\"2022-07-20T09:43:08+00:00\",\"description\":\"Les entreprises et fondations peuvent soutenir des actions sociales. Vous avez une entreprise ou une fondation et d\u00e9sirez soutenir le CSP?\",\"breadcrumb\":{\"@id\":\"https:\/\/csp.ch\/vaud\/dons\/entreprises-et-fondations\/#breadcrumb\"},\"inLanguage\":\"fr-FR\",\"potentialAction\":[{\"@type\":\"ReadAction\",\"target\":[\"https:\/\/csp.ch\/vaud\/dons\/entreprises-et-fondations\/\"]}]},{\"@type\":\"ImageObject\",\"inLanguage\":\"fr-FR\",\"@id\":\"https:\/\/csp.ch\/vaud\/dons\/entreprises-et-fondations\/#primaryimage\",\"url\":\"https:\/\/csp.ch\/wp-content\/uploads\/sites\/4\/2015\/08\/20150917\u00a9RebeccaBowring3939web.jpg\",\"contentUrl\":\"https:\/\/csp.ch\/wp-content\/uploads\/sites\/4\/2015\/08\/20150917\u00a9RebeccaBowring3939web.jpg\",\"width\":1280,\"height\":853},{\"@type\":\"BreadcrumbList\",\"@id\":\"https:\/\/csp.ch\/vaud\/dons\/entreprises-et-fondations\/#breadcrumb\",\"itemListElement\":[{\"@type\":\"ListItem\",\"position\":1,\"name\":\"Accueil\",\"item\":\"https:\/\/csp.ch\/vaud\/\"},{\"@type\":\"ListItem\",\"position\":2,\"name\":\"Faire un Don\",\"item\":\"https:\/\/csp.ch\/vaud\/dons\/\"},{\"@type\":\"ListItem\",\"position\":3,\"name\":\"Entreprises et fondations\"}]},{\"@type\":\"WebSite\",\"@id\":\"https:\/\/csp.ch\/vaud\/#website\",\"url\":\"https:\/\/csp.ch\/vaud\/\",\"name\":\"https:\/\/csp.ch\/vaud\/\",\"description\":\"\",\"publisher\":{\"@id\":\"https:\/\/csp.ch\/vaud\/#organization\"},\"potentialAction\":[{\"@type\":\"SearchAction\",\"target\":{\"@type\":\"EntryPoint\",\"urlTemplate\":\"https:\/\/csp.ch\/vaud\/?s={search_term_string}\"},\"query-input\":{\"@type\":\"PropertyValueSpecification\",\"valueRequired\":true,\"valueName\":\"search_term_string\"}}],\"inLanguage\":\"fr-FR\"},{\"@type\":\"Organization\",\"@id\":\"https:\/\/csp.ch\/vaud\/#organization\",\"name\":\"https:\/\/csp.ch\/vaud\/\",\"url\":\"https:\/\/csp.ch\/vaud\/\",\"logo\":{\"@type\":\"ImageObject\",\"inLanguage\":\"fr-FR\",\"@id\":\"https:\/\/csp.ch\/vaud\/#\/schema\/logo\/image\/\",\"url\":\"https:\/\/csp.ch\/wp-content\/uploads\/sites\/4\/2022\/11\/Logo-CSP-VD-RVB.OK_.jpg\",\"contentUrl\":\"https:\/\/csp.ch\/wp-content\/uploads\/sites\/4\/2022\/11\/Logo-CSP-VD-RVB.OK_.jpg\",\"width\":600,\"height\":306,\"caption\":\"https:\/\/csp.ch\/vaud\/\"},\"image\":{\"@id\":\"https:\/\/csp.ch\/vaud\/#\/schema\/logo\/image\/\"},\"sameAs\":[\"https:\/\/www.facebook.com\/CSPSuisse\",\"https:\/\/www.linkedin.com\/company\/csp-vaud\/mycompany\"]}]}<\/script>\n<!-- \/ Yoast SEO plugin. -->","yoast_head_json":{"title":"Entreprises et fondations qui souhaitent soutenir le CSP dans ses actions","description":"Les entreprises et fondations peuvent soutenir des actions sociales. Vous avez une entreprise ou une fondation et d\u00e9sirez soutenir le CSP?","robots":{"index":"index","follow":"follow","max-snippet":"max-snippet:-1","max-image-preview":"max-image-preview:large","max-video-preview":"max-video-preview:-1"},"canonical":"https:\/\/csp.ch\/vaud\/dons\/entreprises-et-fondations\/","og_locale":"fr_FR","og_type":"article","og_title":"Entreprises et fondations qui souhaitent soutenir le CSP dans ses actions","og_description":"Les entreprises et fondations peuvent soutenir des actions sociales. Vous avez une entreprise ou une fondation et d\u00e9sirez soutenir le CSP?","og_url":"https:\/\/csp.ch\/vaud\/dons\/entreprises-et-fondations\/","og_site_name":"CSP Vaud","article_publisher":"https:\/\/www.facebook.com\/CSPSuisse","article_modified_time":"2022-07-20T09:43:08+00:00","og_image":[{"width":1280,"height":853,"url":"https:\/\/csp.ch\/wp-content\/uploads\/sites\/4\/2015\/08\/20150917\u00a9RebeccaBowring3939web.jpg","type":"image\/jpeg"}],"twitter_card":"summary_large_image","twitter_misc":{"Dur\u00e9e de lecture estim\u00e9e":"1 minute"},"schema":{"@context":"https:\/\/schema.org","@graph":[{"@type":"WebPage","@id":"https:\/\/csp.ch\/vaud\/dons\/entreprises-et-fondations\/","url":"https:\/\/csp.ch\/vaud\/dons\/entreprises-et-fondations\/","name":"Entreprises et fondations qui souhaitent soutenir le CSP dans ses actions","isPartOf":{"@id":"https:\/\/csp.ch\/vaud\/#website"},"primaryImageOfPage":{"@id":"https:\/\/csp.ch\/vaud\/dons\/entreprises-et-fondations\/#primaryimage"},"image":{"@id":"https:\/\/csp.ch\/vaud\/dons\/entreprises-et-fondations\/#primaryimage"},"thumbnailUrl":"https:\/\/csp.ch\/wp-content\/uploads\/sites\/4\/2015\/08\/20150917\u00a9RebeccaBowring3939web.jpg","datePublished":"2015-08-11T14:30:43+00:00","dateModified":"2022-07-20T09:43:08+00:00","description":"Les entreprises et fondations peuvent soutenir des actions sociales. Vous avez une entreprise ou une fondation et d\u00e9sirez soutenir le CSP?","breadcrumb":{"@id":"https:\/\/csp.ch\/vaud\/dons\/entreprises-et-fondations\/#breadcrumb"},"inLanguage":"fr-FR","potentialAction":[{"@type":"ReadAction","target":["https:\/\/csp.ch\/vaud\/dons\/entreprises-et-fondations\/"]}]},{"@type":"ImageObject","inLanguage":"fr-FR","@id":"https:\/\/csp.ch\/vaud\/dons\/entreprises-et-fondations\/#primaryimage","url":"https:\/\/csp.ch\/wp-content\/uploads\/sites\/4\/2015\/08\/20150917\u00a9RebeccaBowring3939web.jpg","contentUrl":"https:\/\/csp.ch\/wp-content\/uploads\/sites\/4\/2015\/08\/20150917\u00a9RebeccaBowring3939web.jpg","width":1280,"height":853},{"@type":"BreadcrumbList","@id":"https:\/\/csp.ch\/vaud\/dons\/entreprises-et-fondations\/#breadcrumb","itemListElement":[{"@type":"ListItem","position":1,"name":"Accueil","item":"https:\/\/csp.ch\/vaud\/"},{"@type":"ListItem","position":2,"name":"Faire un Don","item":"https:\/\/csp.ch\/vaud\/dons\/"},{"@type":"ListItem","position":3,"name":"Entreprises et fondations"}]},{"@type":"WebSite","@id":"https:\/\/csp.ch\/vaud\/#website","url":"https:\/\/csp.ch\/vaud\/","name":"https:\/\/csp.ch\/vaud\/","description":"","publisher":{"@id":"https:\/\/csp.ch\/vaud\/#organization"},"potentialAction":[{"@type":"SearchAction","target":{"@type":"EntryPoint","urlTemplate":"https:\/\/csp.ch\/vaud\/?s={search_term_string}"},"query-input":{"@type":"PropertyValueSpecification","valueRequired":true,"valueName":"search_term_string"}}],"inLanguage":"fr-FR"},{"@type":"Organization","@id":"https:\/\/csp.ch\/vaud\/#organization","name":"https:\/\/csp.ch\/vaud\/","url":"https:\/\/csp.ch\/vaud\/","logo":{"@type":"ImageObject","inLanguage":"fr-FR","@id":"https:\/\/csp.ch\/vaud\/#\/schema\/logo\/image\/","url":"https:\/\/csp.ch\/wp-content\/uploads\/sites\/4\/2022\/11\/Logo-CSP-VD-RVB.OK_.jpg","contentUrl":"https:\/\/csp.ch\/wp-content\/uploads\/sites\/4\/2022\/11\/Logo-CSP-VD-RVB.OK_.jpg","width":600,"height":306,"caption":"https:\/\/csp.ch\/vaud\/"},"image":{"@id":"https:\/\/csp.ch\/vaud\/#\/schema\/logo\/image\/"},"sameAs":["https:\/\/www.facebook.com\/CSPSuisse","https:\/\/www.linkedin.com\/company\/csp-vaud\/mycompany"]}]}},"_links":{"self":[{"href":"https:\/\/csp.ch\/vaud\/wp-json\/wp\/v2\/pages\/124","targetHints":{"allow":["GET"]}}],"collection":[{"href":"https:\/\/csp.ch\/vaud\/wp-json\/wp\/v2\/pages"}],"about":[{"href":"https:\/\/csp.ch\/vaud\/wp-json\/wp\/v2\/types\/page"}],"author":[{"embeddable":true,"href":"https:\/\/csp.ch\/vaud\/wp-json\/wp\/v2\/users\/1"}],"replies":[{"embeddable":true,"href":"https:\/\/csp.ch\/vaud\/wp-json\/wp\/v2\/comments?post=124"}],"version-history":[{"count":11,"href":"https:\/\/csp.ch\/vaud\/wp-json\/wp\/v2\/pages\/124\/revisions"}],"predecessor-version":[{"id":15365,"href":"https:\/\/csp.ch\/vaud\/wp-json\/wp\/v2\/pages\/124\/revisions\/15365"}],"up":[{"embeddable":true,"href":"https:\/\/csp.ch\/vaud\/wp-json\/wp\/v2\/pages\/69"}],"wp:featuredmedia":[{"embeddable":true,"href":"https:\/\/csp.ch\/vaud\/wp-json\/wp\/v2\/media\/371"}],"wp:attachment":[{"href":"https:\/\/csp.ch\/vaud\/wp-json\/wp\/v2\/media?parent=124"}],"curies":[{"name":"wp","href":"https:\/\/api.w.org\/{rel}","templated":true}]}}