{"id":118,"date":"2015-08-11T15:26:18","date_gmt":"2015-08-11T14:26:18","guid":{"rendered":"https:\/\/csp.ch\/vd\/?page_id=118"},"modified":"2020-07-14T15:50:10","modified_gmt":"2020-07-14T14:50:10","slug":"dons-dobjets","status":"publish","type":"page","link":"https:\/\/csp.ch\/vaud\/dons\/dons-dobjets\/","title":{"rendered":"<strong>Dons<\/strong> d\u2019objets"},"content":{"rendered":"<div class=\"wpb-content-wrapper\"><p>[vc_row][vc_column][vc_column_text]<\/p>\n<blockquote><p>Vous avez des objets, des meubles, des livres, des habits en bon \u00e9tat que vous n\u2019utilisez plus\u00a0?<\/p><\/blockquote>\n<p>&nbsp;<\/p>\n<p>Vous pouvez les donner au CSP Vaud, pour qu\u2019ils soient remis en vente dans ses magasins d\u2019occasion.<\/p>\n<h4>Vous faites ainsi d\u2019une pierre deux coups\u00a0:<\/h4>\n<ul>\n<li>Vous permettez \u00e0 d\u2019autres personnes d\u2019acqu\u00e9rir des biens de qualit\u00e9 vendus \u00e0 bas prix (ce qui les rend accessibles \u00e0 tous)<\/li>\n<li>Vous contribuez \u00e0 financer les consultations sociales du CSP Vaud.<\/li>\n<\/ul>\n<p>Vous pouvez d\u00e9poser vos dons directement dans un de nos magasins, pendant les heures d\u2019ouverture.<\/p>\n<p>Si vous souhaitez que les collaborateurs du Galetas le plus proche passent prendre du mat\u00e9riel chez vous, nous vous demandons de t\u00e9l\u00e9phoner au Galetas de votre choix et, si possible, de remplir le formulaire ci-dessous en y int\u00e9grant quelques photos des objets que vous souhaitez donner.<\/p>\n<p>Un grand merci \u00e0 vous !<\/p>\n<h4><strong>Formulaire de demande de ramassage<\/strong><\/h4>\n\n<div class=\"wpcf7 no-js\" id=\"wpcf7-f2928-o1\" lang=\"fr-FR\" dir=\"ltr\" data-wpcf7-id=\"2928\">\n<div class=\"screen-reader-response\"><p role=\"status\" aria-live=\"polite\" aria-atomic=\"true\"><\/p> <ul><\/ul><\/div>\n<form action=\"\/vaud\/wp-json\/wp\/v2\/pages\/118#wpcf7-f2928-o1\" method=\"post\" class=\"wpcf7-form init\" aria-label=\"Formulaire de contact\" enctype=\"multipart\/form-data\" novalidate=\"novalidate\" data-status=\"init\">\n<fieldset class=\"hidden-fields-container\"><input type=\"hidden\" name=\"_wpcf7\" value=\"2928\" \/><input type=\"hidden\" name=\"_wpcf7_version\" value=\"6.1.5\" \/><input type=\"hidden\" name=\"_wpcf7_locale\" value=\"fr_FR\" \/><input type=\"hidden\" name=\"_wpcf7_unit_tag\" value=\"wpcf7-f2928-o1\" \/><input type=\"hidden\" name=\"_wpcf7_container_post\" value=\"0\" \/><input type=\"hidden\" name=\"_wpcf7_posted_data_hash\" value=\"\" \/>\n<\/fieldset>\n<p><label> Votre nom et pr\u00e9nom*<br \/>\n<span class=\"wpcf7-form-control-wrap\" data-name=\"your-name\"><input size=\"40\" maxlength=\"400\" class=\"wpcf7-form-control wpcf7-text wpcf7-validates-as-required\" aria-required=\"true\" aria-invalid=\"false\" value=\"\" type=\"text\" name=\"your-name\" \/><\/span> <\/label>\n<\/p>\n<p><label> Rue et num\u00e9ro (lieu de prise en charge)*<br \/>\n<span class=\"wpcf7-form-control-wrap\" data-name=\"address\"><input size=\"40\" maxlength=\"400\" class=\"wpcf7-form-control wpcf7-text wpcf7-validates-as-required\" aria-required=\"true\" aria-invalid=\"false\" value=\"\" type=\"text\" name=\"address\" \/><\/span> <\/label>\n<\/p>\n<p><label> Code postal et localit\u00e9 (lieu de prise en charge)*<br \/>\n<span class=\"wpcf7-form-control-wrap\" data-name=\"zip\"><input size=\"40\" maxlength=\"400\" class=\"wpcf7-form-control wpcf7-text wpcf7-validates-as-required\" aria-required=\"true\" aria-invalid=\"false\" value=\"\" type=\"text\" name=\"zip\" \/><\/span> <\/label>\n<\/p>\n<p><label> Informations compl\u00e9mentaires (\u00e9tage, ascenseur, digicode\u2026)<br \/>\n<span class=\"wpcf7-form-control-wrap\" data-name=\"informations\"><input size=\"40\" maxlength=\"400\" class=\"wpcf7-form-control wpcf7-text\" aria-invalid=\"false\" value=\"\" type=\"text\" name=\"informations\" \/><\/span> <\/label>\n<\/p>\n<p><label> Votre adresse email*<br \/>\n<span class=\"wpcf7-form-control-wrap\" data-name=\"your-email\"><input size=\"40\" maxlength=\"400\" class=\"wpcf7-form-control wpcf7-email wpcf7-validates-as-required wpcf7-text wpcf7-validates-as-email\" aria-required=\"true\" aria-invalid=\"false\" value=\"\" type=\"email\" name=\"your-email\" \/><\/span> <\/label>\n<\/p>\n<p><label>Votre num\u00e9ro de t\u00e9l\u00e9phone*<br \/>\n<span class=\"wpcf7-form-control-wrap\" data-name=\"tel-407\"><input size=\"40\" maxlength=\"400\" class=\"wpcf7-form-control wpcf7-tel wpcf7-validates-as-required wpcf7-text wpcf7-validates-as-tel\" aria-required=\"true\" aria-invalid=\"false\" value=\"\" type=\"tel\" name=\"tel-407\" \/><\/span> <\/label>\n<\/p>\n<p><label> Quels objets souhaitez-vous donner ?<br \/>\n<span class=\"wpcf7-form-control-wrap\" data-name=\"your-subject\"><input size=\"40\" maxlength=\"400\" class=\"wpcf7-form-control wpcf7-text\" aria-invalid=\"false\" value=\"\" type=\"text\" name=\"your-subject\" \/><\/span> <\/label>\n<\/p>\n<p><label> Description des objets<br \/>\n<span class=\"wpcf7-form-control-wrap\" data-name=\"your-message\"><textarea cols=\"40\" rows=\"10\" maxlength=\"2000\" class=\"wpcf7-form-control wpcf7-textarea\" aria-invalid=\"false\" name=\"your-message\"><\/textarea><\/span> <\/label>\n<\/p>\n<p><label> Photo de l'objet*<br \/>\n<span class=\"wpcf7-form-control-wrap\" data-name=\"photo1\"><input size=\"40\" class=\"wpcf7-form-control wpcf7-file wpcf7-validates-as-required\" accept=\"audio\/*,video\/*,image\/*\" aria-required=\"true\" aria-invalid=\"false\" type=\"file\" name=\"photo1\" \/><\/span><br \/>\n<\/label>\n<\/p>\n<p><label> Photo de l'objet<br \/>\n<span class=\"wpcf7-form-control-wrap\" data-name=\"photo2\"><input size=\"40\" class=\"wpcf7-form-control wpcf7-file\" accept=\"audio\/*,video\/*,image\/*\" aria-invalid=\"false\" type=\"file\" name=\"photo2\" \/><\/span><br \/>\n<\/label>\n<\/p>\n<p><label> Photo de l'objet<br \/>\n<span class=\"wpcf7-form-control-wrap\" data-name=\"photo3\"><input size=\"40\" class=\"wpcf7-form-control wpcf7-file\" accept=\"audio\/*,video\/*,image\/*\" aria-invalid=\"false\" type=\"file\" name=\"photo3\" \/><\/span><br \/>\n<\/label>\n<\/p>\n<p><label> Avant quelle date souhaitez-vous la prise en charge de vos objets ?*<br \/>\n<span class=\"wpcf7-form-control-wrap\" data-name=\"text-738\"><input size=\"40\" maxlength=\"400\" class=\"wpcf7-form-control wpcf7-text wpcf7-validates-as-required\" aria-required=\"true\" aria-invalid=\"false\" value=\"\" type=\"text\" name=\"text-738\" \/><\/span> <\/label>\n<\/p>\n<p><label> S\u00e9lectionnez le Galetas le plus proche de chez vous*<br \/>\n<span class=\"wpcf7-form-control-wrap\" data-name=\"SlectionnezleGaletasleplusprochedechezvous\"><select class=\"wpcf7-form-control wpcf7-select wpcf7-validates-as-required\" aria-required=\"true\" aria-invalid=\"false\" name=\"SlectionnezleGaletasleplusprochedechezvous\"><option value=\"\">&#8212;Veuillez choisir une option&#8212;<\/option><option value=\"Bl\u00e9cherette\">Bl\u00e9cherette<\/option><option value=\"Riviera\">Riviera<\/option><option value=\"Broye\">Broye<\/option><\/select><\/span> <\/label>\n<\/p>\n<p><input class=\"wpcf7-form-control wpcf7-submit has-spinner\" type=\"submit\" value=\"Envoyer\" \/>\n<\/p><input type='hidden' class='wpcf7-pum' value='{\"closepopup\":false,\"closedelay\":0,\"openpopup\":false,\"openpopup_id\":0}' \/><div class=\"wpcf7-response-output\" aria-hidden=\"true\"><\/div>\n<\/form>\n<\/div>\n\n<p>Toutes les coordonn\u00e9es, informations, actualit\u00e9s de nos magasins d\u2019occasion en <a href=\"http:\/\/www.galetas.ch\">cliquant ici<\/a>[\/vc_column_text][\/vc_column][\/vc_row]<\/p>\n<\/div>","protected":false},"excerpt":{"rendered":"<p>[vc_row][vc_column][vc_column_text] Vous avez des objets, des meubles, des livres, des habits en bon \u00e9tat que vous n\u2019utilisez plus\u00a0? &nbsp; Vous pouvez les donner au CSP Vaud, pour qu\u2019ils soient remis en vente dans ses magasins d\u2019occasion. Vous faites ainsi d\u2019une pierre deux coups\u00a0: Vous permettez \u00e0 d\u2019autres personnes d\u2019acqu\u00e9rir des biens de qualit\u00e9 vendus \u00e0 [&hellip;]<\/p>\n","protected":false},"author":1,"featured_media":497,"parent":69,"menu_order":0,"comment_status":"closed","ping_status":"closed","template":"","meta":{"_acf_changed":false,"footnotes":""},"class_list":["post-118","page","type-page","status-publish","has-post-thumbnail","hentry"],"acf":[],"yoast_head":"<!-- This site is optimized with the Yoast SEO plugin v27.1.1 - https:\/\/yoast.com\/product\/yoast-seo-wordpress\/ -->\n<title>Dons d\u2019objets - CSP Vaud<\/title>\n<meta name=\"description\" content=\"Donner vos objets encore en \u00e9tat de servir au CSP vaudois. Ils contribueront \u00e0 financer les prestations sociales que nous offrons.\" \/>\n<meta name=\"robots\" content=\"index, follow, max-snippet:-1, max-image-preview:large, max-video-preview:-1\" \/>\n<link rel=\"canonical\" href=\"https:\/\/csp.ch\/vaud\/dons\/dons-dobjets\/\" \/>\n<meta property=\"og:locale\" content=\"fr_FR\" \/>\n<meta property=\"og:type\" content=\"article\" \/>\n<meta property=\"og:title\" content=\"Dons d\u2019objets - CSP Vaud\" \/>\n<meta property=\"og:description\" content=\"Donner vos objets encore en \u00e9tat de servir au CSP vaudois. Ils contribueront \u00e0 financer les prestations sociales que nous offrons.\" \/>\n<meta property=\"og:url\" content=\"https:\/\/csp.ch\/vaud\/dons\/dons-dobjets\/\" \/>\n<meta property=\"og:site_name\" content=\"CSP Vaud\" \/>\n<meta property=\"article:publisher\" content=\"https:\/\/www.facebook.com\/CSPSuisse\" \/>\n<meta property=\"article:modified_time\" content=\"2020-07-14T14:50:10+00:00\" \/>\n<meta property=\"og:image\" content=\"https:\/\/csp.ch\/wp-content\/uploads\/sites\/4\/2015\/08\/20150915\u00a9CSP-NE_RebeccaBowring3738.jpg\" \/>\n\t<meta property=\"og:image:width\" content=\"1037\" \/>\n\t<meta property=\"og:image:height\" content=\"692\" \/>\n\t<meta property=\"og:image:type\" content=\"image\/jpeg\" \/>\n<meta name=\"twitter:card\" content=\"summary_large_image\" \/>\n<meta name=\"twitter:label1\" content=\"Dur\u00e9e de lecture estim\u00e9e\" \/>\n\t<meta name=\"twitter:data1\" content=\"1 minute\" \/>\n<script type=\"application\/ld+json\" class=\"yoast-schema-graph\">{\"@context\":\"https:\/\/schema.org\",\"@graph\":[{\"@type\":\"WebPage\",\"@id\":\"https:\/\/csp.ch\/vaud\/dons\/dons-dobjets\/\",\"url\":\"https:\/\/csp.ch\/vaud\/dons\/dons-dobjets\/\",\"name\":\"Dons d\u2019objets - CSP Vaud\",\"isPartOf\":{\"@id\":\"https:\/\/csp.ch\/vaud\/#website\"},\"primaryImageOfPage\":{\"@id\":\"https:\/\/csp.ch\/vaud\/dons\/dons-dobjets\/#primaryimage\"},\"image\":{\"@id\":\"https:\/\/csp.ch\/vaud\/dons\/dons-dobjets\/#primaryimage\"},\"thumbnailUrl\":\"https:\/\/csp.ch\/wp-content\/uploads\/sites\/4\/2015\/08\/20150915\u00a9CSP-NE_RebeccaBowring3738.jpg\",\"datePublished\":\"2015-08-11T14:26:18+00:00\",\"dateModified\":\"2020-07-14T14:50:10+00:00\",\"description\":\"Donner vos objets encore en \u00e9tat de servir au CSP vaudois. Ils contribueront \u00e0 financer les prestations sociales que nous offrons.\",\"breadcrumb\":{\"@id\":\"https:\/\/csp.ch\/vaud\/dons\/dons-dobjets\/#breadcrumb\"},\"inLanguage\":\"fr-FR\",\"potentialAction\":[{\"@type\":\"ReadAction\",\"target\":[\"https:\/\/csp.ch\/vaud\/dons\/dons-dobjets\/\"]}]},{\"@type\":\"ImageObject\",\"inLanguage\":\"fr-FR\",\"@id\":\"https:\/\/csp.ch\/vaud\/dons\/dons-dobjets\/#primaryimage\",\"url\":\"https:\/\/csp.ch\/wp-content\/uploads\/sites\/4\/2015\/08\/20150915\u00a9CSP-NE_RebeccaBowring3738.jpg\",\"contentUrl\":\"https:\/\/csp.ch\/wp-content\/uploads\/sites\/4\/2015\/08\/20150915\u00a9CSP-NE_RebeccaBowring3738.jpg\",\"width\":1037,\"height\":692},{\"@type\":\"BreadcrumbList\",\"@id\":\"https:\/\/csp.ch\/vaud\/dons\/dons-dobjets\/#breadcrumb\",\"itemListElement\":[{\"@type\":\"ListItem\",\"position\":1,\"name\":\"Accueil\",\"item\":\"https:\/\/csp.ch\/vaud\/\"},{\"@type\":\"ListItem\",\"position\":2,\"name\":\"Faire un Don\",\"item\":\"https:\/\/csp.ch\/vaud\/dons\/\"},{\"@type\":\"ListItem\",\"position\":3,\"name\":\"Dons d\u2019objets\"}]},{\"@type\":\"WebSite\",\"@id\":\"https:\/\/csp.ch\/vaud\/#website\",\"url\":\"https:\/\/csp.ch\/vaud\/\",\"name\":\"https:\/\/csp.ch\/vaud\/\",\"description\":\"\",\"publisher\":{\"@id\":\"https:\/\/csp.ch\/vaud\/#organization\"},\"potentialAction\":[{\"@type\":\"SearchAction\",\"target\":{\"@type\":\"EntryPoint\",\"urlTemplate\":\"https:\/\/csp.ch\/vaud\/?s={search_term_string}\"},\"query-input\":{\"@type\":\"PropertyValueSpecification\",\"valueRequired\":true,\"valueName\":\"search_term_string\"}}],\"inLanguage\":\"fr-FR\"},{\"@type\":\"Organization\",\"@id\":\"https:\/\/csp.ch\/vaud\/#organization\",\"name\":\"https:\/\/csp.ch\/vaud\/\",\"url\":\"https:\/\/csp.ch\/vaud\/\",\"logo\":{\"@type\":\"ImageObject\",\"inLanguage\":\"fr-FR\",\"@id\":\"https:\/\/csp.ch\/vaud\/#\/schema\/logo\/image\/\",\"url\":\"https:\/\/csp.ch\/wp-content\/uploads\/sites\/4\/2022\/11\/Logo-CSP-VD-RVB.OK_.jpg\",\"contentUrl\":\"https:\/\/csp.ch\/wp-content\/uploads\/sites\/4\/2022\/11\/Logo-CSP-VD-RVB.OK_.jpg\",\"width\":600,\"height\":306,\"caption\":\"https:\/\/csp.ch\/vaud\/\"},\"image\":{\"@id\":\"https:\/\/csp.ch\/vaud\/#\/schema\/logo\/image\/\"},\"sameAs\":[\"https:\/\/www.facebook.com\/CSPSuisse\",\"https:\/\/www.linkedin.com\/company\/csp-vaud\/mycompany\"]}]}<\/script>\n<!-- \/ Yoast SEO plugin. -->","yoast_head_json":{"title":"Dons d\u2019objets - CSP Vaud","description":"Donner vos objets encore en \u00e9tat de servir au CSP vaudois. Ils contribueront \u00e0 financer les prestations sociales que nous offrons.","robots":{"index":"index","follow":"follow","max-snippet":"max-snippet:-1","max-image-preview":"max-image-preview:large","max-video-preview":"max-video-preview:-1"},"canonical":"https:\/\/csp.ch\/vaud\/dons\/dons-dobjets\/","og_locale":"fr_FR","og_type":"article","og_title":"Dons d\u2019objets - CSP Vaud","og_description":"Donner vos objets encore en \u00e9tat de servir au CSP vaudois. Ils contribueront \u00e0 financer les prestations sociales que nous offrons.","og_url":"https:\/\/csp.ch\/vaud\/dons\/dons-dobjets\/","og_site_name":"CSP Vaud","article_publisher":"https:\/\/www.facebook.com\/CSPSuisse","article_modified_time":"2020-07-14T14:50:10+00:00","og_image":[{"width":1037,"height":692,"url":"https:\/\/csp.ch\/wp-content\/uploads\/sites\/4\/2015\/08\/20150915\u00a9CSP-NE_RebeccaBowring3738.jpg","type":"image\/jpeg"}],"twitter_card":"summary_large_image","twitter_misc":{"Dur\u00e9e de lecture estim\u00e9e":"1 minute"},"schema":{"@context":"https:\/\/schema.org","@graph":[{"@type":"WebPage","@id":"https:\/\/csp.ch\/vaud\/dons\/dons-dobjets\/","url":"https:\/\/csp.ch\/vaud\/dons\/dons-dobjets\/","name":"Dons d\u2019objets - CSP Vaud","isPartOf":{"@id":"https:\/\/csp.ch\/vaud\/#website"},"primaryImageOfPage":{"@id":"https:\/\/csp.ch\/vaud\/dons\/dons-dobjets\/#primaryimage"},"image":{"@id":"https:\/\/csp.ch\/vaud\/dons\/dons-dobjets\/#primaryimage"},"thumbnailUrl":"https:\/\/csp.ch\/wp-content\/uploads\/sites\/4\/2015\/08\/20150915\u00a9CSP-NE_RebeccaBowring3738.jpg","datePublished":"2015-08-11T14:26:18+00:00","dateModified":"2020-07-14T14:50:10+00:00","description":"Donner vos objets encore en \u00e9tat de servir au CSP vaudois. Ils contribueront \u00e0 financer les prestations sociales que nous offrons.","breadcrumb":{"@id":"https:\/\/csp.ch\/vaud\/dons\/dons-dobjets\/#breadcrumb"},"inLanguage":"fr-FR","potentialAction":[{"@type":"ReadAction","target":["https:\/\/csp.ch\/vaud\/dons\/dons-dobjets\/"]}]},{"@type":"ImageObject","inLanguage":"fr-FR","@id":"https:\/\/csp.ch\/vaud\/dons\/dons-dobjets\/#primaryimage","url":"https:\/\/csp.ch\/wp-content\/uploads\/sites\/4\/2015\/08\/20150915\u00a9CSP-NE_RebeccaBowring3738.jpg","contentUrl":"https:\/\/csp.ch\/wp-content\/uploads\/sites\/4\/2015\/08\/20150915\u00a9CSP-NE_RebeccaBowring3738.jpg","width":1037,"height":692},{"@type":"BreadcrumbList","@id":"https:\/\/csp.ch\/vaud\/dons\/dons-dobjets\/#breadcrumb","itemListElement":[{"@type":"ListItem","position":1,"name":"Accueil","item":"https:\/\/csp.ch\/vaud\/"},{"@type":"ListItem","position":2,"name":"Faire un Don","item":"https:\/\/csp.ch\/vaud\/dons\/"},{"@type":"ListItem","position":3,"name":"Dons d\u2019objets"}]},{"@type":"WebSite","@id":"https:\/\/csp.ch\/vaud\/#website","url":"https:\/\/csp.ch\/vaud\/","name":"https:\/\/csp.ch\/vaud\/","description":"","publisher":{"@id":"https:\/\/csp.ch\/vaud\/#organization"},"potentialAction":[{"@type":"SearchAction","target":{"@type":"EntryPoint","urlTemplate":"https:\/\/csp.ch\/vaud\/?s={search_term_string}"},"query-input":{"@type":"PropertyValueSpecification","valueRequired":true,"valueName":"search_term_string"}}],"inLanguage":"fr-FR"},{"@type":"Organization","@id":"https:\/\/csp.ch\/vaud\/#organization","name":"https:\/\/csp.ch\/vaud\/","url":"https:\/\/csp.ch\/vaud\/","logo":{"@type":"ImageObject","inLanguage":"fr-FR","@id":"https:\/\/csp.ch\/vaud\/#\/schema\/logo\/image\/","url":"https:\/\/csp.ch\/wp-content\/uploads\/sites\/4\/2022\/11\/Logo-CSP-VD-RVB.OK_.jpg","contentUrl":"https:\/\/csp.ch\/wp-content\/uploads\/sites\/4\/2022\/11\/Logo-CSP-VD-RVB.OK_.jpg","width":600,"height":306,"caption":"https:\/\/csp.ch\/vaud\/"},"image":{"@id":"https:\/\/csp.ch\/vaud\/#\/schema\/logo\/image\/"},"sameAs":["https:\/\/www.facebook.com\/CSPSuisse","https:\/\/www.linkedin.com\/company\/csp-vaud\/mycompany"]}]}},"_links":{"self":[{"href":"https:\/\/csp.ch\/vaud\/wp-json\/wp\/v2\/pages\/118","targetHints":{"allow":["GET"]}}],"collection":[{"href":"https:\/\/csp.ch\/vaud\/wp-json\/wp\/v2\/pages"}],"about":[{"href":"https:\/\/csp.ch\/vaud\/wp-json\/wp\/v2\/types\/page"}],"author":[{"embeddable":true,"href":"https:\/\/csp.ch\/vaud\/wp-json\/wp\/v2\/users\/1"}],"replies":[{"embeddable":true,"href":"https:\/\/csp.ch\/vaud\/wp-json\/wp\/v2\/comments?post=118"}],"version-history":[{"count":7,"href":"https:\/\/csp.ch\/vaud\/wp-json\/wp\/v2\/pages\/118\/revisions"}],"predecessor-version":[{"id":7177,"href":"https:\/\/csp.ch\/vaud\/wp-json\/wp\/v2\/pages\/118\/revisions\/7177"}],"up":[{"embeddable":true,"href":"https:\/\/csp.ch\/vaud\/wp-json\/wp\/v2\/pages\/69"}],"wp:featuredmedia":[{"embeddable":true,"href":"https:\/\/csp.ch\/vaud\/wp-json\/wp\/v2\/media\/497"}],"wp:attachment":[{"href":"https:\/\/csp.ch\/vaud\/wp-json\/wp\/v2\/media?parent=118"}],"curies":[{"name":"wp","href":"https:\/\/api.w.org\/{rel}","templated":true}]}}