{"id":11605,"date":"2021-09-07T08:37:39","date_gmt":"2021-09-07T07:37:39","guid":{"rendered":"https:\/\/csp.ch\/vaud\/?page_id=11605"},"modified":"2021-09-17T08:48:16","modified_gmt":"2021-09-17T07:48:16","slug":"60ans-partie-officielle-de-la-journee-du-7-octobre-2021","status":"publish","type":"page","link":"https:\/\/csp.ch\/vaud\/60ans-partie-officielle-de-la-journee-du-7-octobre-2021\/","title":{"rendered":"Partie <strong> officielle <\/strong> de la journ\u00e9e du 7 oct. 2021"},"content":{"rendered":"<p>La partie officielle se d\u00e9roulera d\u00e8s 17h, \u00e0 l&rsquo;issue de l&rsquo;apr\u00e8s-midi consacr\u00e9e aux <a href=\"https:\/\/csp.ch\/vaud\/60ans-conference\/\">r\u00e9flexions sur la participation des publics<\/a>. Un immense merci \u00e0 toutes les personnes qui nous font l&rsquo;honneur d&rsquo;\u00eatre pr\u00e9sentes.<\/p>\n<p><strong>Introduction<\/strong><\/p>\n<p>&#8211; Vid\u00e9o institutionnelle du CSP Vaud<\/p>\n<p><strong>Prises de parole<\/strong><\/p>\n<p>&#8211; <strong>Bastienne Joerchel<\/strong>, directrice du CSP Vaud<\/p>\n<p>&#8211; <strong>Amina Benkais-Benbrahim<\/strong>, D\u00e9l\u00e9gu\u00e9e \u00e0 l&rsquo;int\u00e9gration et cheffe du Bureau cantonal pour l\u2019int\u00e9gration des \u00e9trangers et la pr\u00e9vention du racisme<\/p>\n<p>&#8211; <strong>Alexandre Pelizarri<\/strong>, Directeur de la Haute \u00e9cole de travail social et de la sant\u00e9 de Lausanne<\/p>\n<p>&#8211; <strong>Gr\u00e9goire Junod<\/strong>, syndic de la Ville de Lausanne, en charge de la Culture et du D\u00e9veloppement urbain<\/p>\n<p>&#8211; <strong>Cesla Amarelle<\/strong>, conseill\u00e8re d&rsquo;Etat vaudoise, Cheffe du D\u00e9partement de la formation, de la jeunesse et de la culture<\/p>\n<p>&#8211; <strong>Rebecca Ruiz<\/strong>, conseill\u00e8re d&rsquo;Etat vaudoise, Cheffe du D\u00e9partement de la sant\u00e9 et de l&rsquo;action sociale<\/p>\n<p>&#8211; <strong>Nuria Gorrite<\/strong>, pr\u00e9sidente du Conseil d\u2019Etat vaudois et\u00a0Cheffe du D\u00e9partement des infrastructures et des ressources humaines<\/p>\n<p>&#8211; <strong>Anne Baehler Bech<\/strong>, pr\u00e9sidente du CSP Vaud<\/p>\n<p>Les discours seront suivis d\u2019une performance de La Com\u00e9die Musicale Improvis\u00e9e et d\u2019un ap\u00e9ro.<\/p>\n","protected":false},"excerpt":{"rendered":"<p>La partie officielle se d\u00e9roulera d\u00e8s 17h, \u00e0 l&rsquo;issue de l&rsquo;apr\u00e8s-midi consacr\u00e9e aux r\u00e9flexions sur la participation des publics. Un immense merci \u00e0 toutes les personnes qui nous font l&rsquo;honneur d&rsquo;\u00eatre pr\u00e9sentes. Introduction &#8211; Vid\u00e9o institutionnelle du CSP Vaud Prises de parole &#8211; Bastienne Joerchel, directrice du CSP Vaud &#8211; Amina Benkais-Benbrahim, D\u00e9l\u00e9gu\u00e9e \u00e0 l&rsquo;int\u00e9gration [&hellip;]<\/p>\n","protected":false},"author":2,"featured_media":0,"parent":0,"menu_order":0,"comment_status":"closed","ping_status":"closed","template":"","meta":{"_acf_changed":false,"footnotes":""},"class_list":["post-11605","page","type-page","status-publish","hentry"],"acf":[],"yoast_head":"<!-- This site is optimized with the Yoast SEO plugin v27.1.1 - https:\/\/yoast.com\/product\/yoast-seo-wordpress\/ -->\n<title>Partie  officielle  de la journ\u00e9e du 7 oct. 2021 - CSP Vaud<\/title>\n<meta name=\"robots\" content=\"index, follow, max-snippet:-1, max-image-preview:large, max-video-preview:-1\" \/>\n<link rel=\"canonical\" href=\"https:\/\/csp.ch\/vaud\/60ans-partie-officielle-de-la-journee-du-7-octobre-2021\/\" \/>\n<meta property=\"og:locale\" content=\"fr_FR\" \/>\n<meta property=\"og:type\" content=\"article\" \/>\n<meta property=\"og:title\" content=\"Partie  officielle  de la journ\u00e9e du 7 oct. 2021 - CSP Vaud\" \/>\n<meta property=\"og:description\" content=\"La partie officielle se d\u00e9roulera d\u00e8s 17h, \u00e0 l&rsquo;issue de l&rsquo;apr\u00e8s-midi consacr\u00e9e aux r\u00e9flexions sur la participation des publics. Un immense merci \u00e0 toutes les personnes qui nous font l&rsquo;honneur d&rsquo;\u00eatre pr\u00e9sentes. Introduction &#8211; Vid\u00e9o institutionnelle du CSP Vaud Prises de parole &#8211; Bastienne Joerchel, directrice du CSP Vaud &#8211; Amina Benkais-Benbrahim, D\u00e9l\u00e9gu\u00e9e \u00e0 l&rsquo;int\u00e9gration [&hellip;]\" \/>\n<meta property=\"og:url\" content=\"https:\/\/csp.ch\/vaud\/60ans-partie-officielle-de-la-journee-du-7-octobre-2021\/\" \/>\n<meta property=\"og:site_name\" content=\"CSP Vaud\" \/>\n<meta property=\"article:publisher\" content=\"https:\/\/www.facebook.com\/CSPSuisse\" \/>\n<meta property=\"article:modified_time\" content=\"2021-09-17T07:48:16+00:00\" \/>\n<meta name=\"twitter:card\" content=\"summary_large_image\" \/>\n<meta name=\"twitter:label1\" content=\"Dur\u00e9e de lecture estim\u00e9e\" \/>\n\t<meta name=\"twitter:data1\" content=\"1 minute\" \/>\n<script type=\"application\/ld+json\" class=\"yoast-schema-graph\">{\"@context\":\"https:\/\/schema.org\",\"@graph\":[{\"@type\":\"WebPage\",\"@id\":\"https:\/\/csp.ch\/vaud\/60ans-partie-officielle-de-la-journee-du-7-octobre-2021\/\",\"url\":\"https:\/\/csp.ch\/vaud\/60ans-partie-officielle-de-la-journee-du-7-octobre-2021\/\",\"name\":\"Partie officielle de la journ\u00e9e du 7 oct. 2021 - CSP Vaud\",\"isPartOf\":{\"@id\":\"https:\/\/csp.ch\/vaud\/#website\"},\"datePublished\":\"2021-09-07T07:37:39+00:00\",\"dateModified\":\"2021-09-17T07:48:16+00:00\",\"breadcrumb\":{\"@id\":\"https:\/\/csp.ch\/vaud\/60ans-partie-officielle-de-la-journee-du-7-octobre-2021\/#breadcrumb\"},\"inLanguage\":\"fr-FR\",\"potentialAction\":[{\"@type\":\"ReadAction\",\"target\":[\"https:\/\/csp.ch\/vaud\/60ans-partie-officielle-de-la-journee-du-7-octobre-2021\/\"]}]},{\"@type\":\"BreadcrumbList\",\"@id\":\"https:\/\/csp.ch\/vaud\/60ans-partie-officielle-de-la-journee-du-7-octobre-2021\/#breadcrumb\",\"itemListElement\":[{\"@type\":\"ListItem\",\"position\":1,\"name\":\"Accueil\",\"item\":\"https:\/\/csp.ch\/vaud\/\"},{\"@type\":\"ListItem\",\"position\":2,\"name\":\"Partie officielle de la journ\u00e9e du 7 oct. 2021\"}]},{\"@type\":\"WebSite\",\"@id\":\"https:\/\/csp.ch\/vaud\/#website\",\"url\":\"https:\/\/csp.ch\/vaud\/\",\"name\":\"https:\/\/csp.ch\/vaud\/\",\"description\":\"\",\"publisher\":{\"@id\":\"https:\/\/csp.ch\/vaud\/#organization\"},\"potentialAction\":[{\"@type\":\"SearchAction\",\"target\":{\"@type\":\"EntryPoint\",\"urlTemplate\":\"https:\/\/csp.ch\/vaud\/?s={search_term_string}\"},\"query-input\":{\"@type\":\"PropertyValueSpecification\",\"valueRequired\":true,\"valueName\":\"search_term_string\"}}],\"inLanguage\":\"fr-FR\"},{\"@type\":\"Organization\",\"@id\":\"https:\/\/csp.ch\/vaud\/#organization\",\"name\":\"https:\/\/csp.ch\/vaud\/\",\"url\":\"https:\/\/csp.ch\/vaud\/\",\"logo\":{\"@type\":\"ImageObject\",\"inLanguage\":\"fr-FR\",\"@id\":\"https:\/\/csp.ch\/vaud\/#\/schema\/logo\/image\/\",\"url\":\"https:\/\/csp.ch\/wp-content\/uploads\/sites\/4\/2022\/11\/Logo-CSP-VD-RVB.OK_.jpg\",\"contentUrl\":\"https:\/\/csp.ch\/wp-content\/uploads\/sites\/4\/2022\/11\/Logo-CSP-VD-RVB.OK_.jpg\",\"width\":600,\"height\":306,\"caption\":\"https:\/\/csp.ch\/vaud\/\"},\"image\":{\"@id\":\"https:\/\/csp.ch\/vaud\/#\/schema\/logo\/image\/\"},\"sameAs\":[\"https:\/\/www.facebook.com\/CSPSuisse\",\"https:\/\/www.linkedin.com\/company\/csp-vaud\/mycompany\"]}]}<\/script>\n<!-- \/ Yoast SEO plugin. -->","yoast_head_json":{"title":"Partie  officielle  de la journ\u00e9e du 7 oct. 2021 - CSP Vaud","robots":{"index":"index","follow":"follow","max-snippet":"max-snippet:-1","max-image-preview":"max-image-preview:large","max-video-preview":"max-video-preview:-1"},"canonical":"https:\/\/csp.ch\/vaud\/60ans-partie-officielle-de-la-journee-du-7-octobre-2021\/","og_locale":"fr_FR","og_type":"article","og_title":"Partie  officielle  de la journ\u00e9e du 7 oct. 2021 - CSP Vaud","og_description":"La partie officielle se d\u00e9roulera d\u00e8s 17h, \u00e0 l&rsquo;issue de l&rsquo;apr\u00e8s-midi consacr\u00e9e aux r\u00e9flexions sur la participation des publics. Un immense merci \u00e0 toutes les personnes qui nous font l&rsquo;honneur d&rsquo;\u00eatre pr\u00e9sentes. Introduction &#8211; Vid\u00e9o institutionnelle du CSP Vaud Prises de parole &#8211; Bastienne Joerchel, directrice du CSP Vaud &#8211; Amina Benkais-Benbrahim, D\u00e9l\u00e9gu\u00e9e \u00e0 l&rsquo;int\u00e9gration [&hellip;]","og_url":"https:\/\/csp.ch\/vaud\/60ans-partie-officielle-de-la-journee-du-7-octobre-2021\/","og_site_name":"CSP Vaud","article_publisher":"https:\/\/www.facebook.com\/CSPSuisse","article_modified_time":"2021-09-17T07:48:16+00:00","twitter_card":"summary_large_image","twitter_misc":{"Dur\u00e9e de lecture estim\u00e9e":"1 minute"},"schema":{"@context":"https:\/\/schema.org","@graph":[{"@type":"WebPage","@id":"https:\/\/csp.ch\/vaud\/60ans-partie-officielle-de-la-journee-du-7-octobre-2021\/","url":"https:\/\/csp.ch\/vaud\/60ans-partie-officielle-de-la-journee-du-7-octobre-2021\/","name":"Partie officielle de la journ\u00e9e du 7 oct. 2021 - CSP Vaud","isPartOf":{"@id":"https:\/\/csp.ch\/vaud\/#website"},"datePublished":"2021-09-07T07:37:39+00:00","dateModified":"2021-09-17T07:48:16+00:00","breadcrumb":{"@id":"https:\/\/csp.ch\/vaud\/60ans-partie-officielle-de-la-journee-du-7-octobre-2021\/#breadcrumb"},"inLanguage":"fr-FR","potentialAction":[{"@type":"ReadAction","target":["https:\/\/csp.ch\/vaud\/60ans-partie-officielle-de-la-journee-du-7-octobre-2021\/"]}]},{"@type":"BreadcrumbList","@id":"https:\/\/csp.ch\/vaud\/60ans-partie-officielle-de-la-journee-du-7-octobre-2021\/#breadcrumb","itemListElement":[{"@type":"ListItem","position":1,"name":"Accueil","item":"https:\/\/csp.ch\/vaud\/"},{"@type":"ListItem","position":2,"name":"Partie officielle de la journ\u00e9e du 7 oct. 2021"}]},{"@type":"WebSite","@id":"https:\/\/csp.ch\/vaud\/#website","url":"https:\/\/csp.ch\/vaud\/","name":"https:\/\/csp.ch\/vaud\/","description":"","publisher":{"@id":"https:\/\/csp.ch\/vaud\/#organization"},"potentialAction":[{"@type":"SearchAction","target":{"@type":"EntryPoint","urlTemplate":"https:\/\/csp.ch\/vaud\/?s={search_term_string}"},"query-input":{"@type":"PropertyValueSpecification","valueRequired":true,"valueName":"search_term_string"}}],"inLanguage":"fr-FR"},{"@type":"Organization","@id":"https:\/\/csp.ch\/vaud\/#organization","name":"https:\/\/csp.ch\/vaud\/","url":"https:\/\/csp.ch\/vaud\/","logo":{"@type":"ImageObject","inLanguage":"fr-FR","@id":"https:\/\/csp.ch\/vaud\/#\/schema\/logo\/image\/","url":"https:\/\/csp.ch\/wp-content\/uploads\/sites\/4\/2022\/11\/Logo-CSP-VD-RVB.OK_.jpg","contentUrl":"https:\/\/csp.ch\/wp-content\/uploads\/sites\/4\/2022\/11\/Logo-CSP-VD-RVB.OK_.jpg","width":600,"height":306,"caption":"https:\/\/csp.ch\/vaud\/"},"image":{"@id":"https:\/\/csp.ch\/vaud\/#\/schema\/logo\/image\/"},"sameAs":["https:\/\/www.facebook.com\/CSPSuisse","https:\/\/www.linkedin.com\/company\/csp-vaud\/mycompany"]}]}},"_links":{"self":[{"href":"https:\/\/csp.ch\/vaud\/wp-json\/wp\/v2\/pages\/11605","targetHints":{"allow":["GET"]}}],"collection":[{"href":"https:\/\/csp.ch\/vaud\/wp-json\/wp\/v2\/pages"}],"about":[{"href":"https:\/\/csp.ch\/vaud\/wp-json\/wp\/v2\/types\/page"}],"author":[{"embeddable":true,"href":"https:\/\/csp.ch\/vaud\/wp-json\/wp\/v2\/users\/2"}],"replies":[{"embeddable":true,"href":"https:\/\/csp.ch\/vaud\/wp-json\/wp\/v2\/comments?post=11605"}],"version-history":[{"count":7,"href":"https:\/\/csp.ch\/vaud\/wp-json\/wp\/v2\/pages\/11605\/revisions"}],"predecessor-version":[{"id":11838,"href":"https:\/\/csp.ch\/vaud\/wp-json\/wp\/v2\/pages\/11605\/revisions\/11838"}],"wp:attachment":[{"href":"https:\/\/csp.ch\/vaud\/wp-json\/wp\/v2\/media?parent=11605"}],"curies":[{"name":"wp","href":"https:\/\/api.w.org\/{rel}","templated":true}]}}