{"id":11558,"date":"2021-09-06T16:05:00","date_gmt":"2021-09-06T15:05:00","guid":{"rendered":"https:\/\/csp.ch\/vaud\/?page_id=11558"},"modified":"2021-10-05T17:28:59","modified_gmt":"2021-10-05T16:28:59","slug":"60ans-soiree-desoutien-1er-octobre-2021","status":"publish","type":"page","link":"https:\/\/csp.ch\/vaud\/60ans-soiree-desoutien-1er-octobre-2021\/","title":{"rendered":"Soir\u00e9e de <strong>soutien<\/strong>, 1er octobre 2021"},"content":{"rendered":"<hr \/>\n<p>Quel plaisir de se retrouver ! Pour voir le compte rendu de cette belle soir\u00e9e,<a href=\"https:\/\/csp.ch\/vaud\/une-soiree-de-soutien-du-csp-vaud-rassembleuse\/\"> cliquez ici<\/a> !<\/p>\n<hr \/>\n<blockquote><p>Faites-vous le plaisir de nous rejoindre \u00e0 la soir\u00e9e de soutien en faveur du CSP Vaud qui aura lieu au Centre culturel des Terreaux.<\/p><\/blockquote>\n<p>Nous assisterons en avant-premi\u00e8re lausannoise au spectacle de Philippe Cohen, intitul\u00e9 \u201cCohen s\u2019explique avec le Candide de Voltaire\u00a0\u00bb<\/p>\n<p class=\"p1\"><img loading=\"lazy\" decoding=\"async\" class=\"alignnone size-medium wp-image-10423\" src=\"https:\/\/csp.ch\/wp-content\/uploads\/sites\/4\/2021\/06\/PhilippeCohen_spectacle_CSPVaud-300x226.png\" alt=\"Spectacle de PhilipeCohen, soir\u00e9e de soutien au CSP Vaud\" width=\"300\" height=\"226\" srcset=\"https:\/\/csp.ch\/wp-content\/uploads\/sites\/4\/2021\/06\/PhilippeCohen_spectacle_CSPVaud-300x226.png 300w, https:\/\/csp.ch\/wp-content\/uploads\/sites\/4\/2021\/06\/PhilippeCohen_spectacle_CSPVaud-294x221.png 294w, https:\/\/csp.ch\/wp-content\/uploads\/sites\/4\/2021\/06\/PhilippeCohen_spectacle_CSPVaud.png 522w\" sizes=\"auto, (max-width: 300px) 100vw, 300px\" \/><\/p>\n<p class=\"p1\">Voltaire expliqu\u00e9, jou\u00e9 et remis au go\u00fbt du jour par Gaspard Boesch et Philippe Cohen. Ce dernier raconte brillamment l\u2019histoire de Candide en interpr\u00e9tant \u00e0 lui seul les nombreux personnages du texte original. De plus, dans ce one man show, Philippe Cohen interpr\u00e8te aussi Voltaire aux prises avec notre modernit\u00e9, ponctuant r\u00e9guli\u00e8rement les aventures de l\u2019\u00e9ternel optimiste par ses commentaires et r\u00e9flexions ironiques. Garder la t\u00eate haute malgr\u00e9 les difficult\u00e9s, rester optimiste en affrontant les vents contraires, c\u2019est le courage dont font preuve les personnes qui viennent chercher un appui au CSP Vaud.<\/p>\n<p>Ce spectacle sera pr\u00e9c\u00e9d\u00e9 d&rsquo;un ap\u00e9ro dinatoire et suivi du verre de sortie.<\/p>\n<p><strong>Prix<\/strong> : CHF 80.- ou CHF 150.-, ce dernier prix donnant acc\u00e8s \u00e0 une place dans les premiers rangs pour le spectacle.<\/p>\n<p>Afin de permettre au maximum de personnes de profiter de cette occasion,\u00a0le <span style=\"color: #ff0000\">certificat Covid-19 sera demand\u00e9 \u00e0 l\u2019entr\u00e9e<\/span>.<\/p>\n<h4 class=\"p1\">Programme de la soir\u00e9e<\/h4>\n<ul>\n<li>18H00: Ap\u00e9ro dinatoire au restaurant La Croquignole, rue de l&rsquo;Ale 16, Lausanne\n<ul>\n<li>Ardoises de la Ferme vaudoise<\/li>\n<li>Fruits de TerrEspoir<\/li>\n<\/ul>\n<\/li>\n<li class=\"p1\">19h30: Prises de parole au Centre culturel des Terreaux\n<ul>\n<li class=\"p1\">Anne Baehler Bech, pr\u00e9sidente du CSP Vaud<\/li>\n<li class=\"p1\">Oscar Tosato, ancien municipal de la Ville de Lausanne<\/li>\n<li class=\"p1\">Anne Abruzzi, membre du Conseil synodal de l\u2019EERV, membre du Comit\u00e9 du CSP Vaud<\/li>\n<li class=\"p1\">Rebecca Ruiz, conseill\u00e8re d&rsquo;Etat vaudoise, cheffe du D\u00e9partement de la sant\u00e9 et de l&rsquo;action sociale<\/li>\n<\/ul>\n<\/li>\n<\/ul>\n<ul>\n<li>20h00: D\u00e9but de la pi\u00e8ce de th\u00e9\u00e2tre de Philippe Cohen<\/li>\n<\/ul>\n<p><a class=\"button\">Inscriptions closes !<\/a><\/p>\n","protected":false},"excerpt":{"rendered":"<p>Quel plaisir de se retrouver ! Pour voir le compte rendu de cette belle soir\u00e9e, cliquez ici ! Faites-vous le plaisir de nous rejoindre \u00e0 la soir\u00e9e de soutien en faveur du CSP Vaud qui aura lieu au Centre culturel des Terreaux. Nous assisterons en avant-premi\u00e8re lausannoise au spectacle de Philippe Cohen, intitul\u00e9 \u201cCohen s\u2019explique [&hellip;]<\/p>\n","protected":false},"author":2,"featured_media":11664,"parent":0,"menu_order":0,"comment_status":"closed","ping_status":"closed","template":"","meta":{"_acf_changed":false,"footnotes":""},"class_list":["post-11558","page","type-page","status-publish","has-post-thumbnail","hentry"],"acf":[],"yoast_head":"<!-- This site is optimized with the Yoast SEO plugin v27.1.1 - https:\/\/yoast.com\/product\/yoast-seo-wordpress\/ -->\n<title>Soir\u00e9e de soutien, 1er octobre 2021 - CSP Vaud<\/title>\n<meta name=\"robots\" content=\"index, follow, max-snippet:-1, max-image-preview:large, max-video-preview:-1\" \/>\n<link rel=\"canonical\" href=\"https:\/\/csp.ch\/vaud\/60ans-soiree-desoutien-1er-octobre-2021\/\" \/>\n<meta property=\"og:locale\" content=\"fr_FR\" \/>\n<meta property=\"og:type\" content=\"article\" \/>\n<meta property=\"og:title\" content=\"Soir\u00e9e de soutien, 1er octobre 2021 - CSP Vaud\" \/>\n<meta property=\"og:description\" content=\"Quel plaisir de se retrouver ! Pour voir le compte rendu de cette belle soir\u00e9e, cliquez ici ! Faites-vous le plaisir de nous rejoindre \u00e0 la soir\u00e9e de soutien en faveur du CSP Vaud qui aura lieu au Centre culturel des Terreaux. Nous assisterons en avant-premi\u00e8re lausannoise au spectacle de Philippe Cohen, intitul\u00e9 \u201cCohen s\u2019explique [&hellip;]\" \/>\n<meta property=\"og:url\" content=\"https:\/\/csp.ch\/vaud\/60ans-soiree-desoutien-1er-octobre-2021\/\" \/>\n<meta property=\"og:site_name\" content=\"CSP Vaud\" \/>\n<meta property=\"article:publisher\" content=\"https:\/\/www.facebook.com\/CSPSuisse\" \/>\n<meta property=\"article:modified_time\" content=\"2021-10-05T16:28:59+00:00\" \/>\n<meta property=\"og:image\" content=\"https:\/\/csp.ch\/wp-content\/uploads\/sites\/4\/2021\/09\/Bando_Candide_740.png\" \/>\n\t<meta property=\"og:image:width\" content=\"740\" \/>\n\t<meta property=\"og:image:height\" content=\"330\" \/>\n\t<meta property=\"og:image:type\" content=\"image\/png\" \/>\n<meta name=\"twitter:card\" content=\"summary_large_image\" \/>\n<meta name=\"twitter:label1\" content=\"Dur\u00e9e de lecture estim\u00e9e\" \/>\n\t<meta name=\"twitter:data1\" content=\"2 minutes\" \/>\n<script type=\"application\/ld+json\" class=\"yoast-schema-graph\">{\"@context\":\"https:\/\/schema.org\",\"@graph\":[{\"@type\":\"WebPage\",\"@id\":\"https:\/\/csp.ch\/vaud\/60ans-soiree-desoutien-1er-octobre-2021\/\",\"url\":\"https:\/\/csp.ch\/vaud\/60ans-soiree-desoutien-1er-octobre-2021\/\",\"name\":\"Soir\u00e9e de soutien, 1er octobre 2021 - CSP Vaud\",\"isPartOf\":{\"@id\":\"https:\/\/csp.ch\/vaud\/#website\"},\"primaryImageOfPage\":{\"@id\":\"https:\/\/csp.ch\/vaud\/60ans-soiree-desoutien-1er-octobre-2021\/#primaryimage\"},\"image\":{\"@id\":\"https:\/\/csp.ch\/vaud\/60ans-soiree-desoutien-1er-octobre-2021\/#primaryimage\"},\"thumbnailUrl\":\"https:\/\/csp.ch\/wp-content\/uploads\/sites\/4\/2021\/09\/Bando_Candide_740.png\",\"datePublished\":\"2021-09-06T15:05:00+00:00\",\"dateModified\":\"2021-10-05T16:28:59+00:00\",\"breadcrumb\":{\"@id\":\"https:\/\/csp.ch\/vaud\/60ans-soiree-desoutien-1er-octobre-2021\/#breadcrumb\"},\"inLanguage\":\"fr-FR\",\"potentialAction\":[{\"@type\":\"ReadAction\",\"target\":[\"https:\/\/csp.ch\/vaud\/60ans-soiree-desoutien-1er-octobre-2021\/\"]}]},{\"@type\":\"ImageObject\",\"inLanguage\":\"fr-FR\",\"@id\":\"https:\/\/csp.ch\/vaud\/60ans-soiree-desoutien-1er-octobre-2021\/#primaryimage\",\"url\":\"https:\/\/csp.ch\/wp-content\/uploads\/sites\/4\/2021\/09\/Bando_Candide_740.png\",\"contentUrl\":\"https:\/\/csp.ch\/wp-content\/uploads\/sites\/4\/2021\/09\/Bando_Candide_740.png\",\"width\":740,\"height\":330,\"caption\":\"Philippe Cohen - soir\u00e9e de soutien - CSP Vaud\"},{\"@type\":\"BreadcrumbList\",\"@id\":\"https:\/\/csp.ch\/vaud\/60ans-soiree-desoutien-1er-octobre-2021\/#breadcrumb\",\"itemListElement\":[{\"@type\":\"ListItem\",\"position\":1,\"name\":\"Accueil\",\"item\":\"https:\/\/csp.ch\/vaud\/\"},{\"@type\":\"ListItem\",\"position\":2,\"name\":\"Soir\u00e9e de soutien, 1er octobre 2021\"}]},{\"@type\":\"WebSite\",\"@id\":\"https:\/\/csp.ch\/vaud\/#website\",\"url\":\"https:\/\/csp.ch\/vaud\/\",\"name\":\"https:\/\/csp.ch\/vaud\/\",\"description\":\"\",\"publisher\":{\"@id\":\"https:\/\/csp.ch\/vaud\/#organization\"},\"potentialAction\":[{\"@type\":\"SearchAction\",\"target\":{\"@type\":\"EntryPoint\",\"urlTemplate\":\"https:\/\/csp.ch\/vaud\/?s={search_term_string}\"},\"query-input\":{\"@type\":\"PropertyValueSpecification\",\"valueRequired\":true,\"valueName\":\"search_term_string\"}}],\"inLanguage\":\"fr-FR\"},{\"@type\":\"Organization\",\"@id\":\"https:\/\/csp.ch\/vaud\/#organization\",\"name\":\"https:\/\/csp.ch\/vaud\/\",\"url\":\"https:\/\/csp.ch\/vaud\/\",\"logo\":{\"@type\":\"ImageObject\",\"inLanguage\":\"fr-FR\",\"@id\":\"https:\/\/csp.ch\/vaud\/#\/schema\/logo\/image\/\",\"url\":\"https:\/\/csp.ch\/wp-content\/uploads\/sites\/4\/2022\/11\/Logo-CSP-VD-RVB.OK_.jpg\",\"contentUrl\":\"https:\/\/csp.ch\/wp-content\/uploads\/sites\/4\/2022\/11\/Logo-CSP-VD-RVB.OK_.jpg\",\"width\":600,\"height\":306,\"caption\":\"https:\/\/csp.ch\/vaud\/\"},\"image\":{\"@id\":\"https:\/\/csp.ch\/vaud\/#\/schema\/logo\/image\/\"},\"sameAs\":[\"https:\/\/www.facebook.com\/CSPSuisse\",\"https:\/\/www.linkedin.com\/company\/csp-vaud\/mycompany\"]}]}<\/script>\n<!-- \/ Yoast SEO plugin. -->","yoast_head_json":{"title":"Soir\u00e9e de soutien, 1er octobre 2021 - CSP Vaud","robots":{"index":"index","follow":"follow","max-snippet":"max-snippet:-1","max-image-preview":"max-image-preview:large","max-video-preview":"max-video-preview:-1"},"canonical":"https:\/\/csp.ch\/vaud\/60ans-soiree-desoutien-1er-octobre-2021\/","og_locale":"fr_FR","og_type":"article","og_title":"Soir\u00e9e de soutien, 1er octobre 2021 - CSP Vaud","og_description":"Quel plaisir de se retrouver ! Pour voir le compte rendu de cette belle soir\u00e9e, cliquez ici ! Faites-vous le plaisir de nous rejoindre \u00e0 la soir\u00e9e de soutien en faveur du CSP Vaud qui aura lieu au Centre culturel des Terreaux. Nous assisterons en avant-premi\u00e8re lausannoise au spectacle de Philippe Cohen, intitul\u00e9 \u201cCohen s\u2019explique [&hellip;]","og_url":"https:\/\/csp.ch\/vaud\/60ans-soiree-desoutien-1er-octobre-2021\/","og_site_name":"CSP Vaud","article_publisher":"https:\/\/www.facebook.com\/CSPSuisse","article_modified_time":"2021-10-05T16:28:59+00:00","og_image":[{"width":740,"height":330,"url":"https:\/\/csp.ch\/wp-content\/uploads\/sites\/4\/2021\/09\/Bando_Candide_740.png","type":"image\/png"}],"twitter_card":"summary_large_image","twitter_misc":{"Dur\u00e9e de lecture estim\u00e9e":"2 minutes"},"schema":{"@context":"https:\/\/schema.org","@graph":[{"@type":"WebPage","@id":"https:\/\/csp.ch\/vaud\/60ans-soiree-desoutien-1er-octobre-2021\/","url":"https:\/\/csp.ch\/vaud\/60ans-soiree-desoutien-1er-octobre-2021\/","name":"Soir\u00e9e de soutien, 1er octobre 2021 - CSP Vaud","isPartOf":{"@id":"https:\/\/csp.ch\/vaud\/#website"},"primaryImageOfPage":{"@id":"https:\/\/csp.ch\/vaud\/60ans-soiree-desoutien-1er-octobre-2021\/#primaryimage"},"image":{"@id":"https:\/\/csp.ch\/vaud\/60ans-soiree-desoutien-1er-octobre-2021\/#primaryimage"},"thumbnailUrl":"https:\/\/csp.ch\/wp-content\/uploads\/sites\/4\/2021\/09\/Bando_Candide_740.png","datePublished":"2021-09-06T15:05:00+00:00","dateModified":"2021-10-05T16:28:59+00:00","breadcrumb":{"@id":"https:\/\/csp.ch\/vaud\/60ans-soiree-desoutien-1er-octobre-2021\/#breadcrumb"},"inLanguage":"fr-FR","potentialAction":[{"@type":"ReadAction","target":["https:\/\/csp.ch\/vaud\/60ans-soiree-desoutien-1er-octobre-2021\/"]}]},{"@type":"ImageObject","inLanguage":"fr-FR","@id":"https:\/\/csp.ch\/vaud\/60ans-soiree-desoutien-1er-octobre-2021\/#primaryimage","url":"https:\/\/csp.ch\/wp-content\/uploads\/sites\/4\/2021\/09\/Bando_Candide_740.png","contentUrl":"https:\/\/csp.ch\/wp-content\/uploads\/sites\/4\/2021\/09\/Bando_Candide_740.png","width":740,"height":330,"caption":"Philippe Cohen - soir\u00e9e de soutien - CSP Vaud"},{"@type":"BreadcrumbList","@id":"https:\/\/csp.ch\/vaud\/60ans-soiree-desoutien-1er-octobre-2021\/#breadcrumb","itemListElement":[{"@type":"ListItem","position":1,"name":"Accueil","item":"https:\/\/csp.ch\/vaud\/"},{"@type":"ListItem","position":2,"name":"Soir\u00e9e de soutien, 1er octobre 2021"}]},{"@type":"WebSite","@id":"https:\/\/csp.ch\/vaud\/#website","url":"https:\/\/csp.ch\/vaud\/","name":"https:\/\/csp.ch\/vaud\/","description":"","publisher":{"@id":"https:\/\/csp.ch\/vaud\/#organization"},"potentialAction":[{"@type":"SearchAction","target":{"@type":"EntryPoint","urlTemplate":"https:\/\/csp.ch\/vaud\/?s={search_term_string}"},"query-input":{"@type":"PropertyValueSpecification","valueRequired":true,"valueName":"search_term_string"}}],"inLanguage":"fr-FR"},{"@type":"Organization","@id":"https:\/\/csp.ch\/vaud\/#organization","name":"https:\/\/csp.ch\/vaud\/","url":"https:\/\/csp.ch\/vaud\/","logo":{"@type":"ImageObject","inLanguage":"fr-FR","@id":"https:\/\/csp.ch\/vaud\/#\/schema\/logo\/image\/","url":"https:\/\/csp.ch\/wp-content\/uploads\/sites\/4\/2022\/11\/Logo-CSP-VD-RVB.OK_.jpg","contentUrl":"https:\/\/csp.ch\/wp-content\/uploads\/sites\/4\/2022\/11\/Logo-CSP-VD-RVB.OK_.jpg","width":600,"height":306,"caption":"https:\/\/csp.ch\/vaud\/"},"image":{"@id":"https:\/\/csp.ch\/vaud\/#\/schema\/logo\/image\/"},"sameAs":["https:\/\/www.facebook.com\/CSPSuisse","https:\/\/www.linkedin.com\/company\/csp-vaud\/mycompany"]}]}},"_links":{"self":[{"href":"https:\/\/csp.ch\/vaud\/wp-json\/wp\/v2\/pages\/11558","targetHints":{"allow":["GET"]}}],"collection":[{"href":"https:\/\/csp.ch\/vaud\/wp-json\/wp\/v2\/pages"}],"about":[{"href":"https:\/\/csp.ch\/vaud\/wp-json\/wp\/v2\/types\/page"}],"author":[{"embeddable":true,"href":"https:\/\/csp.ch\/vaud\/wp-json\/wp\/v2\/users\/2"}],"replies":[{"embeddable":true,"href":"https:\/\/csp.ch\/vaud\/wp-json\/wp\/v2\/comments?post=11558"}],"version-history":[{"count":17,"href":"https:\/\/csp.ch\/vaud\/wp-json\/wp\/v2\/pages\/11558\/revisions"}],"predecessor-version":[{"id":12135,"href":"https:\/\/csp.ch\/vaud\/wp-json\/wp\/v2\/pages\/11558\/revisions\/12135"}],"wp:featuredmedia":[{"embeddable":true,"href":"https:\/\/csp.ch\/vaud\/wp-json\/wp\/v2\/media\/11664"}],"wp:attachment":[{"href":"https:\/\/csp.ch\/vaud\/wp-json\/wp\/v2\/media?parent=11558"}],"curies":[{"name":"wp","href":"https:\/\/api.w.org\/{rel}","templated":true}]}}