{"id":732,"date":"2015-11-05T08:29:18","date_gmt":"2015-11-05T07:29:18","guid":{"rendered":"https:\/\/csp.ch\/ne\/?page_id=732"},"modified":"2024-03-28T10:20:26","modified_gmt":"2024-03-28T09:20:26","slug":"personnel-salarie-benevole-2","status":"publish","type":"page","link":"https:\/\/csp.ch\/neuchatel\/a-notre-sujet\/personnel-salarie-benevole-2\/","title":{"rendered":"Personnel salari\u00e9 &amp; <strong>b\u00e9n\u00e9vole<\/strong>"},"content":{"rendered":"<div class=\"wpb-content-wrapper\"><p>[vc_row][vc_column][vc_column_text]<strong>53 collaborateurs et collaboratrices<\/strong> pour\u00a0<strong>36.8 \u00e9quivalents d\u2019emploi \u00e0 plein temps<\/strong> (EPT) travaillent dans 5<strong> domaines diff\u00e9rents<\/strong> exer\u00e7ant les m\u00e9tiers d\u2019assistant.e social.e,\u00a0 juriste, coach en insertion, ma\u00eetre.sse socio-professionnel.le, etc. Du personnel administratif et la direction compl\u00e8tent l&rsquo;\u00e9quipe.<\/p>\n<p>&nbsp;<\/p>\n<h4>Personnel b\u00e9n\u00e9vole<\/h4>\n<p>70 personnes offrent leur temps au CSP, principalement pour les travaux li\u00e9s aux magasins d\u2019occasion : r\u00e9ception, tri et vente de la marchandise re\u00e7ue.[\/vc_column_text][\/vc_column][\/vc_row]<\/p>\n<\/div>","protected":false},"excerpt":{"rendered":"<p>[vc_row][vc_column][vc_column_text]53 collaborateurs et collaboratrices pour\u00a036.8 \u00e9quivalents d\u2019emploi \u00e0 plein temps (EPT) travaillent dans 5 domaines diff\u00e9rents exer\u00e7ant les m\u00e9tiers d\u2019assistant.e social.e,\u00a0 juriste, coach en insertion, ma\u00eetre.sse socio-professionnel.le, etc. Du personnel administratif et la direction compl\u00e8tent l&rsquo;\u00e9quipe. &nbsp; Personnel b\u00e9n\u00e9vole 70 personnes offrent leur temps au CSP, principalement pour les travaux li\u00e9s aux magasins d\u2019occasion : [&hellip;]<\/p>\n","protected":false},"author":1,"featured_media":656,"parent":303,"menu_order":0,"comment_status":"closed","ping_status":"closed","template":"","meta":{"_acf_changed":false,"footnotes":""},"class_list":["post-732","page","type-page","status-publish","has-post-thumbnail","hentry"],"acf":[],"yoast_head":"<!-- This site is optimized with the Yoast SEO plugin v27.1.1 - https:\/\/yoast.com\/product\/yoast-seo-wordpress\/ -->\n<title>Personnel salari\u00e9 &amp; b\u00e9n\u00e9vole - CSP Neuch\u00e2tel<\/title>\n<meta name=\"description\" content=\"44 collaborateurs et collaboratrices\u00a0pour\u00a028 \u00e9quivalents d\u2019emploi \u00e0 plein temps\u00a0(EPT) travaillent\u00a0dans\u00a06 secteurs sociaux diff\u00e9rents.\" \/>\n<meta name=\"robots\" content=\"index, follow, max-snippet:-1, max-image-preview:large, max-video-preview:-1\" \/>\n<link rel=\"canonical\" href=\"https:\/\/csp.ch\/neuchatel\/a-notre-sujet\/personnel-salarie-benevole-2\/\" \/>\n<meta property=\"og:locale\" content=\"fr_FR\" \/>\n<meta property=\"og:type\" content=\"article\" \/>\n<meta property=\"og:title\" content=\"Personnel salari\u00e9 &amp; b\u00e9n\u00e9vole - CSP Neuch\u00e2tel\" \/>\n<meta property=\"og:description\" content=\"44 collaborateurs et collaboratrices\u00a0pour\u00a028 \u00e9quivalents d\u2019emploi \u00e0 plein temps\u00a0(EPT) travaillent\u00a0dans\u00a06 secteurs sociaux diff\u00e9rents.\" \/>\n<meta property=\"og:url\" content=\"https:\/\/csp.ch\/neuchatel\/a-notre-sujet\/personnel-salarie-benevole-2\/\" \/>\n<meta property=\"og:site_name\" content=\"CSP Neuch\u00e2tel\" \/>\n<meta property=\"article:publisher\" content=\"https:\/\/www.facebook.com\/CSPSuisse\/\" \/>\n<meta property=\"article:modified_time\" content=\"2024-03-28T09:20:26+00:00\" \/>\n<meta property=\"og:image\" content=\"https:\/\/csp.ch\/wp-content\/uploads\/sites\/7\/2015\/08\/20150908\u00a9CSP-NE_RebeccaBowring2723.jpg\" \/>\n\t<meta property=\"og:image:width\" content=\"2171\" \/>\n\t<meta property=\"og:image:height\" content=\"1448\" \/>\n\t<meta property=\"og:image:type\" content=\"image\/jpeg\" \/>\n<meta name=\"twitter:card\" content=\"summary_large_image\" \/>\n<meta name=\"twitter:label1\" content=\"Dur\u00e9e de lecture estim\u00e9e\" \/>\n\t<meta name=\"twitter:data1\" content=\"1 minute\" \/>\n<script type=\"application\/ld+json\" class=\"yoast-schema-graph\">{\"@context\":\"https:\/\/schema.org\",\"@graph\":[{\"@type\":\"WebPage\",\"@id\":\"https:\/\/csp.ch\/neuchatel\/a-notre-sujet\/personnel-salarie-benevole-2\/\",\"url\":\"https:\/\/csp.ch\/neuchatel\/a-notre-sujet\/personnel-salarie-benevole-2\/\",\"name\":\"Personnel salari\u00e9 &amp; b\u00e9n\u00e9vole - CSP Neuch\u00e2tel\",\"isPartOf\":{\"@id\":\"https:\/\/csp.ch\/neuchatel\/#website\"},\"primaryImageOfPage\":{\"@id\":\"https:\/\/csp.ch\/neuchatel\/a-notre-sujet\/personnel-salarie-benevole-2\/#primaryimage\"},\"image\":{\"@id\":\"https:\/\/csp.ch\/neuchatel\/a-notre-sujet\/personnel-salarie-benevole-2\/#primaryimage\"},\"thumbnailUrl\":\"https:\/\/csp.ch\/wp-content\/uploads\/sites\/7\/2015\/08\/20150908\u00a9CSP-NE_RebeccaBowring2723.jpg\",\"datePublished\":\"2015-11-05T07:29:18+00:00\",\"dateModified\":\"2024-03-28T09:20:26+00:00\",\"description\":\"44 collaborateurs et collaboratrices\u00a0pour\u00a028 \u00e9quivalents d\u2019emploi \u00e0 plein temps\u00a0(EPT) travaillent\u00a0dans\u00a06 secteurs sociaux diff\u00e9rents.\",\"breadcrumb\":{\"@id\":\"https:\/\/csp.ch\/neuchatel\/a-notre-sujet\/personnel-salarie-benevole-2\/#breadcrumb\"},\"inLanguage\":\"fr-FR\",\"potentialAction\":[{\"@type\":\"ReadAction\",\"target\":[\"https:\/\/csp.ch\/neuchatel\/a-notre-sujet\/personnel-salarie-benevole-2\/\"]}]},{\"@type\":\"ImageObject\",\"inLanguage\":\"fr-FR\",\"@id\":\"https:\/\/csp.ch\/neuchatel\/a-notre-sujet\/personnel-salarie-benevole-2\/#primaryimage\",\"url\":\"https:\/\/csp.ch\/wp-content\/uploads\/sites\/7\/2015\/08\/20150908\u00a9CSP-NE_RebeccaBowring2723.jpg\",\"contentUrl\":\"https:\/\/csp.ch\/wp-content\/uploads\/sites\/7\/2015\/08\/20150908\u00a9CSP-NE_RebeccaBowring2723.jpg\",\"width\":2171,\"height\":1448},{\"@type\":\"BreadcrumbList\",\"@id\":\"https:\/\/csp.ch\/neuchatel\/a-notre-sujet\/personnel-salarie-benevole-2\/#breadcrumb\",\"itemListElement\":[{\"@type\":\"ListItem\",\"position\":1,\"name\":\"Accueil\",\"item\":\"https:\/\/csp.ch\/neuchatel\/\"},{\"@type\":\"ListItem\",\"position\":2,\"name\":\"A notre sujet\",\"item\":\"https:\/\/csp.ch\/neuchatel\/a-notre-sujet\/\"},{\"@type\":\"ListItem\",\"position\":3,\"name\":\"Personnel salari\u00e9 &amp; b\u00e9n\u00e9vole\"}]},{\"@type\":\"WebSite\",\"@id\":\"https:\/\/csp.ch\/neuchatel\/#website\",\"url\":\"https:\/\/csp.ch\/neuchatel\/\",\"name\":\"CSP Neuch\u00e2tel\",\"description\":\"\",\"publisher\":{\"@id\":\"https:\/\/csp.ch\/neuchatel\/#organization\"},\"potentialAction\":[{\"@type\":\"SearchAction\",\"target\":{\"@type\":\"EntryPoint\",\"urlTemplate\":\"https:\/\/csp.ch\/neuchatel\/?s={search_term_string}\"},\"query-input\":{\"@type\":\"PropertyValueSpecification\",\"valueRequired\":true,\"valueName\":\"search_term_string\"}}],\"inLanguage\":\"fr-FR\"},{\"@type\":\"Organization\",\"@id\":\"https:\/\/csp.ch\/neuchatel\/#organization\",\"name\":\"CSP Neuch\u00e2tel\",\"url\":\"https:\/\/csp.ch\/neuchatel\/\",\"logo\":{\"@type\":\"ImageObject\",\"inLanguage\":\"fr-FR\",\"@id\":\"https:\/\/csp.ch\/neuchatel\/#\/schema\/logo\/image\/\",\"url\":\"https:\/\/csp.ch\/wp-content\/uploads\/sites\/7\/2020\/02\/LOGO-CSP.jpg\",\"contentUrl\":\"https:\/\/csp.ch\/wp-content\/uploads\/sites\/7\/2020\/02\/LOGO-CSP.jpg\",\"width\":667,\"height\":667,\"caption\":\"CSP Neuch\u00e2tel\"},\"image\":{\"@id\":\"https:\/\/csp.ch\/neuchatel\/#\/schema\/logo\/image\/\"},\"sameAs\":[\"https:\/\/www.facebook.com\/CSPSuisse\/\"]}]}<\/script>\n<!-- \/ Yoast SEO plugin. -->","yoast_head_json":{"title":"Personnel salari\u00e9 &amp; b\u00e9n\u00e9vole - CSP Neuch\u00e2tel","description":"44 collaborateurs et collaboratrices\u00a0pour\u00a028 \u00e9quivalents d\u2019emploi \u00e0 plein temps\u00a0(EPT) travaillent\u00a0dans\u00a06 secteurs sociaux diff\u00e9rents.","robots":{"index":"index","follow":"follow","max-snippet":"max-snippet:-1","max-image-preview":"max-image-preview:large","max-video-preview":"max-video-preview:-1"},"canonical":"https:\/\/csp.ch\/neuchatel\/a-notre-sujet\/personnel-salarie-benevole-2\/","og_locale":"fr_FR","og_type":"article","og_title":"Personnel salari\u00e9 &amp; b\u00e9n\u00e9vole - CSP Neuch\u00e2tel","og_description":"44 collaborateurs et collaboratrices\u00a0pour\u00a028 \u00e9quivalents d\u2019emploi \u00e0 plein temps\u00a0(EPT) travaillent\u00a0dans\u00a06 secteurs sociaux diff\u00e9rents.","og_url":"https:\/\/csp.ch\/neuchatel\/a-notre-sujet\/personnel-salarie-benevole-2\/","og_site_name":"CSP Neuch\u00e2tel","article_publisher":"https:\/\/www.facebook.com\/CSPSuisse\/","article_modified_time":"2024-03-28T09:20:26+00:00","og_image":[{"width":2171,"height":1448,"url":"https:\/\/csp.ch\/wp-content\/uploads\/sites\/7\/2015\/08\/20150908\u00a9CSP-NE_RebeccaBowring2723.jpg","type":"image\/jpeg"}],"twitter_card":"summary_large_image","twitter_misc":{"Dur\u00e9e de lecture estim\u00e9e":"1 minute"},"schema":{"@context":"https:\/\/schema.org","@graph":[{"@type":"WebPage","@id":"https:\/\/csp.ch\/neuchatel\/a-notre-sujet\/personnel-salarie-benevole-2\/","url":"https:\/\/csp.ch\/neuchatel\/a-notre-sujet\/personnel-salarie-benevole-2\/","name":"Personnel salari\u00e9 &amp; b\u00e9n\u00e9vole - CSP Neuch\u00e2tel","isPartOf":{"@id":"https:\/\/csp.ch\/neuchatel\/#website"},"primaryImageOfPage":{"@id":"https:\/\/csp.ch\/neuchatel\/a-notre-sujet\/personnel-salarie-benevole-2\/#primaryimage"},"image":{"@id":"https:\/\/csp.ch\/neuchatel\/a-notre-sujet\/personnel-salarie-benevole-2\/#primaryimage"},"thumbnailUrl":"https:\/\/csp.ch\/wp-content\/uploads\/sites\/7\/2015\/08\/20150908\u00a9CSP-NE_RebeccaBowring2723.jpg","datePublished":"2015-11-05T07:29:18+00:00","dateModified":"2024-03-28T09:20:26+00:00","description":"44 collaborateurs et collaboratrices\u00a0pour\u00a028 \u00e9quivalents d\u2019emploi \u00e0 plein temps\u00a0(EPT) travaillent\u00a0dans\u00a06 secteurs sociaux diff\u00e9rents.","breadcrumb":{"@id":"https:\/\/csp.ch\/neuchatel\/a-notre-sujet\/personnel-salarie-benevole-2\/#breadcrumb"},"inLanguage":"fr-FR","potentialAction":[{"@type":"ReadAction","target":["https:\/\/csp.ch\/neuchatel\/a-notre-sujet\/personnel-salarie-benevole-2\/"]}]},{"@type":"ImageObject","inLanguage":"fr-FR","@id":"https:\/\/csp.ch\/neuchatel\/a-notre-sujet\/personnel-salarie-benevole-2\/#primaryimage","url":"https:\/\/csp.ch\/wp-content\/uploads\/sites\/7\/2015\/08\/20150908\u00a9CSP-NE_RebeccaBowring2723.jpg","contentUrl":"https:\/\/csp.ch\/wp-content\/uploads\/sites\/7\/2015\/08\/20150908\u00a9CSP-NE_RebeccaBowring2723.jpg","width":2171,"height":1448},{"@type":"BreadcrumbList","@id":"https:\/\/csp.ch\/neuchatel\/a-notre-sujet\/personnel-salarie-benevole-2\/#breadcrumb","itemListElement":[{"@type":"ListItem","position":1,"name":"Accueil","item":"https:\/\/csp.ch\/neuchatel\/"},{"@type":"ListItem","position":2,"name":"A notre sujet","item":"https:\/\/csp.ch\/neuchatel\/a-notre-sujet\/"},{"@type":"ListItem","position":3,"name":"Personnel salari\u00e9 &amp; b\u00e9n\u00e9vole"}]},{"@type":"WebSite","@id":"https:\/\/csp.ch\/neuchatel\/#website","url":"https:\/\/csp.ch\/neuchatel\/","name":"CSP Neuch\u00e2tel","description":"","publisher":{"@id":"https:\/\/csp.ch\/neuchatel\/#organization"},"potentialAction":[{"@type":"SearchAction","target":{"@type":"EntryPoint","urlTemplate":"https:\/\/csp.ch\/neuchatel\/?s={search_term_string}"},"query-input":{"@type":"PropertyValueSpecification","valueRequired":true,"valueName":"search_term_string"}}],"inLanguage":"fr-FR"},{"@type":"Organization","@id":"https:\/\/csp.ch\/neuchatel\/#organization","name":"CSP Neuch\u00e2tel","url":"https:\/\/csp.ch\/neuchatel\/","logo":{"@type":"ImageObject","inLanguage":"fr-FR","@id":"https:\/\/csp.ch\/neuchatel\/#\/schema\/logo\/image\/","url":"https:\/\/csp.ch\/wp-content\/uploads\/sites\/7\/2020\/02\/LOGO-CSP.jpg","contentUrl":"https:\/\/csp.ch\/wp-content\/uploads\/sites\/7\/2020\/02\/LOGO-CSP.jpg","width":667,"height":667,"caption":"CSP Neuch\u00e2tel"},"image":{"@id":"https:\/\/csp.ch\/neuchatel\/#\/schema\/logo\/image\/"},"sameAs":["https:\/\/www.facebook.com\/CSPSuisse\/"]}]}},"_links":{"self":[{"href":"https:\/\/csp.ch\/neuchatel\/wp-json\/wp\/v2\/pages\/732","targetHints":{"allow":["GET"]}}],"collection":[{"href":"https:\/\/csp.ch\/neuchatel\/wp-json\/wp\/v2\/pages"}],"about":[{"href":"https:\/\/csp.ch\/neuchatel\/wp-json\/wp\/v2\/types\/page"}],"author":[{"embeddable":true,"href":"https:\/\/csp.ch\/neuchatel\/wp-json\/wp\/v2\/users\/1"}],"replies":[{"embeddable":true,"href":"https:\/\/csp.ch\/neuchatel\/wp-json\/wp\/v2\/comments?post=732"}],"version-history":[{"count":4,"href":"https:\/\/csp.ch\/neuchatel\/wp-json\/wp\/v2\/pages\/732\/revisions"}],"predecessor-version":[{"id":4518,"href":"https:\/\/csp.ch\/neuchatel\/wp-json\/wp\/v2\/pages\/732\/revisions\/4518"}],"up":[{"embeddable":true,"href":"https:\/\/csp.ch\/neuchatel\/wp-json\/wp\/v2\/pages\/303"}],"wp:featuredmedia":[{"embeddable":true,"href":"https:\/\/csp.ch\/neuchatel\/wp-json\/wp\/v2\/media\/656"}],"wp:attachment":[{"href":"https:\/\/csp.ch\/neuchatel\/wp-json\/wp\/v2\/media?parent=732"}],"curies":[{"name":"wp","href":"https:\/\/api.w.org\/{rel}","templated":true}]}}