{"id":73,"date":"2015-08-11T13:07:09","date_gmt":"2015-08-11T12:07:09","guid":{"rendered":"https:\/\/csp.ch\/vd\/?page_id=73"},"modified":"2025-10-16T14:32:19","modified_gmt":"2025-10-16T12:32:19","slug":"contacts","status":"publish","type":"page","link":"https:\/\/csp.ch\/neuchatel\/contacts\/","title":{"rendered":"<strong>Contacts<\/strong>"},"content":{"rendered":"<div class=\"wpb-content-wrapper\"><p>[vc_row][vc_column][\/vc_column][\/vc_row][vc_row][vc_column width=\u00a0\u00bb1\/3&Prime;][vc_column_text css=\u00a0\u00bb\u00a0\u00bb]<\/p>\n<h3><strong>Site de Neuch\u00e2tel<\/strong><\/h3>\n<p>Rue des Parcs 11<br \/>\n2000 Neuch\u00e2tel<br \/>\n<a href=\"https:\/\/maps.app.goo.gl\/EpNLUn2gkQ61cUiD7\"><span style=\"color: #ff9900\">Voir sur Google Maps<\/span><\/a><\/p>\n<p><strong>Ligne t\u00e9l\u00e9phonique<\/strong><br \/>\n<span style=\"color: #ff9900\"><strong>032 886 91 00<\/strong><\/span><br \/>\nTous les jours<br \/>\n08:30-11:30 et 14:00-17:00<\/p>\n<p><span style=\"color: #ff9900\"><strong><a style=\"color: #ff9900\" href=\"&#x6d;&#97;i&#x6c;&#116;o&#x3a;&#x63;&#115;&#x70;&#x2e;&#110;e&#x75;&#99;h&#x61;&#x74;&#101;&#x6c;&#x40;&#110;e&#x2e;&#99;h\">Contact par e-mail<\/a><\/strong><\/span><\/p>\n<p><strong>Horaires de l&rsquo;accueil<\/strong><br \/>\nDu lundi au jeudi<br \/>\n08:00-12:00 et 13:30-17:30<br \/>\nVendredi<br \/>\n08:00-12:00 et 13:30-17:00[\/vc_column_text][\/vc_column][vc_column width=\u00a0\u00bb1\/3&Prime;][vc_column_text css=\u00a0\u00bb\u00a0\u00bb]<\/p>\n<h3><strong>Site de La Chaux-de-Fonds<\/strong><\/h3>\n<p>Rue du Temple-Allemand 23<br \/>\n2300 La Chaux-de-Fonds<br \/>\n<a href=\"https:\/\/maps.app.goo.gl\/FnZ5B2YZQV8sjZq37\"><span style=\"color: #ff9900\">Voir sur Google Maps<\/span><\/a><\/p>\n<p><strong>Ligne t\u00e9l\u00e9phonique<\/strong><br \/>\n<span style=\"color: #ff9900\"><strong>032 886 91 00<br \/>\n<\/strong><\/span>Lundi-mardi et <span style=\"color: #ff9900\"><span style=\"color: #333333\">jeudi-vendredi<br \/>\n08:30-11:30 et 14:00-17:00<br \/>\nMercredi ferm\u00e9<\/span><strong><br \/>\n<\/strong> <\/span><\/p>\n<p><strong><a href=\"&#x6d;&#97;&#x69;&#x6c;t&#x6f;&#58;c&#x73;&#112;&#46;&#x6e;&#101;&#x75;&#x63;h&#x61;&#116;e&#x6c;&#64;n&#x65;&#46;&#x63;&#x68;\">Contact par e-mail<\/a><\/strong><\/p>\n<p><strong>Horaires de l&rsquo;accueil<\/strong><br \/>\nDu lundi au jeudi<br \/>\n08:00-12:00 et 13:30-17:30<br \/>\nVendredi<br \/>\n08:00-12:00 et 13:30-17:00[\/vc_column_text][\/vc_column][vc_column width=\u00a0\u00bb1\/3&Prime;][vc_column_text css=\u00a0\u00bb\u00a0\u00bb]<\/p>\n<h3><strong>Site de La Jonch\u00e8re<\/strong><\/h3>\n<p>La Jonch\u00e8re 40<br \/>\n2043 Boudevilliers<br \/>\n<a href=\"https:\/\/maps.app.goo.gl\/X2W4ieWFka84n5oG8\"><span style=\"color: #ff9900\">Voir sur Google Maps<\/span><\/a><\/p>\n<p><strong>Ligne t\u00e9l\u00e9phonique<\/strong><br \/>\n<span style=\"color: #ff9900\"><strong>032 886 91 60<\/strong><\/span><span style=\"color: #ff9900\"><strong><br \/>\n<\/strong> <\/span><\/p>\n<p><strong><a href=\"&#x6d;&#x61;&#x69;&#x6c;&#x74;&#x6f;&#58;&#99;&#115;&#112;&#46;neu&#x63;&#x68;&#x61;&#x74;&#x65;&#x6c;&#64;&#110;&#101;&#46;&#99;h\">Contact par e-mail<\/a><\/strong>[\/vc_column_text][\/vc_column][\/vc_row][vc_row][vc_column][\/vc_column][\/vc_row][vc_row][vc_column width=\u00a0\u00bb1\/3&Prime;][vc_column_text css=\u00a0\u00bb\u00a0\u00bb]<\/p>\n<h3><strong>Boutique de Neuch\u00e2tel<\/strong><\/h3>\n<p>Rue des Sablons 48<br \/>\n2000 Neuch\u00e2tel<br \/>\n<a href=\"https:\/\/maps.app.goo.gl\/XeeH6XWqQ2Nxnarv9\"><span style=\"color: #ff9900\">Voir sur Google Maps<\/span><\/a><\/p>\n<p><strong>T\u00e9l\u00e9phone<\/strong><br \/>\n032 886 91 51<\/p>\n<p><span style=\"color: #ff9900\"><strong><a style=\"color: #ff9900\" href=\"&#x6d;&#97;i&#x6c;&#116;&#111;&#x3a;&#x63;&#115;p&#x2e;&#110;e&#x75;&#x63;&#104;a&#x74;&#101;l&#x40;&#x6e;&#101;&#46;&#x63;&#104;\">Contact par e-mail<\/a><\/strong><\/span><\/p>\n<p><strong>Horaires de la boutique<\/strong><br \/>\nDu lundi au vendredi<br \/>\n14:00-18:30<br \/>\nSamedi ferm\u00e9[\/vc_column_text][\/vc_column][vc_column width=\u00a0\u00bb1\/3&Prime;][vc_column_text css=\u00a0\u00bb\u00a0\u00bb]<\/p>\n<h3><strong>Boutique de<br \/>\nLa Chaux-de-Fonds<\/strong><\/h3>\n<p>Rue du Puits 1<br \/>\n2300 La Chaux-de-Fonds<br \/>\n<a href=\"https:\/\/maps.app.goo.gl\/LvKQqdME8qurtSncA\"><span style=\"color: #ff9900\">Voir sur Google Maps<\/span><\/a><\/p>\n<p><strong>T\u00e9l\u00e9phone<\/strong><br \/>\n032 886 91 52<\/p>\n<p><span style=\"color: #ff9900\"><strong><a style=\"color: #ff9900\" href=\"&#x6d;&#x61;&#105;&#108;t&#x6f;&#x3a;&#x63;&#115;&#112;&#46;&#x6e;&#x65;&#x75;&#99;&#104;a&#x74;&#x65;&#x6c;&#64;&#110;e&#x2e;&#x63;&#x68;\">Contact par e-mail<\/a><\/strong><\/span><\/p>\n<p><strong>Horaires de la boutique<\/strong><br \/>\nDu lundi au vendredi<br \/>\n14:00-18:30<br \/>\nSamedi ferm\u00e9[\/vc_column_text][\/vc_column][vc_column width=\u00a0\u00bb1\/3&Prime;][vc_column_text css=\u00a0\u00bb\u00a0\u00bb]<\/p>\n<h3><strong>Boutique de La Jonch\u00e8re<\/strong><\/h3>\n<p>La Jonch\u00e8re 40<br \/>\n2043 Boudevilliers<br \/>\n<a href=\"https:\/\/maps.app.goo.gl\/WgmaynEgn1nB5Ark9\"><span style=\"color: #ff9900\">Voir sur Google Maps<\/span><\/a><\/p>\n<p><strong>T\u00e9l\u00e9phone<\/strong><br \/>\n032 886 91 53<\/p>\n<p><span style=\"color: #ff9900\"><strong><a style=\"color: #ff9900\" href=\"m&#97;&#x69;&#x6c;t&#111;&#58;&#x63;&#x73;p&#46;&#x6e;&#x65;u&#99;&#104;&#x61;&#x74;e&#108;&#x40;&#x6e;e&#46;&#99;&#x68;\">Contact par e-mail<\/a><\/strong><\/span><\/p>\n<p><strong>Horaires de la boutique<\/strong><br \/>\nLundi et mardi ferm\u00e9<br \/>\nMercredi-vendredi<br \/>\n13:30-17:30<br \/>\nSamedi<br \/>\n09:00-16:00[\/vc_column_text][\/vc_column][\/vc_row][vc_row][vc_column width=\u00a0\u00bb2\/3&Prime;][\/vc_column][vc_column width=\u00a0\u00bb1\/3&Prime;][\/vc_column][\/vc_row][vc_row][vc_column width=\u00a0\u00bb1\/3&Prime;][vc_column_text css=\u00a0\u00bb\u00a0\u00bb]<\/p>\n<h3><strong>Service de ramassage<\/strong><\/h3>\n<p><span style=\"color: #808080\"><em>On se d\u00e9place chez vous pour r\u00e9cup\u00e9rer meubles et objets en bon \u00e9tat! <\/em><em>Les b\u00e9n\u00e9fices de nos boutiques permettent de financer nos prestations sociales \u00e0 la population.<\/em><\/span><\/p>\n<p><strong>Gratuit<br \/>\n<\/strong>Valable pour le canton de Neuch\u00e2tel<strong><br \/>\n<\/strong><\/p>\n<p><strong>T\u00e9l\u00e9phone<\/strong><br \/>\n<span style=\"color: #ff9900\"><strong>032 886 91 50<br \/>\n<\/strong><\/span>Du lundi au jeudi<br \/>\n08:00-12:00 et 13:30-17:30<br \/>\nVendredi<br \/>\n08:00-12:00 et 13:30-17:00[\/vc_column_text][\/vc_column][vc_column width=\u00a0\u00bb1\/3&Prime;][vc_column_text css=\u00a0\u00bb\u00a0\u00bb]<\/p>\n<h3><strong>Service de d\u00e9barras\u00a0<\/strong><\/h3>\n<p><span style=\"color: #808080\"><em>On vous aide \u00e0 \u00e9vacuer vos meubles ou objets encombrants! En faisant appel \u00e0 notre service, vous facilitez votre quotidien tout en soutenant une action solidaire pour un prix abordable.<\/em><\/span><\/p>\n<p><strong>Devis sur demande<br \/>\n<\/strong>Valable pour le canton de Neuch\u00e2tel<strong><br \/>\n<\/strong><\/p>\n<p><strong>T\u00e9l\u00e9phone<\/strong><br \/>\n<span style=\"color: #ff9900\"><strong>032 886 91 50<br \/>\n<\/strong><\/span>Du lundi au jeudi<br \/>\n08:00-12:00 et 13:30-17:30<br \/>\nVendredi<br \/>\n08:00-12:00 et 13:30-17:00[\/vc_column_text][\/vc_column][vc_column width=\u00a0\u00bb1\/3&Prime;][vc_column_text css=\u00a0\u00bb\u00a0\u00bb]<\/p>\n<h4>Nos r\u00e9seaux sociaux<\/h4>\n<p>[\/vc_column_text][vc_column_text css=\u00a0\u00bb\u00a0\u00bb]<\/p>\n<pre>Pour suivre tous les offres<\/pre>\n<pre>et nouveaut\u00e9s de <strong>nos boutiques<\/strong><\/pre>\n<p><strong><span style=\"color: #ff9900\"><span style=\"color: #ff9900\"><a style=\"color: #ff9900\" href=\"https:\/\/www.instagram.com\/boutiques_csp_neuchatel\/\">Sur Instagram<\/a><\/span><br \/>\n<\/span><span style=\"color: #ff9900\"><span style=\"color: #ff9900\"><a style=\"color: #ff9900\" href=\"https:\/\/www.facebook.com\/boutiquescspneuchatel\">Sur Facebook<\/a><\/span><\/span><\/strong><\/p>\n<pre><span style=\"color: #333333\">Pour suivre toutes les actualit\u00e9s<\/span><\/pre>\n<pre>du <strong>CSP Neuch\u00e2tel<\/strong><\/pre>\n<p><strong><span style=\"color: #333333\"><span style=\"color: #ff9900\"><b><a style=\"color: #ff9900\" href=\"https:\/\/www.instagram.com\/csp_neuchatel\/\">Sur Instagram<\/a><br \/>\n<\/b><\/span><\/span><\/strong><strong><span style=\"color: #333333\"><span style=\"color: #ff9900\"><b><a style=\"color: #ff9900\" href=\"https:\/\/www.facebook.com\/profile.php?id=61558141987700\">Sur Facebook<\/a><\/b><\/span><br \/>\n<\/span><a href=\"https:\/\/www.linkedin.com\/company\/86587154\"><span style=\"color: #ff9900\">Sur LinkedIn<\/span><\/a><\/strong>[\/vc_column_text][\/vc_column][\/vc_row]<\/p>\n<\/div>","protected":false},"excerpt":{"rendered":"<p>[vc_row][vc_column][\/vc_column][\/vc_row][vc_row][vc_column width=\u00a0\u00bb1\/3&Prime;][vc_column_text css=\u00a0\u00bb\u00a0\u00bb] Site de Neuch\u00e2tel Rue des Parcs 11 2000 Neuch\u00e2tel Voir sur Google Maps Ligne t\u00e9l\u00e9phonique 032 886 91 00 Tous les jours 08:30-11:30 et 14:00-17:00 Contact par e-mail Horaires de l&rsquo;accueil Du lundi au jeudi 08:00-12:00 et 13:30-17:30 Vendredi 08:00-12:00 et 13:30-17:00[\/vc_column_text][\/vc_column][vc_column width=\u00a0\u00bb1\/3&Prime;][vc_column_text css=\u00a0\u00bb\u00a0\u00bb] Site de La Chaux-de-Fonds Rue du Temple-Allemand 23 [&hellip;]<\/p>\n","protected":false},"author":1,"featured_media":0,"parent":0,"menu_order":0,"comment_status":"closed","ping_status":"closed","template":"template-nosidebar.php","meta":{"_acf_changed":false,"footnotes":""},"class_list":["post-73","page","type-page","status-publish","hentry"],"acf":[],"yoast_head":"<!-- This site is optimized with the Yoast SEO plugin v27.1.1 - https:\/\/yoast.com\/product\/yoast-seo-wordpress\/ -->\n<title>Contacts - CSP Neuch\u00e2tel<\/title>\n<meta name=\"description\" content=\"Le CSP Neuch\u00e2tel se tient \u00e0\u00a0votre disposition pour r\u00e9pondre \u00e0 vos questions ou demandes par t\u00e9l\u00e9phone ou courriel.\" \/>\n<meta name=\"robots\" content=\"index, follow, max-snippet:-1, max-image-preview:large, max-video-preview:-1\" \/>\n<link rel=\"canonical\" href=\"https:\/\/csp.ch\/neuchatel\/contacts\/\" \/>\n<meta property=\"og:locale\" content=\"fr_FR\" \/>\n<meta property=\"og:type\" content=\"article\" \/>\n<meta property=\"og:title\" content=\"Contacts - CSP Neuch\u00e2tel\" \/>\n<meta property=\"og:description\" content=\"Le CSP Neuch\u00e2tel se tient \u00e0\u00a0votre disposition pour r\u00e9pondre \u00e0 vos questions ou demandes par t\u00e9l\u00e9phone ou courriel.\" \/>\n<meta property=\"og:url\" content=\"https:\/\/csp.ch\/neuchatel\/contacts\/\" \/>\n<meta property=\"og:site_name\" content=\"CSP Neuch\u00e2tel\" \/>\n<meta property=\"article:publisher\" content=\"https:\/\/www.facebook.com\/CSPSuisse\/\" \/>\n<meta property=\"article:modified_time\" content=\"2025-10-16T12:32:19+00:00\" \/>\n<meta name=\"twitter:card\" content=\"summary_large_image\" \/>\n<meta name=\"twitter:label1\" content=\"Dur\u00e9e de lecture estim\u00e9e\" \/>\n\t<meta name=\"twitter:data1\" content=\"2 minutes\" \/>\n<script type=\"application\/ld+json\" class=\"yoast-schema-graph\">{\"@context\":\"https:\/\/schema.org\",\"@graph\":[{\"@type\":\"WebPage\",\"@id\":\"https:\/\/csp.ch\/neuchatel\/contacts\/\",\"url\":\"https:\/\/csp.ch\/neuchatel\/contacts\/\",\"name\":\"Contacts - CSP Neuch\u00e2tel\",\"isPartOf\":{\"@id\":\"https:\/\/csp.ch\/neuchatel\/#website\"},\"datePublished\":\"2015-08-11T12:07:09+00:00\",\"dateModified\":\"2025-10-16T12:32:19+00:00\",\"description\":\"Le CSP Neuch\u00e2tel se tient \u00e0\u00a0votre disposition pour r\u00e9pondre \u00e0 vos questions ou demandes par t\u00e9l\u00e9phone ou courriel.\",\"breadcrumb\":{\"@id\":\"https:\/\/csp.ch\/neuchatel\/contacts\/#breadcrumb\"},\"inLanguage\":\"fr-FR\",\"potentialAction\":[{\"@type\":\"ReadAction\",\"target\":[\"https:\/\/csp.ch\/neuchatel\/contacts\/\"]}]},{\"@type\":\"BreadcrumbList\",\"@id\":\"https:\/\/csp.ch\/neuchatel\/contacts\/#breadcrumb\",\"itemListElement\":[{\"@type\":\"ListItem\",\"position\":1,\"name\":\"Accueil\",\"item\":\"https:\/\/csp.ch\/neuchatel\/\"},{\"@type\":\"ListItem\",\"position\":2,\"name\":\"Contacts\"}]},{\"@type\":\"WebSite\",\"@id\":\"https:\/\/csp.ch\/neuchatel\/#website\",\"url\":\"https:\/\/csp.ch\/neuchatel\/\",\"name\":\"CSP Neuch\u00e2tel\",\"description\":\"\",\"publisher\":{\"@id\":\"https:\/\/csp.ch\/neuchatel\/#organization\"},\"potentialAction\":[{\"@type\":\"SearchAction\",\"target\":{\"@type\":\"EntryPoint\",\"urlTemplate\":\"https:\/\/csp.ch\/neuchatel\/?s={search_term_string}\"},\"query-input\":{\"@type\":\"PropertyValueSpecification\",\"valueRequired\":true,\"valueName\":\"search_term_string\"}}],\"inLanguage\":\"fr-FR\"},{\"@type\":\"Organization\",\"@id\":\"https:\/\/csp.ch\/neuchatel\/#organization\",\"name\":\"CSP Neuch\u00e2tel\",\"url\":\"https:\/\/csp.ch\/neuchatel\/\",\"logo\":{\"@type\":\"ImageObject\",\"inLanguage\":\"fr-FR\",\"@id\":\"https:\/\/csp.ch\/neuchatel\/#\/schema\/logo\/image\/\",\"url\":\"https:\/\/csp.ch\/wp-content\/uploads\/sites\/7\/2020\/02\/LOGO-CSP.jpg\",\"contentUrl\":\"https:\/\/csp.ch\/wp-content\/uploads\/sites\/7\/2020\/02\/LOGO-CSP.jpg\",\"width\":667,\"height\":667,\"caption\":\"CSP Neuch\u00e2tel\"},\"image\":{\"@id\":\"https:\/\/csp.ch\/neuchatel\/#\/schema\/logo\/image\/\"},\"sameAs\":[\"https:\/\/www.facebook.com\/CSPSuisse\/\"]}]}<\/script>\n<!-- \/ Yoast SEO plugin. -->","yoast_head_json":{"title":"Contacts - CSP Neuch\u00e2tel","description":"Le CSP Neuch\u00e2tel se tient \u00e0\u00a0votre disposition pour r\u00e9pondre \u00e0 vos questions ou demandes par t\u00e9l\u00e9phone ou courriel.","robots":{"index":"index","follow":"follow","max-snippet":"max-snippet:-1","max-image-preview":"max-image-preview:large","max-video-preview":"max-video-preview:-1"},"canonical":"https:\/\/csp.ch\/neuchatel\/contacts\/","og_locale":"fr_FR","og_type":"article","og_title":"Contacts - CSP Neuch\u00e2tel","og_description":"Le CSP Neuch\u00e2tel se tient \u00e0\u00a0votre disposition pour r\u00e9pondre \u00e0 vos questions ou demandes par t\u00e9l\u00e9phone ou courriel.","og_url":"https:\/\/csp.ch\/neuchatel\/contacts\/","og_site_name":"CSP Neuch\u00e2tel","article_publisher":"https:\/\/www.facebook.com\/CSPSuisse\/","article_modified_time":"2025-10-16T12:32:19+00:00","twitter_card":"summary_large_image","twitter_misc":{"Dur\u00e9e de lecture estim\u00e9e":"2 minutes"},"schema":{"@context":"https:\/\/schema.org","@graph":[{"@type":"WebPage","@id":"https:\/\/csp.ch\/neuchatel\/contacts\/","url":"https:\/\/csp.ch\/neuchatel\/contacts\/","name":"Contacts - CSP Neuch\u00e2tel","isPartOf":{"@id":"https:\/\/csp.ch\/neuchatel\/#website"},"datePublished":"2015-08-11T12:07:09+00:00","dateModified":"2025-10-16T12:32:19+00:00","description":"Le CSP Neuch\u00e2tel se tient \u00e0\u00a0votre disposition pour r\u00e9pondre \u00e0 vos questions ou demandes par t\u00e9l\u00e9phone ou courriel.","breadcrumb":{"@id":"https:\/\/csp.ch\/neuchatel\/contacts\/#breadcrumb"},"inLanguage":"fr-FR","potentialAction":[{"@type":"ReadAction","target":["https:\/\/csp.ch\/neuchatel\/contacts\/"]}]},{"@type":"BreadcrumbList","@id":"https:\/\/csp.ch\/neuchatel\/contacts\/#breadcrumb","itemListElement":[{"@type":"ListItem","position":1,"name":"Accueil","item":"https:\/\/csp.ch\/neuchatel\/"},{"@type":"ListItem","position":2,"name":"Contacts"}]},{"@type":"WebSite","@id":"https:\/\/csp.ch\/neuchatel\/#website","url":"https:\/\/csp.ch\/neuchatel\/","name":"CSP Neuch\u00e2tel","description":"","publisher":{"@id":"https:\/\/csp.ch\/neuchatel\/#organization"},"potentialAction":[{"@type":"SearchAction","target":{"@type":"EntryPoint","urlTemplate":"https:\/\/csp.ch\/neuchatel\/?s={search_term_string}"},"query-input":{"@type":"PropertyValueSpecification","valueRequired":true,"valueName":"search_term_string"}}],"inLanguage":"fr-FR"},{"@type":"Organization","@id":"https:\/\/csp.ch\/neuchatel\/#organization","name":"CSP Neuch\u00e2tel","url":"https:\/\/csp.ch\/neuchatel\/","logo":{"@type":"ImageObject","inLanguage":"fr-FR","@id":"https:\/\/csp.ch\/neuchatel\/#\/schema\/logo\/image\/","url":"https:\/\/csp.ch\/wp-content\/uploads\/sites\/7\/2020\/02\/LOGO-CSP.jpg","contentUrl":"https:\/\/csp.ch\/wp-content\/uploads\/sites\/7\/2020\/02\/LOGO-CSP.jpg","width":667,"height":667,"caption":"CSP Neuch\u00e2tel"},"image":{"@id":"https:\/\/csp.ch\/neuchatel\/#\/schema\/logo\/image\/"},"sameAs":["https:\/\/www.facebook.com\/CSPSuisse\/"]}]}},"_links":{"self":[{"href":"https:\/\/csp.ch\/neuchatel\/wp-json\/wp\/v2\/pages\/73","targetHints":{"allow":["GET"]}}],"collection":[{"href":"https:\/\/csp.ch\/neuchatel\/wp-json\/wp\/v2\/pages"}],"about":[{"href":"https:\/\/csp.ch\/neuchatel\/wp-json\/wp\/v2\/types\/page"}],"author":[{"embeddable":true,"href":"https:\/\/csp.ch\/neuchatel\/wp-json\/wp\/v2\/users\/1"}],"replies":[{"embeddable":true,"href":"https:\/\/csp.ch\/neuchatel\/wp-json\/wp\/v2\/comments?post=73"}],"version-history":[{"count":6,"href":"https:\/\/csp.ch\/neuchatel\/wp-json\/wp\/v2\/pages\/73\/revisions"}],"predecessor-version":[{"id":9664,"href":"https:\/\/csp.ch\/neuchatel\/wp-json\/wp\/v2\/pages\/73\/revisions\/9664"}],"wp:attachment":[{"href":"https:\/\/csp.ch\/neuchatel\/wp-json\/wp\/v2\/media?parent=73"}],"curies":[{"name":"wp","href":"https:\/\/api.w.org\/{rel}","templated":true}]}}