{"id":727,"date":"2015-11-05T08:24:14","date_gmt":"2015-11-05T07:24:14","guid":{"rendered":"https:\/\/csp.ch\/ne\/?page_id=727"},"modified":"2024-02-12T08:06:44","modified_gmt":"2024-02-12T07:06:44","slug":"financement-conseil-de-fondation","status":"publish","type":"page","link":"https:\/\/csp.ch\/neuchatel\/a-notre-sujet\/financement-conseil-de-fondation\/","title":{"rendered":"Financement &amp; <strong>Conseil de Fondation<\/strong>"},"content":{"rendered":"<div class=\"wpb-content-wrapper\"><p>[vc_row][vc_column][vc_column_text]<\/p>\n<blockquote><p>Le budget annuel s&rsquo;\u00e9l\u00e8ve \u00e0 env. CHF 4,5 millions.<\/p><\/blockquote>\n<h4><\/h4>\n<h4>Les recettes sont constitu\u00e9es de\u00a0subventions de :<\/h4>\n<ul>\n<li>l&rsquo;Eglise r\u00e9form\u00e9e \u00e9vang\u00e9lique neuch\u00e2teloise et de paroisses<\/li>\n<li>subventions de l&rsquo;Etat et des communes<\/li>\n<li>indemnisations pour le travail effectu\u00e9 aupr\u00e8s des r\u00e9fugi\u00e9s<\/li>\n<li>indemnisations pour prestations diverses<\/li>\n<li>produits ramassages et boutiques<\/li>\n<li>et de <strong>dons, legs,<\/strong> int\u00e9r\u00eats actifs et participation au Fonds de soutien CSP.<\/li>\n<\/ul>\n<p>&nbsp;<\/p>\n<h4><strong>Conseil de Fondation<\/strong><\/h4>\n<p>Pr\u00e9sident : M. Fran\u00e7ois Kistler<\/p>\n<p>Vice-pr\u00e9sident : M. Richard Calame<\/p>\n<p>Mme Marie-Laure B\u00e9guin Mettraux<\/p>\n<p>Mme Yolaine Bole<\/p>\n<p>M. Jean-Nathana\u00ebl Karakash<\/p>\n<p>M. Jacques P\u00e9ter<\/p>\n<p>[\/vc_column_text][\/vc_column][\/vc_row]<\/p>\n<\/div>","protected":false},"excerpt":{"rendered":"<p>[vc_row][vc_column][vc_column_text] Le budget annuel s&rsquo;\u00e9l\u00e8ve \u00e0 env. CHF 4,5 millions. Les recettes sont constitu\u00e9es de\u00a0subventions de : l&rsquo;Eglise r\u00e9form\u00e9e \u00e9vang\u00e9lique neuch\u00e2teloise et de paroisses subventions de l&rsquo;Etat et des communes indemnisations pour le travail effectu\u00e9 aupr\u00e8s des r\u00e9fugi\u00e9s indemnisations pour prestations diverses produits ramassages et boutiques et de dons, legs, int\u00e9r\u00eats actifs et participation au [&hellip;]<\/p>\n","protected":false},"author":1,"featured_media":608,"parent":303,"menu_order":0,"comment_status":"closed","ping_status":"closed","template":"","meta":{"_acf_changed":false,"footnotes":""},"class_list":["post-727","page","type-page","status-publish","has-post-thumbnail","hentry"],"acf":[],"yoast_head":"<!-- This site is optimized with the Yoast SEO plugin v27.1.1 - https:\/\/yoast.com\/product\/yoast-seo-wordpress\/ -->\n<title>Financement &amp; Conseil de Fondation - CSP Neuch\u00e2tel<\/title>\n<meta name=\"description\" content=\"De quoi sont constitu\u00e9e les recettes du CSP? Et qui est son conseil de fondation?\" \/>\n<meta name=\"robots\" content=\"index, follow, max-snippet:-1, max-image-preview:large, max-video-preview:-1\" \/>\n<link rel=\"canonical\" href=\"https:\/\/csp.ch\/neuchatel\/a-notre-sujet\/financement-conseil-de-fondation\/\" \/>\n<meta property=\"og:locale\" content=\"fr_FR\" \/>\n<meta property=\"og:type\" content=\"article\" \/>\n<meta property=\"og:title\" content=\"Financement &amp; Conseil de Fondation - CSP Neuch\u00e2tel\" \/>\n<meta property=\"og:description\" content=\"De quoi sont constitu\u00e9e les recettes du CSP? Et qui est son conseil de fondation?\" \/>\n<meta property=\"og:url\" content=\"https:\/\/csp.ch\/neuchatel\/a-notre-sujet\/financement-conseil-de-fondation\/\" \/>\n<meta property=\"og:site_name\" content=\"CSP Neuch\u00e2tel\" \/>\n<meta property=\"article:publisher\" content=\"https:\/\/www.facebook.com\/CSPSuisse\/\" \/>\n<meta property=\"article:modified_time\" content=\"2024-02-12T07:06:44+00:00\" \/>\n<meta property=\"og:image\" content=\"https:\/\/csp.ch\/wp-content\/uploads\/sites\/7\/2015\/08\/20150908\u00a9CSP-NE_RebeccaBowring2752.jpg\" \/>\n\t<meta property=\"og:image:width\" content=\"2200\" \/>\n\t<meta property=\"og:image:height\" content=\"1467\" \/>\n\t<meta property=\"og:image:type\" content=\"image\/jpeg\" \/>\n<meta name=\"twitter:card\" content=\"summary_large_image\" \/>\n<meta name=\"twitter:label1\" content=\"Dur\u00e9e de lecture estim\u00e9e\" \/>\n\t<meta name=\"twitter:data1\" content=\"1 minute\" \/>\n<script type=\"application\/ld+json\" class=\"yoast-schema-graph\">{\"@context\":\"https:\/\/schema.org\",\"@graph\":[{\"@type\":\"WebPage\",\"@id\":\"https:\/\/csp.ch\/neuchatel\/a-notre-sujet\/financement-conseil-de-fondation\/\",\"url\":\"https:\/\/csp.ch\/neuchatel\/a-notre-sujet\/financement-conseil-de-fondation\/\",\"name\":\"Financement &amp; Conseil de Fondation - CSP Neuch\u00e2tel\",\"isPartOf\":{\"@id\":\"https:\/\/csp.ch\/neuchatel\/#website\"},\"primaryImageOfPage\":{\"@id\":\"https:\/\/csp.ch\/neuchatel\/a-notre-sujet\/financement-conseil-de-fondation\/#primaryimage\"},\"image\":{\"@id\":\"https:\/\/csp.ch\/neuchatel\/a-notre-sujet\/financement-conseil-de-fondation\/#primaryimage\"},\"thumbnailUrl\":\"https:\/\/csp.ch\/wp-content\/uploads\/sites\/7\/2015\/08\/20150908\u00a9CSP-NE_RebeccaBowring2752.jpg\",\"datePublished\":\"2015-11-05T07:24:14+00:00\",\"dateModified\":\"2024-02-12T07:06:44+00:00\",\"description\":\"De quoi sont constitu\u00e9e les recettes du CSP? Et qui est son conseil de fondation?\",\"breadcrumb\":{\"@id\":\"https:\/\/csp.ch\/neuchatel\/a-notre-sujet\/financement-conseil-de-fondation\/#breadcrumb\"},\"inLanguage\":\"fr-FR\",\"potentialAction\":[{\"@type\":\"ReadAction\",\"target\":[\"https:\/\/csp.ch\/neuchatel\/a-notre-sujet\/financement-conseil-de-fondation\/\"]}]},{\"@type\":\"ImageObject\",\"inLanguage\":\"fr-FR\",\"@id\":\"https:\/\/csp.ch\/neuchatel\/a-notre-sujet\/financement-conseil-de-fondation\/#primaryimage\",\"url\":\"https:\/\/csp.ch\/wp-content\/uploads\/sites\/7\/2015\/08\/20150908\u00a9CSP-NE_RebeccaBowring2752.jpg\",\"contentUrl\":\"https:\/\/csp.ch\/wp-content\/uploads\/sites\/7\/2015\/08\/20150908\u00a9CSP-NE_RebeccaBowring2752.jpg\",\"width\":2200,\"height\":1467},{\"@type\":\"BreadcrumbList\",\"@id\":\"https:\/\/csp.ch\/neuchatel\/a-notre-sujet\/financement-conseil-de-fondation\/#breadcrumb\",\"itemListElement\":[{\"@type\":\"ListItem\",\"position\":1,\"name\":\"Accueil\",\"item\":\"https:\/\/csp.ch\/neuchatel\/\"},{\"@type\":\"ListItem\",\"position\":2,\"name\":\"A notre sujet\",\"item\":\"https:\/\/csp.ch\/neuchatel\/a-notre-sujet\/\"},{\"@type\":\"ListItem\",\"position\":3,\"name\":\"Financement &amp; Conseil de Fondation\"}]},{\"@type\":\"WebSite\",\"@id\":\"https:\/\/csp.ch\/neuchatel\/#website\",\"url\":\"https:\/\/csp.ch\/neuchatel\/\",\"name\":\"CSP Neuch\u00e2tel\",\"description\":\"\",\"publisher\":{\"@id\":\"https:\/\/csp.ch\/neuchatel\/#organization\"},\"potentialAction\":[{\"@type\":\"SearchAction\",\"target\":{\"@type\":\"EntryPoint\",\"urlTemplate\":\"https:\/\/csp.ch\/neuchatel\/?s={search_term_string}\"},\"query-input\":{\"@type\":\"PropertyValueSpecification\",\"valueRequired\":true,\"valueName\":\"search_term_string\"}}],\"inLanguage\":\"fr-FR\"},{\"@type\":\"Organization\",\"@id\":\"https:\/\/csp.ch\/neuchatel\/#organization\",\"name\":\"CSP Neuch\u00e2tel\",\"url\":\"https:\/\/csp.ch\/neuchatel\/\",\"logo\":{\"@type\":\"ImageObject\",\"inLanguage\":\"fr-FR\",\"@id\":\"https:\/\/csp.ch\/neuchatel\/#\/schema\/logo\/image\/\",\"url\":\"https:\/\/csp.ch\/wp-content\/uploads\/sites\/7\/2020\/02\/LOGO-CSP.jpg\",\"contentUrl\":\"https:\/\/csp.ch\/wp-content\/uploads\/sites\/7\/2020\/02\/LOGO-CSP.jpg\",\"width\":667,\"height\":667,\"caption\":\"CSP Neuch\u00e2tel\"},\"image\":{\"@id\":\"https:\/\/csp.ch\/neuchatel\/#\/schema\/logo\/image\/\"},\"sameAs\":[\"https:\/\/www.facebook.com\/CSPSuisse\/\"]}]}<\/script>\n<!-- \/ Yoast SEO plugin. -->","yoast_head_json":{"title":"Financement &amp; Conseil de Fondation - CSP Neuch\u00e2tel","description":"De quoi sont constitu\u00e9e les recettes du CSP? Et qui est son conseil de fondation?","robots":{"index":"index","follow":"follow","max-snippet":"max-snippet:-1","max-image-preview":"max-image-preview:large","max-video-preview":"max-video-preview:-1"},"canonical":"https:\/\/csp.ch\/neuchatel\/a-notre-sujet\/financement-conseil-de-fondation\/","og_locale":"fr_FR","og_type":"article","og_title":"Financement &amp; Conseil de Fondation - CSP Neuch\u00e2tel","og_description":"De quoi sont constitu\u00e9e les recettes du CSP? Et qui est son conseil de fondation?","og_url":"https:\/\/csp.ch\/neuchatel\/a-notre-sujet\/financement-conseil-de-fondation\/","og_site_name":"CSP Neuch\u00e2tel","article_publisher":"https:\/\/www.facebook.com\/CSPSuisse\/","article_modified_time":"2024-02-12T07:06:44+00:00","og_image":[{"width":2200,"height":1467,"url":"https:\/\/csp.ch\/wp-content\/uploads\/sites\/7\/2015\/08\/20150908\u00a9CSP-NE_RebeccaBowring2752.jpg","type":"image\/jpeg"}],"twitter_card":"summary_large_image","twitter_misc":{"Dur\u00e9e de lecture estim\u00e9e":"1 minute"},"schema":{"@context":"https:\/\/schema.org","@graph":[{"@type":"WebPage","@id":"https:\/\/csp.ch\/neuchatel\/a-notre-sujet\/financement-conseil-de-fondation\/","url":"https:\/\/csp.ch\/neuchatel\/a-notre-sujet\/financement-conseil-de-fondation\/","name":"Financement &amp; Conseil de Fondation - CSP Neuch\u00e2tel","isPartOf":{"@id":"https:\/\/csp.ch\/neuchatel\/#website"},"primaryImageOfPage":{"@id":"https:\/\/csp.ch\/neuchatel\/a-notre-sujet\/financement-conseil-de-fondation\/#primaryimage"},"image":{"@id":"https:\/\/csp.ch\/neuchatel\/a-notre-sujet\/financement-conseil-de-fondation\/#primaryimage"},"thumbnailUrl":"https:\/\/csp.ch\/wp-content\/uploads\/sites\/7\/2015\/08\/20150908\u00a9CSP-NE_RebeccaBowring2752.jpg","datePublished":"2015-11-05T07:24:14+00:00","dateModified":"2024-02-12T07:06:44+00:00","description":"De quoi sont constitu\u00e9e les recettes du CSP? Et qui est son conseil de fondation?","breadcrumb":{"@id":"https:\/\/csp.ch\/neuchatel\/a-notre-sujet\/financement-conseil-de-fondation\/#breadcrumb"},"inLanguage":"fr-FR","potentialAction":[{"@type":"ReadAction","target":["https:\/\/csp.ch\/neuchatel\/a-notre-sujet\/financement-conseil-de-fondation\/"]}]},{"@type":"ImageObject","inLanguage":"fr-FR","@id":"https:\/\/csp.ch\/neuchatel\/a-notre-sujet\/financement-conseil-de-fondation\/#primaryimage","url":"https:\/\/csp.ch\/wp-content\/uploads\/sites\/7\/2015\/08\/20150908\u00a9CSP-NE_RebeccaBowring2752.jpg","contentUrl":"https:\/\/csp.ch\/wp-content\/uploads\/sites\/7\/2015\/08\/20150908\u00a9CSP-NE_RebeccaBowring2752.jpg","width":2200,"height":1467},{"@type":"BreadcrumbList","@id":"https:\/\/csp.ch\/neuchatel\/a-notre-sujet\/financement-conseil-de-fondation\/#breadcrumb","itemListElement":[{"@type":"ListItem","position":1,"name":"Accueil","item":"https:\/\/csp.ch\/neuchatel\/"},{"@type":"ListItem","position":2,"name":"A notre sujet","item":"https:\/\/csp.ch\/neuchatel\/a-notre-sujet\/"},{"@type":"ListItem","position":3,"name":"Financement &amp; Conseil de Fondation"}]},{"@type":"WebSite","@id":"https:\/\/csp.ch\/neuchatel\/#website","url":"https:\/\/csp.ch\/neuchatel\/","name":"CSP Neuch\u00e2tel","description":"","publisher":{"@id":"https:\/\/csp.ch\/neuchatel\/#organization"},"potentialAction":[{"@type":"SearchAction","target":{"@type":"EntryPoint","urlTemplate":"https:\/\/csp.ch\/neuchatel\/?s={search_term_string}"},"query-input":{"@type":"PropertyValueSpecification","valueRequired":true,"valueName":"search_term_string"}}],"inLanguage":"fr-FR"},{"@type":"Organization","@id":"https:\/\/csp.ch\/neuchatel\/#organization","name":"CSP Neuch\u00e2tel","url":"https:\/\/csp.ch\/neuchatel\/","logo":{"@type":"ImageObject","inLanguage":"fr-FR","@id":"https:\/\/csp.ch\/neuchatel\/#\/schema\/logo\/image\/","url":"https:\/\/csp.ch\/wp-content\/uploads\/sites\/7\/2020\/02\/LOGO-CSP.jpg","contentUrl":"https:\/\/csp.ch\/wp-content\/uploads\/sites\/7\/2020\/02\/LOGO-CSP.jpg","width":667,"height":667,"caption":"CSP Neuch\u00e2tel"},"image":{"@id":"https:\/\/csp.ch\/neuchatel\/#\/schema\/logo\/image\/"},"sameAs":["https:\/\/www.facebook.com\/CSPSuisse\/"]}]}},"_links":{"self":[{"href":"https:\/\/csp.ch\/neuchatel\/wp-json\/wp\/v2\/pages\/727","targetHints":{"allow":["GET"]}}],"collection":[{"href":"https:\/\/csp.ch\/neuchatel\/wp-json\/wp\/v2\/pages"}],"about":[{"href":"https:\/\/csp.ch\/neuchatel\/wp-json\/wp\/v2\/types\/page"}],"author":[{"embeddable":true,"href":"https:\/\/csp.ch\/neuchatel\/wp-json\/wp\/v2\/users\/1"}],"replies":[{"embeddable":true,"href":"https:\/\/csp.ch\/neuchatel\/wp-json\/wp\/v2\/comments?post=727"}],"version-history":[{"count":5,"href":"https:\/\/csp.ch\/neuchatel\/wp-json\/wp\/v2\/pages\/727\/revisions"}],"predecessor-version":[{"id":4389,"href":"https:\/\/csp.ch\/neuchatel\/wp-json\/wp\/v2\/pages\/727\/revisions\/4389"}],"up":[{"embeddable":true,"href":"https:\/\/csp.ch\/neuchatel\/wp-json\/wp\/v2\/pages\/303"}],"wp:featuredmedia":[{"embeddable":true,"href":"https:\/\/csp.ch\/neuchatel\/wp-json\/wp\/v2\/media\/608"}],"wp:attachment":[{"href":"https:\/\/csp.ch\/neuchatel\/wp-json\/wp\/v2\/media?parent=727"}],"curies":[{"name":"wp","href":"https:\/\/api.w.org\/{rel}","templated":true}]}}