{"id":714,"date":"2015-11-04T18:23:28","date_gmt":"2015-11-04T17:23:28","guid":{"rendered":"https:\/\/csp.ch\/ne\/?page_id=714"},"modified":"2023-06-05T13:16:59","modified_gmt":"2023-06-05T11:16:59","slug":"dons-en-nature","status":"publish","type":"page","link":"https:\/\/csp.ch\/neuchatel\/don\/dons-en-nature\/","title":{"rendered":"Dons en <strong>nature<\/strong>"},"content":{"rendered":"<div class=\"wpb-content-wrapper\"><p>[vc_row][vc_column][vc_column_text]Tous les meubles et les objets en bon \u00e9tat dont vous n\u2019avez plus l\u2019usage peuvent encore servir. Vous pouvez les donner au CSP Neuch\u00e2tel. Ils seront mis en vente dans les <a href=\"https:\/\/csp.ch\/neuchatel\/boutiques\/\" target=\"_blank\" rel=\"noopener\">Boutiques de seconde main<\/a>, afin de permettre des achats \u00e0 prix modiques. Le b\u00e9n\u00e9fice de ces ventes contribue au financement de l\u2019institution.<\/p>\n<p>&nbsp;<\/p>\n<h4><strong>Faire un don au CSP Neuch\u00e2tel<\/strong><\/h4>\n<p>Pour annoncer un don et b\u00e9n\u00e9ficier de notre service de ramassage (gratuit) ou de d\u00e9barras (sur devis) : 032 886 91 50.<\/p>\n<p>&nbsp;<\/p>\n<blockquote>\n<p style=\"text-align: center\">Merci d&rsquo;avoir pens\u00e9 au CSP Neuch\u00e2tel !<\/p>\n<\/blockquote>\n<p>&nbsp;<\/p>\n<p>Suivez les Boutiques du CSP Neuch\u00e2tel sur <a href=\"https:\/\/www.facebook.com\/boutiquescspneuchatel\" target=\"_blank\" rel=\"noopener noreferrer\">Facebook<\/a> et sur <a href=\"https:\/\/www.instagram.com\/boutiques_csp_neuchatel\/\" target=\"_blank\" rel=\"noopener noreferrer\">Instagram<\/a> !<\/p>\n<p>[\/vc_column_text][\/vc_column][\/vc_row]<\/p>\n<\/div>","protected":false},"excerpt":{"rendered":"<p>[vc_row][vc_column][vc_column_text]Tous les meubles et les objets en bon \u00e9tat dont vous n\u2019avez plus l\u2019usage peuvent encore servir. Vous pouvez les donner au CSP Neuch\u00e2tel. Ils seront mis en vente dans les Boutiques de seconde main, afin de permettre des achats \u00e0 prix modiques. Le b\u00e9n\u00e9fice de ces ventes contribue au financement de l\u2019institution. &nbsp; Faire [&hellip;]<\/p>\n","protected":false},"author":1,"featured_media":3818,"parent":69,"menu_order":0,"comment_status":"closed","ping_status":"closed","template":"","meta":{"_acf_changed":false,"footnotes":""},"class_list":["post-714","page","type-page","status-publish","has-post-thumbnail","hentry"],"acf":[],"yoast_head":"<!-- This site is optimized with the Yoast SEO plugin v27.1.1 - https:\/\/yoast.com\/product\/yoast-seo-wordpress\/ -->\n<title>Dons en nature - CSP Neuch\u00e2tel<\/title>\n<meta name=\"description\" content=\"Tous les meubles et les objets en bon \u00e9tat dont vous n\u2019avez plus l\u2019usage peuvent encore servir.\u00a0Vous pouvez les donner au CSP.\u00a0\" \/>\n<meta name=\"robots\" content=\"index, follow, max-snippet:-1, max-image-preview:large, max-video-preview:-1\" \/>\n<link rel=\"canonical\" href=\"https:\/\/csp.ch\/neuchatel\/don\/dons-en-nature\/\" \/>\n<meta property=\"og:locale\" content=\"fr_FR\" \/>\n<meta property=\"og:type\" content=\"article\" \/>\n<meta property=\"og:title\" content=\"Dons en nature - CSP Neuch\u00e2tel\" \/>\n<meta property=\"og:description\" content=\"Tous les meubles et les objets en bon \u00e9tat dont vous n\u2019avez plus l\u2019usage peuvent encore servir.\u00a0Vous pouvez les donner au CSP.\u00a0\" \/>\n<meta property=\"og:url\" content=\"https:\/\/csp.ch\/neuchatel\/don\/dons-en-nature\/\" \/>\n<meta property=\"og:site_name\" content=\"CSP Neuch\u00e2tel\" \/>\n<meta property=\"article:publisher\" content=\"https:\/\/www.facebook.com\/CSPSuisse\/\" \/>\n<meta property=\"article:modified_time\" content=\"2023-06-05T11:16:59+00:00\" \/>\n<meta property=\"og:image\" content=\"https:\/\/csp.ch\/wp-content\/uploads\/sites\/7\/2023\/06\/Boutiques-de-seconde-main-CSP-Neuchatel_v1.jpg\" \/>\n\t<meta property=\"og:image:width\" content=\"740\" \/>\n\t<meta property=\"og:image:height\" content=\"360\" \/>\n\t<meta property=\"og:image:type\" content=\"image\/jpeg\" \/>\n<meta name=\"twitter:card\" content=\"summary_large_image\" \/>\n<meta name=\"twitter:label1\" content=\"Dur\u00e9e de lecture estim\u00e9e\" \/>\n\t<meta name=\"twitter:data1\" content=\"1 minute\" \/>\n<script type=\"application\/ld+json\" class=\"yoast-schema-graph\">{\"@context\":\"https:\/\/schema.org\",\"@graph\":[{\"@type\":\"WebPage\",\"@id\":\"https:\/\/csp.ch\/neuchatel\/don\/dons-en-nature\/\",\"url\":\"https:\/\/csp.ch\/neuchatel\/don\/dons-en-nature\/\",\"name\":\"Dons en nature - CSP Neuch\u00e2tel\",\"isPartOf\":{\"@id\":\"https:\/\/csp.ch\/neuchatel\/#website\"},\"primaryImageOfPage\":{\"@id\":\"https:\/\/csp.ch\/neuchatel\/don\/dons-en-nature\/#primaryimage\"},\"image\":{\"@id\":\"https:\/\/csp.ch\/neuchatel\/don\/dons-en-nature\/#primaryimage\"},\"thumbnailUrl\":\"https:\/\/csp.ch\/wp-content\/uploads\/sites\/7\/2023\/06\/Boutiques-de-seconde-main-CSP-Neuchatel_v1.jpg\",\"datePublished\":\"2015-11-04T17:23:28+00:00\",\"dateModified\":\"2023-06-05T11:16:59+00:00\",\"description\":\"Tous les meubles et les objets en bon \u00e9tat dont vous n\u2019avez plus l\u2019usage peuvent encore servir.\u00a0Vous pouvez les donner au CSP.\u00a0\",\"breadcrumb\":{\"@id\":\"https:\/\/csp.ch\/neuchatel\/don\/dons-en-nature\/#breadcrumb\"},\"inLanguage\":\"fr-FR\",\"potentialAction\":[{\"@type\":\"ReadAction\",\"target\":[\"https:\/\/csp.ch\/neuchatel\/don\/dons-en-nature\/\"]}]},{\"@type\":\"ImageObject\",\"inLanguage\":\"fr-FR\",\"@id\":\"https:\/\/csp.ch\/neuchatel\/don\/dons-en-nature\/#primaryimage\",\"url\":\"https:\/\/csp.ch\/wp-content\/uploads\/sites\/7\/2023\/06\/Boutiques-de-seconde-main-CSP-Neuchatel_v1.jpg\",\"contentUrl\":\"https:\/\/csp.ch\/wp-content\/uploads\/sites\/7\/2023\/06\/Boutiques-de-seconde-main-CSP-Neuchatel_v1.jpg\",\"width\":740,\"height\":360,\"caption\":\"Boutiques de seconde main appel aux dons de mat\u00e9riel\"},{\"@type\":\"BreadcrumbList\",\"@id\":\"https:\/\/csp.ch\/neuchatel\/don\/dons-en-nature\/#breadcrumb\",\"itemListElement\":[{\"@type\":\"ListItem\",\"position\":1,\"name\":\"Accueil\",\"item\":\"https:\/\/csp.ch\/neuchatel\/\"},{\"@type\":\"ListItem\",\"position\":2,\"name\":\"Faire un Don\",\"item\":\"https:\/\/csp.ch\/neuchatel\/don\/\"},{\"@type\":\"ListItem\",\"position\":3,\"name\":\"Dons en nature\"}]},{\"@type\":\"WebSite\",\"@id\":\"https:\/\/csp.ch\/neuchatel\/#website\",\"url\":\"https:\/\/csp.ch\/neuchatel\/\",\"name\":\"CSP Neuch\u00e2tel\",\"description\":\"\",\"publisher\":{\"@id\":\"https:\/\/csp.ch\/neuchatel\/#organization\"},\"potentialAction\":[{\"@type\":\"SearchAction\",\"target\":{\"@type\":\"EntryPoint\",\"urlTemplate\":\"https:\/\/csp.ch\/neuchatel\/?s={search_term_string}\"},\"query-input\":{\"@type\":\"PropertyValueSpecification\",\"valueRequired\":true,\"valueName\":\"search_term_string\"}}],\"inLanguage\":\"fr-FR\"},{\"@type\":\"Organization\",\"@id\":\"https:\/\/csp.ch\/neuchatel\/#organization\",\"name\":\"CSP Neuch\u00e2tel\",\"url\":\"https:\/\/csp.ch\/neuchatel\/\",\"logo\":{\"@type\":\"ImageObject\",\"inLanguage\":\"fr-FR\",\"@id\":\"https:\/\/csp.ch\/neuchatel\/#\/schema\/logo\/image\/\",\"url\":\"https:\/\/csp.ch\/wp-content\/uploads\/sites\/7\/2020\/02\/LOGO-CSP.jpg\",\"contentUrl\":\"https:\/\/csp.ch\/wp-content\/uploads\/sites\/7\/2020\/02\/LOGO-CSP.jpg\",\"width\":667,\"height\":667,\"caption\":\"CSP Neuch\u00e2tel\"},\"image\":{\"@id\":\"https:\/\/csp.ch\/neuchatel\/#\/schema\/logo\/image\/\"},\"sameAs\":[\"https:\/\/www.facebook.com\/CSPSuisse\/\"]}]}<\/script>\n<!-- \/ Yoast SEO plugin. -->","yoast_head_json":{"title":"Dons en nature - CSP Neuch\u00e2tel","description":"Tous les meubles et les objets en bon \u00e9tat dont vous n\u2019avez plus l\u2019usage peuvent encore servir.\u00a0Vous pouvez les donner au CSP.\u00a0","robots":{"index":"index","follow":"follow","max-snippet":"max-snippet:-1","max-image-preview":"max-image-preview:large","max-video-preview":"max-video-preview:-1"},"canonical":"https:\/\/csp.ch\/neuchatel\/don\/dons-en-nature\/","og_locale":"fr_FR","og_type":"article","og_title":"Dons en nature - CSP Neuch\u00e2tel","og_description":"Tous les meubles et les objets en bon \u00e9tat dont vous n\u2019avez plus l\u2019usage peuvent encore servir.\u00a0Vous pouvez les donner au CSP.\u00a0","og_url":"https:\/\/csp.ch\/neuchatel\/don\/dons-en-nature\/","og_site_name":"CSP Neuch\u00e2tel","article_publisher":"https:\/\/www.facebook.com\/CSPSuisse\/","article_modified_time":"2023-06-05T11:16:59+00:00","og_image":[{"width":740,"height":360,"url":"https:\/\/csp.ch\/wp-content\/uploads\/sites\/7\/2023\/06\/Boutiques-de-seconde-main-CSP-Neuchatel_v1.jpg","type":"image\/jpeg"}],"twitter_card":"summary_large_image","twitter_misc":{"Dur\u00e9e de lecture estim\u00e9e":"1 minute"},"schema":{"@context":"https:\/\/schema.org","@graph":[{"@type":"WebPage","@id":"https:\/\/csp.ch\/neuchatel\/don\/dons-en-nature\/","url":"https:\/\/csp.ch\/neuchatel\/don\/dons-en-nature\/","name":"Dons en nature - CSP Neuch\u00e2tel","isPartOf":{"@id":"https:\/\/csp.ch\/neuchatel\/#website"},"primaryImageOfPage":{"@id":"https:\/\/csp.ch\/neuchatel\/don\/dons-en-nature\/#primaryimage"},"image":{"@id":"https:\/\/csp.ch\/neuchatel\/don\/dons-en-nature\/#primaryimage"},"thumbnailUrl":"https:\/\/csp.ch\/wp-content\/uploads\/sites\/7\/2023\/06\/Boutiques-de-seconde-main-CSP-Neuchatel_v1.jpg","datePublished":"2015-11-04T17:23:28+00:00","dateModified":"2023-06-05T11:16:59+00:00","description":"Tous les meubles et les objets en bon \u00e9tat dont vous n\u2019avez plus l\u2019usage peuvent encore servir.\u00a0Vous pouvez les donner au CSP.\u00a0","breadcrumb":{"@id":"https:\/\/csp.ch\/neuchatel\/don\/dons-en-nature\/#breadcrumb"},"inLanguage":"fr-FR","potentialAction":[{"@type":"ReadAction","target":["https:\/\/csp.ch\/neuchatel\/don\/dons-en-nature\/"]}]},{"@type":"ImageObject","inLanguage":"fr-FR","@id":"https:\/\/csp.ch\/neuchatel\/don\/dons-en-nature\/#primaryimage","url":"https:\/\/csp.ch\/wp-content\/uploads\/sites\/7\/2023\/06\/Boutiques-de-seconde-main-CSP-Neuchatel_v1.jpg","contentUrl":"https:\/\/csp.ch\/wp-content\/uploads\/sites\/7\/2023\/06\/Boutiques-de-seconde-main-CSP-Neuchatel_v1.jpg","width":740,"height":360,"caption":"Boutiques de seconde main appel aux dons de mat\u00e9riel"},{"@type":"BreadcrumbList","@id":"https:\/\/csp.ch\/neuchatel\/don\/dons-en-nature\/#breadcrumb","itemListElement":[{"@type":"ListItem","position":1,"name":"Accueil","item":"https:\/\/csp.ch\/neuchatel\/"},{"@type":"ListItem","position":2,"name":"Faire un Don","item":"https:\/\/csp.ch\/neuchatel\/don\/"},{"@type":"ListItem","position":3,"name":"Dons en nature"}]},{"@type":"WebSite","@id":"https:\/\/csp.ch\/neuchatel\/#website","url":"https:\/\/csp.ch\/neuchatel\/","name":"CSP Neuch\u00e2tel","description":"","publisher":{"@id":"https:\/\/csp.ch\/neuchatel\/#organization"},"potentialAction":[{"@type":"SearchAction","target":{"@type":"EntryPoint","urlTemplate":"https:\/\/csp.ch\/neuchatel\/?s={search_term_string}"},"query-input":{"@type":"PropertyValueSpecification","valueRequired":true,"valueName":"search_term_string"}}],"inLanguage":"fr-FR"},{"@type":"Organization","@id":"https:\/\/csp.ch\/neuchatel\/#organization","name":"CSP Neuch\u00e2tel","url":"https:\/\/csp.ch\/neuchatel\/","logo":{"@type":"ImageObject","inLanguage":"fr-FR","@id":"https:\/\/csp.ch\/neuchatel\/#\/schema\/logo\/image\/","url":"https:\/\/csp.ch\/wp-content\/uploads\/sites\/7\/2020\/02\/LOGO-CSP.jpg","contentUrl":"https:\/\/csp.ch\/wp-content\/uploads\/sites\/7\/2020\/02\/LOGO-CSP.jpg","width":667,"height":667,"caption":"CSP Neuch\u00e2tel"},"image":{"@id":"https:\/\/csp.ch\/neuchatel\/#\/schema\/logo\/image\/"},"sameAs":["https:\/\/www.facebook.com\/CSPSuisse\/"]}]}},"_links":{"self":[{"href":"https:\/\/csp.ch\/neuchatel\/wp-json\/wp\/v2\/pages\/714","targetHints":{"allow":["GET"]}}],"collection":[{"href":"https:\/\/csp.ch\/neuchatel\/wp-json\/wp\/v2\/pages"}],"about":[{"href":"https:\/\/csp.ch\/neuchatel\/wp-json\/wp\/v2\/types\/page"}],"author":[{"embeddable":true,"href":"https:\/\/csp.ch\/neuchatel\/wp-json\/wp\/v2\/users\/1"}],"replies":[{"embeddable":true,"href":"https:\/\/csp.ch\/neuchatel\/wp-json\/wp\/v2\/comments?post=714"}],"version-history":[{"count":3,"href":"https:\/\/csp.ch\/neuchatel\/wp-json\/wp\/v2\/pages\/714\/revisions"}],"predecessor-version":[{"id":1783,"href":"https:\/\/csp.ch\/neuchatel\/wp-json\/wp\/v2\/pages\/714\/revisions\/1783"}],"up":[{"embeddable":true,"href":"https:\/\/csp.ch\/neuchatel\/wp-json\/wp\/v2\/pages\/69"}],"wp:featuredmedia":[{"embeddable":true,"href":"https:\/\/csp.ch\/neuchatel\/wp-json\/wp\/v2\/media\/3818"}],"wp:attachment":[{"href":"https:\/\/csp.ch\/neuchatel\/wp-json\/wp\/v2\/media?parent=714"}],"curies":[{"name":"wp","href":"https:\/\/api.w.org\/{rel}","templated":true}]}}