{"id":65,"date":"2015-08-11T12:03:16","date_gmt":"2015-08-11T11:03:16","guid":{"rendered":"https:\/\/csp.ch\/vd\/?page_id=65"},"modified":"2025-10-21T16:27:45","modified_gmt":"2025-10-21T14:27:45","slug":"benevolat","status":"publish","type":"page","link":"https:\/\/csp.ch\/neuchatel\/nos-boutiques\/benevolat\/","title":{"rendered":"Devenir <strong>b\u00e9n\u00e9vole<\/strong>"},"content":{"rendered":"<div class=\"wpb-content-wrapper\"><p>[vc_row][vc_column width=\u00a0\u00bb1\/2&Prime;][vc_single_image image=\u00a0\u00bb9754&Prime; img_size=\u00a0\u00bbfull\u00a0\u00bb css=\u00a0\u00bb\u00a0\u00bb][\/vc_column][vc_column width=\u00a0\u00bb1\/2&Prime;][vc_single_image image=\u00a0\u00bb9668&Prime; img_size=\u00a0\u00bbfull\u00a0\u00bb css=\u00a0\u00bb\u00a0\u00bb][\/vc_column][\/vc_row][vc_row][vc_column width=\u00a0\u00bb1\/2&Prime;][vc_column_text css=\u00a0\u00bb\u00a0\u00bb]<\/p>\n<h3><span style=\"color: #ff9900\">Vous avez du <strong>temps<\/strong> et<br \/>\nle sens du <strong>contact humain<\/strong>?<br \/>\n<\/span><\/h3>\n<p>&nbsp;<\/p>\n<p>Le CSP Neuch\u00e2tel est toujours \u00e0 la <strong>recherche de nouvelles et nouveaux b\u00e9n\u00e9voles<\/strong> pour pr\u00eater main\u2011forte dans les boutiques seconde main.<\/p>\n<ul>\n<li>Si vous aimez chiner et avez l\u2019\u0153il pour d\u00e9nicher de belles pi\u00e8ces, vous serez parfait.e pour nous aider au <strong>tri<\/strong> et \u00e0 l\u2019<strong>\u00e9tiquetage des v\u00eatements<\/strong>!<\/li>\n<li>Si vous aimez le <strong>rangement<\/strong> et l\u2019<strong>ordre<\/strong>, votre aide sera pr\u00e9cieuse pour g\u00e9rer nos nombreux arrivages et organiser les \u00e9tag\u00e8res des boutiques!<\/li>\n<li>Si vous vous y connaissez en \u00e9lectrom\u00e9nager, vous pourrez contribuer \u00e0 la <strong>v\u00e9rification des appareils<\/strong> et au <strong>conseil<\/strong> \u00e0 la client\u00e8le!<\/li>\n<li>Si vous avez un esprit cr\u00e9atif et le sens de la pr\u00e9sentation, vous pourrez participer \u00e0 la <strong>d\u00e9coration<\/strong> et \u00e0 l\u2019am\u00e9nagement visuel de nos boutiques!<\/li>\n<li>Et surtout, si vous souhaitez passer du temps dans un <strong>cadre convivial et ouvert \u00e0 toutes et tous<\/strong>, il est grand temps de nous rejoindre!<\/li>\n<\/ul>\n<p>Cette activit\u00e9 s&rsquo;adresse \u00e0 toute personne motiv\u00e9e, pr\u00eate \u00e0 offrir une disponibilit\u00e9 r\u00e9guli\u00e8re ou ponctuelle, et faisant preuve d\u2019<span style=\"color: #ff9900\"><strong>ouverture<\/strong><\/span>, de <strong><span style=\"color: #ff9900\">respect<\/span><\/strong> et de<span style=\"color: #ff9900\"><strong> bienveillance<\/strong><\/span>.[\/vc_column_text][\/vc_column][vc_column width=\u00a0\u00bb1\/2&Prime;][vc_column_text css=\u00a0\u00bb\u00a0\u00bb]<\/p>\n<h3><span style=\"color: #ff9900\">Rejoignez notre belle<br \/>\n<strong>famille de b\u00e9n\u00e9voles<\/strong>!<\/span><\/h3>\n<p>&nbsp;<\/p>\n<p><strong>Pour vous inscrire, compl\u00e9tez le formulaire ci-dessous en sp\u00e9cifiant aupr\u00e8s de <span style=\"color: #ff9900\">quelle boutique<\/span> vous souhaiteriez vous engager:<\/strong><\/p>\n<ul>\n<li>Boutique de <strong>Neuch\u00e2tel<\/strong> (Rue des Sablons 48)<\/li>\n<li>Boutique de <strong>La-Chaux-de-Fonds<\/strong> (Rue du Puits 1)<\/li>\n<li>Boutique de <strong>La Jonch\u00e8re<\/strong> (2043 Boudevilliers)<\/li>\n<\/ul>\n<p>Nous reviendrons vers vous d\u00e8s que possible![\/vc_column_text]\n<div class=\"wpcf7 no-js\" id=\"wpcf7-f131-o1\" lang=\"fr-FR\" dir=\"ltr\" data-wpcf7-id=\"131\">\n<div class=\"screen-reader-response\"><p role=\"status\" aria-live=\"polite\" aria-atomic=\"true\"><\/p> <ul><\/ul><\/div>\n<form action=\"\/neuchatel\/wp-json\/wp\/v2\/pages\/65#wpcf7-f131-o1\" method=\"post\" class=\"wpcf7-form init\" aria-label=\"Formulaire de contact\" novalidate=\"novalidate\" data-status=\"init\">\n<fieldset class=\"hidden-fields-container\"><input type=\"hidden\" name=\"_wpcf7\" value=\"131\" \/><input type=\"hidden\" name=\"_wpcf7_version\" value=\"6.1.5\" \/><input type=\"hidden\" name=\"_wpcf7_locale\" value=\"fr_FR\" \/><input type=\"hidden\" name=\"_wpcf7_unit_tag\" value=\"wpcf7-f131-o1\" \/><input type=\"hidden\" name=\"_wpcf7_container_post\" value=\"0\" \/><input type=\"hidden\" name=\"_wpcf7_posted_data_hash\" value=\"\" \/>\n<\/fieldset>\n<div class=\"one-third\">\n\t<p><span class=\"wpcf7-form-control-wrap\" data-name=\"your-name\"><input size=\"40\" maxlength=\"400\" class=\"wpcf7-form-control wpcf7-text wpcf7-validates-as-required\" aria-required=\"true\" aria-invalid=\"false\" placeholder=\"Votre nom *\" value=\"\" type=\"text\" name=\"your-name\" \/><\/span>\n\t<\/p>\n\t<p><span class=\"wpcf7-form-control-wrap\" data-name=\"your-email\"><input size=\"40\" maxlength=\"400\" class=\"wpcf7-form-control wpcf7-email wpcf7-validates-as-required wpcf7-text wpcf7-validates-as-email\" aria-required=\"true\" aria-invalid=\"false\" placeholder=\"Votre email *\" value=\"\" type=\"email\" name=\"your-email\" \/><\/span>\n\t<\/p>\n\t<p><span class=\"wpcf7-form-control-wrap\" data-name=\"your-phone\"><input size=\"40\" maxlength=\"400\" class=\"wpcf7-form-control wpcf7-text wpcf7-validates-as-required\" aria-required=\"true\" aria-invalid=\"false\" placeholder=\"Votre t\u00e9l\u00e9phone *\" value=\"\" type=\"text\" name=\"your-phone\" \/><\/span>\n\t<\/p>\n<\/div>\n<div class=\"two-third last\">\n\t<p><span class=\"wpcf7-form-control-wrap\" data-name=\"your-message\"><textarea cols=\"40\" rows=\"10\" maxlength=\"2000\" class=\"wpcf7-form-control wpcf7-textarea\" aria-invalid=\"false\" placeholder=\"Votre message\" name=\"your-message\"><\/textarea><\/span>\n\t<\/p>\n<\/div>\n<p><input class=\"wpcf7-form-control wpcf7-submit has-spinner\" type=\"submit\" value=\"Envoyer\" \/>\n<\/p><input type='hidden' class='wpcf7-pum' value='{\"closepopup\":false,\"closedelay\":0,\"openpopup\":false,\"openpopup_id\":0}' \/><div class=\"wpcf7-response-output\" aria-hidden=\"true\"><\/div>\n<\/form>\n<\/div>\n[\/vc_column][\/vc_row]<\/p>\n<\/div>","protected":false},"excerpt":{"rendered":"<p>[vc_row][vc_column width=\u00a0\u00bb1\/2&Prime;][vc_single_image image=\u00a0\u00bb9754&Prime; img_size=\u00a0\u00bbfull\u00a0\u00bb css=\u00a0\u00bb\u00a0\u00bb][\/vc_column][vc_column width=\u00a0\u00bb1\/2&Prime;][vc_single_image image=\u00a0\u00bb9668&Prime; img_size=\u00a0\u00bbfull\u00a0\u00bb css=\u00a0\u00bb\u00a0\u00bb][\/vc_column][\/vc_row][vc_row][vc_column width=\u00a0\u00bb1\/2&Prime;][vc_column_text css=\u00a0\u00bb\u00a0\u00bb] Vous avez du temps et le sens du contact humain? &nbsp; Le CSP Neuch\u00e2tel est toujours \u00e0 la recherche de nouvelles et nouveaux b\u00e9n\u00e9voles pour pr\u00eater main\u2011forte dans les boutiques seconde main. Si vous aimez chiner et avez l\u2019\u0153il pour d\u00e9nicher de belles pi\u00e8ces, [&hellip;]<\/p>\n","protected":false},"author":1,"featured_media":0,"parent":147,"menu_order":0,"comment_status":"closed","ping_status":"closed","template":"template-nosidebar.php","meta":{"_acf_changed":false,"footnotes":""},"class_list":["post-65","page","type-page","status-publish","hentry"],"acf":[],"yoast_head":"<!-- This site is optimized with the Yoast SEO plugin v27.1.1 - https:\/\/yoast.com\/product\/yoast-seo-wordpress\/ -->\n<title>Devenir b\u00e9n\u00e9vole - CSP Neuch\u00e2tel<\/title>\n<meta name=\"description\" content=\"Devenir b\u00e9n\u00e9vole au CSP Neuch\u00e2tel ? Vous avez envie d&#039;offrir un peu de votre temps et de vos comp\u00e9tences au b\u00e9n\u00e9fice d&#039;une institution qui vient en aide \u00e0 des personnes en difficult\u00e9\u00a0? Rejoignez une des \u00e9quipes de travail conviviales du CSP Neuch\u00e2tel.\" \/>\n<meta name=\"robots\" content=\"index, follow, max-snippet:-1, max-image-preview:large, max-video-preview:-1\" \/>\n<link rel=\"canonical\" href=\"https:\/\/csp.ch\/neuchatel\/nos-boutiques\/benevolat\/\" \/>\n<meta property=\"og:locale\" content=\"fr_FR\" \/>\n<meta property=\"og:type\" content=\"article\" \/>\n<meta property=\"og:title\" content=\"Devenir b\u00e9n\u00e9vole - CSP Neuch\u00e2tel\" \/>\n<meta property=\"og:description\" content=\"Devenir b\u00e9n\u00e9vole au CSP Neuch\u00e2tel ? Vous avez envie d&#039;offrir un peu de votre temps et de vos comp\u00e9tences au b\u00e9n\u00e9fice d&#039;une institution qui vient en aide \u00e0 des personnes en difficult\u00e9\u00a0? Rejoignez une des \u00e9quipes de travail conviviales du CSP Neuch\u00e2tel.\" \/>\n<meta property=\"og:url\" content=\"https:\/\/csp.ch\/neuchatel\/nos-boutiques\/benevolat\/\" \/>\n<meta property=\"og:site_name\" content=\"CSP Neuch\u00e2tel\" \/>\n<meta property=\"article:publisher\" content=\"https:\/\/www.facebook.com\/CSPSuisse\/\" \/>\n<meta property=\"article:modified_time\" content=\"2025-10-21T14:27:45+00:00\" \/>\n<meta name=\"twitter:card\" content=\"summary_large_image\" \/>\n<meta name=\"twitter:label1\" content=\"Dur\u00e9e de lecture estim\u00e9e\" \/>\n\t<meta name=\"twitter:data1\" content=\"2 minutes\" \/>\n<script type=\"application\/ld+json\" class=\"yoast-schema-graph\">{\"@context\":\"https:\/\/schema.org\",\"@graph\":[{\"@type\":\"WebPage\",\"@id\":\"https:\/\/csp.ch\/neuchatel\/nos-boutiques\/benevolat\/\",\"url\":\"https:\/\/csp.ch\/neuchatel\/nos-boutiques\/benevolat\/\",\"name\":\"Devenir b\u00e9n\u00e9vole - CSP Neuch\u00e2tel\",\"isPartOf\":{\"@id\":\"https:\/\/csp.ch\/neuchatel\/#website\"},\"datePublished\":\"2015-08-11T11:03:16+00:00\",\"dateModified\":\"2025-10-21T14:27:45+00:00\",\"description\":\"Devenir b\u00e9n\u00e9vole au CSP Neuch\u00e2tel ? Vous avez envie d'offrir un peu de votre temps et de vos comp\u00e9tences au b\u00e9n\u00e9fice d'une institution qui vient en aide \u00e0 des personnes en difficult\u00e9\u00a0? Rejoignez une des \u00e9quipes de travail conviviales du CSP Neuch\u00e2tel.\",\"breadcrumb\":{\"@id\":\"https:\/\/csp.ch\/neuchatel\/nos-boutiques\/benevolat\/#breadcrumb\"},\"inLanguage\":\"fr-FR\",\"potentialAction\":[{\"@type\":\"ReadAction\",\"target\":[\"https:\/\/csp.ch\/neuchatel\/nos-boutiques\/benevolat\/\"]}]},{\"@type\":\"BreadcrumbList\",\"@id\":\"https:\/\/csp.ch\/neuchatel\/nos-boutiques\/benevolat\/#breadcrumb\",\"itemListElement\":[{\"@type\":\"ListItem\",\"position\":1,\"name\":\"Accueil\",\"item\":\"https:\/\/csp.ch\/neuchatel\/\"},{\"@type\":\"ListItem\",\"position\":2,\"name\":\"Boutiques seconde main\",\"item\":\"https:\/\/csp.ch\/neuchatel\/nos-boutiques\/\"},{\"@type\":\"ListItem\",\"position\":3,\"name\":\"Devenir b\u00e9n\u00e9vole\"}]},{\"@type\":\"WebSite\",\"@id\":\"https:\/\/csp.ch\/neuchatel\/#website\",\"url\":\"https:\/\/csp.ch\/neuchatel\/\",\"name\":\"CSP Neuch\u00e2tel\",\"description\":\"\",\"publisher\":{\"@id\":\"https:\/\/csp.ch\/neuchatel\/#organization\"},\"potentialAction\":[{\"@type\":\"SearchAction\",\"target\":{\"@type\":\"EntryPoint\",\"urlTemplate\":\"https:\/\/csp.ch\/neuchatel\/?s={search_term_string}\"},\"query-input\":{\"@type\":\"PropertyValueSpecification\",\"valueRequired\":true,\"valueName\":\"search_term_string\"}}],\"inLanguage\":\"fr-FR\"},{\"@type\":\"Organization\",\"@id\":\"https:\/\/csp.ch\/neuchatel\/#organization\",\"name\":\"CSP Neuch\u00e2tel\",\"url\":\"https:\/\/csp.ch\/neuchatel\/\",\"logo\":{\"@type\":\"ImageObject\",\"inLanguage\":\"fr-FR\",\"@id\":\"https:\/\/csp.ch\/neuchatel\/#\/schema\/logo\/image\/\",\"url\":\"https:\/\/csp.ch\/wp-content\/uploads\/sites\/7\/2020\/02\/LOGO-CSP.jpg\",\"contentUrl\":\"https:\/\/csp.ch\/wp-content\/uploads\/sites\/7\/2020\/02\/LOGO-CSP.jpg\",\"width\":667,\"height\":667,\"caption\":\"CSP Neuch\u00e2tel\"},\"image\":{\"@id\":\"https:\/\/csp.ch\/neuchatel\/#\/schema\/logo\/image\/\"},\"sameAs\":[\"https:\/\/www.facebook.com\/CSPSuisse\/\"]}]}<\/script>\n<!-- \/ Yoast SEO plugin. -->","yoast_head_json":{"title":"Devenir b\u00e9n\u00e9vole - CSP Neuch\u00e2tel","description":"Devenir b\u00e9n\u00e9vole au CSP Neuch\u00e2tel ? Vous avez envie d'offrir un peu de votre temps et de vos comp\u00e9tences au b\u00e9n\u00e9fice d'une institution qui vient en aide \u00e0 des personnes en difficult\u00e9\u00a0? Rejoignez une des \u00e9quipes de travail conviviales du CSP Neuch\u00e2tel.","robots":{"index":"index","follow":"follow","max-snippet":"max-snippet:-1","max-image-preview":"max-image-preview:large","max-video-preview":"max-video-preview:-1"},"canonical":"https:\/\/csp.ch\/neuchatel\/nos-boutiques\/benevolat\/","og_locale":"fr_FR","og_type":"article","og_title":"Devenir b\u00e9n\u00e9vole - CSP Neuch\u00e2tel","og_description":"Devenir b\u00e9n\u00e9vole au CSP Neuch\u00e2tel ? Vous avez envie d'offrir un peu de votre temps et de vos comp\u00e9tences au b\u00e9n\u00e9fice d'une institution qui vient en aide \u00e0 des personnes en difficult\u00e9\u00a0? Rejoignez une des \u00e9quipes de travail conviviales du CSP Neuch\u00e2tel.","og_url":"https:\/\/csp.ch\/neuchatel\/nos-boutiques\/benevolat\/","og_site_name":"CSP Neuch\u00e2tel","article_publisher":"https:\/\/www.facebook.com\/CSPSuisse\/","article_modified_time":"2025-10-21T14:27:45+00:00","twitter_card":"summary_large_image","twitter_misc":{"Dur\u00e9e de lecture estim\u00e9e":"2 minutes"},"schema":{"@context":"https:\/\/schema.org","@graph":[{"@type":"WebPage","@id":"https:\/\/csp.ch\/neuchatel\/nos-boutiques\/benevolat\/","url":"https:\/\/csp.ch\/neuchatel\/nos-boutiques\/benevolat\/","name":"Devenir b\u00e9n\u00e9vole - CSP Neuch\u00e2tel","isPartOf":{"@id":"https:\/\/csp.ch\/neuchatel\/#website"},"datePublished":"2015-08-11T11:03:16+00:00","dateModified":"2025-10-21T14:27:45+00:00","description":"Devenir b\u00e9n\u00e9vole au CSP Neuch\u00e2tel ? Vous avez envie d'offrir un peu de votre temps et de vos comp\u00e9tences au b\u00e9n\u00e9fice d'une institution qui vient en aide \u00e0 des personnes en difficult\u00e9\u00a0? Rejoignez une des \u00e9quipes de travail conviviales du CSP Neuch\u00e2tel.","breadcrumb":{"@id":"https:\/\/csp.ch\/neuchatel\/nos-boutiques\/benevolat\/#breadcrumb"},"inLanguage":"fr-FR","potentialAction":[{"@type":"ReadAction","target":["https:\/\/csp.ch\/neuchatel\/nos-boutiques\/benevolat\/"]}]},{"@type":"BreadcrumbList","@id":"https:\/\/csp.ch\/neuchatel\/nos-boutiques\/benevolat\/#breadcrumb","itemListElement":[{"@type":"ListItem","position":1,"name":"Accueil","item":"https:\/\/csp.ch\/neuchatel\/"},{"@type":"ListItem","position":2,"name":"Boutiques seconde main","item":"https:\/\/csp.ch\/neuchatel\/nos-boutiques\/"},{"@type":"ListItem","position":3,"name":"Devenir b\u00e9n\u00e9vole"}]},{"@type":"WebSite","@id":"https:\/\/csp.ch\/neuchatel\/#website","url":"https:\/\/csp.ch\/neuchatel\/","name":"CSP Neuch\u00e2tel","description":"","publisher":{"@id":"https:\/\/csp.ch\/neuchatel\/#organization"},"potentialAction":[{"@type":"SearchAction","target":{"@type":"EntryPoint","urlTemplate":"https:\/\/csp.ch\/neuchatel\/?s={search_term_string}"},"query-input":{"@type":"PropertyValueSpecification","valueRequired":true,"valueName":"search_term_string"}}],"inLanguage":"fr-FR"},{"@type":"Organization","@id":"https:\/\/csp.ch\/neuchatel\/#organization","name":"CSP Neuch\u00e2tel","url":"https:\/\/csp.ch\/neuchatel\/","logo":{"@type":"ImageObject","inLanguage":"fr-FR","@id":"https:\/\/csp.ch\/neuchatel\/#\/schema\/logo\/image\/","url":"https:\/\/csp.ch\/wp-content\/uploads\/sites\/7\/2020\/02\/LOGO-CSP.jpg","contentUrl":"https:\/\/csp.ch\/wp-content\/uploads\/sites\/7\/2020\/02\/LOGO-CSP.jpg","width":667,"height":667,"caption":"CSP Neuch\u00e2tel"},"image":{"@id":"https:\/\/csp.ch\/neuchatel\/#\/schema\/logo\/image\/"},"sameAs":["https:\/\/www.facebook.com\/CSPSuisse\/"]}]}},"_links":{"self":[{"href":"https:\/\/csp.ch\/neuchatel\/wp-json\/wp\/v2\/pages\/65","targetHints":{"allow":["GET"]}}],"collection":[{"href":"https:\/\/csp.ch\/neuchatel\/wp-json\/wp\/v2\/pages"}],"about":[{"href":"https:\/\/csp.ch\/neuchatel\/wp-json\/wp\/v2\/types\/page"}],"author":[{"embeddable":true,"href":"https:\/\/csp.ch\/neuchatel\/wp-json\/wp\/v2\/users\/1"}],"replies":[{"embeddable":true,"href":"https:\/\/csp.ch\/neuchatel\/wp-json\/wp\/v2\/comments?post=65"}],"version-history":[{"count":4,"href":"https:\/\/csp.ch\/neuchatel\/wp-json\/wp\/v2\/pages\/65\/revisions"}],"predecessor-version":[{"id":9755,"href":"https:\/\/csp.ch\/neuchatel\/wp-json\/wp\/v2\/pages\/65\/revisions\/9755"}],"up":[{"embeddable":true,"href":"https:\/\/csp.ch\/neuchatel\/wp-json\/wp\/v2\/pages\/147"}],"wp:attachment":[{"href":"https:\/\/csp.ch\/neuchatel\/wp-json\/wp\/v2\/media?parent=65"}],"curies":[{"name":"wp","href":"https:\/\/api.w.org\/{rel}","templated":true}]}}