{"id":646,"date":"2015-10-27T00:00:27","date_gmt":"2015-10-26T23:00:27","guid":{"rendered":"https:\/\/csp.ch\/ne\/?page_id=646"},"modified":"2026-01-09T16:42:01","modified_gmt":"2026-01-09T15:42:01","slug":"charte-statuts","status":"publish","type":"page","link":"https:\/\/csp.ch\/neuchatel\/a-notre-sujet\/charte-statuts\/","title":{"rendered":"Documents de r\u00e9f\u00e9rence"},"content":{"rendered":"<div class=\"wpb-content-wrapper\"><p>[vc_row][vc_column][vc_column_text css=\u00a0\u00bb\u00a0\u00bb]Le CSP de Neuch\u00e2tel est une Fondation priv\u00e9e, reconnue d\u2019utilit\u00e9 publique, qui dispense des services d\u2019aide sociale, juridique, conjugale et familiale, d&rsquo;insertion socio-professionnelle aux personnes en difficult\u00e9, sans distinction de nationalit\u00e9 ou de religion. Le CSP Neuch\u00e2tel propose diverses prestations entre La Chaux-de-Fonds, La Jonch\u00e8re et Neuch\u00e2tel.<\/p>\n<p>En plus de ses prestations sociales, le CSP Neuch\u00e2tel g\u00e8re trois boutiques de seconde main et est actif dans la pr\u00e9vention \u00e0 l&rsquo;endettement.[\/vc_column_text][\/vc_column][\/vc_row][vc_row][vc_column width=\u00a0\u00bb1\/2&Prime;][vc_column_text]<\/p>\n<h2>Statuts<\/h2>\n<p>Le CSP Neuch\u00e2tel est devenu une Fondation en 2015.<\/p>\n<p><a href=\"https:\/\/csp.ch\/neuchatel\/wp-content\/uploads\/sites\/7\/2022\/05\/Statuts-Fondation-CSP-Neuchatel-CSP_18-decembre-2015.pdf\" target=\"_blank\" rel=\"noopener\">Statuts Fondation CSP Neuch\u00e2tel CSP_18 d\u00e9cembre 2015<\/a><\/p>\n<p>&nbsp;<\/p>\n<p>[\/vc_column_text][\/vc_column][\/vc_row][vc_row][vc_column width=\u00a0\u00bb1\/2&Prime;][vc_column_text]<\/p>\n<h2>Principes d&rsquo;intervention<\/h2>\n<p>Le CSP Neuch\u00e2tel r\u00e9sume dans un document ses principes d&rsquo;intervention :<\/p>\n<p><a href=\"https:\/\/csp.ch\/neuchatel\/wp-content\/uploads\/sites\/7\/2022\/10\/Principes-dintervention-du-CSP.pdf\" target=\"_blank\" rel=\"noopener\">Principes d&rsquo;intervention\u00a0<\/a><\/p>\n<p>&nbsp;<\/p>\n<p>[\/vc_column_text][\/vc_column][\/vc_row]<\/p>\n<\/div>","protected":false},"excerpt":{"rendered":"<p>[vc_row][vc_column][vc_column_text css=\u00a0\u00bb\u00a0\u00bb]Le CSP de Neuch\u00e2tel est une Fondation priv\u00e9e, reconnue d\u2019utilit\u00e9 publique, qui dispense des services d\u2019aide sociale, juridique, conjugale et familiale, d&rsquo;insertion socio-professionnelle aux personnes en difficult\u00e9, sans distinction de nationalit\u00e9 ou de religion. Le CSP Neuch\u00e2tel propose diverses prestations entre La Chaux-de-Fonds, La Jonch\u00e8re et Neuch\u00e2tel. En plus de ses prestations sociales, le [&hellip;]<\/p>\n","protected":false},"author":1,"featured_media":651,"parent":303,"menu_order":0,"comment_status":"closed","ping_status":"closed","template":"","meta":{"_acf_changed":false,"footnotes":""},"class_list":["post-646","page","type-page","status-publish","has-post-thumbnail","hentry"],"acf":[],"yoast_head":"<!-- This site is optimized with the Yoast SEO plugin v27.1.1 - https:\/\/yoast.com\/product\/yoast-seo-wordpress\/ -->\n<title>Documents de r\u00e9f\u00e9rence - CSP Neuch\u00e2tel<\/title>\n<meta name=\"description\" content=\"Le CSP est une institution priv\u00e9e, reconnue d\u2019int\u00e9r\u00eat public, qui dispense des services d\u2019aide sociale, juridique, conjugale aux personnes en difficult\u00e9.\" \/>\n<meta name=\"robots\" content=\"index, follow, max-snippet:-1, max-image-preview:large, max-video-preview:-1\" \/>\n<link rel=\"canonical\" href=\"https:\/\/csp.ch\/neuchatel\/a-notre-sujet\/charte-statuts\/\" \/>\n<meta property=\"og:locale\" content=\"fr_FR\" \/>\n<meta property=\"og:type\" content=\"article\" \/>\n<meta property=\"og:title\" content=\"Documents de r\u00e9f\u00e9rence - CSP Neuch\u00e2tel\" \/>\n<meta property=\"og:description\" content=\"Le CSP est une institution priv\u00e9e, reconnue d\u2019int\u00e9r\u00eat public, qui dispense des services d\u2019aide sociale, juridique, conjugale aux personnes en difficult\u00e9.\" \/>\n<meta property=\"og:url\" content=\"https:\/\/csp.ch\/neuchatel\/a-notre-sujet\/charte-statuts\/\" \/>\n<meta property=\"og:site_name\" content=\"CSP Neuch\u00e2tel\" \/>\n<meta property=\"article:publisher\" content=\"https:\/\/www.facebook.com\/CSPSuisse\/\" \/>\n<meta property=\"article:modified_time\" content=\"2026-01-09T15:42:01+00:00\" \/>\n<meta property=\"og:image\" content=\"https:\/\/csp.ch\/wp-content\/uploads\/sites\/7\/2015\/10\/20150908\u00a9CSP-NE_RebeccaBowring2902.jpg\" \/>\n\t<meta property=\"og:image:width\" content=\"2200\" \/>\n\t<meta property=\"og:image:height\" content=\"1467\" \/>\n\t<meta property=\"og:image:type\" content=\"image\/jpeg\" \/>\n<meta name=\"twitter:card\" content=\"summary_large_image\" \/>\n<meta name=\"twitter:label1\" content=\"Dur\u00e9e de lecture estim\u00e9e\" \/>\n\t<meta name=\"twitter:data1\" content=\"1 minute\" \/>\n<script type=\"application\/ld+json\" class=\"yoast-schema-graph\">{\"@context\":\"https:\/\/schema.org\",\"@graph\":[{\"@type\":\"WebPage\",\"@id\":\"https:\/\/csp.ch\/neuchatel\/a-notre-sujet\/charte-statuts\/\",\"url\":\"https:\/\/csp.ch\/neuchatel\/a-notre-sujet\/charte-statuts\/\",\"name\":\"Documents de r\u00e9f\u00e9rence - CSP Neuch\u00e2tel\",\"isPartOf\":{\"@id\":\"https:\/\/csp.ch\/neuchatel\/#website\"},\"primaryImageOfPage\":{\"@id\":\"https:\/\/csp.ch\/neuchatel\/a-notre-sujet\/charte-statuts\/#primaryimage\"},\"image\":{\"@id\":\"https:\/\/csp.ch\/neuchatel\/a-notre-sujet\/charte-statuts\/#primaryimage\"},\"thumbnailUrl\":\"https:\/\/csp.ch\/wp-content\/uploads\/sites\/7\/2015\/10\/20150908\u00a9CSP-NE_RebeccaBowring2902.jpg\",\"datePublished\":\"2015-10-26T23:00:27+00:00\",\"dateModified\":\"2026-01-09T15:42:01+00:00\",\"description\":\"Le CSP est une institution priv\u00e9e, reconnue d\u2019int\u00e9r\u00eat public, qui dispense des services d\u2019aide sociale, juridique, conjugale aux personnes en difficult\u00e9.\",\"breadcrumb\":{\"@id\":\"https:\/\/csp.ch\/neuchatel\/a-notre-sujet\/charte-statuts\/#breadcrumb\"},\"inLanguage\":\"fr-FR\",\"potentialAction\":[{\"@type\":\"ReadAction\",\"target\":[\"https:\/\/csp.ch\/neuchatel\/a-notre-sujet\/charte-statuts\/\"]}]},{\"@type\":\"ImageObject\",\"inLanguage\":\"fr-FR\",\"@id\":\"https:\/\/csp.ch\/neuchatel\/a-notre-sujet\/charte-statuts\/#primaryimage\",\"url\":\"https:\/\/csp.ch\/wp-content\/uploads\/sites\/7\/2015\/10\/20150908\u00a9CSP-NE_RebeccaBowring2902.jpg\",\"contentUrl\":\"https:\/\/csp.ch\/wp-content\/uploads\/sites\/7\/2015\/10\/20150908\u00a9CSP-NE_RebeccaBowring2902.jpg\",\"width\":2200,\"height\":1467},{\"@type\":\"BreadcrumbList\",\"@id\":\"https:\/\/csp.ch\/neuchatel\/a-notre-sujet\/charte-statuts\/#breadcrumb\",\"itemListElement\":[{\"@type\":\"ListItem\",\"position\":1,\"name\":\"Accueil\",\"item\":\"https:\/\/csp.ch\/neuchatel\/\"},{\"@type\":\"ListItem\",\"position\":2,\"name\":\"A notre sujet\",\"item\":\"https:\/\/csp.ch\/neuchatel\/a-notre-sujet\/\"},{\"@type\":\"ListItem\",\"position\":3,\"name\":\"Documents de r\u00e9f\u00e9rence\"}]},{\"@type\":\"WebSite\",\"@id\":\"https:\/\/csp.ch\/neuchatel\/#website\",\"url\":\"https:\/\/csp.ch\/neuchatel\/\",\"name\":\"CSP Neuch\u00e2tel\",\"description\":\"\",\"publisher\":{\"@id\":\"https:\/\/csp.ch\/neuchatel\/#organization\"},\"potentialAction\":[{\"@type\":\"SearchAction\",\"target\":{\"@type\":\"EntryPoint\",\"urlTemplate\":\"https:\/\/csp.ch\/neuchatel\/?s={search_term_string}\"},\"query-input\":{\"@type\":\"PropertyValueSpecification\",\"valueRequired\":true,\"valueName\":\"search_term_string\"}}],\"inLanguage\":\"fr-FR\"},{\"@type\":\"Organization\",\"@id\":\"https:\/\/csp.ch\/neuchatel\/#organization\",\"name\":\"CSP Neuch\u00e2tel\",\"url\":\"https:\/\/csp.ch\/neuchatel\/\",\"logo\":{\"@type\":\"ImageObject\",\"inLanguage\":\"fr-FR\",\"@id\":\"https:\/\/csp.ch\/neuchatel\/#\/schema\/logo\/image\/\",\"url\":\"https:\/\/csp.ch\/wp-content\/uploads\/sites\/7\/2020\/02\/LOGO-CSP.jpg\",\"contentUrl\":\"https:\/\/csp.ch\/wp-content\/uploads\/sites\/7\/2020\/02\/LOGO-CSP.jpg\",\"width\":667,\"height\":667,\"caption\":\"CSP Neuch\u00e2tel\"},\"image\":{\"@id\":\"https:\/\/csp.ch\/neuchatel\/#\/schema\/logo\/image\/\"},\"sameAs\":[\"https:\/\/www.facebook.com\/CSPSuisse\/\"]}]}<\/script>\n<!-- \/ Yoast SEO plugin. -->","yoast_head_json":{"title":"Documents de r\u00e9f\u00e9rence - CSP Neuch\u00e2tel","description":"Le CSP est une institution priv\u00e9e, reconnue d\u2019int\u00e9r\u00eat public, qui dispense des services d\u2019aide sociale, juridique, conjugale aux personnes en difficult\u00e9.","robots":{"index":"index","follow":"follow","max-snippet":"max-snippet:-1","max-image-preview":"max-image-preview:large","max-video-preview":"max-video-preview:-1"},"canonical":"https:\/\/csp.ch\/neuchatel\/a-notre-sujet\/charte-statuts\/","og_locale":"fr_FR","og_type":"article","og_title":"Documents de r\u00e9f\u00e9rence - CSP Neuch\u00e2tel","og_description":"Le CSP est une institution priv\u00e9e, reconnue d\u2019int\u00e9r\u00eat public, qui dispense des services d\u2019aide sociale, juridique, conjugale aux personnes en difficult\u00e9.","og_url":"https:\/\/csp.ch\/neuchatel\/a-notre-sujet\/charte-statuts\/","og_site_name":"CSP Neuch\u00e2tel","article_publisher":"https:\/\/www.facebook.com\/CSPSuisse\/","article_modified_time":"2026-01-09T15:42:01+00:00","og_image":[{"width":2200,"height":1467,"url":"https:\/\/csp.ch\/wp-content\/uploads\/sites\/7\/2015\/10\/20150908\u00a9CSP-NE_RebeccaBowring2902.jpg","type":"image\/jpeg"}],"twitter_card":"summary_large_image","twitter_misc":{"Dur\u00e9e de lecture estim\u00e9e":"1 minute"},"schema":{"@context":"https:\/\/schema.org","@graph":[{"@type":"WebPage","@id":"https:\/\/csp.ch\/neuchatel\/a-notre-sujet\/charte-statuts\/","url":"https:\/\/csp.ch\/neuchatel\/a-notre-sujet\/charte-statuts\/","name":"Documents de r\u00e9f\u00e9rence - CSP Neuch\u00e2tel","isPartOf":{"@id":"https:\/\/csp.ch\/neuchatel\/#website"},"primaryImageOfPage":{"@id":"https:\/\/csp.ch\/neuchatel\/a-notre-sujet\/charte-statuts\/#primaryimage"},"image":{"@id":"https:\/\/csp.ch\/neuchatel\/a-notre-sujet\/charte-statuts\/#primaryimage"},"thumbnailUrl":"https:\/\/csp.ch\/wp-content\/uploads\/sites\/7\/2015\/10\/20150908\u00a9CSP-NE_RebeccaBowring2902.jpg","datePublished":"2015-10-26T23:00:27+00:00","dateModified":"2026-01-09T15:42:01+00:00","description":"Le CSP est une institution priv\u00e9e, reconnue d\u2019int\u00e9r\u00eat public, qui dispense des services d\u2019aide sociale, juridique, conjugale aux personnes en difficult\u00e9.","breadcrumb":{"@id":"https:\/\/csp.ch\/neuchatel\/a-notre-sujet\/charte-statuts\/#breadcrumb"},"inLanguage":"fr-FR","potentialAction":[{"@type":"ReadAction","target":["https:\/\/csp.ch\/neuchatel\/a-notre-sujet\/charte-statuts\/"]}]},{"@type":"ImageObject","inLanguage":"fr-FR","@id":"https:\/\/csp.ch\/neuchatel\/a-notre-sujet\/charte-statuts\/#primaryimage","url":"https:\/\/csp.ch\/wp-content\/uploads\/sites\/7\/2015\/10\/20150908\u00a9CSP-NE_RebeccaBowring2902.jpg","contentUrl":"https:\/\/csp.ch\/wp-content\/uploads\/sites\/7\/2015\/10\/20150908\u00a9CSP-NE_RebeccaBowring2902.jpg","width":2200,"height":1467},{"@type":"BreadcrumbList","@id":"https:\/\/csp.ch\/neuchatel\/a-notre-sujet\/charte-statuts\/#breadcrumb","itemListElement":[{"@type":"ListItem","position":1,"name":"Accueil","item":"https:\/\/csp.ch\/neuchatel\/"},{"@type":"ListItem","position":2,"name":"A notre sujet","item":"https:\/\/csp.ch\/neuchatel\/a-notre-sujet\/"},{"@type":"ListItem","position":3,"name":"Documents de r\u00e9f\u00e9rence"}]},{"@type":"WebSite","@id":"https:\/\/csp.ch\/neuchatel\/#website","url":"https:\/\/csp.ch\/neuchatel\/","name":"CSP Neuch\u00e2tel","description":"","publisher":{"@id":"https:\/\/csp.ch\/neuchatel\/#organization"},"potentialAction":[{"@type":"SearchAction","target":{"@type":"EntryPoint","urlTemplate":"https:\/\/csp.ch\/neuchatel\/?s={search_term_string}"},"query-input":{"@type":"PropertyValueSpecification","valueRequired":true,"valueName":"search_term_string"}}],"inLanguage":"fr-FR"},{"@type":"Organization","@id":"https:\/\/csp.ch\/neuchatel\/#organization","name":"CSP Neuch\u00e2tel","url":"https:\/\/csp.ch\/neuchatel\/","logo":{"@type":"ImageObject","inLanguage":"fr-FR","@id":"https:\/\/csp.ch\/neuchatel\/#\/schema\/logo\/image\/","url":"https:\/\/csp.ch\/wp-content\/uploads\/sites\/7\/2020\/02\/LOGO-CSP.jpg","contentUrl":"https:\/\/csp.ch\/wp-content\/uploads\/sites\/7\/2020\/02\/LOGO-CSP.jpg","width":667,"height":667,"caption":"CSP Neuch\u00e2tel"},"image":{"@id":"https:\/\/csp.ch\/neuchatel\/#\/schema\/logo\/image\/"},"sameAs":["https:\/\/www.facebook.com\/CSPSuisse\/"]}]}},"_links":{"self":[{"href":"https:\/\/csp.ch\/neuchatel\/wp-json\/wp\/v2\/pages\/646","targetHints":{"allow":["GET"]}}],"collection":[{"href":"https:\/\/csp.ch\/neuchatel\/wp-json\/wp\/v2\/pages"}],"about":[{"href":"https:\/\/csp.ch\/neuchatel\/wp-json\/wp\/v2\/types\/page"}],"author":[{"embeddable":true,"href":"https:\/\/csp.ch\/neuchatel\/wp-json\/wp\/v2\/users\/1"}],"replies":[{"embeddable":true,"href":"https:\/\/csp.ch\/neuchatel\/wp-json\/wp\/v2\/comments?post=646"}],"version-history":[{"count":5,"href":"https:\/\/csp.ch\/neuchatel\/wp-json\/wp\/v2\/pages\/646\/revisions"}],"predecessor-version":[{"id":10601,"href":"https:\/\/csp.ch\/neuchatel\/wp-json\/wp\/v2\/pages\/646\/revisions\/10601"}],"up":[{"embeddable":true,"href":"https:\/\/csp.ch\/neuchatel\/wp-json\/wp\/v2\/pages\/303"}],"wp:featuredmedia":[{"embeddable":true,"href":"https:\/\/csp.ch\/neuchatel\/wp-json\/wp\/v2\/media\/651"}],"wp:attachment":[{"href":"https:\/\/csp.ch\/neuchatel\/wp-json\/wp\/v2\/media?parent=646"}],"curies":[{"name":"wp","href":"https:\/\/api.w.org\/{rel}","templated":true}]}}