{"id":489,"date":"2015-10-13T13:15:15","date_gmt":"2015-10-13T12:15:15","guid":{"rendered":"https:\/\/csp.ch\/ne\/?page_id=489"},"modified":"2025-10-27T15:28:34","modified_gmt":"2025-10-27T14:28:34","slug":"insertion-professionnelle-et-sociale","status":"publish","type":"page","link":"https:\/\/csp.ch\/neuchatel\/insertion-professionnelle-et-sociale\/","title":{"rendered":"<strong>Insertion<\/strong> socio-professionnelle"},"content":{"rendered":"<div class=\"wpb-content-wrapper\"><p>[vc_row][vc_column][vc_column_text css=\u00a0\u00bb\u00a0\u00bb]<\/p>\n<h3><strong>La Joliette, un programme d\u2019insertion socio-professionnelle o\u00f9 chacun.e trouve sa place.<\/strong><\/h3>\n<p>&nbsp;<\/p>\n<p data-start=\"512\" data-end=\"849\">Depuis 1997, le CSP Neuch\u00e2tel dispose d\u2019un programme d\u2019insertion socio-professionnelle install\u00e9 dans la maison de La Joliette, au c\u0153ur du hameau de La Jonch\u00e8re (Commune de Boudevilliers).<br data-start=\"709\" data-end=\"712\" \/>Ce lieu d\u2019accueil et d\u2019apprentissage accompagne des <strong>personnes engag\u00e9es dans un parcours d\u2019insertion socio-professionnelle durable<\/strong>.<\/p>\n<p data-start=\"851\" data-end=\"882\"><strong data-start=\"851\" data-end=\"866\">Le programme de la Joliette<\/strong> est ouvert :<\/p>\n<ul data-start=\"883\" data-end=\"1113\">\n<li data-start=\"883\" data-end=\"1015\">\n<p data-start=\"885\" data-end=\"1015\">aux b\u00e9n\u00e9ficiaires de l\u2019aide sociale s\u2019engageant, par contrat, dans une d\u00e9marche d\u2019insertion socio-professionnelle (contrat ISP)<\/p>\n<\/li>\n<li data-start=\"1016\" data-end=\"1061\">\n<p data-start=\"1018\" data-end=\"1061\">aux b\u00e9n\u00e9ficiaires de l\u2019assurance-ch\u00f4mage<\/p>\n<\/li>\n<\/ul>\n<p data-start=\"1115\" data-end=\"1297\">Notre programme propose un cadre d\u2019apprentissage <strong data-start=\"1164\" data-end=\"1204\">collaboratif, inclusif et valorisant<\/strong>, o\u00f9 les savoir-faire et les comp\u00e9tences de chacun.e sont reconnus, partag\u00e9s et d\u00e9velopp\u00e9s.<\/p>\n<p>[\/vc_column_text][\/vc_column][\/vc_row][vc_row][vc_column][vc_single_image image=\u00a0\u00bb9895&Prime; img_size=\u00a0\u00bbfull\u00a0\u00bb css=\u00a0\u00bb\u00a0\u00bb][vc_column_text css=\u00a0\u00bb\u00a0\u00bb]<\/p>\n<p data-start=\"1299\" data-end=\"1465\">Plusieurs ateliers sont propos\u00e9s, con\u00e7us pour r\u00e9pondre aux int\u00e9r\u00eats et aux aptitudes de chaque participant.e, tout en favorisant l\u2019acquisition de nouvelles comp\u00e9tences :<\/p>\n<ul>\n<li data-start=\"1467\" data-end=\"1738\"><strong data-start=\"1469\" data-end=\"1482\">Artisanat<\/strong><\/li>\n<li data-start=\"1467\" data-end=\"1738\"><strong data-start=\"1517\" data-end=\"1540\">Cuisine<\/strong><\/li>\n<li data-start=\"1467\" data-end=\"1738\"><strong data-start=\"1545\" data-end=\"1558\">Jardinage<\/strong><\/li>\n<li data-start=\"1467\" data-end=\"1738\"><strong data-start=\"1563\" data-end=\"1606\">R\u00e9novation et transformation de meubles<\/strong><\/li>\n<li data-start=\"1467\" data-end=\"1738\"><strong data-start=\"1611\" data-end=\"1645\">Num\u00e9rique<\/strong><\/li>\n<li data-start=\"1467\" data-end=\"1738\"><strong data-start=\"1650\" data-end=\"1687\">Transport\u00a0<\/strong><\/li>\n<li data-start=\"1467\" data-end=\"1738\"><strong data-start=\"1692\" data-end=\"1736\">Intendance<\/strong><\/li>\n<\/ul>\n<p>[\/vc_column_text][vc_single_image image=\u00a0\u00bb9896&Prime; img_size=\u00a0\u00bbfull\u00a0\u00bb css=\u00a0\u00bb\u00a0\u00bb][\/vc_column][\/vc_row][vc_row][vc_column][vc_column_text css=\u00a0\u00bb\u00a0\u00bb]Chaque atelier est encadr\u00e9 par des <strong>professionnel.le.s qualifi\u00e9.e.s en travail social<\/strong> et dans leur domaine sp\u00e9cifique, garantissant un accompagnement \u00e0 la fois technique, humain et \u00e9volutif.[\/vc_column_text][\/vc_column][\/vc_row][vc_row][vc_column][vc_single_image image=\u00a0\u00bb9821&Prime; img_size=\u00a0\u00bbfull\u00a0\u00bb css=\u00a0\u00bb\u00a0\u00bb][\/vc_column][\/vc_row]<\/p>\n<\/div>","protected":false},"excerpt":{"rendered":"<p>[vc_row][vc_column][vc_column_text css=\u00a0\u00bb\u00a0\u00bb] La Joliette, un programme d\u2019insertion socio-professionnelle o\u00f9 chacun.e trouve sa place. &nbsp; Depuis 1997, le CSP Neuch\u00e2tel dispose d\u2019un programme d\u2019insertion socio-professionnelle install\u00e9 dans la maison de La Joliette, au c\u0153ur du hameau de La Jonch\u00e8re (Commune de Boudevilliers).Ce lieu d\u2019accueil et d\u2019apprentissage accompagne des personnes engag\u00e9es dans un parcours d\u2019insertion socio-professionnelle durable. [&hellip;]<\/p>\n","protected":false},"author":1,"featured_media":9810,"parent":0,"menu_order":0,"comment_status":"closed","ping_status":"closed","template":"","meta":{"_acf_changed":false,"footnotes":""},"class_list":["post-489","page","type-page","status-publish","has-post-thumbnail","hentry"],"acf":[],"yoast_head":"<!-- This site is optimized with the Yoast SEO plugin v27.1.1 - https:\/\/yoast.com\/product\/yoast-seo-wordpress\/ -->\n<title>Insertion socio-professionnelle - CSP Neuch\u00e2tel<\/title>\n<meta name=\"description\" content=\"En 1997, le CSP de Neuch\u00e2tel s\u2019est dot\u00e9 d\u2019un secteur \u00ab\u00a0Insertion\u00a0\u00bb qui s\u2019est install\u00e9 dans la maison de La Joliette situ\u00e9e \u00e0 la Jonch\u00e8re.\" \/>\n<meta name=\"robots\" content=\"index, follow, max-snippet:-1, max-image-preview:large, max-video-preview:-1\" \/>\n<link rel=\"canonical\" href=\"https:\/\/csp.ch\/neuchatel\/insertion-professionnelle-et-sociale\/\" \/>\n<meta property=\"og:locale\" content=\"fr_FR\" \/>\n<meta property=\"og:type\" content=\"article\" \/>\n<meta property=\"og:title\" content=\"Insertion socio-professionnelle - CSP Neuch\u00e2tel\" \/>\n<meta property=\"og:description\" content=\"En 1997, le CSP de Neuch\u00e2tel s\u2019est dot\u00e9 d\u2019un secteur \u00ab\u00a0Insertion\u00a0\u00bb qui s\u2019est install\u00e9 dans la maison de La Joliette situ\u00e9e \u00e0 la Jonch\u00e8re.\" \/>\n<meta property=\"og:url\" content=\"https:\/\/csp.ch\/neuchatel\/insertion-professionnelle-et-sociale\/\" \/>\n<meta property=\"og:site_name\" content=\"CSP Neuch\u00e2tel\" \/>\n<meta property=\"article:publisher\" content=\"https:\/\/www.facebook.com\/CSPSuisse\/\" \/>\n<meta property=\"article:modified_time\" content=\"2025-10-27T14:28:34+00:00\" \/>\n<meta property=\"og:image\" content=\"https:\/\/csp.ch\/wp-content\/uploads\/sites\/7\/2025\/10\/Cover_pano-jardin-2-v2-1-scaled.jpg\" \/>\n\t<meta property=\"og:image:width\" content=\"2560\" \/>\n\t<meta property=\"og:image:height\" content=\"1047\" \/>\n\t<meta property=\"og:image:type\" content=\"image\/jpeg\" \/>\n<meta name=\"twitter:card\" content=\"summary_large_image\" \/>\n<meta name=\"twitter:label1\" content=\"Dur\u00e9e de lecture estim\u00e9e\" \/>\n\t<meta name=\"twitter:data1\" content=\"2 minutes\" \/>\n<script type=\"application\/ld+json\" class=\"yoast-schema-graph\">{\"@context\":\"https:\/\/schema.org\",\"@graph\":[{\"@type\":\"WebPage\",\"@id\":\"https:\/\/csp.ch\/neuchatel\/insertion-professionnelle-et-sociale\/\",\"url\":\"https:\/\/csp.ch\/neuchatel\/insertion-professionnelle-et-sociale\/\",\"name\":\"Insertion socio-professionnelle - CSP Neuch\u00e2tel\",\"isPartOf\":{\"@id\":\"https:\/\/csp.ch\/neuchatel\/#website\"},\"primaryImageOfPage\":{\"@id\":\"https:\/\/csp.ch\/neuchatel\/insertion-professionnelle-et-sociale\/#primaryimage\"},\"image\":{\"@id\":\"https:\/\/csp.ch\/neuchatel\/insertion-professionnelle-et-sociale\/#primaryimage\"},\"thumbnailUrl\":\"https:\/\/csp.ch\/wp-content\/uploads\/sites\/7\/2025\/10\/Cover_pano-jardin-2-v2-1-scaled.jpg\",\"datePublished\":\"2015-10-13T12:15:15+00:00\",\"dateModified\":\"2025-10-27T14:28:34+00:00\",\"description\":\"En 1997, le CSP de Neuch\u00e2tel s\u2019est dot\u00e9 d\u2019un secteur \u00ab\u00a0Insertion\u00a0\u00bb qui s\u2019est install\u00e9 dans la maison de La Joliette situ\u00e9e \u00e0 la Jonch\u00e8re.\",\"breadcrumb\":{\"@id\":\"https:\/\/csp.ch\/neuchatel\/insertion-professionnelle-et-sociale\/#breadcrumb\"},\"inLanguage\":\"fr-FR\",\"potentialAction\":[{\"@type\":\"ReadAction\",\"target\":[\"https:\/\/csp.ch\/neuchatel\/insertion-professionnelle-et-sociale\/\"]}]},{\"@type\":\"ImageObject\",\"inLanguage\":\"fr-FR\",\"@id\":\"https:\/\/csp.ch\/neuchatel\/insertion-professionnelle-et-sociale\/#primaryimage\",\"url\":\"https:\/\/csp.ch\/wp-content\/uploads\/sites\/7\/2025\/10\/Cover_pano-jardin-2-v2-1-scaled.jpg\",\"contentUrl\":\"https:\/\/csp.ch\/wp-content\/uploads\/sites\/7\/2025\/10\/Cover_pano-jardin-2-v2-1-scaled.jpg\",\"width\":2560,\"height\":1047},{\"@type\":\"BreadcrumbList\",\"@id\":\"https:\/\/csp.ch\/neuchatel\/insertion-professionnelle-et-sociale\/#breadcrumb\",\"itemListElement\":[{\"@type\":\"ListItem\",\"position\":1,\"name\":\"Accueil\",\"item\":\"https:\/\/csp.ch\/neuchatel\/\"},{\"@type\":\"ListItem\",\"position\":2,\"name\":\"Insertion socio-professionnelle\"}]},{\"@type\":\"WebSite\",\"@id\":\"https:\/\/csp.ch\/neuchatel\/#website\",\"url\":\"https:\/\/csp.ch\/neuchatel\/\",\"name\":\"CSP Neuch\u00e2tel\",\"description\":\"\",\"publisher\":{\"@id\":\"https:\/\/csp.ch\/neuchatel\/#organization\"},\"potentialAction\":[{\"@type\":\"SearchAction\",\"target\":{\"@type\":\"EntryPoint\",\"urlTemplate\":\"https:\/\/csp.ch\/neuchatel\/?s={search_term_string}\"},\"query-input\":{\"@type\":\"PropertyValueSpecification\",\"valueRequired\":true,\"valueName\":\"search_term_string\"}}],\"inLanguage\":\"fr-FR\"},{\"@type\":\"Organization\",\"@id\":\"https:\/\/csp.ch\/neuchatel\/#organization\",\"name\":\"CSP Neuch\u00e2tel\",\"url\":\"https:\/\/csp.ch\/neuchatel\/\",\"logo\":{\"@type\":\"ImageObject\",\"inLanguage\":\"fr-FR\",\"@id\":\"https:\/\/csp.ch\/neuchatel\/#\/schema\/logo\/image\/\",\"url\":\"https:\/\/csp.ch\/wp-content\/uploads\/sites\/7\/2020\/02\/LOGO-CSP.jpg\",\"contentUrl\":\"https:\/\/csp.ch\/wp-content\/uploads\/sites\/7\/2020\/02\/LOGO-CSP.jpg\",\"width\":667,\"height\":667,\"caption\":\"CSP Neuch\u00e2tel\"},\"image\":{\"@id\":\"https:\/\/csp.ch\/neuchatel\/#\/schema\/logo\/image\/\"},\"sameAs\":[\"https:\/\/www.facebook.com\/CSPSuisse\/\"]}]}<\/script>\n<!-- \/ Yoast SEO plugin. -->","yoast_head_json":{"title":"Insertion socio-professionnelle - CSP Neuch\u00e2tel","description":"En 1997, le CSP de Neuch\u00e2tel s\u2019est dot\u00e9 d\u2019un secteur \u00ab\u00a0Insertion\u00a0\u00bb qui s\u2019est install\u00e9 dans la maison de La Joliette situ\u00e9e \u00e0 la Jonch\u00e8re.","robots":{"index":"index","follow":"follow","max-snippet":"max-snippet:-1","max-image-preview":"max-image-preview:large","max-video-preview":"max-video-preview:-1"},"canonical":"https:\/\/csp.ch\/neuchatel\/insertion-professionnelle-et-sociale\/","og_locale":"fr_FR","og_type":"article","og_title":"Insertion socio-professionnelle - CSP Neuch\u00e2tel","og_description":"En 1997, le CSP de Neuch\u00e2tel s\u2019est dot\u00e9 d\u2019un secteur \u00ab\u00a0Insertion\u00a0\u00bb qui s\u2019est install\u00e9 dans la maison de La Joliette situ\u00e9e \u00e0 la Jonch\u00e8re.","og_url":"https:\/\/csp.ch\/neuchatel\/insertion-professionnelle-et-sociale\/","og_site_name":"CSP Neuch\u00e2tel","article_publisher":"https:\/\/www.facebook.com\/CSPSuisse\/","article_modified_time":"2025-10-27T14:28:34+00:00","og_image":[{"width":2560,"height":1047,"url":"https:\/\/csp.ch\/wp-content\/uploads\/sites\/7\/2025\/10\/Cover_pano-jardin-2-v2-1-scaled.jpg","type":"image\/jpeg"}],"twitter_card":"summary_large_image","twitter_misc":{"Dur\u00e9e de lecture estim\u00e9e":"2 minutes"},"schema":{"@context":"https:\/\/schema.org","@graph":[{"@type":"WebPage","@id":"https:\/\/csp.ch\/neuchatel\/insertion-professionnelle-et-sociale\/","url":"https:\/\/csp.ch\/neuchatel\/insertion-professionnelle-et-sociale\/","name":"Insertion socio-professionnelle - CSP Neuch\u00e2tel","isPartOf":{"@id":"https:\/\/csp.ch\/neuchatel\/#website"},"primaryImageOfPage":{"@id":"https:\/\/csp.ch\/neuchatel\/insertion-professionnelle-et-sociale\/#primaryimage"},"image":{"@id":"https:\/\/csp.ch\/neuchatel\/insertion-professionnelle-et-sociale\/#primaryimage"},"thumbnailUrl":"https:\/\/csp.ch\/wp-content\/uploads\/sites\/7\/2025\/10\/Cover_pano-jardin-2-v2-1-scaled.jpg","datePublished":"2015-10-13T12:15:15+00:00","dateModified":"2025-10-27T14:28:34+00:00","description":"En 1997, le CSP de Neuch\u00e2tel s\u2019est dot\u00e9 d\u2019un secteur \u00ab\u00a0Insertion\u00a0\u00bb qui s\u2019est install\u00e9 dans la maison de La Joliette situ\u00e9e \u00e0 la Jonch\u00e8re.","breadcrumb":{"@id":"https:\/\/csp.ch\/neuchatel\/insertion-professionnelle-et-sociale\/#breadcrumb"},"inLanguage":"fr-FR","potentialAction":[{"@type":"ReadAction","target":["https:\/\/csp.ch\/neuchatel\/insertion-professionnelle-et-sociale\/"]}]},{"@type":"ImageObject","inLanguage":"fr-FR","@id":"https:\/\/csp.ch\/neuchatel\/insertion-professionnelle-et-sociale\/#primaryimage","url":"https:\/\/csp.ch\/wp-content\/uploads\/sites\/7\/2025\/10\/Cover_pano-jardin-2-v2-1-scaled.jpg","contentUrl":"https:\/\/csp.ch\/wp-content\/uploads\/sites\/7\/2025\/10\/Cover_pano-jardin-2-v2-1-scaled.jpg","width":2560,"height":1047},{"@type":"BreadcrumbList","@id":"https:\/\/csp.ch\/neuchatel\/insertion-professionnelle-et-sociale\/#breadcrumb","itemListElement":[{"@type":"ListItem","position":1,"name":"Accueil","item":"https:\/\/csp.ch\/neuchatel\/"},{"@type":"ListItem","position":2,"name":"Insertion socio-professionnelle"}]},{"@type":"WebSite","@id":"https:\/\/csp.ch\/neuchatel\/#website","url":"https:\/\/csp.ch\/neuchatel\/","name":"CSP Neuch\u00e2tel","description":"","publisher":{"@id":"https:\/\/csp.ch\/neuchatel\/#organization"},"potentialAction":[{"@type":"SearchAction","target":{"@type":"EntryPoint","urlTemplate":"https:\/\/csp.ch\/neuchatel\/?s={search_term_string}"},"query-input":{"@type":"PropertyValueSpecification","valueRequired":true,"valueName":"search_term_string"}}],"inLanguage":"fr-FR"},{"@type":"Organization","@id":"https:\/\/csp.ch\/neuchatel\/#organization","name":"CSP Neuch\u00e2tel","url":"https:\/\/csp.ch\/neuchatel\/","logo":{"@type":"ImageObject","inLanguage":"fr-FR","@id":"https:\/\/csp.ch\/neuchatel\/#\/schema\/logo\/image\/","url":"https:\/\/csp.ch\/wp-content\/uploads\/sites\/7\/2020\/02\/LOGO-CSP.jpg","contentUrl":"https:\/\/csp.ch\/wp-content\/uploads\/sites\/7\/2020\/02\/LOGO-CSP.jpg","width":667,"height":667,"caption":"CSP Neuch\u00e2tel"},"image":{"@id":"https:\/\/csp.ch\/neuchatel\/#\/schema\/logo\/image\/"},"sameAs":["https:\/\/www.facebook.com\/CSPSuisse\/"]}]}},"_links":{"self":[{"href":"https:\/\/csp.ch\/neuchatel\/wp-json\/wp\/v2\/pages\/489","targetHints":{"allow":["GET"]}}],"collection":[{"href":"https:\/\/csp.ch\/neuchatel\/wp-json\/wp\/v2\/pages"}],"about":[{"href":"https:\/\/csp.ch\/neuchatel\/wp-json\/wp\/v2\/types\/page"}],"author":[{"embeddable":true,"href":"https:\/\/csp.ch\/neuchatel\/wp-json\/wp\/v2\/users\/1"}],"replies":[{"embeddable":true,"href":"https:\/\/csp.ch\/neuchatel\/wp-json\/wp\/v2\/comments?post=489"}],"version-history":[{"count":5,"href":"https:\/\/csp.ch\/neuchatel\/wp-json\/wp\/v2\/pages\/489\/revisions"}],"predecessor-version":[{"id":9897,"href":"https:\/\/csp.ch\/neuchatel\/wp-json\/wp\/v2\/pages\/489\/revisions\/9897"}],"wp:featuredmedia":[{"embeddable":true,"href":"https:\/\/csp.ch\/neuchatel\/wp-json\/wp\/v2\/media\/9810"}],"wp:attachment":[{"href":"https:\/\/csp.ch\/neuchatel\/wp-json\/wp\/v2\/media?parent=489"}],"curies":[{"name":"wp","href":"https:\/\/api.w.org\/{rel}","templated":true}]}}