{"id":36,"date":"2015-08-07T08:22:18","date_gmt":"2015-08-07T07:22:18","guid":{"rendered":"https:\/\/csp.ch\/vd\/?page_id=36"},"modified":"2025-11-06T14:32:03","modified_gmt":"2025-11-06T13:32:03","slug":"prevention","status":"publish","type":"page","link":"https:\/\/csp.ch\/neuchatel\/domainesintervention\/prevention\/","title":{"rendered":"<strong>Pr\u00e9vention<\/strong> de l&rsquo;endettement des jeunes"},"content":{"rendered":"<div class=\"wpb-content-wrapper\"><p>[vc_row][vc_column][vc_column_text css=\u00a0\u00bb\u00a0\u00bb]Le CSP Neuch\u00e2tel propose un atelier de<strong>\u00a0pr\u00e9vention de l\u2019endettement\u00a0des jeunes<\/strong> \u00e0 travers son programme <strong><em>Les Ficelles du Budget<\/em><\/strong>. Les professionnel.le.s du CSP interviennent dans les <strong>classes du postobligatoire<\/strong> ainsi qu\u2019aupr\u00e8s d\u2019<strong>apprenti.e.s<\/strong>. Ils\/elles vont \u00e0 la rencontre des jeunes afin de les sensibiliser aux multiples enjeux li\u00e9s \u00e0 l\u2019argent et \u00e0 sa gestion, ainsi qu\u2019au risque d\u2019endettement. Ces actions sont reconnues et soutenues par l\u2019Etat de Neuch\u00e2tel.<\/p>\n<h2>Programme \u00ab\u00a0Les Ficelles du budget\u00a0\u00bb<br \/>\nAtelier de pr\u00e9vention<\/h2>\n<h4>Constat<\/h4>\n<p>Des jeunes, tr\u00e8s rapidement concern\u00e9s par des <strong>difficult\u00e9s financi\u00e8res<\/strong>, sollicitent les services du CSP pour les aider \u00e0 s\u2019en sortir. Souvent par m\u00e9connaissance, ces jeunes sont \u201cpi\u00e9g\u00e9.e.s\u201d par des soucis d\u2019argent et des <strong>probl\u00e8mes administratifs<\/strong> ; tels que des <strong>d\u00e9clarations d\u2019imp\u00f4ts non remplies<\/strong> ou des<strong> primes d\u2019assurance-maladie impay\u00e9es<\/strong>.<\/p>\n<p>Fort de ce constat, le CSP Neuch\u00e2tel a mis en place un programme de pr\u00e9vention de l\u2019endettement des jeunes afin de rem\u00e9dier \u00e0 ses impacts n\u00e9gatifs et de <strong>r\u00e9duire le risque de surendettement<\/strong>.<\/p>\n<hr \/>\n<h4>Programme de l&rsquo;atelier de pr\u00e9vention<\/h4>\n<p>\u00c0 travers son programme <strong><em>Les\u00a0Ficelles du Budget<\/em><\/strong>, le CSP sensibilise les \u00e9tudiant.e.s et apprenti.e.s du canton \u00e0 la question de l\u2019argent et de sa gestion. Les objectifs poursuivis dans le cadre de cette animation, qui se veut ludique, sont de :<\/p>\n<ul>\n<li>Rendre attentifs les participant.e.s aux d\u00e9penses d\u2019un m\u00e9nage par l\u2019\u00e9laboration d\u2019un <strong>budget<\/strong>.<\/li>\n<li>Leur donner des <strong>outils<\/strong> pour qu\u2019ils puissent g\u00e9rer et ma\u00eetriser leur situation financi\u00e8re et administrative.<\/li>\n<li>Les<strong> sensibiliser<\/strong> \u00e0 la probl\u00e9matique de l\u2019endettement et aux cons\u00e9quences du surendettement.<\/li>\n<\/ul>\n<hr \/>\n<h4>Organiser un atelier de pr\u00e9vention<\/h4>\n<p>Pour solliciter l&rsquo;organisation d&rsquo;un atelier pour vos \u00e9l\u00e8ves\/apprenti.e.s, vous pouvez nous \u00e9crire \u00e0 l\u2019adresse suivante : <a href=\"&#x6d;&#x61;&#x69;&#108;&#116;o:&#x63;&#x73;&#x70;&#46;&#102;db&#x40;&#x6e;&#x65;&#46;&#99;h\">&#99;&#x73;&#112;&#x2e;&#102;&#x64;&#98;&#x40;&#110;&#x65;&#46;&#x63;&#104;<\/a>.<\/p>\n<hr \/>\n<h4>Documents utiles<\/h4>\n<p><em>Cash-Cash Party<\/em> pr\u00e9sentation : <a href=\"https:\/\/csp.ch\/neuchatel\/wp-content\/uploads\/sites\/7\/2022\/03\/Cash-Cash_Brochure_VFINALE.pdf\" target=\"_blank\" rel=\"noopener\">Ficelles du Budget \u2013 atelier de pr\u00e9vention<\/a><\/p>\n<p>Aide-m\u00e9moire pour les jeunes\u00a0 : <a href=\"https:\/\/csp.ch\/neuchatel\/wp-content\/uploads\/sites\/7\/2022\/02\/CSP_Brochure_FdB_version-2021.pdf\" target=\"_blank\" rel=\"noopener\">Ficelles du Budget \u2013 aide-m\u00e9moire<\/a>[\/vc_column_text][\/vc_column][\/vc_row][vc_row][vc_column][vc_column_text]Le CSP Neuch\u00e2tel anime g\u00e9n\u00e9ralement un stand \u00e0 <a href=\"https:\/\/www.capacite.ch\/\" target=\"_blank\" rel=\"noopener\">Capa&rsquo;cit\u00e9<\/a>[\/vc_column_text][\/vc_column][\/vc_row]<\/p>\n<\/div>","protected":false},"excerpt":{"rendered":"<p>[vc_row][vc_column][vc_column_text css=\u00a0\u00bb\u00a0\u00bb]Le CSP Neuch\u00e2tel propose un atelier de\u00a0pr\u00e9vention de l\u2019endettement\u00a0des jeunes \u00e0 travers son programme Les Ficelles du Budget. Les professionnel.le.s du CSP interviennent dans les classes du postobligatoire ainsi qu\u2019aupr\u00e8s d\u2019apprenti.e.s. Ils\/elles vont \u00e0 la rencontre des jeunes afin de les sensibiliser aux multiples enjeux li\u00e9s \u00e0 l\u2019argent et \u00e0 sa gestion, ainsi qu\u2019au [&hellip;]<\/p>\n","protected":false},"author":1,"featured_media":2842,"parent":184,"menu_order":0,"comment_status":"closed","ping_status":"closed","template":"","meta":{"_acf_changed":false,"footnotes":""},"class_list":["post-36","page","type-page","status-publish","has-post-thumbnail","hentry"],"acf":[],"yoast_head":"<!-- This site is optimized with the Yoast SEO plugin v27.1.1 - https:\/\/yoast.com\/product\/yoast-seo-wordpress\/ -->\n<title>Pr\u00e9vention de l&#039;endettement des jeunes - CSP Neuch\u00e2tel<\/title>\n<meta name=\"description\" content=\"Le CSP Neuch\u00e2tel d\u00e9ploie des actions et ateliers de\u00a0pr\u00e9vention de l\u2019endettement des jeunes \u00e0 travers son programme les Ficelles du budget.\" \/>\n<meta name=\"robots\" content=\"index, follow, max-snippet:-1, max-image-preview:large, max-video-preview:-1\" \/>\n<link rel=\"canonical\" href=\"https:\/\/csp.ch\/neuchatel\/domainesintervention\/prevention\/\" \/>\n<meta property=\"og:locale\" content=\"fr_FR\" \/>\n<meta property=\"og:type\" content=\"article\" \/>\n<meta property=\"og:title\" content=\"Pr\u00e9vention de l&#039;endettement des jeunes - CSP Neuch\u00e2tel\" \/>\n<meta property=\"og:description\" content=\"Le CSP Neuch\u00e2tel d\u00e9ploie des actions et ateliers de\u00a0pr\u00e9vention de l\u2019endettement des jeunes \u00e0 travers son programme les Ficelles du budget.\" \/>\n<meta property=\"og:url\" content=\"https:\/\/csp.ch\/neuchatel\/domainesintervention\/prevention\/\" \/>\n<meta property=\"og:site_name\" content=\"CSP Neuch\u00e2tel\" \/>\n<meta property=\"article:publisher\" content=\"https:\/\/www.facebook.com\/CSPSuisse\/\" \/>\n<meta property=\"article:modified_time\" content=\"2025-11-06T13:32:03+00:00\" \/>\n<meta property=\"og:image\" content=\"https:\/\/csp.ch\/wp-content\/uploads\/sites\/7\/2022\/02\/20150921\u00a9CSP-BE-JU_RebeccaBowring4398-scaled.jpg\" \/>\n\t<meta property=\"og:image:width\" content=\"2560\" \/>\n\t<meta property=\"og:image:height\" content=\"1707\" \/>\n\t<meta property=\"og:image:type\" content=\"image\/jpeg\" \/>\n<meta name=\"twitter:card\" content=\"summary_large_image\" \/>\n<meta name=\"twitter:label1\" content=\"Dur\u00e9e de lecture estim\u00e9e\" \/>\n\t<meta name=\"twitter:data1\" content=\"2 minutes\" \/>\n<script type=\"application\/ld+json\" class=\"yoast-schema-graph\">{\"@context\":\"https:\/\/schema.org\",\"@graph\":[{\"@type\":\"WebPage\",\"@id\":\"https:\/\/csp.ch\/neuchatel\/domainesintervention\/prevention\/\",\"url\":\"https:\/\/csp.ch\/neuchatel\/domainesintervention\/prevention\/\",\"name\":\"Pr\u00e9vention de l'endettement des jeunes - CSP Neuch\u00e2tel\",\"isPartOf\":{\"@id\":\"https:\/\/csp.ch\/neuchatel\/#website\"},\"primaryImageOfPage\":{\"@id\":\"https:\/\/csp.ch\/neuchatel\/domainesintervention\/prevention\/#primaryimage\"},\"image\":{\"@id\":\"https:\/\/csp.ch\/neuchatel\/domainesintervention\/prevention\/#primaryimage\"},\"thumbnailUrl\":\"https:\/\/csp.ch\/wp-content\/uploads\/sites\/7\/2022\/02\/20150921\u00a9CSP-BE-JU_RebeccaBowring4398-scaled.jpg\",\"datePublished\":\"2015-08-07T07:22:18+00:00\",\"dateModified\":\"2025-11-06T13:32:03+00:00\",\"description\":\"Le CSP Neuch\u00e2tel d\u00e9ploie des actions et ateliers de\u00a0pr\u00e9vention de l\u2019endettement des jeunes \u00e0 travers son programme les Ficelles du budget.\",\"breadcrumb\":{\"@id\":\"https:\/\/csp.ch\/neuchatel\/domainesintervention\/prevention\/#breadcrumb\"},\"inLanguage\":\"fr-FR\",\"potentialAction\":[{\"@type\":\"ReadAction\",\"target\":[\"https:\/\/csp.ch\/neuchatel\/domainesintervention\/prevention\/\"]}]},{\"@type\":\"ImageObject\",\"inLanguage\":\"fr-FR\",\"@id\":\"https:\/\/csp.ch\/neuchatel\/domainesintervention\/prevention\/#primaryimage\",\"url\":\"https:\/\/csp.ch\/wp-content\/uploads\/sites\/7\/2022\/02\/20150921\u00a9CSP-BE-JU_RebeccaBowring4398-scaled.jpg\",\"contentUrl\":\"https:\/\/csp.ch\/wp-content\/uploads\/sites\/7\/2022\/02\/20150921\u00a9CSP-BE-JU_RebeccaBowring4398-scaled.jpg\",\"width\":2560,\"height\":1707,\"caption\":\"Pr\u00e9vention\"},{\"@type\":\"BreadcrumbList\",\"@id\":\"https:\/\/csp.ch\/neuchatel\/domainesintervention\/prevention\/#breadcrumb\",\"itemListElement\":[{\"@type\":\"ListItem\",\"position\":1,\"name\":\"Accueil\",\"item\":\"https:\/\/csp.ch\/neuchatel\/\"},{\"@type\":\"ListItem\",\"position\":2,\"name\":\"Domaines d&rsquo;intervention\",\"item\":\"https:\/\/csp.ch\/neuchatel\/domainesintervention\/\"},{\"@type\":\"ListItem\",\"position\":3,\"name\":\"Pr\u00e9vention de l&rsquo;endettement des jeunes\"}]},{\"@type\":\"WebSite\",\"@id\":\"https:\/\/csp.ch\/neuchatel\/#website\",\"url\":\"https:\/\/csp.ch\/neuchatel\/\",\"name\":\"CSP Neuch\u00e2tel\",\"description\":\"\",\"publisher\":{\"@id\":\"https:\/\/csp.ch\/neuchatel\/#organization\"},\"potentialAction\":[{\"@type\":\"SearchAction\",\"target\":{\"@type\":\"EntryPoint\",\"urlTemplate\":\"https:\/\/csp.ch\/neuchatel\/?s={search_term_string}\"},\"query-input\":{\"@type\":\"PropertyValueSpecification\",\"valueRequired\":true,\"valueName\":\"search_term_string\"}}],\"inLanguage\":\"fr-FR\"},{\"@type\":\"Organization\",\"@id\":\"https:\/\/csp.ch\/neuchatel\/#organization\",\"name\":\"CSP Neuch\u00e2tel\",\"url\":\"https:\/\/csp.ch\/neuchatel\/\",\"logo\":{\"@type\":\"ImageObject\",\"inLanguage\":\"fr-FR\",\"@id\":\"https:\/\/csp.ch\/neuchatel\/#\/schema\/logo\/image\/\",\"url\":\"https:\/\/csp.ch\/wp-content\/uploads\/sites\/7\/2020\/02\/LOGO-CSP.jpg\",\"contentUrl\":\"https:\/\/csp.ch\/wp-content\/uploads\/sites\/7\/2020\/02\/LOGO-CSP.jpg\",\"width\":667,\"height\":667,\"caption\":\"CSP Neuch\u00e2tel\"},\"image\":{\"@id\":\"https:\/\/csp.ch\/neuchatel\/#\/schema\/logo\/image\/\"},\"sameAs\":[\"https:\/\/www.facebook.com\/CSPSuisse\/\"]}]}<\/script>\n<!-- \/ Yoast SEO plugin. -->","yoast_head_json":{"title":"Pr\u00e9vention de l'endettement des jeunes - CSP Neuch\u00e2tel","description":"Le CSP Neuch\u00e2tel d\u00e9ploie des actions et ateliers de\u00a0pr\u00e9vention de l\u2019endettement des jeunes \u00e0 travers son programme les Ficelles du budget.","robots":{"index":"index","follow":"follow","max-snippet":"max-snippet:-1","max-image-preview":"max-image-preview:large","max-video-preview":"max-video-preview:-1"},"canonical":"https:\/\/csp.ch\/neuchatel\/domainesintervention\/prevention\/","og_locale":"fr_FR","og_type":"article","og_title":"Pr\u00e9vention de l'endettement des jeunes - CSP Neuch\u00e2tel","og_description":"Le CSP Neuch\u00e2tel d\u00e9ploie des actions et ateliers de\u00a0pr\u00e9vention de l\u2019endettement des jeunes \u00e0 travers son programme les Ficelles du budget.","og_url":"https:\/\/csp.ch\/neuchatel\/domainesintervention\/prevention\/","og_site_name":"CSP Neuch\u00e2tel","article_publisher":"https:\/\/www.facebook.com\/CSPSuisse\/","article_modified_time":"2025-11-06T13:32:03+00:00","og_image":[{"width":2560,"height":1707,"url":"https:\/\/csp.ch\/wp-content\/uploads\/sites\/7\/2022\/02\/20150921\u00a9CSP-BE-JU_RebeccaBowring4398-scaled.jpg","type":"image\/jpeg"}],"twitter_card":"summary_large_image","twitter_misc":{"Dur\u00e9e de lecture estim\u00e9e":"2 minutes"},"schema":{"@context":"https:\/\/schema.org","@graph":[{"@type":"WebPage","@id":"https:\/\/csp.ch\/neuchatel\/domainesintervention\/prevention\/","url":"https:\/\/csp.ch\/neuchatel\/domainesintervention\/prevention\/","name":"Pr\u00e9vention de l'endettement des jeunes - CSP Neuch\u00e2tel","isPartOf":{"@id":"https:\/\/csp.ch\/neuchatel\/#website"},"primaryImageOfPage":{"@id":"https:\/\/csp.ch\/neuchatel\/domainesintervention\/prevention\/#primaryimage"},"image":{"@id":"https:\/\/csp.ch\/neuchatel\/domainesintervention\/prevention\/#primaryimage"},"thumbnailUrl":"https:\/\/csp.ch\/wp-content\/uploads\/sites\/7\/2022\/02\/20150921\u00a9CSP-BE-JU_RebeccaBowring4398-scaled.jpg","datePublished":"2015-08-07T07:22:18+00:00","dateModified":"2025-11-06T13:32:03+00:00","description":"Le CSP Neuch\u00e2tel d\u00e9ploie des actions et ateliers de\u00a0pr\u00e9vention de l\u2019endettement des jeunes \u00e0 travers son programme les Ficelles du budget.","breadcrumb":{"@id":"https:\/\/csp.ch\/neuchatel\/domainesintervention\/prevention\/#breadcrumb"},"inLanguage":"fr-FR","potentialAction":[{"@type":"ReadAction","target":["https:\/\/csp.ch\/neuchatel\/domainesintervention\/prevention\/"]}]},{"@type":"ImageObject","inLanguage":"fr-FR","@id":"https:\/\/csp.ch\/neuchatel\/domainesintervention\/prevention\/#primaryimage","url":"https:\/\/csp.ch\/wp-content\/uploads\/sites\/7\/2022\/02\/20150921\u00a9CSP-BE-JU_RebeccaBowring4398-scaled.jpg","contentUrl":"https:\/\/csp.ch\/wp-content\/uploads\/sites\/7\/2022\/02\/20150921\u00a9CSP-BE-JU_RebeccaBowring4398-scaled.jpg","width":2560,"height":1707,"caption":"Pr\u00e9vention"},{"@type":"BreadcrumbList","@id":"https:\/\/csp.ch\/neuchatel\/domainesintervention\/prevention\/#breadcrumb","itemListElement":[{"@type":"ListItem","position":1,"name":"Accueil","item":"https:\/\/csp.ch\/neuchatel\/"},{"@type":"ListItem","position":2,"name":"Domaines d&rsquo;intervention","item":"https:\/\/csp.ch\/neuchatel\/domainesintervention\/"},{"@type":"ListItem","position":3,"name":"Pr\u00e9vention de l&rsquo;endettement des jeunes"}]},{"@type":"WebSite","@id":"https:\/\/csp.ch\/neuchatel\/#website","url":"https:\/\/csp.ch\/neuchatel\/","name":"CSP Neuch\u00e2tel","description":"","publisher":{"@id":"https:\/\/csp.ch\/neuchatel\/#organization"},"potentialAction":[{"@type":"SearchAction","target":{"@type":"EntryPoint","urlTemplate":"https:\/\/csp.ch\/neuchatel\/?s={search_term_string}"},"query-input":{"@type":"PropertyValueSpecification","valueRequired":true,"valueName":"search_term_string"}}],"inLanguage":"fr-FR"},{"@type":"Organization","@id":"https:\/\/csp.ch\/neuchatel\/#organization","name":"CSP Neuch\u00e2tel","url":"https:\/\/csp.ch\/neuchatel\/","logo":{"@type":"ImageObject","inLanguage":"fr-FR","@id":"https:\/\/csp.ch\/neuchatel\/#\/schema\/logo\/image\/","url":"https:\/\/csp.ch\/wp-content\/uploads\/sites\/7\/2020\/02\/LOGO-CSP.jpg","contentUrl":"https:\/\/csp.ch\/wp-content\/uploads\/sites\/7\/2020\/02\/LOGO-CSP.jpg","width":667,"height":667,"caption":"CSP Neuch\u00e2tel"},"image":{"@id":"https:\/\/csp.ch\/neuchatel\/#\/schema\/logo\/image\/"},"sameAs":["https:\/\/www.facebook.com\/CSPSuisse\/"]}]}},"_links":{"self":[{"href":"https:\/\/csp.ch\/neuchatel\/wp-json\/wp\/v2\/pages\/36","targetHints":{"allow":["GET"]}}],"collection":[{"href":"https:\/\/csp.ch\/neuchatel\/wp-json\/wp\/v2\/pages"}],"about":[{"href":"https:\/\/csp.ch\/neuchatel\/wp-json\/wp\/v2\/types\/page"}],"author":[{"embeddable":true,"href":"https:\/\/csp.ch\/neuchatel\/wp-json\/wp\/v2\/users\/1"}],"replies":[{"embeddable":true,"href":"https:\/\/csp.ch\/neuchatel\/wp-json\/wp\/v2\/comments?post=36"}],"version-history":[{"count":5,"href":"https:\/\/csp.ch\/neuchatel\/wp-json\/wp\/v2\/pages\/36\/revisions"}],"predecessor-version":[{"id":10075,"href":"https:\/\/csp.ch\/neuchatel\/wp-json\/wp\/v2\/pages\/36\/revisions\/10075"}],"up":[{"embeddable":true,"href":"https:\/\/csp.ch\/neuchatel\/wp-json\/wp\/v2\/pages\/184"}],"wp:featuredmedia":[{"embeddable":true,"href":"https:\/\/csp.ch\/neuchatel\/wp-json\/wp\/v2\/media\/2842"}],"wp:attachment":[{"href":"https:\/\/csp.ch\/neuchatel\/wp-json\/wp\/v2\/media?parent=36"}],"curies":[{"name":"wp","href":"https:\/\/api.w.org\/{rel}","templated":true}]}}