{"id":303,"date":"2015-10-12T08:34:14","date_gmt":"2015-10-12T07:34:14","guid":{"rendered":"https:\/\/csp.ch\/ne\/?page_id=303"},"modified":"2026-01-22T13:40:47","modified_gmt":"2026-01-22T12:40:47","slug":"a-notre-sujet","status":"publish","type":"page","link":"https:\/\/csp.ch\/neuchatel\/a-notre-sujet\/","title":{"rendered":"A notre sujet"},"content":{"rendered":"<div class=\"wpb-content-wrapper\"><p>[vc_row][vc_column][vc_column_text css=\u00a0\u00bb\u00a0\u00bb]<\/p>\n<div class=\"vc_row wpb_row vc_row-fluid\">\n<div class=\"wpb_column vc_column_container vc_col-sm-12\">\n<div class=\"vc_column-inner\">\n<div class=\"wpb_wrapper\">\n<div class=\"wpb_text_column wpb_content_element \">\n<p>Le CSP Neuch\u00e2tel est une institution sociale reconnue d&rsquo;utilit\u00e9 publique, fond\u00e9e en 1964, et \u00e9rig\u00e9e en Fondation priv\u00e9e depuis 2015. Il est actif dans 5 domaines d&rsquo;intervention (social, juridique, migration, insertion socio-professionnelle, vente). Il propose un soutien professionnel \u00e0 la population neuch\u00e2teloise sans distinction de quelque sorte que ce soit. Le CSP est un acteur incontournable de la promotion de la justice sociale dans le canton de Neuch\u00e2tel.<\/p>\n<p class=\"wpb_wrapper\">Son service de ramassage alimente trois <a href=\"https:\/\/csp.ch\/neuchatel\/boutiques\/\">Boutiques de seconde main<\/a>, dans lesquelles sont revendus les objets donn\u00e9s.<\/p>\n<\/div>\n<p class=\"wpb_text_column wpb_content_element \">La codirection est assur\u00e9e par Mesdames M\u00e9lanie M\u00fcller et Aur\u00e9lie Planas, Isabelle Baume occupe la fonction de directrice adjointe et Fabienne Sallin de responsable financi\u00e8re. La Fondation est administr\u00e9e par un <a href=\"https:\/\/csp.ch\/neuchatel\/a-notre-sujet\/financement-conseil-de-fondation\/\" target=\"_blank\" rel=\"noopener\">Conseil de fondation<\/a> qui en exerce la direction supr\u00eame. Fran\u00e7ois Kistler en est le pr\u00e9sident.<\/p>\n<\/div>\n<\/div>\n<\/div>\n<\/div>\n<p>[\/vc_column_text][\/vc_column][\/vc_row]<\/p>\n<\/div>","protected":false},"excerpt":{"rendered":"<p>[vc_row][vc_column][vc_column_text css=\u00a0\u00bb\u00a0\u00bb] Le CSP Neuch\u00e2tel est une institution sociale reconnue d&rsquo;utilit\u00e9 publique, fond\u00e9e en 1964, et \u00e9rig\u00e9e en Fondation priv\u00e9e depuis 2015. Il est actif dans 5 domaines d&rsquo;intervention (social, juridique, migration, insertion socio-professionnelle, vente). Il propose un soutien professionnel \u00e0 la population neuch\u00e2teloise sans distinction de quelque sorte que ce soit. Le CSP est [&hellip;]<\/p>\n","protected":false},"author":1,"featured_media":0,"parent":0,"menu_order":0,"comment_status":"closed","ping_status":"closed","template":"","meta":{"_acf_changed":false,"footnotes":""},"class_list":["post-303","page","type-page","status-publish","hentry"],"acf":[],"yoast_head":"<!-- This site is optimized with the Yoast SEO plugin v27.1.1 - https:\/\/yoast.com\/product\/yoast-seo-wordpress\/ -->\n<title>A notre sujet - CSP Neuch\u00e2tel<\/title>\n<meta name=\"description\" content=\"Le CSP Neuch\u00e2tel est une institution sociale priv\u00e9e, reconnue d\u2019int\u00e9r\u00eat public, dispensant des services d\u2019aide sociale, juridique, etc.\" \/>\n<meta name=\"robots\" content=\"index, follow, max-snippet:-1, max-image-preview:large, max-video-preview:-1\" \/>\n<link rel=\"canonical\" href=\"https:\/\/csp.ch\/neuchatel\/a-notre-sujet\/\" \/>\n<meta property=\"og:locale\" content=\"fr_FR\" \/>\n<meta property=\"og:type\" content=\"article\" \/>\n<meta property=\"og:title\" content=\"A notre sujet - CSP Neuch\u00e2tel\" \/>\n<meta property=\"og:description\" content=\"Le CSP Neuch\u00e2tel est une institution sociale priv\u00e9e, reconnue d\u2019int\u00e9r\u00eat public, dispensant des services d\u2019aide sociale, juridique, etc.\" \/>\n<meta property=\"og:url\" content=\"https:\/\/csp.ch\/neuchatel\/a-notre-sujet\/\" \/>\n<meta property=\"og:site_name\" content=\"CSP Neuch\u00e2tel\" \/>\n<meta property=\"article:publisher\" content=\"https:\/\/www.facebook.com\/CSPSuisse\/\" \/>\n<meta property=\"article:modified_time\" content=\"2026-01-22T12:40:47+00:00\" \/>\n<meta name=\"twitter:card\" content=\"summary_large_image\" \/>\n<meta name=\"twitter:label1\" content=\"Dur\u00e9e de lecture estim\u00e9e\" \/>\n\t<meta name=\"twitter:data1\" content=\"1 minute\" \/>\n<script type=\"application\/ld+json\" class=\"yoast-schema-graph\">{\"@context\":\"https:\/\/schema.org\",\"@graph\":[{\"@type\":\"WebPage\",\"@id\":\"https:\/\/csp.ch\/neuchatel\/a-notre-sujet\/\",\"url\":\"https:\/\/csp.ch\/neuchatel\/a-notre-sujet\/\",\"name\":\"A notre sujet - CSP Neuch\u00e2tel\",\"isPartOf\":{\"@id\":\"https:\/\/csp.ch\/neuchatel\/#website\"},\"datePublished\":\"2015-10-12T07:34:14+00:00\",\"dateModified\":\"2026-01-22T12:40:47+00:00\",\"description\":\"Le CSP Neuch\u00e2tel est une institution sociale priv\u00e9e, reconnue d\u2019int\u00e9r\u00eat public, dispensant des services d\u2019aide sociale, juridique, etc.\",\"breadcrumb\":{\"@id\":\"https:\/\/csp.ch\/neuchatel\/a-notre-sujet\/#breadcrumb\"},\"inLanguage\":\"fr-FR\",\"potentialAction\":[{\"@type\":\"ReadAction\",\"target\":[\"https:\/\/csp.ch\/neuchatel\/a-notre-sujet\/\"]}]},{\"@type\":\"BreadcrumbList\",\"@id\":\"https:\/\/csp.ch\/neuchatel\/a-notre-sujet\/#breadcrumb\",\"itemListElement\":[{\"@type\":\"ListItem\",\"position\":1,\"name\":\"Accueil\",\"item\":\"https:\/\/csp.ch\/neuchatel\/\"},{\"@type\":\"ListItem\",\"position\":2,\"name\":\"A notre sujet\"}]},{\"@type\":\"WebSite\",\"@id\":\"https:\/\/csp.ch\/neuchatel\/#website\",\"url\":\"https:\/\/csp.ch\/neuchatel\/\",\"name\":\"CSP Neuch\u00e2tel\",\"description\":\"\",\"publisher\":{\"@id\":\"https:\/\/csp.ch\/neuchatel\/#organization\"},\"potentialAction\":[{\"@type\":\"SearchAction\",\"target\":{\"@type\":\"EntryPoint\",\"urlTemplate\":\"https:\/\/csp.ch\/neuchatel\/?s={search_term_string}\"},\"query-input\":{\"@type\":\"PropertyValueSpecification\",\"valueRequired\":true,\"valueName\":\"search_term_string\"}}],\"inLanguage\":\"fr-FR\"},{\"@type\":\"Organization\",\"@id\":\"https:\/\/csp.ch\/neuchatel\/#organization\",\"name\":\"CSP Neuch\u00e2tel\",\"url\":\"https:\/\/csp.ch\/neuchatel\/\",\"logo\":{\"@type\":\"ImageObject\",\"inLanguage\":\"fr-FR\",\"@id\":\"https:\/\/csp.ch\/neuchatel\/#\/schema\/logo\/image\/\",\"url\":\"https:\/\/csp.ch\/wp-content\/uploads\/sites\/7\/2020\/02\/LOGO-CSP.jpg\",\"contentUrl\":\"https:\/\/csp.ch\/wp-content\/uploads\/sites\/7\/2020\/02\/LOGO-CSP.jpg\",\"width\":667,\"height\":667,\"caption\":\"CSP Neuch\u00e2tel\"},\"image\":{\"@id\":\"https:\/\/csp.ch\/neuchatel\/#\/schema\/logo\/image\/\"},\"sameAs\":[\"https:\/\/www.facebook.com\/CSPSuisse\/\"]}]}<\/script>\n<!-- \/ Yoast SEO plugin. -->","yoast_head_json":{"title":"A notre sujet - CSP Neuch\u00e2tel","description":"Le CSP Neuch\u00e2tel est une institution sociale priv\u00e9e, reconnue d\u2019int\u00e9r\u00eat public, dispensant des services d\u2019aide sociale, juridique, etc.","robots":{"index":"index","follow":"follow","max-snippet":"max-snippet:-1","max-image-preview":"max-image-preview:large","max-video-preview":"max-video-preview:-1"},"canonical":"https:\/\/csp.ch\/neuchatel\/a-notre-sujet\/","og_locale":"fr_FR","og_type":"article","og_title":"A notre sujet - CSP Neuch\u00e2tel","og_description":"Le CSP Neuch\u00e2tel est une institution sociale priv\u00e9e, reconnue d\u2019int\u00e9r\u00eat public, dispensant des services d\u2019aide sociale, juridique, etc.","og_url":"https:\/\/csp.ch\/neuchatel\/a-notre-sujet\/","og_site_name":"CSP Neuch\u00e2tel","article_publisher":"https:\/\/www.facebook.com\/CSPSuisse\/","article_modified_time":"2026-01-22T12:40:47+00:00","twitter_card":"summary_large_image","twitter_misc":{"Dur\u00e9e de lecture estim\u00e9e":"1 minute"},"schema":{"@context":"https:\/\/schema.org","@graph":[{"@type":"WebPage","@id":"https:\/\/csp.ch\/neuchatel\/a-notre-sujet\/","url":"https:\/\/csp.ch\/neuchatel\/a-notre-sujet\/","name":"A notre sujet - CSP Neuch\u00e2tel","isPartOf":{"@id":"https:\/\/csp.ch\/neuchatel\/#website"},"datePublished":"2015-10-12T07:34:14+00:00","dateModified":"2026-01-22T12:40:47+00:00","description":"Le CSP Neuch\u00e2tel est une institution sociale priv\u00e9e, reconnue d\u2019int\u00e9r\u00eat public, dispensant des services d\u2019aide sociale, juridique, etc.","breadcrumb":{"@id":"https:\/\/csp.ch\/neuchatel\/a-notre-sujet\/#breadcrumb"},"inLanguage":"fr-FR","potentialAction":[{"@type":"ReadAction","target":["https:\/\/csp.ch\/neuchatel\/a-notre-sujet\/"]}]},{"@type":"BreadcrumbList","@id":"https:\/\/csp.ch\/neuchatel\/a-notre-sujet\/#breadcrumb","itemListElement":[{"@type":"ListItem","position":1,"name":"Accueil","item":"https:\/\/csp.ch\/neuchatel\/"},{"@type":"ListItem","position":2,"name":"A notre sujet"}]},{"@type":"WebSite","@id":"https:\/\/csp.ch\/neuchatel\/#website","url":"https:\/\/csp.ch\/neuchatel\/","name":"CSP Neuch\u00e2tel","description":"","publisher":{"@id":"https:\/\/csp.ch\/neuchatel\/#organization"},"potentialAction":[{"@type":"SearchAction","target":{"@type":"EntryPoint","urlTemplate":"https:\/\/csp.ch\/neuchatel\/?s={search_term_string}"},"query-input":{"@type":"PropertyValueSpecification","valueRequired":true,"valueName":"search_term_string"}}],"inLanguage":"fr-FR"},{"@type":"Organization","@id":"https:\/\/csp.ch\/neuchatel\/#organization","name":"CSP Neuch\u00e2tel","url":"https:\/\/csp.ch\/neuchatel\/","logo":{"@type":"ImageObject","inLanguage":"fr-FR","@id":"https:\/\/csp.ch\/neuchatel\/#\/schema\/logo\/image\/","url":"https:\/\/csp.ch\/wp-content\/uploads\/sites\/7\/2020\/02\/LOGO-CSP.jpg","contentUrl":"https:\/\/csp.ch\/wp-content\/uploads\/sites\/7\/2020\/02\/LOGO-CSP.jpg","width":667,"height":667,"caption":"CSP Neuch\u00e2tel"},"image":{"@id":"https:\/\/csp.ch\/neuchatel\/#\/schema\/logo\/image\/"},"sameAs":["https:\/\/www.facebook.com\/CSPSuisse\/"]}]}},"_links":{"self":[{"href":"https:\/\/csp.ch\/neuchatel\/wp-json\/wp\/v2\/pages\/303","targetHints":{"allow":["GET"]}}],"collection":[{"href":"https:\/\/csp.ch\/neuchatel\/wp-json\/wp\/v2\/pages"}],"about":[{"href":"https:\/\/csp.ch\/neuchatel\/wp-json\/wp\/v2\/types\/page"}],"author":[{"embeddable":true,"href":"https:\/\/csp.ch\/neuchatel\/wp-json\/wp\/v2\/users\/1"}],"replies":[{"embeddable":true,"href":"https:\/\/csp.ch\/neuchatel\/wp-json\/wp\/v2\/comments?post=303"}],"version-history":[{"count":3,"href":"https:\/\/csp.ch\/neuchatel\/wp-json\/wp\/v2\/pages\/303\/revisions"}],"predecessor-version":[{"id":10767,"href":"https:\/\/csp.ch\/neuchatel\/wp-json\/wp\/v2\/pages\/303\/revisions\/10767"}],"wp:attachment":[{"href":"https:\/\/csp.ch\/neuchatel\/wp-json\/wp\/v2\/media?parent=303"}],"curies":[{"name":"wp","href":"https:\/\/api.w.org\/{rel}","templated":true}]}}