{"id":196,"date":"2015-07-20T09:48:54","date_gmt":"2015-07-20T08:48:54","guid":{"rendered":"https:\/\/csp.ch\/vd\/?page_id=20"},"modified":"2015-11-20T17:48:04","modified_gmt":"2015-11-20T16:48:04","slug":"qui-sommes-nous","status":"publish","type":"page","link":"https:\/\/csp.ch\/neuchatel\/qui-sommes-nous\/","title":{"rendered":"Qui sommes-nous?"},"content":{"rendered":"<div class=\"wpb-content-wrapper\"><p>[vc_row][vc_column][vc_column_text]<\/p>\n<h2><strong>Le csp<\/strong> en quelques mots<\/h2>\n<p>[\/vc_column_text][vc_empty_space][vc_column_text]<\/p>\n<h3>Ouvert \u00e0 <strong>tous<\/strong><\/h3>\n<p>[\/vc_column_text][vc_column_text]Les Centres sociaux protestants (CSP) sont des services priv\u00e9s d&rsquo;aide sociale destin\u00e9s aux personnes en difficult\u00e9 vivant chez nous, sans distinction d&rsquo;origine ni de confession. Ils offrent leur appui en toute discr\u00e9tion, dans un climat d&rsquo;\u00e9coute attentive et respectueuse. La plupart des consultations sont gratuites. Lorsqu&rsquo;une contribution financi\u00e8re est sollicit\u00e9e, on tiendra compte de la capacit\u00e9 financi\u00e8re des usagers et usag\u00e8res, le manque de ressources financi\u00e8res ne devant jamais emp\u00eacher une personne de b\u00e9n\u00e9ficier de nos services.[\/vc_column_text][vc_separator][vc_column_text]<\/p>\n<h3>Un service <strong>ind\u00e9pendant<\/strong><\/h3>\n<p>[\/vc_column_text][vc_column_text]Les CSP sont issus de l&rsquo;action sociale des Eglises protestantes romandes. Ils sont ind\u00e9pendants des services sociaux cantonaux et communaux. Leur objectif est de tout mettre en oeuvre pour att\u00e9nuer les difficult\u00e9s des personnes qui s&rsquo;adressent \u00e0 eux en offrant \u00e9coute, soutien, conseils et aide dans leurs d\u00e9marches. Les CSP prennent r\u00e9guli\u00e8rement position face aux probl\u00e8mes de notre soci\u00e9t\u00e9, dans le souci d&rsquo;une plus grande justice sociale.[\/vc_column_text][\/vc_column][\/vc_row]<\/p>\n<\/div>","protected":false},"excerpt":{"rendered":"<p>[vc_row][vc_column][vc_column_text] Le csp en quelques mots [\/vc_column_text][vc_empty_space][vc_column_text] Ouvert \u00e0 tous [\/vc_column_text][vc_column_text]Les Centres sociaux protestants (CSP) sont des services priv\u00e9s d&rsquo;aide sociale destin\u00e9s aux personnes en difficult\u00e9 vivant chez nous, sans distinction d&rsquo;origine ni de confession. Ils offrent leur appui en toute discr\u00e9tion, dans un climat d&rsquo;\u00e9coute attentive et respectueuse. La plupart des consultations sont gratuites. [&hellip;]<\/p>\n","protected":false},"author":1,"featured_media":23,"parent":0,"menu_order":0,"comment_status":"closed","ping_status":"closed","template":"","meta":{"_acf_changed":false,"footnotes":""},"class_list":["post-196","page","type-page","status-publish","has-post-thumbnail","hentry"],"acf":[],"yoast_head":"<!-- This site is optimized with the Yoast SEO plugin v27.1.1 - https:\/\/yoast.com\/product\/yoast-seo-wordpress\/ -->\n<title>Qui sommes-nous? - CSP Neuch\u00e2tel<\/title>\n<meta name=\"description\" content=\"Les Centres sociaux protestants (CSP) sont des services priv\u00e9s d\u2019aide sociale destin\u00e9s aux personnes en difficult\u00e9 vivant chez nous.\" \/>\n<meta name=\"robots\" content=\"index, follow, max-snippet:-1, max-image-preview:large, max-video-preview:-1\" \/>\n<link rel=\"canonical\" href=\"https:\/\/csp.ch\/neuchatel\/qui-sommes-nous\/\" \/>\n<meta property=\"og:locale\" content=\"fr_FR\" \/>\n<meta property=\"og:type\" content=\"article\" \/>\n<meta property=\"og:title\" content=\"Qui sommes-nous? - CSP Neuch\u00e2tel\" \/>\n<meta property=\"og:description\" content=\"Les Centres sociaux protestants (CSP) sont des services priv\u00e9s d\u2019aide sociale destin\u00e9s aux personnes en difficult\u00e9 vivant chez nous.\" \/>\n<meta property=\"og:url\" content=\"https:\/\/csp.ch\/neuchatel\/qui-sommes-nous\/\" \/>\n<meta property=\"og:site_name\" content=\"CSP Neuch\u00e2tel\" \/>\n<meta property=\"article:publisher\" content=\"https:\/\/www.facebook.com\/CSPSuisse\/\" \/>\n<meta property=\"article:modified_time\" content=\"2015-11-20T16:48:04+00:00\" \/>\n<meta name=\"twitter:card\" content=\"summary_large_image\" \/>\n<meta name=\"twitter:label1\" content=\"Dur\u00e9e de lecture estim\u00e9e\" \/>\n\t<meta name=\"twitter:data1\" content=\"1 minute\" \/>\n<script type=\"application\/ld+json\" class=\"yoast-schema-graph\">{\"@context\":\"https:\/\/schema.org\",\"@graph\":[{\"@type\":\"WebPage\",\"@id\":\"https:\/\/csp.ch\/neuchatel\/qui-sommes-nous\/\",\"url\":\"https:\/\/csp.ch\/neuchatel\/qui-sommes-nous\/\",\"name\":\"Qui sommes-nous? - CSP Neuch\u00e2tel\",\"isPartOf\":{\"@id\":\"https:\/\/csp.ch\/neuchatel\/#website\"},\"primaryImageOfPage\":{\"@id\":\"https:\/\/csp.ch\/neuchatel\/qui-sommes-nous\/#primaryimage\"},\"image\":{\"@id\":\"https:\/\/csp.ch\/neuchatel\/qui-sommes-nous\/#primaryimage\"},\"thumbnailUrl\":\"\",\"datePublished\":\"2015-07-20T08:48:54+00:00\",\"dateModified\":\"2015-11-20T16:48:04+00:00\",\"description\":\"Les Centres sociaux protestants (CSP) sont des services priv\u00e9s d\u2019aide sociale destin\u00e9s aux personnes en difficult\u00e9 vivant chez nous.\",\"breadcrumb\":{\"@id\":\"https:\/\/csp.ch\/neuchatel\/qui-sommes-nous\/#breadcrumb\"},\"inLanguage\":\"fr-FR\",\"potentialAction\":[{\"@type\":\"ReadAction\",\"target\":[\"https:\/\/csp.ch\/neuchatel\/qui-sommes-nous\/\"]}]},{\"@type\":\"ImageObject\",\"inLanguage\":\"fr-FR\",\"@id\":\"https:\/\/csp.ch\/neuchatel\/qui-sommes-nous\/#primaryimage\",\"url\":\"\",\"contentUrl\":\"\"},{\"@type\":\"BreadcrumbList\",\"@id\":\"https:\/\/csp.ch\/neuchatel\/qui-sommes-nous\/#breadcrumb\",\"itemListElement\":[{\"@type\":\"ListItem\",\"position\":1,\"name\":\"Accueil\",\"item\":\"https:\/\/csp.ch\/neuchatel\/\"},{\"@type\":\"ListItem\",\"position\":2,\"name\":\"Qui sommes-nous?\"}]},{\"@type\":\"WebSite\",\"@id\":\"https:\/\/csp.ch\/neuchatel\/#website\",\"url\":\"https:\/\/csp.ch\/neuchatel\/\",\"name\":\"CSP Neuch\u00e2tel\",\"description\":\"\",\"publisher\":{\"@id\":\"https:\/\/csp.ch\/neuchatel\/#organization\"},\"potentialAction\":[{\"@type\":\"SearchAction\",\"target\":{\"@type\":\"EntryPoint\",\"urlTemplate\":\"https:\/\/csp.ch\/neuchatel\/?s={search_term_string}\"},\"query-input\":{\"@type\":\"PropertyValueSpecification\",\"valueRequired\":true,\"valueName\":\"search_term_string\"}}],\"inLanguage\":\"fr-FR\"},{\"@type\":\"Organization\",\"@id\":\"https:\/\/csp.ch\/neuchatel\/#organization\",\"name\":\"CSP Neuch\u00e2tel\",\"url\":\"https:\/\/csp.ch\/neuchatel\/\",\"logo\":{\"@type\":\"ImageObject\",\"inLanguage\":\"fr-FR\",\"@id\":\"https:\/\/csp.ch\/neuchatel\/#\/schema\/logo\/image\/\",\"url\":\"https:\/\/csp.ch\/wp-content\/uploads\/sites\/7\/2020\/02\/LOGO-CSP.jpg\",\"contentUrl\":\"https:\/\/csp.ch\/wp-content\/uploads\/sites\/7\/2020\/02\/LOGO-CSP.jpg\",\"width\":667,\"height\":667,\"caption\":\"CSP Neuch\u00e2tel\"},\"image\":{\"@id\":\"https:\/\/csp.ch\/neuchatel\/#\/schema\/logo\/image\/\"},\"sameAs\":[\"https:\/\/www.facebook.com\/CSPSuisse\/\"]}]}<\/script>\n<!-- \/ Yoast SEO plugin. -->","yoast_head_json":{"title":"Qui sommes-nous? - CSP Neuch\u00e2tel","description":"Les Centres sociaux protestants (CSP) sont des services priv\u00e9s d\u2019aide sociale destin\u00e9s aux personnes en difficult\u00e9 vivant chez nous.","robots":{"index":"index","follow":"follow","max-snippet":"max-snippet:-1","max-image-preview":"max-image-preview:large","max-video-preview":"max-video-preview:-1"},"canonical":"https:\/\/csp.ch\/neuchatel\/qui-sommes-nous\/","og_locale":"fr_FR","og_type":"article","og_title":"Qui sommes-nous? - CSP Neuch\u00e2tel","og_description":"Les Centres sociaux protestants (CSP) sont des services priv\u00e9s d\u2019aide sociale destin\u00e9s aux personnes en difficult\u00e9 vivant chez nous.","og_url":"https:\/\/csp.ch\/neuchatel\/qui-sommes-nous\/","og_site_name":"CSP Neuch\u00e2tel","article_publisher":"https:\/\/www.facebook.com\/CSPSuisse\/","article_modified_time":"2015-11-20T16:48:04+00:00","twitter_card":"summary_large_image","twitter_misc":{"Dur\u00e9e de lecture estim\u00e9e":"1 minute"},"schema":{"@context":"https:\/\/schema.org","@graph":[{"@type":"WebPage","@id":"https:\/\/csp.ch\/neuchatel\/qui-sommes-nous\/","url":"https:\/\/csp.ch\/neuchatel\/qui-sommes-nous\/","name":"Qui sommes-nous? - CSP Neuch\u00e2tel","isPartOf":{"@id":"https:\/\/csp.ch\/neuchatel\/#website"},"primaryImageOfPage":{"@id":"https:\/\/csp.ch\/neuchatel\/qui-sommes-nous\/#primaryimage"},"image":{"@id":"https:\/\/csp.ch\/neuchatel\/qui-sommes-nous\/#primaryimage"},"thumbnailUrl":"","datePublished":"2015-07-20T08:48:54+00:00","dateModified":"2015-11-20T16:48:04+00:00","description":"Les Centres sociaux protestants (CSP) sont des services priv\u00e9s d\u2019aide sociale destin\u00e9s aux personnes en difficult\u00e9 vivant chez nous.","breadcrumb":{"@id":"https:\/\/csp.ch\/neuchatel\/qui-sommes-nous\/#breadcrumb"},"inLanguage":"fr-FR","potentialAction":[{"@type":"ReadAction","target":["https:\/\/csp.ch\/neuchatel\/qui-sommes-nous\/"]}]},{"@type":"ImageObject","inLanguage":"fr-FR","@id":"https:\/\/csp.ch\/neuchatel\/qui-sommes-nous\/#primaryimage","url":"","contentUrl":""},{"@type":"BreadcrumbList","@id":"https:\/\/csp.ch\/neuchatel\/qui-sommes-nous\/#breadcrumb","itemListElement":[{"@type":"ListItem","position":1,"name":"Accueil","item":"https:\/\/csp.ch\/neuchatel\/"},{"@type":"ListItem","position":2,"name":"Qui sommes-nous?"}]},{"@type":"WebSite","@id":"https:\/\/csp.ch\/neuchatel\/#website","url":"https:\/\/csp.ch\/neuchatel\/","name":"CSP Neuch\u00e2tel","description":"","publisher":{"@id":"https:\/\/csp.ch\/neuchatel\/#organization"},"potentialAction":[{"@type":"SearchAction","target":{"@type":"EntryPoint","urlTemplate":"https:\/\/csp.ch\/neuchatel\/?s={search_term_string}"},"query-input":{"@type":"PropertyValueSpecification","valueRequired":true,"valueName":"search_term_string"}}],"inLanguage":"fr-FR"},{"@type":"Organization","@id":"https:\/\/csp.ch\/neuchatel\/#organization","name":"CSP Neuch\u00e2tel","url":"https:\/\/csp.ch\/neuchatel\/","logo":{"@type":"ImageObject","inLanguage":"fr-FR","@id":"https:\/\/csp.ch\/neuchatel\/#\/schema\/logo\/image\/","url":"https:\/\/csp.ch\/wp-content\/uploads\/sites\/7\/2020\/02\/LOGO-CSP.jpg","contentUrl":"https:\/\/csp.ch\/wp-content\/uploads\/sites\/7\/2020\/02\/LOGO-CSP.jpg","width":667,"height":667,"caption":"CSP Neuch\u00e2tel"},"image":{"@id":"https:\/\/csp.ch\/neuchatel\/#\/schema\/logo\/image\/"},"sameAs":["https:\/\/www.facebook.com\/CSPSuisse\/"]}]}},"_links":{"self":[{"href":"https:\/\/csp.ch\/neuchatel\/wp-json\/wp\/v2\/pages\/196","targetHints":{"allow":["GET"]}}],"collection":[{"href":"https:\/\/csp.ch\/neuchatel\/wp-json\/wp\/v2\/pages"}],"about":[{"href":"https:\/\/csp.ch\/neuchatel\/wp-json\/wp\/v2\/types\/page"}],"author":[{"embeddable":true,"href":"https:\/\/csp.ch\/neuchatel\/wp-json\/wp\/v2\/users\/1"}],"replies":[{"embeddable":true,"href":"https:\/\/csp.ch\/neuchatel\/wp-json\/wp\/v2\/comments?post=196"}],"version-history":[{"count":1,"href":"https:\/\/csp.ch\/neuchatel\/wp-json\/wp\/v2\/pages\/196\/revisions"}],"predecessor-version":[{"id":805,"href":"https:\/\/csp.ch\/neuchatel\/wp-json\/wp\/v2\/pages\/196\/revisions\/805"}],"wp:featuredmedia":[{"embeddable":true,"href":"https:\/\/csp.ch\/neuchatel\/wp-json\/"}],"wp:attachment":[{"href":"https:\/\/csp.ch\/neuchatel\/wp-json\/wp\/v2\/media?parent=196"}],"curies":[{"name":"wp","href":"https:\/\/api.w.org\/{rel}","templated":true}]}}