{"id":178,"date":"2015-08-27T13:15:31","date_gmt":"2015-08-27T12:15:31","guid":{"rendered":"https:\/\/csp.ch\/vd\/?page_id=178"},"modified":"2026-04-09T13:42:02","modified_gmt":"2026-04-09T11:42:02","slug":"offres-demploi","status":"publish","type":"page","link":"https:\/\/csp.ch\/neuchatel\/offres-demploi\/","title":{"rendered":"Offres d&rsquo;<strong>emploi<\/strong>"},"content":{"rendered":"<div class=\"wpb-content-wrapper\"><p>[vc_row][vc_column][vc_column_text css=\u00a0\u00bb\u00a0\u00bb]Aucun poste n&rsquo;est \u00e0 pourvoir actuellement au CSP Neuch\u00e2tel.[\/vc_column_text][\/vc_column][\/vc_row]<\/p>\n<\/div>","protected":false},"excerpt":{"rendered":"<p>[vc_row][vc_column][vc_column_text css=\u00a0\u00bb\u00a0\u00bb]Aucun poste n&rsquo;est \u00e0 pourvoir actuellement au CSP Neuch\u00e2tel.[\/vc_column_text][\/vc_column][\/vc_row]<\/p>\n","protected":false},"author":1,"featured_media":10812,"parent":0,"menu_order":0,"comment_status":"closed","ping_status":"closed","template":"","meta":{"_acf_changed":false,"footnotes":""},"class_list":["post-178","page","type-page","status-publish","has-post-thumbnail","hentry"],"acf":[],"yoast_head":"<!-- This site is optimized with the Yoast SEO plugin v27.1.1 - https:\/\/yoast.com\/product\/yoast-seo-wordpress\/ -->\n<title>CSP Neuch\u00e2tel - Offres d&#039;emploi<\/title>\n<meta name=\"description\" content=\"Le CSP Neuch\u00e2tel emploie des personnes dans ses services sociaux (assistante.s sociaux.les, juristes, conseiller.\u00e8re.s conjugaux.ales\" \/>\n<meta name=\"robots\" content=\"noindex, follow\" \/>\n<meta property=\"og:locale\" content=\"fr_FR\" \/>\n<meta property=\"og:type\" content=\"article\" \/>\n<meta property=\"og:title\" content=\"CSP Neuch\u00e2tel - Offres d&#039;emploi\" \/>\n<meta property=\"og:description\" content=\"Le CSP Neuch\u00e2tel emploie des personnes dans ses services sociaux (assistante.s sociaux.les, juristes, conseiller.\u00e8re.s conjugaux.ales\" \/>\n<meta property=\"og:url\" content=\"https:\/\/csp.ch\/neuchatel\/offres-demploi\/\" \/>\n<meta property=\"og:site_name\" content=\"CSP Neuch\u00e2tel\" \/>\n<meta property=\"article:publisher\" content=\"https:\/\/www.facebook.com\/CSPSuisse\/\" \/>\n<meta property=\"article:modified_time\" content=\"2026-04-09T11:42:02+00:00\" \/>\n<meta property=\"og:image\" content=\"https:\/\/csp.ch\/wp-content\/uploads\/sites\/7\/2026\/01\/we-re-hiring-2026-01-07-06-34-43-utc-scaled.jpg\" \/>\n\t<meta property=\"og:image:width\" content=\"2560\" \/>\n\t<meta property=\"og:image:height\" content=\"1706\" \/>\n\t<meta property=\"og:image:type\" content=\"image\/jpeg\" \/>\n<meta name=\"twitter:card\" content=\"summary_large_image\" \/>\n<meta name=\"twitter:label1\" content=\"Dur\u00e9e de lecture estim\u00e9e\" \/>\n\t<meta name=\"twitter:data1\" content=\"1 minute\" \/>\n<script type=\"application\/ld+json\" class=\"yoast-schema-graph\">{\"@context\":\"https:\/\/schema.org\",\"@graph\":[{\"@type\":\"WebPage\",\"@id\":\"https:\/\/csp.ch\/neuchatel\/offres-demploi\/\",\"url\":\"https:\/\/csp.ch\/neuchatel\/offres-demploi\/\",\"name\":\"CSP Neuch\u00e2tel - Offres d'emploi\",\"isPartOf\":{\"@id\":\"https:\/\/csp.ch\/neuchatel\/#website\"},\"primaryImageOfPage\":{\"@id\":\"https:\/\/csp.ch\/neuchatel\/offres-demploi\/#primaryimage\"},\"image\":{\"@id\":\"https:\/\/csp.ch\/neuchatel\/offres-demploi\/#primaryimage\"},\"thumbnailUrl\":\"https:\/\/csp.ch\/wp-content\/uploads\/sites\/7\/2026\/01\/we-re-hiring-2026-01-07-06-34-43-utc-scaled.jpg\",\"datePublished\":\"2015-08-27T12:15:31+00:00\",\"dateModified\":\"2026-04-09T11:42:02+00:00\",\"description\":\"Le CSP Neuch\u00e2tel emploie des personnes dans ses services sociaux (assistante.s sociaux.les, juristes, conseiller.\u00e8re.s conjugaux.ales\",\"breadcrumb\":{\"@id\":\"https:\/\/csp.ch\/neuchatel\/offres-demploi\/#breadcrumb\"},\"inLanguage\":\"fr-FR\",\"potentialAction\":[{\"@type\":\"ReadAction\",\"target\":[\"https:\/\/csp.ch\/neuchatel\/offres-demploi\/\"]}]},{\"@type\":\"ImageObject\",\"inLanguage\":\"fr-FR\",\"@id\":\"https:\/\/csp.ch\/neuchatel\/offres-demploi\/#primaryimage\",\"url\":\"https:\/\/csp.ch\/wp-content\/uploads\/sites\/7\/2026\/01\/we-re-hiring-2026-01-07-06-34-43-utc-scaled.jpg\",\"contentUrl\":\"https:\/\/csp.ch\/wp-content\/uploads\/sites\/7\/2026\/01\/we-re-hiring-2026-01-07-06-34-43-utc-scaled.jpg\",\"width\":2560,\"height\":1706},{\"@type\":\"BreadcrumbList\",\"@id\":\"https:\/\/csp.ch\/neuchatel\/offres-demploi\/#breadcrumb\",\"itemListElement\":[{\"@type\":\"ListItem\",\"position\":1,\"name\":\"Accueil\",\"item\":\"https:\/\/csp.ch\/neuchatel\/\"},{\"@type\":\"ListItem\",\"position\":2,\"name\":\"Offres d&rsquo;emploi\"}]},{\"@type\":\"WebSite\",\"@id\":\"https:\/\/csp.ch\/neuchatel\/#website\",\"url\":\"https:\/\/csp.ch\/neuchatel\/\",\"name\":\"CSP Neuch\u00e2tel\",\"description\":\"\",\"publisher\":{\"@id\":\"https:\/\/csp.ch\/neuchatel\/#organization\"},\"potentialAction\":[{\"@type\":\"SearchAction\",\"target\":{\"@type\":\"EntryPoint\",\"urlTemplate\":\"https:\/\/csp.ch\/neuchatel\/?s={search_term_string}\"},\"query-input\":{\"@type\":\"PropertyValueSpecification\",\"valueRequired\":true,\"valueName\":\"search_term_string\"}}],\"inLanguage\":\"fr-FR\"},{\"@type\":\"Organization\",\"@id\":\"https:\/\/csp.ch\/neuchatel\/#organization\",\"name\":\"CSP Neuch\u00e2tel\",\"url\":\"https:\/\/csp.ch\/neuchatel\/\",\"logo\":{\"@type\":\"ImageObject\",\"inLanguage\":\"fr-FR\",\"@id\":\"https:\/\/csp.ch\/neuchatel\/#\/schema\/logo\/image\/\",\"url\":\"https:\/\/csp.ch\/wp-content\/uploads\/sites\/7\/2020\/02\/LOGO-CSP.jpg\",\"contentUrl\":\"https:\/\/csp.ch\/wp-content\/uploads\/sites\/7\/2020\/02\/LOGO-CSP.jpg\",\"width\":667,\"height\":667,\"caption\":\"CSP Neuch\u00e2tel\"},\"image\":{\"@id\":\"https:\/\/csp.ch\/neuchatel\/#\/schema\/logo\/image\/\"},\"sameAs\":[\"https:\/\/www.facebook.com\/CSPSuisse\/\"]}]}<\/script>\n<!-- \/ Yoast SEO plugin. -->","yoast_head_json":{"title":"CSP Neuch\u00e2tel - Offres d'emploi","description":"Le CSP Neuch\u00e2tel emploie des personnes dans ses services sociaux (assistante.s sociaux.les, juristes, conseiller.\u00e8re.s conjugaux.ales","robots":{"index":"noindex","follow":"follow"},"og_locale":"fr_FR","og_type":"article","og_title":"CSP Neuch\u00e2tel - Offres d'emploi","og_description":"Le CSP Neuch\u00e2tel emploie des personnes dans ses services sociaux (assistante.s sociaux.les, juristes, conseiller.\u00e8re.s conjugaux.ales","og_url":"https:\/\/csp.ch\/neuchatel\/offres-demploi\/","og_site_name":"CSP Neuch\u00e2tel","article_publisher":"https:\/\/www.facebook.com\/CSPSuisse\/","article_modified_time":"2026-04-09T11:42:02+00:00","og_image":[{"width":2560,"height":1706,"url":"https:\/\/csp.ch\/wp-content\/uploads\/sites\/7\/2026\/01\/we-re-hiring-2026-01-07-06-34-43-utc-scaled.jpg","type":"image\/jpeg"}],"twitter_card":"summary_large_image","twitter_misc":{"Dur\u00e9e de lecture estim\u00e9e":"1 minute"},"schema":{"@context":"https:\/\/schema.org","@graph":[{"@type":"WebPage","@id":"https:\/\/csp.ch\/neuchatel\/offres-demploi\/","url":"https:\/\/csp.ch\/neuchatel\/offres-demploi\/","name":"CSP Neuch\u00e2tel - Offres d'emploi","isPartOf":{"@id":"https:\/\/csp.ch\/neuchatel\/#website"},"primaryImageOfPage":{"@id":"https:\/\/csp.ch\/neuchatel\/offres-demploi\/#primaryimage"},"image":{"@id":"https:\/\/csp.ch\/neuchatel\/offres-demploi\/#primaryimage"},"thumbnailUrl":"https:\/\/csp.ch\/wp-content\/uploads\/sites\/7\/2026\/01\/we-re-hiring-2026-01-07-06-34-43-utc-scaled.jpg","datePublished":"2015-08-27T12:15:31+00:00","dateModified":"2026-04-09T11:42:02+00:00","description":"Le CSP Neuch\u00e2tel emploie des personnes dans ses services sociaux (assistante.s sociaux.les, juristes, conseiller.\u00e8re.s conjugaux.ales","breadcrumb":{"@id":"https:\/\/csp.ch\/neuchatel\/offres-demploi\/#breadcrumb"},"inLanguage":"fr-FR","potentialAction":[{"@type":"ReadAction","target":["https:\/\/csp.ch\/neuchatel\/offres-demploi\/"]}]},{"@type":"ImageObject","inLanguage":"fr-FR","@id":"https:\/\/csp.ch\/neuchatel\/offres-demploi\/#primaryimage","url":"https:\/\/csp.ch\/wp-content\/uploads\/sites\/7\/2026\/01\/we-re-hiring-2026-01-07-06-34-43-utc-scaled.jpg","contentUrl":"https:\/\/csp.ch\/wp-content\/uploads\/sites\/7\/2026\/01\/we-re-hiring-2026-01-07-06-34-43-utc-scaled.jpg","width":2560,"height":1706},{"@type":"BreadcrumbList","@id":"https:\/\/csp.ch\/neuchatel\/offres-demploi\/#breadcrumb","itemListElement":[{"@type":"ListItem","position":1,"name":"Accueil","item":"https:\/\/csp.ch\/neuchatel\/"},{"@type":"ListItem","position":2,"name":"Offres d&rsquo;emploi"}]},{"@type":"WebSite","@id":"https:\/\/csp.ch\/neuchatel\/#website","url":"https:\/\/csp.ch\/neuchatel\/","name":"CSP Neuch\u00e2tel","description":"","publisher":{"@id":"https:\/\/csp.ch\/neuchatel\/#organization"},"potentialAction":[{"@type":"SearchAction","target":{"@type":"EntryPoint","urlTemplate":"https:\/\/csp.ch\/neuchatel\/?s={search_term_string}"},"query-input":{"@type":"PropertyValueSpecification","valueRequired":true,"valueName":"search_term_string"}}],"inLanguage":"fr-FR"},{"@type":"Organization","@id":"https:\/\/csp.ch\/neuchatel\/#organization","name":"CSP Neuch\u00e2tel","url":"https:\/\/csp.ch\/neuchatel\/","logo":{"@type":"ImageObject","inLanguage":"fr-FR","@id":"https:\/\/csp.ch\/neuchatel\/#\/schema\/logo\/image\/","url":"https:\/\/csp.ch\/wp-content\/uploads\/sites\/7\/2020\/02\/LOGO-CSP.jpg","contentUrl":"https:\/\/csp.ch\/wp-content\/uploads\/sites\/7\/2020\/02\/LOGO-CSP.jpg","width":667,"height":667,"caption":"CSP Neuch\u00e2tel"},"image":{"@id":"https:\/\/csp.ch\/neuchatel\/#\/schema\/logo\/image\/"},"sameAs":["https:\/\/www.facebook.com\/CSPSuisse\/"]}]}},"_links":{"self":[{"href":"https:\/\/csp.ch\/neuchatel\/wp-json\/wp\/v2\/pages\/178","targetHints":{"allow":["GET"]}}],"collection":[{"href":"https:\/\/csp.ch\/neuchatel\/wp-json\/wp\/v2\/pages"}],"about":[{"href":"https:\/\/csp.ch\/neuchatel\/wp-json\/wp\/v2\/types\/page"}],"author":[{"embeddable":true,"href":"https:\/\/csp.ch\/neuchatel\/wp-json\/wp\/v2\/users\/1"}],"replies":[{"embeddable":true,"href":"https:\/\/csp.ch\/neuchatel\/wp-json\/wp\/v2\/comments?post=178"}],"version-history":[{"count":9,"href":"https:\/\/csp.ch\/neuchatel\/wp-json\/wp\/v2\/pages\/178\/revisions"}],"predecessor-version":[{"id":11679,"href":"https:\/\/csp.ch\/neuchatel\/wp-json\/wp\/v2\/pages\/178\/revisions\/11679"}],"wp:featuredmedia":[{"embeddable":true,"href":"https:\/\/csp.ch\/neuchatel\/wp-json\/wp\/v2\/media\/10812"}],"wp:attachment":[{"href":"https:\/\/csp.ch\/neuchatel\/wp-json\/wp\/v2\/media?parent=178"}],"curies":[{"name":"wp","href":"https:\/\/api.w.org\/{rel}","templated":true}]}}