{"id":172,"date":"2015-08-27T13:05:15","date_gmt":"2015-08-27T12:05:15","guid":{"rendered":"https:\/\/csp.ch\/vd\/?page_id=172"},"modified":"2026-03-27T11:39:10","modified_gmt":"2026-03-27T10:39:10","slug":"les-nouvelles","status":"publish","type":"page","link":"https:\/\/csp.ch\/neuchatel\/les-nouvelles\/","title":{"rendered":"Journal <strong>nou(s)velles<\/strong>"},"content":{"rendered":"<div class=\"wpb-content-wrapper\"><p>[vc_row][vc_column][vc_column_text css=\u00a0\u00bb\u00a0\u00bb]Le CSP Neuch\u00e2tel publie trois fois par ann\u00e9e un journal intitul\u00e9 les NOU(S)VELLES, pr\u00e9sentant les actions de l&rsquo;institution. Deux \u00e9ditions neuch\u00e2teloises paraissent en mars et en juin , tandis que l&rsquo;\u00e9dition de septembre est commune aux <a href=\"https:\/\/csp.ch\/\" target=\"_blank\" rel=\"noopener\">4 CSP romands.<\/a><\/p>\n<p>Le journal est envoy\u00e9 aux donateurs et donatrices, aux partenaires et \u00e0 toutes les institutions ou personnes int\u00e9ress\u00e9es.<\/p>\n<p>Si vous souhaitez recevoir le journal en version papier ou par courriel, vous pouvez vous annoncer \u00e0 l&rsquo;adresse <a href=\"&#x6d;&#x61;&#x69;&#x6c;&#116;&#111;&#58;cs&#x70;&#x2e;&#x63;&#x6f;&#x6d;&#109;&#117;&#110;ic&#x61;&#x74;&#x69;&#x6f;&#x6e;&#64;&#110;&#101;&#46;c&#x68;\">c&#115;&#x70;&#x2e;&#x63;o&#109;&#x6d;&#x75;&#x6e;i&#99;&#x61;&#x74;&#x69;o&#110;&#x40;&#x6e;&#x65;&#46;&#99;&#x68;<\/a>.<\/p>\n<p>&nbsp;<\/p>\n<p><strong>D\u00e9couvrez ci-dessous nos \u00e9ditions des NOU(S)VELLES!<\/strong>[\/vc_column_text][\/vc_column][\/vc_row]<\/p>\n<\/div>","protected":false},"excerpt":{"rendered":"<p>[vc_row][vc_column][vc_column_text css=\u00a0\u00bb\u00a0\u00bb]Le CSP Neuch\u00e2tel publie trois fois par ann\u00e9e un journal intitul\u00e9 les NOU(S)VELLES, pr\u00e9sentant les actions de l&rsquo;institution. Deux \u00e9ditions neuch\u00e2teloises paraissent en mars et en juin , tandis que l&rsquo;\u00e9dition de septembre est commune aux 4 CSP romands. Le journal est envoy\u00e9 aux donateurs et donatrices, aux partenaires et \u00e0 toutes les institutions [&hellip;]<\/p>\n","protected":false},"author":1,"featured_media":11578,"parent":0,"menu_order":0,"comment_status":"closed","ping_status":"closed","template":"archive-journaux.php","meta":{"_acf_changed":false,"footnotes":""},"class_list":["post-172","page","type-page","status-publish","has-post-thumbnail","hentry"],"acf":[],"yoast_head":"<!-- This site is optimized with the Yoast SEO plugin v27.1.1 - https:\/\/yoast.com\/product\/yoast-seo-wordpress\/ -->\n<title>Journal nou(s)velles - CSP Neuch\u00e2tel<\/title>\n<meta name=\"description\" content=\"Le CSP Neuch\u00e2tel publie trois fois par ann\u00e9e un journal\u00a0LES NOU(S)VELLES. Ce dernier est envoy\u00e9 aux donateurs et donatrices et partenaires.\" \/>\n<meta name=\"robots\" content=\"index, follow, max-snippet:-1, max-image-preview:large, max-video-preview:-1\" \/>\n<link rel=\"canonical\" href=\"https:\/\/csp.ch\/neuchatel\/les-nouvelles\/\" \/>\n<meta property=\"og:locale\" content=\"fr_FR\" \/>\n<meta property=\"og:type\" content=\"article\" \/>\n<meta property=\"og:title\" content=\"Journal nou(s)velles - CSP Neuch\u00e2tel\" \/>\n<meta property=\"og:description\" content=\"Le CSP Neuch\u00e2tel publie trois fois par ann\u00e9e un journal\u00a0LES NOU(S)VELLES. Ce dernier est envoy\u00e9 aux donateurs et donatrices et partenaires.\" \/>\n<meta property=\"og:url\" content=\"https:\/\/csp.ch\/neuchatel\/les-nouvelles\/\" \/>\n<meta property=\"og:site_name\" content=\"CSP Neuch\u00e2tel\" \/>\n<meta property=\"article:publisher\" content=\"https:\/\/www.facebook.com\/CSPSuisse\/\" \/>\n<meta property=\"article:modified_time\" content=\"2026-03-27T10:39:10+00:00\" \/>\n<meta property=\"og:image\" content=\"https:\/\/csp.ch\/wp-content\/uploads\/sites\/7\/2026\/03\/Mockup_NOUSVELLES_mars2026-scaled.jpg\" \/>\n\t<meta property=\"og:image:width\" content=\"2560\" \/>\n\t<meta property=\"og:image:height\" content=\"1707\" \/>\n\t<meta property=\"og:image:type\" content=\"image\/jpeg\" \/>\n<meta name=\"twitter:card\" content=\"summary_large_image\" \/>\n<meta name=\"twitter:label1\" content=\"Dur\u00e9e de lecture estim\u00e9e\" \/>\n\t<meta name=\"twitter:data1\" content=\"1 minute\" \/>\n<script type=\"application\/ld+json\" class=\"yoast-schema-graph\">{\"@context\":\"https:\/\/schema.org\",\"@graph\":[{\"@type\":\"WebPage\",\"@id\":\"https:\/\/csp.ch\/neuchatel\/les-nouvelles\/\",\"url\":\"https:\/\/csp.ch\/neuchatel\/les-nouvelles\/\",\"name\":\"Journal nou(s)velles - CSP Neuch\u00e2tel\",\"isPartOf\":{\"@id\":\"https:\/\/csp.ch\/neuchatel\/#website\"},\"primaryImageOfPage\":{\"@id\":\"https:\/\/csp.ch\/neuchatel\/les-nouvelles\/#primaryimage\"},\"image\":{\"@id\":\"https:\/\/csp.ch\/neuchatel\/les-nouvelles\/#primaryimage\"},\"thumbnailUrl\":\"https:\/\/csp.ch\/wp-content\/uploads\/sites\/7\/2026\/03\/Mockup_NOUSVELLES_mars2026-scaled.jpg\",\"datePublished\":\"2015-08-27T12:05:15+00:00\",\"dateModified\":\"2026-03-27T10:39:10+00:00\",\"description\":\"Le CSP Neuch\u00e2tel publie trois fois par ann\u00e9e un journal\u00a0LES NOU(S)VELLES. Ce dernier est envoy\u00e9 aux donateurs et donatrices et partenaires.\",\"breadcrumb\":{\"@id\":\"https:\/\/csp.ch\/neuchatel\/les-nouvelles\/#breadcrumb\"},\"inLanguage\":\"fr-FR\",\"potentialAction\":[{\"@type\":\"ReadAction\",\"target\":[\"https:\/\/csp.ch\/neuchatel\/les-nouvelles\/\"]}]},{\"@type\":\"ImageObject\",\"inLanguage\":\"fr-FR\",\"@id\":\"https:\/\/csp.ch\/neuchatel\/les-nouvelles\/#primaryimage\",\"url\":\"https:\/\/csp.ch\/wp-content\/uploads\/sites\/7\/2026\/03\/Mockup_NOUSVELLES_mars2026-scaled.jpg\",\"contentUrl\":\"https:\/\/csp.ch\/wp-content\/uploads\/sites\/7\/2026\/03\/Mockup_NOUSVELLES_mars2026-scaled.jpg\",\"width\":2560,\"height\":1707},{\"@type\":\"BreadcrumbList\",\"@id\":\"https:\/\/csp.ch\/neuchatel\/les-nouvelles\/#breadcrumb\",\"itemListElement\":[{\"@type\":\"ListItem\",\"position\":1,\"name\":\"Accueil\",\"item\":\"https:\/\/csp.ch\/neuchatel\/\"},{\"@type\":\"ListItem\",\"position\":2,\"name\":\"Journal nou(s)velles\"}]},{\"@type\":\"WebSite\",\"@id\":\"https:\/\/csp.ch\/neuchatel\/#website\",\"url\":\"https:\/\/csp.ch\/neuchatel\/\",\"name\":\"CSP Neuch\u00e2tel\",\"description\":\"\",\"publisher\":{\"@id\":\"https:\/\/csp.ch\/neuchatel\/#organization\"},\"potentialAction\":[{\"@type\":\"SearchAction\",\"target\":{\"@type\":\"EntryPoint\",\"urlTemplate\":\"https:\/\/csp.ch\/neuchatel\/?s={search_term_string}\"},\"query-input\":{\"@type\":\"PropertyValueSpecification\",\"valueRequired\":true,\"valueName\":\"search_term_string\"}}],\"inLanguage\":\"fr-FR\"},{\"@type\":\"Organization\",\"@id\":\"https:\/\/csp.ch\/neuchatel\/#organization\",\"name\":\"CSP Neuch\u00e2tel\",\"url\":\"https:\/\/csp.ch\/neuchatel\/\",\"logo\":{\"@type\":\"ImageObject\",\"inLanguage\":\"fr-FR\",\"@id\":\"https:\/\/csp.ch\/neuchatel\/#\/schema\/logo\/image\/\",\"url\":\"https:\/\/csp.ch\/wp-content\/uploads\/sites\/7\/2020\/02\/LOGO-CSP.jpg\",\"contentUrl\":\"https:\/\/csp.ch\/wp-content\/uploads\/sites\/7\/2020\/02\/LOGO-CSP.jpg\",\"width\":667,\"height\":667,\"caption\":\"CSP Neuch\u00e2tel\"},\"image\":{\"@id\":\"https:\/\/csp.ch\/neuchatel\/#\/schema\/logo\/image\/\"},\"sameAs\":[\"https:\/\/www.facebook.com\/CSPSuisse\/\"]}]}<\/script>\n<!-- \/ Yoast SEO plugin. -->","yoast_head_json":{"title":"Journal nou(s)velles - CSP Neuch\u00e2tel","description":"Le CSP Neuch\u00e2tel publie trois fois par ann\u00e9e un journal\u00a0LES NOU(S)VELLES. Ce dernier est envoy\u00e9 aux donateurs et donatrices et partenaires.","robots":{"index":"index","follow":"follow","max-snippet":"max-snippet:-1","max-image-preview":"max-image-preview:large","max-video-preview":"max-video-preview:-1"},"canonical":"https:\/\/csp.ch\/neuchatel\/les-nouvelles\/","og_locale":"fr_FR","og_type":"article","og_title":"Journal nou(s)velles - CSP Neuch\u00e2tel","og_description":"Le CSP Neuch\u00e2tel publie trois fois par ann\u00e9e un journal\u00a0LES NOU(S)VELLES. Ce dernier est envoy\u00e9 aux donateurs et donatrices et partenaires.","og_url":"https:\/\/csp.ch\/neuchatel\/les-nouvelles\/","og_site_name":"CSP Neuch\u00e2tel","article_publisher":"https:\/\/www.facebook.com\/CSPSuisse\/","article_modified_time":"2026-03-27T10:39:10+00:00","og_image":[{"width":2560,"height":1707,"url":"https:\/\/csp.ch\/wp-content\/uploads\/sites\/7\/2026\/03\/Mockup_NOUSVELLES_mars2026-scaled.jpg","type":"image\/jpeg"}],"twitter_card":"summary_large_image","twitter_misc":{"Dur\u00e9e de lecture estim\u00e9e":"1 minute"},"schema":{"@context":"https:\/\/schema.org","@graph":[{"@type":"WebPage","@id":"https:\/\/csp.ch\/neuchatel\/les-nouvelles\/","url":"https:\/\/csp.ch\/neuchatel\/les-nouvelles\/","name":"Journal nou(s)velles - CSP Neuch\u00e2tel","isPartOf":{"@id":"https:\/\/csp.ch\/neuchatel\/#website"},"primaryImageOfPage":{"@id":"https:\/\/csp.ch\/neuchatel\/les-nouvelles\/#primaryimage"},"image":{"@id":"https:\/\/csp.ch\/neuchatel\/les-nouvelles\/#primaryimage"},"thumbnailUrl":"https:\/\/csp.ch\/wp-content\/uploads\/sites\/7\/2026\/03\/Mockup_NOUSVELLES_mars2026-scaled.jpg","datePublished":"2015-08-27T12:05:15+00:00","dateModified":"2026-03-27T10:39:10+00:00","description":"Le CSP Neuch\u00e2tel publie trois fois par ann\u00e9e un journal\u00a0LES NOU(S)VELLES. Ce dernier est envoy\u00e9 aux donateurs et donatrices et partenaires.","breadcrumb":{"@id":"https:\/\/csp.ch\/neuchatel\/les-nouvelles\/#breadcrumb"},"inLanguage":"fr-FR","potentialAction":[{"@type":"ReadAction","target":["https:\/\/csp.ch\/neuchatel\/les-nouvelles\/"]}]},{"@type":"ImageObject","inLanguage":"fr-FR","@id":"https:\/\/csp.ch\/neuchatel\/les-nouvelles\/#primaryimage","url":"https:\/\/csp.ch\/wp-content\/uploads\/sites\/7\/2026\/03\/Mockup_NOUSVELLES_mars2026-scaled.jpg","contentUrl":"https:\/\/csp.ch\/wp-content\/uploads\/sites\/7\/2026\/03\/Mockup_NOUSVELLES_mars2026-scaled.jpg","width":2560,"height":1707},{"@type":"BreadcrumbList","@id":"https:\/\/csp.ch\/neuchatel\/les-nouvelles\/#breadcrumb","itemListElement":[{"@type":"ListItem","position":1,"name":"Accueil","item":"https:\/\/csp.ch\/neuchatel\/"},{"@type":"ListItem","position":2,"name":"Journal nou(s)velles"}]},{"@type":"WebSite","@id":"https:\/\/csp.ch\/neuchatel\/#website","url":"https:\/\/csp.ch\/neuchatel\/","name":"CSP Neuch\u00e2tel","description":"","publisher":{"@id":"https:\/\/csp.ch\/neuchatel\/#organization"},"potentialAction":[{"@type":"SearchAction","target":{"@type":"EntryPoint","urlTemplate":"https:\/\/csp.ch\/neuchatel\/?s={search_term_string}"},"query-input":{"@type":"PropertyValueSpecification","valueRequired":true,"valueName":"search_term_string"}}],"inLanguage":"fr-FR"},{"@type":"Organization","@id":"https:\/\/csp.ch\/neuchatel\/#organization","name":"CSP Neuch\u00e2tel","url":"https:\/\/csp.ch\/neuchatel\/","logo":{"@type":"ImageObject","inLanguage":"fr-FR","@id":"https:\/\/csp.ch\/neuchatel\/#\/schema\/logo\/image\/","url":"https:\/\/csp.ch\/wp-content\/uploads\/sites\/7\/2020\/02\/LOGO-CSP.jpg","contentUrl":"https:\/\/csp.ch\/wp-content\/uploads\/sites\/7\/2020\/02\/LOGO-CSP.jpg","width":667,"height":667,"caption":"CSP Neuch\u00e2tel"},"image":{"@id":"https:\/\/csp.ch\/neuchatel\/#\/schema\/logo\/image\/"},"sameAs":["https:\/\/www.facebook.com\/CSPSuisse\/"]}]}},"_links":{"self":[{"href":"https:\/\/csp.ch\/neuchatel\/wp-json\/wp\/v2\/pages\/172","targetHints":{"allow":["GET"]}}],"collection":[{"href":"https:\/\/csp.ch\/neuchatel\/wp-json\/wp\/v2\/pages"}],"about":[{"href":"https:\/\/csp.ch\/neuchatel\/wp-json\/wp\/v2\/types\/page"}],"author":[{"embeddable":true,"href":"https:\/\/csp.ch\/neuchatel\/wp-json\/wp\/v2\/users\/1"}],"replies":[{"embeddable":true,"href":"https:\/\/csp.ch\/neuchatel\/wp-json\/wp\/v2\/comments?post=172"}],"version-history":[{"count":8,"href":"https:\/\/csp.ch\/neuchatel\/wp-json\/wp\/v2\/pages\/172\/revisions"}],"predecessor-version":[{"id":10353,"href":"https:\/\/csp.ch\/neuchatel\/wp-json\/wp\/v2\/pages\/172\/revisions\/10353"}],"wp:featuredmedia":[{"embeddable":true,"href":"https:\/\/csp.ch\/neuchatel\/wp-json\/wp\/v2\/media\/11578"}],"wp:attachment":[{"href":"https:\/\/csp.ch\/neuchatel\/wp-json\/wp\/v2\/media?parent=172"}],"curies":[{"name":"wp","href":"https:\/\/api.w.org\/{rel}","templated":true}]}}