{"id":167,"date":"2015-08-27T10:16:49","date_gmt":"2015-08-27T09:16:49","guid":{"rendered":"https:\/\/csp.ch\/vd\/?page_id=167"},"modified":"2026-04-21T10:17:40","modified_gmt":"2026-04-21T08:17:40","slug":"rapport-dactivites","status":"publish","type":"page","link":"https:\/\/csp.ch\/neuchatel\/rapport-dactivites\/","title":{"rendered":"Rapport d&rsquo;<strong>activit\u00e9<\/strong>"},"content":{"rendered":"<div class=\"wpb-content-wrapper\"><p>[vc_row][vc_column][vc_column_text css=\u00a0\u00bb\u00a0\u00bb]Rapports d&rsquo;activit\u00e9 du CSP Neuch\u00e2tel[\/vc_column_text][vc_separator][vc_column_text css=\u00a0\u00bb\u00a0\u00bb]<strong>Rapports d&rsquo;activit\u00e9<\/strong><\/p>\n<ul>\n<li><a href=\"https:\/\/csp.ch\/wp-content\/uploads\/sites\/7\/2026\/04\/CSP-Rapport-2025-SIGNE.pdf\" target=\"_blank\" rel=\"noopener\">Comptes 2025<\/a><\/li>\n<li><a href=\"https:\/\/csp.ch\/wp-content\/uploads\/sites\/7\/2026\/04\/CSPNE_RA2025.pdf\" target=\"_blank\" rel=\"noopener\">Rapport d&rsquo;activit\u00e9 2025<\/a><\/li>\n<li><a href=\"https:\/\/csp.ch\/wp-content\/uploads\/sites\/7\/2025\/04\/Fondation-CSP-rapport-2024-SIGNE.pdf\" target=\"_blank\" rel=\"noopener\">Comptes 2024<\/a><\/li>\n<li><a href=\"https:\/\/csp.ch\/wp-content\/uploads\/sites\/7\/2025\/04\/Rapport-dactivite-2024-1.pdf\" target=\"_blank\" rel=\"noopener\">Rapport d&rsquo;activit\u00e9 2024<\/a><\/li>\n<li><a href=\"https:\/\/csp.ch\/wp-content\/uploads\/sites\/7\/2024\/04\/Fondation-CSP-Neuchatel-Comptes-2023.pdf\" target=\"_blank\" rel=\"noopener\">Comptes 2023<\/a><\/li>\n<li><a href=\"https:\/\/csp.ch\/wp-content\/uploads\/sites\/7\/2024\/05\/CSP-Neuchatel_Rapport-dactivite-2023.pdf\" target=\"_blank\" rel=\"noopener\">Rapport activit\u00e9 2023<\/a><\/li>\n<li><a href=\"https:\/\/csp.ch\/wp-content\/uploads\/sites\/7\/2023\/04\/Fondation-CSP-rapport-2022-SIGNE.pdf\" target=\"_blank\" rel=\"noopener\">Comptes 2022<\/a><\/li>\n<li><a href=\"https:\/\/csp.ch\/wp-content\/uploads\/sites\/7\/2023\/04\/CSP-Neuchatel_RA-2022_version-finale-2.pdf\" target=\"_blank\" rel=\"noopener\">Rapport d&rsquo;activit\u00e9 2022<\/a><\/li>\n<li><a href=\"https:\/\/csp.ch\/neuchatel\/wp-content\/uploads\/sites\/7\/2022\/05\/Fondation-CSP-rapport-2021.pdf\" target=\"_blank\" rel=\"noopener\">Comptes 2021<\/a><\/li>\n<li><a href=\"https:\/\/csp.ch\/neuchatel\/wp-content\/uploads\/sites\/7\/2022\/05\/RA_2021_Version-finale.pdf\" target=\"_blank\" rel=\"noopener\">Rapport d&rsquo;activit\u00e9 2021<\/a><\/li>\n<li><a href=\"https:\/\/csp.ch\/neuchatel\/wp-content\/uploads\/sites\/7\/2021\/07\/Fondation-CSP-Rapport-2020.pdf\" target=\"_blank\" rel=\"noopener\">Comptes 2020<\/a><\/li>\n<li><a href=\"https:\/\/csp.ch\/neuchatel\/wp-content\/uploads\/sites\/7\/2022\/04\/Dossier-RA_2020_V_FINALE-3.pdf\" target=\"_blank\" rel=\"noopener\">Rapport d&rsquo;activit\u00e9 2020<\/a><\/li>\n<li><a href=\"https:\/\/csp.ch\/neuchatel\/wp-content\/uploads\/sites\/7\/2020\/06\/Fondation-du-CSP-rapport-2019.pdf\" target=\"_blank\" rel=\"noopener noreferrer\">Comptes 2019<\/a><\/li>\n<li><a href=\"https:\/\/csp.ch\/neuchatel\/wp-content\/uploads\/sites\/7\/2020\/07\/CSP_Neuchatel_Rapport-dactivit\u00e9-2019.pdf\" target=\"_blank\" rel=\"noopener noreferrer\">Rapport d&rsquo;activit\u00e9 2019<\/a><\/li>\n<li><a href=\"https:\/\/csp.ch\/neuchatel\/wp-content\/uploads\/sites\/7\/2019\/05\/Fondation-CSP-rapport-2018.pdf\" target=\"_blank\" rel=\"noopener noreferrer\">Comptes 2018<\/a><\/li>\n<li><a href=\"https:\/\/csp.ch\/neuchatel\/wp-content\/uploads\/sites\/7\/2019\/07\/CSP-NE_Rapport-dactivit\u00e9-2018.pdf\" target=\"_blank\" rel=\"noopener noreferrer\">Rapport d&rsquo;activit\u00e9 2018<\/a><\/li>\n<li><a href=\"https:\/\/csp.ch\/neuchatel\/wp-content\/uploads\/sites\/7\/2018\/07\/Fondation-CSP-rapport-2017.pdf\" target=\"_blank\" rel=\"noopener noreferrer\">Comptes<\/a><a href=\"https:\/\/csp.ch\/neuchatel\/wp-content\/uploads\/sites\/7\/2018\/07\/Fondation-CSP-rapport-2017.pdf\" target=\"_blank\" rel=\"noopener noreferrer\"> 2017<\/a><\/li>\n<li><a href=\"https:\/\/csp.ch\/neuchatel\/wp-content\/uploads\/sites\/7\/2018\/07\/Rapport-dactivit\u00e9-2017.pdf\" target=\"_blank\" rel=\"noopener noreferrer\">Rapport d&rsquo;activit\u00e9 2017 <\/a><\/li>\n<li><a href=\"https:\/\/csp.ch\/neuchatel\/wp-content\/uploads\/sites\/7\/2017\/05\/Fondation-CSP-Rapport-Comptes-2016.pdf\" target=\"_blank\" rel=\"noopener noreferrer\">Comptes 2016<\/a><\/li>\n<li><a href=\"https:\/\/csp.ch\/neuchatel\/wp-content\/uploads\/sites\/7\/2017\/05\/Rapport-dactivit\u00e9-2016-CSP.pdf\" target=\"_blank\" rel=\"noopener noreferrer\">Rapport d&rsquo;activit\u00e9 2016<\/a><\/li>\n<li><a href=\"https:\/\/csp.ch\/neuchatel\/wp-content\/uploads\/sites\/7\/2016\/08\/CSP_rapport-dactivit\u00e9-2015.pdf\" target=\"_blank\" rel=\"noopener noreferrer\">Rapport d&rsquo;activit\u00e9 2015<\/a><\/li>\n<li><a href=\"https:\/\/csp.ch\/neuchatel\/wp-content\/uploads\/sites\/7\/2015\/08\/RapportCSP_NE2014.pdf\" target=\"_blank\" rel=\"noopener noreferrer\">Rapport d&rsquo;activit\u00e9 2014<\/a><\/li>\n<\/ul>\n<p>[\/vc_column_text][vc_separator][vc_column_text][\/vc_column_text][\/vc_column][\/vc_row]<\/p>\n<\/div>","protected":false},"excerpt":{"rendered":"<p>[vc_row][vc_column][vc_column_text css=\u00a0\u00bb\u00a0\u00bb]Rapports d&rsquo;activit\u00e9 du CSP Neuch\u00e2tel[\/vc_column_text][vc_separator][vc_column_text css=\u00a0\u00bb\u00a0\u00bb]Rapports d&rsquo;activit\u00e9 Comptes 2025 Rapport d&rsquo;activit\u00e9 2025 Comptes 2024 Rapport d&rsquo;activit\u00e9 2024 Comptes 2023 Rapport activit\u00e9 2023 Comptes 2022 Rapport d&rsquo;activit\u00e9 2022 Comptes 2021 Rapport d&rsquo;activit\u00e9 2021 Comptes 2020 Rapport d&rsquo;activit\u00e9 2020 Comptes 2019 Rapport d&rsquo;activit\u00e9 2019 Comptes 2018 Rapport d&rsquo;activit\u00e9 2018 Comptes 2017 Rapport d&rsquo;activit\u00e9 2017 Comptes 2016 [&hellip;]<\/p>\n","protected":false},"author":1,"featured_media":8054,"parent":0,"menu_order":0,"comment_status":"closed","ping_status":"closed","template":"","meta":{"_acf_changed":false,"footnotes":""},"class_list":["post-167","page","type-page","status-publish","has-post-thumbnail","hentry"],"acf":[],"yoast_head":"<!-- This site is optimized with the Yoast SEO plugin v27.1.1 - https:\/\/yoast.com\/product\/yoast-seo-wordpress\/ -->\n<title>Rapport d&#039;activit\u00e9 - CSP Neuch\u00e2tel<\/title>\n<meta name=\"description\" content=\"Vous trouvez ci-joint le rapport d\u2019activit\u00e9 g\u00e9n\u00e9ral du CSP Neuch\u00e2tel.Ainsi que les rapports d\u2019activit\u00e9s plus d\u00e9taill\u00e9s de certains secteurs.\" \/>\n<meta name=\"robots\" content=\"index, follow, max-snippet:-1, max-image-preview:large, max-video-preview:-1\" \/>\n<link rel=\"canonical\" href=\"https:\/\/csp.ch\/neuchatel\/rapport-dactivites\/\" \/>\n<meta property=\"og:locale\" content=\"fr_FR\" \/>\n<meta property=\"og:type\" content=\"article\" \/>\n<meta property=\"og:title\" content=\"Rapport d&#039;activit\u00e9 - CSP Neuch\u00e2tel\" \/>\n<meta property=\"og:description\" content=\"Vous trouvez ci-joint le rapport d\u2019activit\u00e9 g\u00e9n\u00e9ral du CSP Neuch\u00e2tel.Ainsi que les rapports d\u2019activit\u00e9s plus d\u00e9taill\u00e9s de certains secteurs.\" \/>\n<meta property=\"og:url\" content=\"https:\/\/csp.ch\/neuchatel\/rapport-dactivites\/\" \/>\n<meta property=\"og:site_name\" content=\"CSP Neuch\u00e2tel\" \/>\n<meta property=\"article:publisher\" content=\"https:\/\/www.facebook.com\/CSPSuisse\/\" \/>\n<meta property=\"article:modified_time\" content=\"2026-04-21T08:17:40+00:00\" \/>\n<meta property=\"og:image\" content=\"https:\/\/csp.ch\/wp-content\/uploads\/sites\/7\/2025\/04\/logo_couleur-e1744644076349.jpg\" \/>\n\t<meta property=\"og:image:width\" content=\"211\" \/>\n\t<meta property=\"og:image:height\" content=\"140\" \/>\n\t<meta property=\"og:image:type\" content=\"image\/jpeg\" \/>\n<meta name=\"twitter:card\" content=\"summary_large_image\" \/>\n<meta name=\"twitter:label1\" content=\"Dur\u00e9e de lecture estim\u00e9e\" \/>\n\t<meta name=\"twitter:data1\" content=\"1 minute\" \/>\n<script type=\"application\/ld+json\" class=\"yoast-schema-graph\">{\"@context\":\"https:\/\/schema.org\",\"@graph\":[{\"@type\":\"WebPage\",\"@id\":\"https:\/\/csp.ch\/neuchatel\/rapport-dactivites\/\",\"url\":\"https:\/\/csp.ch\/neuchatel\/rapport-dactivites\/\",\"name\":\"Rapport d'activit\u00e9 - CSP Neuch\u00e2tel\",\"isPartOf\":{\"@id\":\"https:\/\/csp.ch\/neuchatel\/#website\"},\"primaryImageOfPage\":{\"@id\":\"https:\/\/csp.ch\/neuchatel\/rapport-dactivites\/#primaryimage\"},\"image\":{\"@id\":\"https:\/\/csp.ch\/neuchatel\/rapport-dactivites\/#primaryimage\"},\"thumbnailUrl\":\"https:\/\/csp.ch\/wp-content\/uploads\/sites\/7\/2025\/04\/logo_couleur-e1744644076349.jpg\",\"datePublished\":\"2015-08-27T09:16:49+00:00\",\"dateModified\":\"2026-04-21T08:17:40+00:00\",\"description\":\"Vous trouvez ci-joint le rapport d\u2019activit\u00e9 g\u00e9n\u00e9ral du CSP Neuch\u00e2tel.Ainsi que les rapports d\u2019activit\u00e9s plus d\u00e9taill\u00e9s de certains secteurs.\",\"breadcrumb\":{\"@id\":\"https:\/\/csp.ch\/neuchatel\/rapport-dactivites\/#breadcrumb\"},\"inLanguage\":\"fr-FR\",\"potentialAction\":[{\"@type\":\"ReadAction\",\"target\":[\"https:\/\/csp.ch\/neuchatel\/rapport-dactivites\/\"]}]},{\"@type\":\"ImageObject\",\"inLanguage\":\"fr-FR\",\"@id\":\"https:\/\/csp.ch\/neuchatel\/rapport-dactivites\/#primaryimage\",\"url\":\"https:\/\/csp.ch\/wp-content\/uploads\/sites\/7\/2025\/04\/logo_couleur-e1744644076349.jpg\",\"contentUrl\":\"https:\/\/csp.ch\/wp-content\/uploads\/sites\/7\/2025\/04\/logo_couleur-e1744644076349.jpg\",\"width\":211,\"height\":140},{\"@type\":\"BreadcrumbList\",\"@id\":\"https:\/\/csp.ch\/neuchatel\/rapport-dactivites\/#breadcrumb\",\"itemListElement\":[{\"@type\":\"ListItem\",\"position\":1,\"name\":\"Accueil\",\"item\":\"https:\/\/csp.ch\/neuchatel\/\"},{\"@type\":\"ListItem\",\"position\":2,\"name\":\"Rapport d&rsquo;activit\u00e9\"}]},{\"@type\":\"WebSite\",\"@id\":\"https:\/\/csp.ch\/neuchatel\/#website\",\"url\":\"https:\/\/csp.ch\/neuchatel\/\",\"name\":\"CSP Neuch\u00e2tel\",\"description\":\"\",\"publisher\":{\"@id\":\"https:\/\/csp.ch\/neuchatel\/#organization\"},\"potentialAction\":[{\"@type\":\"SearchAction\",\"target\":{\"@type\":\"EntryPoint\",\"urlTemplate\":\"https:\/\/csp.ch\/neuchatel\/?s={search_term_string}\"},\"query-input\":{\"@type\":\"PropertyValueSpecification\",\"valueRequired\":true,\"valueName\":\"search_term_string\"}}],\"inLanguage\":\"fr-FR\"},{\"@type\":\"Organization\",\"@id\":\"https:\/\/csp.ch\/neuchatel\/#organization\",\"name\":\"CSP Neuch\u00e2tel\",\"url\":\"https:\/\/csp.ch\/neuchatel\/\",\"logo\":{\"@type\":\"ImageObject\",\"inLanguage\":\"fr-FR\",\"@id\":\"https:\/\/csp.ch\/neuchatel\/#\/schema\/logo\/image\/\",\"url\":\"https:\/\/csp.ch\/wp-content\/uploads\/sites\/7\/2020\/02\/LOGO-CSP.jpg\",\"contentUrl\":\"https:\/\/csp.ch\/wp-content\/uploads\/sites\/7\/2020\/02\/LOGO-CSP.jpg\",\"width\":667,\"height\":667,\"caption\":\"CSP Neuch\u00e2tel\"},\"image\":{\"@id\":\"https:\/\/csp.ch\/neuchatel\/#\/schema\/logo\/image\/\"},\"sameAs\":[\"https:\/\/www.facebook.com\/CSPSuisse\/\"]}]}<\/script>\n<!-- \/ Yoast SEO plugin. -->","yoast_head_json":{"title":"Rapport d'activit\u00e9 - CSP Neuch\u00e2tel","description":"Vous trouvez ci-joint le rapport d\u2019activit\u00e9 g\u00e9n\u00e9ral du CSP Neuch\u00e2tel.Ainsi que les rapports d\u2019activit\u00e9s plus d\u00e9taill\u00e9s de certains secteurs.","robots":{"index":"index","follow":"follow","max-snippet":"max-snippet:-1","max-image-preview":"max-image-preview:large","max-video-preview":"max-video-preview:-1"},"canonical":"https:\/\/csp.ch\/neuchatel\/rapport-dactivites\/","og_locale":"fr_FR","og_type":"article","og_title":"Rapport d'activit\u00e9 - CSP Neuch\u00e2tel","og_description":"Vous trouvez ci-joint le rapport d\u2019activit\u00e9 g\u00e9n\u00e9ral du CSP Neuch\u00e2tel.Ainsi que les rapports d\u2019activit\u00e9s plus d\u00e9taill\u00e9s de certains secteurs.","og_url":"https:\/\/csp.ch\/neuchatel\/rapport-dactivites\/","og_site_name":"CSP Neuch\u00e2tel","article_publisher":"https:\/\/www.facebook.com\/CSPSuisse\/","article_modified_time":"2026-04-21T08:17:40+00:00","og_image":[{"width":211,"height":140,"url":"https:\/\/csp.ch\/wp-content\/uploads\/sites\/7\/2025\/04\/logo_couleur-e1744644076349.jpg","type":"image\/jpeg"}],"twitter_card":"summary_large_image","twitter_misc":{"Dur\u00e9e de lecture estim\u00e9e":"1 minute"},"schema":{"@context":"https:\/\/schema.org","@graph":[{"@type":"WebPage","@id":"https:\/\/csp.ch\/neuchatel\/rapport-dactivites\/","url":"https:\/\/csp.ch\/neuchatel\/rapport-dactivites\/","name":"Rapport d'activit\u00e9 - CSP Neuch\u00e2tel","isPartOf":{"@id":"https:\/\/csp.ch\/neuchatel\/#website"},"primaryImageOfPage":{"@id":"https:\/\/csp.ch\/neuchatel\/rapport-dactivites\/#primaryimage"},"image":{"@id":"https:\/\/csp.ch\/neuchatel\/rapport-dactivites\/#primaryimage"},"thumbnailUrl":"https:\/\/csp.ch\/wp-content\/uploads\/sites\/7\/2025\/04\/logo_couleur-e1744644076349.jpg","datePublished":"2015-08-27T09:16:49+00:00","dateModified":"2026-04-21T08:17:40+00:00","description":"Vous trouvez ci-joint le rapport d\u2019activit\u00e9 g\u00e9n\u00e9ral du CSP Neuch\u00e2tel.Ainsi que les rapports d\u2019activit\u00e9s plus d\u00e9taill\u00e9s de certains secteurs.","breadcrumb":{"@id":"https:\/\/csp.ch\/neuchatel\/rapport-dactivites\/#breadcrumb"},"inLanguage":"fr-FR","potentialAction":[{"@type":"ReadAction","target":["https:\/\/csp.ch\/neuchatel\/rapport-dactivites\/"]}]},{"@type":"ImageObject","inLanguage":"fr-FR","@id":"https:\/\/csp.ch\/neuchatel\/rapport-dactivites\/#primaryimage","url":"https:\/\/csp.ch\/wp-content\/uploads\/sites\/7\/2025\/04\/logo_couleur-e1744644076349.jpg","contentUrl":"https:\/\/csp.ch\/wp-content\/uploads\/sites\/7\/2025\/04\/logo_couleur-e1744644076349.jpg","width":211,"height":140},{"@type":"BreadcrumbList","@id":"https:\/\/csp.ch\/neuchatel\/rapport-dactivites\/#breadcrumb","itemListElement":[{"@type":"ListItem","position":1,"name":"Accueil","item":"https:\/\/csp.ch\/neuchatel\/"},{"@type":"ListItem","position":2,"name":"Rapport d&rsquo;activit\u00e9"}]},{"@type":"WebSite","@id":"https:\/\/csp.ch\/neuchatel\/#website","url":"https:\/\/csp.ch\/neuchatel\/","name":"CSP Neuch\u00e2tel","description":"","publisher":{"@id":"https:\/\/csp.ch\/neuchatel\/#organization"},"potentialAction":[{"@type":"SearchAction","target":{"@type":"EntryPoint","urlTemplate":"https:\/\/csp.ch\/neuchatel\/?s={search_term_string}"},"query-input":{"@type":"PropertyValueSpecification","valueRequired":true,"valueName":"search_term_string"}}],"inLanguage":"fr-FR"},{"@type":"Organization","@id":"https:\/\/csp.ch\/neuchatel\/#organization","name":"CSP Neuch\u00e2tel","url":"https:\/\/csp.ch\/neuchatel\/","logo":{"@type":"ImageObject","inLanguage":"fr-FR","@id":"https:\/\/csp.ch\/neuchatel\/#\/schema\/logo\/image\/","url":"https:\/\/csp.ch\/wp-content\/uploads\/sites\/7\/2020\/02\/LOGO-CSP.jpg","contentUrl":"https:\/\/csp.ch\/wp-content\/uploads\/sites\/7\/2020\/02\/LOGO-CSP.jpg","width":667,"height":667,"caption":"CSP Neuch\u00e2tel"},"image":{"@id":"https:\/\/csp.ch\/neuchatel\/#\/schema\/logo\/image\/"},"sameAs":["https:\/\/www.facebook.com\/CSPSuisse\/"]}]}},"_links":{"self":[{"href":"https:\/\/csp.ch\/neuchatel\/wp-json\/wp\/v2\/pages\/167","targetHints":{"allow":["GET"]}}],"collection":[{"href":"https:\/\/csp.ch\/neuchatel\/wp-json\/wp\/v2\/pages"}],"about":[{"href":"https:\/\/csp.ch\/neuchatel\/wp-json\/wp\/v2\/types\/page"}],"author":[{"embeddable":true,"href":"https:\/\/csp.ch\/neuchatel\/wp-json\/wp\/v2\/users\/1"}],"replies":[{"embeddable":true,"href":"https:\/\/csp.ch\/neuchatel\/wp-json\/wp\/v2\/comments?post=167"}],"version-history":[{"count":9,"href":"https:\/\/csp.ch\/neuchatel\/wp-json\/wp\/v2\/pages\/167\/revisions"}],"predecessor-version":[{"id":11797,"href":"https:\/\/csp.ch\/neuchatel\/wp-json\/wp\/v2\/pages\/167\/revisions\/11797"}],"wp:featuredmedia":[{"embeddable":true,"href":"https:\/\/csp.ch\/neuchatel\/wp-json\/wp\/v2\/media\/8054"}],"wp:attachment":[{"href":"https:\/\/csp.ch\/neuchatel\/wp-json\/wp\/v2\/media?parent=167"}],"curies":[{"name":"wp","href":"https:\/\/api.w.org\/{rel}","templated":true}]}}