{"id":148,"date":"2015-08-27T08:37:44","date_gmt":"2015-08-27T07:37:44","guid":{"rendered":"https:\/\/csp.ch\/vd\/?page_id=148"},"modified":"2025-10-17T11:11:16","modified_gmt":"2025-10-17T09:11:16","slug":"ramassage-a-domicile","status":"publish","type":"page","link":"https:\/\/csp.ch\/neuchatel\/ramassage-a-domicile\/","title":{"rendered":"<strong>Ramassage<\/strong> \u00e0 domicile"},"content":{"rendered":"<div class=\"wpb-content-wrapper\"><p>[vc_row][vc_column width=\u00a0\u00bb1\/2&Prime;][vc_single_image image=\u00a0\u00bb9660&Prime; img_size=\u00a0\u00bbfull\u00a0\u00bb css=\u00a0\u00bb\u00a0\u00bb][\/vc_column][vc_column width=\u00a0\u00bb1\/2&Prime;][vc_single_image image=\u00a0\u00bb9662&Prime; img_size=\u00a0\u00bbfull\u00a0\u00bb css=\u00a0\u00bb\u00a0\u00bb][\/vc_column][\/vc_row][vc_row][vc_column width=\u00a0\u00bb1\/2&Prime;][vc_column_text css=\u00a0\u00bb\u00a0\u00bb]<\/p>\n<h3><strong>Service de <span style=\"color: #ff9900\">ramassage<\/span> \u00e0 domicile<\/strong><\/h3>\n<p><strong><span style=\"color: #ff9900\">Gratuit<br \/>\n<\/span><\/strong><span style=\"color: #ff9900\">Valable pour le canton de Neuch\u00e2tel<\/span><strong><span style=\"color: #ff9900\"><br \/>\n<\/span><\/strong><\/p>\n<p><span style=\"color: #808080\"><em>Vous d\u00e9m\u00e9nagez, faites du tri, ou voulez juste donner quelques objets? Offrez-leur une seconde vie!<\/em><\/span><\/p>\n<p>Notre \u00e9quipe passe directement chez vous pour r\u00e9cup\u00e9rer meubles et objets en bon \u00e9tat (livres, v\u00eatements, \u00e9lectrom\u00e9nager, bibelots, etc.) que vous souhaitez donner. Ces derniers sont ensuite <strong>revendus \u00e0 petits prix<\/strong> dans <a href=\"https:\/\/csp.ch\/neuchatel\/nos-boutiques\/\"><strong>nos trois boutiques seconde main<\/strong><\/a> \u00e0 Neuch\u00e2tel, La Jonch\u00e8re et La Chaux-de-Fonds.<\/p>\n<p>En les confiant au CSP Neuch\u00e2tel, vous soutenez celles et ceux qui en ont besoin. Les b\u00e9n\u00e9fices de nos boutiques financent nos <strong>prestations sociales<\/strong>\u00a0et vos dons trouvent une seconde vie \u00e0 l\u2019<strong data-start=\"371\" data-end=\"393\">\u00e9chelle locale<\/strong>, aupr\u00e8s de personnes de la r\u00e9gion.<\/p>\n<p><strong>T\u00e9l\u00e9phone<\/strong><br \/>\n<span style=\"color: #ff9900\"><strong>032 886 91 50<br \/>\n<\/strong><\/span>Du lundi au jeudi<br \/>\n08:00-12:00 et 13:30-17:30<br \/>\nVendredi<br \/>\n08:00-12:00 et 13:30-17:00[\/vc_column_text][\/vc_column][vc_column width=\u00a0\u00bb1\/2&Prime;][vc_column_text css=\u00a0\u00bb\u00a0\u00bb]<\/p>\n<h3><strong>Service de <span style=\"color: #ff9900\">d\u00e9barras<\/span> \u00e0 domicile<\/strong><\/h3>\n<p data-start=\"280\" data-end=\"534\"><span style=\"color: #ff9900\"><strong>Devis sur demande<br \/>\n<\/strong>Valable pour le canton de Neuch\u00e2tel<\/span><\/p>\n<p data-start=\"280\" data-end=\"534\"><span style=\"color: #808080\"><em>Des meubles lourds ou des objets difficiles \u00e0 \u00e9vacuer?<br \/>\nLe CSP Neuch\u00e2tel est l\u00e0 pour vous aider!<\/em><\/span><\/p>\n<p data-start=\"280\" data-end=\"534\">Que vous ayez un seul objet ou plusieurs, notre <strong>service de d\u00e9barras solidaire<\/strong> facilite votre quotidien en r\u00e9cup\u00e9rant vos biens directement chez vous.<\/p>\n<p data-start=\"536\" data-end=\"800\">Notre camion sillonne le canton pour venir en aide \u00e0 celles et ceux qui n\u2019ont pas toujours la possibilit\u00e9 de se d\u00e9placer ou de trouver des solutions pour se d\u00e9barrasser de leurs objets. Si notre \u00e9quipe estime que vos objets sont encore en bon \u00e9tat, ils sont ensuite mis en vente dans nos boutiques locales. Les articles qui ne peuvent pas \u00eatre r\u00e9utilis\u00e9s sont achemin\u00e9s \u00e0 la <strong>d\u00e9chetterie<\/strong>.<\/p>\n<p data-start=\"536\" data-end=\"800\"><strong>T\u00e9l\u00e9phone<\/strong><br \/>\n<span style=\"color: #ff9900\"><strong>032 886 91 50<br \/>\n<\/strong><\/span>Du lundi au jeudi<br \/>\n08:00-12:00 et 13:30-17:30<br \/>\nVendredi<br \/>\n08:00-12:00 et 13:30-17:00<\/p>\n<p>[\/vc_column_text][\/vc_column][\/vc_row][vc_row][vc_column][vc_btn title=\u00a0\u00bbNos boutiques seconde main\u00a0\u00bb size=\u00a0\u00bblg\u00a0\u00bb css=\u00a0\u00bb\u00a0\u00bb link=\u00a0\u00bburl:https%3A%2F%2Fcsp.ch%2Fneuchatel%2Fnos-boutiques%2F|title:Nos%20boutiques%20seconde%20main\u00a0\u00bb][\/vc_column][\/vc_row]<\/p>\n<\/div>","protected":false},"excerpt":{"rendered":"<p>[vc_row][vc_column width=\u00a0\u00bb1\/2&Prime;][vc_single_image image=\u00a0\u00bb9660&Prime; img_size=\u00a0\u00bbfull\u00a0\u00bb css=\u00a0\u00bb\u00a0\u00bb][\/vc_column][vc_column width=\u00a0\u00bb1\/2&Prime;][vc_single_image image=\u00a0\u00bb9662&Prime; img_size=\u00a0\u00bbfull\u00a0\u00bb css=\u00a0\u00bb\u00a0\u00bb][\/vc_column][\/vc_row][vc_row][vc_column width=\u00a0\u00bb1\/2&Prime;][vc_column_text css=\u00a0\u00bb\u00a0\u00bb] Service de ramassage \u00e0 domicile Gratuit Valable pour le canton de Neuch\u00e2tel Vous d\u00e9m\u00e9nagez, faites du tri, ou voulez juste donner quelques objets? Offrez-leur une seconde vie! Notre \u00e9quipe passe directement chez vous pour r\u00e9cup\u00e9rer meubles et objets en bon \u00e9tat (livres, v\u00eatements, \u00e9lectrom\u00e9nager, [&hellip;]<\/p>\n","protected":false},"author":1,"featured_media":0,"parent":0,"menu_order":0,"comment_status":"closed","ping_status":"closed","template":"template-nosidebar.php","meta":{"_acf_changed":false,"footnotes":""},"class_list":["post-148","page","type-page","status-publish","hentry"],"acf":[],"yoast_head":"<!-- This site is optimized with the Yoast SEO plugin v27.1.1 - https:\/\/yoast.com\/product\/yoast-seo-wordpress\/ -->\n<title>Service ramassage \u00e0 domicile \u2013 CSP Neuchatel - www,csp.ch\/neuchatel<\/title>\n<meta name=\"description\" content=\"Le service de ramassage \u00e0 domicile - CSP Neuch\u00e2tel r\u00e9cup\u00e8re les meubles et objets (livres, v\u00eatements, bibelots, etc.) en bon \u00e9tat dont vous faites don.\" \/>\n<meta name=\"robots\" content=\"index, follow, max-snippet:-1, max-image-preview:large, max-video-preview:-1\" \/>\n<link rel=\"canonical\" href=\"https:\/\/csp.ch\/neuchatel\/ramassage-a-domicile\/\" \/>\n<meta property=\"og:locale\" content=\"fr_FR\" \/>\n<meta property=\"og:type\" content=\"article\" \/>\n<meta property=\"og:title\" content=\"Service ramassage \u00e0 domicile \u2013 CSP Neuchatel - www,csp.ch\/neuchatel\" \/>\n<meta property=\"og:description\" content=\"Le service de ramassage \u00e0 domicile - CSP Neuch\u00e2tel r\u00e9cup\u00e8re les meubles et objets (livres, v\u00eatements, bibelots, etc.) en bon \u00e9tat dont vous faites don.\" \/>\n<meta property=\"og:url\" content=\"https:\/\/csp.ch\/neuchatel\/ramassage-a-domicile\/\" \/>\n<meta property=\"og:site_name\" content=\"CSP Neuch\u00e2tel\" \/>\n<meta property=\"article:publisher\" content=\"https:\/\/www.facebook.com\/CSPSuisse\/\" \/>\n<meta property=\"article:modified_time\" content=\"2025-10-17T09:11:16+00:00\" \/>\n<meta name=\"twitter:card\" content=\"summary_large_image\" \/>\n<meta name=\"twitter:label1\" content=\"Dur\u00e9e de lecture estim\u00e9e\" \/>\n\t<meta name=\"twitter:data1\" content=\"2 minutes\" \/>\n<script type=\"application\/ld+json\" class=\"yoast-schema-graph\">{\"@context\":\"https:\/\/schema.org\",\"@graph\":[{\"@type\":\"WebPage\",\"@id\":\"https:\/\/csp.ch\/neuchatel\/ramassage-a-domicile\/\",\"url\":\"https:\/\/csp.ch\/neuchatel\/ramassage-a-domicile\/\",\"name\":\"Service ramassage \u00e0 domicile \u2013 CSP Neuchatel - www,csp.ch\/neuchatel\",\"isPartOf\":{\"@id\":\"https:\/\/csp.ch\/neuchatel\/#website\"},\"datePublished\":\"2015-08-27T07:37:44+00:00\",\"dateModified\":\"2025-10-17T09:11:16+00:00\",\"description\":\"Le service de ramassage \u00e0 domicile - CSP Neuch\u00e2tel r\u00e9cup\u00e8re les meubles et objets (livres, v\u00eatements, bibelots, etc.) en bon \u00e9tat dont vous faites don.\",\"breadcrumb\":{\"@id\":\"https:\/\/csp.ch\/neuchatel\/ramassage-a-domicile\/#breadcrumb\"},\"inLanguage\":\"fr-FR\",\"potentialAction\":[{\"@type\":\"ReadAction\",\"target\":[\"https:\/\/csp.ch\/neuchatel\/ramassage-a-domicile\/\"]}]},{\"@type\":\"BreadcrumbList\",\"@id\":\"https:\/\/csp.ch\/neuchatel\/ramassage-a-domicile\/#breadcrumb\",\"itemListElement\":[{\"@type\":\"ListItem\",\"position\":1,\"name\":\"Accueil\",\"item\":\"https:\/\/csp.ch\/neuchatel\/\"},{\"@type\":\"ListItem\",\"position\":2,\"name\":\"Ramassage \u00e0 domicile\"}]},{\"@type\":\"WebSite\",\"@id\":\"https:\/\/csp.ch\/neuchatel\/#website\",\"url\":\"https:\/\/csp.ch\/neuchatel\/\",\"name\":\"CSP Neuch\u00e2tel\",\"description\":\"\",\"publisher\":{\"@id\":\"https:\/\/csp.ch\/neuchatel\/#organization\"},\"potentialAction\":[{\"@type\":\"SearchAction\",\"target\":{\"@type\":\"EntryPoint\",\"urlTemplate\":\"https:\/\/csp.ch\/neuchatel\/?s={search_term_string}\"},\"query-input\":{\"@type\":\"PropertyValueSpecification\",\"valueRequired\":true,\"valueName\":\"search_term_string\"}}],\"inLanguage\":\"fr-FR\"},{\"@type\":\"Organization\",\"@id\":\"https:\/\/csp.ch\/neuchatel\/#organization\",\"name\":\"CSP Neuch\u00e2tel\",\"url\":\"https:\/\/csp.ch\/neuchatel\/\",\"logo\":{\"@type\":\"ImageObject\",\"inLanguage\":\"fr-FR\",\"@id\":\"https:\/\/csp.ch\/neuchatel\/#\/schema\/logo\/image\/\",\"url\":\"https:\/\/csp.ch\/wp-content\/uploads\/sites\/7\/2020\/02\/LOGO-CSP.jpg\",\"contentUrl\":\"https:\/\/csp.ch\/wp-content\/uploads\/sites\/7\/2020\/02\/LOGO-CSP.jpg\",\"width\":667,\"height\":667,\"caption\":\"CSP Neuch\u00e2tel\"},\"image\":{\"@id\":\"https:\/\/csp.ch\/neuchatel\/#\/schema\/logo\/image\/\"},\"sameAs\":[\"https:\/\/www.facebook.com\/CSPSuisse\/\"]}]}<\/script>\n<!-- \/ Yoast SEO plugin. -->","yoast_head_json":{"title":"Service ramassage \u00e0 domicile \u2013 CSP Neuchatel - www,csp.ch\/neuchatel","description":"Le service de ramassage \u00e0 domicile - CSP Neuch\u00e2tel r\u00e9cup\u00e8re les meubles et objets (livres, v\u00eatements, bibelots, etc.) en bon \u00e9tat dont vous faites don.","robots":{"index":"index","follow":"follow","max-snippet":"max-snippet:-1","max-image-preview":"max-image-preview:large","max-video-preview":"max-video-preview:-1"},"canonical":"https:\/\/csp.ch\/neuchatel\/ramassage-a-domicile\/","og_locale":"fr_FR","og_type":"article","og_title":"Service ramassage \u00e0 domicile \u2013 CSP Neuchatel - www,csp.ch\/neuchatel","og_description":"Le service de ramassage \u00e0 domicile - CSP Neuch\u00e2tel r\u00e9cup\u00e8re les meubles et objets (livres, v\u00eatements, bibelots, etc.) en bon \u00e9tat dont vous faites don.","og_url":"https:\/\/csp.ch\/neuchatel\/ramassage-a-domicile\/","og_site_name":"CSP Neuch\u00e2tel","article_publisher":"https:\/\/www.facebook.com\/CSPSuisse\/","article_modified_time":"2025-10-17T09:11:16+00:00","twitter_card":"summary_large_image","twitter_misc":{"Dur\u00e9e de lecture estim\u00e9e":"2 minutes"},"schema":{"@context":"https:\/\/schema.org","@graph":[{"@type":"WebPage","@id":"https:\/\/csp.ch\/neuchatel\/ramassage-a-domicile\/","url":"https:\/\/csp.ch\/neuchatel\/ramassage-a-domicile\/","name":"Service ramassage \u00e0 domicile \u2013 CSP Neuchatel - www,csp.ch\/neuchatel","isPartOf":{"@id":"https:\/\/csp.ch\/neuchatel\/#website"},"datePublished":"2015-08-27T07:37:44+00:00","dateModified":"2025-10-17T09:11:16+00:00","description":"Le service de ramassage \u00e0 domicile - CSP Neuch\u00e2tel r\u00e9cup\u00e8re les meubles et objets (livres, v\u00eatements, bibelots, etc.) en bon \u00e9tat dont vous faites don.","breadcrumb":{"@id":"https:\/\/csp.ch\/neuchatel\/ramassage-a-domicile\/#breadcrumb"},"inLanguage":"fr-FR","potentialAction":[{"@type":"ReadAction","target":["https:\/\/csp.ch\/neuchatel\/ramassage-a-domicile\/"]}]},{"@type":"BreadcrumbList","@id":"https:\/\/csp.ch\/neuchatel\/ramassage-a-domicile\/#breadcrumb","itemListElement":[{"@type":"ListItem","position":1,"name":"Accueil","item":"https:\/\/csp.ch\/neuchatel\/"},{"@type":"ListItem","position":2,"name":"Ramassage \u00e0 domicile"}]},{"@type":"WebSite","@id":"https:\/\/csp.ch\/neuchatel\/#website","url":"https:\/\/csp.ch\/neuchatel\/","name":"CSP Neuch\u00e2tel","description":"","publisher":{"@id":"https:\/\/csp.ch\/neuchatel\/#organization"},"potentialAction":[{"@type":"SearchAction","target":{"@type":"EntryPoint","urlTemplate":"https:\/\/csp.ch\/neuchatel\/?s={search_term_string}"},"query-input":{"@type":"PropertyValueSpecification","valueRequired":true,"valueName":"search_term_string"}}],"inLanguage":"fr-FR"},{"@type":"Organization","@id":"https:\/\/csp.ch\/neuchatel\/#organization","name":"CSP Neuch\u00e2tel","url":"https:\/\/csp.ch\/neuchatel\/","logo":{"@type":"ImageObject","inLanguage":"fr-FR","@id":"https:\/\/csp.ch\/neuchatel\/#\/schema\/logo\/image\/","url":"https:\/\/csp.ch\/wp-content\/uploads\/sites\/7\/2020\/02\/LOGO-CSP.jpg","contentUrl":"https:\/\/csp.ch\/wp-content\/uploads\/sites\/7\/2020\/02\/LOGO-CSP.jpg","width":667,"height":667,"caption":"CSP Neuch\u00e2tel"},"image":{"@id":"https:\/\/csp.ch\/neuchatel\/#\/schema\/logo\/image\/"},"sameAs":["https:\/\/www.facebook.com\/CSPSuisse\/"]}]}},"_links":{"self":[{"href":"https:\/\/csp.ch\/neuchatel\/wp-json\/wp\/v2\/pages\/148","targetHints":{"allow":["GET"]}}],"collection":[{"href":"https:\/\/csp.ch\/neuchatel\/wp-json\/wp\/v2\/pages"}],"about":[{"href":"https:\/\/csp.ch\/neuchatel\/wp-json\/wp\/v2\/types\/page"}],"author":[{"embeddable":true,"href":"https:\/\/csp.ch\/neuchatel\/wp-json\/wp\/v2\/users\/1"}],"replies":[{"embeddable":true,"href":"https:\/\/csp.ch\/neuchatel\/wp-json\/wp\/v2\/comments?post=148"}],"version-history":[{"count":5,"href":"https:\/\/csp.ch\/neuchatel\/wp-json\/wp\/v2\/pages\/148\/revisions"}],"predecessor-version":[{"id":9691,"href":"https:\/\/csp.ch\/neuchatel\/wp-json\/wp\/v2\/pages\/148\/revisions\/9691"}],"wp:attachment":[{"href":"https:\/\/csp.ch\/neuchatel\/wp-json\/wp\/v2\/media?parent=148"}],"curies":[{"name":"wp","href":"https:\/\/api.w.org\/{rel}","templated":true}]}}