{"id":147,"date":"2015-08-27T08:37:30","date_gmt":"2015-08-27T07:37:30","guid":{"rendered":"https:\/\/csp.ch\/vd\/?page_id=147"},"modified":"2025-10-16T11:33:10","modified_gmt":"2025-10-16T09:33:10","slug":"nos-boutiques","status":"publish","type":"page","link":"https:\/\/csp.ch\/neuchatel\/nos-boutiques\/","title":{"rendered":"<strong>Boutiques<\/strong> seconde main"},"content":{"rendered":"<div class=\"wpb-content-wrapper\"><p>[vc_row][vc_column width=\u00a0\u00bb1\/2&Prime;][vc_single_image image=\u00a0\u00bb9641&Prime; img_size=\u00a0\u00bbfull\u00a0\u00bb css=\u00a0\u00bb\u00a0\u00bb][\/vc_column][vc_column width=\u00a0\u00bb1\/2&Prime;][vc_single_image image=\u00a0\u00bb9638&Prime; img_size=\u00a0\u00bbfull\u00a0\u00bb css=\u00a0\u00bb\u00a0\u00bb][\/vc_column][\/vc_row][vc_row][vc_column width=\u00a0\u00bb1\/2&Prime;][vc_column_text css=\u00a0\u00bb\u00a0\u00bb]<\/p>\n<h3><span style=\"color: #ff9900\"><strong>Donner, transmettre, recycler<\/strong> :<br \/>\nautant de gestes simples qui,<br \/>\nensemble, font toute la diff\u00e9rence!<\/span><\/h3>\n<p>&nbsp;<\/p>\n<p><strong><span style=\"color: #ff9900\">Les boutiques du CSP Neuch\u00e2tel<\/span><\/strong> sont bien plus que de simples magasins. Elles sont le reflet d\u2019une <strong>solidarit\u00e9 locale<\/strong> : des dons g\u00e9n\u00e9reux qui permettent \u00e0 d\u2019autres de s\u2019\u00e9quiper \u00e0 <strong>petits prix<\/strong>, tout en donnant une seconde vie aux objets.<\/p>\n<p><strong>Mobilier, v\u00eatements, livres, \u00e9lectrom\u00e9nager, vaisselle\u2026<\/strong> chaque article vendu soutient les prestations sociales du CSP Neuch\u00e2tel et participe \u00e0 une <strong>\u00e9conomie plus durable et respectueuse de l\u2019environnement<\/strong>.<\/p>\n<p>Nos boutiques ne pourraient exister sans l\u2019\u00e9nergie et la g\u00e9n\u00e9rosit\u00e9 de nos <strong>pr\u00e9cieux.ses b\u00e9n\u00e9voles<\/strong>. Gr\u00e2ce \u00e0 leur temps, leur sourire et leur engagement, nos lieux restent vivants, accueillants et pleins de belles histoires&#8230; un immense merci \u00e0 elles et eux!<\/p>\n<h3><\/h3>\n<p>&nbsp;<\/p>\n<p>Suivez toutes les <strong>offres et nouveaut\u00e9s<\/strong> de nos boutiques sur <a href=\"https:\/\/www.instagram.com\/boutiques_csp_neuchatel\/\">Instagram<\/a> et <a href=\"https:\/\/www.facebook.com\/boutiquescspneuchatel\" target=\"_blank\" rel=\"noopener noreferrer\">Facebook<\/a>\u00a0![\/vc_column_text][vc_btn title=\u00a0\u00bbfaire un don \u00e0 une boutique\u00a0\u00bb size=\u00a0\u00bblg\u00a0\u00bb css=\u00a0\u00bb\u00a0\u00bb link=\u00a0\u00bburl:https%3A%2F%2Fcsp.ch%2Fneuchatel%2Fdon%2Fdons-en-nature%2F\u00a0\u00bb][vc_btn title=\u00a0\u00bbs&rsquo;inscrire comme b\u00e9n\u00e9vole\u00a0\u00bb size=\u00a0\u00bblg\u00a0\u00bb css=\u00a0\u00bb\u00a0\u00bb link=\u00a0\u00bburl:https%3A%2F%2Fcsp.ch%2Fneuchatel%2Fdon%2Fbenevolat%2F\u00a0\u00bb][vc_btn title=\u00a0\u00bbnotre service de ramassage \/ d\u00e9barras\u00a0\u00bb size=\u00a0\u00bblg\u00a0\u00bb css=\u00a0\u00bb\u00a0\u00bb link=\u00a0\u00bburl:https%3A%2F%2Fcsp.ch%2Fneuchatel%2Framassage-a-domicile%2F\u00a0\u00bb][\/vc_column][vc_column width=\u00a0\u00bb1\/2&Prime;][vc_single_image image=\u00a0\u00bb9632&Prime; img_size=\u00a0\u00bbfull\u00a0\u00bb css=\u00a0\u00bb\u00a0\u00bb][vc_single_image image=\u00a0\u00bb9639&Prime; img_size=\u00a0\u00bbfull\u00a0\u00bb css=\u00a0\u00bb\u00a0\u00bb][\/vc_column][\/vc_row][vc_row][vc_column width=\u00a0\u00bb1\/3&Prime;][vc_column_text css=\u00a0\u00bb\u00a0\u00bb]<\/p>\n<h3><strong>Boutique de<br \/>\nNeuch\u00e2tel<\/strong><\/h3>\n<p>Rue des Sablons 48<br \/>\n2000 Neuch\u00e2tel<br \/>\n<a href=\"https:\/\/maps.app.goo.gl\/XeeH6XWqQ2Nxnarv9\"><span style=\"color: #ff9900\">Voir sur Google Maps<\/span><\/a><\/p>\n<p><strong>T\u00e9l\u00e9phone<\/strong><br \/>\n032 886 91 51<\/p>\n<p><span style=\"color: #ff9900\"><strong><a style=\"color: #ff9900\" href=\"&#109;a&#x69;l&#x74;o&#x3a;c&#x73;p&#x2e;n&#x65;&#117;&#x63;&#104;&#x61;&#116;&#x65;&#108;&#x40;&#110;&#x65;&#46;&#x63;&#104;\">Contact par e-mail<\/a><\/strong><\/span><\/p>\n<p><strong>Horaires de la boutique<\/strong><br \/>\nDu lundi au vendredi<br \/>\n14:00-18:30<br \/>\nSamedi ferm\u00e9[\/vc_column_text][\/vc_column][vc_column width=\u00a0\u00bb1\/3&Prime;][vc_column_text css=\u00a0\u00bb\u00a0\u00bb]<\/p>\n<h3><strong>Boutique de<br \/>\nLa Chaux-de-Fonds<\/strong><\/h3>\n<p>Rue du Puits 1<br \/>\n2300 La Chaux-de-Fonds<br \/>\n<a href=\"https:\/\/maps.app.goo.gl\/LvKQqdME8qurtSncA\"><span style=\"color: #ff9900\">Voir sur Google Maps<\/span><\/a><\/p>\n<p><strong>T\u00e9l\u00e9phone<\/strong><br \/>\n032 886 91 52<\/p>\n<p><span style=\"color: #ff9900\"><strong><a style=\"color: #ff9900\" href=\"&#109;&#x61;&#105;&#x6c;&#116;&#x6f;:&#x63;s&#x70;&#46;&#110;&#x65;&#117;&#x63;&#104;&#x61;&#116;&#x65;l&#x40;n&#x65;&#46;&#99;&#x68;\">Contact par e-mail<\/a><\/strong><\/span><\/p>\n<p><strong>Horaires de la boutique<\/strong><br \/>\nDu lundi au vendredi<br \/>\n14:00-18:30<br \/>\nSamedi ferm\u00e9[\/vc_column_text][\/vc_column][vc_column width=\u00a0\u00bb1\/3&Prime;][vc_column_text css=\u00a0\u00bb\u00a0\u00bb]<\/p>\n<h3><strong>Boutique de<br \/>\nLa Jonch\u00e8re<\/strong><\/h3>\n<p>La Jonch\u00e8re 40<br \/>\n2043 Boudevilliers<br \/>\n<a href=\"https:\/\/maps.app.goo.gl\/WgmaynEgn1nB5Ark9\"><span style=\"color: #ff9900\">Voir sur Google Maps<\/span><\/a><\/p>\n<p><strong>T\u00e9l\u00e9phone<\/strong><br \/>\n032 886 91 53<\/p>\n<p><span style=\"color: #ff9900\"><strong><a style=\"color: #ff9900\" href=\"&#x6d;&#x61;&#x69;&#108;&#116;o:&#x63;&#x73;&#x70;&#46;&#110;eu&#x63;&#x68;&#x61;&#116;&#101;l&#64;&#x6e;&#x65;&#x2e;&#99;&#104;\">Contact par e-mail<\/a><\/strong><\/span><\/p>\n<p><strong>Horaires de la boutique<\/strong><br \/>\nLundi et mardi ferm\u00e9<br \/>\nMercredi-vendredi<br \/>\n13:30-17:30<br \/>\nSamedi<br \/>\n09:00-16:00[\/vc_column_text][\/vc_column][\/vc_row]<\/p>\n<\/div>","protected":false},"excerpt":{"rendered":"<p>[vc_row][vc_column width=\u00a0\u00bb1\/2&Prime;][vc_single_image image=\u00a0\u00bb9641&Prime; img_size=\u00a0\u00bbfull\u00a0\u00bb css=\u00a0\u00bb\u00a0\u00bb][\/vc_column][vc_column width=\u00a0\u00bb1\/2&Prime;][vc_single_image image=\u00a0\u00bb9638&Prime; img_size=\u00a0\u00bbfull\u00a0\u00bb css=\u00a0\u00bb\u00a0\u00bb][\/vc_column][\/vc_row][vc_row][vc_column width=\u00a0\u00bb1\/2&Prime;][vc_column_text css=\u00a0\u00bb\u00a0\u00bb] Donner, transmettre, recycler : autant de gestes simples qui, ensemble, font toute la diff\u00e9rence! &nbsp; Les boutiques du CSP Neuch\u00e2tel sont bien plus que de simples magasins. Elles sont le reflet d\u2019une solidarit\u00e9 locale : des dons g\u00e9n\u00e9reux qui permettent \u00e0 d\u2019autres de s\u2019\u00e9quiper [&hellip;]<\/p>\n","protected":false},"author":1,"featured_media":0,"parent":0,"menu_order":0,"comment_status":"closed","ping_status":"closed","template":"template-nosidebar.php","meta":{"_acf_changed":false,"footnotes":""},"class_list":["post-147","page","type-page","status-publish","hentry"],"acf":[],"yoast_head":"<!-- This site is optimized with the Yoast SEO plugin v27.1.1 - https:\/\/yoast.com\/product\/yoast-seo-wordpress\/ -->\n<title>Boutiques seconde main - CSP Neuch\u00e2tel<\/title>\n<meta name=\"description\" content=\"Mobilier, v\u00eatements, livres, \u00e9lectrom\u00e9nager, vaisselle\u2026 chaque article vendu soutient les prestations sociales du CSP Neuch\u00e2tel.\" \/>\n<meta name=\"robots\" content=\"index, follow, max-snippet:-1, max-image-preview:large, max-video-preview:-1\" \/>\n<link rel=\"canonical\" href=\"https:\/\/csp.ch\/neuchatel\/nos-boutiques\/\" \/>\n<meta property=\"og:locale\" content=\"fr_FR\" \/>\n<meta property=\"og:type\" content=\"article\" \/>\n<meta property=\"og:title\" content=\"Boutiques seconde main - CSP Neuch\u00e2tel\" \/>\n<meta property=\"og:description\" content=\"Mobilier, v\u00eatements, livres, \u00e9lectrom\u00e9nager, vaisselle\u2026 chaque article vendu soutient les prestations sociales du CSP Neuch\u00e2tel.\" \/>\n<meta property=\"og:url\" content=\"https:\/\/csp.ch\/neuchatel\/nos-boutiques\/\" \/>\n<meta property=\"og:site_name\" content=\"CSP Neuch\u00e2tel\" \/>\n<meta property=\"article:publisher\" content=\"https:\/\/www.facebook.com\/CSPSuisse\/\" \/>\n<meta property=\"article:modified_time\" content=\"2025-10-16T09:33:10+00:00\" \/>\n<meta name=\"twitter:card\" content=\"summary_large_image\" \/>\n<meta name=\"twitter:label1\" content=\"Dur\u00e9e de lecture estim\u00e9e\" \/>\n\t<meta name=\"twitter:data1\" content=\"3 minutes\" \/>\n<script type=\"application\/ld+json\" class=\"yoast-schema-graph\">{\"@context\":\"https:\/\/schema.org\",\"@graph\":[{\"@type\":\"WebPage\",\"@id\":\"https:\/\/csp.ch\/neuchatel\/nos-boutiques\/\",\"url\":\"https:\/\/csp.ch\/neuchatel\/nos-boutiques\/\",\"name\":\"Boutiques seconde main - CSP Neuch\u00e2tel\",\"isPartOf\":{\"@id\":\"https:\/\/csp.ch\/neuchatel\/#website\"},\"datePublished\":\"2015-08-27T07:37:30+00:00\",\"dateModified\":\"2025-10-16T09:33:10+00:00\",\"description\":\"Mobilier, v\u00eatements, livres, \u00e9lectrom\u00e9nager, vaisselle\u2026 chaque article vendu soutient les prestations sociales du CSP Neuch\u00e2tel.\",\"breadcrumb\":{\"@id\":\"https:\/\/csp.ch\/neuchatel\/nos-boutiques\/#breadcrumb\"},\"inLanguage\":\"fr-FR\",\"potentialAction\":[{\"@type\":\"ReadAction\",\"target\":[\"https:\/\/csp.ch\/neuchatel\/nos-boutiques\/\"]}]},{\"@type\":\"BreadcrumbList\",\"@id\":\"https:\/\/csp.ch\/neuchatel\/nos-boutiques\/#breadcrumb\",\"itemListElement\":[{\"@type\":\"ListItem\",\"position\":1,\"name\":\"Accueil\",\"item\":\"https:\/\/csp.ch\/neuchatel\/\"},{\"@type\":\"ListItem\",\"position\":2,\"name\":\"Boutiques seconde main\"}]},{\"@type\":\"WebSite\",\"@id\":\"https:\/\/csp.ch\/neuchatel\/#website\",\"url\":\"https:\/\/csp.ch\/neuchatel\/\",\"name\":\"CSP Neuch\u00e2tel\",\"description\":\"\",\"publisher\":{\"@id\":\"https:\/\/csp.ch\/neuchatel\/#organization\"},\"potentialAction\":[{\"@type\":\"SearchAction\",\"target\":{\"@type\":\"EntryPoint\",\"urlTemplate\":\"https:\/\/csp.ch\/neuchatel\/?s={search_term_string}\"},\"query-input\":{\"@type\":\"PropertyValueSpecification\",\"valueRequired\":true,\"valueName\":\"search_term_string\"}}],\"inLanguage\":\"fr-FR\"},{\"@type\":\"Organization\",\"@id\":\"https:\/\/csp.ch\/neuchatel\/#organization\",\"name\":\"CSP Neuch\u00e2tel\",\"url\":\"https:\/\/csp.ch\/neuchatel\/\",\"logo\":{\"@type\":\"ImageObject\",\"inLanguage\":\"fr-FR\",\"@id\":\"https:\/\/csp.ch\/neuchatel\/#\/schema\/logo\/image\/\",\"url\":\"https:\/\/csp.ch\/wp-content\/uploads\/sites\/7\/2020\/02\/LOGO-CSP.jpg\",\"contentUrl\":\"https:\/\/csp.ch\/wp-content\/uploads\/sites\/7\/2020\/02\/LOGO-CSP.jpg\",\"width\":667,\"height\":667,\"caption\":\"CSP Neuch\u00e2tel\"},\"image\":{\"@id\":\"https:\/\/csp.ch\/neuchatel\/#\/schema\/logo\/image\/\"},\"sameAs\":[\"https:\/\/www.facebook.com\/CSPSuisse\/\"]}]}<\/script>\n<!-- \/ Yoast SEO plugin. -->","yoast_head_json":{"title":"Boutiques seconde main - CSP Neuch\u00e2tel","description":"Mobilier, v\u00eatements, livres, \u00e9lectrom\u00e9nager, vaisselle\u2026 chaque article vendu soutient les prestations sociales du CSP Neuch\u00e2tel.","robots":{"index":"index","follow":"follow","max-snippet":"max-snippet:-1","max-image-preview":"max-image-preview:large","max-video-preview":"max-video-preview:-1"},"canonical":"https:\/\/csp.ch\/neuchatel\/nos-boutiques\/","og_locale":"fr_FR","og_type":"article","og_title":"Boutiques seconde main - CSP Neuch\u00e2tel","og_description":"Mobilier, v\u00eatements, livres, \u00e9lectrom\u00e9nager, vaisselle\u2026 chaque article vendu soutient les prestations sociales du CSP Neuch\u00e2tel.","og_url":"https:\/\/csp.ch\/neuchatel\/nos-boutiques\/","og_site_name":"CSP Neuch\u00e2tel","article_publisher":"https:\/\/www.facebook.com\/CSPSuisse\/","article_modified_time":"2025-10-16T09:33:10+00:00","twitter_card":"summary_large_image","twitter_misc":{"Dur\u00e9e de lecture estim\u00e9e":"3 minutes"},"schema":{"@context":"https:\/\/schema.org","@graph":[{"@type":"WebPage","@id":"https:\/\/csp.ch\/neuchatel\/nos-boutiques\/","url":"https:\/\/csp.ch\/neuchatel\/nos-boutiques\/","name":"Boutiques seconde main - CSP Neuch\u00e2tel","isPartOf":{"@id":"https:\/\/csp.ch\/neuchatel\/#website"},"datePublished":"2015-08-27T07:37:30+00:00","dateModified":"2025-10-16T09:33:10+00:00","description":"Mobilier, v\u00eatements, livres, \u00e9lectrom\u00e9nager, vaisselle\u2026 chaque article vendu soutient les prestations sociales du CSP Neuch\u00e2tel.","breadcrumb":{"@id":"https:\/\/csp.ch\/neuchatel\/nos-boutiques\/#breadcrumb"},"inLanguage":"fr-FR","potentialAction":[{"@type":"ReadAction","target":["https:\/\/csp.ch\/neuchatel\/nos-boutiques\/"]}]},{"@type":"BreadcrumbList","@id":"https:\/\/csp.ch\/neuchatel\/nos-boutiques\/#breadcrumb","itemListElement":[{"@type":"ListItem","position":1,"name":"Accueil","item":"https:\/\/csp.ch\/neuchatel\/"},{"@type":"ListItem","position":2,"name":"Boutiques seconde main"}]},{"@type":"WebSite","@id":"https:\/\/csp.ch\/neuchatel\/#website","url":"https:\/\/csp.ch\/neuchatel\/","name":"CSP Neuch\u00e2tel","description":"","publisher":{"@id":"https:\/\/csp.ch\/neuchatel\/#organization"},"potentialAction":[{"@type":"SearchAction","target":{"@type":"EntryPoint","urlTemplate":"https:\/\/csp.ch\/neuchatel\/?s={search_term_string}"},"query-input":{"@type":"PropertyValueSpecification","valueRequired":true,"valueName":"search_term_string"}}],"inLanguage":"fr-FR"},{"@type":"Organization","@id":"https:\/\/csp.ch\/neuchatel\/#organization","name":"CSP Neuch\u00e2tel","url":"https:\/\/csp.ch\/neuchatel\/","logo":{"@type":"ImageObject","inLanguage":"fr-FR","@id":"https:\/\/csp.ch\/neuchatel\/#\/schema\/logo\/image\/","url":"https:\/\/csp.ch\/wp-content\/uploads\/sites\/7\/2020\/02\/LOGO-CSP.jpg","contentUrl":"https:\/\/csp.ch\/wp-content\/uploads\/sites\/7\/2020\/02\/LOGO-CSP.jpg","width":667,"height":667,"caption":"CSP Neuch\u00e2tel"},"image":{"@id":"https:\/\/csp.ch\/neuchatel\/#\/schema\/logo\/image\/"},"sameAs":["https:\/\/www.facebook.com\/CSPSuisse\/"]}]}},"_links":{"self":[{"href":"https:\/\/csp.ch\/neuchatel\/wp-json\/wp\/v2\/pages\/147","targetHints":{"allow":["GET"]}}],"collection":[{"href":"https:\/\/csp.ch\/neuchatel\/wp-json\/wp\/v2\/pages"}],"about":[{"href":"https:\/\/csp.ch\/neuchatel\/wp-json\/wp\/v2\/types\/page"}],"author":[{"embeddable":true,"href":"https:\/\/csp.ch\/neuchatel\/wp-json\/wp\/v2\/users\/1"}],"replies":[{"embeddable":true,"href":"https:\/\/csp.ch\/neuchatel\/wp-json\/wp\/v2\/comments?post=147"}],"version-history":[{"count":5,"href":"https:\/\/csp.ch\/neuchatel\/wp-json\/wp\/v2\/pages\/147\/revisions"}],"predecessor-version":[{"id":9655,"href":"https:\/\/csp.ch\/neuchatel\/wp-json\/wp\/v2\/pages\/147\/revisions\/9655"}],"wp:attachment":[{"href":"https:\/\/csp.ch\/neuchatel\/wp-json\/wp\/v2\/media?parent=147"}],"curies":[{"name":"wp","href":"https:\/\/api.w.org\/{rel}","templated":true}]}}