{"id":27027,"date":"2025-09-29T12:05:18","date_gmt":"2025-09-29T10:05:18","guid":{"rendered":"https:\/\/csp.ch\/geneve\/?post_type=product&#038;p=27027"},"modified":"2026-04-13T10:22:46","modified_gmt":"2026-04-13T08:22:46","slug":"salle-forum-i","status":"publish","type":"product","link":"https:\/\/csp.ch\/geneve\/location-de-salles\/salle-forum-i\/","title":{"rendered":"Salle forum I"},"content":{"rendered":"<p>Une salle de re\u0301union e\u0301quipe\u0301e pour vos confe\u0301rences, re\u0301unions ou autres activite\u0301s. 170m2, jusqu\u2019a\u0300 100 personnes.<\/p>\n<p><span style=\"color: #f4960f;\"><strong>\u00c9quipements<\/strong><\/span><\/p>\n<ul>\n<li>WiFi gratuit<\/li>\n<li>E\u0301quipement sono \u2013 micro \u2013 vide\u0301oprojecteur<\/li>\n<li>Chaises et tables de confe\u0301rence<\/li>\n<li>Espace accueil et vestiaire<\/li>\n<li>Acce\u0300s aux personnes a\u0300 mobilite\u0301 re\u0301duite<\/li>\n<li>Acc\u00e8s v\u00e9hicule pour livraison<\/li>\n<li>Paroi amovible pour s\u00e9parer la salle en deux espaces<\/li>\n<li>Possibilit\u00e9 de restauration \u00e0 proximit\u00e9<\/li>\n<\/ul>\n<p><span style=\"color: #f4960f;\"><strong>Organisation<\/strong><\/span><\/p>\n<p><strong>Merci de prendre en compte la mise en place et le rangement de la salle dans votre r\u00e9servation.<\/strong><\/p>\n<p><span style=\"color: #f4960f;\"><strong data-start=\"955\" data-end=\"981\">Conditions de location<\/strong><\/span><br \/>\nLa location est soumise \u00e0 la transmission pr\u00e9alable d\u2019une attestation de responsabilit\u00e9 civile (RC).<br \/>\nEn r\u00e9servant cette salle, vous acceptez les <a href=\"https:\/\/csp.ch\/wp-content\/uploads\/sites\/5\/2025\/10\/Forum_Conditions-reservations-et-locations.pdf\"><strong data-start=\"1129\" data-end=\"1165\">conditions g\u00e9n\u00e9rales de location<\/strong><\/a>.<\/p>\n<p>14, rue du Village-Suisse <a href=\"https:\/\/maps.google.com\/maps?q=14,+rue+du+Village-Suisse,+1205+Gene%CC%80ve&amp;hl=fr&amp;ie=UTF8&amp;sll=37.0625,-95.677068&amp;sspn=43.037246,62.138672&amp;t=h&amp;hnear=Rue+du+Village-Suisse+14,+Jonction,+1205+Gen%C3%A8ve,+Suisse&amp;z=16\" target=\"_blank\" rel=\"noopener\">Voir sur Googlemap<\/a><br \/>\n1205 Gene\u0300ve (Quartier Jonction)<\/p>\n","protected":false},"excerpt":{"rendered":"<p>Une salle de re\u0301union e\u0301quipe\u0301e pour vos confe\u0301rences, re\u0301unions ou autres activite\u0301s. 170m2, jusqu\u2019a\u0300 100 personnes. \u00c9quipements WiFi gratuit E\u0301quipement sono \u2013 micro \u2013 vide\u0301oprojecteur Chaises et tables de confe\u0301rence Espace accueil et vestiaire Acce\u0300s aux personnes a\u0300 mobilite\u0301 re\u0301duite Acc\u00e8s v\u00e9hicule pour livraison Paroi amovible pour s\u00e9parer la salle en deux espaces Possibilit\u00e9 de [&hellip;]<\/p>\n","protected":false},"featured_media":2616,"template":"","meta":{"_acf_changed":false},"product_brand":[],"product_cat":[68],"product_tag":[],"class_list":{"0":"post-27027","1":"product","2":"type-product","3":"status-publish","4":"has-post-thumbnail","6":"product_cat-location-de-salle","8":"first","9":"instock","10":"sold-individually","11":"shipping-taxable","12":"purchasable","13":"product-type-booking"},"booking_location":"","booking_location_type":"","booking_duration":1,"booking_duration_unit":"hour","booking_buffer":0,"booking_cost":0,"booking_resources":[],"acf":[],"yoast_head":"<!-- This site is optimized with the Yoast SEO plugin v27.1.1 - https:\/\/yoast.com\/product\/yoast-seo-wordpress\/ -->\n<title>Salle forum I - CSP Gen\u00e8ve<\/title>\n<meta name=\"description\" content=\"Une salle de re\u0301union e\u0301quipe\u0301e pour vos confe\u0301rences, re\u0301unions ou autres activite\u0301s. 170m2, jusqu\u2019a\u0300 100 personnes.\" \/>\n<meta name=\"robots\" content=\"index, follow, max-snippet:-1, max-image-preview:large, max-video-preview:-1\" \/>\n<link rel=\"canonical\" href=\"https:\/\/csp.ch\/geneve\/location-de-salles\/salle-forum-i\/\" \/>\n<meta property=\"og:locale\" content=\"fr_FR\" \/>\n<meta property=\"og:type\" content=\"article\" \/>\n<meta property=\"og:title\" content=\"Salle forum I - CSP Gen\u00e8ve\" \/>\n<meta property=\"og:description\" content=\"Une salle de re\u0301union e\u0301quipe\u0301e pour vos confe\u0301rences, re\u0301unions ou autres activite\u0301s. 170m2, jusqu\u2019a\u0300 100 personnes.\" \/>\n<meta property=\"og:url\" content=\"https:\/\/csp.ch\/geneve\/location-de-salles\/salle-forum-i\/\" \/>\n<meta property=\"og:site_name\" content=\"CSP Gen\u00e8ve\" \/>\n<meta property=\"article:modified_time\" content=\"2026-04-13T08:22:46+00:00\" \/>\n<meta property=\"og:image\" content=\"https:\/\/csp.ch\/wp-content\/uploads\/sites\/5\/2018\/06\/20151208\u00a9CSP-GE_RebeccaBowring_G7A6236web.jpg\" \/>\n\t<meta property=\"og:image:width\" content=\"2000\" \/>\n\t<meta property=\"og:image:height\" content=\"1333\" \/>\n\t<meta property=\"og:image:type\" content=\"image\/jpeg\" \/>\n<meta name=\"twitter:card\" content=\"summary_large_image\" \/>\n<meta name=\"twitter:label1\" content=\"Dur\u00e9e de lecture estim\u00e9e\" \/>\n\t<meta name=\"twitter:data1\" content=\"1 minute\" \/>\n<script type=\"application\/ld+json\" class=\"yoast-schema-graph\">{\"@context\":\"https:\/\/schema.org\",\"@graph\":[{\"@type\":\"WebPage\",\"@id\":\"https:\/\/csp.ch\/geneve\/location-de-salles\/salle-forum-i\/\",\"url\":\"https:\/\/csp.ch\/geneve\/location-de-salles\/salle-forum-i\/\",\"name\":\"Salle forum I - CSP Gen\u00e8ve\",\"isPartOf\":{\"@id\":\"https:\/\/csp.ch\/geneve\/#website\"},\"primaryImageOfPage\":{\"@id\":\"https:\/\/csp.ch\/geneve\/location-de-salles\/salle-forum-i\/#primaryimage\"},\"image\":{\"@id\":\"https:\/\/csp.ch\/geneve\/location-de-salles\/salle-forum-i\/#primaryimage\"},\"thumbnailUrl\":\"https:\/\/csp.ch\/wp-content\/uploads\/sites\/5\/2018\/06\/20151208\u00a9CSP-GE_RebeccaBowring_G7A6236web.jpg\",\"datePublished\":\"2025-09-29T10:05:18+00:00\",\"dateModified\":\"2026-04-13T08:22:46+00:00\",\"description\":\"Une salle de re\u0301union e\u0301quipe\u0301e pour vos confe\u0301rences, re\u0301unions ou autres activite\u0301s. 170m2, jusqu\u2019a\u0300 100 personnes.\",\"breadcrumb\":{\"@id\":\"https:\/\/csp.ch\/geneve\/location-de-salles\/salle-forum-i\/#breadcrumb\"},\"inLanguage\":\"fr-FR\",\"potentialAction\":[{\"@type\":\"ReadAction\",\"target\":[\"https:\/\/csp.ch\/geneve\/location-de-salles\/salle-forum-i\/\"]}]},{\"@type\":\"ImageObject\",\"inLanguage\":\"fr-FR\",\"@id\":\"https:\/\/csp.ch\/geneve\/location-de-salles\/salle-forum-i\/#primaryimage\",\"url\":\"https:\/\/csp.ch\/wp-content\/uploads\/sites\/5\/2018\/06\/20151208\u00a9CSP-GE_RebeccaBowring_G7A6236web.jpg\",\"contentUrl\":\"https:\/\/csp.ch\/wp-content\/uploads\/sites\/5\/2018\/06\/20151208\u00a9CSP-GE_RebeccaBowring_G7A6236web.jpg\",\"width\":2000,\"height\":1333},{\"@type\":\"BreadcrumbList\",\"@id\":\"https:\/\/csp.ch\/geneve\/location-de-salles\/salle-forum-i\/#breadcrumb\",\"itemListElement\":[{\"@type\":\"ListItem\",\"position\":1,\"name\":\"Accueil\",\"item\":\"https:\/\/csp.ch\/geneve\/\"},{\"@type\":\"ListItem\",\"position\":2,\"name\":\"Produits\",\"item\":\"https:\/\/csp.ch\/geneve\/shop\/\"},{\"@type\":\"ListItem\",\"position\":3,\"name\":\"Salle forum I\"}]},{\"@type\":\"WebSite\",\"@id\":\"https:\/\/csp.ch\/geneve\/#website\",\"url\":\"https:\/\/csp.ch\/geneve\/\",\"name\":\"CSP Gen\u00e8ve\",\"description\":\"\",\"potentialAction\":[{\"@type\":\"SearchAction\",\"target\":{\"@type\":\"EntryPoint\",\"urlTemplate\":\"https:\/\/csp.ch\/geneve\/?s={search_term_string}\"},\"query-input\":{\"@type\":\"PropertyValueSpecification\",\"valueRequired\":true,\"valueName\":\"search_term_string\"}}],\"inLanguage\":\"fr-FR\"}]}<\/script>\n<!-- \/ Yoast SEO plugin. -->","yoast_head_json":{"title":"Salle forum I - CSP Gen\u00e8ve","description":"Une salle de re\u0301union e\u0301quipe\u0301e pour vos confe\u0301rences, re\u0301unions ou autres activite\u0301s. 170m2, jusqu\u2019a\u0300 100 personnes.","robots":{"index":"index","follow":"follow","max-snippet":"max-snippet:-1","max-image-preview":"max-image-preview:large","max-video-preview":"max-video-preview:-1"},"canonical":"https:\/\/csp.ch\/geneve\/location-de-salles\/salle-forum-i\/","og_locale":"fr_FR","og_type":"article","og_title":"Salle forum I - CSP Gen\u00e8ve","og_description":"Une salle de re\u0301union e\u0301quipe\u0301e pour vos confe\u0301rences, re\u0301unions ou autres activite\u0301s. 170m2, jusqu\u2019a\u0300 100 personnes.","og_url":"https:\/\/csp.ch\/geneve\/location-de-salles\/salle-forum-i\/","og_site_name":"CSP Gen\u00e8ve","article_modified_time":"2026-04-13T08:22:46+00:00","og_image":[{"width":2000,"height":1333,"url":"https:\/\/csp.ch\/wp-content\/uploads\/sites\/5\/2018\/06\/20151208\u00a9CSP-GE_RebeccaBowring_G7A6236web.jpg","type":"image\/jpeg"}],"twitter_card":"summary_large_image","twitter_misc":{"Dur\u00e9e de lecture estim\u00e9e":"1 minute"},"schema":{"@context":"https:\/\/schema.org","@graph":[{"@type":"WebPage","@id":"https:\/\/csp.ch\/geneve\/location-de-salles\/salle-forum-i\/","url":"https:\/\/csp.ch\/geneve\/location-de-salles\/salle-forum-i\/","name":"Salle forum I - CSP Gen\u00e8ve","isPartOf":{"@id":"https:\/\/csp.ch\/geneve\/#website"},"primaryImageOfPage":{"@id":"https:\/\/csp.ch\/geneve\/location-de-salles\/salle-forum-i\/#primaryimage"},"image":{"@id":"https:\/\/csp.ch\/geneve\/location-de-salles\/salle-forum-i\/#primaryimage"},"thumbnailUrl":"https:\/\/csp.ch\/wp-content\/uploads\/sites\/5\/2018\/06\/20151208\u00a9CSP-GE_RebeccaBowring_G7A6236web.jpg","datePublished":"2025-09-29T10:05:18+00:00","dateModified":"2026-04-13T08:22:46+00:00","description":"Une salle de re\u0301union e\u0301quipe\u0301e pour vos confe\u0301rences, re\u0301unions ou autres activite\u0301s. 170m2, jusqu\u2019a\u0300 100 personnes.","breadcrumb":{"@id":"https:\/\/csp.ch\/geneve\/location-de-salles\/salle-forum-i\/#breadcrumb"},"inLanguage":"fr-FR","potentialAction":[{"@type":"ReadAction","target":["https:\/\/csp.ch\/geneve\/location-de-salles\/salle-forum-i\/"]}]},{"@type":"ImageObject","inLanguage":"fr-FR","@id":"https:\/\/csp.ch\/geneve\/location-de-salles\/salle-forum-i\/#primaryimage","url":"https:\/\/csp.ch\/wp-content\/uploads\/sites\/5\/2018\/06\/20151208\u00a9CSP-GE_RebeccaBowring_G7A6236web.jpg","contentUrl":"https:\/\/csp.ch\/wp-content\/uploads\/sites\/5\/2018\/06\/20151208\u00a9CSP-GE_RebeccaBowring_G7A6236web.jpg","width":2000,"height":1333},{"@type":"BreadcrumbList","@id":"https:\/\/csp.ch\/geneve\/location-de-salles\/salle-forum-i\/#breadcrumb","itemListElement":[{"@type":"ListItem","position":1,"name":"Accueil","item":"https:\/\/csp.ch\/geneve\/"},{"@type":"ListItem","position":2,"name":"Produits","item":"https:\/\/csp.ch\/geneve\/shop\/"},{"@type":"ListItem","position":3,"name":"Salle forum I"}]},{"@type":"WebSite","@id":"https:\/\/csp.ch\/geneve\/#website","url":"https:\/\/csp.ch\/geneve\/","name":"CSP Gen\u00e8ve","description":"","potentialAction":[{"@type":"SearchAction","target":{"@type":"EntryPoint","urlTemplate":"https:\/\/csp.ch\/geneve\/?s={search_term_string}"},"query-input":{"@type":"PropertyValueSpecification","valueRequired":true,"valueName":"search_term_string"}}],"inLanguage":"fr-FR"}]}},"_links":{"self":[{"href":"https:\/\/csp.ch\/geneve\/wp-json\/wp\/v2\/product\/27027","targetHints":{"allow":["GET"]}}],"collection":[{"href":"https:\/\/csp.ch\/geneve\/wp-json\/wp\/v2\/product"}],"about":[{"href":"https:\/\/csp.ch\/geneve\/wp-json\/wp\/v2\/types\/product"}],"wp:featuredmedia":[{"embeddable":true,"href":"https:\/\/csp.ch\/geneve\/wp-json\/wp\/v2\/media\/2616"}],"wp:attachment":[{"href":"https:\/\/csp.ch\/geneve\/wp-json\/wp\/v2\/media?parent=27027"}],"wp:term":[{"taxonomy":"product_brand","embeddable":true,"href":"https:\/\/csp.ch\/geneve\/wp-json\/wp\/v2\/product_brand?post=27027"},{"taxonomy":"product_cat","embeddable":true,"href":"https:\/\/csp.ch\/geneve\/wp-json\/wp\/v2\/product_cat?post=27027"},{"taxonomy":"product_tag","embeddable":true,"href":"https:\/\/csp.ch\/geneve\/wp-json\/wp\/v2\/product_tag?post=27027"}],"curies":[{"name":"wp","href":"https:\/\/api.w.org\/{rel}","templated":true}]}}