{"id":671,"date":"2015-11-02T14:43:34","date_gmt":"2015-11-02T13:43:34","guid":{"rendered":"https:\/\/csp.ch\/ge\/?page_id=671"},"modified":"2024-06-26T12:20:47","modified_gmt":"2024-06-26T10:20:47","slug":"reinsertion","status":"publish","type":"page","link":"https:\/\/csp.ch\/geneve\/services-aide\/reinsertion\/","title":{"rendered":"Insertion <strong>socio-professionnelle<\/strong>"},"content":{"rendered":"<div class=\"wpb-content-wrapper\"><p>[vc_row][vc_column][vc_column_text]<\/p>\n<blockquote>\n<p style=\"text-align: center\">Le service de l&rsquo;insertion socioprofessionnelle vise \u00e0 d\u00e9velopper les opportunit\u00e9s d\u2019emploi!<\/p>\n<\/blockquote>\n<p>[\/vc_column_text][vc_column_text]<strong><span class=\"has-inline-color has-text-orange-color\"><span style=\"color: #ff6600\">L\u2019accompagnement des personnes en difficult\u00e9 sociale et professionnelle vers un emploi durable a toujours \u00e9t\u00e9 un engagement prioritaire pour le CSP.<\/span>\u00a0<\/span><\/strong><span class=\"has-inline-color has-text-orange-color\">Des projets d\u2019insertion ont \u00e9t\u00e9 d\u00e9velopp\u00e9s par l\u2019activit\u00e9 \u00e9conomique, en proposant des activit\u00e9s adapt\u00e9es.<\/span><\/p>\n<h4>La strat\u00e9gie d\u2019insertion du CSP s\u2019appuie sur quatre objectifs :<\/h4>\n<ul>\n<li>Offrir aux candidats \u00e0 l\u2019emploi des activit\u00e9s en lien avec leur projet professionnel.<\/li>\n<li>Proposer des opportunit\u00e9s de qualification sociale et professionnelle.<\/li>\n<li>Cr\u00e9er des passerelles vers l\u2019emploi gr\u00e2ce \u00e0 un volet job-coaching et le d\u00e9veloppement de partenariats avec les entreprises dites du march\u00e9 ordinaire.<\/li>\n<li>Organiser le suivi des personnes en entreprise.<\/li>\n<\/ul>\n<hr \/>\n<p>Notre mission est d\u2019accompagner les b\u00e9n\u00e9ficiaires dans l\u2019acquisition de savoirs de base (linguistiques, notions d\u2019horaires, resocialisation) et l\u2019\u00e9laboration d\u2019un projet r\u00e9aliste d\u2019insertion socio-professionnelle.<\/p>\n<p>C\u2019est au sein des brocantes et des boutiques <em><a href=\"https:\/\/renfile.ch\/\">Renfile<\/a> <\/em>que le CSP accueille les personnes en insertion. <strong>Chacun\u00b7e peut y d\u00e9couvrir les m\u00e9tiers en lien avec son projet professionnel : la collecte, le tri, le recyclage de produits, la r\u00e9paration, la vente, la logistique, etc.<\/strong><\/p>\n<p>Pour Karin Breuninger, responsable du Service d\u2019insertion socioprofessionnelle au CSP, il est important d\u2019offrir un cadre rassurant d\u00e8s le d\u00e9but du parcours pour que chacun\u00b7e trouve ses rep\u00e8res et puisse \u00eatre en confiance. La routine est importante, mais il faut aussi r\u00e9ussir \u00e0 imaginer un parcours personnalis\u00e9 et savoir ensuite int\u00e9grer des d\u00e9fis \u00e0 la mesure de chacun pour qu\u2019il puisse progresser. <strong><em><span class=\"has-inline-color has-text-rouge-color\"><span style=\"color: #ff6600\">\u00abCe que je pr\u00e9f\u00e8re dans mon m\u00e9tier, c\u2019est d\u2019accompagner chaque personne vers la prochaine marche pour l\u2019aider \u00e0 avancer et \u00e0 franchir les \u00e9tapes par elle-m\u00eame\u00bb<\/span>,\u00a0<\/span><\/em><\/strong><span class=\"has-inline-color has-text-noir-color\">rel\u00e8ve Karin Breuninger.<\/span>[\/vc_column_text][vc_tta_accordion active_section=\u00a0\u00bb\u00a0\u00bb no_fill=\u00a0\u00bbtrue\u00a0\u00bb collapsible_all=\u00a0\u00bbtrue\u00a0\u00bb][vc_tta_section title=\u00a0\u00bbInformation de contact\u00a0\u00bb tab_id=\u00a0\u00bb1446658225396-1cf7fdfb-cbd1&Prime;][vc_column_text]Karin Breuninger<br \/>\nt\u00e9l. 022 807 07 00<br \/>\n<a href=\"&#109;&#x61;&#x69;l&#116;&#x6f;:&#107;&#x61;&#x72;i&#110;&#x2e;b&#114;&#x65;&#x75;n&#105;&#x6e;g&#101;&#x72;&#x40;&#99;&#115;&#x70;-&#103;&#x65;&#x2e;&#99;&#x68;\">Contactez-nous par email<\/a><\/p>\n<p><strong>\u00a0<\/strong>[\/vc_column_text][\/vc_tta_section][\/vc_tta_accordion][\/vc_column][\/vc_row][vc_row][vc_column][vc_column_text]<strong style=\"color: #ff6600\"><em><span class=\"has-inline-color has-text-rouge-color\"><img loading=\"lazy\" decoding=\"async\" class=\"aligncenter\" src=\"https:\/\/renfile.ch\/wp-content\/uploads\/2022\/09\/renfile-atelier-tourbillon-1024x509.png\" alt=\"\" width=\"510\" height=\"253\" \/><\/span><\/em><\/strong><\/p>\n<h2><span style=\"color: #ff6600\">La formation, un axe prioritaire\u00a0<\/span><\/h2>\n<div class=\"wp-block-columns\">\n<div class=\"wp-block-column\">\n<p>En 2022, le CSP a accompagn\u00e9 une centaine de collaborateurs\u00b7trices en insertion.<\/p>\n<p>Ces personnes sont salari\u00e9es au sein du CSP, ou envoy\u00e9es en activit\u00e9 et stages par un service \/ organisme d\u2019insertion.<\/p>\n<p>De nos jours, la formation est un enjeu essentiel sur un CV pour s\u2019int\u00e9grer sur le march\u00e9 du travail. Une dizaine de personnes ont \u00e9t\u00e9 accompagn\u00e9es pour passer une formation certifiante \u2013 Attestation f\u00e9d\u00e9rale de formation professionnelle (AFP) ou Certificat f\u00e9d\u00e9ral de capacit\u00e9 (CFC). Le temps de formation et de pr\u00e9paration est pris sur le temps de travail, et ils peuvent compter sur l\u2019aide de leur responsable, coll\u00e8gues ou b\u00e9n\u00e9voles pour les aider dans l\u2019apprentissage. Karin souligne encore:\u00a0<span style=\"color: #ff6600\"><strong><em><span class=\"has-inline-color has-text-rouge-color\">\u00abLe point fort du CSP, c\u2019est que nous personnalisons l\u2019accompagnement selon les besoins et la situation de chacun. La priorit\u00e9, c\u2019est la formation de la personne\u00bb.<\/span><\/em><\/strong><\/span><\/p>\n<p>En ce moment, trois collaborateurs\u00b7trices participent au sein de nos brocantes <a href=\"https:\/\/renfile.ch\/\"><em>Renfile<\/em> <\/a>\u00e0 une formation <em>\u2018AFP Intendance\u2019<\/em>, un programme sp\u00e9cifique d\u2019une ann\u00e9e qui a \u00e9t\u00e9 cr\u00e9\u00e9 pour les personnes en emploi de solidarit\u00e9. La formation couvre quatre axes: service, cuisine, nettoyage et blanchisserie. En plus de la formation, l\u2019objectif est d\u2019accompagner les participant\u00b7es dans leurs postulations et d\u00e9marches pour trouver un emploi durable.<\/p>\n<hr \/>\n<\/div>\n<\/div>\n<h2><span class=\"has-inline-color has-text-orange-color\" style=\"color: #ff6600\">L\u2019insertion par l\u2019activit\u00e9 cr\u00e9ative<\/span><\/h2>\n<p>L\u2019Atelier Couture propose un programme de pr\u00e8s d\u2019un an autour de la couture, de la cr\u00e9ation et de la customisation, destin\u00e9 \u00e0 des jeunes qui n\u2019ont pas de cible professionnelle clairement d\u00e9finie et qui ne suivent pas de formation,\u00a0<span style=\"color: #ff6600\">dans le but de les aider \u00e0\u00a0cr\u00e9er leur avenir<\/span>. L\u2019objectif est de les accompagner dans des projets cr\u00e9atifs adapt\u00e9s \u00e0 leurs envies et possibilit\u00e9s afin qu\u2019ils reprennent confiance et trouvent la motivation et l\u2019autonomie n\u00e9cessaires au d\u00e9marrage d\u2019une formation<strong>.<\/strong><\/p>\n<p>Actuellement, ce sont six jeunes qui suivent ce programme de trois jours par semaine pendant 10 mois. Ils et elles y d\u00e9couvrent les \u00e9tapes de cr\u00e9ation textile, de la conception \u00e0 la r\u00e9alisation.<\/p>\n<p>Pour Chlo\u00e9 Gindre, responsable de l\u2019atelier: <em><span style=\"color: #ff6600\">\u00abnous leur apprenons quelques techniques de couture, de coupe et concevons des patrons simples pour qu\u2019ils puissent cr\u00e9er leurs propres pi\u00e8ces. Chacun apprend gr\u00e2ce \u00e0 un projet cr\u00e9atif personnel. En ce moment, ils travaillent sur un premier accessoire (sac, sacoche ou encore pochette) qu\u2019ils doivent concevoir de A \u00e0 Z\u00bb.<\/span><\/em><\/p>\n<p>Les cr\u00e9ations de l\u2019Atelier sont toutes r\u00e9alis\u00e9es \u00e0 partir de textiles et accessoires ayant \u00e9t\u00e9 donn\u00e9s \u00e0 la brocante. Ils sont ainsi customis\u00e9s et transform\u00e9s en pi\u00e8ce unique, leur offrant une seconde vie.<\/p>\n<p class=\"has-text-align-center\"><span class=\"has-inline-color has-text-rouge-color\" style=\"color: #ff6600\">Chlo\u00e9\u00a0:\u00a0<strong>\u00ab<\/strong>C\u2019est une vraie satisfaction et source de motivation de cr\u00e9er un v\u00eatement ou un accessoire qu\u2019on a con\u00e7u soi-m\u00eame<strong>\u00bb<\/strong>.<\/span><\/p>\n<p>Le programme se termine par un d\u00e9fil\u00e9 de mode organis\u00e9 par les participant\u00b7e\u00b7s, permettant \u00e0 chacun\u00b7e de d\u00e9velopper son style et de montrer ses cr\u00e9ations.<\/p>\n<p><a href=\"https:\/\/radiovostok.ch\/la-creation-textile-pour-reprendre-sa-vie-en-main\/\">Pour en savoir plus sur l&rsquo;Atelier Couture, d\u00e9couvrez l&rsquo;interview de Chlo\u00e9 Gindre dans la quotidienne de Radio Vostok (18.06.24)\u00a0<\/a>[\/vc_column_text][\/vc_column][\/vc_row][vc_row][vc_column width=\u00a0\u00bb1\/3&Prime;][vc_single_image image=\u00a0\u00bb20808&Prime; img_size=\u00a0\u00bbmedium\u00a0\u00bb][\/vc_column][vc_column width=\u00a0\u00bb1\/3&Prime;][vc_single_image image=\u00a0\u00bb20807&Prime; img_size=\u00a0\u00bbmedium\u00a0\u00bb][\/vc_column][vc_column width=\u00a0\u00bb1\/3&Prime;][vc_single_image image=\u00a0\u00bb20806&Prime; img_size=\u00a0\u00bbmedium\u00a0\u00bb][\/vc_column][vc_column][vc_column_text]<\/p>\n<hr \/>\n<h2><span class=\"has-inline-color has-text-orange-color\" style=\"color: #ff6600\">Formation en fran\u00e7ais<\/span><\/h2>\n<p>Le CSP propose des cours de fran\u00e7ais adapt\u00e9s aux besoins de chacun pour les personnes en activit\u00e9 de r\u00e9insertion et les apprentis. Ce sont des cours tr\u00e8s pratiques pour accompagner les participants dans leurs d\u00e9marches quotidiennes, comme postuler \u00e0 une offre, mais aussi faire ses courses ou encore r\u00e9pondre \u00e0 des demandes administratives.<\/p>\n<hr \/>\n<h2><span class=\"has-inline-color has-text-orange-color\" style=\"color: #ff6600\">Des encadrants form\u00e9s<\/span><\/h2>\n<p><strong>Nos m\u00e9thodes d\u2019accompagnement sont en constante am\u00e9lioration.\u00a0<\/strong>Les responsables de magasin ou de service qui encadrent les personnes en insertion participent eux-m\u00eames \u00e0 des formations pour \u00eatre le plus pertinent en mati\u00e8re d\u2019accompagnement et disposer d\u2019outils adapt\u00e9s.[\/vc_column_text][\/vc_column][\/vc_row][vc_row][vc_column][vc_tta_accordion active_section=\u00a0\u00bb\u00a0\u00bb no_fill=\u00a0\u00bbtrue\u00a0\u00bb collapsible_all=\u00a0\u00bbtrue\u00a0\u00bb][vc_tta_section title=\u00a0\u00bbEn savoir plus &#8230;\u00a0\u00bb tab_id=\u00a0\u00bb1678896512532-119cf21a-b5c2&Prime;][vc_column_text]Aujourd\u2019hui, \u00a0les politiques f\u00e9d\u00e9rales et cantonales, les autorit\u00e9s et les entreprises attendent des associations engag\u00e9es dans l\u2019insertion socio-professionnelle qu\u2019elles assument un r\u00f4le de premier plan dans la promotion de l\u2019emploi, notamment \u00e0 travers des axes et des strat\u00e9gies de r\u00e9insertion.<\/p>\n<p>Le Service insertion du CSP s\u2019adresse aux ch\u00f4meurs, mais aussi aux b\u00e9n\u00e9ficiaires de l\u2019aide sociale, aux travailleurs \u00e2g\u00e9s, \u00e0 des jeunes et aux parents isol\u00e9s. Le CSP accueille entre 80 et 100 personnes par ann\u00e9e dans le cadre de ses activit\u00e9s d\u2019insertion professionnelle.<\/p>\n<p>Il a pour mission d\u2019accompagner les b\u00e9n\u00e9ficiaires dans l\u2019acquisition de capacit\u00e9s en termes de savoirs de base, de gestes professionnels et d\u2019\u00e9laboration d\u2019un projet r\u00e9aliste d\u2019insertion socio-professionnelle.<\/p>\n<p>Grace aux nombreuses activit\u00e9s offertes, il est possible de favoriser l\u2019adaptation et la progression de la personne \u00e0 son poste. Cette prestation s\u2019adresse \u00e0 un public rep\u00e9r\u00e9 en difficult\u00e9 sur le march\u00e9 de l\u2019emploi.<\/p>\n<p>Si la progression vers l\u2019emploi a \u00e9t\u00e9 frein\u00e9e par le manque de savoirs de base et de comp\u00e9tences, les b\u00e9n\u00e9ficiaires trouveront au CSP une d\u00e9marche combinant la validation des acquis de l\u2019exp\u00e9rience (VAE) et l&rsquo;acquisition d&rsquo;un savoir-faire professionnel.<\/p>\n<p>La VAE se d\u00e9roule selon une proc\u00e9dure structur\u00e9e d\u00e9finie par le D\u00e9partement de l&rsquo;instruction publique et permet de prendre en compte diff\u00e9rents acquis, d\u2019attester les comp\u00e9tences op\u00e9rationnelles et d\u2019obtenir un titre formel.[\/vc_column_text][\/vc_tta_section][\/vc_tta_accordion][vc_row_inner][vc_column_inner][\/vc_column_inner][\/vc_row_inner][\/vc_column][\/vc_row]<\/p>\n<\/div>","protected":false},"excerpt":{"rendered":"<p>[vc_row][vc_column][vc_column_text] Le service de l&rsquo;insertion socioprofessionnelle vise \u00e0 d\u00e9velopper les opportunit\u00e9s d\u2019emploi! [\/vc_column_text][vc_column_text]L\u2019accompagnement des personnes en difficult\u00e9 sociale et professionnelle vers un emploi durable a toujours \u00e9t\u00e9 un engagement prioritaire pour le CSP.\u00a0Des projets d\u2019insertion ont \u00e9t\u00e9 d\u00e9velopp\u00e9s par l\u2019activit\u00e9 \u00e9conomique, en proposant des activit\u00e9s adapt\u00e9es. La strat\u00e9gie d\u2019insertion du CSP s\u2019appuie sur quatre objectifs [&hellip;]<\/p>\n","protected":false},"author":1,"featured_media":20849,"parent":184,"menu_order":0,"comment_status":"closed","ping_status":"closed","template":"","meta":{"_acf_changed":false,"footnotes":""},"class_list":["post-671","page","type-page","status-publish","has-post-thumbnail","hentry"],"acf":[],"yoast_head":"<!-- This site is optimized with the Yoast SEO plugin v27.1.1 - https:\/\/yoast.com\/product\/yoast-seo-wordpress\/ -->\n<title>Insertion socio-professionnelle - CSP Gen\u00e8ve<\/title>\n<meta name=\"description\" content=\"Le service d&#039;insertion socioprofessionnelle du CSP vous aide \u00e0 d\u00e9velopper les opportunit\u00e9s d\u2019emploi\u00a0!\" \/>\n<meta name=\"robots\" content=\"index, follow, max-snippet:-1, max-image-preview:large, max-video-preview:-1\" \/>\n<link rel=\"canonical\" href=\"https:\/\/csp.ch\/geneve\/services-aide\/reinsertion\/\" \/>\n<meta property=\"og:locale\" content=\"fr_FR\" \/>\n<meta property=\"og:type\" content=\"article\" \/>\n<meta property=\"og:title\" content=\"Insertion socio-professionnelle - CSP Gen\u00e8ve\" \/>\n<meta property=\"og:description\" content=\"Le service d&#039;insertion socioprofessionnelle du CSP vous aide \u00e0 d\u00e9velopper les opportunit\u00e9s d\u2019emploi\u00a0!\" \/>\n<meta property=\"og:url\" content=\"https:\/\/csp.ch\/geneve\/services-aide\/reinsertion\/\" \/>\n<meta property=\"og:site_name\" content=\"CSP Gen\u00e8ve\" \/>\n<meta property=\"article:modified_time\" content=\"2024-06-26T10:20:47+00:00\" \/>\n<meta property=\"og:image\" content=\"https:\/\/csp.ch\/wp-content\/uploads\/sites\/5\/2023\/03\/20151208\u00a9RebeccaBowring-2.jpg\" \/>\n\t<meta property=\"og:image:width\" content=\"740\" \/>\n\t<meta property=\"og:image:height\" content=\"330\" \/>\n\t<meta property=\"og:image:type\" content=\"image\/jpeg\" \/>\n<meta name=\"twitter:card\" content=\"summary_large_image\" \/>\n<meta name=\"twitter:label1\" content=\"Dur\u00e9e de lecture estim\u00e9e\" \/>\n\t<meta name=\"twitter:data1\" content=\"6 minutes\" \/>\n<script type=\"application\/ld+json\" class=\"yoast-schema-graph\">{\"@context\":\"https:\/\/schema.org\",\"@graph\":[{\"@type\":\"WebPage\",\"@id\":\"https:\/\/csp.ch\/geneve\/services-aide\/reinsertion\/\",\"url\":\"https:\/\/csp.ch\/geneve\/services-aide\/reinsertion\/\",\"name\":\"Insertion socio-professionnelle - CSP Gen\u00e8ve\",\"isPartOf\":{\"@id\":\"https:\/\/csp.ch\/geneve\/#website\"},\"primaryImageOfPage\":{\"@id\":\"https:\/\/csp.ch\/geneve\/services-aide\/reinsertion\/#primaryimage\"},\"image\":{\"@id\":\"https:\/\/csp.ch\/geneve\/services-aide\/reinsertion\/#primaryimage\"},\"thumbnailUrl\":\"https:\/\/csp.ch\/wp-content\/uploads\/sites\/5\/2023\/03\/20151208\u00a9RebeccaBowring-2.jpg\",\"datePublished\":\"2015-11-02T13:43:34+00:00\",\"dateModified\":\"2024-06-26T10:20:47+00:00\",\"description\":\"Le service d'insertion socioprofessionnelle du CSP vous aide \u00e0 d\u00e9velopper les opportunit\u00e9s d\u2019emploi\u00a0!\",\"breadcrumb\":{\"@id\":\"https:\/\/csp.ch\/geneve\/services-aide\/reinsertion\/#breadcrumb\"},\"inLanguage\":\"fr-FR\",\"potentialAction\":[{\"@type\":\"ReadAction\",\"target\":[\"https:\/\/csp.ch\/geneve\/services-aide\/reinsertion\/\"]}]},{\"@type\":\"ImageObject\",\"inLanguage\":\"fr-FR\",\"@id\":\"https:\/\/csp.ch\/geneve\/services-aide\/reinsertion\/#primaryimage\",\"url\":\"https:\/\/csp.ch\/wp-content\/uploads\/sites\/5\/2023\/03\/20151208\u00a9RebeccaBowring-2.jpg\",\"contentUrl\":\"https:\/\/csp.ch\/wp-content\/uploads\/sites\/5\/2023\/03\/20151208\u00a9RebeccaBowring-2.jpg\",\"width\":740,\"height\":330},{\"@type\":\"BreadcrumbList\",\"@id\":\"https:\/\/csp.ch\/geneve\/services-aide\/reinsertion\/#breadcrumb\",\"itemListElement\":[{\"@type\":\"ListItem\",\"position\":1,\"name\":\"Accueil\",\"item\":\"https:\/\/csp.ch\/geneve\/\"},{\"@type\":\"ListItem\",\"position\":2,\"name\":\"Services d&rsquo;aide\",\"item\":\"https:\/\/csp.ch\/geneve\/services-aide\/\"},{\"@type\":\"ListItem\",\"position\":3,\"name\":\"Insertion socio-professionnelle\"}]},{\"@type\":\"WebSite\",\"@id\":\"https:\/\/csp.ch\/geneve\/#website\",\"url\":\"https:\/\/csp.ch\/geneve\/\",\"name\":\"CSP Gen\u00e8ve\",\"description\":\"\",\"potentialAction\":[{\"@type\":\"SearchAction\",\"target\":{\"@type\":\"EntryPoint\",\"urlTemplate\":\"https:\/\/csp.ch\/geneve\/?s={search_term_string}\"},\"query-input\":{\"@type\":\"PropertyValueSpecification\",\"valueRequired\":true,\"valueName\":\"search_term_string\"}}],\"inLanguage\":\"fr-FR\"}]}<\/script>\n<!-- \/ Yoast SEO plugin. -->","yoast_head_json":{"title":"Insertion socio-professionnelle - CSP Gen\u00e8ve","description":"Le service d'insertion socioprofessionnelle du CSP vous aide \u00e0 d\u00e9velopper les opportunit\u00e9s d\u2019emploi\u00a0!","robots":{"index":"index","follow":"follow","max-snippet":"max-snippet:-1","max-image-preview":"max-image-preview:large","max-video-preview":"max-video-preview:-1"},"canonical":"https:\/\/csp.ch\/geneve\/services-aide\/reinsertion\/","og_locale":"fr_FR","og_type":"article","og_title":"Insertion socio-professionnelle - CSP Gen\u00e8ve","og_description":"Le service d'insertion socioprofessionnelle du CSP vous aide \u00e0 d\u00e9velopper les opportunit\u00e9s d\u2019emploi\u00a0!","og_url":"https:\/\/csp.ch\/geneve\/services-aide\/reinsertion\/","og_site_name":"CSP Gen\u00e8ve","article_modified_time":"2024-06-26T10:20:47+00:00","og_image":[{"width":740,"height":330,"url":"https:\/\/csp.ch\/wp-content\/uploads\/sites\/5\/2023\/03\/20151208\u00a9RebeccaBowring-2.jpg","type":"image\/jpeg"}],"twitter_card":"summary_large_image","twitter_misc":{"Dur\u00e9e de lecture estim\u00e9e":"6 minutes"},"schema":{"@context":"https:\/\/schema.org","@graph":[{"@type":"WebPage","@id":"https:\/\/csp.ch\/geneve\/services-aide\/reinsertion\/","url":"https:\/\/csp.ch\/geneve\/services-aide\/reinsertion\/","name":"Insertion socio-professionnelle - CSP Gen\u00e8ve","isPartOf":{"@id":"https:\/\/csp.ch\/geneve\/#website"},"primaryImageOfPage":{"@id":"https:\/\/csp.ch\/geneve\/services-aide\/reinsertion\/#primaryimage"},"image":{"@id":"https:\/\/csp.ch\/geneve\/services-aide\/reinsertion\/#primaryimage"},"thumbnailUrl":"https:\/\/csp.ch\/wp-content\/uploads\/sites\/5\/2023\/03\/20151208\u00a9RebeccaBowring-2.jpg","datePublished":"2015-11-02T13:43:34+00:00","dateModified":"2024-06-26T10:20:47+00:00","description":"Le service d'insertion socioprofessionnelle du CSP vous aide \u00e0 d\u00e9velopper les opportunit\u00e9s d\u2019emploi\u00a0!","breadcrumb":{"@id":"https:\/\/csp.ch\/geneve\/services-aide\/reinsertion\/#breadcrumb"},"inLanguage":"fr-FR","potentialAction":[{"@type":"ReadAction","target":["https:\/\/csp.ch\/geneve\/services-aide\/reinsertion\/"]}]},{"@type":"ImageObject","inLanguage":"fr-FR","@id":"https:\/\/csp.ch\/geneve\/services-aide\/reinsertion\/#primaryimage","url":"https:\/\/csp.ch\/wp-content\/uploads\/sites\/5\/2023\/03\/20151208\u00a9RebeccaBowring-2.jpg","contentUrl":"https:\/\/csp.ch\/wp-content\/uploads\/sites\/5\/2023\/03\/20151208\u00a9RebeccaBowring-2.jpg","width":740,"height":330},{"@type":"BreadcrumbList","@id":"https:\/\/csp.ch\/geneve\/services-aide\/reinsertion\/#breadcrumb","itemListElement":[{"@type":"ListItem","position":1,"name":"Accueil","item":"https:\/\/csp.ch\/geneve\/"},{"@type":"ListItem","position":2,"name":"Services d&rsquo;aide","item":"https:\/\/csp.ch\/geneve\/services-aide\/"},{"@type":"ListItem","position":3,"name":"Insertion socio-professionnelle"}]},{"@type":"WebSite","@id":"https:\/\/csp.ch\/geneve\/#website","url":"https:\/\/csp.ch\/geneve\/","name":"CSP Gen\u00e8ve","description":"","potentialAction":[{"@type":"SearchAction","target":{"@type":"EntryPoint","urlTemplate":"https:\/\/csp.ch\/geneve\/?s={search_term_string}"},"query-input":{"@type":"PropertyValueSpecification","valueRequired":true,"valueName":"search_term_string"}}],"inLanguage":"fr-FR"}]}},"_links":{"self":[{"href":"https:\/\/csp.ch\/geneve\/wp-json\/wp\/v2\/pages\/671","targetHints":{"allow":["GET"]}}],"collection":[{"href":"https:\/\/csp.ch\/geneve\/wp-json\/wp\/v2\/pages"}],"about":[{"href":"https:\/\/csp.ch\/geneve\/wp-json\/wp\/v2\/types\/page"}],"author":[{"embeddable":true,"href":"https:\/\/csp.ch\/geneve\/wp-json\/wp\/v2\/users\/1"}],"replies":[{"embeddable":true,"href":"https:\/\/csp.ch\/geneve\/wp-json\/wp\/v2\/comments?post=671"}],"version-history":[{"count":4,"href":"https:\/\/csp.ch\/geneve\/wp-json\/wp\/v2\/pages\/671\/revisions"}],"predecessor-version":[{"id":23523,"href":"https:\/\/csp.ch\/geneve\/wp-json\/wp\/v2\/pages\/671\/revisions\/23523"}],"up":[{"embeddable":true,"href":"https:\/\/csp.ch\/geneve\/wp-json\/wp\/v2\/pages\/184"}],"wp:featuredmedia":[{"embeddable":true,"href":"https:\/\/csp.ch\/geneve\/wp-json\/wp\/v2\/media\/20849"}],"wp:attachment":[{"href":"https:\/\/csp.ch\/geneve\/wp-json\/wp\/v2\/media?parent=671"}],"curies":[{"name":"wp","href":"https:\/\/api.w.org\/{rel}","templated":true}]}}