{"id":576,"date":"2015-10-15T13:15:47","date_gmt":"2015-10-15T12:15:47","guid":{"rendered":"https:\/\/csp.ch\/ge\/?page_id=576"},"modified":"2026-03-25T21:41:53","modified_gmt":"2026-03-25T20:41:53","slug":"editions-la-passerelle","status":"publish","type":"page","link":"https:\/\/csp.ch\/geneve\/achats-en-ligne\/editions-la-passerelle\/","title":{"rendered":"Editions <strong>du CSP <\/strong>"},"content":{"rendered":"<div class=\"wpb-content-wrapper\"><p>[vc_row][vc_column][vc_column_text]<\/p>\n<h2>Les \u00e9ditions num\u00e9riques gratuites<\/h2>\n<p>Le Service juridique publie\u00a0 trois courtes publications num\u00e9riques, qui sont elles gratuites. Il s&rsquo;agit de la mise \u00e0 jour des deux aide-m\u00e9moires <strong><em>Se s\u00e9parer<\/em><\/strong> et <em><strong>Divorcer<\/strong>\u00a0<\/em>ainsi qu&rsquo;une publication destin\u00e9e aux parents :<\/p>\n<p><strong><em>Autorit\u00e9 parentale, prise en charge et entretien de l\u2019enfant<\/em><\/strong> est un nouveau contenu d\u2019expertise des juristes du CSP Vaud qui pr\u00e9sente, de fa\u00e7on accessible, les droits des enfants et de leurs parents non mari\u00e9s. La premi\u00e8re partie traite des questions li\u00e9es \u00e0 la filiation (reconnaissance et autorit\u00e9 parentale conjointe) et \u00e0 la vie commune des parents non mari\u00e9s. La seconde partie, quant \u00e0 elle, aborde la situation des parents ne faisant pas vie commune ou ayant d\u00e9cid\u00e9 de se s\u00e9parer (autorit\u00e9 parentale, prise en charge de l\u2019enfant et entretien).<\/p>\n<p>&nbsp;<\/p>\n<blockquote><p>Cliquez sur les images pour t\u00e9l\u00e9charger les documents livr\u00e9s sous format pdf !<\/p><\/blockquote>\n<h3><a href=\"https:\/\/csp.ch\/wp-content\/uploads\/sites\/4\/2025\/03\/Aide-memoire-se-separer-2023.pdf\"><img loading=\"lazy\" decoding=\"async\" class=\"alignnone wp-image-20902 size-medium\" src=\"https:\/\/csp.ch\/wp-content\/uploads\/sites\/5\/2023\/03\/Se-separer-aide-memoire-16.03.2021couv-212x300.jpg\" alt=\"\" width=\"212\" height=\"300\" srcset=\"https:\/\/csp.ch\/wp-content\/uploads\/sites\/5\/2023\/03\/Se-separer-aide-memoire-16.03.2021couv-212x300.jpg 212w, https:\/\/csp.ch\/wp-content\/uploads\/sites\/5\/2023\/03\/Se-separer-aide-memoire-16.03.2021couv-724x1024.jpg 724w, https:\/\/csp.ch\/wp-content\/uploads\/sites\/5\/2023\/03\/Se-separer-aide-memoire-16.03.2021couv-768x1086.jpg 768w, https:\/\/csp.ch\/wp-content\/uploads\/sites\/5\/2023\/03\/Se-separer-aide-memoire-16.03.2021couv-1087x1536.jpg 1087w, https:\/\/csp.ch\/wp-content\/uploads\/sites\/5\/2023\/03\/Se-separer-aide-memoire-16.03.2021couv-156x221.jpg 156w, https:\/\/csp.ch\/wp-content\/uploads\/sites\/5\/2023\/03\/Se-separer-aide-memoire-16.03.2021couv-300x424.jpg 300w, https:\/\/csp.ch\/wp-content\/uploads\/sites\/5\/2023\/03\/Se-separer-aide-memoire-16.03.2021couv-740x1046.jpg 740w, https:\/\/csp.ch\/wp-content\/uploads\/sites\/5\/2023\/03\/Se-separer-aide-memoire-16.03.2021couv.jpg 1240w\" sizes=\"auto, (max-width: 212px) 100vw, 212px\" \/><\/a>\u00a0 <a href=\"https:\/\/csp.ch\/wp-content\/uploads\/sites\/4\/2025\/03\/Aide-memoire-divorcer-2021.pdf\"><img loading=\"lazy\" decoding=\"async\" class=\"alignnone wp-image-20901 size-medium\" src=\"https:\/\/csp.ch\/wp-content\/uploads\/sites\/5\/2023\/03\/Divorcer-aide-memoire-16.03.2021-couv-212x300.jpg\" alt=\"\" width=\"212\" height=\"300\" srcset=\"https:\/\/csp.ch\/wp-content\/uploads\/sites\/5\/2023\/03\/Divorcer-aide-memoire-16.03.2021-couv-212x300.jpg 212w, https:\/\/csp.ch\/wp-content\/uploads\/sites\/5\/2023\/03\/Divorcer-aide-memoire-16.03.2021-couv-724x1024.jpg 724w, https:\/\/csp.ch\/wp-content\/uploads\/sites\/5\/2023\/03\/Divorcer-aide-memoire-16.03.2021-couv-768x1086.jpg 768w, https:\/\/csp.ch\/wp-content\/uploads\/sites\/5\/2023\/03\/Divorcer-aide-memoire-16.03.2021-couv-1087x1536.jpg 1087w, https:\/\/csp.ch\/wp-content\/uploads\/sites\/5\/2023\/03\/Divorcer-aide-memoire-16.03.2021-couv-156x221.jpg 156w, https:\/\/csp.ch\/wp-content\/uploads\/sites\/5\/2023\/03\/Divorcer-aide-memoire-16.03.2021-couv-300x424.jpg 300w, https:\/\/csp.ch\/wp-content\/uploads\/sites\/5\/2023\/03\/Divorcer-aide-memoire-16.03.2021-couv-740x1046.jpg 740w, https:\/\/csp.ch\/wp-content\/uploads\/sites\/5\/2023\/03\/Divorcer-aide-memoire-16.03.2021-couv.jpg 1240w\" sizes=\"auto, (max-width: 212px) 100vw, 212px\" \/><\/a>\u00a0 \u00a0\u00a0 \u00a0\u00a0<a href=\"https:\/\/csp.ch\/wp-content\/uploads\/sites\/4\/2025\/03\/Aide-memoire-autorite-parentale-2023.pdf\"><img loading=\"lazy\" decoding=\"async\" class=\"alignnone wp-image-20903 size-medium\" src=\"https:\/\/csp.ch\/wp-content\/uploads\/sites\/5\/2023\/03\/CSP-Vaud-autorite-parentale-212x300.jpg\" alt=\"\" width=\"212\" height=\"300\" srcset=\"https:\/\/csp.ch\/wp-content\/uploads\/sites\/5\/2023\/03\/CSP-Vaud-autorite-parentale-212x300.jpg 212w, https:\/\/csp.ch\/wp-content\/uploads\/sites\/5\/2023\/03\/CSP-Vaud-autorite-parentale-156x221.jpg 156w, https:\/\/csp.ch\/wp-content\/uploads\/sites\/5\/2023\/03\/CSP-Vaud-autorite-parentale-300x424.jpg 300w, https:\/\/csp.ch\/wp-content\/uploads\/sites\/5\/2023\/03\/CSP-Vaud-autorite-parentale.jpg 425w\" sizes=\"auto, (max-width: 212px) 100vw, 212px\" \/><\/a><\/h3>\n<p>[\/vc_column_text][vc_column_text css=\u00a0\u00bb\u00a0\u00bb]<\/p>\n<hr \/>\n<h2>Les \u00e9ditions payantes<\/h2>\n<p><img loading=\"lazy\" decoding=\"async\" class=\"alignnone wp-image-18831\" src=\"https:\/\/csp.ch\/geneve\/wp-content\/uploads\/sites\/5\/2022\/09\/Autorisation-de-sejour-en-suisse-2022-v3-300x424-1.jpeg\" alt=\"\" width=\"171\" height=\"241\" \/><\/p>\n<p><em>Aper\u00e7u d&rsquo;une \u00e9dition du CSP disponible sur la boutique du CSP Vaud.<\/em><\/p>\n<p>&nbsp;<\/p>\n<p>Les\u00a0<strong>\u00e9ditions<\/strong> proviennent de l\u2019exp\u00e9rience professionnelle de ses collaborateurs et de ses collaboratrices. Elles s\u2019adressent \u00e0 toute personne qui a besoin de renseignements sur les sujets propos\u00e9s. R\u00e9dig\u00e9es dans un langage accessible, elles repr\u00e9sentent aussi une source d\u2019informations utiles pour les professionnel\u00b7le\u00b7s.<\/p>\n<blockquote><p>Les \u00e9ditions du CSP sont disponibles directement sur la boutique du CSP Vaud.<\/p><\/blockquote>\n<p>[\/vc_column_text][vc_btn title=\u00a0\u00bbAcheter les \u00e9ditions du CSP\u00a0\u00bb align=\u00a0\u00bbcenter\u00a0\u00bb link=\u00a0\u00bburl:https%3A%2F%2Fcsp.ch%2Fvaud%2Feditions%2F|title:Acheter%20les%20%C3%A9ditions%20du%20CSP%20Vaud\u00a0\u00bb][\/vc_column][\/vc_row][vc_row][vc_column][\/vc_column][\/vc_row]<\/p>\n<\/div>","protected":false},"excerpt":{"rendered":"<p>[vc_row][vc_column][vc_column_text] Les \u00e9ditions num\u00e9riques gratuites Le Service juridique publie\u00a0 trois courtes publications num\u00e9riques, qui sont elles gratuites. Il s&rsquo;agit de la mise \u00e0 jour des deux aide-m\u00e9moires Se s\u00e9parer et Divorcer\u00a0ainsi qu&rsquo;une publication destin\u00e9e aux parents : Autorit\u00e9 parentale, prise en charge et entretien de l\u2019enfant est un nouveau contenu d\u2019expertise des juristes du CSP [&hellip;]<\/p>\n","protected":false},"author":1,"featured_media":15813,"parent":19104,"menu_order":0,"comment_status":"closed","ping_status":"closed","template":"","meta":{"_acf_changed":false,"footnotes":""},"class_list":["post-576","page","type-page","status-publish","has-post-thumbnail","hentry"],"acf":[],"yoast_head":"<!-- This site is optimized with the Yoast SEO plugin v27.1.1 - https:\/\/yoast.com\/product\/yoast-seo-wordpress\/ -->\n<title>Editions du CSP  - CSP Gen\u00e8ve<\/title>\n<meta name=\"description\" content=\"Tous les livres des Editions du CSP proviennent de l\u2019exp\u00e9rience professionnelle des collaborateurs et des collaboratrices du CSP.\" \/>\n<meta name=\"robots\" content=\"index, follow, max-snippet:-1, max-image-preview:large, max-video-preview:-1\" \/>\n<link rel=\"canonical\" href=\"https:\/\/csp.ch\/geneve\/achats-en-ligne\/editions-la-passerelle\/\" \/>\n<meta property=\"og:locale\" content=\"fr_FR\" \/>\n<meta property=\"og:type\" content=\"article\" \/>\n<meta property=\"og:title\" content=\"Editions du CSP  - CSP Gen\u00e8ve\" \/>\n<meta property=\"og:description\" content=\"Tous les livres des Editions du CSP proviennent de l\u2019exp\u00e9rience professionnelle des collaborateurs et des collaboratrices du CSP.\" \/>\n<meta property=\"og:url\" content=\"https:\/\/csp.ch\/geneve\/achats-en-ligne\/editions-la-passerelle\/\" \/>\n<meta property=\"og:site_name\" content=\"CSP Gen\u00e8ve\" \/>\n<meta property=\"article:modified_time\" content=\"2026-03-25T20:41:53+00:00\" \/>\n<meta property=\"og:image\" content=\"https:\/\/csp.ch\/wp-content\/uploads\/sites\/5\/2021\/12\/CoverAutorisationsdesejour_CSPVaud.jpg\" \/>\n\t<meta property=\"og:image:width\" content=\"740\" \/>\n\t<meta property=\"og:image:height\" content=\"330\" \/>\n\t<meta property=\"og:image:type\" content=\"image\/jpeg\" \/>\n<meta name=\"twitter:card\" content=\"summary_large_image\" \/>\n<meta name=\"twitter:label1\" content=\"Dur\u00e9e de lecture estim\u00e9e\" \/>\n\t<meta name=\"twitter:data1\" content=\"2 minutes\" \/>\n<script type=\"application\/ld+json\" class=\"yoast-schema-graph\">{\"@context\":\"https:\/\/schema.org\",\"@graph\":[{\"@type\":\"WebPage\",\"@id\":\"https:\/\/csp.ch\/geneve\/achats-en-ligne\/editions-la-passerelle\/\",\"url\":\"https:\/\/csp.ch\/geneve\/achats-en-ligne\/editions-la-passerelle\/\",\"name\":\"Editions du CSP - CSP Gen\u00e8ve\",\"isPartOf\":{\"@id\":\"https:\/\/csp.ch\/geneve\/#website\"},\"primaryImageOfPage\":{\"@id\":\"https:\/\/csp.ch\/geneve\/achats-en-ligne\/editions-la-passerelle\/#primaryimage\"},\"image\":{\"@id\":\"https:\/\/csp.ch\/geneve\/achats-en-ligne\/editions-la-passerelle\/#primaryimage\"},\"thumbnailUrl\":\"https:\/\/csp.ch\/wp-content\/uploads\/sites\/5\/2021\/12\/CoverAutorisationsdesejour_CSPVaud.jpg\",\"datePublished\":\"2015-10-15T12:15:47+00:00\",\"dateModified\":\"2026-03-25T20:41:53+00:00\",\"description\":\"Tous les livres des Editions du CSP proviennent de l\u2019exp\u00e9rience professionnelle des collaborateurs et des collaboratrices du CSP.\",\"breadcrumb\":{\"@id\":\"https:\/\/csp.ch\/geneve\/achats-en-ligne\/editions-la-passerelle\/#breadcrumb\"},\"inLanguage\":\"fr-FR\",\"potentialAction\":[{\"@type\":\"ReadAction\",\"target\":[\"https:\/\/csp.ch\/geneve\/achats-en-ligne\/editions-la-passerelle\/\"]}]},{\"@type\":\"ImageObject\",\"inLanguage\":\"fr-FR\",\"@id\":\"https:\/\/csp.ch\/geneve\/achats-en-ligne\/editions-la-passerelle\/#primaryimage\",\"url\":\"https:\/\/csp.ch\/wp-content\/uploads\/sites\/5\/2021\/12\/CoverAutorisationsdesejour_CSPVaud.jpg\",\"contentUrl\":\"https:\/\/csp.ch\/wp-content\/uploads\/sites\/5\/2021\/12\/CoverAutorisationsdesejour_CSPVaud.jpg\",\"width\":740,\"height\":330},{\"@type\":\"BreadcrumbList\",\"@id\":\"https:\/\/csp.ch\/geneve\/achats-en-ligne\/editions-la-passerelle\/#breadcrumb\",\"itemListElement\":[{\"@type\":\"ListItem\",\"position\":1,\"name\":\"Accueil\",\"item\":\"https:\/\/csp.ch\/geneve\/\"},{\"@type\":\"ListItem\",\"position\":2,\"name\":\"Achats en ligne\",\"item\":\"https:\/\/csp.ch\/geneve\/achats-en-ligne\/\"},{\"@type\":\"ListItem\",\"position\":3,\"name\":\"Editions du CSP\"}]},{\"@type\":\"WebSite\",\"@id\":\"https:\/\/csp.ch\/geneve\/#website\",\"url\":\"https:\/\/csp.ch\/geneve\/\",\"name\":\"CSP Gen\u00e8ve\",\"description\":\"\",\"potentialAction\":[{\"@type\":\"SearchAction\",\"target\":{\"@type\":\"EntryPoint\",\"urlTemplate\":\"https:\/\/csp.ch\/geneve\/?s={search_term_string}\"},\"query-input\":{\"@type\":\"PropertyValueSpecification\",\"valueRequired\":true,\"valueName\":\"search_term_string\"}}],\"inLanguage\":\"fr-FR\"}]}<\/script>\n<!-- \/ Yoast SEO plugin. -->","yoast_head_json":{"title":"Editions du CSP  - CSP Gen\u00e8ve","description":"Tous les livres des Editions du CSP proviennent de l\u2019exp\u00e9rience professionnelle des collaborateurs et des collaboratrices du CSP.","robots":{"index":"index","follow":"follow","max-snippet":"max-snippet:-1","max-image-preview":"max-image-preview:large","max-video-preview":"max-video-preview:-1"},"canonical":"https:\/\/csp.ch\/geneve\/achats-en-ligne\/editions-la-passerelle\/","og_locale":"fr_FR","og_type":"article","og_title":"Editions du CSP  - CSP Gen\u00e8ve","og_description":"Tous les livres des Editions du CSP proviennent de l\u2019exp\u00e9rience professionnelle des collaborateurs et des collaboratrices du CSP.","og_url":"https:\/\/csp.ch\/geneve\/achats-en-ligne\/editions-la-passerelle\/","og_site_name":"CSP Gen\u00e8ve","article_modified_time":"2026-03-25T20:41:53+00:00","og_image":[{"width":740,"height":330,"url":"https:\/\/csp.ch\/wp-content\/uploads\/sites\/5\/2021\/12\/CoverAutorisationsdesejour_CSPVaud.jpg","type":"image\/jpeg"}],"twitter_card":"summary_large_image","twitter_misc":{"Dur\u00e9e de lecture estim\u00e9e":"2 minutes"},"schema":{"@context":"https:\/\/schema.org","@graph":[{"@type":"WebPage","@id":"https:\/\/csp.ch\/geneve\/achats-en-ligne\/editions-la-passerelle\/","url":"https:\/\/csp.ch\/geneve\/achats-en-ligne\/editions-la-passerelle\/","name":"Editions du CSP - CSP Gen\u00e8ve","isPartOf":{"@id":"https:\/\/csp.ch\/geneve\/#website"},"primaryImageOfPage":{"@id":"https:\/\/csp.ch\/geneve\/achats-en-ligne\/editions-la-passerelle\/#primaryimage"},"image":{"@id":"https:\/\/csp.ch\/geneve\/achats-en-ligne\/editions-la-passerelle\/#primaryimage"},"thumbnailUrl":"https:\/\/csp.ch\/wp-content\/uploads\/sites\/5\/2021\/12\/CoverAutorisationsdesejour_CSPVaud.jpg","datePublished":"2015-10-15T12:15:47+00:00","dateModified":"2026-03-25T20:41:53+00:00","description":"Tous les livres des Editions du CSP proviennent de l\u2019exp\u00e9rience professionnelle des collaborateurs et des collaboratrices du CSP.","breadcrumb":{"@id":"https:\/\/csp.ch\/geneve\/achats-en-ligne\/editions-la-passerelle\/#breadcrumb"},"inLanguage":"fr-FR","potentialAction":[{"@type":"ReadAction","target":["https:\/\/csp.ch\/geneve\/achats-en-ligne\/editions-la-passerelle\/"]}]},{"@type":"ImageObject","inLanguage":"fr-FR","@id":"https:\/\/csp.ch\/geneve\/achats-en-ligne\/editions-la-passerelle\/#primaryimage","url":"https:\/\/csp.ch\/wp-content\/uploads\/sites\/5\/2021\/12\/CoverAutorisationsdesejour_CSPVaud.jpg","contentUrl":"https:\/\/csp.ch\/wp-content\/uploads\/sites\/5\/2021\/12\/CoverAutorisationsdesejour_CSPVaud.jpg","width":740,"height":330},{"@type":"BreadcrumbList","@id":"https:\/\/csp.ch\/geneve\/achats-en-ligne\/editions-la-passerelle\/#breadcrumb","itemListElement":[{"@type":"ListItem","position":1,"name":"Accueil","item":"https:\/\/csp.ch\/geneve\/"},{"@type":"ListItem","position":2,"name":"Achats en ligne","item":"https:\/\/csp.ch\/geneve\/achats-en-ligne\/"},{"@type":"ListItem","position":3,"name":"Editions du CSP"}]},{"@type":"WebSite","@id":"https:\/\/csp.ch\/geneve\/#website","url":"https:\/\/csp.ch\/geneve\/","name":"CSP Gen\u00e8ve","description":"","potentialAction":[{"@type":"SearchAction","target":{"@type":"EntryPoint","urlTemplate":"https:\/\/csp.ch\/geneve\/?s={search_term_string}"},"query-input":{"@type":"PropertyValueSpecification","valueRequired":true,"valueName":"search_term_string"}}],"inLanguage":"fr-FR"}]}},"_links":{"self":[{"href":"https:\/\/csp.ch\/geneve\/wp-json\/wp\/v2\/pages\/576","targetHints":{"allow":["GET"]}}],"collection":[{"href":"https:\/\/csp.ch\/geneve\/wp-json\/wp\/v2\/pages"}],"about":[{"href":"https:\/\/csp.ch\/geneve\/wp-json\/wp\/v2\/types\/page"}],"author":[{"embeddable":true,"href":"https:\/\/csp.ch\/geneve\/wp-json\/wp\/v2\/users\/1"}],"replies":[{"embeddable":true,"href":"https:\/\/csp.ch\/geneve\/wp-json\/wp\/v2\/comments?post=576"}],"version-history":[{"count":6,"href":"https:\/\/csp.ch\/geneve\/wp-json\/wp\/v2\/pages\/576\/revisions"}],"predecessor-version":[{"id":31337,"href":"https:\/\/csp.ch\/geneve\/wp-json\/wp\/v2\/pages\/576\/revisions\/31337"}],"up":[{"embeddable":true,"href":"https:\/\/csp.ch\/geneve\/wp-json\/wp\/v2\/pages\/19104"}],"wp:featuredmedia":[{"embeddable":true,"href":"https:\/\/csp.ch\/geneve\/wp-json\/wp\/v2\/media\/15813"}],"wp:attachment":[{"href":"https:\/\/csp.ch\/geneve\/wp-json\/wp\/v2\/media?parent=576"}],"curies":[{"name":"wp","href":"https:\/\/api.w.org\/{rel}","templated":true}]}}