{"id":36,"date":"2015-08-07T08:22:18","date_gmt":"2015-08-07T07:22:18","guid":{"rendered":"https:\/\/csp.ch\/vd\/?page_id=36"},"modified":"2023-04-13T14:42:06","modified_gmt":"2023-04-13T12:42:06","slug":"prevention-surendettement","status":"publish","type":"page","link":"https:\/\/csp.ch\/geneve\/services-aide\/prevention-surendettement\/","title":{"rendered":"Pr\u00e9vention du <strong>surendettement<\/strong>"},"content":{"rendered":"<div class=\"wpb-content-wrapper\"><p>[vc_row][vc_column][vc_column_text]<\/p>\n<h3>Pr\u00e9vention de <strong>l\u2019endettement des jeunes<\/strong><\/h3>\n<p>[\/vc_column_text][vc_column_text]Le CSP Gen\u00e8ve est actif depuis 2004 dans la pr\u00e9vention de l&rsquo;endettement aupr\u00e8s des jeunes.<\/p>\n<p>Nos travailleurs sociaux interviennent dans les classes du postobligatoire, aupr\u00e8s des apprentis, ainsi que dans des foyers de jeunes. Ces interventions se d\u00e9roulent sous forme d&rsquo;ateliers\u00a0de pr\u00e9vention, avec des jeux p\u00e9dagogiques r\u00e9unis dans une mallette, <strong>\u00ab\u00a0Les ficelles du budget\u00a0\u00bb<\/strong>.[\/vc_column_text][vc_tta_accordion style=\u00a0\u00bbflat\u00a0\u00bb active_section=\u00a0\u00bb\u00a0\u00bb no_fill=\u00a0\u00bbtrue\u00a0\u00bb collapsible_all=\u00a0\u00bbtrue\u00a0\u00bb][vc_tta_section title=\u00a0\u00bbDemande d&rsquo;intervention\u00a0\u00bb tab_id=\u00a0\u00bb1444227423604-2b2a32f2-1bdc\u00a0\u00bb][vc_column_text]Service social<br \/>\nT\u00e9l. 022 807 07 00<br \/>\n<a href=\"m&#97;&#x69;&#x6c;t&#111;&#58;&#x73;&#x65;c&#114;&#101;&#x74;&#x61;r&#105;&#x61;&#x74;&#x2d;s&#111;&#x63;&#x69;a&#108;&#64;&#x63;&#x73;p&#45;&#103;&#x65;&#x2e;c&#104;\">Contactez-nous par mail<\/a>[\/vc_column_text][\/vc_tta_section][\/vc_tta_accordion][\/vc_column][\/vc_row]<\/p>\n<\/div>","protected":false},"excerpt":{"rendered":"<p>[vc_row][vc_column][vc_column_text] Pr\u00e9vention de l\u2019endettement des jeunes [\/vc_column_text][vc_column_text]Le CSP Gen\u00e8ve est actif depuis 2004 dans la pr\u00e9vention de l&rsquo;endettement aupr\u00e8s des jeunes. Nos travailleurs sociaux interviennent dans les classes du postobligatoire, aupr\u00e8s des apprentis, ainsi que dans des foyers de jeunes. Ces interventions se d\u00e9roulent sous forme d&rsquo;ateliers\u00a0de pr\u00e9vention, avec des jeux p\u00e9dagogiques r\u00e9unis dans une [&hellip;]<\/p>\n","protected":false},"author":1,"featured_media":826,"parent":184,"menu_order":0,"comment_status":"closed","ping_status":"closed","template":"","meta":{"_acf_changed":false,"footnotes":""},"class_list":["post-36","page","type-page","status-publish","has-post-thumbnail","hentry"],"acf":[],"yoast_head":"<!-- This site is optimized with the Yoast SEO plugin v27.1.1 - https:\/\/yoast.com\/product\/yoast-seo-wordpress\/ -->\n<title>Pr\u00e9vention du surendettement - CSP Gen\u00e8ve<\/title>\n<meta name=\"description\" content=\"\u00a0Depuis 2004, le CSP est actif dans la\u00a0pr\u00e9vention de l\u2019endettement aupr\u00e8s des jeunes \u00e0 l&#039;aide de travailleurs sociaux qui interviennent dans les classes.\" \/>\n<meta name=\"robots\" content=\"index, follow, max-snippet:-1, max-image-preview:large, max-video-preview:-1\" \/>\n<link rel=\"canonical\" href=\"https:\/\/csp.ch\/geneve\/services-aide\/prevention-surendettement\/\" \/>\n<meta property=\"og:locale\" content=\"fr_FR\" \/>\n<meta property=\"og:type\" content=\"article\" \/>\n<meta property=\"og:title\" content=\"Pr\u00e9vention du surendettement - CSP Gen\u00e8ve\" \/>\n<meta property=\"og:description\" content=\"\u00a0Depuis 2004, le CSP est actif dans la\u00a0pr\u00e9vention de l\u2019endettement aupr\u00e8s des jeunes \u00e0 l&#039;aide de travailleurs sociaux qui interviennent dans les classes.\" \/>\n<meta property=\"og:url\" content=\"https:\/\/csp.ch\/geneve\/services-aide\/prevention-surendettement\/\" \/>\n<meta property=\"og:site_name\" content=\"CSP Gen\u00e8ve\" \/>\n<meta property=\"article:modified_time\" content=\"2023-04-13T12:42:06+00:00\" \/>\n<meta property=\"og:image\" content=\"https:\/\/csp.ch\/wp-content\/uploads\/sites\/5\/2015\/08\/20151117\u00a9CSP-VD_RebeccaBowring_G7A3694-1.jpg\" \/>\n\t<meta property=\"og:image:width\" content=\"2000\" \/>\n\t<meta property=\"og:image:height\" content=\"1333\" \/>\n\t<meta property=\"og:image:type\" content=\"image\/jpeg\" \/>\n<meta name=\"twitter:card\" content=\"summary_large_image\" \/>\n<meta name=\"twitter:label1\" content=\"Dur\u00e9e de lecture estim\u00e9e\" \/>\n\t<meta name=\"twitter:data1\" content=\"1 minute\" \/>\n<script type=\"application\/ld+json\" class=\"yoast-schema-graph\">{\"@context\":\"https:\/\/schema.org\",\"@graph\":[{\"@type\":\"WebPage\",\"@id\":\"https:\/\/csp.ch\/geneve\/services-aide\/prevention-surendettement\/\",\"url\":\"https:\/\/csp.ch\/geneve\/services-aide\/prevention-surendettement\/\",\"name\":\"Pr\u00e9vention du surendettement - CSP Gen\u00e8ve\",\"isPartOf\":{\"@id\":\"https:\/\/csp.ch\/geneve\/#website\"},\"primaryImageOfPage\":{\"@id\":\"https:\/\/csp.ch\/geneve\/services-aide\/prevention-surendettement\/#primaryimage\"},\"image\":{\"@id\":\"https:\/\/csp.ch\/geneve\/services-aide\/prevention-surendettement\/#primaryimage\"},\"thumbnailUrl\":\"https:\/\/csp.ch\/wp-content\/uploads\/sites\/5\/2015\/08\/20151117\u00a9CSP-VD_RebeccaBowring_G7A3694-1.jpg\",\"datePublished\":\"2015-08-07T07:22:18+00:00\",\"dateModified\":\"2023-04-13T12:42:06+00:00\",\"description\":\"\u00a0Depuis 2004, le CSP est actif dans la\u00a0pr\u00e9vention de l\u2019endettement aupr\u00e8s des jeunes \u00e0 l'aide de travailleurs sociaux qui interviennent dans les classes.\",\"breadcrumb\":{\"@id\":\"https:\/\/csp.ch\/geneve\/services-aide\/prevention-surendettement\/#breadcrumb\"},\"inLanguage\":\"fr-FR\",\"potentialAction\":[{\"@type\":\"ReadAction\",\"target\":[\"https:\/\/csp.ch\/geneve\/services-aide\/prevention-surendettement\/\"]}]},{\"@type\":\"ImageObject\",\"inLanguage\":\"fr-FR\",\"@id\":\"https:\/\/csp.ch\/geneve\/services-aide\/prevention-surendettement\/#primaryimage\",\"url\":\"https:\/\/csp.ch\/wp-content\/uploads\/sites\/5\/2015\/08\/20151117\u00a9CSP-VD_RebeccaBowring_G7A3694-1.jpg\",\"contentUrl\":\"https:\/\/csp.ch\/wp-content\/uploads\/sites\/5\/2015\/08\/20151117\u00a9CSP-VD_RebeccaBowring_G7A3694-1.jpg\",\"width\":2000,\"height\":1333},{\"@type\":\"BreadcrumbList\",\"@id\":\"https:\/\/csp.ch\/geneve\/services-aide\/prevention-surendettement\/#breadcrumb\",\"itemListElement\":[{\"@type\":\"ListItem\",\"position\":1,\"name\":\"Accueil\",\"item\":\"https:\/\/csp.ch\/geneve\/\"},{\"@type\":\"ListItem\",\"position\":2,\"name\":\"Services d&rsquo;aide\",\"item\":\"https:\/\/csp.ch\/geneve\/services-aide\/\"},{\"@type\":\"ListItem\",\"position\":3,\"name\":\"Pr\u00e9vention du surendettement\"}]},{\"@type\":\"WebSite\",\"@id\":\"https:\/\/csp.ch\/geneve\/#website\",\"url\":\"https:\/\/csp.ch\/geneve\/\",\"name\":\"CSP Gen\u00e8ve\",\"description\":\"\",\"potentialAction\":[{\"@type\":\"SearchAction\",\"target\":{\"@type\":\"EntryPoint\",\"urlTemplate\":\"https:\/\/csp.ch\/geneve\/?s={search_term_string}\"},\"query-input\":{\"@type\":\"PropertyValueSpecification\",\"valueRequired\":true,\"valueName\":\"search_term_string\"}}],\"inLanguage\":\"fr-FR\"}]}<\/script>\n<!-- \/ Yoast SEO plugin. -->","yoast_head_json":{"title":"Pr\u00e9vention du surendettement - CSP Gen\u00e8ve","description":"\u00a0Depuis 2004, le CSP est actif dans la\u00a0pr\u00e9vention de l\u2019endettement aupr\u00e8s des jeunes \u00e0 l'aide de travailleurs sociaux qui interviennent dans les classes.","robots":{"index":"index","follow":"follow","max-snippet":"max-snippet:-1","max-image-preview":"max-image-preview:large","max-video-preview":"max-video-preview:-1"},"canonical":"https:\/\/csp.ch\/geneve\/services-aide\/prevention-surendettement\/","og_locale":"fr_FR","og_type":"article","og_title":"Pr\u00e9vention du surendettement - CSP Gen\u00e8ve","og_description":"\u00a0Depuis 2004, le CSP est actif dans la\u00a0pr\u00e9vention de l\u2019endettement aupr\u00e8s des jeunes \u00e0 l'aide de travailleurs sociaux qui interviennent dans les classes.","og_url":"https:\/\/csp.ch\/geneve\/services-aide\/prevention-surendettement\/","og_site_name":"CSP Gen\u00e8ve","article_modified_time":"2023-04-13T12:42:06+00:00","og_image":[{"width":2000,"height":1333,"url":"https:\/\/csp.ch\/wp-content\/uploads\/sites\/5\/2015\/08\/20151117\u00a9CSP-VD_RebeccaBowring_G7A3694-1.jpg","type":"image\/jpeg"}],"twitter_card":"summary_large_image","twitter_misc":{"Dur\u00e9e de lecture estim\u00e9e":"1 minute"},"schema":{"@context":"https:\/\/schema.org","@graph":[{"@type":"WebPage","@id":"https:\/\/csp.ch\/geneve\/services-aide\/prevention-surendettement\/","url":"https:\/\/csp.ch\/geneve\/services-aide\/prevention-surendettement\/","name":"Pr\u00e9vention du surendettement - CSP Gen\u00e8ve","isPartOf":{"@id":"https:\/\/csp.ch\/geneve\/#website"},"primaryImageOfPage":{"@id":"https:\/\/csp.ch\/geneve\/services-aide\/prevention-surendettement\/#primaryimage"},"image":{"@id":"https:\/\/csp.ch\/geneve\/services-aide\/prevention-surendettement\/#primaryimage"},"thumbnailUrl":"https:\/\/csp.ch\/wp-content\/uploads\/sites\/5\/2015\/08\/20151117\u00a9CSP-VD_RebeccaBowring_G7A3694-1.jpg","datePublished":"2015-08-07T07:22:18+00:00","dateModified":"2023-04-13T12:42:06+00:00","description":"\u00a0Depuis 2004, le CSP est actif dans la\u00a0pr\u00e9vention de l\u2019endettement aupr\u00e8s des jeunes \u00e0 l'aide de travailleurs sociaux qui interviennent dans les classes.","breadcrumb":{"@id":"https:\/\/csp.ch\/geneve\/services-aide\/prevention-surendettement\/#breadcrumb"},"inLanguage":"fr-FR","potentialAction":[{"@type":"ReadAction","target":["https:\/\/csp.ch\/geneve\/services-aide\/prevention-surendettement\/"]}]},{"@type":"ImageObject","inLanguage":"fr-FR","@id":"https:\/\/csp.ch\/geneve\/services-aide\/prevention-surendettement\/#primaryimage","url":"https:\/\/csp.ch\/wp-content\/uploads\/sites\/5\/2015\/08\/20151117\u00a9CSP-VD_RebeccaBowring_G7A3694-1.jpg","contentUrl":"https:\/\/csp.ch\/wp-content\/uploads\/sites\/5\/2015\/08\/20151117\u00a9CSP-VD_RebeccaBowring_G7A3694-1.jpg","width":2000,"height":1333},{"@type":"BreadcrumbList","@id":"https:\/\/csp.ch\/geneve\/services-aide\/prevention-surendettement\/#breadcrumb","itemListElement":[{"@type":"ListItem","position":1,"name":"Accueil","item":"https:\/\/csp.ch\/geneve\/"},{"@type":"ListItem","position":2,"name":"Services d&rsquo;aide","item":"https:\/\/csp.ch\/geneve\/services-aide\/"},{"@type":"ListItem","position":3,"name":"Pr\u00e9vention du surendettement"}]},{"@type":"WebSite","@id":"https:\/\/csp.ch\/geneve\/#website","url":"https:\/\/csp.ch\/geneve\/","name":"CSP Gen\u00e8ve","description":"","potentialAction":[{"@type":"SearchAction","target":{"@type":"EntryPoint","urlTemplate":"https:\/\/csp.ch\/geneve\/?s={search_term_string}"},"query-input":{"@type":"PropertyValueSpecification","valueRequired":true,"valueName":"search_term_string"}}],"inLanguage":"fr-FR"}]}},"_links":{"self":[{"href":"https:\/\/csp.ch\/geneve\/wp-json\/wp\/v2\/pages\/36","targetHints":{"allow":["GET"]}}],"collection":[{"href":"https:\/\/csp.ch\/geneve\/wp-json\/wp\/v2\/pages"}],"about":[{"href":"https:\/\/csp.ch\/geneve\/wp-json\/wp\/v2\/types\/page"}],"author":[{"embeddable":true,"href":"https:\/\/csp.ch\/geneve\/wp-json\/wp\/v2\/users\/1"}],"replies":[{"embeddable":true,"href":"https:\/\/csp.ch\/geneve\/wp-json\/wp\/v2\/comments?post=36"}],"version-history":[{"count":5,"href":"https:\/\/csp.ch\/geneve\/wp-json\/wp\/v2\/pages\/36\/revisions"}],"predecessor-version":[{"id":20995,"href":"https:\/\/csp.ch\/geneve\/wp-json\/wp\/v2\/pages\/36\/revisions\/20995"}],"up":[{"embeddable":true,"href":"https:\/\/csp.ch\/geneve\/wp-json\/wp\/v2\/pages\/184"}],"wp:featuredmedia":[{"embeddable":true,"href":"https:\/\/csp.ch\/geneve\/wp-json\/wp\/v2\/media\/826"}],"wp:attachment":[{"href":"https:\/\/csp.ch\/geneve\/wp-json\/wp\/v2\/media?parent=36"}],"curies":[{"name":"wp","href":"https:\/\/api.w.org\/{rel}","templated":true}]}}