{"id":317,"date":"2015-08-27T18:38:09","date_gmt":"2015-08-27T17:38:09","guid":{"rendered":"https:\/\/csp.ch\/ge\/?page_id=317"},"modified":"2026-01-05T15:37:47","modified_gmt":"2026-01-05T14:37:47","slug":"vente-de-vin","status":"publish","type":"page","link":"https:\/\/csp.ch\/geneve\/achats-en-ligne\/vente-de-vin\/","title":{"rendered":"Vente de <strong>vin<\/strong>"},"content":{"rendered":"<div class=\"wpb-content-wrapper\"><p>[vc_row css=\u00a0\u00bb.vc_custom_1538063245562{margin-bottom: 0px !important;}\u00a0\u00bb][vc_column][vc_column_text css=\u00a0\u00bb\u00a0\u00bb]<\/p>\n<blockquote>\n<blockquote>\n<p style=\"text-align: center\">Alliez plaisir et solidarit\u00e9<\/p>\n<\/blockquote>\n<\/blockquote>\n<p>Le CSP vous propose, en partenariat avec le Domaine Les Hutins et le Domaine des Trois \u00c9toiles, une s\u00e9lection de vins issus du terroir genevois. \u00a0Pour vos occasions festives ou pour le plaisir de tous les jours, \u00e0 d\u00e9guster en famille ou entre amis.<\/p>\n<p><strong>Cette action sert \u00e0 soutenir l\u2019engagement du CSP aupr\u00e8s des foyers pr\u00e9caris\u00e9s du canton. Chaque bouteille achet\u00e9e fait une vraie diff\u00e9rence\u00a0<\/strong>[\/vc_column_text][\/vc_column][\/vc_row][vc_row][vc_column]<div class=\"woocommerce columns-1 \"><ul class=\"products columns-1\">\n<li class=\"post-3022 product type-product status-publish product_cat-vin product_shipping_class-wine-delivery first instock shipping-taxable purchasable product-type-simple\">\n\n\t<div class=\"product-infos\">\n\t\t\t\t<div class=\"col-left\">\n            <h2 class=\"woocommerce-loop-product__title\">Vin Blanc &#8211; Pinot Gris 2024<\/h2><p>Domaine Les Hutins<\/p>\n\t\t<\/div>\n\n\t\t<div class=\"col-right\">\n\t\t\t\n\t<span class=\"price\"><span class=\"woocommerce-Price-amount amount\"><bdi><span class=\"woocommerce-Price-currencySymbol\">&#67;&#72;&#70;<\/span>&nbsp;23.00<\/bdi><\/span><\/span>\n<a href=\"\/geneve\/wp-json\/wp\/v2\/pages\/317?add-to-cart=3022\" aria-describedby=\"woocommerce_loop_add_to_cart_link_describedby_3022\" data-quantity=\"1\" class=\"button product_type_simple add_to_cart_button ajax_add_to_cart\" data-product_id=\"3022\" data-product_sku=\"\" aria-label=\"Ajouter au panier\u00a0: &ldquo;Vin Blanc - Pinot Gris 2024&rdquo;\" rel=\"nofollow\" data-success_message=\"\u00ab\u00a0Vin Blanc - Pinot Gris 2024\u00a0\u00bb a \u00e9t\u00e9 ajout\u00e9 \u00e0 votre panier\" role=\"button\">Ajouter au panier<\/a>\t<span id=\"woocommerce_loop_add_to_cart_link_describedby_3022\" class=\"screen-reader-text\">\n\t\t\t<\/span>\n\t\t<\/div>\n\t<\/div>\n\n<\/li>\n<li class=\"post-6589 product type-product status-publish product_cat-vin product_shipping_class-wine-delivery first instock shipping-taxable purchasable product-type-simple\">\n\n\t<div class=\"product-infos\">\n\t\t\t\t<div class=\"col-left\">\n            <h2 class=\"woocommerce-loop-product__title\">Vin Rouge &#8211; Merlot 2020<\/h2><p>Domaine des Trois \u00c9toiles<\/p>\n\t\t<\/div>\n\n\t\t<div class=\"col-right\">\n\t\t\t\n\t<span class=\"price\"><span class=\"woocommerce-Price-amount amount\"><bdi><span class=\"woocommerce-Price-currencySymbol\">&#67;&#72;&#70;<\/span>&nbsp;26.00<\/bdi><\/span><\/span>\n<a href=\"\/geneve\/wp-json\/wp\/v2\/pages\/317?add-to-cart=6589\" aria-describedby=\"woocommerce_loop_add_to_cart_link_describedby_6589\" data-quantity=\"1\" class=\"button product_type_simple add_to_cart_button ajax_add_to_cart\" data-product_id=\"6589\" data-product_sku=\"\" aria-label=\"Ajouter au panier\u00a0: &ldquo;Vin Rouge - Merlot 2020&rdquo;\" rel=\"nofollow\" data-success_message=\"\u00ab\u00a0Vin Rouge - Merlot 2020\u00a0\u00bb a \u00e9t\u00e9 ajout\u00e9 \u00e0 votre panier\" role=\"button\">Ajouter au panier<\/a>\t<span id=\"woocommerce_loop_add_to_cart_link_describedby_6589\" class=\"screen-reader-text\">\n\t\t\t<\/span>\n\t\t<\/div>\n\t<\/div>\n\n<\/li>\n<\/ul>\n<\/div><div class=\"woocommerce columns-4 \"><ul class=\"products columns-4\">\n<li class=\"post-21662 product type-product status-publish product_cat-don product_cat-soiree-de-soutien first instock virtual purchasable product-type-simple\">\n\n\t<div class=\"product-infos\">\n\t\t\t\t<div class=\"col-left\">\n            <h2 class=\"woocommerce-loop-product__title\">Je souhaite faire un don de<\/h2><p><em data-renderer-mark=\"true\">\u00c0 partir de CHF 100.-, votre don est d\u00e9ductible des imp\u00f4ts. Merci<\/em><\/p>\n\t\t<\/div>\n\n\t\t<div class=\"col-right\">\n\t\t\t\n\t<span class=\"price\"><span class=\"woocommerce-Price-amount amount\"><bdi><span class=\"woocommerce-Price-currencySymbol\">&#67;&#72;&#70;<\/span>&nbsp;1.00<\/bdi><\/span><\/span>\n\n\t\n\t<form class=\"cart\" action=\"https:\/\/csp.ch\/geneve\/location-de-salles\/je-fais-un-don-de\/\" method=\"post\" enctype='multipart\/form-data'>\n\t\t\n\t\t    <div class=\"quantity\">\n\t\t\n\t\t<label class=\"screen-reader-text\" for=\"quantity_69d4eac4d0048\">quantit\u00e9 de Je souhaite faire un don de<\/label>\n\t\t<input\n\t\t\t\ttype=\"number\"\n\t\t\t\t\t\t\tid=\"quantity_69d4eac4d0048\"\n\t\t\t\tclass=\"input-text qty text\"\n\t\t\t\tname=\"quantity\"\n\t\t\t\tvalue=\"1\"\n\t\t\t\taria-label=\"Quantit\u00e9 de produits\"\n\t\t\t\t\t\t\t\tmin=\"1\"\n\t\t\t\t\t\t\t\t\t\t\tstep=\"1\"\n\t\t\t\tplaceholder=\"\"\n\t\t\t\tinputmode=\"numeric\"\n\t\t\t\tautocomplete=\"off\"\n\t\t\t\t\t\/>\n\t\t<label class=\"donation-amount\">Entrez le montant de votre don<br><input type=\"number\" name=\"_donation_amount\" value=\"1\" \/><\/label>    <\/div>\n\n\t\t<button type=\"submit\" name=\"add-to-cart\" value=\"21662\" class=\"single_add_to_cart_button button alt\">Ajouter au panier<\/button>\n\n\t\t\t<\/form>\n\n\t\n<a href=\"\/geneve\/wp-json\/wp\/v2\/pages\/317?add-to-cart=21662\" aria-describedby=\"woocommerce_loop_add_to_cart_link_describedby_21662\" data-quantity=\"1\" class=\"button product_type_simple add_to_cart_button ajax_add_to_cart\" data-product_id=\"21662\" data-product_sku=\"\" aria-label=\"Ajouter au panier\u00a0: &ldquo;Je souhaite faire un don de&rdquo;\" rel=\"nofollow\" data-success_message=\"\u00ab\u00a0Je souhaite faire un don de\u00a0\u00bb a \u00e9t\u00e9 ajout\u00e9 \u00e0 votre panier\" role=\"button\">Ajouter au panier<\/a>\t<span id=\"woocommerce_loop_add_to_cart_link_describedby_21662\" class=\"screen-reader-text\">\n\t\t\t<\/span>\n\t\t<\/div>\n\t<\/div>\n\n<\/li>\n<\/ul>\n<\/div>[vc_column_text css=\u00a0\u00bb\u00a0\u00bb]<\/p>\n<h2><strong>Informations pratiques<\/strong><\/h2>\n<ul>\n<li>Frais de livraison\u00a0 : CHF 10.- (offerte d\u00e8s 12 bouteilles achet\u00e9es)<\/li>\n<li>Livraison:<strong> uniquement \u00e0 Gen\u00e8ve <\/strong><\/li>\n<li>Prix : TTC<\/li>\n<\/ul>\n<p><strong>Apr\u00e8s votre commande pass\u00e9e:\u00a0<\/strong><\/p>\n<ul>\n<li data-start=\"2157\" data-end=\"2267\">\n<p data-start=\"2159\" data-end=\"2267\">Pour une <strong data-start=\"2168\" data-end=\"2192\">livraison \u00e0 domicile<\/strong>, vous serez contact\u00e9\u00b7e par e-mail ou t\u00e9l\u00e9phone pour convenir d\u2019une date.<\/p>\n<\/li>\n<li data-start=\"2268\" data-end=\"2425\">\n<p data-start=\"2270\" data-end=\"2425\">Pour un <strong data-start=\"2278\" data-end=\"2296\">retrait au CSP<\/strong>, merci d\u2019\u00e9crire \u00e0 <a class=\"decorated-link cursor-pointer\" rel=\"noopener\" data-start=\"2315\" data-end=\"2372\">&#x63;&#111;&#x6d;&#x6d;u&#x6e;&#105;c&#x61;&#116;i&#x6f;&#110;&#x40;&#x63;s&#x70;&#45;g&#x65;&#46;c&#x68;<\/a> et d\u2019attendre une confirmation avant votre visite.<\/p>\n<\/li>\n<\/ul>\n<p>Un grand merci pour votre achat ![\/vc_column_text][vc_column_text css=\u00a0\u00bb\u00a0\u00bb]<\/p>\n<h2>Les domaines partenaires<\/h2>\n<p class=\"p1\">Depuis cinq g\u00e9n\u00e9rations, le <strong>Domaine Les Hutins<\/strong> propose des vins prim\u00e9s dans les concours les plus exigeants de Suisse. Certifi\u00e9s bio depuis 2022, le domaine vinifie et met en bouteilles la r\u00e9colte de ses 19 hectares \u00e0 Dardagny, dans le respect de la philosophie du vigneron-encaveur<\/p>\n<p class=\"p1\">Pionnier dans la culture du Merlot \u00e0 Gen\u00e8ve notamment, le<strong> Domaine des Trois \u00c9toiles<\/strong> jouit d\u2019une excellente r\u00e9putation. Ses 10 hectares de vignes sur le coteau de Peissy sont cultiv\u00e9s sans engrais, pesticides ou autres produits de synth\u00e8se et sont certifi\u00e9s Bio (en conversion d\u00e8s 2019, la certification a \u00e9t\u00e9 obtenue en 2022). Le Merlot 2020 est un vin de caract\u00e8re, fruit\u00e9 et persistant avec une belle amplitude aromatique. En 2025, il a re\u00e7u une m\u00e9daille d\u2019or au Grand Prix du Vin Suisse<\/p>\n<p>[\/vc_column_text][vc_column_text css=\u00a0\u00bb\u00a0\u00bb]<\/p>\n<p style=\"text-align: center\"><span style=\"color: #f4960f\"><strong><em>\u00ab\u00a0Le meilleur vin n\u2019est pas n\u00e9cessairement le plus cher, mais celui que l\u2019on partage.\u00a0\u00bb<\/em><\/strong><\/span><\/p>\n<p style=\"text-align: right\">(Georges Brassens)<\/p>\n<p data-start=\"2550\" data-end=\"2810\">Que vous pr\u00e9f\u00e9riez un Pinot Gris \u00e9l\u00e9gant et rafra\u00eechissant ou un Merlot g\u00e9n\u00e9reux et fruit\u00e9, l\u2019essentiel est de partager un moment convivial tout en soutenant la solidarit\u00e9 \u00e0 Gen\u00e8ve.<\/p>\n<p data-start=\"2550\" data-end=\"2810\"><br data-start=\"2735\" data-end=\"2738\" \/>Merci de tout c\u0153ur pour votre engagement et tr\u00e8s bonne d\u00e9gustation !<\/p>\n<p>[\/vc_column_text][\/vc_column][\/vc_row][vc_row][vc_column][\/vc_column][\/vc_row]<\/p>\n<\/div>","protected":false},"excerpt":{"rendered":"<p>[vc_row css=\u00a0\u00bb.vc_custom_1538063245562{margin-bottom: 0px !important;}\u00a0\u00bb][vc_column][vc_column_text css=\u00a0\u00bb\u00a0\u00bb] Alliez plaisir et solidarit\u00e9 Le CSP vous propose, en partenariat avec le Domaine Les Hutins et le Domaine des Trois \u00c9toiles, une s\u00e9lection de vins issus du terroir genevois. \u00a0Pour vos occasions festives ou pour le plaisir de tous les jours, \u00e0 d\u00e9guster en famille ou entre amis. Cette action [&hellip;]<\/p>\n","protected":false},"author":1,"featured_media":28679,"parent":19104,"menu_order":0,"comment_status":"closed","ping_status":"closed","template":"","meta":{"_acf_changed":false,"footnotes":""},"class_list":["post-317","page","type-page","status-publish","has-post-thumbnail","hentry"],"acf":[],"yoast_head":"<!-- This site is optimized with the Yoast SEO plugin v27.1.1 - https:\/\/yoast.com\/product\/yoast-seo-wordpress\/ -->\n<title>Vente de vin - CSP Gen\u00e8ve<\/title>\n<meta name=\"description\" content=\"Pour toutes les occasions festives - anniversaires, repas de fin de l\u2019ann\u00e9e... -, choisissez des vins issus du terroir genevois vendus au profit du CSP !\" \/>\n<meta name=\"robots\" content=\"index, follow, max-snippet:-1, max-image-preview:large, max-video-preview:-1\" \/>\n<link rel=\"canonical\" href=\"https:\/\/csp.ch\/geneve\/achats-en-ligne\/vente-de-vin\/\" \/>\n<meta property=\"og:locale\" content=\"fr_FR\" \/>\n<meta property=\"og:type\" content=\"article\" \/>\n<meta property=\"og:title\" content=\"Vente de vin - CSP Gen\u00e8ve\" \/>\n<meta property=\"og:description\" content=\"Pour toutes les occasions festives - anniversaires, repas de fin de l\u2019ann\u00e9e... -, choisissez des vins issus du terroir genevois vendus au profit du CSP !\" \/>\n<meta property=\"og:url\" content=\"https:\/\/csp.ch\/geneve\/achats-en-ligne\/vente-de-vin\/\" \/>\n<meta property=\"og:site_name\" content=\"CSP Gen\u00e8ve\" \/>\n<meta property=\"article:modified_time\" content=\"2026-01-05T14:37:47+00:00\" \/>\n<meta property=\"og:image\" content=\"https:\/\/csp.ch\/wp-content\/uploads\/sites\/5\/2025\/10\/CSP_Nveen_740x360_new-scaled.jpg\" \/>\n\t<meta property=\"og:image:width\" content=\"2560\" \/>\n\t<meta property=\"og:image:height\" content=\"1246\" \/>\n\t<meta property=\"og:image:type\" content=\"image\/jpeg\" \/>\n<meta name=\"twitter:card\" content=\"summary_large_image\" \/>\n<meta name=\"twitter:label1\" content=\"Dur\u00e9e de lecture estim\u00e9e\" \/>\n\t<meta name=\"twitter:data1\" content=\"3 minutes\" \/>\n<script type=\"application\/ld+json\" class=\"yoast-schema-graph\">{\"@context\":\"https:\/\/schema.org\",\"@graph\":[{\"@type\":\"WebPage\",\"@id\":\"https:\/\/csp.ch\/geneve\/achats-en-ligne\/vente-de-vin\/\",\"url\":\"https:\/\/csp.ch\/geneve\/achats-en-ligne\/vente-de-vin\/\",\"name\":\"Vente de vin - CSP Gen\u00e8ve\",\"isPartOf\":{\"@id\":\"https:\/\/csp.ch\/geneve\/#website\"},\"primaryImageOfPage\":{\"@id\":\"https:\/\/csp.ch\/geneve\/achats-en-ligne\/vente-de-vin\/#primaryimage\"},\"image\":{\"@id\":\"https:\/\/csp.ch\/geneve\/achats-en-ligne\/vente-de-vin\/#primaryimage\"},\"thumbnailUrl\":\"https:\/\/csp.ch\/wp-content\/uploads\/sites\/5\/2025\/10\/CSP_Nveen_740x360_new-scaled.jpg\",\"datePublished\":\"2015-08-27T17:38:09+00:00\",\"dateModified\":\"2026-01-05T14:37:47+00:00\",\"description\":\"Pour toutes les occasions festives - anniversaires, repas de fin de l\u2019ann\u00e9e... -, choisissez des vins issus du terroir genevois vendus au profit du CSP !\",\"breadcrumb\":{\"@id\":\"https:\/\/csp.ch\/geneve\/achats-en-ligne\/vente-de-vin\/#breadcrumb\"},\"inLanguage\":\"fr-FR\",\"potentialAction\":[{\"@type\":\"ReadAction\",\"target\":[\"https:\/\/csp.ch\/geneve\/achats-en-ligne\/vente-de-vin\/\"]}]},{\"@type\":\"ImageObject\",\"inLanguage\":\"fr-FR\",\"@id\":\"https:\/\/csp.ch\/geneve\/achats-en-ligne\/vente-de-vin\/#primaryimage\",\"url\":\"https:\/\/csp.ch\/wp-content\/uploads\/sites\/5\/2025\/10\/CSP_Nveen_740x360_new-scaled.jpg\",\"contentUrl\":\"https:\/\/csp.ch\/wp-content\/uploads\/sites\/5\/2025\/10\/CSP_Nveen_740x360_new-scaled.jpg\",\"width\":2560,\"height\":1246},{\"@type\":\"BreadcrumbList\",\"@id\":\"https:\/\/csp.ch\/geneve\/achats-en-ligne\/vente-de-vin\/#breadcrumb\",\"itemListElement\":[{\"@type\":\"ListItem\",\"position\":1,\"name\":\"Accueil\",\"item\":\"https:\/\/csp.ch\/geneve\/\"},{\"@type\":\"ListItem\",\"position\":2,\"name\":\"Achats en ligne\",\"item\":\"https:\/\/csp.ch\/geneve\/achats-en-ligne\/\"},{\"@type\":\"ListItem\",\"position\":3,\"name\":\"Vente de vin\"}]},{\"@type\":\"WebSite\",\"@id\":\"https:\/\/csp.ch\/geneve\/#website\",\"url\":\"https:\/\/csp.ch\/geneve\/\",\"name\":\"CSP Gen\u00e8ve\",\"description\":\"\",\"potentialAction\":[{\"@type\":\"SearchAction\",\"target\":{\"@type\":\"EntryPoint\",\"urlTemplate\":\"https:\/\/csp.ch\/geneve\/?s={search_term_string}\"},\"query-input\":{\"@type\":\"PropertyValueSpecification\",\"valueRequired\":true,\"valueName\":\"search_term_string\"}}],\"inLanguage\":\"fr-FR\"}]}<\/script>\n<!-- \/ Yoast SEO plugin. -->","yoast_head_json":{"title":"Vente de vin - CSP Gen\u00e8ve","description":"Pour toutes les occasions festives - anniversaires, repas de fin de l\u2019ann\u00e9e... -, choisissez des vins issus du terroir genevois vendus au profit du CSP !","robots":{"index":"index","follow":"follow","max-snippet":"max-snippet:-1","max-image-preview":"max-image-preview:large","max-video-preview":"max-video-preview:-1"},"canonical":"https:\/\/csp.ch\/geneve\/achats-en-ligne\/vente-de-vin\/","og_locale":"fr_FR","og_type":"article","og_title":"Vente de vin - CSP Gen\u00e8ve","og_description":"Pour toutes les occasions festives - anniversaires, repas de fin de l\u2019ann\u00e9e... -, choisissez des vins issus du terroir genevois vendus au profit du CSP !","og_url":"https:\/\/csp.ch\/geneve\/achats-en-ligne\/vente-de-vin\/","og_site_name":"CSP Gen\u00e8ve","article_modified_time":"2026-01-05T14:37:47+00:00","og_image":[{"width":2560,"height":1246,"url":"https:\/\/csp.ch\/wp-content\/uploads\/sites\/5\/2025\/10\/CSP_Nveen_740x360_new-scaled.jpg","type":"image\/jpeg"}],"twitter_card":"summary_large_image","twitter_misc":{"Dur\u00e9e de lecture estim\u00e9e":"3 minutes"},"schema":{"@context":"https:\/\/schema.org","@graph":[{"@type":"WebPage","@id":"https:\/\/csp.ch\/geneve\/achats-en-ligne\/vente-de-vin\/","url":"https:\/\/csp.ch\/geneve\/achats-en-ligne\/vente-de-vin\/","name":"Vente de vin - CSP Gen\u00e8ve","isPartOf":{"@id":"https:\/\/csp.ch\/geneve\/#website"},"primaryImageOfPage":{"@id":"https:\/\/csp.ch\/geneve\/achats-en-ligne\/vente-de-vin\/#primaryimage"},"image":{"@id":"https:\/\/csp.ch\/geneve\/achats-en-ligne\/vente-de-vin\/#primaryimage"},"thumbnailUrl":"https:\/\/csp.ch\/wp-content\/uploads\/sites\/5\/2025\/10\/CSP_Nveen_740x360_new-scaled.jpg","datePublished":"2015-08-27T17:38:09+00:00","dateModified":"2026-01-05T14:37:47+00:00","description":"Pour toutes les occasions festives - anniversaires, repas de fin de l\u2019ann\u00e9e... -, choisissez des vins issus du terroir genevois vendus au profit du CSP !","breadcrumb":{"@id":"https:\/\/csp.ch\/geneve\/achats-en-ligne\/vente-de-vin\/#breadcrumb"},"inLanguage":"fr-FR","potentialAction":[{"@type":"ReadAction","target":["https:\/\/csp.ch\/geneve\/achats-en-ligne\/vente-de-vin\/"]}]},{"@type":"ImageObject","inLanguage":"fr-FR","@id":"https:\/\/csp.ch\/geneve\/achats-en-ligne\/vente-de-vin\/#primaryimage","url":"https:\/\/csp.ch\/wp-content\/uploads\/sites\/5\/2025\/10\/CSP_Nveen_740x360_new-scaled.jpg","contentUrl":"https:\/\/csp.ch\/wp-content\/uploads\/sites\/5\/2025\/10\/CSP_Nveen_740x360_new-scaled.jpg","width":2560,"height":1246},{"@type":"BreadcrumbList","@id":"https:\/\/csp.ch\/geneve\/achats-en-ligne\/vente-de-vin\/#breadcrumb","itemListElement":[{"@type":"ListItem","position":1,"name":"Accueil","item":"https:\/\/csp.ch\/geneve\/"},{"@type":"ListItem","position":2,"name":"Achats en ligne","item":"https:\/\/csp.ch\/geneve\/achats-en-ligne\/"},{"@type":"ListItem","position":3,"name":"Vente de vin"}]},{"@type":"WebSite","@id":"https:\/\/csp.ch\/geneve\/#website","url":"https:\/\/csp.ch\/geneve\/","name":"CSP Gen\u00e8ve","description":"","potentialAction":[{"@type":"SearchAction","target":{"@type":"EntryPoint","urlTemplate":"https:\/\/csp.ch\/geneve\/?s={search_term_string}"},"query-input":{"@type":"PropertyValueSpecification","valueRequired":true,"valueName":"search_term_string"}}],"inLanguage":"fr-FR"}]}},"_links":{"self":[{"href":"https:\/\/csp.ch\/geneve\/wp-json\/wp\/v2\/pages\/317","targetHints":{"allow":["GET"]}}],"collection":[{"href":"https:\/\/csp.ch\/geneve\/wp-json\/wp\/v2\/pages"}],"about":[{"href":"https:\/\/csp.ch\/geneve\/wp-json\/wp\/v2\/types\/page"}],"author":[{"embeddable":true,"href":"https:\/\/csp.ch\/geneve\/wp-json\/wp\/v2\/users\/1"}],"replies":[{"embeddable":true,"href":"https:\/\/csp.ch\/geneve\/wp-json\/wp\/v2\/comments?post=317"}],"version-history":[{"count":5,"href":"https:\/\/csp.ch\/geneve\/wp-json\/wp\/v2\/pages\/317\/revisions"}],"predecessor-version":[{"id":30411,"href":"https:\/\/csp.ch\/geneve\/wp-json\/wp\/v2\/pages\/317\/revisions\/30411"}],"up":[{"embeddable":true,"href":"https:\/\/csp.ch\/geneve\/wp-json\/wp\/v2\/pages\/19104"}],"wp:featuredmedia":[{"embeddable":true,"href":"https:\/\/csp.ch\/geneve\/wp-json\/wp\/v2\/media\/28679"}],"wp:attachment":[{"href":"https:\/\/csp.ch\/geneve\/wp-json\/wp\/v2\/media?parent=317"}],"curies":[{"name":"wp","href":"https:\/\/api.w.org\/{rel}","templated":true}]}}