{"id":29807,"date":"2025-11-27T16:27:59","date_gmt":"2025-11-27T15:27:59","guid":{"rendered":"https:\/\/csp.ch\/geneve\/?page_id=29807"},"modified":"2025-12-15T15:10:52","modified_gmt":"2025-12-15T14:10:52","slug":"podcasts","status":"publish","type":"page","link":"https:\/\/csp.ch\/geneve\/podcasts\/","title":{"rendered":"Podcast"},"content":{"rendered":"<div class=\"wpb-content-wrapper\"><p>[vc_row][vc_column][vc_column_text css=\u00a0\u00bb\u00a0\u00bb]<\/p>\n<h1><strong>Des vies en marge<\/strong><\/h1>\n<p><strong>Un podcast en 3 \u00e9pisodes pour explorer les r\u00e9alit\u00e9s de l&rsquo;asile en Suisse.<br \/>\n<\/strong><\/p>\n<blockquote><p>Derri\u00e8re chaque statistique, il y a une histoire, un visage, une humanit\u00e9.<\/p><\/blockquote>\n<p>R\u00e9fugi\u00e9 d\u2019Afrique de l\u2019Ouest, Patrick* raconte les violences subies sur la route, la promiscuit\u00e9 des abris et l\u2019attente interminable d\u2019une d\u00e9cision.<\/p>\n<p>Un podcast du CSP Gen\u00e8ve, en partenariat avec l&rsquo;association <a href=\"https:\/\/leparloir.ch\/\">Le Parloir<\/a><br \/>\nD\u00e9cembre 2025<\/p>\n<pre>* Pr\u00e9nom fictif\r\n<\/pre>\n<p>[\/vc_column_text][\/vc_column][\/vc_row][vc_row][vc_column width=\u00a0\u00bb1\/2&Prime;][vc_column_text css=\u00a0\u00bb\u00a0\u00bb]<a href=\"https:\/\/radiobascule.ch\/des-vies-en-marge\/les-accords-de-dublin-une-frontiere-procedurale\/1167\"><img loading=\"lazy\" decoding=\"async\" class=\"alignleft size-medium wp-image-29813\" src=\"https:\/\/csp.ch\/wp-content\/uploads\/sites\/5\/2025\/11\/CSP25_Podcast_Episode1-300x300.png\" alt=\"\" width=\"300\" height=\"300\" srcset=\"https:\/\/csp.ch\/wp-content\/uploads\/sites\/5\/2025\/11\/CSP25_Podcast_Episode1-300x300.png 300w, https:\/\/csp.ch\/wp-content\/uploads\/sites\/5\/2025\/11\/CSP25_Podcast_Episode1-1024x1024.png 1024w, https:\/\/csp.ch\/wp-content\/uploads\/sites\/5\/2025\/11\/CSP25_Podcast_Episode1-768x768.png 768w, https:\/\/csp.ch\/wp-content\/uploads\/sites\/5\/2025\/11\/CSP25_Podcast_Episode1-1536x1536.png 1536w, https:\/\/csp.ch\/wp-content\/uploads\/sites\/5\/2025\/11\/CSP25_Podcast_Episode1-2048x2048.png 2048w, https:\/\/csp.ch\/wp-content\/uploads\/sites\/5\/2025\/11\/CSP25_Podcast_Episode1-640x640.png 640w, https:\/\/csp.ch\/wp-content\/uploads\/sites\/5\/2025\/11\/CSP25_Podcast_Episode1-221x221.png 221w, https:\/\/csp.ch\/wp-content\/uploads\/sites\/5\/2025\/11\/CSP25_Podcast_Episode1-740x740.png 740w, https:\/\/csp.ch\/wp-content\/uploads\/sites\/5\/2025\/11\/CSP25_Podcast_Episode1-100x100.png 100w\" sizes=\"auto, (max-width: 300px) 100vw, 300px\" \/><\/a><\/p>\n<audio class=\"wp-audio-shortcode\" id=\"audio-29807-1\" preload=\"none\" style=\"width: 100%;\" controls=\"controls\"><source type=\"audio\/mpeg\" src=\"https:\/\/dashboard.radiobascule.ch\/upload\/media\/audios\/0001\/03\/787a268c296c8160a1c5f527435e71f3d6870347.mp3?_=1\" \/><a href=\"https:\/\/dashboard.radiobascule.ch\/upload\/media\/audios\/0001\/03\/787a268c296c8160a1c5f527435e71f3d6870347.mp3\">https:\/\/dashboard.radiobascule.ch\/upload\/media\/audios\/0001\/03\/787a268c296c8160a1c5f527435e71f3d6870347.mp3<\/a><\/audio>\n<p>Cet \u00e9pisode est \u00e9galement disponible sur <a href=\"https:\/\/playpodcast.ch\" data-ik=\"ik-secure\" data-ik-opengraph-status=\"anchor\">l&rsquo;application PlayPodcast<\/a><\/p>\n<p><strong>Inserts m\u00e9dias<\/strong>:<\/p>\n<p><a href=\"https:\/\/www.rts.ch\/info\/monde\/14668821-le-renvoi-des-requerants-dasile-de-la-suisse-a-la-croatie-juge-inacceptable-par-les-ong.html\">RTS Radio T\u00e9l\u00e9vision Suisse, La Matinale, 2024,\u00a0Val\u00e9rie Hauert<\/a><\/p>\n<p><a href=\"https:\/\/www.rts.ch\/info\/suisse\/13911281-la-croatie-consideree-comme-fiable-pour-le-renvoi-de-migrants-au-grand-dam-des-ong.html\">RTS Radio T\u00e9l\u00e9vision Suisse, 19:30, 2023,\u00a0Laurent Burkhalter<\/a><\/p>\n<p>[\/vc_column_text][\/vc_column][vc_column width=\u00a0\u00bb1\/2&Prime;][vc_column_text css=\u00a0\u00bb\u00a0\u00bb]<\/p>\n<h3 style=\"text-align: right\">\u00ab\u00a0Les accords de Dublin: une fronti\u00e8re proc\u00e9durale\u00a0\u00bb<\/h3>\n<p style=\"text-align: right\">Arriv\u00e9 en Suisse au bout d\u2019un voyage \u00e9prouvant et p\u00e9rilleux, Patrick essuie une d\u00e9cision de renvoi vers la Croatie, un pays o\u00f9 il a subi des mauvais traitements.<\/p>\n<p style=\"text-align: right\"><em>\u00ab Nous, on a fui la guerre, des tortures. On arrive dans un pays europ\u00e9en qui dit respecter les droits de l\u2019homme et on rencontre tous ces traitements&#8230; C\u2019est vraiment inexplicable. On ne comprend pas! \u00bb<\/em><\/p>\n<p style=\"text-align: right\">\u00c0 l\u2019ombre des accords de Dublin et d\u2019un m\u00e9canisme en apparence impersonnel se nouent des enjeux humains que d\u00e9cortiquent pour nous la juriste Marie-Claire Kunz, la m\u00e9decin Sophie Durieux et Lisa Mazzone, femme politique.<\/p>\n<p>[\/vc_column_text][\/vc_column][\/vc_row][vc_row][vc_column width=\u00a0\u00bb1\/2&Prime;][vc_single_image image=\u00a0\u00bb29985&Prime; img_size=\u00a0\u00bbmedium\u00a0\u00bb onclick=\u00a0\u00bbcustom_link\u00a0\u00bb css=\u00a0\u00bb\u00a0\u00bb link=\u00a0\u00bbhttps:\/\/radiobascule.ch\/175\/episode\/1168&Prime;][vc_column_text css=\u00a0\u00bb\u00a0\u00bb]<\/p>\n<audio class=\"wp-audio-shortcode\" id=\"audio-29807-2\" preload=\"none\" style=\"width: 100%;\" controls=\"controls\"><source type=\"audio\/mpeg\" src=\"https:\/\/dashboard.radiobascule.ch\/upload\/media\/audios\/0001\/03\/300b8f8641883c10882376c06616976f349dc2d8.mp3?_=2\" \/><a href=\"https:\/\/dashboard.radiobascule.ch\/upload\/media\/audios\/0001\/03\/300b8f8641883c10882376c06616976f349dc2d8.mp3\">https:\/\/dashboard.radiobascule.ch\/upload\/media\/audios\/0001\/03\/300b8f8641883c10882376c06616976f349dc2d8.mp3<\/a><\/audio>\n<p>Cet \u00e9pisode est \u00e9galement disponible sur <a href=\"https:\/\/playpodcast.ch\" data-ik=\"ik-secure\" data-ik-opengraph-status=\"anchor\">l&rsquo;application PlayPodcast<\/a><\/p>\n<p><strong>Insert m\u00e9dia<\/strong>:<\/p>\n<p class=\"x_MsoNormal\"><a href=\"https:\/\/www.rts.ch\/play\/tv\/forum\/video\/le-debat-centres-federaux-dasile-droits-humains-en-danger?urn=urn:rts:video:12211579\">RTS Radio T\u00e9l\u00e9vision Suisse,\u00a0<span lang=\"DE-CH\">Forum, 2021, invit\u00e9 Aldo Brina<\/span><\/a><\/p>\n<p>[\/vc_column_text][\/vc_column][vc_column width=\u00a0\u00bb1\/2&Prime;][vc_column_text css=\u00a0\u00bb\u00a0\u00bb]<\/p>\n<h3 style=\"text-align: right\">\u00ab\u00a0L&rsquo;asile au quotidien: une vie de requ\u00e9rant\u00b7e\u00a0\u00bb<\/h3>\n<p class=\"x_MsoNormal\" style=\"text-align: right\">Ayant \u00e9vit\u00e9 le renvoi en Croatie, Patrick entre dans une proc\u00e9dure d\u2019asile en Suisse. Transf\u00e9r\u00e9 de centres en foyers, il nous raconte la promiscuit\u00e9 et les conditions d\u2019h\u00e9bergement pr\u00e9caires.<\/p>\n<p class=\"x_MsoNormal\" style=\"text-align: right\"><span lang=\"FR\">Foyers collectifs, aide minimale et interdiction de travailler : Lucine Miserez, assistante sociale, nous rappelle les conditions de vie et l\u2019absence de perspectives qui p\u00e8sent sur les personnes qu\u2019elle accompagne au quotidien.<\/span><\/p>\n<p class=\"x_MsoNormal\" style=\"text-align: right\"><span lang=\"FR\">Lena Strasser et Lisa Mazzone \u00e9voquent \u00e0 leur tour des exp\u00e9riences de rencontres entre requ\u00e9rant\u00b7es et parlementaires qui ont permis de faire \u00e9voluer les regards et bouger les lignes. Ou quand, dans un oc\u00e9an d\u2019indiff\u00e9rence et de m\u00e9connaissance, la cr\u00e9ation de liens permet de faire progresser la d\u00e9fense de l\u2019asile.<\/span><\/p>\n<p>[\/vc_column_text][\/vc_column][\/vc_row][vc_row][vc_column width=\u00a0\u00bb1\/2&Prime;][vc_single_image image=\u00a0\u00bb30055&Prime; img_size=\u00a0\u00bbmedium\u00a0\u00bb onclick=\u00a0\u00bbcustom_link\u00a0\u00bb css=\u00a0\u00bb\u00a0\u00bb link=\u00a0\u00bbhttps:\/\/radiobascule.ch\/des-vies-en-marge\/droit-dasile-et-politique-dexclusion\/1176&Prime;][vc_column_text css=\u00a0\u00bb\u00a0\u00bb]<\/p>\n<audio class=\"wp-audio-shortcode\" id=\"audio-29807-3\" preload=\"none\" style=\"width: 100%;\" controls=\"controls\"><source type=\"audio\/mpeg\" src=\"https:\/\/dashboard.radiobascule.ch\/upload\/media\/audios\/0001\/03\/840ebde5cd6290996f61d1310fe1e17c7af3bdc1.mp3?_=3\" \/><a href=\"https:\/\/dashboard.radiobascule.ch\/upload\/media\/audios\/0001\/03\/840ebde5cd6290996f61d1310fe1e17c7af3bdc1.mp3\">https:\/\/dashboard.radiobascule.ch\/upload\/media\/audios\/0001\/03\/840ebde5cd6290996f61d1310fe1e17c7af3bdc1.mp3<\/a><\/audio>\n<p>Cet \u00e9pisode est \u00e9galement disponible sur <a href=\"https:\/\/playpodcast.ch\/\" data-ik=\"ik-secure\" data-ik-opengraph-status=\"anchor\">l\u2019application PlayPodcast<\/a><\/p>\n<p><strong>Inserts m\u00e9dias<\/strong>:<\/p>\n<p><a href=\"https:\/\/www.youtube.com\/watch?v=GaKnZOafxow&amp;ab_channel=FIFDHGen%C3%A8ve\">FIFDH, \u00ab\u00a0La proc\u00e9dure d\u2019asile en Suisse \u00e0 l\u2019\u00e8re du soup\u00e7on\u00a0\u00bb, table ronde du 13 mars 2024, Rapha\u00ebl Rey<\/a><\/p>\n<p><a href=\"https:\/\/www.rts.ch\/play\/tv\/forum\/video\/un-requerant-dasile-afghan-deboute-se-suicide-a-geneve?urn=urn:rts:video:13598316\">RTS Radio T\u00e9l\u00e9vision Suisse, Forum, 2022, Pietro Bugnon<\/a>[\/vc_column_text][\/vc_column][vc_column width=\u00a0\u00bb1\/2&Prime;][vc_column_text css=\u00a0\u00bb\u00a0\u00bb]<\/p>\n<h3 style=\"text-align: right\">\u00ab\u00a0Droit d\u2019asile et politique d\u2019exclusion \u00bb<\/h3>\n<p style=\"text-align: right\"><em>\u00ab 122 questions \u00bb<\/em>\u00a0: Patrick raconte ici l\u2019\u00e9tape de l\u2019audition sur ses motifs d\u2019asile, une \u00e9tape qu\u2019il a v\u00e9cue comme terrifiante.<\/p>\n<p style=\"text-align: right\">Au-del\u00e0 des crit\u00e8res l\u00e9gaux qui r\u00e9gissent l\u2019acc\u00e8s au statut de r\u00e9fugi\u00e9, le <em>\u00ab\u00a0nerf de la guerre\u00a0\u00bb<\/em>, c\u2019est la<em>\u00a0\u00ab\u00a0cr\u00e9dibilit\u00e9\u00a0\u00bb<\/em>\u00a0des personnes et du r\u00e9cit qu\u2019elles pr\u00e9sentent pour motiver leur demande d\u2019asile, rappelle la juriste Marie-Claire Kunz.<\/p>\n<p style=\"text-align: right\">Ce moment d\u00e9terminant dans la proc\u00e9dure s\u2019inscrit dans le contexte g\u00e9n\u00e9ral d\u2019une complexification et d\u2019un durcissement du cadre l\u00e9gislatif. La surm\u00e9diatisation du champ de l\u2019asile en Suisse, soulignent Lena Strasser et Lisa Mazzone, ob\u00e9it \u00e0 des vis\u00e9es politiciennes et \u00e9lectoralistes.<\/p>\n<p>[\/vc_column_text][\/vc_column][\/vc_row][vc_row][vc_column width=\u00a0\u00bb1\/2&Prime;][vc_column_text css=\u00a0\u00bb\u00a0\u00bb]<\/p>\n<p style=\"text-align: left\"><strong>Avec les interventions de<\/strong><\/p>\n<p style=\"text-align: left\">&gt; Sophie Durieux, m\u00e9decin adjointe responsable de l\u2019Unit\u00e9 de sant\u00e9 asile et r\u00e9fugi\u00e9s des HUG<br \/>\n&gt; Marie-Claire Kunz, juriste au Service r\u00e9fugi\u00e9\u00b7es du CSP Gen\u00e8ve<br \/>\n&gt; Lisa Mazzone, pr\u00e9sidente des Vert\u00b7e\u00b7s Suisse<br \/>\n&gt; Lucine Miserez, assistante sociale au Service r\u00e9fugi\u00e9\u00b7es du CSP Gen\u00e8ve<br \/>\n&gt; Lena Strasser, d\u00e9put\u00e9e au Grand Conseil genevois<\/p>\n<p>[\/vc_column_text][\/vc_column][vc_column width=\u00a0\u00bb1\/2&Prime;][vc_column_text css=\u00a0\u00bb\u00a0\u00bb]<\/p>\n<p style=\"text-align: right\"><strong>Cr\u00e9dits<\/strong><\/p>\n<p style=\"text-align: right\">&gt; Cr\u00e9ation, r\u00e9alisation et montage : Rapha\u00ebl Rey, Laure Heurtier et Carine Fluckiger<br \/>\n&gt; Voix off : Laure Heurtier<br \/>\n&gt; Mixage : L\u00e9onard Blanc<br \/>\n&gt; Musique : Boucan, \u00ab Tout ce qui ne vaut rien \u00bb<br \/>\n&gt; Graphisme : Mathilde Veuthey<\/p>\n<p style=\"text-align: right\"><strong>Un podcast du CSP Gen\u00e8ve, en partenariat avec l&rsquo;association Le Parloir<\/strong><\/p>\n<p>[\/vc_column_text][\/vc_column][\/vc_row][vc_row][vc_column][\/vc_column][\/vc_row]<\/p>\n<\/div>","protected":false},"excerpt":{"rendered":"<p>[vc_row][vc_column][vc_column_text css=\u00a0\u00bb\u00a0\u00bb] Des vies en marge Un podcast en 3 \u00e9pisodes pour explorer les r\u00e9alit\u00e9s de l&rsquo;asile en Suisse. Derri\u00e8re chaque statistique, il y a une histoire, un visage, une humanit\u00e9. R\u00e9fugi\u00e9 d\u2019Afrique de l\u2019Ouest, Patrick* raconte les violences subies sur la route, la promiscuit\u00e9 des abris et l\u2019attente interminable d\u2019une d\u00e9cision. Un podcast du [&hellip;]<\/p>\n","protected":false},"author":12,"featured_media":29890,"parent":0,"menu_order":0,"comment_status":"closed","ping_status":"closed","template":"","meta":{"_acf_changed":false,"footnotes":""},"class_list":["post-29807","page","type-page","status-publish","has-post-thumbnail","hentry"],"acf":[],"yoast_head":"<!-- This site is optimized with the Yoast SEO plugin v27.1.1 - https:\/\/yoast.com\/product\/yoast-seo-wordpress\/ -->\n<title>Podcast - CSP Gen\u00e8ve<\/title>\n<meta name=\"description\" content=\"&quot;Des vies en marge&quot;: le premier podcast du CSP Gen\u00e8ve - pour mieux comprendre les r\u00e9alit\u00e9s de l&#039;asile en Suisse\" \/>\n<meta name=\"robots\" content=\"index, follow, max-snippet:-1, max-image-preview:large, max-video-preview:-1\" \/>\n<link rel=\"canonical\" href=\"https:\/\/csp.ch\/geneve\/podcasts\/\" \/>\n<meta property=\"og:locale\" content=\"fr_FR\" \/>\n<meta property=\"og:type\" content=\"article\" \/>\n<meta property=\"og:title\" content=\"Podcast - CSP Gen\u00e8ve\" \/>\n<meta property=\"og:description\" content=\"&quot;Des vies en marge&quot;: le premier podcast du CSP Gen\u00e8ve - pour mieux comprendre les r\u00e9alit\u00e9s de l&#039;asile en Suisse\" \/>\n<meta property=\"og:url\" content=\"https:\/\/csp.ch\/geneve\/podcasts\/\" \/>\n<meta property=\"og:site_name\" content=\"CSP Gen\u00e8ve\" \/>\n<meta property=\"article:modified_time\" content=\"2025-12-15T14:10:52+00:00\" \/>\n<meta property=\"og:image\" content=\"https:\/\/csp.ch\/wp-content\/uploads\/sites\/5\/2025\/12\/CSP25_Podcast_Generique_SiteWeb_740x360.png\" \/>\n\t<meta property=\"og:image:width\" content=\"1480\" \/>\n\t<meta property=\"og:image:height\" content=\"720\" \/>\n\t<meta property=\"og:image:type\" content=\"image\/png\" \/>\n<meta name=\"twitter:card\" content=\"summary_large_image\" \/>\n<meta name=\"twitter:label1\" content=\"Dur\u00e9e de lecture estim\u00e9e\" \/>\n\t<meta name=\"twitter:data1\" content=\"4 minutes\" \/>\n<script type=\"application\/ld+json\" class=\"yoast-schema-graph\">{\"@context\":\"https:\/\/schema.org\",\"@graph\":[{\"@type\":\"WebPage\",\"@id\":\"https:\/\/csp.ch\/geneve\/podcasts\/\",\"url\":\"https:\/\/csp.ch\/geneve\/podcasts\/\",\"name\":\"Podcast - CSP Gen\u00e8ve\",\"isPartOf\":{\"@id\":\"https:\/\/csp.ch\/geneve\/#website\"},\"primaryImageOfPage\":{\"@id\":\"https:\/\/csp.ch\/geneve\/podcasts\/#primaryimage\"},\"image\":{\"@id\":\"https:\/\/csp.ch\/geneve\/podcasts\/#primaryimage\"},\"thumbnailUrl\":\"https:\/\/csp.ch\/wp-content\/uploads\/sites\/5\/2025\/12\/CSP25_Podcast_Generique_SiteWeb_740x360.png\",\"datePublished\":\"2025-11-27T15:27:59+00:00\",\"dateModified\":\"2025-12-15T14:10:52+00:00\",\"description\":\"\\\"Des vies en marge\\\": le premier podcast du CSP Gen\u00e8ve - pour mieux comprendre les r\u00e9alit\u00e9s de l'asile en Suisse\",\"breadcrumb\":{\"@id\":\"https:\/\/csp.ch\/geneve\/podcasts\/#breadcrumb\"},\"inLanguage\":\"fr-FR\",\"potentialAction\":[{\"@type\":\"ReadAction\",\"target\":[\"https:\/\/csp.ch\/geneve\/podcasts\/\"]}]},{\"@type\":\"ImageObject\",\"inLanguage\":\"fr-FR\",\"@id\":\"https:\/\/csp.ch\/geneve\/podcasts\/#primaryimage\",\"url\":\"https:\/\/csp.ch\/wp-content\/uploads\/sites\/5\/2025\/12\/CSP25_Podcast_Generique_SiteWeb_740x360.png\",\"contentUrl\":\"https:\/\/csp.ch\/wp-content\/uploads\/sites\/5\/2025\/12\/CSP25_Podcast_Generique_SiteWeb_740x360.png\",\"width\":1480,\"height\":720},{\"@type\":\"BreadcrumbList\",\"@id\":\"https:\/\/csp.ch\/geneve\/podcasts\/#breadcrumb\",\"itemListElement\":[{\"@type\":\"ListItem\",\"position\":1,\"name\":\"Accueil\",\"item\":\"https:\/\/csp.ch\/geneve\/\"},{\"@type\":\"ListItem\",\"position\":2,\"name\":\"Podcast\"}]},{\"@type\":\"WebSite\",\"@id\":\"https:\/\/csp.ch\/geneve\/#website\",\"url\":\"https:\/\/csp.ch\/geneve\/\",\"name\":\"CSP Gen\u00e8ve\",\"description\":\"\",\"potentialAction\":[{\"@type\":\"SearchAction\",\"target\":{\"@type\":\"EntryPoint\",\"urlTemplate\":\"https:\/\/csp.ch\/geneve\/?s={search_term_string}\"},\"query-input\":{\"@type\":\"PropertyValueSpecification\",\"valueRequired\":true,\"valueName\":\"search_term_string\"}}],\"inLanguage\":\"fr-FR\"}]}<\/script>\n<!-- \/ Yoast SEO plugin. -->","yoast_head_json":{"title":"Podcast - CSP Gen\u00e8ve","description":"\"Des vies en marge\": le premier podcast du CSP Gen\u00e8ve - pour mieux comprendre les r\u00e9alit\u00e9s de l'asile en Suisse","robots":{"index":"index","follow":"follow","max-snippet":"max-snippet:-1","max-image-preview":"max-image-preview:large","max-video-preview":"max-video-preview:-1"},"canonical":"https:\/\/csp.ch\/geneve\/podcasts\/","og_locale":"fr_FR","og_type":"article","og_title":"Podcast - CSP Gen\u00e8ve","og_description":"\"Des vies en marge\": le premier podcast du CSP Gen\u00e8ve - pour mieux comprendre les r\u00e9alit\u00e9s de l'asile en Suisse","og_url":"https:\/\/csp.ch\/geneve\/podcasts\/","og_site_name":"CSP Gen\u00e8ve","article_modified_time":"2025-12-15T14:10:52+00:00","og_image":[{"width":1480,"height":720,"url":"https:\/\/csp.ch\/wp-content\/uploads\/sites\/5\/2025\/12\/CSP25_Podcast_Generique_SiteWeb_740x360.png","type":"image\/png"}],"twitter_card":"summary_large_image","twitter_misc":{"Dur\u00e9e de lecture estim\u00e9e":"4 minutes"},"schema":{"@context":"https:\/\/schema.org","@graph":[{"@type":"WebPage","@id":"https:\/\/csp.ch\/geneve\/podcasts\/","url":"https:\/\/csp.ch\/geneve\/podcasts\/","name":"Podcast - CSP Gen\u00e8ve","isPartOf":{"@id":"https:\/\/csp.ch\/geneve\/#website"},"primaryImageOfPage":{"@id":"https:\/\/csp.ch\/geneve\/podcasts\/#primaryimage"},"image":{"@id":"https:\/\/csp.ch\/geneve\/podcasts\/#primaryimage"},"thumbnailUrl":"https:\/\/csp.ch\/wp-content\/uploads\/sites\/5\/2025\/12\/CSP25_Podcast_Generique_SiteWeb_740x360.png","datePublished":"2025-11-27T15:27:59+00:00","dateModified":"2025-12-15T14:10:52+00:00","description":"\"Des vies en marge\": le premier podcast du CSP Gen\u00e8ve - pour mieux comprendre les r\u00e9alit\u00e9s de l'asile en Suisse","breadcrumb":{"@id":"https:\/\/csp.ch\/geneve\/podcasts\/#breadcrumb"},"inLanguage":"fr-FR","potentialAction":[{"@type":"ReadAction","target":["https:\/\/csp.ch\/geneve\/podcasts\/"]}]},{"@type":"ImageObject","inLanguage":"fr-FR","@id":"https:\/\/csp.ch\/geneve\/podcasts\/#primaryimage","url":"https:\/\/csp.ch\/wp-content\/uploads\/sites\/5\/2025\/12\/CSP25_Podcast_Generique_SiteWeb_740x360.png","contentUrl":"https:\/\/csp.ch\/wp-content\/uploads\/sites\/5\/2025\/12\/CSP25_Podcast_Generique_SiteWeb_740x360.png","width":1480,"height":720},{"@type":"BreadcrumbList","@id":"https:\/\/csp.ch\/geneve\/podcasts\/#breadcrumb","itemListElement":[{"@type":"ListItem","position":1,"name":"Accueil","item":"https:\/\/csp.ch\/geneve\/"},{"@type":"ListItem","position":2,"name":"Podcast"}]},{"@type":"WebSite","@id":"https:\/\/csp.ch\/geneve\/#website","url":"https:\/\/csp.ch\/geneve\/","name":"CSP Gen\u00e8ve","description":"","potentialAction":[{"@type":"SearchAction","target":{"@type":"EntryPoint","urlTemplate":"https:\/\/csp.ch\/geneve\/?s={search_term_string}"},"query-input":{"@type":"PropertyValueSpecification","valueRequired":true,"valueName":"search_term_string"}}],"inLanguage":"fr-FR"}]}},"_links":{"self":[{"href":"https:\/\/csp.ch\/geneve\/wp-json\/wp\/v2\/pages\/29807","targetHints":{"allow":["GET"]}}],"collection":[{"href":"https:\/\/csp.ch\/geneve\/wp-json\/wp\/v2\/pages"}],"about":[{"href":"https:\/\/csp.ch\/geneve\/wp-json\/wp\/v2\/types\/page"}],"author":[{"embeddable":true,"href":"https:\/\/csp.ch\/geneve\/wp-json\/wp\/v2\/users\/12"}],"replies":[{"embeddable":true,"href":"https:\/\/csp.ch\/geneve\/wp-json\/wp\/v2\/comments?post=29807"}],"version-history":[{"count":4,"href":"https:\/\/csp.ch\/geneve\/wp-json\/wp\/v2\/pages\/29807\/revisions"}],"predecessor-version":[{"id":30058,"href":"https:\/\/csp.ch\/geneve\/wp-json\/wp\/v2\/pages\/29807\/revisions\/30058"}],"wp:featuredmedia":[{"embeddable":true,"href":"https:\/\/csp.ch\/geneve\/wp-json\/wp\/v2\/media\/29890"}],"wp:attachment":[{"href":"https:\/\/csp.ch\/geneve\/wp-json\/wp\/v2\/media?parent=29807"}],"curies":[{"name":"wp","href":"https:\/\/api.w.org\/{rel}","templated":true}]}}